{"id":53093,"date":"2025-03-05T23:37:08","date_gmt":"2025-03-05T21:37:08","guid":{"rendered":"https:\/\/vmsport.fi\/verkkokauppa\/Ei-luokiteltu\/oxc-mustekala-bungee-musta-9x600mm-24\/"},"modified":"2026-01-16T13:22:52","modified_gmt":"2026-01-16T11:22:52","slug":"oxc-octopus-bungee-svart-9x600mm-24","status":"publish","type":"product","link":"https:\/\/vmsport.fi\/sv\/verkkokauppa\/tarvikkeet\/muut-oheistuotteet\/oxc-mustekala-bungee-musta-9x600mm-24\/","title":{"rendered":"OXC Octopus Bungee Svart, 9x600mm\/24\u2033"},"content":{"rendered":"<p>OXC Octopus Bungee \u00e4r en praktisk och m\u00e5ngsidig flexibel rem med en l\u00e4ngd p\u00e5 600 mm. Tack vare sin svarta f\u00e4rg sm\u00e4lter den l\u00e4tt in i alla milj\u00f6er. Den \u00e4r utrustad med kraftiga krokar som g\u00f6r att den kan f\u00e4stas stadigt i en m\u00e4ngd olika f\u00f6rem\u00e5l, vilket g\u00f6r den till ett utm\u00e4rkt val f\u00f6r att s\u00e4kra last eller binda fast utrustning. Dess flexibilitet anpassar sig till olika behov och kombinerar bekv\u00e4mlighet och h\u00e5llbarhet i en kompakt 24-tums formfaktor.<\/p>","protected":false},"excerpt":{"rendered":"<p>OXC Mustekala Bungee on k\u00e4yt\u00e4nn\u00f6llinen ja monipuolinen joustava remmi, jonka pituus on 600 mm. Mustan v\u00e4rins\u00e4 ansiosta se sulautuu helposti mihin tahansa ymp\u00e4rist\u00f6\u00f6n. Varustettu vahvoilla koukuilla, se kiinnittyy tukevasti eri kohteisiin, mik\u00e4 tekee siit\u00e4 erinomaisen valinnan kuormien kiinnitt\u00e4miseen tai varusteiden sitomiseen. Sen joustavuus mukautuu erilaisiin tarpeisiin, yhdist\u00e4en k\u00e4tevyyden ja kest\u00e4vyyden kompaktissa 24 tuuman muodossa. [&#8230;]<\/p>\n<p><a class=\"btn btn-secondary understrap-read-more-link\" href=\"https:\/\/vmsport.fi\/sv\/verkkokauppa\/tarvikkeet\/muut-oheistuotteet\/oxc-mustekala-bungee-musta-9x600mm-24\/\">L\u00e4s mer \u2026<span class=\"screen-reader-text\"> from OXC Mustekala Bungee Musta, 9x600mm\/24&#8243;<\/span><\/a><\/p>\n","protected":false},"featured_media":53092,"comment_status":"open","ping_status":"closed","template":"","meta":{"_acf_changed":false,"_improvement_type_select":"improve_an_existing","_thumb_yes_seoaic":false,"_frame_yes_seoaic":false,"seoaic_generate_description":"","seoaic_improve_instructions_prompt":"","seoaic_rollback_content_improvement":"","seoaic_idea_thumbnail_generator":"","thumbnail_generated":false,"thumbnail_generate_prompt":"","seoaic_article_description":"","_supplier_stock_quantity":0},"product_brand":[],"product_model":[],"product_cat":[9296],"product_tag":[],"industry-terminology":[],"class_list":{"0":"post-53093","1":"product","2":"type-product","3":"status-publish","4":"has-post-thumbnail","6":"product_cat-muut-oheistuotteet","8":"first","9":"instock","10":"taxable","11":"shipping-taxable","12":"purchasable","13":"product-type-simple"},"acf":{"bike_features":null,"overview":{"copy_overview":null,"key_features":null,"statement":"","youtube_url":""}},"yoast_head":"<!-- This site is optimized with the Yoast SEO plugin v27.3 - https:\/\/yoast.com\/product\/yoast-seo-wordpress\/ -->\n<title>OXC Mustekala Bungee Musta, 9x600mm\/24&quot; - VM Sport<\/title>\n<meta name=\"robots\" content=\"index, follow, max-snippet:-1, max-image-preview:large, max-video-preview:-1\" \/>\n<link rel=\"canonical\" href=\"https:\/\/vmsport.fi\/sv\/webbutik\/tillbehor\/andra-kompletterande-produkter\/oxc-octopus-bungee-svart-9x600mm-24\/\" \/>\n<meta property=\"og:locale\" content=\"sv_SE\" \/>\n<meta property=\"og:type\" content=\"article\" \/>\n<meta property=\"og:title\" content=\"OXC Mustekala Bungee Musta, 9x600mm\/24&quot; - VM Sport\" \/>\n<meta property=\"og:description\" content=\"OXC Mustekala Bungee on k\u00e4yt\u00e4nn\u00f6llinen ja monipuolinen joustava remmi, jonka pituus on 600 mm. Mustan v\u00e4rins\u00e4 ansiosta se sulautuu helposti mihin tahansa ymp\u00e4rist\u00f6\u00f6n. Varustettu vahvoilla koukuilla, se kiinnittyy tukevasti eri kohteisiin, mik\u00e4 tekee siit\u00e4 erinomaisen valinnan kuormien kiinnitt\u00e4miseen tai varusteiden sitomiseen. Sen joustavuus mukautuu erilaisiin tarpeisiin, yhdist\u00e4en k\u00e4tevyyden ja kest\u00e4vyyden kompaktissa 24 tuuman muodossa. [...]L\u00e4s mer \u2026 from OXC Mustekala Bungee Musta, 9x600mm\/24&#8243;\" \/>\n<meta property=\"og:url\" content=\"https:\/\/vmsport.fi\/sv\/webbutik\/tillbehor\/andra-kompletterande-produkter\/oxc-octopus-bungee-svart-9x600mm-24\/\" \/>\n<meta property=\"og:site_name\" content=\"VM Sport\" \/>\n<meta property=\"article:publisher\" content=\"https:\/\/www.facebook.com\/Vmsport.fi\/\" \/>\n<meta property=\"article:modified_time\" content=\"2026-01-16T11:22:52+00:00\" \/>\n<meta property=\"og:image\" content=\"https:\/\/vmsport.fi\/wp-content\/uploads\/2025\/03\/BPzdxzUzjQELioqCNAPJdIqVvY9wWHAkr2jBggy3IvbH5DI8yR-1.jpg\" \/>\n\t<meta property=\"og:image:width\" content=\"600\" \/>\n\t<meta property=\"og:image:height\" content=\"600\" \/>\n\t<meta property=\"og:image:type\" content=\"image\/jpeg\" \/>\n<meta name=\"twitter:card\" content=\"summary_large_image\" \/>\n<script type=\"application\/ld+json\" class=\"yoast-schema-graph\">{\"@context\":\"https:\\\/\\\/schema.org\",\"@graph\":[{\"@type\":[\"WebPage\",\"ItemPage\"],\"@id\":\"https:\\\/\\\/vmsport.fi\\\/verkkokauppa\\\/tarvikkeet\\\/muut-oheistuotteet\\\/oxc-mustekala-bungee-musta-9x600mm-24\\\/\",\"url\":\"https:\\\/\\\/vmsport.fi\\\/verkkokauppa\\\/tarvikkeet\\\/muut-oheistuotteet\\\/oxc-mustekala-bungee-musta-9x600mm-24\\\/\",\"name\":\"OXC Mustekala Bungee Musta, 9x600mm\\\/24\\\" - VM Sport\",\"isPartOf\":{\"@id\":\"https:\\\/\\\/vmsport.fi\\\/#website\"},\"primaryImageOfPage\":{\"@id\":\"https:\\\/\\\/vmsport.fi\\\/verkkokauppa\\\/tarvikkeet\\\/muut-oheistuotteet\\\/oxc-mustekala-bungee-musta-9x600mm-24\\\/#primaryimage\"},\"image\":{\"@id\":\"https:\\\/\\\/vmsport.fi\\\/verkkokauppa\\\/tarvikkeet\\\/muut-oheistuotteet\\\/oxc-mustekala-bungee-musta-9x600mm-24\\\/#primaryimage\"},\"thumbnailUrl\":\"https:\\\/\\\/vmsport.fi\\\/wp-content\\\/uploads\\\/2025\\\/03\\\/BPzdxzUzjQELioqCNAPJdIqVvY9wWHAkr2jBggy3IvbH5DI8yR-1.jpg\",\"datePublished\":\"2025-03-05T21:37:08+00:00\",\"dateModified\":\"2026-01-16T11:22:52+00:00\",\"breadcrumb\":{\"@id\":\"https:\\\/\\\/vmsport.fi\\\/verkkokauppa\\\/tarvikkeet\\\/muut-oheistuotteet\\\/oxc-mustekala-bungee-musta-9x600mm-24\\\/#breadcrumb\"},\"inLanguage\":\"sv-SE\",\"potentialAction\":[{\"@type\":\"ReadAction\",\"target\":[\"https:\\\/\\\/vmsport.fi\\\/verkkokauppa\\\/tarvikkeet\\\/muut-oheistuotteet\\\/oxc-mustekala-bungee-musta-9x600mm-24\\\/\"]}]},{\"@type\":\"ImageObject\",\"inLanguage\":\"sv-SE\",\"@id\":\"https:\\\/\\\/vmsport.fi\\\/verkkokauppa\\\/tarvikkeet\\\/muut-oheistuotteet\\\/oxc-mustekala-bungee-musta-9x600mm-24\\\/#primaryimage\",\"url\":\"https:\\\/\\\/vmsport.fi\\\/wp-content\\\/uploads\\\/2025\\\/03\\\/BPzdxzUzjQELioqCNAPJdIqVvY9wWHAkr2jBggy3IvbH5DI8yR-1.jpg\",\"contentUrl\":\"https:\\\/\\\/vmsport.fi\\\/wp-content\\\/uploads\\\/2025\\\/03\\\/BPzdxzUzjQELioqCNAPJdIqVvY9wWHAkr2jBggy3IvbH5DI8yR-1.jpg\",\"width\":600,\"height\":600,\"caption\":\"BPzdxzUzjQELioqCNAPJdIqVvY9wWHAkr2jBggy3IvbH5DI8yR\"},{\"@type\":\"BreadcrumbList\",\"@id\":\"https:\\\/\\\/vmsport.fi\\\/verkkokauppa\\\/tarvikkeet\\\/muut-oheistuotteet\\\/oxc-mustekala-bungee-musta-9x600mm-24\\\/#breadcrumb\",\"itemListElement\":[{\"@type\":\"ListItem\",\"position\":1,\"name\":\"Etusivu\",\"item\":\"https:\\\/\\\/vmsport.fi\\\/\"},{\"@type\":\"ListItem\",\"position\":2,\"name\":\"Online Store\",\"item\":\"https:\\\/\\\/vmsport.fi\\\/en\\\/online-store\\\/\"},{\"@type\":\"ListItem\",\"position\":3,\"name\":\"OXC Mustekala Bungee Musta, 9x600mm\\\/24&#8243;\"}]},{\"@type\":\"WebSite\",\"@id\":\"https:\\\/\\\/vmsport.fi\\\/#website\",\"url\":\"https:\\\/\\\/vmsport.fi\\\/\",\"name\":\"Vmsport\",\"description\":\"Kaikki py\u00f6r\u00e4ilyyn yhdest\u00e4 paikasta\",\"publisher\":{\"@id\":\"https:\\\/\\\/vmsport.fi\\\/#organization\"},\"potentialAction\":[{\"@type\":\"SearchAction\",\"target\":{\"@type\":\"EntryPoint\",\"urlTemplate\":\"https:\\\/\\\/vmsport.fi\\\/?s={search_term_string}\"},\"query-input\":{\"@type\":\"PropertyValueSpecification\",\"valueRequired\":true,\"valueName\":\"search_term_string\"}}],\"inLanguage\":\"sv-SE\"},{\"@type\":\"Organization\",\"@id\":\"https:\\\/\\\/vmsport.fi\\\/#organization\",\"name\":\"Vmsport\",\"url\":\"https:\\\/\\\/vmsport.fi\\\/\",\"logo\":{\"@type\":\"ImageObject\",\"inLanguage\":\"sv-SE\",\"@id\":\"https:\\\/\\\/vmsport.fi\\\/#\\\/schema\\\/logo\\\/image\\\/\",\"url\":\"https:\\\/\\\/vmsport.fi\\\/wp-content\\\/uploads\\\/2024\\\/12\\\/vm_sport_RGB_horisontal-e1734526017575.png\",\"contentUrl\":\"https:\\\/\\\/vmsport.fi\\\/wp-content\\\/uploads\\\/2024\\\/12\\\/vm_sport_RGB_horisontal-e1734526017575.png\",\"width\":668,\"height\":85,\"caption\":\"Vmsport\"},\"image\":{\"@id\":\"https:\\\/\\\/vmsport.fi\\\/#\\\/schema\\\/logo\\\/image\\\/\"},\"sameAs\":[\"https:\\\/\\\/www.facebook.com\\\/Vmsport.fi\\\/\",\"https:\\\/\\\/www.instagram.com\\\/vmsport\\\/\"]}]}<\/script>\n<!-- \/ Yoast SEO plugin. -->","yoast_head_json":{"title":"OXC Octopus Bungee Svart, 9x600mm\/24\" - VM Sport","robots":{"index":"index","follow":"follow","max-snippet":"max-snippet:-1","max-image-preview":"max-image-preview:large","max-video-preview":"max-video-preview:-1"},"canonical":"https:\/\/vmsport.fi\/sv\/webbutik\/tillbehor\/andra-kompletterande-produkter\/oxc-octopus-bungee-svart-9x600mm-24\/","og_locale":"sv_SE","og_type":"article","og_title":"OXC Mustekala Bungee Musta, 9x600mm\/24\" - VM Sport","og_description":"OXC Mustekala Bungee on k\u00e4yt\u00e4nn\u00f6llinen ja monipuolinen joustava remmi, jonka pituus on 600 mm. Mustan v\u00e4rins\u00e4 ansiosta se sulautuu helposti mihin tahansa ymp\u00e4rist\u00f6\u00f6n. Varustettu vahvoilla koukuilla, se kiinnittyy tukevasti eri kohteisiin, mik\u00e4 tekee siit\u00e4 erinomaisen valinnan kuormien kiinnitt\u00e4miseen tai varusteiden sitomiseen. Sen joustavuus mukautuu erilaisiin tarpeisiin, yhdist\u00e4en k\u00e4tevyyden ja kest\u00e4vyyden kompaktissa 24 tuuman muodossa. [...]L\u00e4s mer \u2026 from OXC Mustekala Bungee Musta, 9x600mm\/24&#8243;","og_url":"https:\/\/vmsport.fi\/sv\/webbutik\/tillbehor\/andra-kompletterande-produkter\/oxc-octopus-bungee-svart-9x600mm-24\/","og_site_name":"VM Sport","article_publisher":"https:\/\/www.facebook.com\/Vmsport.fi\/","article_modified_time":"2026-01-16T11:22:52+00:00","og_image":[{"width":600,"height":600,"url":"https:\/\/vmsport.fi\/wp-content\/uploads\/2025\/03\/BPzdxzUzjQELioqCNAPJdIqVvY9wWHAkr2jBggy3IvbH5DI8yR-1.jpg","type":"image\/jpeg"}],"twitter_card":"summary_large_image","schema":{"@context":"https:\/\/schema.org","@graph":[{"@type":["WebPage","ItemPage"],"@id":"https:\/\/vmsport.fi\/verkkokauppa\/tarvikkeet\/muut-oheistuotteet\/oxc-mustekala-bungee-musta-9x600mm-24\/","url":"https:\/\/vmsport.fi\/verkkokauppa\/tarvikkeet\/muut-oheistuotteet\/oxc-mustekala-bungee-musta-9x600mm-24\/","name":"OXC Octopus Bungee Svart, 9x600mm\/24\" - VM Sport","isPartOf":{"@id":"https:\/\/vmsport.fi\/#website"},"primaryImageOfPage":{"@id":"https:\/\/vmsport.fi\/verkkokauppa\/tarvikkeet\/muut-oheistuotteet\/oxc-mustekala-bungee-musta-9x600mm-24\/#primaryimage"},"image":{"@id":"https:\/\/vmsport.fi\/verkkokauppa\/tarvikkeet\/muut-oheistuotteet\/oxc-mustekala-bungee-musta-9x600mm-24\/#primaryimage"},"thumbnailUrl":"https:\/\/vmsport.fi\/wp-content\/uploads\/2025\/03\/BPzdxzUzjQELioqCNAPJdIqVvY9wWHAkr2jBggy3IvbH5DI8yR-1.jpg","datePublished":"2025-03-05T21:37:08+00:00","dateModified":"2026-01-16T11:22:52+00:00","breadcrumb":{"@id":"https:\/\/vmsport.fi\/verkkokauppa\/tarvikkeet\/muut-oheistuotteet\/oxc-mustekala-bungee-musta-9x600mm-24\/#breadcrumb"},"inLanguage":"sv-SE","potentialAction":[{"@type":"ReadAction","target":["https:\/\/vmsport.fi\/verkkokauppa\/tarvikkeet\/muut-oheistuotteet\/oxc-mustekala-bungee-musta-9x600mm-24\/"]}]},{"@type":"ImageObject","inLanguage":"sv-SE","@id":"https:\/\/vmsport.fi\/verkkokauppa\/tarvikkeet\/muut-oheistuotteet\/oxc-mustekala-bungee-musta-9x600mm-24\/#primaryimage","url":"https:\/\/vmsport.fi\/wp-content\/uploads\/2025\/03\/BPzdxzUzjQELioqCNAPJdIqVvY9wWHAkr2jBggy3IvbH5DI8yR-1.jpg","contentUrl":"https:\/\/vmsport.fi\/wp-content\/uploads\/2025\/03\/BPzdxzUzjQELioqCNAPJdIqVvY9wWHAkr2jBggy3IvbH5DI8yR-1.jpg","width":600,"height":600,"caption":"BPzdxzUzjQELioqCNAPJdIqVvY9wWHAkr2jBggy3IvbH5DI8yR"},{"@type":"BreadcrumbList","@id":"https:\/\/vmsport.fi\/verkkokauppa\/tarvikkeet\/muut-oheistuotteet\/oxc-mustekala-bungee-musta-9x600mm-24\/#breadcrumb","itemListElement":[{"@type":"ListItem","position":1,"name":"Etusivu","item":"https:\/\/vmsport.fi\/"},{"@type":"ListItem","position":2,"name":"Online Store","item":"https:\/\/vmsport.fi\/en\/online-store\/"},{"@type":"ListItem","position":3,"name":"OXC Mustekala Bungee Musta, 9x600mm\/24&#8243;"}]},{"@type":"WebSite","@id":"https:\/\/vmsport.fi\/#website","url":"https:\/\/vmsport.fi\/","name":"Vmsport","description":"Allt p\u00e5 ett st\u00e4lle f\u00f6r cykling","publisher":{"@id":"https:\/\/vmsport.fi\/#organization"},"potentialAction":[{"@type":"SearchAction","target":{"@type":"EntryPoint","urlTemplate":"https:\/\/vmsport.fi\/?s={search_term_string}"},"query-input":{"@type":"PropertyValueSpecification","valueRequired":true,"valueName":"search_term_string"}}],"inLanguage":"sv-SE"},{"@type":"Organization","@id":"https:\/\/vmsport.fi\/#organization","name":"Vmsport","url":"https:\/\/vmsport.fi\/","logo":{"@type":"ImageObject","inLanguage":"sv-SE","@id":"https:\/\/vmsport.fi\/#\/schema\/logo\/image\/","url":"https:\/\/vmsport.fi\/wp-content\/uploads\/2024\/12\/vm_sport_RGB_horisontal-e1734526017575.png","contentUrl":"https:\/\/vmsport.fi\/wp-content\/uploads\/2024\/12\/vm_sport_RGB_horisontal-e1734526017575.png","width":668,"height":85,"caption":"Vmsport"},"image":{"@id":"https:\/\/vmsport.fi\/#\/schema\/logo\/image\/"},"sameAs":["https:\/\/www.facebook.com\/Vmsport.fi\/","https:\/\/www.instagram.com\/vmsport\/"]}]}},"global_unique_id":"","_links":{"self":[{"href":"https:\/\/vmsport.fi\/sv\/wp-json\/wp\/v2\/product\/53093","targetHints":{"allow":["GET"]}}],"collection":[{"href":"https:\/\/vmsport.fi\/sv\/wp-json\/wp\/v2\/product"}],"about":[{"href":"https:\/\/vmsport.fi\/sv\/wp-json\/wp\/v2\/types\/product"}],"replies":[{"embeddable":true,"href":"https:\/\/vmsport.fi\/sv\/wp-json\/wp\/v2\/comments?post=53093"}],"wp:featuredmedia":[{"embeddable":true,"href":"https:\/\/vmsport.fi\/sv\/wp-json\/wp\/v2\/media\/53092"}],"wp:attachment":[{"href":"https:\/\/vmsport.fi\/sv\/wp-json\/wp\/v2\/media?parent=53093"}],"wp:term":[{"taxonomy":"product_brand","embeddable":true,"href":"https:\/\/vmsport.fi\/sv\/wp-json\/wp\/v2\/product_brand?post=53093"},{"taxonomy":"product_model","embeddable":true,"href":"https:\/\/vmsport.fi\/sv\/wp-json\/wp\/v2\/product_model?post=53093"},{"taxonomy":"product_cat","embeddable":true,"href":"https:\/\/vmsport.fi\/sv\/wp-json\/wp\/v2\/product_cat?post=53093"},{"taxonomy":"product_tag","embeddable":true,"href":"https:\/\/vmsport.fi\/sv\/wp-json\/wp\/v2\/product_tag?post=53093"},{"taxonomy":"industry_terminology","embeddable":true,"href":"https:\/\/vmsport.fi\/sv\/wp-json\/wp\/v2\/industry-terminology?post=53093"}],"curies":[{"name":"wp","href":"https:\/\/api.w.org\/{rel}","templated":true}]}}