{"id":53089,"date":"2025-03-05T23:37:06","date_gmt":"2025-03-05T21:37:06","guid":{"rendered":"https:\/\/vmsport.fi\/verkkokauppa\/Ei-luokiteltu\/kampisarja-9-v-tripla-175mm-40-30-22t-fc-mt101\/"},"modified":"2026-01-16T13:24:09","modified_gmt":"2026-01-16T11:24:09","slug":"vevparti-9-v-trippel-175mm-40-30-22t-fc-mt101","status":"publish","type":"product","link":"https:\/\/vmsport.fi\/sv\/verkkokauppa\/varaosat\/voimansiirto\/kampisarjat\/kampisarja-9-v-tripla-175mm-40-30-22t-fc-mt101\/","title":{"rendered":"Kamsats 9-v trippel 175mm 40\/30\/22T FC-MT101"},"content":{"rendered":"<p>Shimano FC-MT101-vevpartiet \u00e4r s\u00e4rskilt utformat f\u00f6r mountainbike och ger effektiv kraft\u00f6verf\u00f6ring i varierande terr\u00e4ng. Dess kompatibilitet med nio v\u00e4xlar s\u00e4kerst\u00e4ller smidiga v\u00e4xlingar \u00e4ven under utmanande f\u00f6rh\u00e5llanden. Med en optimerad vevaxell\u00e4ngd p\u00e5 175 mm och en kuggkonfiguration med 40\/30\/22 t\u00e4nder \u00e4r detta vevparti perfekt f\u00f6r ett brett spektrum av k\u00f6rsituationer. Vevsatsen \u00e4r kompatibel med 135\/142 mm mountainbike-nav och har en fyrkanalig montering f\u00f6r \u00f6kad h\u00e5llbarhet och tillf\u00f6rlitlighet. Den snygga svarta f\u00e4rgen full\u00e4ndar utseendet p\u00e5 din cykel. Detta vevset \u00e4r ett utm\u00e4rkt val f\u00f6r cyklister som vill f\u00f6rb\u00e4ttra eller uppgradera sin befintliga drivlina.<\/p>","protected":false},"excerpt":{"rendered":"<p>Shimano FC-MT101 kampisarja on suunniteltu erityisesti maastopy\u00f6r\u00e4ilyyn, joten se tarjoaa tehokkaan voimansiirron vaihteleviin maastoihin. Sen yhdeks\u00e4nvaihteinen yhteensopivuus varmistaa sujuvan vaihteenvaihdon haastavissakin olosuhteissa. Kammen pituus on optimoitu 175 mm ja rataskokoonpano, joka koostuu 40\/30\/22 hampaisesta hammasrattaasta, tekee t\u00e4st\u00e4 kampisarjasta erinomaisen erilaisiin ajotilanteisiin. Kampisarja sopii 135\/142 mm maastopy\u00f6r\u00e4n napojen kanssa ja se kiinnittyy nelikanttisesti, mik\u00e4 lis\u00e4\u00e4 sen [&#8230;]<\/p>\n<p><a class=\"btn btn-secondary understrap-read-more-link\" href=\"https:\/\/vmsport.fi\/sv\/verkkokauppa\/varaosat\/voimansiirto\/kampisarjat\/kampisarja-9-v-tripla-175mm-40-30-22t-fc-mt101\/\">L\u00e4s mer \u2026<span class=\"screen-reader-text\"> from Kampisarja 9-v tripla 175mm 40\/30\/22T FC-MT101<\/span><\/a><\/p>\n","protected":false},"featured_media":53088,"comment_status":"open","ping_status":"closed","template":"","meta":{"_acf_changed":false,"_improvement_type_select":"improve_an_existing","_thumb_yes_seoaic":false,"_frame_yes_seoaic":false,"seoaic_generate_description":"","seoaic_improve_instructions_prompt":"","seoaic_rollback_content_improvement":"","seoaic_idea_thumbnail_generator":"","thumbnail_generated":false,"thumbnail_generate_prompt":"","seoaic_article_description":"","_supplier_stock_quantity":0},"product_brand":[],"product_model":[],"product_cat":[9346],"product_tag":[],"industry-terminology":[],"class_list":{"0":"post-53089","1":"product","2":"type-product","3":"status-publish","4":"has-post-thumbnail","6":"product_cat-kampisarjat","8":"first","9":"outofstock","10":"taxable","11":"shipping-taxable","12":"product-type-simple"},"acf":{"bike_features":null,"overview":{"copy_overview":null,"key_features":null,"statement":"","youtube_url":""}},"yoast_head":"<!-- This site is optimized with the Yoast SEO plugin v27.3 - https:\/\/yoast.com\/product\/yoast-seo-wordpress\/ -->\n<title>Kampisarja 9-v tripla 175mm 40\/30\/22T FC-MT101 - VM Sport<\/title>\n<meta name=\"robots\" content=\"index, follow, max-snippet:-1, max-image-preview:large, max-video-preview:-1\" \/>\n<link rel=\"canonical\" href=\"https:\/\/vmsport.fi\/sv\/webbutik\/reservdelar\/transmission\/kamningssats\/vevparti-9-v-trippel-175mm-40-30-22t-fc-mt101\/\" \/>\n<meta property=\"og:locale\" content=\"sv_SE\" \/>\n<meta property=\"og:type\" content=\"article\" \/>\n<meta property=\"og:title\" content=\"Kampisarja 9-v tripla 175mm 40\/30\/22T FC-MT101 - VM Sport\" \/>\n<meta property=\"og:description\" content=\"Shimano FC-MT101 kampisarja on suunniteltu erityisesti maastopy\u00f6r\u00e4ilyyn, joten se tarjoaa tehokkaan voimansiirron vaihteleviin maastoihin. Sen yhdeks\u00e4nvaihteinen yhteensopivuus varmistaa sujuvan vaihteenvaihdon haastavissakin olosuhteissa. Kammen pituus on optimoitu 175 mm ja rataskokoonpano, joka koostuu 40\/30\/22 hampaisesta hammasrattaasta, tekee t\u00e4st\u00e4 kampisarjasta erinomaisen erilaisiin ajotilanteisiin. Kampisarja sopii 135\/142 mm maastopy\u00f6r\u00e4n napojen kanssa ja se kiinnittyy nelikanttisesti, mik\u00e4 lis\u00e4\u00e4 sen [...]L\u00e4s mer \u2026 from Kampisarja 9-v tripla 175mm 40\/30\/22T FC-MT101\" \/>\n<meta property=\"og:url\" content=\"https:\/\/vmsport.fi\/sv\/webbutik\/reservdelar\/transmission\/kamningssats\/vevparti-9-v-trippel-175mm-40-30-22t-fc-mt101\/\" \/>\n<meta property=\"og:site_name\" content=\"VM Sport\" \/>\n<meta property=\"article:publisher\" content=\"https:\/\/www.facebook.com\/Vmsport.fi\/\" \/>\n<meta property=\"article:modified_time\" content=\"2026-01-16T11:24:09+00:00\" \/>\n<meta property=\"og:image\" content=\"https:\/\/vmsport.fi\/wp-content\/uploads\/2025\/03\/JSB3gzz0qfSwk4iDGXJsyTJcfa9KNNISOACpW976kpTGbXpjZs-1.jpg\" \/>\n\t<meta property=\"og:image:width\" content=\"600\" \/>\n\t<meta property=\"og:image:height\" content=\"600\" \/>\n\t<meta property=\"og:image:type\" content=\"image\/jpeg\" \/>\n<meta name=\"twitter:card\" content=\"summary_large_image\" \/>\n<script type=\"application\/ld+json\" class=\"yoast-schema-graph\">{\"@context\":\"https:\\\/\\\/schema.org\",\"@graph\":[{\"@type\":[\"WebPage\",\"ItemPage\"],\"@id\":\"https:\\\/\\\/vmsport.fi\\\/verkkokauppa\\\/varaosat\\\/voimansiirto\\\/kampisarjat\\\/kampisarja-9-v-tripla-175mm-40-30-22t-fc-mt101\\\/\",\"url\":\"https:\\\/\\\/vmsport.fi\\\/verkkokauppa\\\/varaosat\\\/voimansiirto\\\/kampisarjat\\\/kampisarja-9-v-tripla-175mm-40-30-22t-fc-mt101\\\/\",\"name\":\"Kampisarja 9-v tripla 175mm 40\\\/30\\\/22T FC-MT101 - VM Sport\",\"isPartOf\":{\"@id\":\"https:\\\/\\\/vmsport.fi\\\/#website\"},\"primaryImageOfPage\":{\"@id\":\"https:\\\/\\\/vmsport.fi\\\/verkkokauppa\\\/varaosat\\\/voimansiirto\\\/kampisarjat\\\/kampisarja-9-v-tripla-175mm-40-30-22t-fc-mt101\\\/#primaryimage\"},\"image\":{\"@id\":\"https:\\\/\\\/vmsport.fi\\\/verkkokauppa\\\/varaosat\\\/voimansiirto\\\/kampisarjat\\\/kampisarja-9-v-tripla-175mm-40-30-22t-fc-mt101\\\/#primaryimage\"},\"thumbnailUrl\":\"https:\\\/\\\/vmsport.fi\\\/wp-content\\\/uploads\\\/2025\\\/03\\\/JSB3gzz0qfSwk4iDGXJsyTJcfa9KNNISOACpW976kpTGbXpjZs-1.jpg\",\"datePublished\":\"2025-03-05T21:37:06+00:00\",\"dateModified\":\"2026-01-16T11:24:09+00:00\",\"breadcrumb\":{\"@id\":\"https:\\\/\\\/vmsport.fi\\\/verkkokauppa\\\/varaosat\\\/voimansiirto\\\/kampisarjat\\\/kampisarja-9-v-tripla-175mm-40-30-22t-fc-mt101\\\/#breadcrumb\"},\"inLanguage\":\"sv-SE\",\"potentialAction\":[{\"@type\":\"ReadAction\",\"target\":[\"https:\\\/\\\/vmsport.fi\\\/verkkokauppa\\\/varaosat\\\/voimansiirto\\\/kampisarjat\\\/kampisarja-9-v-tripla-175mm-40-30-22t-fc-mt101\\\/\"]}]},{\"@type\":\"ImageObject\",\"inLanguage\":\"sv-SE\",\"@id\":\"https:\\\/\\\/vmsport.fi\\\/verkkokauppa\\\/varaosat\\\/voimansiirto\\\/kampisarjat\\\/kampisarja-9-v-tripla-175mm-40-30-22t-fc-mt101\\\/#primaryimage\",\"url\":\"https:\\\/\\\/vmsport.fi\\\/wp-content\\\/uploads\\\/2025\\\/03\\\/JSB3gzz0qfSwk4iDGXJsyTJcfa9KNNISOACpW976kpTGbXpjZs-1.jpg\",\"contentUrl\":\"https:\\\/\\\/vmsport.fi\\\/wp-content\\\/uploads\\\/2025\\\/03\\\/JSB3gzz0qfSwk4iDGXJsyTJcfa9KNNISOACpW976kpTGbXpjZs-1.jpg\",\"width\":600,\"height\":600,\"caption\":\"JSB3gzz0qfSwk4iDGXJsyTJcfa9KNNISOACpW976kpTGbXpjZs\"},{\"@type\":\"BreadcrumbList\",\"@id\":\"https:\\\/\\\/vmsport.fi\\\/verkkokauppa\\\/varaosat\\\/voimansiirto\\\/kampisarjat\\\/kampisarja-9-v-tripla-175mm-40-30-22t-fc-mt101\\\/#breadcrumb\",\"itemListElement\":[{\"@type\":\"ListItem\",\"position\":1,\"name\":\"Etusivu\",\"item\":\"https:\\\/\\\/vmsport.fi\\\/\"},{\"@type\":\"ListItem\",\"position\":2,\"name\":\"Online Store\",\"item\":\"https:\\\/\\\/vmsport.fi\\\/en\\\/online-store\\\/\"},{\"@type\":\"ListItem\",\"position\":3,\"name\":\"Kampisarja 9-v tripla 175mm 40\\\/30\\\/22T FC-MT101\"}]},{\"@type\":\"WebSite\",\"@id\":\"https:\\\/\\\/vmsport.fi\\\/#website\",\"url\":\"https:\\\/\\\/vmsport.fi\\\/\",\"name\":\"Vmsport\",\"description\":\"Kaikki py\u00f6r\u00e4ilyyn yhdest\u00e4 paikasta\",\"publisher\":{\"@id\":\"https:\\\/\\\/vmsport.fi\\\/#organization\"},\"potentialAction\":[{\"@type\":\"SearchAction\",\"target\":{\"@type\":\"EntryPoint\",\"urlTemplate\":\"https:\\\/\\\/vmsport.fi\\\/?s={search_term_string}\"},\"query-input\":{\"@type\":\"PropertyValueSpecification\",\"valueRequired\":true,\"valueName\":\"search_term_string\"}}],\"inLanguage\":\"sv-SE\"},{\"@type\":\"Organization\",\"@id\":\"https:\\\/\\\/vmsport.fi\\\/#organization\",\"name\":\"Vmsport\",\"url\":\"https:\\\/\\\/vmsport.fi\\\/\",\"logo\":{\"@type\":\"ImageObject\",\"inLanguage\":\"sv-SE\",\"@id\":\"https:\\\/\\\/vmsport.fi\\\/#\\\/schema\\\/logo\\\/image\\\/\",\"url\":\"https:\\\/\\\/vmsport.fi\\\/wp-content\\\/uploads\\\/2024\\\/12\\\/vm_sport_RGB_horisontal-e1734526017575.png\",\"contentUrl\":\"https:\\\/\\\/vmsport.fi\\\/wp-content\\\/uploads\\\/2024\\\/12\\\/vm_sport_RGB_horisontal-e1734526017575.png\",\"width\":668,\"height\":85,\"caption\":\"Vmsport\"},\"image\":{\"@id\":\"https:\\\/\\\/vmsport.fi\\\/#\\\/schema\\\/logo\\\/image\\\/\"},\"sameAs\":[\"https:\\\/\\\/www.facebook.com\\\/Vmsport.fi\\\/\",\"https:\\\/\\\/www.instagram.com\\\/vmsport\\\/\"]}]}<\/script>\n<!-- \/ Yoast SEO plugin. -->","yoast_head_json":{"title":"Vevsats 9-v trippel 175mm 40\/30\/22T FC-MT101 - VM Sport","robots":{"index":"index","follow":"follow","max-snippet":"max-snippet:-1","max-image-preview":"max-image-preview:large","max-video-preview":"max-video-preview:-1"},"canonical":"https:\/\/vmsport.fi\/sv\/webbutik\/reservdelar\/transmission\/kamningssats\/vevparti-9-v-trippel-175mm-40-30-22t-fc-mt101\/","og_locale":"sv_SE","og_type":"article","og_title":"Kampisarja 9-v tripla 175mm 40\/30\/22T FC-MT101 - VM Sport","og_description":"Shimano FC-MT101 kampisarja on suunniteltu erityisesti maastopy\u00f6r\u00e4ilyyn, joten se tarjoaa tehokkaan voimansiirron vaihteleviin maastoihin. Sen yhdeks\u00e4nvaihteinen yhteensopivuus varmistaa sujuvan vaihteenvaihdon haastavissakin olosuhteissa. Kammen pituus on optimoitu 175 mm ja rataskokoonpano, joka koostuu 40\/30\/22 hampaisesta hammasrattaasta, tekee t\u00e4st\u00e4 kampisarjasta erinomaisen erilaisiin ajotilanteisiin. Kampisarja sopii 135\/142 mm maastopy\u00f6r\u00e4n napojen kanssa ja se kiinnittyy nelikanttisesti, mik\u00e4 lis\u00e4\u00e4 sen [...]L\u00e4s mer \u2026 from Kampisarja 9-v tripla 175mm 40\/30\/22T FC-MT101","og_url":"https:\/\/vmsport.fi\/sv\/webbutik\/reservdelar\/transmission\/kamningssats\/vevparti-9-v-trippel-175mm-40-30-22t-fc-mt101\/","og_site_name":"VM Sport","article_publisher":"https:\/\/www.facebook.com\/Vmsport.fi\/","article_modified_time":"2026-01-16T11:24:09+00:00","og_image":[{"width":600,"height":600,"url":"https:\/\/vmsport.fi\/wp-content\/uploads\/2025\/03\/JSB3gzz0qfSwk4iDGXJsyTJcfa9KNNISOACpW976kpTGbXpjZs-1.jpg","type":"image\/jpeg"}],"twitter_card":"summary_large_image","schema":{"@context":"https:\/\/schema.org","@graph":[{"@type":["WebPage","ItemPage"],"@id":"https:\/\/vmsport.fi\/verkkokauppa\/varaosat\/voimansiirto\/kampisarjat\/kampisarja-9-v-tripla-175mm-40-30-22t-fc-mt101\/","url":"https:\/\/vmsport.fi\/verkkokauppa\/varaosat\/voimansiirto\/kampisarjat\/kampisarja-9-v-tripla-175mm-40-30-22t-fc-mt101\/","name":"Vevsats 9-v trippel 175mm 40\/30\/22T FC-MT101 - VM Sport","isPartOf":{"@id":"https:\/\/vmsport.fi\/#website"},"primaryImageOfPage":{"@id":"https:\/\/vmsport.fi\/verkkokauppa\/varaosat\/voimansiirto\/kampisarjat\/kampisarja-9-v-tripla-175mm-40-30-22t-fc-mt101\/#primaryimage"},"image":{"@id":"https:\/\/vmsport.fi\/verkkokauppa\/varaosat\/voimansiirto\/kampisarjat\/kampisarja-9-v-tripla-175mm-40-30-22t-fc-mt101\/#primaryimage"},"thumbnailUrl":"https:\/\/vmsport.fi\/wp-content\/uploads\/2025\/03\/JSB3gzz0qfSwk4iDGXJsyTJcfa9KNNISOACpW976kpTGbXpjZs-1.jpg","datePublished":"2025-03-05T21:37:06+00:00","dateModified":"2026-01-16T11:24:09+00:00","breadcrumb":{"@id":"https:\/\/vmsport.fi\/verkkokauppa\/varaosat\/voimansiirto\/kampisarjat\/kampisarja-9-v-tripla-175mm-40-30-22t-fc-mt101\/#breadcrumb"},"inLanguage":"sv-SE","potentialAction":[{"@type":"ReadAction","target":["https:\/\/vmsport.fi\/verkkokauppa\/varaosat\/voimansiirto\/kampisarjat\/kampisarja-9-v-tripla-175mm-40-30-22t-fc-mt101\/"]}]},{"@type":"ImageObject","inLanguage":"sv-SE","@id":"https:\/\/vmsport.fi\/verkkokauppa\/varaosat\/voimansiirto\/kampisarjat\/kampisarja-9-v-tripla-175mm-40-30-22t-fc-mt101\/#primaryimage","url":"https:\/\/vmsport.fi\/wp-content\/uploads\/2025\/03\/JSB3gzz0qfSwk4iDGXJsyTJcfa9KNNISOACpW976kpTGbXpjZs-1.jpg","contentUrl":"https:\/\/vmsport.fi\/wp-content\/uploads\/2025\/03\/JSB3gzz0qfSwk4iDGXJsyTJcfa9KNNISOACpW976kpTGbXpjZs-1.jpg","width":600,"height":600,"caption":"JSB3gzz0qfSwk4iDGXJsyTJcfa9KNNISOACpW976kpTGbXpjZs"},{"@type":"BreadcrumbList","@id":"https:\/\/vmsport.fi\/verkkokauppa\/varaosat\/voimansiirto\/kampisarjat\/kampisarja-9-v-tripla-175mm-40-30-22t-fc-mt101\/#breadcrumb","itemListElement":[{"@type":"ListItem","position":1,"name":"Etusivu","item":"https:\/\/vmsport.fi\/"},{"@type":"ListItem","position":2,"name":"Online Store","item":"https:\/\/vmsport.fi\/en\/online-store\/"},{"@type":"ListItem","position":3,"name":"Kampisarja 9-v tripla 175mm 40\/30\/22T FC-MT101"}]},{"@type":"WebSite","@id":"https:\/\/vmsport.fi\/#website","url":"https:\/\/vmsport.fi\/","name":"Vmsport","description":"Allt p\u00e5 ett st\u00e4lle f\u00f6r cykling","publisher":{"@id":"https:\/\/vmsport.fi\/#organization"},"potentialAction":[{"@type":"SearchAction","target":{"@type":"EntryPoint","urlTemplate":"https:\/\/vmsport.fi\/?s={search_term_string}"},"query-input":{"@type":"PropertyValueSpecification","valueRequired":true,"valueName":"search_term_string"}}],"inLanguage":"sv-SE"},{"@type":"Organization","@id":"https:\/\/vmsport.fi\/#organization","name":"Vmsport","url":"https:\/\/vmsport.fi\/","logo":{"@type":"ImageObject","inLanguage":"sv-SE","@id":"https:\/\/vmsport.fi\/#\/schema\/logo\/image\/","url":"https:\/\/vmsport.fi\/wp-content\/uploads\/2024\/12\/vm_sport_RGB_horisontal-e1734526017575.png","contentUrl":"https:\/\/vmsport.fi\/wp-content\/uploads\/2024\/12\/vm_sport_RGB_horisontal-e1734526017575.png","width":668,"height":85,"caption":"Vmsport"},"image":{"@id":"https:\/\/vmsport.fi\/#\/schema\/logo\/image\/"},"sameAs":["https:\/\/www.facebook.com\/Vmsport.fi\/","https:\/\/www.instagram.com\/vmsport\/"]}]}},"global_unique_id":"","_links":{"self":[{"href":"https:\/\/vmsport.fi\/sv\/wp-json\/wp\/v2\/product\/53089","targetHints":{"allow":["GET"]}}],"collection":[{"href":"https:\/\/vmsport.fi\/sv\/wp-json\/wp\/v2\/product"}],"about":[{"href":"https:\/\/vmsport.fi\/sv\/wp-json\/wp\/v2\/types\/product"}],"replies":[{"embeddable":true,"href":"https:\/\/vmsport.fi\/sv\/wp-json\/wp\/v2\/comments?post=53089"}],"wp:featuredmedia":[{"embeddable":true,"href":"https:\/\/vmsport.fi\/sv\/wp-json\/wp\/v2\/media\/53088"}],"wp:attachment":[{"href":"https:\/\/vmsport.fi\/sv\/wp-json\/wp\/v2\/media?parent=53089"}],"wp:term":[{"taxonomy":"product_brand","embeddable":true,"href":"https:\/\/vmsport.fi\/sv\/wp-json\/wp\/v2\/product_brand?post=53089"},{"taxonomy":"product_model","embeddable":true,"href":"https:\/\/vmsport.fi\/sv\/wp-json\/wp\/v2\/product_model?post=53089"},{"taxonomy":"product_cat","embeddable":true,"href":"https:\/\/vmsport.fi\/sv\/wp-json\/wp\/v2\/product_cat?post=53089"},{"taxonomy":"product_tag","embeddable":true,"href":"https:\/\/vmsport.fi\/sv\/wp-json\/wp\/v2\/product_tag?post=53089"},{"taxonomy":"industry_terminology","embeddable":true,"href":"https:\/\/vmsport.fi\/sv\/wp-json\/wp\/v2\/industry-terminology?post=53089"}],"curies":[{"name":"wp","href":"https:\/\/api.w.org\/{rel}","templated":true}]}}