{"id":53087,"date":"2025-03-05T23:37:05","date_gmt":"2025-03-05T21:37:05","guid":{"rendered":"https:\/\/vmsport.fi\/verkkokauppa\/Ei-luokiteltu\/levyjarrupala-avid-elixir-sram-xx-xo-level-ttl-sintrattu\/"},"modified":"2026-01-16T13:21:12","modified_gmt":"2026-01-16T11:21:12","slug":"skivbromsbelagg-avid-elixir-sram-xx-xo-level-ttl-sintrat","status":"publish","type":"product","link":"https:\/\/vmsport.fi\/sv\/verkkokauppa\/varaosat\/jarrut\/jarrupalat\/levyjarrupala-avid-elixir-sram-xx-xo-level-ttl-sintrattu\/","title":{"rendered":"Skivbromsbel\u00e4gg Avid Elixir, Sram XX, XO, Level, T,TL, sintrade"},"content":{"rendered":"<p>Skivbromsbel\u00e4gget \u00e4r utformat f\u00f6r effektiv och tillf\u00f6rlitlig bromsprestanda och passar till bromsmodellerna Avid Elixir, SRAM XX, XO, Level, T och TL. Den sintrade sammans\u00e4ttningen s\u00e4kerst\u00e4ller utm\u00e4rkt h\u00e5llbarhet och v\u00e4rme\u00f6verf\u00f6ring, vilket g\u00f6r skivbromsbel\u00e4gget idealiskt f\u00f6r kr\u00e4vande f\u00f6rh\u00e5llanden och varierad terr\u00e4ng. Trots sin h\u00e5llbarhet ger bromsbel\u00e4ggen en j\u00e4mn bromskraft, vilket f\u00f6rb\u00e4ttrar s\u00e4kerheten och fordonskontrollen. Den breda kompatibiliteten g\u00f6r dem till ett utm\u00e4rkt val f\u00f6r cyklister som letar efter effektiva och l\u00e4tt utbytbara bromsl\u00f6sningar.<\/p>","protected":false},"excerpt":{"rendered":"<p>Levyjarrupala on suunniteltu tehokkaaseen ja luotettavaan jarrutustehoon ja se sopii Avid Elixir-, SRAM XX-, XO-, Level-, T- ja TL-jarrumalleihin. Sintrattu yhdiste takaa erinomaisen kest\u00e4vyyden ja l\u00e4mm\u00f6n siirron, joten levyjarrupala on ihanteellinen vaativiin olosuhteisiin ja vaihtelevaan maastoon. Kest\u00e4vyydest\u00e4\u00e4n huolimatta jarrupalat tarjoavat tasaisen jarrutusvoiman, mik\u00e4 parantaa turvallisuutta ja ajoneuvon hallintaa. Laaja yhteensopivuus tekee siit\u00e4 erinomaisen valinnan py\u00f6r\u00e4ilij\u00f6ille, [&#8230;]<\/p>\n<p><a class=\"btn btn-secondary understrap-read-more-link\" href=\"https:\/\/vmsport.fi\/sv\/verkkokauppa\/varaosat\/jarrut\/jarrupalat\/levyjarrupala-avid-elixir-sram-xx-xo-level-ttl-sintrattu\/\">L\u00e4s mer \u2026<span class=\"screen-reader-text\"> from Levyjarrupala Avid Elixir, Sram XX, XO, Level, T,TL, sintrattu<\/span><\/a><\/p>\n","protected":false},"featured_media":53086,"comment_status":"open","ping_status":"closed","template":"","meta":{"_acf_changed":false,"_improvement_type_select":"improve_an_existing","_thumb_yes_seoaic":false,"_frame_yes_seoaic":false,"seoaic_generate_description":"","seoaic_improve_instructions_prompt":"","seoaic_rollback_content_improvement":"","seoaic_idea_thumbnail_generator":"","thumbnail_generated":false,"thumbnail_generate_prompt":"","seoaic_article_description":"","_supplier_stock_quantity":0},"product_brand":[1588],"product_model":[],"product_cat":[9288],"product_tag":[],"industry-terminology":[],"class_list":{"0":"post-53087","1":"product","2":"type-product","3":"status-publish","4":"has-post-thumbnail","6":"product_brand-sram","7":"product_cat-jarrupalat","9":"first","10":"outofstock","11":"taxable","12":"shipping-taxable","13":"product-type-simple"},"acf":{"bike_features":null,"overview":{"copy_overview":null,"key_features":null,"statement":"","youtube_url":""}},"yoast_head":"<!-- This site is optimized with the Yoast SEO plugin v27.4 - https:\/\/yoast.com\/product\/yoast-seo-wordpress\/ -->\n<title>Levyjarrupala Avid Elixir, Sram XX, XO, Level, T,TL, sintrattu - VM Sport<\/title>\n<meta name=\"robots\" content=\"index, follow, max-snippet:-1, max-image-preview:large, max-video-preview:-1\" \/>\n<link rel=\"canonical\" href=\"https:\/\/vmsport.fi\/sv\/webbutik\/reservdelar\/bromsar\/bromsbelagg\/skivbromsbelagg-avid-elixir-sram-xx-xo-level-ttl-sintrat\/\" \/>\n<meta property=\"og:locale\" content=\"sv_SE\" \/>\n<meta property=\"og:type\" content=\"article\" \/>\n<meta property=\"og:title\" content=\"Levyjarrupala Avid Elixir, Sram XX, XO, Level, T,TL, sintrattu - VM Sport\" \/>\n<meta property=\"og:description\" content=\"Levyjarrupala on suunniteltu tehokkaaseen ja luotettavaan jarrutustehoon ja se sopii Avid Elixir-, SRAM XX-, XO-, Level-, T- ja TL-jarrumalleihin. Sintrattu yhdiste takaa erinomaisen kest\u00e4vyyden ja l\u00e4mm\u00f6n siirron, joten levyjarrupala on ihanteellinen vaativiin olosuhteisiin ja vaihtelevaan maastoon. Kest\u00e4vyydest\u00e4\u00e4n huolimatta jarrupalat tarjoavat tasaisen jarrutusvoiman, mik\u00e4 parantaa turvallisuutta ja ajoneuvon hallintaa. Laaja yhteensopivuus tekee siit\u00e4 erinomaisen valinnan py\u00f6r\u00e4ilij\u00f6ille, [...]L\u00e4s mer \u2026 from Levyjarrupala Avid Elixir, Sram XX, XO, Level, T,TL, sintrattu\" \/>\n<meta property=\"og:url\" content=\"https:\/\/vmsport.fi\/sv\/webbutik\/reservdelar\/bromsar\/bromsbelagg\/skivbromsbelagg-avid-elixir-sram-xx-xo-level-ttl-sintrat\/\" \/>\n<meta property=\"og:site_name\" content=\"VM Sport\" \/>\n<meta property=\"article:publisher\" content=\"https:\/\/www.facebook.com\/Vmsport.fi\/\" \/>\n<meta property=\"article:modified_time\" content=\"2026-01-16T11:21:12+00:00\" \/>\n<meta property=\"og:image\" content=\"https:\/\/vmsport.fi\/wp-content\/uploads\/2025\/03\/43-030-1-1.jpg\" \/>\n\t<meta property=\"og:image:width\" content=\"627\" \/>\n\t<meta property=\"og:image:height\" content=\"324\" \/>\n\t<meta property=\"og:image:type\" content=\"image\/jpeg\" \/>\n<meta name=\"twitter:card\" content=\"summary_large_image\" \/>\n<script type=\"application\/ld+json\" class=\"yoast-schema-graph\">{\"@context\":\"https:\\\/\\\/schema.org\",\"@graph\":[{\"@type\":[\"WebPage\",\"ItemPage\"],\"@id\":\"https:\\\/\\\/vmsport.fi\\\/verkkokauppa\\\/varaosat\\\/jarrut\\\/jarrupalat\\\/levyjarrupala-avid-elixir-sram-xx-xo-level-ttl-sintrattu\\\/\",\"url\":\"https:\\\/\\\/vmsport.fi\\\/verkkokauppa\\\/varaosat\\\/jarrut\\\/jarrupalat\\\/levyjarrupala-avid-elixir-sram-xx-xo-level-ttl-sintrattu\\\/\",\"name\":\"Levyjarrupala Avid Elixir, Sram XX, XO, Level, T,TL, sintrattu - VM Sport\",\"isPartOf\":{\"@id\":\"https:\\\/\\\/vmsport.fi\\\/#website\"},\"primaryImageOfPage\":{\"@id\":\"https:\\\/\\\/vmsport.fi\\\/verkkokauppa\\\/varaosat\\\/jarrut\\\/jarrupalat\\\/levyjarrupala-avid-elixir-sram-xx-xo-level-ttl-sintrattu\\\/#primaryimage\"},\"image\":{\"@id\":\"https:\\\/\\\/vmsport.fi\\\/verkkokauppa\\\/varaosat\\\/jarrut\\\/jarrupalat\\\/levyjarrupala-avid-elixir-sram-xx-xo-level-ttl-sintrattu\\\/#primaryimage\"},\"thumbnailUrl\":\"https:\\\/\\\/vmsport.fi\\\/wp-content\\\/uploads\\\/2025\\\/03\\\/43-030-1-1.jpg\",\"datePublished\":\"2025-03-05T21:37:05+00:00\",\"dateModified\":\"2026-01-16T11:21:12+00:00\",\"breadcrumb\":{\"@id\":\"https:\\\/\\\/vmsport.fi\\\/verkkokauppa\\\/varaosat\\\/jarrut\\\/jarrupalat\\\/levyjarrupala-avid-elixir-sram-xx-xo-level-ttl-sintrattu\\\/#breadcrumb\"},\"inLanguage\":\"sv-SE\",\"potentialAction\":[{\"@type\":\"ReadAction\",\"target\":[\"https:\\\/\\\/vmsport.fi\\\/verkkokauppa\\\/varaosat\\\/jarrut\\\/jarrupalat\\\/levyjarrupala-avid-elixir-sram-xx-xo-level-ttl-sintrattu\\\/\"]}]},{\"@type\":\"ImageObject\",\"inLanguage\":\"sv-SE\",\"@id\":\"https:\\\/\\\/vmsport.fi\\\/verkkokauppa\\\/varaosat\\\/jarrut\\\/jarrupalat\\\/levyjarrupala-avid-elixir-sram-xx-xo-level-ttl-sintrattu\\\/#primaryimage\",\"url\":\"https:\\\/\\\/vmsport.fi\\\/wp-content\\\/uploads\\\/2025\\\/03\\\/43-030-1-1.jpg\",\"contentUrl\":\"https:\\\/\\\/vmsport.fi\\\/wp-content\\\/uploads\\\/2025\\\/03\\\/43-030-1-1.jpg\",\"width\":627,\"height\":324,\"caption\":\"43-030-1\"},{\"@type\":\"BreadcrumbList\",\"@id\":\"https:\\\/\\\/vmsport.fi\\\/verkkokauppa\\\/varaosat\\\/jarrut\\\/jarrupalat\\\/levyjarrupala-avid-elixir-sram-xx-xo-level-ttl-sintrattu\\\/#breadcrumb\",\"itemListElement\":[{\"@type\":\"ListItem\",\"position\":1,\"name\":\"Etusivu\",\"item\":\"https:\\\/\\\/vmsport.fi\\\/\"},{\"@type\":\"ListItem\",\"position\":2,\"name\":\"Online Store\",\"item\":\"https:\\\/\\\/vmsport.fi\\\/en\\\/online-store\\\/\"},{\"@type\":\"ListItem\",\"position\":3,\"name\":\"Levyjarrupala Avid Elixir, Sram XX, XO, Level, T,TL, sintrattu\"}]},{\"@type\":\"WebSite\",\"@id\":\"https:\\\/\\\/vmsport.fi\\\/#website\",\"url\":\"https:\\\/\\\/vmsport.fi\\\/\",\"name\":\"Vmsport\",\"description\":\"Kaikki py\u00f6r\u00e4ilyyn yhdest\u00e4 paikasta\",\"publisher\":{\"@id\":\"https:\\\/\\\/vmsport.fi\\\/#organization\"},\"potentialAction\":[{\"@type\":\"SearchAction\",\"target\":{\"@type\":\"EntryPoint\",\"urlTemplate\":\"https:\\\/\\\/vmsport.fi\\\/?s={search_term_string}\"},\"query-input\":{\"@type\":\"PropertyValueSpecification\",\"valueRequired\":true,\"valueName\":\"search_term_string\"}}],\"inLanguage\":\"sv-SE\"},{\"@type\":\"Organization\",\"@id\":\"https:\\\/\\\/vmsport.fi\\\/#organization\",\"name\":\"Vmsport\",\"url\":\"https:\\\/\\\/vmsport.fi\\\/\",\"logo\":{\"@type\":\"ImageObject\",\"inLanguage\":\"sv-SE\",\"@id\":\"https:\\\/\\\/vmsport.fi\\\/#\\\/schema\\\/logo\\\/image\\\/\",\"url\":\"https:\\\/\\\/vmsport.fi\\\/wp-content\\\/uploads\\\/2024\\\/12\\\/vm_sport_RGB_horisontal-e1734526017575.png\",\"contentUrl\":\"https:\\\/\\\/vmsport.fi\\\/wp-content\\\/uploads\\\/2024\\\/12\\\/vm_sport_RGB_horisontal-e1734526017575.png\",\"width\":668,\"height\":85,\"caption\":\"Vmsport\"},\"image\":{\"@id\":\"https:\\\/\\\/vmsport.fi\\\/#\\\/schema\\\/logo\\\/image\\\/\"},\"sameAs\":[\"https:\\\/\\\/www.facebook.com\\\/Vmsport.fi\\\/\",\"https:\\\/\\\/www.instagram.com\\\/vmsport\\\/\"]}]}<\/script>\n<!-- \/ Yoast SEO plugin. -->","yoast_head_json":{"title":"Skivbromsskiva Avid Elixir, Sram XX, XO, Level, T,TL, sintrad - VM Sport","robots":{"index":"index","follow":"follow","max-snippet":"max-snippet:-1","max-image-preview":"max-image-preview:large","max-video-preview":"max-video-preview:-1"},"canonical":"https:\/\/vmsport.fi\/sv\/webbutik\/reservdelar\/bromsar\/bromsbelagg\/skivbromsbelagg-avid-elixir-sram-xx-xo-level-ttl-sintrat\/","og_locale":"sv_SE","og_type":"article","og_title":"Levyjarrupala Avid Elixir, Sram XX, XO, Level, T,TL, sintrattu - VM Sport","og_description":"Levyjarrupala on suunniteltu tehokkaaseen ja luotettavaan jarrutustehoon ja se sopii Avid Elixir-, SRAM XX-, XO-, Level-, T- ja TL-jarrumalleihin. Sintrattu yhdiste takaa erinomaisen kest\u00e4vyyden ja l\u00e4mm\u00f6n siirron, joten levyjarrupala on ihanteellinen vaativiin olosuhteisiin ja vaihtelevaan maastoon. Kest\u00e4vyydest\u00e4\u00e4n huolimatta jarrupalat tarjoavat tasaisen jarrutusvoiman, mik\u00e4 parantaa turvallisuutta ja ajoneuvon hallintaa. Laaja yhteensopivuus tekee siit\u00e4 erinomaisen valinnan py\u00f6r\u00e4ilij\u00f6ille, [...]L\u00e4s mer \u2026 from Levyjarrupala Avid Elixir, Sram XX, XO, Level, T,TL, sintrattu","og_url":"https:\/\/vmsport.fi\/sv\/webbutik\/reservdelar\/bromsar\/bromsbelagg\/skivbromsbelagg-avid-elixir-sram-xx-xo-level-ttl-sintrat\/","og_site_name":"VM Sport","article_publisher":"https:\/\/www.facebook.com\/Vmsport.fi\/","article_modified_time":"2026-01-16T11:21:12+00:00","og_image":[{"width":627,"height":324,"url":"https:\/\/vmsport.fi\/wp-content\/uploads\/2025\/03\/43-030-1-1.jpg","type":"image\/jpeg"}],"twitter_card":"summary_large_image","schema":{"@context":"https:\/\/schema.org","@graph":[{"@type":["WebPage","ItemPage"],"@id":"https:\/\/vmsport.fi\/verkkokauppa\/varaosat\/jarrut\/jarrupalat\/levyjarrupala-avid-elixir-sram-xx-xo-level-ttl-sintrattu\/","url":"https:\/\/vmsport.fi\/verkkokauppa\/varaosat\/jarrut\/jarrupalat\/levyjarrupala-avid-elixir-sram-xx-xo-level-ttl-sintrattu\/","name":"Skivbromsskiva Avid Elixir, Sram XX, XO, Level, T,TL, sintrad - VM Sport","isPartOf":{"@id":"https:\/\/vmsport.fi\/#website"},"primaryImageOfPage":{"@id":"https:\/\/vmsport.fi\/verkkokauppa\/varaosat\/jarrut\/jarrupalat\/levyjarrupala-avid-elixir-sram-xx-xo-level-ttl-sintrattu\/#primaryimage"},"image":{"@id":"https:\/\/vmsport.fi\/verkkokauppa\/varaosat\/jarrut\/jarrupalat\/levyjarrupala-avid-elixir-sram-xx-xo-level-ttl-sintrattu\/#primaryimage"},"thumbnailUrl":"https:\/\/vmsport.fi\/wp-content\/uploads\/2025\/03\/43-030-1-1.jpg","datePublished":"2025-03-05T21:37:05+00:00","dateModified":"2026-01-16T11:21:12+00:00","breadcrumb":{"@id":"https:\/\/vmsport.fi\/verkkokauppa\/varaosat\/jarrut\/jarrupalat\/levyjarrupala-avid-elixir-sram-xx-xo-level-ttl-sintrattu\/#breadcrumb"},"inLanguage":"sv-SE","potentialAction":[{"@type":"ReadAction","target":["https:\/\/vmsport.fi\/verkkokauppa\/varaosat\/jarrut\/jarrupalat\/levyjarrupala-avid-elixir-sram-xx-xo-level-ttl-sintrattu\/"]}]},{"@type":"ImageObject","inLanguage":"sv-SE","@id":"https:\/\/vmsport.fi\/verkkokauppa\/varaosat\/jarrut\/jarrupalat\/levyjarrupala-avid-elixir-sram-xx-xo-level-ttl-sintrattu\/#primaryimage","url":"https:\/\/vmsport.fi\/wp-content\/uploads\/2025\/03\/43-030-1-1.jpg","contentUrl":"https:\/\/vmsport.fi\/wp-content\/uploads\/2025\/03\/43-030-1-1.jpg","width":627,"height":324,"caption":"43-030-1"},{"@type":"BreadcrumbList","@id":"https:\/\/vmsport.fi\/verkkokauppa\/varaosat\/jarrut\/jarrupalat\/levyjarrupala-avid-elixir-sram-xx-xo-level-ttl-sintrattu\/#breadcrumb","itemListElement":[{"@type":"ListItem","position":1,"name":"Etusivu","item":"https:\/\/vmsport.fi\/"},{"@type":"ListItem","position":2,"name":"Online Store","item":"https:\/\/vmsport.fi\/en\/online-store\/"},{"@type":"ListItem","position":3,"name":"Levyjarrupala Avid Elixir, Sram XX, XO, Level, T,TL, sintrattu"}]},{"@type":"WebSite","@id":"https:\/\/vmsport.fi\/#website","url":"https:\/\/vmsport.fi\/","name":"Vmsport","description":"Allt p\u00e5 ett st\u00e4lle f\u00f6r cykling","publisher":{"@id":"https:\/\/vmsport.fi\/#organization"},"potentialAction":[{"@type":"SearchAction","target":{"@type":"EntryPoint","urlTemplate":"https:\/\/vmsport.fi\/?s={search_term_string}"},"query-input":{"@type":"PropertyValueSpecification","valueRequired":true,"valueName":"search_term_string"}}],"inLanguage":"sv-SE"},{"@type":"Organization","@id":"https:\/\/vmsport.fi\/#organization","name":"Vmsport","url":"https:\/\/vmsport.fi\/","logo":{"@type":"ImageObject","inLanguage":"sv-SE","@id":"https:\/\/vmsport.fi\/#\/schema\/logo\/image\/","url":"https:\/\/vmsport.fi\/wp-content\/uploads\/2024\/12\/vm_sport_RGB_horisontal-e1734526017575.png","contentUrl":"https:\/\/vmsport.fi\/wp-content\/uploads\/2024\/12\/vm_sport_RGB_horisontal-e1734526017575.png","width":668,"height":85,"caption":"Vmsport"},"image":{"@id":"https:\/\/vmsport.fi\/#\/schema\/logo\/image\/"},"sameAs":["https:\/\/www.facebook.com\/Vmsport.fi\/","https:\/\/www.instagram.com\/vmsport\/"]}]}},"global_unique_id":"","_links":{"self":[{"href":"https:\/\/vmsport.fi\/sv\/wp-json\/wp\/v2\/product\/53087","targetHints":{"allow":["GET"]}}],"collection":[{"href":"https:\/\/vmsport.fi\/sv\/wp-json\/wp\/v2\/product"}],"about":[{"href":"https:\/\/vmsport.fi\/sv\/wp-json\/wp\/v2\/types\/product"}],"replies":[{"embeddable":true,"href":"https:\/\/vmsport.fi\/sv\/wp-json\/wp\/v2\/comments?post=53087"}],"wp:featuredmedia":[{"embeddable":true,"href":"https:\/\/vmsport.fi\/sv\/wp-json\/wp\/v2\/media\/53086"}],"wp:attachment":[{"href":"https:\/\/vmsport.fi\/sv\/wp-json\/wp\/v2\/media?parent=53087"}],"wp:term":[{"taxonomy":"product_brand","embeddable":true,"href":"https:\/\/vmsport.fi\/sv\/wp-json\/wp\/v2\/product_brand?post=53087"},{"taxonomy":"product_model","embeddable":true,"href":"https:\/\/vmsport.fi\/sv\/wp-json\/wp\/v2\/product_model?post=53087"},{"taxonomy":"product_cat","embeddable":true,"href":"https:\/\/vmsport.fi\/sv\/wp-json\/wp\/v2\/product_cat?post=53087"},{"taxonomy":"product_tag","embeddable":true,"href":"https:\/\/vmsport.fi\/sv\/wp-json\/wp\/v2\/product_tag?post=53087"},{"taxonomy":"industry_terminology","embeddable":true,"href":"https:\/\/vmsport.fi\/sv\/wp-json\/wp\/v2\/industry-terminology?post=53087"}],"curies":[{"name":"wp","href":"https:\/\/api.w.org\/{rel}","templated":true}]}}