{"id":53083,"date":"2025-03-05T23:37:03","date_gmt":"2025-03-05T21:37:03","guid":{"rendered":"https:\/\/vmsport.fi\/verkkokauppa\/Ei-luokiteltu\/muc-off-dry-lube-c3-ceramic-120-ml\/"},"modified":"2026-03-30T14:11:11","modified_gmt":"2026-03-30T11:11:11","slug":"muc-off-torr-glidmedel-c3-keramik-120-ml","status":"publish","type":"product","link":"https:\/\/vmsport.fi\/sv\/verkkokauppa\/tarvikkeet\/huolto-ja-pesu\/voiteluaineet\/muc-off-dry-lube-c3-ceramic-120-ml\/","title":{"rendered":"MUC-OFF TORR GLIDMEDEL - C3 KERAMIK 120 ML"},"content":{"rendered":"<p>MUC-OFF DRY LUBE C3 CERAMIC \u00e4r ett h\u00f6gkvalitativt sm\u00f6rjmedel f\u00f6r cykelkedjor som f\u00f6rb\u00e4ttrar kedjans prestanda tack vare sin keramiska bel\u00e4ggning. Det \u00e4r speciellt utformat f\u00f6r torra och dammiga f\u00f6rh\u00e5llanden och f\u00f6rl\u00e4nger kedjans livsl\u00e4ngd avsev\u00e4rt genom att minska friktionen mellan metallerna. De avancerade nanokeramiska partiklarna och syntetiska polymererna ger utm\u00e4rkt sm\u00f6rjning och fullst\u00e4ndigt korrosionsskydd. Den biologiskt nedbrytbara och oljefria formuleringen g\u00f6r det till ett milj\u00f6v\u00e4nligt alternativ. Sm\u00f6rjmedlet \u00e4r l\u00e4mpligt f\u00f6r landsv\u00e4gscykling, cyclocross och mountainbike. F\u00f6re anv\u00e4ndning ska kedjan reng\u00f6ras och torkas. Den exakta pipettdispensern m\u00f6jligg\u00f6r noggrann applicering: dosera l\u00e4mplig m\u00e4ngd i kedjans inre l\u00e4nkar genom att vrida pedalerna bak\u00e5t. Applicera sm\u00f6rjmedlet 3-4 timmar f\u00f6re k\u00f6rning och kontrollera t\u00e4ckningen med en UV-lampa, eftersom sm\u00f6rjmedlet inneh\u00e5ller UV-f\u00e4rg. Produkten \u00e4r s\u00e4ker att anv\u00e4nda och minimerar milj\u00f6p\u00e5verkan.<\/p>","protected":false},"excerpt":{"rendered":"<p>MUC-OFF DRY LUBE C3 CERAMIC on huippulaatuinen polkupy\u00f6r\u00e4n ketjujen voiteluaine, joka parantaa ketjun suorituskyky\u00e4 keraamisen pinnoitteen ansiosta. Erityisesti kuiville ja p\u00f6lyisille olosuhteille suunniteltu voiteluaine pident\u00e4\u00e4 ketjun k\u00e4ytt\u00f6ik\u00e4\u00e4 merkitt\u00e4v\u00e4sti, v\u00e4hent\u00e4en metallien v\u00e4list\u00e4 kitkaa. Sen edistykselliset nano-keraamiset partikkelit ja synteettiset polymeerit takaavat erinomaisen voitelun ja t\u00e4ydellisen korroosiosuojan. Biologisesti hajoava ja ilman \u00f6ljy\u00e4 oleva koostumus tekee siit\u00e4 ymp\u00e4rist\u00f6yst\u00e4v\u00e4llisen [&#8230;]<\/p>\n<p><a class=\"btn btn-secondary understrap-read-more-link\" href=\"https:\/\/vmsport.fi\/sv\/verkkokauppa\/tarvikkeet\/huolto-ja-pesu\/voiteluaineet\/muc-off-dry-lube-c3-ceramic-120-ml\/\">L\u00e4s mer \u2026<span class=\"screen-reader-text\"> from MUC-OFF DRY LUBE &#8211; C3 CERAMIC 120 ML<\/span><\/a><\/p>\n","protected":false},"featured_media":53082,"comment_status":"open","ping_status":"closed","template":"","meta":{"_acf_changed":false,"_improvement_type_select":"improve_an_existing","_thumb_yes_seoaic":false,"_frame_yes_seoaic":false,"seoaic_generate_description":"","seoaic_improve_instructions_prompt":"","seoaic_rollback_content_improvement":"","seoaic_idea_thumbnail_generator":"","thumbnail_generated":false,"thumbnail_generate_prompt":"","seoaic_article_description":"","_supplier_stock_quantity":0},"product_brand":[1584],"product_model":[],"product_cat":[9362],"product_tag":[],"industry-terminology":[],"class_list":{"0":"post-53083","1":"product","2":"type-product","3":"status-publish","4":"has-post-thumbnail","6":"product_brand-muc-off","7":"product_cat-voiteluaineet","9":"first","10":"instock","11":"taxable","12":"shipping-taxable","13":"purchasable","14":"product-type-simple"},"acf":{"bike_features":null,"overview":{"copy_overview":null,"key_features":null,"statement":"","youtube_url":""}},"yoast_head":"<!-- This site is optimized with the Yoast SEO plugin v27.3 - https:\/\/yoast.com\/product\/yoast-seo-wordpress\/ -->\n<title>MUC-OFF DRY LUBE - C3 CERAMIC 120 ML - VM Sport<\/title>\n<meta name=\"robots\" content=\"index, follow, max-snippet:-1, max-image-preview:large, max-video-preview:-1\" \/>\n<link rel=\"canonical\" href=\"https:\/\/vmsport.fi\/sv\/webbutik\/tillbehor\/underhall-och-tvatt\/smorjmedel\/muc-off-torr-glidmedel-c3-keramik-120-ml\/\" \/>\n<meta property=\"og:locale\" content=\"sv_SE\" \/>\n<meta property=\"og:type\" content=\"article\" \/>\n<meta property=\"og:title\" content=\"MUC-OFF DRY LUBE - C3 CERAMIC 120 ML - VM Sport\" \/>\n<meta property=\"og:description\" content=\"MUC-OFF DRY LUBE C3 CERAMIC on huippulaatuinen polkupy\u00f6r\u00e4n ketjujen voiteluaine, joka parantaa ketjun suorituskyky\u00e4 keraamisen pinnoitteen ansiosta. Erityisesti kuiville ja p\u00f6lyisille olosuhteille suunniteltu voiteluaine pident\u00e4\u00e4 ketjun k\u00e4ytt\u00f6ik\u00e4\u00e4 merkitt\u00e4v\u00e4sti, v\u00e4hent\u00e4en metallien v\u00e4list\u00e4 kitkaa. Sen edistykselliset nano-keraamiset partikkelit ja synteettiset polymeerit takaavat erinomaisen voitelun ja t\u00e4ydellisen korroosiosuojan. Biologisesti hajoava ja ilman \u00f6ljy\u00e4 oleva koostumus tekee siit\u00e4 ymp\u00e4rist\u00f6yst\u00e4v\u00e4llisen [...]L\u00e4s mer \u2026 from MUC-OFF DRY LUBE &#8211; C3 CERAMIC 120 ML\" \/>\n<meta property=\"og:url\" content=\"https:\/\/vmsport.fi\/sv\/webbutik\/tillbehor\/underhall-och-tvatt\/smorjmedel\/muc-off-torr-glidmedel-c3-keramik-120-ml\/\" \/>\n<meta property=\"og:site_name\" content=\"VM Sport\" \/>\n<meta property=\"article:publisher\" content=\"https:\/\/www.facebook.com\/Vmsport.fi\/\" \/>\n<meta property=\"article:modified_time\" content=\"2026-03-30T11:11:11+00:00\" \/>\n<meta property=\"og:image\" content=\"https:\/\/vmsport.fi\/wp-content\/uploads\/2025\/03\/MUC-OFF-Dry-Lube-C3-Ceramic-120-ml-1.jpg\" \/>\n\t<meta property=\"og:image:width\" content=\"1000\" \/>\n\t<meta property=\"og:image:height\" content=\"750\" \/>\n\t<meta property=\"og:image:type\" content=\"image\/jpeg\" \/>\n<meta name=\"twitter:card\" content=\"summary_large_image\" \/>\n<meta name=\"twitter:label1\" content=\"Ber\u00e4knad l\u00e4stid\" \/>\n\t<meta name=\"twitter:data1\" content=\"1 minut\" \/>\n<script type=\"application\/ld+json\" class=\"yoast-schema-graph\">{\"@context\":\"https:\\\/\\\/schema.org\",\"@graph\":[{\"@type\":[\"WebPage\",\"ItemPage\"],\"@id\":\"https:\\\/\\\/vmsport.fi\\\/verkkokauppa\\\/tarvikkeet\\\/huolto-ja-pesu\\\/voiteluaineet\\\/muc-off-dry-lube-c3-ceramic-120-ml\\\/\",\"url\":\"https:\\\/\\\/vmsport.fi\\\/verkkokauppa\\\/tarvikkeet\\\/huolto-ja-pesu\\\/voiteluaineet\\\/muc-off-dry-lube-c3-ceramic-120-ml\\\/\",\"name\":\"MUC-OFF DRY LUBE - C3 CERAMIC 120 ML - VM Sport\",\"isPartOf\":{\"@id\":\"https:\\\/\\\/vmsport.fi\\\/#website\"},\"primaryImageOfPage\":{\"@id\":\"https:\\\/\\\/vmsport.fi\\\/verkkokauppa\\\/tarvikkeet\\\/huolto-ja-pesu\\\/voiteluaineet\\\/muc-off-dry-lube-c3-ceramic-120-ml\\\/#primaryimage\"},\"image\":{\"@id\":\"https:\\\/\\\/vmsport.fi\\\/verkkokauppa\\\/tarvikkeet\\\/huolto-ja-pesu\\\/voiteluaineet\\\/muc-off-dry-lube-c3-ceramic-120-ml\\\/#primaryimage\"},\"thumbnailUrl\":\"https:\\\/\\\/vmsport.fi\\\/wp-content\\\/uploads\\\/2025\\\/03\\\/MUC-OFF-Dry-Lube-C3-Ceramic-120-ml-1.jpg\",\"datePublished\":\"2025-03-05T21:37:03+00:00\",\"dateModified\":\"2026-03-30T11:11:11+00:00\",\"breadcrumb\":{\"@id\":\"https:\\\/\\\/vmsport.fi\\\/verkkokauppa\\\/tarvikkeet\\\/huolto-ja-pesu\\\/voiteluaineet\\\/muc-off-dry-lube-c3-ceramic-120-ml\\\/#breadcrumb\"},\"inLanguage\":\"sv-SE\",\"potentialAction\":[{\"@type\":\"ReadAction\",\"target\":[\"https:\\\/\\\/vmsport.fi\\\/verkkokauppa\\\/tarvikkeet\\\/huolto-ja-pesu\\\/voiteluaineet\\\/muc-off-dry-lube-c3-ceramic-120-ml\\\/\"]}]},{\"@type\":\"ImageObject\",\"inLanguage\":\"sv-SE\",\"@id\":\"https:\\\/\\\/vmsport.fi\\\/verkkokauppa\\\/tarvikkeet\\\/huolto-ja-pesu\\\/voiteluaineet\\\/muc-off-dry-lube-c3-ceramic-120-ml\\\/#primaryimage\",\"url\":\"https:\\\/\\\/vmsport.fi\\\/wp-content\\\/uploads\\\/2025\\\/03\\\/MUC-OFF-Dry-Lube-C3-Ceramic-120-ml-1.jpg\",\"contentUrl\":\"https:\\\/\\\/vmsport.fi\\\/wp-content\\\/uploads\\\/2025\\\/03\\\/MUC-OFF-Dry-Lube-C3-Ceramic-120-ml-1.jpg\",\"width\":1000,\"height\":750,\"caption\":\"MUC-OFF-Dry-Lube-C3-Ceramic-120-ml\"},{\"@type\":\"BreadcrumbList\",\"@id\":\"https:\\\/\\\/vmsport.fi\\\/verkkokauppa\\\/tarvikkeet\\\/huolto-ja-pesu\\\/voiteluaineet\\\/muc-off-dry-lube-c3-ceramic-120-ml\\\/#breadcrumb\",\"itemListElement\":[{\"@type\":\"ListItem\",\"position\":1,\"name\":\"Etusivu\",\"item\":\"https:\\\/\\\/vmsport.fi\\\/\"},{\"@type\":\"ListItem\",\"position\":2,\"name\":\"Online Store\",\"item\":\"https:\\\/\\\/vmsport.fi\\\/en\\\/online-store\\\/\"},{\"@type\":\"ListItem\",\"position\":3,\"name\":\"MUC-OFF DRY LUBE &#8211; C3 CERAMIC 120 ML\"}]},{\"@type\":\"WebSite\",\"@id\":\"https:\\\/\\\/vmsport.fi\\\/#website\",\"url\":\"https:\\\/\\\/vmsport.fi\\\/\",\"name\":\"Vmsport\",\"description\":\"Kaikki py\u00f6r\u00e4ilyyn yhdest\u00e4 paikasta\",\"publisher\":{\"@id\":\"https:\\\/\\\/vmsport.fi\\\/#organization\"},\"potentialAction\":[{\"@type\":\"SearchAction\",\"target\":{\"@type\":\"EntryPoint\",\"urlTemplate\":\"https:\\\/\\\/vmsport.fi\\\/?s={search_term_string}\"},\"query-input\":{\"@type\":\"PropertyValueSpecification\",\"valueRequired\":true,\"valueName\":\"search_term_string\"}}],\"inLanguage\":\"sv-SE\"},{\"@type\":\"Organization\",\"@id\":\"https:\\\/\\\/vmsport.fi\\\/#organization\",\"name\":\"Vmsport\",\"url\":\"https:\\\/\\\/vmsport.fi\\\/\",\"logo\":{\"@type\":\"ImageObject\",\"inLanguage\":\"sv-SE\",\"@id\":\"https:\\\/\\\/vmsport.fi\\\/#\\\/schema\\\/logo\\\/image\\\/\",\"url\":\"https:\\\/\\\/vmsport.fi\\\/wp-content\\\/uploads\\\/2024\\\/12\\\/vm_sport_RGB_horisontal-e1734526017575.png\",\"contentUrl\":\"https:\\\/\\\/vmsport.fi\\\/wp-content\\\/uploads\\\/2024\\\/12\\\/vm_sport_RGB_horisontal-e1734526017575.png\",\"width\":668,\"height\":85,\"caption\":\"Vmsport\"},\"image\":{\"@id\":\"https:\\\/\\\/vmsport.fi\\\/#\\\/schema\\\/logo\\\/image\\\/\"},\"sameAs\":[\"https:\\\/\\\/www.facebook.com\\\/Vmsport.fi\\\/\",\"https:\\\/\\\/www.instagram.com\\\/vmsport\\\/\"]}]}<\/script>\n<!-- \/ Yoast SEO plugin. -->","yoast_head_json":{"title":"MUC-OFF DRY LUBE - C3 CERAMIC 120 ML - VM Sport","robots":{"index":"index","follow":"follow","max-snippet":"max-snippet:-1","max-image-preview":"max-image-preview:large","max-video-preview":"max-video-preview:-1"},"canonical":"https:\/\/vmsport.fi\/sv\/webbutik\/tillbehor\/underhall-och-tvatt\/smorjmedel\/muc-off-torr-glidmedel-c3-keramik-120-ml\/","og_locale":"sv_SE","og_type":"article","og_title":"MUC-OFF DRY LUBE - C3 CERAMIC 120 ML - VM Sport","og_description":"MUC-OFF DRY LUBE C3 CERAMIC on huippulaatuinen polkupy\u00f6r\u00e4n ketjujen voiteluaine, joka parantaa ketjun suorituskyky\u00e4 keraamisen pinnoitteen ansiosta. Erityisesti kuiville ja p\u00f6lyisille olosuhteille suunniteltu voiteluaine pident\u00e4\u00e4 ketjun k\u00e4ytt\u00f6ik\u00e4\u00e4 merkitt\u00e4v\u00e4sti, v\u00e4hent\u00e4en metallien v\u00e4list\u00e4 kitkaa. Sen edistykselliset nano-keraamiset partikkelit ja synteettiset polymeerit takaavat erinomaisen voitelun ja t\u00e4ydellisen korroosiosuojan. Biologisesti hajoava ja ilman \u00f6ljy\u00e4 oleva koostumus tekee siit\u00e4 ymp\u00e4rist\u00f6yst\u00e4v\u00e4llisen [...]L\u00e4s mer \u2026 from MUC-OFF DRY LUBE &#8211; C3 CERAMIC 120 ML","og_url":"https:\/\/vmsport.fi\/sv\/webbutik\/tillbehor\/underhall-och-tvatt\/smorjmedel\/muc-off-torr-glidmedel-c3-keramik-120-ml\/","og_site_name":"VM Sport","article_publisher":"https:\/\/www.facebook.com\/Vmsport.fi\/","article_modified_time":"2026-03-30T11:11:11+00:00","og_image":[{"width":1000,"height":750,"url":"https:\/\/vmsport.fi\/wp-content\/uploads\/2025\/03\/MUC-OFF-Dry-Lube-C3-Ceramic-120-ml-1.jpg","type":"image\/jpeg"}],"twitter_card":"summary_large_image","twitter_misc":{"Ber\u00e4knad l\u00e4stid":"1 minut"},"schema":{"@context":"https:\/\/schema.org","@graph":[{"@type":["WebPage","ItemPage"],"@id":"https:\/\/vmsport.fi\/verkkokauppa\/tarvikkeet\/huolto-ja-pesu\/voiteluaineet\/muc-off-dry-lube-c3-ceramic-120-ml\/","url":"https:\/\/vmsport.fi\/verkkokauppa\/tarvikkeet\/huolto-ja-pesu\/voiteluaineet\/muc-off-dry-lube-c3-ceramic-120-ml\/","name":"MUC-OFF DRY LUBE - C3 CERAMIC 120 ML - VM Sport","isPartOf":{"@id":"https:\/\/vmsport.fi\/#website"},"primaryImageOfPage":{"@id":"https:\/\/vmsport.fi\/verkkokauppa\/tarvikkeet\/huolto-ja-pesu\/voiteluaineet\/muc-off-dry-lube-c3-ceramic-120-ml\/#primaryimage"},"image":{"@id":"https:\/\/vmsport.fi\/verkkokauppa\/tarvikkeet\/huolto-ja-pesu\/voiteluaineet\/muc-off-dry-lube-c3-ceramic-120-ml\/#primaryimage"},"thumbnailUrl":"https:\/\/vmsport.fi\/wp-content\/uploads\/2025\/03\/MUC-OFF-Dry-Lube-C3-Ceramic-120-ml-1.jpg","datePublished":"2025-03-05T21:37:03+00:00","dateModified":"2026-03-30T11:11:11+00:00","breadcrumb":{"@id":"https:\/\/vmsport.fi\/verkkokauppa\/tarvikkeet\/huolto-ja-pesu\/voiteluaineet\/muc-off-dry-lube-c3-ceramic-120-ml\/#breadcrumb"},"inLanguage":"sv-SE","potentialAction":[{"@type":"ReadAction","target":["https:\/\/vmsport.fi\/verkkokauppa\/tarvikkeet\/huolto-ja-pesu\/voiteluaineet\/muc-off-dry-lube-c3-ceramic-120-ml\/"]}]},{"@type":"ImageObject","inLanguage":"sv-SE","@id":"https:\/\/vmsport.fi\/verkkokauppa\/tarvikkeet\/huolto-ja-pesu\/voiteluaineet\/muc-off-dry-lube-c3-ceramic-120-ml\/#primaryimage","url":"https:\/\/vmsport.fi\/wp-content\/uploads\/2025\/03\/MUC-OFF-Dry-Lube-C3-Ceramic-120-ml-1.jpg","contentUrl":"https:\/\/vmsport.fi\/wp-content\/uploads\/2025\/03\/MUC-OFF-Dry-Lube-C3-Ceramic-120-ml-1.jpg","width":1000,"height":750,"caption":"MUC-OFF-Dry-Lube-C3-Ceramic-120-ml"},{"@type":"BreadcrumbList","@id":"https:\/\/vmsport.fi\/verkkokauppa\/tarvikkeet\/huolto-ja-pesu\/voiteluaineet\/muc-off-dry-lube-c3-ceramic-120-ml\/#breadcrumb","itemListElement":[{"@type":"ListItem","position":1,"name":"Etusivu","item":"https:\/\/vmsport.fi\/"},{"@type":"ListItem","position":2,"name":"Online Store","item":"https:\/\/vmsport.fi\/en\/online-store\/"},{"@type":"ListItem","position":3,"name":"MUC-OFF DRY LUBE &#8211; C3 CERAMIC 120 ML"}]},{"@type":"WebSite","@id":"https:\/\/vmsport.fi\/#website","url":"https:\/\/vmsport.fi\/","name":"Vmsport","description":"Allt p\u00e5 ett st\u00e4lle f\u00f6r cykling","publisher":{"@id":"https:\/\/vmsport.fi\/#organization"},"potentialAction":[{"@type":"SearchAction","target":{"@type":"EntryPoint","urlTemplate":"https:\/\/vmsport.fi\/?s={search_term_string}"},"query-input":{"@type":"PropertyValueSpecification","valueRequired":true,"valueName":"search_term_string"}}],"inLanguage":"sv-SE"},{"@type":"Organization","@id":"https:\/\/vmsport.fi\/#organization","name":"Vmsport","url":"https:\/\/vmsport.fi\/","logo":{"@type":"ImageObject","inLanguage":"sv-SE","@id":"https:\/\/vmsport.fi\/#\/schema\/logo\/image\/","url":"https:\/\/vmsport.fi\/wp-content\/uploads\/2024\/12\/vm_sport_RGB_horisontal-e1734526017575.png","contentUrl":"https:\/\/vmsport.fi\/wp-content\/uploads\/2024\/12\/vm_sport_RGB_horisontal-e1734526017575.png","width":668,"height":85,"caption":"Vmsport"},"image":{"@id":"https:\/\/vmsport.fi\/#\/schema\/logo\/image\/"},"sameAs":["https:\/\/www.facebook.com\/Vmsport.fi\/","https:\/\/www.instagram.com\/vmsport\/"]}]}},"global_unique_id":"","_links":{"self":[{"href":"https:\/\/vmsport.fi\/sv\/wp-json\/wp\/v2\/product\/53083","targetHints":{"allow":["GET"]}}],"collection":[{"href":"https:\/\/vmsport.fi\/sv\/wp-json\/wp\/v2\/product"}],"about":[{"href":"https:\/\/vmsport.fi\/sv\/wp-json\/wp\/v2\/types\/product"}],"replies":[{"embeddable":true,"href":"https:\/\/vmsport.fi\/sv\/wp-json\/wp\/v2\/comments?post=53083"}],"wp:featuredmedia":[{"embeddable":true,"href":"https:\/\/vmsport.fi\/sv\/wp-json\/wp\/v2\/media\/53082"}],"wp:attachment":[{"href":"https:\/\/vmsport.fi\/sv\/wp-json\/wp\/v2\/media?parent=53083"}],"wp:term":[{"taxonomy":"product_brand","embeddable":true,"href":"https:\/\/vmsport.fi\/sv\/wp-json\/wp\/v2\/product_brand?post=53083"},{"taxonomy":"product_model","embeddable":true,"href":"https:\/\/vmsport.fi\/sv\/wp-json\/wp\/v2\/product_model?post=53083"},{"taxonomy":"product_cat","embeddable":true,"href":"https:\/\/vmsport.fi\/sv\/wp-json\/wp\/v2\/product_cat?post=53083"},{"taxonomy":"product_tag","embeddable":true,"href":"https:\/\/vmsport.fi\/sv\/wp-json\/wp\/v2\/product_tag?post=53083"},{"taxonomy":"industry_terminology","embeddable":true,"href":"https:\/\/vmsport.fi\/sv\/wp-json\/wp\/v2\/industry-terminology?post=53083"}],"curies":[{"name":"wp","href":"https:\/\/api.w.org\/{rel}","templated":true}]}}