{"id":53079,"date":"2025-03-05T23:37:01","date_gmt":"2025-03-05T21:37:01","guid":{"rendered":"https:\/\/vmsport.fi\/verkkokauppa\/Ei-luokiteltu\/selle-royal-satula-lookin-moderate\/"},"modified":"2026-01-16T13:26:06","modified_gmt":"2026-01-16T11:26:06","slug":"den-kungliga-sadeln-ser-mattlig-ut","status":"publish","type":"product","link":"https:\/\/vmsport.fi\/sv\/verkkokauppa\/varaosat\/satulat-ja-satulatolpat\/satulat\/selle-royal-satula-lookin-moderate\/","title":{"rendered":"Selle Royal Satula Lookin Moderat"},"content":{"rendered":"<p>Selle Royal Lookin Moderate-sadeln \u00e4r utformad f\u00f6r att ge f\u00f6rstklassig komfort. ROYALGEL\u2122-d\u00e4mpningen i kombination med en central \u00f6ppning f\u00f6rdelar trycket j\u00e4mnt och minskar trycket upp till 40%. Inbyggd ELASTOMER-st\u00f6td\u00e4mpning ger en bekv\u00e4m \u00e5ktur, medan de silverf\u00e4rgade Safe Sides skyddar sadeln fr\u00e5n st\u00f6tar och slitage. Royal Vacuum Light-tekniken g\u00f6r sadeln helt vattent\u00e4t, s\u00e5 att du kan h\u00e5lla dig torr oavsett v\u00e4der. Cool Cover-funktionen h\u00e5ller sadeln upp till 25\u00b0 svalare i solen f\u00f6r extra komfort under varmare dagar. Det integrerade Clip System g\u00f6r det enkelt att f\u00e4sta tillbeh\u00f6r som t.ex. en sadelv\u00e4ska. Ergonomisk design kombineras med innovativa material som ger l\u00e5ng h\u00e5llbarhet och \u00e4r milj\u00f6v\u00e4nliga.<\/p>","protected":false},"excerpt":{"rendered":"<p>Selle Royal -satula Lookin Moderate on suunniteltu tarjoamaan ensiluokkaista mukavuutta. ROYALGEL\u2122-pehmuste yhdess\u00e4 keskiosan aukon kanssa jakaa paineen tasaisesti v\u00e4hent\u00e4en painetta jopa 40%. Sis\u00e4\u00e4nrakennettu ELASTOMER-iskunvaimennus takaa miellytt\u00e4v\u00e4n ajon, kun taas hopeanv\u00e4riset Safe Sides -sivusuojat suojaavat satulaa iskuilta ja kulumiselta. Royal Vacuum Light -tekniikka tekee satulasta t\u00e4ysin vedenpit\u00e4v\u00e4n, jolloin ajaminen pysyy kuivana s\u00e4\u00e4lt\u00e4 riippumatta. Cool Cover -ominaisuus [&#8230;]<\/p>\n<p><a class=\"btn btn-secondary understrap-read-more-link\" href=\"https:\/\/vmsport.fi\/sv\/verkkokauppa\/varaosat\/satulat-ja-satulatolpat\/satulat\/selle-royal-satula-lookin-moderate\/\">L\u00e4s mer \u2026<span class=\"screen-reader-text\"> from Selle Royal Satula Lookin Moderate<\/span><\/a><\/p>\n","protected":false},"featured_media":53077,"comment_status":"open","ping_status":"closed","template":"","meta":{"_acf_changed":false,"_improvement_type_select":"improve_an_existing","_thumb_yes_seoaic":false,"_frame_yes_seoaic":false,"seoaic_generate_description":"","seoaic_improve_instructions_prompt":"","seoaic_rollback_content_improvement":"","seoaic_idea_thumbnail_generator":"","thumbnail_generated":false,"thumbnail_generate_prompt":"","seoaic_article_description":"","_supplier_stock_quantity":0},"product_brand":[],"product_model":[],"product_cat":[9380],"product_tag":[],"industry-terminology":[],"class_list":{"0":"post-53079","1":"product","2":"type-product","3":"status-publish","4":"has-post-thumbnail","6":"product_cat-satulat","8":"first","9":"outofstock","10":"taxable","11":"shipping-taxable","12":"product-type-simple"},"acf":{"bike_features":null,"overview":{"copy_overview":null,"key_features":null,"statement":"","youtube_url":""}},"yoast_head":"<!-- This site is optimized with the Yoast SEO plugin v27.4 - https:\/\/yoast.com\/product\/yoast-seo-wordpress\/ -->\n<title>Selle Royal Satula Lookin Moderate - VM Sport<\/title>\n<meta name=\"robots\" content=\"index, follow, max-snippet:-1, max-image-preview:large, max-video-preview:-1\" \/>\n<link rel=\"canonical\" href=\"https:\/\/vmsport.fi\/sv\/webbutik\/reservdelar\/sadlar-och-sadelstolpar\/sadlar\/den-kungliga-sadeln-ser-mattlig-ut\/\" \/>\n<meta property=\"og:locale\" content=\"sv_SE\" \/>\n<meta property=\"og:type\" content=\"article\" \/>\n<meta property=\"og:title\" content=\"Selle Royal Satula Lookin Moderate - VM Sport\" \/>\n<meta property=\"og:description\" content=\"Selle Royal -satula Lookin Moderate on suunniteltu tarjoamaan ensiluokkaista mukavuutta. ROYALGEL\u2122-pehmuste yhdess\u00e4 keskiosan aukon kanssa jakaa paineen tasaisesti v\u00e4hent\u00e4en painetta jopa 40%. Sis\u00e4\u00e4nrakennettu ELASTOMER-iskunvaimennus takaa miellytt\u00e4v\u00e4n ajon, kun taas hopeanv\u00e4riset Safe Sides -sivusuojat suojaavat satulaa iskuilta ja kulumiselta. Royal Vacuum Light -tekniikka tekee satulasta t\u00e4ysin vedenpit\u00e4v\u00e4n, jolloin ajaminen pysyy kuivana s\u00e4\u00e4lt\u00e4 riippumatta. Cool Cover -ominaisuus [...]L\u00e4s mer \u2026 from Selle Royal Satula Lookin Moderate\" \/>\n<meta property=\"og:url\" content=\"https:\/\/vmsport.fi\/sv\/webbutik\/reservdelar\/sadlar-och-sadelstolpar\/sadlar\/den-kungliga-sadeln-ser-mattlig-ut\/\" \/>\n<meta property=\"og:site_name\" content=\"VM Sport\" \/>\n<meta property=\"article:publisher\" content=\"https:\/\/www.facebook.com\/Vmsport.fi\/\" \/>\n<meta property=\"article:modified_time\" content=\"2026-01-16T11:26:06+00:00\" \/>\n<meta property=\"og:image\" content=\"https:\/\/vmsport.fi\/wp-content\/uploads\/2025\/03\/5235DE3A09188-01-jpg-thumb-572-572-1.png\" \/>\n\t<meta property=\"og:image:width\" content=\"572\" \/>\n\t<meta property=\"og:image:height\" content=\"572\" \/>\n\t<meta property=\"og:image:type\" content=\"image\/png\" \/>\n<meta name=\"twitter:card\" content=\"summary_large_image\" \/>\n<meta name=\"twitter:label1\" content=\"Ber\u00e4knad l\u00e4stid\" \/>\n\t<meta name=\"twitter:data1\" content=\"1 minut\" \/>\n<script type=\"application\/ld+json\" class=\"yoast-schema-graph\">{\"@context\":\"https:\\\/\\\/schema.org\",\"@graph\":[{\"@type\":[\"WebPage\",\"ItemPage\"],\"@id\":\"https:\\\/\\\/vmsport.fi\\\/verkkokauppa\\\/varaosat\\\/satulat-ja-satulatolpat\\\/satulat\\\/selle-royal-satula-lookin-moderate\\\/\",\"url\":\"https:\\\/\\\/vmsport.fi\\\/verkkokauppa\\\/varaosat\\\/satulat-ja-satulatolpat\\\/satulat\\\/selle-royal-satula-lookin-moderate\\\/\",\"name\":\"Selle Royal Satula Lookin Moderate - VM Sport\",\"isPartOf\":{\"@id\":\"https:\\\/\\\/vmsport.fi\\\/#website\"},\"primaryImageOfPage\":{\"@id\":\"https:\\\/\\\/vmsport.fi\\\/verkkokauppa\\\/varaosat\\\/satulat-ja-satulatolpat\\\/satulat\\\/selle-royal-satula-lookin-moderate\\\/#primaryimage\"},\"image\":{\"@id\":\"https:\\\/\\\/vmsport.fi\\\/verkkokauppa\\\/varaosat\\\/satulat-ja-satulatolpat\\\/satulat\\\/selle-royal-satula-lookin-moderate\\\/#primaryimage\"},\"thumbnailUrl\":\"https:\\\/\\\/vmsport.fi\\\/wp-content\\\/uploads\\\/2025\\\/03\\\/5235DE3A09188-01-jpg-thumb-572-572-1.png\",\"datePublished\":\"2025-03-05T21:37:01+00:00\",\"dateModified\":\"2026-01-16T11:26:06+00:00\",\"breadcrumb\":{\"@id\":\"https:\\\/\\\/vmsport.fi\\\/verkkokauppa\\\/varaosat\\\/satulat-ja-satulatolpat\\\/satulat\\\/selle-royal-satula-lookin-moderate\\\/#breadcrumb\"},\"inLanguage\":\"sv-SE\",\"potentialAction\":[{\"@type\":\"ReadAction\",\"target\":[\"https:\\\/\\\/vmsport.fi\\\/verkkokauppa\\\/varaosat\\\/satulat-ja-satulatolpat\\\/satulat\\\/selle-royal-satula-lookin-moderate\\\/\"]}]},{\"@type\":\"ImageObject\",\"inLanguage\":\"sv-SE\",\"@id\":\"https:\\\/\\\/vmsport.fi\\\/verkkokauppa\\\/varaosat\\\/satulat-ja-satulatolpat\\\/satulat\\\/selle-royal-satula-lookin-moderate\\\/#primaryimage\",\"url\":\"https:\\\/\\\/vmsport.fi\\\/wp-content\\\/uploads\\\/2025\\\/03\\\/5235DE3A09188-01-jpg-thumb-572-572-1.png\",\"contentUrl\":\"https:\\\/\\\/vmsport.fi\\\/wp-content\\\/uploads\\\/2025\\\/03\\\/5235DE3A09188-01-jpg-thumb-572-572-1.png\",\"width\":572,\"height\":572,\"caption\":\"5235DE3A09188-01-jpg-thumb-572-572\"},{\"@type\":\"BreadcrumbList\",\"@id\":\"https:\\\/\\\/vmsport.fi\\\/verkkokauppa\\\/varaosat\\\/satulat-ja-satulatolpat\\\/satulat\\\/selle-royal-satula-lookin-moderate\\\/#breadcrumb\",\"itemListElement\":[{\"@type\":\"ListItem\",\"position\":1,\"name\":\"Etusivu\",\"item\":\"https:\\\/\\\/vmsport.fi\\\/\"},{\"@type\":\"ListItem\",\"position\":2,\"name\":\"Online Store\",\"item\":\"https:\\\/\\\/vmsport.fi\\\/en\\\/online-store\\\/\"},{\"@type\":\"ListItem\",\"position\":3,\"name\":\"Selle Royal Satula Lookin Moderate\"}]},{\"@type\":\"WebSite\",\"@id\":\"https:\\\/\\\/vmsport.fi\\\/#website\",\"url\":\"https:\\\/\\\/vmsport.fi\\\/\",\"name\":\"Vmsport\",\"description\":\"Kaikki py\u00f6r\u00e4ilyyn yhdest\u00e4 paikasta\",\"publisher\":{\"@id\":\"https:\\\/\\\/vmsport.fi\\\/#organization\"},\"potentialAction\":[{\"@type\":\"SearchAction\",\"target\":{\"@type\":\"EntryPoint\",\"urlTemplate\":\"https:\\\/\\\/vmsport.fi\\\/?s={search_term_string}\"},\"query-input\":{\"@type\":\"PropertyValueSpecification\",\"valueRequired\":true,\"valueName\":\"search_term_string\"}}],\"inLanguage\":\"sv-SE\"},{\"@type\":\"Organization\",\"@id\":\"https:\\\/\\\/vmsport.fi\\\/#organization\",\"name\":\"Vmsport\",\"url\":\"https:\\\/\\\/vmsport.fi\\\/\",\"logo\":{\"@type\":\"ImageObject\",\"inLanguage\":\"sv-SE\",\"@id\":\"https:\\\/\\\/vmsport.fi\\\/#\\\/schema\\\/logo\\\/image\\\/\",\"url\":\"https:\\\/\\\/vmsport.fi\\\/wp-content\\\/uploads\\\/2024\\\/12\\\/vm_sport_RGB_horisontal-e1734526017575.png\",\"contentUrl\":\"https:\\\/\\\/vmsport.fi\\\/wp-content\\\/uploads\\\/2024\\\/12\\\/vm_sport_RGB_horisontal-e1734526017575.png\",\"width\":668,\"height\":85,\"caption\":\"Vmsport\"},\"image\":{\"@id\":\"https:\\\/\\\/vmsport.fi\\\/#\\\/schema\\\/logo\\\/image\\\/\"},\"sameAs\":[\"https:\\\/\\\/www.facebook.com\\\/Vmsport.fi\\\/\",\"https:\\\/\\\/www.instagram.com\\\/vmsport\\\/\"]}]}<\/script>\n<!-- \/ Yoast SEO plugin. -->","yoast_head_json":{"title":"Selle Royal Satula Lookin Moderate - VM Sport","robots":{"index":"index","follow":"follow","max-snippet":"max-snippet:-1","max-image-preview":"max-image-preview:large","max-video-preview":"max-video-preview:-1"},"canonical":"https:\/\/vmsport.fi\/sv\/webbutik\/reservdelar\/sadlar-och-sadelstolpar\/sadlar\/den-kungliga-sadeln-ser-mattlig-ut\/","og_locale":"sv_SE","og_type":"article","og_title":"Selle Royal Satula Lookin Moderate - VM Sport","og_description":"Selle Royal -satula Lookin Moderate on suunniteltu tarjoamaan ensiluokkaista mukavuutta. ROYALGEL\u2122-pehmuste yhdess\u00e4 keskiosan aukon kanssa jakaa paineen tasaisesti v\u00e4hent\u00e4en painetta jopa 40%. Sis\u00e4\u00e4nrakennettu ELASTOMER-iskunvaimennus takaa miellytt\u00e4v\u00e4n ajon, kun taas hopeanv\u00e4riset Safe Sides -sivusuojat suojaavat satulaa iskuilta ja kulumiselta. Royal Vacuum Light -tekniikka tekee satulasta t\u00e4ysin vedenpit\u00e4v\u00e4n, jolloin ajaminen pysyy kuivana s\u00e4\u00e4lt\u00e4 riippumatta. Cool Cover -ominaisuus [...]L\u00e4s mer \u2026 from Selle Royal Satula Lookin Moderate","og_url":"https:\/\/vmsport.fi\/sv\/webbutik\/reservdelar\/sadlar-och-sadelstolpar\/sadlar\/den-kungliga-sadeln-ser-mattlig-ut\/","og_site_name":"VM Sport","article_publisher":"https:\/\/www.facebook.com\/Vmsport.fi\/","article_modified_time":"2026-01-16T11:26:06+00:00","og_image":[{"width":572,"height":572,"url":"https:\/\/vmsport.fi\/wp-content\/uploads\/2025\/03\/5235DE3A09188-01-jpg-thumb-572-572-1.png","type":"image\/png"}],"twitter_card":"summary_large_image","twitter_misc":{"Ber\u00e4knad l\u00e4stid":"1 minut"},"schema":{"@context":"https:\/\/schema.org","@graph":[{"@type":["WebPage","ItemPage"],"@id":"https:\/\/vmsport.fi\/verkkokauppa\/varaosat\/satulat-ja-satulatolpat\/satulat\/selle-royal-satula-lookin-moderate\/","url":"https:\/\/vmsport.fi\/verkkokauppa\/varaosat\/satulat-ja-satulatolpat\/satulat\/selle-royal-satula-lookin-moderate\/","name":"Selle Royal Satula Lookin Moderate - VM Sport","isPartOf":{"@id":"https:\/\/vmsport.fi\/#website"},"primaryImageOfPage":{"@id":"https:\/\/vmsport.fi\/verkkokauppa\/varaosat\/satulat-ja-satulatolpat\/satulat\/selle-royal-satula-lookin-moderate\/#primaryimage"},"image":{"@id":"https:\/\/vmsport.fi\/verkkokauppa\/varaosat\/satulat-ja-satulatolpat\/satulat\/selle-royal-satula-lookin-moderate\/#primaryimage"},"thumbnailUrl":"https:\/\/vmsport.fi\/wp-content\/uploads\/2025\/03\/5235DE3A09188-01-jpg-thumb-572-572-1.png","datePublished":"2025-03-05T21:37:01+00:00","dateModified":"2026-01-16T11:26:06+00:00","breadcrumb":{"@id":"https:\/\/vmsport.fi\/verkkokauppa\/varaosat\/satulat-ja-satulatolpat\/satulat\/selle-royal-satula-lookin-moderate\/#breadcrumb"},"inLanguage":"sv-SE","potentialAction":[{"@type":"ReadAction","target":["https:\/\/vmsport.fi\/verkkokauppa\/varaosat\/satulat-ja-satulatolpat\/satulat\/selle-royal-satula-lookin-moderate\/"]}]},{"@type":"ImageObject","inLanguage":"sv-SE","@id":"https:\/\/vmsport.fi\/verkkokauppa\/varaosat\/satulat-ja-satulatolpat\/satulat\/selle-royal-satula-lookin-moderate\/#primaryimage","url":"https:\/\/vmsport.fi\/wp-content\/uploads\/2025\/03\/5235DE3A09188-01-jpg-thumb-572-572-1.png","contentUrl":"https:\/\/vmsport.fi\/wp-content\/uploads\/2025\/03\/5235DE3A09188-01-jpg-thumb-572-572-1.png","width":572,"height":572,"caption":"5235DE3A09188-01-jpg-thumb-572-572"},{"@type":"BreadcrumbList","@id":"https:\/\/vmsport.fi\/verkkokauppa\/varaosat\/satulat-ja-satulatolpat\/satulat\/selle-royal-satula-lookin-moderate\/#breadcrumb","itemListElement":[{"@type":"ListItem","position":1,"name":"Etusivu","item":"https:\/\/vmsport.fi\/"},{"@type":"ListItem","position":2,"name":"Online Store","item":"https:\/\/vmsport.fi\/en\/online-store\/"},{"@type":"ListItem","position":3,"name":"Selle Royal Satula Lookin Moderate"}]},{"@type":"WebSite","@id":"https:\/\/vmsport.fi\/#website","url":"https:\/\/vmsport.fi\/","name":"Vmsport","description":"Allt p\u00e5 ett st\u00e4lle f\u00f6r cykling","publisher":{"@id":"https:\/\/vmsport.fi\/#organization"},"potentialAction":[{"@type":"SearchAction","target":{"@type":"EntryPoint","urlTemplate":"https:\/\/vmsport.fi\/?s={search_term_string}"},"query-input":{"@type":"PropertyValueSpecification","valueRequired":true,"valueName":"search_term_string"}}],"inLanguage":"sv-SE"},{"@type":"Organization","@id":"https:\/\/vmsport.fi\/#organization","name":"Vmsport","url":"https:\/\/vmsport.fi\/","logo":{"@type":"ImageObject","inLanguage":"sv-SE","@id":"https:\/\/vmsport.fi\/#\/schema\/logo\/image\/","url":"https:\/\/vmsport.fi\/wp-content\/uploads\/2024\/12\/vm_sport_RGB_horisontal-e1734526017575.png","contentUrl":"https:\/\/vmsport.fi\/wp-content\/uploads\/2024\/12\/vm_sport_RGB_horisontal-e1734526017575.png","width":668,"height":85,"caption":"Vmsport"},"image":{"@id":"https:\/\/vmsport.fi\/#\/schema\/logo\/image\/"},"sameAs":["https:\/\/www.facebook.com\/Vmsport.fi\/","https:\/\/www.instagram.com\/vmsport\/"]}]}},"global_unique_id":"","_links":{"self":[{"href":"https:\/\/vmsport.fi\/sv\/wp-json\/wp\/v2\/product\/53079","targetHints":{"allow":["GET"]}}],"collection":[{"href":"https:\/\/vmsport.fi\/sv\/wp-json\/wp\/v2\/product"}],"about":[{"href":"https:\/\/vmsport.fi\/sv\/wp-json\/wp\/v2\/types\/product"}],"replies":[{"embeddable":true,"href":"https:\/\/vmsport.fi\/sv\/wp-json\/wp\/v2\/comments?post=53079"}],"wp:featuredmedia":[{"embeddable":true,"href":"https:\/\/vmsport.fi\/sv\/wp-json\/wp\/v2\/media\/53077"}],"wp:attachment":[{"href":"https:\/\/vmsport.fi\/sv\/wp-json\/wp\/v2\/media?parent=53079"}],"wp:term":[{"taxonomy":"product_brand","embeddable":true,"href":"https:\/\/vmsport.fi\/sv\/wp-json\/wp\/v2\/product_brand?post=53079"},{"taxonomy":"product_model","embeddable":true,"href":"https:\/\/vmsport.fi\/sv\/wp-json\/wp\/v2\/product_model?post=53079"},{"taxonomy":"product_cat","embeddable":true,"href":"https:\/\/vmsport.fi\/sv\/wp-json\/wp\/v2\/product_cat?post=53079"},{"taxonomy":"product_tag","embeddable":true,"href":"https:\/\/vmsport.fi\/sv\/wp-json\/wp\/v2\/product_tag?post=53079"},{"taxonomy":"industry_terminology","embeddable":true,"href":"https:\/\/vmsport.fi\/sv\/wp-json\/wp\/v2\/industry-terminology?post=53079"}],"curies":[{"name":"wp","href":"https:\/\/api.w.org\/{rel}","templated":true}]}}