{"id":53076,"date":"2025-03-05T23:37:00","date_gmt":"2025-03-05T21:37:00","guid":{"rendered":"https:\/\/vmsport.fi\/verkkokauppa\/Ei-luokiteltu\/fox-full-flux-sb-hat-black\/"},"modified":"2026-03-05T10:05:11","modified_gmt":"2026-03-05T08:05:11","slug":"fox-full-flux-sb-hatt-svart","status":"publish","type":"product","link":"https:\/\/vmsport.fi\/sv\/verkkokauppa\/ajovarusteet\/vaatteet\/vapaa-ajan-vaatteet\/fox-full-flux-sb-hat-black\/","title":{"rendered":"FOX FULL FLUX SB HATT SVART"},"content":{"rendered":"<p>FOX Full Flux SB-kepsen \u00e4r en snygg svart accessoar som passar till m\u00e5nga olika outfits. Den fasta kepsen ger ett effektivt skydd mot solens str\u00e5lar, medan det andningsbara materialet ger en bekv\u00e4m b\u00e4rupplevelse. FOX-logotypen p\u00e5 framsidan av kepsen bidrar till dess stil. Tack vare justeringsm\u00f6jligheterna har kepsen en utm\u00e4rkt passform och k\u00e4nns bekv\u00e4m \u00e4ven efter l\u00e5ngvarig anv\u00e4ndning. Den h\u00e4r kepsen \u00e4r ett utm\u00e4rkt val f\u00f6r b\u00e5de vardagsbruk och utomhusaktiviteter n\u00e4r du vill ha en avslappnad men \u00e4nd\u00e5 polerad look.<\/p>","protected":false},"excerpt":{"rendered":"<p>FOX Full Flux SB -lippalakki on tyylik\u00e4s musta asuste, joka sopii moniin eri vaatekokonaisuuksiin. Kiinte\u00e4 lippa suojaa tehokkaasti auringons\u00e4teilt\u00e4, ja hengitt\u00e4v\u00e4 materiaali takaa miellytt\u00e4v\u00e4n k\u00e4ytt\u00f6kokemuksen. Lippiksen etupuolella oleva FOX-logolla varustettu kangasmerkki lis\u00e4\u00e4 lippiksen tyylikkyytt\u00e4. S\u00e4\u00e4dett\u00e4vyyden ansiosta lippalakki istuu erinomaisesti ja tuntuu mukavalta my\u00f6s pitk\u00e4aikaisessa k\u00e4yt\u00f6ss\u00e4. T\u00e4m\u00e4 lippalakki on loistava valinta sek\u00e4 arkeen ett\u00e4 ulkoiluun, kun [&#8230;]<\/p>\n<p><a class=\"btn btn-secondary understrap-read-more-link\" href=\"https:\/\/vmsport.fi\/sv\/verkkokauppa\/ajovarusteet\/vaatteet\/vapaa-ajan-vaatteet\/fox-full-flux-sb-hat-black\/\">L\u00e4s mer \u2026<span class=\"screen-reader-text\"> from FOX FULL FLUX SB HAT BLACK<\/span><\/a><\/p>\n","protected":false},"featured_media":53075,"comment_status":"open","ping_status":"closed","template":"","meta":{"_acf_changed":false,"_improvement_type_select":"improve_an_existing","_thumb_yes_seoaic":false,"_frame_yes_seoaic":false,"seoaic_generate_description":"","seoaic_improve_instructions_prompt":"","seoaic_rollback_content_improvement":"","seoaic_idea_thumbnail_generator":"","thumbnail_generated":false,"thumbnail_generate_prompt":"","seoaic_article_description":"","_supplier_stock_quantity":0},"product_brand":[45],"product_model":[],"product_cat":[9466],"product_tag":[],"industry-terminology":[],"class_list":{"0":"post-53076","1":"product","2":"type-product","3":"status-publish","4":"has-post-thumbnail","6":"product_brand-fox","7":"product_cat-vapaa-ajan-vaatteet","9":"first","10":"outofstock","11":"sale","12":"taxable","13":"shipping-taxable","14":"product-type-simple"},"acf":{"bike_features":null,"overview":{"copy_overview":null,"key_features":null,"statement":"","youtube_url":""}},"yoast_head":"<!-- This site is optimized with the Yoast SEO plugin v27.3 - https:\/\/yoast.com\/product\/yoast-seo-wordpress\/ -->\n<title>FOX FULL FLUX SB HAT BLACK - VM Sport<\/title>\n<meta name=\"robots\" content=\"index, follow, max-snippet:-1, max-image-preview:large, max-video-preview:-1\" \/>\n<link rel=\"canonical\" href=\"https:\/\/vmsport.fi\/sv\/webbutik\/korutrustning\/klader\/fritidsklader\/fox-full-flux-sb-hatt-svart\/\" \/>\n<meta property=\"og:locale\" content=\"sv_SE\" \/>\n<meta property=\"og:type\" content=\"article\" \/>\n<meta property=\"og:title\" content=\"FOX FULL FLUX SB HAT BLACK - VM Sport\" \/>\n<meta property=\"og:description\" content=\"FOX Full Flux SB -lippalakki on tyylik\u00e4s musta asuste, joka sopii moniin eri vaatekokonaisuuksiin. Kiinte\u00e4 lippa suojaa tehokkaasti auringons\u00e4teilt\u00e4, ja hengitt\u00e4v\u00e4 materiaali takaa miellytt\u00e4v\u00e4n k\u00e4ytt\u00f6kokemuksen. Lippiksen etupuolella oleva FOX-logolla varustettu kangasmerkki lis\u00e4\u00e4 lippiksen tyylikkyytt\u00e4. S\u00e4\u00e4dett\u00e4vyyden ansiosta lippalakki istuu erinomaisesti ja tuntuu mukavalta my\u00f6s pitk\u00e4aikaisessa k\u00e4yt\u00f6ss\u00e4. T\u00e4m\u00e4 lippalakki on loistava valinta sek\u00e4 arkeen ett\u00e4 ulkoiluun, kun [...]L\u00e4s mer \u2026 from FOX FULL FLUX SB HAT BLACK\" \/>\n<meta property=\"og:url\" content=\"https:\/\/vmsport.fi\/sv\/webbutik\/korutrustning\/klader\/fritidsklader\/fox-full-flux-sb-hatt-svart\/\" \/>\n<meta property=\"og:site_name\" content=\"VM Sport\" \/>\n<meta property=\"article:publisher\" content=\"https:\/\/www.facebook.com\/Vmsport.fi\/\" \/>\n<meta property=\"article:modified_time\" content=\"2026-03-05T08:05:11+00:00\" \/>\n<meta property=\"og:image\" content=\"https:\/\/vmsport.fi\/wp-content\/uploads\/2025\/03\/29915-001-Fox-Head-Mens-Womens-Full-Flux-Snapback-Patch-Cap-Hats-Kowear-01-95506-1.jpg\" \/>\n\t<meta property=\"og:image:width\" content=\"728\" \/>\n\t<meta property=\"og:image:height\" content=\"728\" \/>\n\t<meta property=\"og:image:type\" content=\"image\/jpeg\" \/>\n<meta name=\"twitter:card\" content=\"summary_large_image\" \/>\n<script type=\"application\/ld+json\" class=\"yoast-schema-graph\">{\"@context\":\"https:\\\/\\\/schema.org\",\"@graph\":[{\"@type\":[\"WebPage\",\"ItemPage\"],\"@id\":\"https:\\\/\\\/vmsport.fi\\\/verkkokauppa\\\/ajovarusteet\\\/vaatteet\\\/vapaa-ajan-vaatteet\\\/fox-full-flux-sb-hat-black\\\/\",\"url\":\"https:\\\/\\\/vmsport.fi\\\/verkkokauppa\\\/ajovarusteet\\\/vaatteet\\\/vapaa-ajan-vaatteet\\\/fox-full-flux-sb-hat-black\\\/\",\"name\":\"FOX FULL FLUX SB HAT BLACK - VM Sport\",\"isPartOf\":{\"@id\":\"https:\\\/\\\/vmsport.fi\\\/#website\"},\"primaryImageOfPage\":{\"@id\":\"https:\\\/\\\/vmsport.fi\\\/verkkokauppa\\\/ajovarusteet\\\/vaatteet\\\/vapaa-ajan-vaatteet\\\/fox-full-flux-sb-hat-black\\\/#primaryimage\"},\"image\":{\"@id\":\"https:\\\/\\\/vmsport.fi\\\/verkkokauppa\\\/ajovarusteet\\\/vaatteet\\\/vapaa-ajan-vaatteet\\\/fox-full-flux-sb-hat-black\\\/#primaryimage\"},\"thumbnailUrl\":\"https:\\\/\\\/vmsport.fi\\\/wp-content\\\/uploads\\\/2025\\\/03\\\/29915-001-Fox-Head-Mens-Womens-Full-Flux-Snapback-Patch-Cap-Hats-Kowear-01-95506-1.jpg\",\"datePublished\":\"2025-03-05T21:37:00+00:00\",\"dateModified\":\"2026-03-05T08:05:11+00:00\",\"breadcrumb\":{\"@id\":\"https:\\\/\\\/vmsport.fi\\\/verkkokauppa\\\/ajovarusteet\\\/vaatteet\\\/vapaa-ajan-vaatteet\\\/fox-full-flux-sb-hat-black\\\/#breadcrumb\"},\"inLanguage\":\"sv-SE\",\"potentialAction\":[{\"@type\":\"ReadAction\",\"target\":[\"https:\\\/\\\/vmsport.fi\\\/verkkokauppa\\\/ajovarusteet\\\/vaatteet\\\/vapaa-ajan-vaatteet\\\/fox-full-flux-sb-hat-black\\\/\"]}]},{\"@type\":\"ImageObject\",\"inLanguage\":\"sv-SE\",\"@id\":\"https:\\\/\\\/vmsport.fi\\\/verkkokauppa\\\/ajovarusteet\\\/vaatteet\\\/vapaa-ajan-vaatteet\\\/fox-full-flux-sb-hat-black\\\/#primaryimage\",\"url\":\"https:\\\/\\\/vmsport.fi\\\/wp-content\\\/uploads\\\/2025\\\/03\\\/29915-001-Fox-Head-Mens-Womens-Full-Flux-Snapback-Patch-Cap-Hats-Kowear-01-95506-1.jpg\",\"contentUrl\":\"https:\\\/\\\/vmsport.fi\\\/wp-content\\\/uploads\\\/2025\\\/03\\\/29915-001-Fox-Head-Mens-Womens-Full-Flux-Snapback-Patch-Cap-Hats-Kowear-01-95506-1.jpg\",\"width\":728,\"height\":728,\"caption\":\"29915-001-Fox-Head-Mens-Womens-Full-Flux-Snapback-Patch-Cap-Hats-Kowear-01-95506\"},{\"@type\":\"BreadcrumbList\",\"@id\":\"https:\\\/\\\/vmsport.fi\\\/verkkokauppa\\\/ajovarusteet\\\/vaatteet\\\/vapaa-ajan-vaatteet\\\/fox-full-flux-sb-hat-black\\\/#breadcrumb\",\"itemListElement\":[{\"@type\":\"ListItem\",\"position\":1,\"name\":\"Etusivu\",\"item\":\"https:\\\/\\\/vmsport.fi\\\/\"},{\"@type\":\"ListItem\",\"position\":2,\"name\":\"Online Store\",\"item\":\"https:\\\/\\\/vmsport.fi\\\/en\\\/online-store\\\/\"},{\"@type\":\"ListItem\",\"position\":3,\"name\":\"FOX FULL FLUX SB HAT BLACK\"}]},{\"@type\":\"WebSite\",\"@id\":\"https:\\\/\\\/vmsport.fi\\\/#website\",\"url\":\"https:\\\/\\\/vmsport.fi\\\/\",\"name\":\"Vmsport\",\"description\":\"Kaikki py\u00f6r\u00e4ilyyn yhdest\u00e4 paikasta\",\"publisher\":{\"@id\":\"https:\\\/\\\/vmsport.fi\\\/#organization\"},\"potentialAction\":[{\"@type\":\"SearchAction\",\"target\":{\"@type\":\"EntryPoint\",\"urlTemplate\":\"https:\\\/\\\/vmsport.fi\\\/?s={search_term_string}\"},\"query-input\":{\"@type\":\"PropertyValueSpecification\",\"valueRequired\":true,\"valueName\":\"search_term_string\"}}],\"inLanguage\":\"sv-SE\"},{\"@type\":\"Organization\",\"@id\":\"https:\\\/\\\/vmsport.fi\\\/#organization\",\"name\":\"Vmsport\",\"url\":\"https:\\\/\\\/vmsport.fi\\\/\",\"logo\":{\"@type\":\"ImageObject\",\"inLanguage\":\"sv-SE\",\"@id\":\"https:\\\/\\\/vmsport.fi\\\/#\\\/schema\\\/logo\\\/image\\\/\",\"url\":\"https:\\\/\\\/vmsport.fi\\\/wp-content\\\/uploads\\\/2024\\\/12\\\/vm_sport_RGB_horisontal-e1734526017575.png\",\"contentUrl\":\"https:\\\/\\\/vmsport.fi\\\/wp-content\\\/uploads\\\/2024\\\/12\\\/vm_sport_RGB_horisontal-e1734526017575.png\",\"width\":668,\"height\":85,\"caption\":\"Vmsport\"},\"image\":{\"@id\":\"https:\\\/\\\/vmsport.fi\\\/#\\\/schema\\\/logo\\\/image\\\/\"},\"sameAs\":[\"https:\\\/\\\/www.facebook.com\\\/Vmsport.fi\\\/\",\"https:\\\/\\\/www.instagram.com\\\/vmsport\\\/\"]}]}<\/script>\n<!-- \/ Yoast SEO plugin. -->","yoast_head_json":{"title":"FOX FULL FLUX SB HATT SVART - VM Sport","robots":{"index":"index","follow":"follow","max-snippet":"max-snippet:-1","max-image-preview":"max-image-preview:large","max-video-preview":"max-video-preview:-1"},"canonical":"https:\/\/vmsport.fi\/sv\/webbutik\/korutrustning\/klader\/fritidsklader\/fox-full-flux-sb-hatt-svart\/","og_locale":"sv_SE","og_type":"article","og_title":"FOX FULL FLUX SB HAT BLACK - VM Sport","og_description":"FOX Full Flux SB -lippalakki on tyylik\u00e4s musta asuste, joka sopii moniin eri vaatekokonaisuuksiin. Kiinte\u00e4 lippa suojaa tehokkaasti auringons\u00e4teilt\u00e4, ja hengitt\u00e4v\u00e4 materiaali takaa miellytt\u00e4v\u00e4n k\u00e4ytt\u00f6kokemuksen. Lippiksen etupuolella oleva FOX-logolla varustettu kangasmerkki lis\u00e4\u00e4 lippiksen tyylikkyytt\u00e4. S\u00e4\u00e4dett\u00e4vyyden ansiosta lippalakki istuu erinomaisesti ja tuntuu mukavalta my\u00f6s pitk\u00e4aikaisessa k\u00e4yt\u00f6ss\u00e4. T\u00e4m\u00e4 lippalakki on loistava valinta sek\u00e4 arkeen ett\u00e4 ulkoiluun, kun [...]L\u00e4s mer \u2026 from FOX FULL FLUX SB HAT BLACK","og_url":"https:\/\/vmsport.fi\/sv\/webbutik\/korutrustning\/klader\/fritidsklader\/fox-full-flux-sb-hatt-svart\/","og_site_name":"VM Sport","article_publisher":"https:\/\/www.facebook.com\/Vmsport.fi\/","article_modified_time":"2026-03-05T08:05:11+00:00","og_image":[{"width":728,"height":728,"url":"https:\/\/vmsport.fi\/wp-content\/uploads\/2025\/03\/29915-001-Fox-Head-Mens-Womens-Full-Flux-Snapback-Patch-Cap-Hats-Kowear-01-95506-1.jpg","type":"image\/jpeg"}],"twitter_card":"summary_large_image","schema":{"@context":"https:\/\/schema.org","@graph":[{"@type":["WebPage","ItemPage"],"@id":"https:\/\/vmsport.fi\/verkkokauppa\/ajovarusteet\/vaatteet\/vapaa-ajan-vaatteet\/fox-full-flux-sb-hat-black\/","url":"https:\/\/vmsport.fi\/verkkokauppa\/ajovarusteet\/vaatteet\/vapaa-ajan-vaatteet\/fox-full-flux-sb-hat-black\/","name":"FOX FULL FLUX SB HATT SVART - VM Sport","isPartOf":{"@id":"https:\/\/vmsport.fi\/#website"},"primaryImageOfPage":{"@id":"https:\/\/vmsport.fi\/verkkokauppa\/ajovarusteet\/vaatteet\/vapaa-ajan-vaatteet\/fox-full-flux-sb-hat-black\/#primaryimage"},"image":{"@id":"https:\/\/vmsport.fi\/verkkokauppa\/ajovarusteet\/vaatteet\/vapaa-ajan-vaatteet\/fox-full-flux-sb-hat-black\/#primaryimage"},"thumbnailUrl":"https:\/\/vmsport.fi\/wp-content\/uploads\/2025\/03\/29915-001-Fox-Head-Mens-Womens-Full-Flux-Snapback-Patch-Cap-Hats-Kowear-01-95506-1.jpg","datePublished":"2025-03-05T21:37:00+00:00","dateModified":"2026-03-05T08:05:11+00:00","breadcrumb":{"@id":"https:\/\/vmsport.fi\/verkkokauppa\/ajovarusteet\/vaatteet\/vapaa-ajan-vaatteet\/fox-full-flux-sb-hat-black\/#breadcrumb"},"inLanguage":"sv-SE","potentialAction":[{"@type":"ReadAction","target":["https:\/\/vmsport.fi\/verkkokauppa\/ajovarusteet\/vaatteet\/vapaa-ajan-vaatteet\/fox-full-flux-sb-hat-black\/"]}]},{"@type":"ImageObject","inLanguage":"sv-SE","@id":"https:\/\/vmsport.fi\/verkkokauppa\/ajovarusteet\/vaatteet\/vapaa-ajan-vaatteet\/fox-full-flux-sb-hat-black\/#primaryimage","url":"https:\/\/vmsport.fi\/wp-content\/uploads\/2025\/03\/29915-001-Fox-Head-Mens-Womens-Full-Flux-Snapback-Patch-Cap-Hats-Kowear-01-95506-1.jpg","contentUrl":"https:\/\/vmsport.fi\/wp-content\/uploads\/2025\/03\/29915-001-Fox-Head-Mens-Womens-Full-Flux-Snapback-Patch-Cap-Hats-Kowear-01-95506-1.jpg","width":728,"height":728,"caption":"29915-001-Fox-Head-Mens-Womens-Full-Flux-Snapback-Patch-Cap-Hats-Kowear-01-95506"},{"@type":"BreadcrumbList","@id":"https:\/\/vmsport.fi\/verkkokauppa\/ajovarusteet\/vaatteet\/vapaa-ajan-vaatteet\/fox-full-flux-sb-hat-black\/#breadcrumb","itemListElement":[{"@type":"ListItem","position":1,"name":"Etusivu","item":"https:\/\/vmsport.fi\/"},{"@type":"ListItem","position":2,"name":"Online Store","item":"https:\/\/vmsport.fi\/en\/online-store\/"},{"@type":"ListItem","position":3,"name":"FOX FULL FLUX SB HAT BLACK"}]},{"@type":"WebSite","@id":"https:\/\/vmsport.fi\/#website","url":"https:\/\/vmsport.fi\/","name":"Vmsport","description":"Allt p\u00e5 ett st\u00e4lle f\u00f6r cykling","publisher":{"@id":"https:\/\/vmsport.fi\/#organization"},"potentialAction":[{"@type":"SearchAction","target":{"@type":"EntryPoint","urlTemplate":"https:\/\/vmsport.fi\/?s={search_term_string}"},"query-input":{"@type":"PropertyValueSpecification","valueRequired":true,"valueName":"search_term_string"}}],"inLanguage":"sv-SE"},{"@type":"Organization","@id":"https:\/\/vmsport.fi\/#organization","name":"Vmsport","url":"https:\/\/vmsport.fi\/","logo":{"@type":"ImageObject","inLanguage":"sv-SE","@id":"https:\/\/vmsport.fi\/#\/schema\/logo\/image\/","url":"https:\/\/vmsport.fi\/wp-content\/uploads\/2024\/12\/vm_sport_RGB_horisontal-e1734526017575.png","contentUrl":"https:\/\/vmsport.fi\/wp-content\/uploads\/2024\/12\/vm_sport_RGB_horisontal-e1734526017575.png","width":668,"height":85,"caption":"Vmsport"},"image":{"@id":"https:\/\/vmsport.fi\/#\/schema\/logo\/image\/"},"sameAs":["https:\/\/www.facebook.com\/Vmsport.fi\/","https:\/\/www.instagram.com\/vmsport\/"]}]}},"global_unique_id":"","_links":{"self":[{"href":"https:\/\/vmsport.fi\/sv\/wp-json\/wp\/v2\/product\/53076","targetHints":{"allow":["GET"]}}],"collection":[{"href":"https:\/\/vmsport.fi\/sv\/wp-json\/wp\/v2\/product"}],"about":[{"href":"https:\/\/vmsport.fi\/sv\/wp-json\/wp\/v2\/types\/product"}],"replies":[{"embeddable":true,"href":"https:\/\/vmsport.fi\/sv\/wp-json\/wp\/v2\/comments?post=53076"}],"wp:featuredmedia":[{"embeddable":true,"href":"https:\/\/vmsport.fi\/sv\/wp-json\/wp\/v2\/media\/53075"}],"wp:attachment":[{"href":"https:\/\/vmsport.fi\/sv\/wp-json\/wp\/v2\/media?parent=53076"}],"wp:term":[{"taxonomy":"product_brand","embeddable":true,"href":"https:\/\/vmsport.fi\/sv\/wp-json\/wp\/v2\/product_brand?post=53076"},{"taxonomy":"product_model","embeddable":true,"href":"https:\/\/vmsport.fi\/sv\/wp-json\/wp\/v2\/product_model?post=53076"},{"taxonomy":"product_cat","embeddable":true,"href":"https:\/\/vmsport.fi\/sv\/wp-json\/wp\/v2\/product_cat?post=53076"},{"taxonomy":"product_tag","embeddable":true,"href":"https:\/\/vmsport.fi\/sv\/wp-json\/wp\/v2\/product_tag?post=53076"},{"taxonomy":"industry_terminology","embeddable":true,"href":"https:\/\/vmsport.fi\/sv\/wp-json\/wp\/v2\/industry-terminology?post=53076"}],"curies":[{"name":"wp","href":"https:\/\/api.w.org\/{rel}","templated":true}]}}