{"id":53074,"date":"2025-03-05T23:36:59","date_gmt":"2025-03-05T21:36:59","guid":{"rendered":"https:\/\/vmsport.fi\/verkkokauppa\/Ei-luokiteltu\/sram-cassette-pg-1030-10-speed-11-36t\/"},"modified":"2026-01-16T13:21:13","modified_gmt":"2026-01-16T11:21:13","slug":"sram-cassette-pg-1030-10-speed-11-36t","status":"publish","type":"product","link":"https:\/\/vmsport.fi\/sv\/verkkokauppa\/varaosat\/voimansiirto\/takarattaat\/sram-cassette-pg-1030-10-speed-11-36t\/","title":{"rendered":"SRAM kassett PG-1030 10 v\u00e4xlar 11-36T"},"content":{"rendered":"<p>SRAM PG-1030 -kasetti on suunniteltu tarjoamaan 10-vaihteisen ajokokemuksen, jossa 11-36T-v\u00e4litykset tarjoavat laajan vaihdevalikoiman. PowerGlide II\u2122 -tekniikka parantaa vaihtosuorituskyky\u00e4 erityisesti maastossa, mahdollistamalla saumattoman ja luotettavan vaihdon vaihteiden v\u00e4lill\u00e4. Optimaalinen hammasprofiili ja innovatiivinen vaihteistotuki varmistavat nopeat ja tarkat vaihdot.<\/p>\n<p>Nikkelip\u00e4\u00e4llysteinen kromiviimeistely lis\u00e4\u00e4 kest\u00e4vyytt\u00e4 ja kulutuksenkest\u00e4vyytt\u00e4, mik\u00e4 tekee kasetista pitk\u00e4ik\u00e4isen kumppanin py\u00f6r\u00e4ilyyn. Kasetti soveltuu erinomaisesti 10-vaihteisille Powerchain-j\u00e4rjestelmille, ja se on suunniteltu k\u00e4ytett\u00e4v\u00e4ksi sek\u00e4 maastopy\u00f6riss\u00e4 ett\u00e4 maantiepy\u00f6riss\u00e4, mukaan lukien Road L- ja UDH-vaihtajat. T\u00e4m\u00e4 kasetti on t\u00e4ydellinen valinta vaativille py\u00f6r\u00e4ilij\u00f6ille, jotka arvostavat tehokasta ja luotettavaa vaihtamista monipuolisissa olosuhteissa.<\/p>","protected":false},"excerpt":{"rendered":"<p>SRAM PG-1030 -kasetti on suunniteltu tarjoamaan 10-vaihteisen ajokokemuksen, jossa 11-36T-v\u00e4litykset tarjoavat laajan vaihdevalikoiman. PowerGlide II\u2122 -tekniikka parantaa vaihtosuorituskyky\u00e4 erityisesti maastossa, mahdollistamalla saumattoman ja luotettavan vaihdon vaihteiden v\u00e4lill\u00e4. Optimaalinen hammasprofiili ja innovatiivinen vaihteistotuki varmistavat nopeat ja tarkat vaihdot. Nikkelip\u00e4\u00e4llysteinen kromiviimeistely lis\u00e4\u00e4 kest\u00e4vyytt\u00e4 ja kulutuksenkest\u00e4vyytt\u00e4, mik\u00e4 tekee kasetista pitk\u00e4ik\u00e4isen kumppanin py\u00f6r\u00e4ilyyn. Kasetti soveltuu erinomaisesti 10-vaihteisille Powerchain-j\u00e4rjestelmille, ja [&#8230;]<\/p>\n<p><a class=\"btn btn-secondary understrap-read-more-link\" href=\"https:\/\/vmsport.fi\/sv\/verkkokauppa\/varaosat\/voimansiirto\/takarattaat\/sram-cassette-pg-1030-10-speed-11-36t\/\">L\u00e4s mer \u2026<span class=\"screen-reader-text\"> from SRAM Cassette PG-1030 10 speed 11-36T<\/span><\/a><\/p>\n","protected":false},"featured_media":53073,"comment_status":"open","ping_status":"closed","template":"","meta":{"_acf_changed":false,"_improvement_type_select":"improve_an_existing","_thumb_yes_seoaic":false,"_frame_yes_seoaic":false,"seoaic_generate_description":"","seoaic_improve_instructions_prompt":"","seoaic_rollback_content_improvement":"","seoaic_idea_thumbnail_generator":"","thumbnail_generated":false,"thumbnail_generate_prompt":"","seoaic_article_description":"","_supplier_stock_quantity":0},"product_brand":[1588],"product_model":[],"product_cat":[9348],"product_tag":[],"industry-terminology":[],"class_list":{"0":"post-53074","1":"product","2":"type-product","3":"status-publish","4":"has-post-thumbnail","6":"product_brand-sram","7":"product_cat-takarattaat","9":"first","10":"outofstock","11":"taxable","12":"shipping-taxable","13":"product-type-simple"},"acf":{"bike_features":null,"overview":{"copy_overview":null,"key_features":null,"statement":"","youtube_url":""}},"yoast_head":"<!-- This site is optimized with the Yoast SEO plugin v27.3 - https:\/\/yoast.com\/product\/yoast-seo-wordpress\/ -->\n<title>SRAM Cassette PG-1030 10 speed 11-36T - VM Sport<\/title>\n<meta name=\"robots\" content=\"index, follow, max-snippet:-1, max-image-preview:large, max-video-preview:-1\" \/>\n<link rel=\"canonical\" href=\"https:\/\/vmsport.fi\/sv\/webbutik\/reservdelar\/transmission\/takarattaat\/sram-cassette-pg-1030-10-speed-11-36t\/\" \/>\n<meta property=\"og:locale\" content=\"sv_SE\" \/>\n<meta property=\"og:type\" content=\"article\" \/>\n<meta property=\"og:title\" content=\"SRAM Cassette PG-1030 10 speed 11-36T - VM Sport\" \/>\n<meta property=\"og:description\" content=\"SRAM PG-1030 -kasetti on suunniteltu tarjoamaan 10-vaihteisen ajokokemuksen, jossa 11-36T-v\u00e4litykset tarjoavat laajan vaihdevalikoiman. PowerGlide II\u2122 -tekniikka parantaa vaihtosuorituskyky\u00e4 erityisesti maastossa, mahdollistamalla saumattoman ja luotettavan vaihdon vaihteiden v\u00e4lill\u00e4. Optimaalinen hammasprofiili ja innovatiivinen vaihteistotuki varmistavat nopeat ja tarkat vaihdot. Nikkelip\u00e4\u00e4llysteinen kromiviimeistely lis\u00e4\u00e4 kest\u00e4vyytt\u00e4 ja kulutuksenkest\u00e4vyytt\u00e4, mik\u00e4 tekee kasetista pitk\u00e4ik\u00e4isen kumppanin py\u00f6r\u00e4ilyyn. Kasetti soveltuu erinomaisesti 10-vaihteisille Powerchain-j\u00e4rjestelmille, ja [...]L\u00e4s mer \u2026 from SRAM Cassette PG-1030 10 speed 11-36T\" \/>\n<meta property=\"og:url\" content=\"https:\/\/vmsport.fi\/sv\/webbutik\/reservdelar\/transmission\/takarattaat\/sram-cassette-pg-1030-10-speed-11-36t\/\" \/>\n<meta property=\"og:site_name\" content=\"VM Sport\" \/>\n<meta property=\"article:publisher\" content=\"https:\/\/www.facebook.com\/Vmsport.fi\/\" \/>\n<meta property=\"article:modified_time\" content=\"2026-01-16T11:21:13+00:00\" \/>\n<meta property=\"og:image\" content=\"https:\/\/vmsport.fi\/wp-content\/uploads\/2025\/03\/BRrDVhkgE6qoHfG3crqkIvxxNh1V2Kyap3ay0llbA2q2bTsQFN-1.jpg\" \/>\n\t<meta property=\"og:image:width\" content=\"800\" \/>\n\t<meta property=\"og:image:height\" content=\"800\" \/>\n\t<meta property=\"og:image:type\" content=\"image\/jpeg\" \/>\n<meta name=\"twitter:card\" content=\"summary_large_image\" \/>\n<meta name=\"twitter:label1\" content=\"Ber\u00e4knad l\u00e4stid\" \/>\n\t<meta name=\"twitter:data1\" content=\"1 minut\" \/>\n<script type=\"application\/ld+json\" class=\"yoast-schema-graph\">{\"@context\":\"https:\\\/\\\/schema.org\",\"@graph\":[{\"@type\":[\"WebPage\",\"ItemPage\"],\"@id\":\"https:\\\/\\\/vmsport.fi\\\/verkkokauppa\\\/varaosat\\\/voimansiirto\\\/takarattaat\\\/sram-cassette-pg-1030-10-speed-11-36t\\\/\",\"url\":\"https:\\\/\\\/vmsport.fi\\\/verkkokauppa\\\/varaosat\\\/voimansiirto\\\/takarattaat\\\/sram-cassette-pg-1030-10-speed-11-36t\\\/\",\"name\":\"SRAM Cassette PG-1030 10 speed 11-36T - VM Sport\",\"isPartOf\":{\"@id\":\"https:\\\/\\\/vmsport.fi\\\/#website\"},\"primaryImageOfPage\":{\"@id\":\"https:\\\/\\\/vmsport.fi\\\/verkkokauppa\\\/varaosat\\\/voimansiirto\\\/takarattaat\\\/sram-cassette-pg-1030-10-speed-11-36t\\\/#primaryimage\"},\"image\":{\"@id\":\"https:\\\/\\\/vmsport.fi\\\/verkkokauppa\\\/varaosat\\\/voimansiirto\\\/takarattaat\\\/sram-cassette-pg-1030-10-speed-11-36t\\\/#primaryimage\"},\"thumbnailUrl\":\"https:\\\/\\\/vmsport.fi\\\/wp-content\\\/uploads\\\/2025\\\/03\\\/BRrDVhkgE6qoHfG3crqkIvxxNh1V2Kyap3ay0llbA2q2bTsQFN-1.jpg\",\"datePublished\":\"2025-03-05T21:36:59+00:00\",\"dateModified\":\"2026-01-16T11:21:13+00:00\",\"breadcrumb\":{\"@id\":\"https:\\\/\\\/vmsport.fi\\\/verkkokauppa\\\/varaosat\\\/voimansiirto\\\/takarattaat\\\/sram-cassette-pg-1030-10-speed-11-36t\\\/#breadcrumb\"},\"inLanguage\":\"sv-SE\",\"potentialAction\":[{\"@type\":\"ReadAction\",\"target\":[\"https:\\\/\\\/vmsport.fi\\\/verkkokauppa\\\/varaosat\\\/voimansiirto\\\/takarattaat\\\/sram-cassette-pg-1030-10-speed-11-36t\\\/\"]}]},{\"@type\":\"ImageObject\",\"inLanguage\":\"sv-SE\",\"@id\":\"https:\\\/\\\/vmsport.fi\\\/verkkokauppa\\\/varaosat\\\/voimansiirto\\\/takarattaat\\\/sram-cassette-pg-1030-10-speed-11-36t\\\/#primaryimage\",\"url\":\"https:\\\/\\\/vmsport.fi\\\/wp-content\\\/uploads\\\/2025\\\/03\\\/BRrDVhkgE6qoHfG3crqkIvxxNh1V2Kyap3ay0llbA2q2bTsQFN-1.jpg\",\"contentUrl\":\"https:\\\/\\\/vmsport.fi\\\/wp-content\\\/uploads\\\/2025\\\/03\\\/BRrDVhkgE6qoHfG3crqkIvxxNh1V2Kyap3ay0llbA2q2bTsQFN-1.jpg\",\"width\":800,\"height\":800,\"caption\":\"BRrDVhkgE6qoHfG3crqkIvxxNh1V2Kyap3ay0llbA2q2bTsQFN\"},{\"@type\":\"BreadcrumbList\",\"@id\":\"https:\\\/\\\/vmsport.fi\\\/verkkokauppa\\\/varaosat\\\/voimansiirto\\\/takarattaat\\\/sram-cassette-pg-1030-10-speed-11-36t\\\/#breadcrumb\",\"itemListElement\":[{\"@type\":\"ListItem\",\"position\":1,\"name\":\"Etusivu\",\"item\":\"https:\\\/\\\/vmsport.fi\\\/\"},{\"@type\":\"ListItem\",\"position\":2,\"name\":\"Online Store\",\"item\":\"https:\\\/\\\/vmsport.fi\\\/en\\\/online-store\\\/\"},{\"@type\":\"ListItem\",\"position\":3,\"name\":\"SRAM Cassette PG-1030 10 speed 11-36T\"}]},{\"@type\":\"WebSite\",\"@id\":\"https:\\\/\\\/vmsport.fi\\\/#website\",\"url\":\"https:\\\/\\\/vmsport.fi\\\/\",\"name\":\"Vmsport\",\"description\":\"Kaikki py\u00f6r\u00e4ilyyn yhdest\u00e4 paikasta\",\"publisher\":{\"@id\":\"https:\\\/\\\/vmsport.fi\\\/#organization\"},\"potentialAction\":[{\"@type\":\"SearchAction\",\"target\":{\"@type\":\"EntryPoint\",\"urlTemplate\":\"https:\\\/\\\/vmsport.fi\\\/?s={search_term_string}\"},\"query-input\":{\"@type\":\"PropertyValueSpecification\",\"valueRequired\":true,\"valueName\":\"search_term_string\"}}],\"inLanguage\":\"sv-SE\"},{\"@type\":\"Organization\",\"@id\":\"https:\\\/\\\/vmsport.fi\\\/#organization\",\"name\":\"Vmsport\",\"url\":\"https:\\\/\\\/vmsport.fi\\\/\",\"logo\":{\"@type\":\"ImageObject\",\"inLanguage\":\"sv-SE\",\"@id\":\"https:\\\/\\\/vmsport.fi\\\/#\\\/schema\\\/logo\\\/image\\\/\",\"url\":\"https:\\\/\\\/vmsport.fi\\\/wp-content\\\/uploads\\\/2024\\\/12\\\/vm_sport_RGB_horisontal-e1734526017575.png\",\"contentUrl\":\"https:\\\/\\\/vmsport.fi\\\/wp-content\\\/uploads\\\/2024\\\/12\\\/vm_sport_RGB_horisontal-e1734526017575.png\",\"width\":668,\"height\":85,\"caption\":\"Vmsport\"},\"image\":{\"@id\":\"https:\\\/\\\/vmsport.fi\\\/#\\\/schema\\\/logo\\\/image\\\/\"},\"sameAs\":[\"https:\\\/\\\/www.facebook.com\\\/Vmsport.fi\\\/\",\"https:\\\/\\\/www.instagram.com\\\/vmsport\\\/\"]}]}<\/script>\n<!-- \/ Yoast SEO plugin. -->","yoast_head_json":{"title":"SRAM Cassette PG-1030 10 speed 11-36T - VM Sport","robots":{"index":"index","follow":"follow","max-snippet":"max-snippet:-1","max-image-preview":"max-image-preview:large","max-video-preview":"max-video-preview:-1"},"canonical":"https:\/\/vmsport.fi\/sv\/webbutik\/reservdelar\/transmission\/takarattaat\/sram-cassette-pg-1030-10-speed-11-36t\/","og_locale":"sv_SE","og_type":"article","og_title":"SRAM Cassette PG-1030 10 speed 11-36T - VM Sport","og_description":"SRAM PG-1030 -kasetti on suunniteltu tarjoamaan 10-vaihteisen ajokokemuksen, jossa 11-36T-v\u00e4litykset tarjoavat laajan vaihdevalikoiman. PowerGlide II\u2122 -tekniikka parantaa vaihtosuorituskyky\u00e4 erityisesti maastossa, mahdollistamalla saumattoman ja luotettavan vaihdon vaihteiden v\u00e4lill\u00e4. Optimaalinen hammasprofiili ja innovatiivinen vaihteistotuki varmistavat nopeat ja tarkat vaihdot. Nikkelip\u00e4\u00e4llysteinen kromiviimeistely lis\u00e4\u00e4 kest\u00e4vyytt\u00e4 ja kulutuksenkest\u00e4vyytt\u00e4, mik\u00e4 tekee kasetista pitk\u00e4ik\u00e4isen kumppanin py\u00f6r\u00e4ilyyn. Kasetti soveltuu erinomaisesti 10-vaihteisille Powerchain-j\u00e4rjestelmille, ja [...]L\u00e4s mer \u2026 from SRAM Cassette PG-1030 10 speed 11-36T","og_url":"https:\/\/vmsport.fi\/sv\/webbutik\/reservdelar\/transmission\/takarattaat\/sram-cassette-pg-1030-10-speed-11-36t\/","og_site_name":"VM Sport","article_publisher":"https:\/\/www.facebook.com\/Vmsport.fi\/","article_modified_time":"2026-01-16T11:21:13+00:00","og_image":[{"width":800,"height":800,"url":"https:\/\/vmsport.fi\/wp-content\/uploads\/2025\/03\/BRrDVhkgE6qoHfG3crqkIvxxNh1V2Kyap3ay0llbA2q2bTsQFN-1.jpg","type":"image\/jpeg"}],"twitter_card":"summary_large_image","twitter_misc":{"Ber\u00e4knad l\u00e4stid":"1 minut"},"schema":{"@context":"https:\/\/schema.org","@graph":[{"@type":["WebPage","ItemPage"],"@id":"https:\/\/vmsport.fi\/verkkokauppa\/varaosat\/voimansiirto\/takarattaat\/sram-cassette-pg-1030-10-speed-11-36t\/","url":"https:\/\/vmsport.fi\/verkkokauppa\/varaosat\/voimansiirto\/takarattaat\/sram-cassette-pg-1030-10-speed-11-36t\/","name":"SRAM Cassette PG-1030 10 speed 11-36T - VM Sport","isPartOf":{"@id":"https:\/\/vmsport.fi\/#website"},"primaryImageOfPage":{"@id":"https:\/\/vmsport.fi\/verkkokauppa\/varaosat\/voimansiirto\/takarattaat\/sram-cassette-pg-1030-10-speed-11-36t\/#primaryimage"},"image":{"@id":"https:\/\/vmsport.fi\/verkkokauppa\/varaosat\/voimansiirto\/takarattaat\/sram-cassette-pg-1030-10-speed-11-36t\/#primaryimage"},"thumbnailUrl":"https:\/\/vmsport.fi\/wp-content\/uploads\/2025\/03\/BRrDVhkgE6qoHfG3crqkIvxxNh1V2Kyap3ay0llbA2q2bTsQFN-1.jpg","datePublished":"2025-03-05T21:36:59+00:00","dateModified":"2026-01-16T11:21:13+00:00","breadcrumb":{"@id":"https:\/\/vmsport.fi\/verkkokauppa\/varaosat\/voimansiirto\/takarattaat\/sram-cassette-pg-1030-10-speed-11-36t\/#breadcrumb"},"inLanguage":"sv-SE","potentialAction":[{"@type":"ReadAction","target":["https:\/\/vmsport.fi\/verkkokauppa\/varaosat\/voimansiirto\/takarattaat\/sram-cassette-pg-1030-10-speed-11-36t\/"]}]},{"@type":"ImageObject","inLanguage":"sv-SE","@id":"https:\/\/vmsport.fi\/verkkokauppa\/varaosat\/voimansiirto\/takarattaat\/sram-cassette-pg-1030-10-speed-11-36t\/#primaryimage","url":"https:\/\/vmsport.fi\/wp-content\/uploads\/2025\/03\/BRrDVhkgE6qoHfG3crqkIvxxNh1V2Kyap3ay0llbA2q2bTsQFN-1.jpg","contentUrl":"https:\/\/vmsport.fi\/wp-content\/uploads\/2025\/03\/BRrDVhkgE6qoHfG3crqkIvxxNh1V2Kyap3ay0llbA2q2bTsQFN-1.jpg","width":800,"height":800,"caption":"BRrDVhkgE6qoHfG3crqkIvxxNh1V2Kyap3ay0llbA2q2bTsQFN"},{"@type":"BreadcrumbList","@id":"https:\/\/vmsport.fi\/verkkokauppa\/varaosat\/voimansiirto\/takarattaat\/sram-cassette-pg-1030-10-speed-11-36t\/#breadcrumb","itemListElement":[{"@type":"ListItem","position":1,"name":"Etusivu","item":"https:\/\/vmsport.fi\/"},{"@type":"ListItem","position":2,"name":"Online Store","item":"https:\/\/vmsport.fi\/en\/online-store\/"},{"@type":"ListItem","position":3,"name":"SRAM Cassette PG-1030 10 speed 11-36T"}]},{"@type":"WebSite","@id":"https:\/\/vmsport.fi\/#website","url":"https:\/\/vmsport.fi\/","name":"Vmsport","description":"Allt p\u00e5 ett st\u00e4lle f\u00f6r cykling","publisher":{"@id":"https:\/\/vmsport.fi\/#organization"},"potentialAction":[{"@type":"SearchAction","target":{"@type":"EntryPoint","urlTemplate":"https:\/\/vmsport.fi\/?s={search_term_string}"},"query-input":{"@type":"PropertyValueSpecification","valueRequired":true,"valueName":"search_term_string"}}],"inLanguage":"sv-SE"},{"@type":"Organization","@id":"https:\/\/vmsport.fi\/#organization","name":"Vmsport","url":"https:\/\/vmsport.fi\/","logo":{"@type":"ImageObject","inLanguage":"sv-SE","@id":"https:\/\/vmsport.fi\/#\/schema\/logo\/image\/","url":"https:\/\/vmsport.fi\/wp-content\/uploads\/2024\/12\/vm_sport_RGB_horisontal-e1734526017575.png","contentUrl":"https:\/\/vmsport.fi\/wp-content\/uploads\/2024\/12\/vm_sport_RGB_horisontal-e1734526017575.png","width":668,"height":85,"caption":"Vmsport"},"image":{"@id":"https:\/\/vmsport.fi\/#\/schema\/logo\/image\/"},"sameAs":["https:\/\/www.facebook.com\/Vmsport.fi\/","https:\/\/www.instagram.com\/vmsport\/"]}]}},"global_unique_id":"","_links":{"self":[{"href":"https:\/\/vmsport.fi\/sv\/wp-json\/wp\/v2\/product\/53074","targetHints":{"allow":["GET"]}}],"collection":[{"href":"https:\/\/vmsport.fi\/sv\/wp-json\/wp\/v2\/product"}],"about":[{"href":"https:\/\/vmsport.fi\/sv\/wp-json\/wp\/v2\/types\/product"}],"replies":[{"embeddable":true,"href":"https:\/\/vmsport.fi\/sv\/wp-json\/wp\/v2\/comments?post=53074"}],"wp:featuredmedia":[{"embeddable":true,"href":"https:\/\/vmsport.fi\/sv\/wp-json\/wp\/v2\/media\/53073"}],"wp:attachment":[{"href":"https:\/\/vmsport.fi\/sv\/wp-json\/wp\/v2\/media?parent=53074"}],"wp:term":[{"taxonomy":"product_brand","embeddable":true,"href":"https:\/\/vmsport.fi\/sv\/wp-json\/wp\/v2\/product_brand?post=53074"},{"taxonomy":"product_model","embeddable":true,"href":"https:\/\/vmsport.fi\/sv\/wp-json\/wp\/v2\/product_model?post=53074"},{"taxonomy":"product_cat","embeddable":true,"href":"https:\/\/vmsport.fi\/sv\/wp-json\/wp\/v2\/product_cat?post=53074"},{"taxonomy":"product_tag","embeddable":true,"href":"https:\/\/vmsport.fi\/sv\/wp-json\/wp\/v2\/product_tag?post=53074"},{"taxonomy":"industry_terminology","embeddable":true,"href":"https:\/\/vmsport.fi\/sv\/wp-json\/wp\/v2\/industry-terminology?post=53074"}],"curies":[{"name":"wp","href":"https:\/\/api.w.org\/{rel}","templated":true}]}}