{"id":53061,"date":"2025-03-05T23:36:48","date_gmt":"2025-03-05T21:36:48","guid":{"rendered":"https:\/\/vmsport.fi\/verkkokauppa\/Ei-luokiteltu\/poc-oseus-vpd-elbow\/"},"modified":"2026-03-10T02:00:27","modified_gmt":"2026-03-10T00:00:27","slug":"poc-oseus-vpd-armbage","status":"publish","type":"product","link":"https:\/\/vmsport.fi\/sv\/verkkokauppa\/ajovarusteet\/suojavarusteet\/kyynarsuojat\/poc-oseus-vpd-elbow\/","title":{"rendered":"POC Oseus VPD armb\u00e5ge"},"content":{"rendered":"<p>POC Oseus VPD armb\u00e5gsskydd ger utm\u00e4rkt skydd i sporter d\u00e4r p\u00e5litlig utrustning kr\u00e4vs. Det innovativa VPD-materialet anpassar sig till b\u00e4rarens r\u00f6relser och \u00f6kar komforten i skydden. Den svarta f\u00e4rgen f\u00f6rst\u00e4rker elegansen och de slitstarka materialen garanterar l\u00e5ng livsl\u00e4ngd. Dessa armb\u00e5gsskydd \u00e4r utformade f\u00f6r aktiva anv\u00e4ndare som v\u00e4rdes\u00e4tter skydd och r\u00f6relsefrihet och \u00e4r det perfekta tillbeh\u00f6ret f\u00f6r sportprestationer.<\/p>","protected":false},"excerpt":{"rendered":"<p>POC Oseus VPD Elbow -suojat tarjoavat erinomaisen suojan lajeissa, joissa tarvitaan luotettavaa varustusta. Innovatiivinen VPD-materiaali mukautuu k\u00e4ytt\u00e4j\u00e4n liikkeisiin, mik\u00e4 lis\u00e4\u00e4 suojien k\u00e4ytt\u00f6mukavuutta. Musta v\u00e4ri korostaa tyylikkyytt\u00e4, ja kest\u00e4v\u00e4t materiaalit takaavat pitk\u00e4ik\u00e4isyyden. Suojat on suunniteltu aktiivisille liikkujille, jotka arvostavat suojaa ja liikkumavapautta, joten n\u00e4m\u00e4 kyyn\u00e4rsuojat ovat t\u00e4ydellinen lis\u00e4varuste urheilusuoritukseen. [&#8230;]<\/p>\n<p><a class=\"btn btn-secondary understrap-read-more-link\" href=\"https:\/\/vmsport.fi\/sv\/verkkokauppa\/ajovarusteet\/suojavarusteet\/kyynarsuojat\/poc-oseus-vpd-elbow\/\">L\u00e4s mer \u2026<span class=\"screen-reader-text\"> from POC Oseus VPD Elbow<\/span><\/a><\/p>\n","protected":false},"featured_media":53057,"comment_status":"open","ping_status":"closed","template":"","meta":{"_acf_changed":false,"_improvement_type_select":"improve_an_existing","_thumb_yes_seoaic":false,"_frame_yes_seoaic":false,"seoaic_generate_description":"","seoaic_improve_instructions_prompt":"","seoaic_rollback_content_improvement":"","seoaic_idea_thumbnail_generator":"","thumbnail_generated":false,"thumbnail_generate_prompt":"","seoaic_article_description":"","_supplier_stock_quantity":0},"product_brand":[],"product_model":[],"product_cat":[9508],"product_tag":[],"industry-terminology":[],"class_list":{"0":"post-53061","1":"product","2":"type-product","3":"status-publish","4":"has-post-thumbnail","6":"product_cat-kyynarsuojat","8":"first","9":"instock","10":"taxable","11":"shipping-taxable","12":"purchasable","13":"product-type-variable"},"acf":{"bike_features":null,"overview":{"copy_overview":null,"key_features":null,"statement":"","youtube_url":""}},"yoast_head":"<!-- This site is optimized with the Yoast SEO plugin v27.3 - https:\/\/yoast.com\/product\/yoast-seo-wordpress\/ -->\n<title>POC Oseus VPD Elbow - VM Sport<\/title>\n<meta name=\"robots\" content=\"index, follow, max-snippet:-1, max-image-preview:large, max-video-preview:-1\" \/>\n<link rel=\"canonical\" href=\"https:\/\/vmsport.fi\/sv\/webbutik\/korutrustning\/skyddsutrustning\/rivskydd\/poc-oseus-vpd-armbage\/\" \/>\n<meta property=\"og:locale\" content=\"sv_SE\" \/>\n<meta property=\"og:type\" content=\"article\" \/>\n<meta property=\"og:title\" content=\"POC Oseus VPD Elbow - VM Sport\" \/>\n<meta property=\"og:description\" content=\"POC Oseus VPD Elbow -suojat tarjoavat erinomaisen suojan lajeissa, joissa tarvitaan luotettavaa varustusta. Innovatiivinen VPD-materiaali mukautuu k\u00e4ytt\u00e4j\u00e4n liikkeisiin, mik\u00e4 lis\u00e4\u00e4 suojien k\u00e4ytt\u00f6mukavuutta. Musta v\u00e4ri korostaa tyylikkyytt\u00e4, ja kest\u00e4v\u00e4t materiaalit takaavat pitk\u00e4ik\u00e4isyyden. Suojat on suunniteltu aktiivisille liikkujille, jotka arvostavat suojaa ja liikkumavapautta, joten n\u00e4m\u00e4 kyyn\u00e4rsuojat ovat t\u00e4ydellinen lis\u00e4varuste urheilusuoritukseen. [...]L\u00e4s mer \u2026 from POC Oseus VPD Elbow\" \/>\n<meta property=\"og:url\" content=\"https:\/\/vmsport.fi\/sv\/webbutik\/korutrustning\/skyddsutrustning\/rivskydd\/poc-oseus-vpd-armbage\/\" \/>\n<meta property=\"og:site_name\" content=\"VM Sport\" \/>\n<meta property=\"article:publisher\" content=\"https:\/\/www.facebook.com\/Vmsport.fi\/\" \/>\n<meta property=\"article:modified_time\" content=\"2026-03-10T00:00:27+00:00\" \/>\n<meta property=\"og:image\" content=\"https:\/\/vmsport.fi\/wp-content\/uploads\/2025\/03\/20382-OseusVPDElbow-1002-UraniumBlack-front-1.png\" \/>\n\t<meta property=\"og:image:width\" content=\"680\" \/>\n\t<meta property=\"og:image:height\" content=\"1000\" \/>\n\t<meta property=\"og:image:type\" content=\"image\/png\" \/>\n<meta name=\"twitter:card\" content=\"summary_large_image\" \/>\n<script type=\"application\/ld+json\" class=\"yoast-schema-graph\">{\"@context\":\"https:\\\/\\\/schema.org\",\"@graph\":[{\"@type\":[\"WebPage\",\"ItemPage\"],\"@id\":\"https:\\\/\\\/vmsport.fi\\\/verkkokauppa\\\/ajovarusteet\\\/suojavarusteet\\\/kyynarsuojat\\\/poc-oseus-vpd-elbow\\\/\",\"url\":\"https:\\\/\\\/vmsport.fi\\\/verkkokauppa\\\/ajovarusteet\\\/suojavarusteet\\\/kyynarsuojat\\\/poc-oseus-vpd-elbow\\\/\",\"name\":\"POC Oseus VPD Elbow - VM Sport\",\"isPartOf\":{\"@id\":\"https:\\\/\\\/vmsport.fi\\\/#website\"},\"primaryImageOfPage\":{\"@id\":\"https:\\\/\\\/vmsport.fi\\\/verkkokauppa\\\/ajovarusteet\\\/suojavarusteet\\\/kyynarsuojat\\\/poc-oseus-vpd-elbow\\\/#primaryimage\"},\"image\":{\"@id\":\"https:\\\/\\\/vmsport.fi\\\/verkkokauppa\\\/ajovarusteet\\\/suojavarusteet\\\/kyynarsuojat\\\/poc-oseus-vpd-elbow\\\/#primaryimage\"},\"thumbnailUrl\":\"https:\\\/\\\/vmsport.fi\\\/wp-content\\\/uploads\\\/2025\\\/03\\\/20382-OseusVPDElbow-1002-UraniumBlack-front-1.png\",\"datePublished\":\"2025-03-05T21:36:48+00:00\",\"dateModified\":\"2026-03-10T00:00:27+00:00\",\"breadcrumb\":{\"@id\":\"https:\\\/\\\/vmsport.fi\\\/verkkokauppa\\\/ajovarusteet\\\/suojavarusteet\\\/kyynarsuojat\\\/poc-oseus-vpd-elbow\\\/#breadcrumb\"},\"inLanguage\":\"sv-SE\",\"potentialAction\":[{\"@type\":\"ReadAction\",\"target\":[\"https:\\\/\\\/vmsport.fi\\\/verkkokauppa\\\/ajovarusteet\\\/suojavarusteet\\\/kyynarsuojat\\\/poc-oseus-vpd-elbow\\\/\"]}]},{\"@type\":\"ImageObject\",\"inLanguage\":\"sv-SE\",\"@id\":\"https:\\\/\\\/vmsport.fi\\\/verkkokauppa\\\/ajovarusteet\\\/suojavarusteet\\\/kyynarsuojat\\\/poc-oseus-vpd-elbow\\\/#primaryimage\",\"url\":\"https:\\\/\\\/vmsport.fi\\\/wp-content\\\/uploads\\\/2025\\\/03\\\/20382-OseusVPDElbow-1002-UraniumBlack-front-1.png\",\"contentUrl\":\"https:\\\/\\\/vmsport.fi\\\/wp-content\\\/uploads\\\/2025\\\/03\\\/20382-OseusVPDElbow-1002-UraniumBlack-front-1.png\",\"width\":680,\"height\":1000,\"caption\":\"20382-OseusVPDElbow-1002-UraniumBlack-front\"},{\"@type\":\"BreadcrumbList\",\"@id\":\"https:\\\/\\\/vmsport.fi\\\/verkkokauppa\\\/ajovarusteet\\\/suojavarusteet\\\/kyynarsuojat\\\/poc-oseus-vpd-elbow\\\/#breadcrumb\",\"itemListElement\":[{\"@type\":\"ListItem\",\"position\":1,\"name\":\"Etusivu\",\"item\":\"https:\\\/\\\/vmsport.fi\\\/\"},{\"@type\":\"ListItem\",\"position\":2,\"name\":\"Online Store\",\"item\":\"https:\\\/\\\/vmsport.fi\\\/en\\\/online-store\\\/\"},{\"@type\":\"ListItem\",\"position\":3,\"name\":\"POC Oseus VPD Elbow\"}]},{\"@type\":\"WebSite\",\"@id\":\"https:\\\/\\\/vmsport.fi\\\/#website\",\"url\":\"https:\\\/\\\/vmsport.fi\\\/\",\"name\":\"Vmsport\",\"description\":\"Kaikki py\u00f6r\u00e4ilyyn yhdest\u00e4 paikasta\",\"publisher\":{\"@id\":\"https:\\\/\\\/vmsport.fi\\\/#organization\"},\"potentialAction\":[{\"@type\":\"SearchAction\",\"target\":{\"@type\":\"EntryPoint\",\"urlTemplate\":\"https:\\\/\\\/vmsport.fi\\\/?s={search_term_string}\"},\"query-input\":{\"@type\":\"PropertyValueSpecification\",\"valueRequired\":true,\"valueName\":\"search_term_string\"}}],\"inLanguage\":\"sv-SE\"},{\"@type\":\"Organization\",\"@id\":\"https:\\\/\\\/vmsport.fi\\\/#organization\",\"name\":\"Vmsport\",\"url\":\"https:\\\/\\\/vmsport.fi\\\/\",\"logo\":{\"@type\":\"ImageObject\",\"inLanguage\":\"sv-SE\",\"@id\":\"https:\\\/\\\/vmsport.fi\\\/#\\\/schema\\\/logo\\\/image\\\/\",\"url\":\"https:\\\/\\\/vmsport.fi\\\/wp-content\\\/uploads\\\/2024\\\/12\\\/vm_sport_RGB_horisontal-e1734526017575.png\",\"contentUrl\":\"https:\\\/\\\/vmsport.fi\\\/wp-content\\\/uploads\\\/2024\\\/12\\\/vm_sport_RGB_horisontal-e1734526017575.png\",\"width\":668,\"height\":85,\"caption\":\"Vmsport\"},\"image\":{\"@id\":\"https:\\\/\\\/vmsport.fi\\\/#\\\/schema\\\/logo\\\/image\\\/\"},\"sameAs\":[\"https:\\\/\\\/www.facebook.com\\\/Vmsport.fi\\\/\",\"https:\\\/\\\/www.instagram.com\\\/vmsport\\\/\"]}]}<\/script>\n<!-- \/ Yoast SEO plugin. -->","yoast_head_json":{"title":"POC Oseus VPD armb\u00e5ge - VM Sport","robots":{"index":"index","follow":"follow","max-snippet":"max-snippet:-1","max-image-preview":"max-image-preview:large","max-video-preview":"max-video-preview:-1"},"canonical":"https:\/\/vmsport.fi\/sv\/webbutik\/korutrustning\/skyddsutrustning\/rivskydd\/poc-oseus-vpd-armbage\/","og_locale":"sv_SE","og_type":"article","og_title":"POC Oseus VPD Elbow - VM Sport","og_description":"POC Oseus VPD Elbow -suojat tarjoavat erinomaisen suojan lajeissa, joissa tarvitaan luotettavaa varustusta. Innovatiivinen VPD-materiaali mukautuu k\u00e4ytt\u00e4j\u00e4n liikkeisiin, mik\u00e4 lis\u00e4\u00e4 suojien k\u00e4ytt\u00f6mukavuutta. Musta v\u00e4ri korostaa tyylikkyytt\u00e4, ja kest\u00e4v\u00e4t materiaalit takaavat pitk\u00e4ik\u00e4isyyden. Suojat on suunniteltu aktiivisille liikkujille, jotka arvostavat suojaa ja liikkumavapautta, joten n\u00e4m\u00e4 kyyn\u00e4rsuojat ovat t\u00e4ydellinen lis\u00e4varuste urheilusuoritukseen. [...]L\u00e4s mer \u2026 from POC Oseus VPD Elbow","og_url":"https:\/\/vmsport.fi\/sv\/webbutik\/korutrustning\/skyddsutrustning\/rivskydd\/poc-oseus-vpd-armbage\/","og_site_name":"VM Sport","article_publisher":"https:\/\/www.facebook.com\/Vmsport.fi\/","article_modified_time":"2026-03-10T00:00:27+00:00","og_image":[{"width":680,"height":1000,"url":"https:\/\/vmsport.fi\/wp-content\/uploads\/2025\/03\/20382-OseusVPDElbow-1002-UraniumBlack-front-1.png","type":"image\/png"}],"twitter_card":"summary_large_image","schema":{"@context":"https:\/\/schema.org","@graph":[{"@type":["WebPage","ItemPage"],"@id":"https:\/\/vmsport.fi\/verkkokauppa\/ajovarusteet\/suojavarusteet\/kyynarsuojat\/poc-oseus-vpd-elbow\/","url":"https:\/\/vmsport.fi\/verkkokauppa\/ajovarusteet\/suojavarusteet\/kyynarsuojat\/poc-oseus-vpd-elbow\/","name":"POC Oseus VPD armb\u00e5ge - VM Sport","isPartOf":{"@id":"https:\/\/vmsport.fi\/#website"},"primaryImageOfPage":{"@id":"https:\/\/vmsport.fi\/verkkokauppa\/ajovarusteet\/suojavarusteet\/kyynarsuojat\/poc-oseus-vpd-elbow\/#primaryimage"},"image":{"@id":"https:\/\/vmsport.fi\/verkkokauppa\/ajovarusteet\/suojavarusteet\/kyynarsuojat\/poc-oseus-vpd-elbow\/#primaryimage"},"thumbnailUrl":"https:\/\/vmsport.fi\/wp-content\/uploads\/2025\/03\/20382-OseusVPDElbow-1002-UraniumBlack-front-1.png","datePublished":"2025-03-05T21:36:48+00:00","dateModified":"2026-03-10T00:00:27+00:00","breadcrumb":{"@id":"https:\/\/vmsport.fi\/verkkokauppa\/ajovarusteet\/suojavarusteet\/kyynarsuojat\/poc-oseus-vpd-elbow\/#breadcrumb"},"inLanguage":"sv-SE","potentialAction":[{"@type":"ReadAction","target":["https:\/\/vmsport.fi\/verkkokauppa\/ajovarusteet\/suojavarusteet\/kyynarsuojat\/poc-oseus-vpd-elbow\/"]}]},{"@type":"ImageObject","inLanguage":"sv-SE","@id":"https:\/\/vmsport.fi\/verkkokauppa\/ajovarusteet\/suojavarusteet\/kyynarsuojat\/poc-oseus-vpd-elbow\/#primaryimage","url":"https:\/\/vmsport.fi\/wp-content\/uploads\/2025\/03\/20382-OseusVPDElbow-1002-UraniumBlack-front-1.png","contentUrl":"https:\/\/vmsport.fi\/wp-content\/uploads\/2025\/03\/20382-OseusVPDElbow-1002-UraniumBlack-front-1.png","width":680,"height":1000,"caption":"20382-OseusVPDElbow-1002-UraniumBlack-front"},{"@type":"BreadcrumbList","@id":"https:\/\/vmsport.fi\/verkkokauppa\/ajovarusteet\/suojavarusteet\/kyynarsuojat\/poc-oseus-vpd-elbow\/#breadcrumb","itemListElement":[{"@type":"ListItem","position":1,"name":"Etusivu","item":"https:\/\/vmsport.fi\/"},{"@type":"ListItem","position":2,"name":"Online Store","item":"https:\/\/vmsport.fi\/en\/online-store\/"},{"@type":"ListItem","position":3,"name":"POC Oseus VPD Elbow"}]},{"@type":"WebSite","@id":"https:\/\/vmsport.fi\/#website","url":"https:\/\/vmsport.fi\/","name":"Vmsport","description":"Allt p\u00e5 ett st\u00e4lle f\u00f6r cykling","publisher":{"@id":"https:\/\/vmsport.fi\/#organization"},"potentialAction":[{"@type":"SearchAction","target":{"@type":"EntryPoint","urlTemplate":"https:\/\/vmsport.fi\/?s={search_term_string}"},"query-input":{"@type":"PropertyValueSpecification","valueRequired":true,"valueName":"search_term_string"}}],"inLanguage":"sv-SE"},{"@type":"Organization","@id":"https:\/\/vmsport.fi\/#organization","name":"Vmsport","url":"https:\/\/vmsport.fi\/","logo":{"@type":"ImageObject","inLanguage":"sv-SE","@id":"https:\/\/vmsport.fi\/#\/schema\/logo\/image\/","url":"https:\/\/vmsport.fi\/wp-content\/uploads\/2024\/12\/vm_sport_RGB_horisontal-e1734526017575.png","contentUrl":"https:\/\/vmsport.fi\/wp-content\/uploads\/2024\/12\/vm_sport_RGB_horisontal-e1734526017575.png","width":668,"height":85,"caption":"Vmsport"},"image":{"@id":"https:\/\/vmsport.fi\/#\/schema\/logo\/image\/"},"sameAs":["https:\/\/www.facebook.com\/Vmsport.fi\/","https:\/\/www.instagram.com\/vmsport\/"]}]}},"global_unique_id":"","_links":{"self":[{"href":"https:\/\/vmsport.fi\/sv\/wp-json\/wp\/v2\/product\/53061","targetHints":{"allow":["GET"]}}],"collection":[{"href":"https:\/\/vmsport.fi\/sv\/wp-json\/wp\/v2\/product"}],"about":[{"href":"https:\/\/vmsport.fi\/sv\/wp-json\/wp\/v2\/types\/product"}],"replies":[{"embeddable":true,"href":"https:\/\/vmsport.fi\/sv\/wp-json\/wp\/v2\/comments?post=53061"}],"wp:featuredmedia":[{"embeddable":true,"href":"https:\/\/vmsport.fi\/sv\/wp-json\/wp\/v2\/media\/53057"}],"wp:attachment":[{"href":"https:\/\/vmsport.fi\/sv\/wp-json\/wp\/v2\/media?parent=53061"}],"wp:term":[{"taxonomy":"product_brand","embeddable":true,"href":"https:\/\/vmsport.fi\/sv\/wp-json\/wp\/v2\/product_brand?post=53061"},{"taxonomy":"product_model","embeddable":true,"href":"https:\/\/vmsport.fi\/sv\/wp-json\/wp\/v2\/product_model?post=53061"},{"taxonomy":"product_cat","embeddable":true,"href":"https:\/\/vmsport.fi\/sv\/wp-json\/wp\/v2\/product_cat?post=53061"},{"taxonomy":"product_tag","embeddable":true,"href":"https:\/\/vmsport.fi\/sv\/wp-json\/wp\/v2\/product_tag?post=53061"},{"taxonomy":"industry_terminology","embeddable":true,"href":"https:\/\/vmsport.fi\/sv\/wp-json\/wp\/v2\/industry-terminology?post=53061"}],"curies":[{"name":"wp","href":"https:\/\/api.w.org\/{rel}","templated":true}]}}