{"id":53048,"date":"2025-03-05T23:36:39","date_gmt":"2025-03-05T21:36:39","guid":{"rendered":"https:\/\/vmsport.fi\/verkkokauppa\/Ei-luokiteltu\/sks-lokasuoja-speedrocker-etu-ja-taka-28-musta\/"},"modified":"2026-03-20T02:00:13","modified_gmt":"2026-03-20T00:00:13","slug":"sks-lokasuoja-speedrocker-etu-ja-taka-28-musta","status":"publish","type":"product","link":"https:\/\/vmsport.fi\/sv\/verkkokauppa\/tarvikkeet\/lokasuojat\/lokasuojasetit\/sks-lokasuoja-speedrocker-etu-ja-taka-28-musta\/","title":{"rendered":"SKS Speedrocker st\u00e4nksk\u00e4rm fram och bak 28\u2033 svart"},"content":{"rendered":"<p>SKS Lokasuoja Speedrocker etu- ja takalokasuojat on suunniteltu erityisesti gravel-, seikkailu- ja cyclocross-py\u00f6riin. Ne sopivat my\u00f6s maantiepy\u00f6riin ja tukevat rengasleveyksi\u00e4 32 mm:st\u00e4 42 mm:iin sek\u00e4 27.5&#8243; (650b) ja 28&#8243; py\u00f6r\u00e4kokoja. Etulokasuojassa on kaksitasoinen etuspoileri, joka ohjaa veden ja mudan pois ajajan kasvoilta, kun taas takalokasuojassa on innovatiivinen teleskooppinen jatke, joka parantaa suojaa satulaputken kohdalla eri runkomalleille. Kiinnitysj\u00e4rjestelm\u00e4 on mukautuva, ja integroidut kaapelil\u00e4piviennit mahdollistavat vaivattoman asennuksen. Lokasuojien rakenteessa k\u00e4ytet\u00e4\u00e4n ESC Vario Safety System -j\u00e4rjestelm\u00e4\u00e4, jossa on laadukkaat anodisoidut alumiinituet tarjoamaan optimaalisen rengasv\u00e4lyksen. Muovinen ja tyylikk\u00e4\u00e4n musta lokasuojapari yhdist\u00e4\u00e4 suorituskyvyn ja kest\u00e4vyyden, ollen ihanteellinen varuste monipuolisiin ajo-olosuhteisiin. Etulokasuojan pituus on 500 mm + 210 mm jatke, takalokasuojan 950 mm, ja niiden kokonaispaino on 408 grammaa.<\/p>","protected":false},"excerpt":{"rendered":"<p>SKS Lokasuoja Speedrocker etu- ja takalokasuojat on suunniteltu erityisesti gravel-, seikkailu- ja cyclocross-py\u00f6riin. Ne sopivat my\u00f6s maantiepy\u00f6riin ja tukevat rengasleveyksi\u00e4 32 mm:st\u00e4 42 mm:iin sek\u00e4 27.5&#8243; (650b) ja 28&#8243; py\u00f6r\u00e4kokoja. Etulokasuojassa on kaksitasoinen etuspoileri, joka ohjaa veden ja mudan pois ajajan kasvoilta, kun taas takalokasuojassa on innovatiivinen teleskooppinen jatke, joka parantaa suojaa satulaputken kohdalla eri [&#8230;]<\/p>\n<p><a class=\"btn btn-secondary understrap-read-more-link\" href=\"https:\/\/vmsport.fi\/sv\/verkkokauppa\/tarvikkeet\/lokasuojat\/lokasuojasetit\/sks-lokasuoja-speedrocker-etu-ja-taka-28-musta\/\">L\u00e4s mer \u2026<span class=\"screen-reader-text\"> from SKS Lokasuoja Speedrocker Etu ja taka 28&#8243; musta<\/span><\/a><\/p>\n","protected":false},"featured_media":53047,"comment_status":"open","ping_status":"closed","template":"","meta":{"_acf_changed":false,"_improvement_type_select":"improve_an_existing","_thumb_yes_seoaic":false,"_frame_yes_seoaic":false,"seoaic_generate_description":"","seoaic_improve_instructions_prompt":"","seoaic_rollback_content_improvement":"","seoaic_idea_thumbnail_generator":"","thumbnail_generated":false,"thumbnail_generate_prompt":"","seoaic_article_description":"","_supplier_stock_quantity":0},"product_brand":[1583],"product_model":[],"product_cat":[9574],"product_tag":[],"industry-terminology":[],"class_list":{"0":"post-53048","1":"product","2":"type-product","3":"status-publish","4":"has-post-thumbnail","6":"product_brand-sks-germany","7":"product_cat-lokasuojasetit","9":"first","10":"instock","11":"taxable","12":"shipping-taxable","13":"purchasable","14":"product-type-simple"},"acf":{"bike_features":null,"overview":{"copy_overview":null,"key_features":null,"statement":"","youtube_url":""}},"yoast_head":"<!-- This site is optimized with the Yoast SEO plugin v27.3 - https:\/\/yoast.com\/product\/yoast-seo-wordpress\/ -->\n<title>SKS Lokasuoja Speedrocker Etu ja taka 28&quot; musta - VM Sport<\/title>\n<meta name=\"robots\" content=\"index, follow, max-snippet:-1, max-image-preview:large, max-video-preview:-1\" \/>\n<link rel=\"canonical\" href=\"https:\/\/vmsport.fi\/sv\/webbutik\/tillbehor\/stankskarmar\/stankskarmsuppsattningar\/sks-lokasuoja-speedrocker-etu-ja-taka-28-musta\/\" \/>\n<meta property=\"og:locale\" content=\"sv_SE\" \/>\n<meta property=\"og:type\" content=\"article\" \/>\n<meta property=\"og:title\" content=\"SKS Lokasuoja Speedrocker Etu ja taka 28&quot; musta - VM Sport\" \/>\n<meta property=\"og:description\" content=\"SKS Lokasuoja Speedrocker etu- ja takalokasuojat on suunniteltu erityisesti gravel-, seikkailu- ja cyclocross-py\u00f6riin. Ne sopivat my\u00f6s maantiepy\u00f6riin ja tukevat rengasleveyksi\u00e4 32 mm:st\u00e4 42 mm:iin sek\u00e4 27.5&#8243; (650b) ja 28&#8243; py\u00f6r\u00e4kokoja. Etulokasuojassa on kaksitasoinen etuspoileri, joka ohjaa veden ja mudan pois ajajan kasvoilta, kun taas takalokasuojassa on innovatiivinen teleskooppinen jatke, joka parantaa suojaa satulaputken kohdalla eri [...]L\u00e4s mer \u2026 from SKS Lokasuoja Speedrocker Etu ja taka 28&#8243; musta\" \/>\n<meta property=\"og:url\" content=\"https:\/\/vmsport.fi\/sv\/webbutik\/tillbehor\/stankskarmar\/stankskarmsuppsattningar\/sks-lokasuoja-speedrocker-etu-ja-taka-28-musta\/\" \/>\n<meta property=\"og:site_name\" content=\"VM Sport\" \/>\n<meta property=\"article:publisher\" content=\"https:\/\/www.facebook.com\/Vmsport.fi\/\" \/>\n<meta property=\"article:modified_time\" content=\"2026-03-20T00:00:13+00:00\" \/>\n<meta property=\"og:image\" content=\"https:\/\/vmsport.fi\/wp-content\/uploads\/2025\/03\/11567-3-1.jpg\" \/>\n\t<meta property=\"og:image:width\" content=\"800\" \/>\n\t<meta property=\"og:image:height\" content=\"844\" \/>\n\t<meta property=\"og:image:type\" content=\"image\/jpeg\" \/>\n<meta name=\"twitter:card\" content=\"summary_large_image\" \/>\n<meta name=\"twitter:label1\" content=\"Ber\u00e4knad l\u00e4stid\" \/>\n\t<meta name=\"twitter:data1\" content=\"1 minut\" \/>\n<script type=\"application\/ld+json\" class=\"yoast-schema-graph\">{\"@context\":\"https:\\\/\\\/schema.org\",\"@graph\":[{\"@type\":[\"WebPage\",\"ItemPage\"],\"@id\":\"https:\\\/\\\/vmsport.fi\\\/verkkokauppa\\\/tarvikkeet\\\/lokasuojat\\\/lokasuojasetit\\\/sks-lokasuoja-speedrocker-etu-ja-taka-28-musta\\\/\",\"url\":\"https:\\\/\\\/vmsport.fi\\\/verkkokauppa\\\/tarvikkeet\\\/lokasuojat\\\/lokasuojasetit\\\/sks-lokasuoja-speedrocker-etu-ja-taka-28-musta\\\/\",\"name\":\"SKS Lokasuoja Speedrocker Etu ja taka 28\\\" musta - VM Sport\",\"isPartOf\":{\"@id\":\"https:\\\/\\\/vmsport.fi\\\/#website\"},\"primaryImageOfPage\":{\"@id\":\"https:\\\/\\\/vmsport.fi\\\/verkkokauppa\\\/tarvikkeet\\\/lokasuojat\\\/lokasuojasetit\\\/sks-lokasuoja-speedrocker-etu-ja-taka-28-musta\\\/#primaryimage\"},\"image\":{\"@id\":\"https:\\\/\\\/vmsport.fi\\\/verkkokauppa\\\/tarvikkeet\\\/lokasuojat\\\/lokasuojasetit\\\/sks-lokasuoja-speedrocker-etu-ja-taka-28-musta\\\/#primaryimage\"},\"thumbnailUrl\":\"https:\\\/\\\/vmsport.fi\\\/wp-content\\\/uploads\\\/2025\\\/03\\\/11567-3-1.jpg\",\"datePublished\":\"2025-03-05T21:36:39+00:00\",\"dateModified\":\"2026-03-20T00:00:13+00:00\",\"breadcrumb\":{\"@id\":\"https:\\\/\\\/vmsport.fi\\\/verkkokauppa\\\/tarvikkeet\\\/lokasuojat\\\/lokasuojasetit\\\/sks-lokasuoja-speedrocker-etu-ja-taka-28-musta\\\/#breadcrumb\"},\"inLanguage\":\"sv-SE\",\"potentialAction\":[{\"@type\":\"ReadAction\",\"target\":[\"https:\\\/\\\/vmsport.fi\\\/verkkokauppa\\\/tarvikkeet\\\/lokasuojat\\\/lokasuojasetit\\\/sks-lokasuoja-speedrocker-etu-ja-taka-28-musta\\\/\"]}]},{\"@type\":\"ImageObject\",\"inLanguage\":\"sv-SE\",\"@id\":\"https:\\\/\\\/vmsport.fi\\\/verkkokauppa\\\/tarvikkeet\\\/lokasuojat\\\/lokasuojasetit\\\/sks-lokasuoja-speedrocker-etu-ja-taka-28-musta\\\/#primaryimage\",\"url\":\"https:\\\/\\\/vmsport.fi\\\/wp-content\\\/uploads\\\/2025\\\/03\\\/11567-3-1.jpg\",\"contentUrl\":\"https:\\\/\\\/vmsport.fi\\\/wp-content\\\/uploads\\\/2025\\\/03\\\/11567-3-1.jpg\",\"width\":800,\"height\":844,\"caption\":\"11567-3\"},{\"@type\":\"BreadcrumbList\",\"@id\":\"https:\\\/\\\/vmsport.fi\\\/verkkokauppa\\\/tarvikkeet\\\/lokasuojat\\\/lokasuojasetit\\\/sks-lokasuoja-speedrocker-etu-ja-taka-28-musta\\\/#breadcrumb\",\"itemListElement\":[{\"@type\":\"ListItem\",\"position\":1,\"name\":\"Etusivu\",\"item\":\"https:\\\/\\\/vmsport.fi\\\/\"},{\"@type\":\"ListItem\",\"position\":2,\"name\":\"Online Store\",\"item\":\"https:\\\/\\\/vmsport.fi\\\/en\\\/online-store\\\/\"},{\"@type\":\"ListItem\",\"position\":3,\"name\":\"SKS Germany\",\"item\":\"https:\\\/\\\/vmsport.fi\\\/merkki\\\/sks-germany\\\/\"},{\"@type\":\"ListItem\",\"position\":4,\"name\":\"SKS Lokasuoja Speedrocker Etu ja taka 28&#8243; musta\"}]},{\"@type\":\"WebSite\",\"@id\":\"https:\\\/\\\/vmsport.fi\\\/#website\",\"url\":\"https:\\\/\\\/vmsport.fi\\\/\",\"name\":\"Vmsport\",\"description\":\"Kaikki py\u00f6r\u00e4ilyyn yhdest\u00e4 paikasta\",\"publisher\":{\"@id\":\"https:\\\/\\\/vmsport.fi\\\/#organization\"},\"potentialAction\":[{\"@type\":\"SearchAction\",\"target\":{\"@type\":\"EntryPoint\",\"urlTemplate\":\"https:\\\/\\\/vmsport.fi\\\/?s={search_term_string}\"},\"query-input\":{\"@type\":\"PropertyValueSpecification\",\"valueRequired\":true,\"valueName\":\"search_term_string\"}}],\"inLanguage\":\"sv-SE\"},{\"@type\":\"Organization\",\"@id\":\"https:\\\/\\\/vmsport.fi\\\/#organization\",\"name\":\"Vmsport\",\"url\":\"https:\\\/\\\/vmsport.fi\\\/\",\"logo\":{\"@type\":\"ImageObject\",\"inLanguage\":\"sv-SE\",\"@id\":\"https:\\\/\\\/vmsport.fi\\\/#\\\/schema\\\/logo\\\/image\\\/\",\"url\":\"https:\\\/\\\/vmsport.fi\\\/wp-content\\\/uploads\\\/2024\\\/12\\\/vm_sport_RGB_horisontal-e1734526017575.png\",\"contentUrl\":\"https:\\\/\\\/vmsport.fi\\\/wp-content\\\/uploads\\\/2024\\\/12\\\/vm_sport_RGB_horisontal-e1734526017575.png\",\"width\":668,\"height\":85,\"caption\":\"Vmsport\"},\"image\":{\"@id\":\"https:\\\/\\\/vmsport.fi\\\/#\\\/schema\\\/logo\\\/image\\\/\"},\"sameAs\":[\"https:\\\/\\\/www.facebook.com\\\/Vmsport.fi\\\/\",\"https:\\\/\\\/www.instagram.com\\\/vmsport\\\/\"]}]}<\/script>\n<!-- \/ Yoast SEO plugin. -->","yoast_head_json":{"title":"SKS Lokasuoja Speedrocker Etu ja taka 28\" musta - VM Sport","robots":{"index":"index","follow":"follow","max-snippet":"max-snippet:-1","max-image-preview":"max-image-preview:large","max-video-preview":"max-video-preview:-1"},"canonical":"https:\/\/vmsport.fi\/sv\/webbutik\/tillbehor\/stankskarmar\/stankskarmsuppsattningar\/sks-lokasuoja-speedrocker-etu-ja-taka-28-musta\/","og_locale":"sv_SE","og_type":"article","og_title":"SKS Lokasuoja Speedrocker Etu ja taka 28\" musta - VM Sport","og_description":"SKS Lokasuoja Speedrocker etu- ja takalokasuojat on suunniteltu erityisesti gravel-, seikkailu- ja cyclocross-py\u00f6riin. Ne sopivat my\u00f6s maantiepy\u00f6riin ja tukevat rengasleveyksi\u00e4 32 mm:st\u00e4 42 mm:iin sek\u00e4 27.5&#8243; (650b) ja 28&#8243; py\u00f6r\u00e4kokoja. Etulokasuojassa on kaksitasoinen etuspoileri, joka ohjaa veden ja mudan pois ajajan kasvoilta, kun taas takalokasuojassa on innovatiivinen teleskooppinen jatke, joka parantaa suojaa satulaputken kohdalla eri [...]L\u00e4s mer \u2026 from SKS Lokasuoja Speedrocker Etu ja taka 28&#8243; musta","og_url":"https:\/\/vmsport.fi\/sv\/webbutik\/tillbehor\/stankskarmar\/stankskarmsuppsattningar\/sks-lokasuoja-speedrocker-etu-ja-taka-28-musta\/","og_site_name":"VM Sport","article_publisher":"https:\/\/www.facebook.com\/Vmsport.fi\/","article_modified_time":"2026-03-20T00:00:13+00:00","og_image":[{"width":800,"height":844,"url":"https:\/\/vmsport.fi\/wp-content\/uploads\/2025\/03\/11567-3-1.jpg","type":"image\/jpeg"}],"twitter_card":"summary_large_image","twitter_misc":{"Ber\u00e4knad l\u00e4stid":"1 minut"},"schema":{"@context":"https:\/\/schema.org","@graph":[{"@type":["WebPage","ItemPage"],"@id":"https:\/\/vmsport.fi\/verkkokauppa\/tarvikkeet\/lokasuojat\/lokasuojasetit\/sks-lokasuoja-speedrocker-etu-ja-taka-28-musta\/","url":"https:\/\/vmsport.fi\/verkkokauppa\/tarvikkeet\/lokasuojat\/lokasuojasetit\/sks-lokasuoja-speedrocker-etu-ja-taka-28-musta\/","name":"SKS Lokasuoja Speedrocker Etu ja taka 28\" musta - VM Sport","isPartOf":{"@id":"https:\/\/vmsport.fi\/#website"},"primaryImageOfPage":{"@id":"https:\/\/vmsport.fi\/verkkokauppa\/tarvikkeet\/lokasuojat\/lokasuojasetit\/sks-lokasuoja-speedrocker-etu-ja-taka-28-musta\/#primaryimage"},"image":{"@id":"https:\/\/vmsport.fi\/verkkokauppa\/tarvikkeet\/lokasuojat\/lokasuojasetit\/sks-lokasuoja-speedrocker-etu-ja-taka-28-musta\/#primaryimage"},"thumbnailUrl":"https:\/\/vmsport.fi\/wp-content\/uploads\/2025\/03\/11567-3-1.jpg","datePublished":"2025-03-05T21:36:39+00:00","dateModified":"2026-03-20T00:00:13+00:00","breadcrumb":{"@id":"https:\/\/vmsport.fi\/verkkokauppa\/tarvikkeet\/lokasuojat\/lokasuojasetit\/sks-lokasuoja-speedrocker-etu-ja-taka-28-musta\/#breadcrumb"},"inLanguage":"sv-SE","potentialAction":[{"@type":"ReadAction","target":["https:\/\/vmsport.fi\/verkkokauppa\/tarvikkeet\/lokasuojat\/lokasuojasetit\/sks-lokasuoja-speedrocker-etu-ja-taka-28-musta\/"]}]},{"@type":"ImageObject","inLanguage":"sv-SE","@id":"https:\/\/vmsport.fi\/verkkokauppa\/tarvikkeet\/lokasuojat\/lokasuojasetit\/sks-lokasuoja-speedrocker-etu-ja-taka-28-musta\/#primaryimage","url":"https:\/\/vmsport.fi\/wp-content\/uploads\/2025\/03\/11567-3-1.jpg","contentUrl":"https:\/\/vmsport.fi\/wp-content\/uploads\/2025\/03\/11567-3-1.jpg","width":800,"height":844,"caption":"11567-3"},{"@type":"BreadcrumbList","@id":"https:\/\/vmsport.fi\/verkkokauppa\/tarvikkeet\/lokasuojat\/lokasuojasetit\/sks-lokasuoja-speedrocker-etu-ja-taka-28-musta\/#breadcrumb","itemListElement":[{"@type":"ListItem","position":1,"name":"Etusivu","item":"https:\/\/vmsport.fi\/"},{"@type":"ListItem","position":2,"name":"Online Store","item":"https:\/\/vmsport.fi\/en\/online-store\/"},{"@type":"ListItem","position":3,"name":"SKS Germany","item":"https:\/\/vmsport.fi\/merkki\/sks-germany\/"},{"@type":"ListItem","position":4,"name":"SKS Lokasuoja Speedrocker Etu ja taka 28&#8243; musta"}]},{"@type":"WebSite","@id":"https:\/\/vmsport.fi\/#website","url":"https:\/\/vmsport.fi\/","name":"Vmsport","description":"Allt p\u00e5 ett st\u00e4lle f\u00f6r cykling","publisher":{"@id":"https:\/\/vmsport.fi\/#organization"},"potentialAction":[{"@type":"SearchAction","target":{"@type":"EntryPoint","urlTemplate":"https:\/\/vmsport.fi\/?s={search_term_string}"},"query-input":{"@type":"PropertyValueSpecification","valueRequired":true,"valueName":"search_term_string"}}],"inLanguage":"sv-SE"},{"@type":"Organization","@id":"https:\/\/vmsport.fi\/#organization","name":"Vmsport","url":"https:\/\/vmsport.fi\/","logo":{"@type":"ImageObject","inLanguage":"sv-SE","@id":"https:\/\/vmsport.fi\/#\/schema\/logo\/image\/","url":"https:\/\/vmsport.fi\/wp-content\/uploads\/2024\/12\/vm_sport_RGB_horisontal-e1734526017575.png","contentUrl":"https:\/\/vmsport.fi\/wp-content\/uploads\/2024\/12\/vm_sport_RGB_horisontal-e1734526017575.png","width":668,"height":85,"caption":"Vmsport"},"image":{"@id":"https:\/\/vmsport.fi\/#\/schema\/logo\/image\/"},"sameAs":["https:\/\/www.facebook.com\/Vmsport.fi\/","https:\/\/www.instagram.com\/vmsport\/"]}]}},"global_unique_id":"","_links":{"self":[{"href":"https:\/\/vmsport.fi\/sv\/wp-json\/wp\/v2\/product\/53048","targetHints":{"allow":["GET"]}}],"collection":[{"href":"https:\/\/vmsport.fi\/sv\/wp-json\/wp\/v2\/product"}],"about":[{"href":"https:\/\/vmsport.fi\/sv\/wp-json\/wp\/v2\/types\/product"}],"replies":[{"embeddable":true,"href":"https:\/\/vmsport.fi\/sv\/wp-json\/wp\/v2\/comments?post=53048"}],"wp:featuredmedia":[{"embeddable":true,"href":"https:\/\/vmsport.fi\/sv\/wp-json\/wp\/v2\/media\/53047"}],"wp:attachment":[{"href":"https:\/\/vmsport.fi\/sv\/wp-json\/wp\/v2\/media?parent=53048"}],"wp:term":[{"taxonomy":"product_brand","embeddable":true,"href":"https:\/\/vmsport.fi\/sv\/wp-json\/wp\/v2\/product_brand?post=53048"},{"taxonomy":"product_model","embeddable":true,"href":"https:\/\/vmsport.fi\/sv\/wp-json\/wp\/v2\/product_model?post=53048"},{"taxonomy":"product_cat","embeddable":true,"href":"https:\/\/vmsport.fi\/sv\/wp-json\/wp\/v2\/product_cat?post=53048"},{"taxonomy":"product_tag","embeddable":true,"href":"https:\/\/vmsport.fi\/sv\/wp-json\/wp\/v2\/product_tag?post=53048"},{"taxonomy":"industry_terminology","embeddable":true,"href":"https:\/\/vmsport.fi\/sv\/wp-json\/wp\/v2\/industry-terminology?post=53048"}],"curies":[{"name":"wp","href":"https:\/\/api.w.org\/{rel}","templated":true}]}}