{"id":53043,"date":"2025-03-05T23:36:38","date_gmt":"2025-03-05T21:36:38","guid":{"rendered":"https:\/\/vmsport.fi\/verkkokauppa\/Ei-luokiteltu\/sram-trigger-shifter-nx-black-11-speed-rear\/"},"modified":"2026-04-22T15:03:29","modified_gmt":"2026-04-22T12:03:29","slug":"sram-trigger-shifter-nx-svart-11-speed-bak","status":"publish","type":"product","link":"https:\/\/vmsport.fi\/sv\/verkkokauppa\/varaosat\/vaihteistot\/vaihdevivut\/sram-trigger-shifter-nx-black-11-speed-rear\/","title":{"rendered":"SRAM Trigger v\u00e4xelreglage NX Black 11 v\u00e4xlar Bak"},"content":{"rendered":"<p>SRAM Trigger Shifter NX Black 11 Speed \u00e4r en h\u00f6gkvalitativ v\u00e4xel f\u00f6r cyklister som v\u00e4rdes\u00e4tter exakt och p\u00e5litlig prestanda. Denna shifter \u00e4r utformad f\u00f6r att optimera v\u00e4xlingseffektiviteten och fungerar som en viktig komponent i SRAM 1x\u2122-drivlinan. X-ACTUATION\u2122-tekniken s\u00e4kerst\u00e4ller skarpa och konsekvent exakta v\u00e4xlingar mellan alla 11 v\u00e4xlar. Avtryckaren p\u00e5 den h\u00e4r v\u00e4xelspaken \u00e4r utformad f\u00f6r att vara intuitiv, vilket g\u00f6r v\u00e4xling till en barnlek och passar ett brett utbud av cykelmodeller. Den eleganta svarta finishen \u00e4r perfekt f\u00f6r en m\u00e4ngd olika hjulutseende. Denna shifter \u00e4r utformad f\u00f6r att vara prisv\u00e4rd men fullt utrustad. Den inneh\u00e5ller en X-aktiveringskabel och en 2200 mm l\u00e5ng kabel som passar de flesta hjulgeometrier. Paketet inneh\u00e5ller ocks\u00e5 ett robust f\u00e4ste f\u00f6r en s\u00e4ker installation. Den h\u00e4r komponenten \u00e4r det perfekta valet f\u00f6r dig som vill ha tillf\u00f6rlitlighet och effektivitet vid varje k\u00f6rning.<\/p>","protected":false},"excerpt":{"rendered":"<p>SRAM Trigger Shifter NX Black 11 Speed on korkealaatuinen vaihdepy\u00f6r\u00e4n vaihtaja py\u00f6r\u00e4ilij\u00f6ille, jotka arvostavat tarkkaa ja luotettavaa suorituskyky\u00e4. T\u00e4m\u00e4 vaihtaja on suunniteltu optimoimaan vaihteiden vaihtamisen tehokkuutta ja se toimii SRAM 1x\u2122 -voimansiirron t\u00e4rke\u00e4n\u00e4 osana. X-ACTUATION\u2122-tekniikka varmistaa ter\u00e4v\u00e4n ja jatkuvasti tarkan vaihdon kaikkien 11 vaihteen v\u00e4lill\u00e4. Sopien moniin erilaisiin py\u00f6r\u00e4malleihin, t\u00e4m\u00e4n vaihtajan liipaisin on suunniteltu intuitiiviseksi, [&#8230;]<\/p>\n<p><a class=\"btn btn-secondary understrap-read-more-link\" href=\"https:\/\/vmsport.fi\/sv\/verkkokauppa\/varaosat\/vaihteistot\/vaihdevivut\/sram-trigger-shifter-nx-black-11-speed-rear\/\">L\u00e4s mer \u2026<span class=\"screen-reader-text\"> from SRAM Trigger shifter NX Black 11 speed Rear<\/span><\/a><\/p>\n","protected":false},"featured_media":53042,"comment_status":"open","ping_status":"closed","template":"","meta":{"_acf_changed":false,"_improvement_type_select":"improve_an_existing","_thumb_yes_seoaic":false,"_frame_yes_seoaic":false,"seoaic_generate_description":"","seoaic_improve_instructions_prompt":"","seoaic_rollback_content_improvement":"","seoaic_idea_thumbnail_generator":"","thumbnail_generated":false,"thumbnail_generate_prompt":"","seoaic_article_description":"","_supplier_stock_quantity":0},"product_brand":[1588],"product_model":[],"product_cat":[9388],"product_tag":[],"industry-terminology":[],"class_list":{"0":"post-53043","1":"product","2":"type-product","3":"status-publish","4":"has-post-thumbnail","6":"product_brand-sram","7":"product_cat-vaihdevivut","9":"first","10":"outofstock","11":"taxable","12":"shipping-taxable","13":"product-type-simple"},"acf":{"bike_features":null,"overview":{"copy_overview":null,"key_features":null,"statement":"","youtube_url":""}},"yoast_head":"<!-- This site is optimized with the Yoast SEO plugin v27.4 - https:\/\/yoast.com\/product\/yoast-seo-wordpress\/ -->\n<title>SRAM Trigger shifter NX Black 11 speed Rear - VM Sport<\/title>\n<meta name=\"robots\" content=\"index, follow, max-snippet:-1, max-image-preview:large, max-video-preview:-1\" \/>\n<link rel=\"canonical\" href=\"https:\/\/vmsport.fi\/sv\/webbutik\/reservdelar\/vaxellador\/sidor-om-vaxellador\/sram-trigger-shifter-nx-svart-11-speed-bak\/\" \/>\n<meta property=\"og:locale\" content=\"sv_SE\" \/>\n<meta property=\"og:type\" content=\"article\" \/>\n<meta property=\"og:title\" content=\"SRAM Trigger shifter NX Black 11 speed Rear - VM Sport\" \/>\n<meta property=\"og:description\" content=\"SRAM Trigger Shifter NX Black 11 Speed on korkealaatuinen vaihdepy\u00f6r\u00e4n vaihtaja py\u00f6r\u00e4ilij\u00f6ille, jotka arvostavat tarkkaa ja luotettavaa suorituskyky\u00e4. T\u00e4m\u00e4 vaihtaja on suunniteltu optimoimaan vaihteiden vaihtamisen tehokkuutta ja se toimii SRAM 1x\u2122 -voimansiirron t\u00e4rke\u00e4n\u00e4 osana. X-ACTUATION\u2122-tekniikka varmistaa ter\u00e4v\u00e4n ja jatkuvasti tarkan vaihdon kaikkien 11 vaihteen v\u00e4lill\u00e4. Sopien moniin erilaisiin py\u00f6r\u00e4malleihin, t\u00e4m\u00e4n vaihtajan liipaisin on suunniteltu intuitiiviseksi, [...]L\u00e4s mer \u2026 from SRAM Trigger shifter NX Black 11 speed Rear\" \/>\n<meta property=\"og:url\" content=\"https:\/\/vmsport.fi\/sv\/webbutik\/reservdelar\/vaxellador\/sidor-om-vaxellador\/sram-trigger-shifter-nx-svart-11-speed-bak\/\" \/>\n<meta property=\"og:site_name\" content=\"VM Sport\" \/>\n<meta property=\"article:publisher\" content=\"https:\/\/www.facebook.com\/Vmsport.fi\/\" \/>\n<meta property=\"article:modified_time\" content=\"2026-04-22T12:03:29+00:00\" \/>\n<meta property=\"og:image\" content=\"https:\/\/vmsport.fi\/wp-content\/uploads\/2025\/03\/hJZFnz4zxwFGLV7kiKBiqeDGg25hzbrT4bhimT9VMNFYdNqZex-1.jpg\" \/>\n\t<meta property=\"og:image:width\" content=\"800\" \/>\n\t<meta property=\"og:image:height\" content=\"800\" \/>\n\t<meta property=\"og:image:type\" content=\"image\/jpeg\" \/>\n<meta name=\"twitter:card\" content=\"summary_large_image\" \/>\n<meta name=\"twitter:label1\" content=\"Ber\u00e4knad l\u00e4stid\" \/>\n\t<meta name=\"twitter:data1\" content=\"1 minut\" \/>\n<script type=\"application\/ld+json\" class=\"yoast-schema-graph\">{\"@context\":\"https:\\\/\\\/schema.org\",\"@graph\":[{\"@type\":[\"WebPage\",\"ItemPage\"],\"@id\":\"https:\\\/\\\/vmsport.fi\\\/verkkokauppa\\\/varaosat\\\/vaihteistot\\\/vaihdevivut\\\/sram-trigger-shifter-nx-black-11-speed-rear\\\/\",\"url\":\"https:\\\/\\\/vmsport.fi\\\/verkkokauppa\\\/varaosat\\\/vaihteistot\\\/vaihdevivut\\\/sram-trigger-shifter-nx-black-11-speed-rear\\\/\",\"name\":\"SRAM Trigger shifter NX Black 11 speed Rear - VM Sport\",\"isPartOf\":{\"@id\":\"https:\\\/\\\/vmsport.fi\\\/#website\"},\"primaryImageOfPage\":{\"@id\":\"https:\\\/\\\/vmsport.fi\\\/verkkokauppa\\\/varaosat\\\/vaihteistot\\\/vaihdevivut\\\/sram-trigger-shifter-nx-black-11-speed-rear\\\/#primaryimage\"},\"image\":{\"@id\":\"https:\\\/\\\/vmsport.fi\\\/verkkokauppa\\\/varaosat\\\/vaihteistot\\\/vaihdevivut\\\/sram-trigger-shifter-nx-black-11-speed-rear\\\/#primaryimage\"},\"thumbnailUrl\":\"https:\\\/\\\/vmsport.fi\\\/wp-content\\\/uploads\\\/2025\\\/03\\\/hJZFnz4zxwFGLV7kiKBiqeDGg25hzbrT4bhimT9VMNFYdNqZex-1.jpg\",\"datePublished\":\"2025-03-05T21:36:38+00:00\",\"dateModified\":\"2026-04-22T12:03:29+00:00\",\"breadcrumb\":{\"@id\":\"https:\\\/\\\/vmsport.fi\\\/verkkokauppa\\\/varaosat\\\/vaihteistot\\\/vaihdevivut\\\/sram-trigger-shifter-nx-black-11-speed-rear\\\/#breadcrumb\"},\"inLanguage\":\"sv-SE\",\"potentialAction\":[{\"@type\":\"ReadAction\",\"target\":[\"https:\\\/\\\/vmsport.fi\\\/verkkokauppa\\\/varaosat\\\/vaihteistot\\\/vaihdevivut\\\/sram-trigger-shifter-nx-black-11-speed-rear\\\/\"]}]},{\"@type\":\"ImageObject\",\"inLanguage\":\"sv-SE\",\"@id\":\"https:\\\/\\\/vmsport.fi\\\/verkkokauppa\\\/varaosat\\\/vaihteistot\\\/vaihdevivut\\\/sram-trigger-shifter-nx-black-11-speed-rear\\\/#primaryimage\",\"url\":\"https:\\\/\\\/vmsport.fi\\\/wp-content\\\/uploads\\\/2025\\\/03\\\/hJZFnz4zxwFGLV7kiKBiqeDGg25hzbrT4bhimT9VMNFYdNqZex-1.jpg\",\"contentUrl\":\"https:\\\/\\\/vmsport.fi\\\/wp-content\\\/uploads\\\/2025\\\/03\\\/hJZFnz4zxwFGLV7kiKBiqeDGg25hzbrT4bhimT9VMNFYdNqZex-1.jpg\",\"width\":800,\"height\":800,\"caption\":\"hJZFnz4zxwFGLV7kiKBiqeDGg25hzbrT4bhimT9VMNFYdNqZex\"},{\"@type\":\"BreadcrumbList\",\"@id\":\"https:\\\/\\\/vmsport.fi\\\/verkkokauppa\\\/varaosat\\\/vaihteistot\\\/vaihdevivut\\\/sram-trigger-shifter-nx-black-11-speed-rear\\\/#breadcrumb\",\"itemListElement\":[{\"@type\":\"ListItem\",\"position\":1,\"name\":\"Etusivu\",\"item\":\"https:\\\/\\\/vmsport.fi\\\/\"},{\"@type\":\"ListItem\",\"position\":2,\"name\":\"Online Store\",\"item\":\"https:\\\/\\\/vmsport.fi\\\/en\\\/online-store\\\/\"},{\"@type\":\"ListItem\",\"position\":3,\"name\":\"SRAM Trigger shifter NX Black 11 speed Rear\"}]},{\"@type\":\"WebSite\",\"@id\":\"https:\\\/\\\/vmsport.fi\\\/#website\",\"url\":\"https:\\\/\\\/vmsport.fi\\\/\",\"name\":\"Vmsport\",\"description\":\"Kaikki py\u00f6r\u00e4ilyyn yhdest\u00e4 paikasta\",\"publisher\":{\"@id\":\"https:\\\/\\\/vmsport.fi\\\/#organization\"},\"potentialAction\":[{\"@type\":\"SearchAction\",\"target\":{\"@type\":\"EntryPoint\",\"urlTemplate\":\"https:\\\/\\\/vmsport.fi\\\/?s={search_term_string}\"},\"query-input\":{\"@type\":\"PropertyValueSpecification\",\"valueRequired\":true,\"valueName\":\"search_term_string\"}}],\"inLanguage\":\"sv-SE\"},{\"@type\":\"Organization\",\"@id\":\"https:\\\/\\\/vmsport.fi\\\/#organization\",\"name\":\"Vmsport\",\"url\":\"https:\\\/\\\/vmsport.fi\\\/\",\"logo\":{\"@type\":\"ImageObject\",\"inLanguage\":\"sv-SE\",\"@id\":\"https:\\\/\\\/vmsport.fi\\\/#\\\/schema\\\/logo\\\/image\\\/\",\"url\":\"https:\\\/\\\/vmsport.fi\\\/wp-content\\\/uploads\\\/2024\\\/12\\\/vm_sport_RGB_horisontal-e1734526017575.png\",\"contentUrl\":\"https:\\\/\\\/vmsport.fi\\\/wp-content\\\/uploads\\\/2024\\\/12\\\/vm_sport_RGB_horisontal-e1734526017575.png\",\"width\":668,\"height\":85,\"caption\":\"Vmsport\"},\"image\":{\"@id\":\"https:\\\/\\\/vmsport.fi\\\/#\\\/schema\\\/logo\\\/image\\\/\"},\"sameAs\":[\"https:\\\/\\\/www.facebook.com\\\/Vmsport.fi\\\/\",\"https:\\\/\\\/www.instagram.com\\\/vmsport\\\/\"]}]}<\/script>\n<!-- \/ Yoast SEO plugin. -->","yoast_head_json":{"title":"SRAM Trigger v\u00e4xelreglage NX Black 11 v\u00e4xlar Bak - VM Sport","robots":{"index":"index","follow":"follow","max-snippet":"max-snippet:-1","max-image-preview":"max-image-preview:large","max-video-preview":"max-video-preview:-1"},"canonical":"https:\/\/vmsport.fi\/sv\/webbutik\/reservdelar\/vaxellador\/sidor-om-vaxellador\/sram-trigger-shifter-nx-svart-11-speed-bak\/","og_locale":"sv_SE","og_type":"article","og_title":"SRAM Trigger shifter NX Black 11 speed Rear - VM Sport","og_description":"SRAM Trigger Shifter NX Black 11 Speed on korkealaatuinen vaihdepy\u00f6r\u00e4n vaihtaja py\u00f6r\u00e4ilij\u00f6ille, jotka arvostavat tarkkaa ja luotettavaa suorituskyky\u00e4. T\u00e4m\u00e4 vaihtaja on suunniteltu optimoimaan vaihteiden vaihtamisen tehokkuutta ja se toimii SRAM 1x\u2122 -voimansiirron t\u00e4rke\u00e4n\u00e4 osana. X-ACTUATION\u2122-tekniikka varmistaa ter\u00e4v\u00e4n ja jatkuvasti tarkan vaihdon kaikkien 11 vaihteen v\u00e4lill\u00e4. Sopien moniin erilaisiin py\u00f6r\u00e4malleihin, t\u00e4m\u00e4n vaihtajan liipaisin on suunniteltu intuitiiviseksi, [...]L\u00e4s mer \u2026 from SRAM Trigger shifter NX Black 11 speed Rear","og_url":"https:\/\/vmsport.fi\/sv\/webbutik\/reservdelar\/vaxellador\/sidor-om-vaxellador\/sram-trigger-shifter-nx-svart-11-speed-bak\/","og_site_name":"VM Sport","article_publisher":"https:\/\/www.facebook.com\/Vmsport.fi\/","article_modified_time":"2026-04-22T12:03:29+00:00","og_image":[{"width":800,"height":800,"url":"https:\/\/vmsport.fi\/wp-content\/uploads\/2025\/03\/hJZFnz4zxwFGLV7kiKBiqeDGg25hzbrT4bhimT9VMNFYdNqZex-1.jpg","type":"image\/jpeg"}],"twitter_card":"summary_large_image","twitter_misc":{"Ber\u00e4knad l\u00e4stid":"1 minut"},"schema":{"@context":"https:\/\/schema.org","@graph":[{"@type":["WebPage","ItemPage"],"@id":"https:\/\/vmsport.fi\/verkkokauppa\/varaosat\/vaihteistot\/vaihdevivut\/sram-trigger-shifter-nx-black-11-speed-rear\/","url":"https:\/\/vmsport.fi\/verkkokauppa\/varaosat\/vaihteistot\/vaihdevivut\/sram-trigger-shifter-nx-black-11-speed-rear\/","name":"SRAM Trigger v\u00e4xelreglage NX Black 11 v\u00e4xlar Bak - VM Sport","isPartOf":{"@id":"https:\/\/vmsport.fi\/#website"},"primaryImageOfPage":{"@id":"https:\/\/vmsport.fi\/verkkokauppa\/varaosat\/vaihteistot\/vaihdevivut\/sram-trigger-shifter-nx-black-11-speed-rear\/#primaryimage"},"image":{"@id":"https:\/\/vmsport.fi\/verkkokauppa\/varaosat\/vaihteistot\/vaihdevivut\/sram-trigger-shifter-nx-black-11-speed-rear\/#primaryimage"},"thumbnailUrl":"https:\/\/vmsport.fi\/wp-content\/uploads\/2025\/03\/hJZFnz4zxwFGLV7kiKBiqeDGg25hzbrT4bhimT9VMNFYdNqZex-1.jpg","datePublished":"2025-03-05T21:36:38+00:00","dateModified":"2026-04-22T12:03:29+00:00","breadcrumb":{"@id":"https:\/\/vmsport.fi\/verkkokauppa\/varaosat\/vaihteistot\/vaihdevivut\/sram-trigger-shifter-nx-black-11-speed-rear\/#breadcrumb"},"inLanguage":"sv-SE","potentialAction":[{"@type":"ReadAction","target":["https:\/\/vmsport.fi\/verkkokauppa\/varaosat\/vaihteistot\/vaihdevivut\/sram-trigger-shifter-nx-black-11-speed-rear\/"]}]},{"@type":"ImageObject","inLanguage":"sv-SE","@id":"https:\/\/vmsport.fi\/verkkokauppa\/varaosat\/vaihteistot\/vaihdevivut\/sram-trigger-shifter-nx-black-11-speed-rear\/#primaryimage","url":"https:\/\/vmsport.fi\/wp-content\/uploads\/2025\/03\/hJZFnz4zxwFGLV7kiKBiqeDGg25hzbrT4bhimT9VMNFYdNqZex-1.jpg","contentUrl":"https:\/\/vmsport.fi\/wp-content\/uploads\/2025\/03\/hJZFnz4zxwFGLV7kiKBiqeDGg25hzbrT4bhimT9VMNFYdNqZex-1.jpg","width":800,"height":800,"caption":"hJZFnz4zxwFGLV7kiKBiqeDGg25hzbrT4bhimT9VMNFYdNqZex"},{"@type":"BreadcrumbList","@id":"https:\/\/vmsport.fi\/verkkokauppa\/varaosat\/vaihteistot\/vaihdevivut\/sram-trigger-shifter-nx-black-11-speed-rear\/#breadcrumb","itemListElement":[{"@type":"ListItem","position":1,"name":"Etusivu","item":"https:\/\/vmsport.fi\/"},{"@type":"ListItem","position":2,"name":"Online Store","item":"https:\/\/vmsport.fi\/en\/online-store\/"},{"@type":"ListItem","position":3,"name":"SRAM Trigger shifter NX Black 11 speed Rear"}]},{"@type":"WebSite","@id":"https:\/\/vmsport.fi\/#website","url":"https:\/\/vmsport.fi\/","name":"Vmsport","description":"Allt p\u00e5 ett st\u00e4lle f\u00f6r cykling","publisher":{"@id":"https:\/\/vmsport.fi\/#organization"},"potentialAction":[{"@type":"SearchAction","target":{"@type":"EntryPoint","urlTemplate":"https:\/\/vmsport.fi\/?s={search_term_string}"},"query-input":{"@type":"PropertyValueSpecification","valueRequired":true,"valueName":"search_term_string"}}],"inLanguage":"sv-SE"},{"@type":"Organization","@id":"https:\/\/vmsport.fi\/#organization","name":"Vmsport","url":"https:\/\/vmsport.fi\/","logo":{"@type":"ImageObject","inLanguage":"sv-SE","@id":"https:\/\/vmsport.fi\/#\/schema\/logo\/image\/","url":"https:\/\/vmsport.fi\/wp-content\/uploads\/2024\/12\/vm_sport_RGB_horisontal-e1734526017575.png","contentUrl":"https:\/\/vmsport.fi\/wp-content\/uploads\/2024\/12\/vm_sport_RGB_horisontal-e1734526017575.png","width":668,"height":85,"caption":"Vmsport"},"image":{"@id":"https:\/\/vmsport.fi\/#\/schema\/logo\/image\/"},"sameAs":["https:\/\/www.facebook.com\/Vmsport.fi\/","https:\/\/www.instagram.com\/vmsport\/"]}]}},"global_unique_id":"","_links":{"self":[{"href":"https:\/\/vmsport.fi\/sv\/wp-json\/wp\/v2\/product\/53043","targetHints":{"allow":["GET"]}}],"collection":[{"href":"https:\/\/vmsport.fi\/sv\/wp-json\/wp\/v2\/product"}],"about":[{"href":"https:\/\/vmsport.fi\/sv\/wp-json\/wp\/v2\/types\/product"}],"replies":[{"embeddable":true,"href":"https:\/\/vmsport.fi\/sv\/wp-json\/wp\/v2\/comments?post=53043"}],"wp:featuredmedia":[{"embeddable":true,"href":"https:\/\/vmsport.fi\/sv\/wp-json\/wp\/v2\/media\/53042"}],"wp:attachment":[{"href":"https:\/\/vmsport.fi\/sv\/wp-json\/wp\/v2\/media?parent=53043"}],"wp:term":[{"taxonomy":"product_brand","embeddable":true,"href":"https:\/\/vmsport.fi\/sv\/wp-json\/wp\/v2\/product_brand?post=53043"},{"taxonomy":"product_model","embeddable":true,"href":"https:\/\/vmsport.fi\/sv\/wp-json\/wp\/v2\/product_model?post=53043"},{"taxonomy":"product_cat","embeddable":true,"href":"https:\/\/vmsport.fi\/sv\/wp-json\/wp\/v2\/product_cat?post=53043"},{"taxonomy":"product_tag","embeddable":true,"href":"https:\/\/vmsport.fi\/sv\/wp-json\/wp\/v2\/product_tag?post=53043"},{"taxonomy":"industry_terminology","embeddable":true,"href":"https:\/\/vmsport.fi\/sv\/wp-json\/wp\/v2\/industry-terminology?post=53043"}],"curies":[{"name":"wp","href":"https:\/\/api.w.org\/{rel}","templated":true}]}}