{"id":53028,"date":"2025-03-05T23:36:29","date_gmt":"2025-03-05T21:36:29","guid":{"rendered":"https:\/\/vmsport.fi\/verkkokauppa\/Ei-luokiteltu\/shimano-ohjainrulla-pari-slx-10v-dyna-sys\/"},"modified":"2026-04-22T15:01:39","modified_gmt":"2026-04-22T12:01:39","slug":"shimano-jockeyhjul-par-slx-10v-dyna-sys","status":"publish","type":"product","link":"https:\/\/vmsport.fi\/sv\/verkkokauppa\/varaosat\/vaihteistot\/vaihteiden-osat-ja-varaosat\/shimano-ohjainrulla-pari-slx-10v-dyna-sys\/","title":{"rendered":"Shimano tomg\u00e5ngsv\u00e4xelpar SLX 10v Dyna-Sys"},"content":{"rendered":"<p>Shimanos tomg\u00e5ngspar SLX 10v Dyna-Sys \u00e4r s\u00e4rskilt utformat f\u00f6r 10-v\u00e4xlade SLX-system. Det h\u00e4r l\u00e4tta och h\u00e5llbara headsetet ger l\u00e5ng livsl\u00e4ngd och smidiga v\u00e4xlingar. Den l\u00e5ga profilen minskar risken f\u00f6r skador, medan den \u00f6ppna designen \u00f6kar stabiliteten vid sv\u00e4ngpunkterna. Fluorbelagda bussningar ger mjuka v\u00e4xlingar. Shadow Plus-funktionen med justerbar kedjestabilisator minskar kedjans vobblande. Rakt genomg\u00e5ende kablar f\u00f6rhindrar att kablarna trasslar och en fj\u00e4derretur i fyra l\u00e4gen ger en tydlig v\u00e4xlingsupplevelse. Kompatibilitet med Direct Mount-system g\u00f6r det enkelt att underh\u00e5lla hjulen, och h\u00e5llbara, lagerbelastade sp\u00e4rrhakar f\u00f6rl\u00e4nger livsl\u00e4ngden. Detta vevset f\u00f6r styret st\u00f6der upp till 36 t\u00e4nder p\u00e5 det st\u00f6rsta kedjehjulet och har en kapacitet p\u00e5 43T, vilket g\u00f6r det till ett utm\u00e4rkt val f\u00f6r effektiv cykling.<\/p>","protected":false},"excerpt":{"rendered":"<p>Shimano Ohjainrulla pari SLX 10v Dyna-Sys on suunniteltu erityisesti 10-vaihteisia SLX-j\u00e4rjestelmi\u00e4 varten. T\u00e4m\u00e4 kevyt ja kest\u00e4v\u00e4 ohjainrullasetti takaa pitk\u00e4ik\u00e4isyyden ja sujuvan vaihteenvaihdon. Matala profiili pienent\u00e4\u00e4 vaurioitumisen riski\u00e4, ja avonainen muotoilu lis\u00e4\u00e4 tukevuutta nivelpisteiss\u00e4. Fluoripinnoitetut puslat varmistavat pehme\u00e4n vaihteensiirron. Shadow Plus -toiminto, jossa on s\u00e4\u00e4dett\u00e4v\u00e4 ketjun vakautin, v\u00e4hent\u00e4\u00e4 ketjun heiluntaa. Suoravetokaapelit est\u00e4v\u00e4t kaapelin kietoutumisen, ja nelj\u00e4asentoinen [&#8230;]<\/p>\n<p><a class=\"btn btn-secondary understrap-read-more-link\" href=\"https:\/\/vmsport.fi\/sv\/verkkokauppa\/varaosat\/vaihteistot\/vaihteiden-osat-ja-varaosat\/shimano-ohjainrulla-pari-slx-10v-dyna-sys\/\">L\u00e4s mer \u2026<span class=\"screen-reader-text\"> from Shimano Ohjainrulla pari SLX 10v Dyna-Sys<\/span><\/a><\/p>\n","protected":false},"featured_media":53027,"comment_status":"open","ping_status":"closed","template":"","meta":{"_acf_changed":false,"_improvement_type_select":"improve_an_existing","_thumb_yes_seoaic":false,"_frame_yes_seoaic":false,"seoaic_generate_description":"","seoaic_improve_instructions_prompt":"","seoaic_rollback_content_improvement":"","seoaic_idea_thumbnail_generator":"","thumbnail_generated":false,"thumbnail_generate_prompt":"","seoaic_article_description":"","_supplier_stock_quantity":0},"product_brand":[],"product_model":[],"product_cat":[9774],"product_tag":[],"industry-terminology":[],"class_list":{"0":"post-53028","1":"product","2":"type-product","3":"status-publish","4":"has-post-thumbnail","6":"product_cat-vaihteiden-osat-ja-varaosat","8":"first","9":"outofstock","10":"taxable","11":"shipping-taxable","12":"product-type-simple"},"acf":{"bike_features":null,"overview":{"copy_overview":null,"key_features":null,"statement":"","youtube_url":""}},"yoast_head":"<!-- This site is optimized with the Yoast SEO plugin v27.4 - https:\/\/yoast.com\/product\/yoast-seo-wordpress\/ -->\n<title>Shimano Ohjainrulla pari SLX 10v Dyna-Sys - VM Sport<\/title>\n<meta name=\"robots\" content=\"index, follow, max-snippet:-1, max-image-preview:large, max-video-preview:-1\" \/>\n<link rel=\"canonical\" href=\"https:\/\/vmsport.fi\/sv\/webbutik\/cyklar\/shimano-jockeyhjul-par-slx-10v-dyna-sys\/\" \/>\n<meta property=\"og:locale\" content=\"sv_SE\" \/>\n<meta property=\"og:type\" content=\"article\" \/>\n<meta property=\"og:title\" content=\"Shimano Ohjainrulla pari SLX 10v Dyna-Sys - VM Sport\" \/>\n<meta property=\"og:description\" content=\"Shimano Ohjainrulla pari SLX 10v Dyna-Sys on suunniteltu erityisesti 10-vaihteisia SLX-j\u00e4rjestelmi\u00e4 varten. T\u00e4m\u00e4 kevyt ja kest\u00e4v\u00e4 ohjainrullasetti takaa pitk\u00e4ik\u00e4isyyden ja sujuvan vaihteenvaihdon. Matala profiili pienent\u00e4\u00e4 vaurioitumisen riski\u00e4, ja avonainen muotoilu lis\u00e4\u00e4 tukevuutta nivelpisteiss\u00e4. Fluoripinnoitetut puslat varmistavat pehme\u00e4n vaihteensiirron. Shadow Plus -toiminto, jossa on s\u00e4\u00e4dett\u00e4v\u00e4 ketjun vakautin, v\u00e4hent\u00e4\u00e4 ketjun heiluntaa. Suoravetokaapelit est\u00e4v\u00e4t kaapelin kietoutumisen, ja nelj\u00e4asentoinen [...]L\u00e4s mer \u2026 from Shimano Ohjainrulla pari SLX 10v Dyna-Sys\" \/>\n<meta property=\"og:url\" content=\"https:\/\/vmsport.fi\/sv\/webbutik\/cyklar\/shimano-jockeyhjul-par-slx-10v-dyna-sys\/\" \/>\n<meta property=\"og:site_name\" content=\"VM Sport\" \/>\n<meta property=\"article:publisher\" content=\"https:\/\/www.facebook.com\/Vmsport.fi\/\" \/>\n<meta property=\"article:modified_time\" content=\"2026-04-22T12:01:39+00:00\" \/>\n<meta property=\"og:image\" content=\"https:\/\/vmsport.fi\/wp-content\/uploads\/2025\/03\/z0RLhIVjfqNan2GuLHB2obQQGG0fD3ukDZ21RfzOgIRhLc4P83-1.jpg\" \/>\n\t<meta property=\"og:image:width\" content=\"600\" \/>\n\t<meta property=\"og:image:height\" content=\"600\" \/>\n\t<meta property=\"og:image:type\" content=\"image\/jpeg\" \/>\n<meta name=\"twitter:card\" content=\"summary_large_image\" \/>\n<meta name=\"twitter:label1\" content=\"Ber\u00e4knad l\u00e4stid\" \/>\n\t<meta name=\"twitter:data1\" content=\"1 minut\" \/>\n<script type=\"application\/ld+json\" class=\"yoast-schema-graph\">{\"@context\":\"https:\\\/\\\/schema.org\",\"@graph\":[{\"@type\":[\"WebPage\",\"ItemPage\"],\"@id\":\"https:\\\/\\\/vmsport.fi\\\/verkkokauppa\\\/polkupyorat\\\/shimano-ohjainrulla-pari-slx-10v-dyna-sys\\\/\",\"url\":\"https:\\\/\\\/vmsport.fi\\\/verkkokauppa\\\/polkupyorat\\\/shimano-ohjainrulla-pari-slx-10v-dyna-sys\\\/\",\"name\":\"Shimano Ohjainrulla pari SLX 10v Dyna-Sys - VM Sport\",\"isPartOf\":{\"@id\":\"https:\\\/\\\/vmsport.fi\\\/#website\"},\"primaryImageOfPage\":{\"@id\":\"https:\\\/\\\/vmsport.fi\\\/verkkokauppa\\\/polkupyorat\\\/shimano-ohjainrulla-pari-slx-10v-dyna-sys\\\/#primaryimage\"},\"image\":{\"@id\":\"https:\\\/\\\/vmsport.fi\\\/verkkokauppa\\\/polkupyorat\\\/shimano-ohjainrulla-pari-slx-10v-dyna-sys\\\/#primaryimage\"},\"thumbnailUrl\":\"https:\\\/\\\/vmsport.fi\\\/wp-content\\\/uploads\\\/2025\\\/03\\\/z0RLhIVjfqNan2GuLHB2obQQGG0fD3ukDZ21RfzOgIRhLc4P83-1.jpg\",\"datePublished\":\"2025-03-05T21:36:29+00:00\",\"dateModified\":\"2026-04-22T12:01:39+00:00\",\"breadcrumb\":{\"@id\":\"https:\\\/\\\/vmsport.fi\\\/verkkokauppa\\\/polkupyorat\\\/shimano-ohjainrulla-pari-slx-10v-dyna-sys\\\/#breadcrumb\"},\"inLanguage\":\"sv-SE\",\"potentialAction\":[{\"@type\":\"ReadAction\",\"target\":[\"https:\\\/\\\/vmsport.fi\\\/verkkokauppa\\\/polkupyorat\\\/shimano-ohjainrulla-pari-slx-10v-dyna-sys\\\/\"]}]},{\"@type\":\"ImageObject\",\"inLanguage\":\"sv-SE\",\"@id\":\"https:\\\/\\\/vmsport.fi\\\/verkkokauppa\\\/polkupyorat\\\/shimano-ohjainrulla-pari-slx-10v-dyna-sys\\\/#primaryimage\",\"url\":\"https:\\\/\\\/vmsport.fi\\\/wp-content\\\/uploads\\\/2025\\\/03\\\/z0RLhIVjfqNan2GuLHB2obQQGG0fD3ukDZ21RfzOgIRhLc4P83-1.jpg\",\"contentUrl\":\"https:\\\/\\\/vmsport.fi\\\/wp-content\\\/uploads\\\/2025\\\/03\\\/z0RLhIVjfqNan2GuLHB2obQQGG0fD3ukDZ21RfzOgIRhLc4P83-1.jpg\",\"width\":600,\"height\":600,\"caption\":\"z0RLhIVjfqNan2GuLHB2obQQGG0fD3ukDZ21RfzOgIRhLc4P83\"},{\"@type\":\"BreadcrumbList\",\"@id\":\"https:\\\/\\\/vmsport.fi\\\/verkkokauppa\\\/polkupyorat\\\/shimano-ohjainrulla-pari-slx-10v-dyna-sys\\\/#breadcrumb\",\"itemListElement\":[{\"@type\":\"ListItem\",\"position\":1,\"name\":\"Etusivu\",\"item\":\"https:\\\/\\\/vmsport.fi\\\/\"},{\"@type\":\"ListItem\",\"position\":2,\"name\":\"Online Store\",\"item\":\"https:\\\/\\\/vmsport.fi\\\/en\\\/online-store\\\/\"},{\"@type\":\"ListItem\",\"position\":3,\"name\":\"Shimano Ohjainrulla pari SLX 10v Dyna-Sys\"}]},{\"@type\":\"WebSite\",\"@id\":\"https:\\\/\\\/vmsport.fi\\\/#website\",\"url\":\"https:\\\/\\\/vmsport.fi\\\/\",\"name\":\"Vmsport\",\"description\":\"Kaikki py\u00f6r\u00e4ilyyn yhdest\u00e4 paikasta\",\"publisher\":{\"@id\":\"https:\\\/\\\/vmsport.fi\\\/#organization\"},\"potentialAction\":[{\"@type\":\"SearchAction\",\"target\":{\"@type\":\"EntryPoint\",\"urlTemplate\":\"https:\\\/\\\/vmsport.fi\\\/?s={search_term_string}\"},\"query-input\":{\"@type\":\"PropertyValueSpecification\",\"valueRequired\":true,\"valueName\":\"search_term_string\"}}],\"inLanguage\":\"sv-SE\"},{\"@type\":\"Organization\",\"@id\":\"https:\\\/\\\/vmsport.fi\\\/#organization\",\"name\":\"Vmsport\",\"url\":\"https:\\\/\\\/vmsport.fi\\\/\",\"logo\":{\"@type\":\"ImageObject\",\"inLanguage\":\"sv-SE\",\"@id\":\"https:\\\/\\\/vmsport.fi\\\/#\\\/schema\\\/logo\\\/image\\\/\",\"url\":\"https:\\\/\\\/vmsport.fi\\\/wp-content\\\/uploads\\\/2024\\\/12\\\/vm_sport_RGB_horisontal-e1734526017575.png\",\"contentUrl\":\"https:\\\/\\\/vmsport.fi\\\/wp-content\\\/uploads\\\/2024\\\/12\\\/vm_sport_RGB_horisontal-e1734526017575.png\",\"width\":668,\"height\":85,\"caption\":\"Vmsport\"},\"image\":{\"@id\":\"https:\\\/\\\/vmsport.fi\\\/#\\\/schema\\\/logo\\\/image\\\/\"},\"sameAs\":[\"https:\\\/\\\/www.facebook.com\\\/Vmsport.fi\\\/\",\"https:\\\/\\\/www.instagram.com\\\/vmsport\\\/\"]}]}<\/script>\n<!-- \/ Yoast SEO plugin. -->","yoast_head_json":{"title":"Shimano tomg\u00e5ngsv\u00e4xelpar SLX 10v Dyna-Sys - VM Sport","robots":{"index":"index","follow":"follow","max-snippet":"max-snippet:-1","max-image-preview":"max-image-preview:large","max-video-preview":"max-video-preview:-1"},"canonical":"https:\/\/vmsport.fi\/sv\/webbutik\/cyklar\/shimano-jockeyhjul-par-slx-10v-dyna-sys\/","og_locale":"sv_SE","og_type":"article","og_title":"Shimano Ohjainrulla pari SLX 10v Dyna-Sys - VM Sport","og_description":"Shimano Ohjainrulla pari SLX 10v Dyna-Sys on suunniteltu erityisesti 10-vaihteisia SLX-j\u00e4rjestelmi\u00e4 varten. T\u00e4m\u00e4 kevyt ja kest\u00e4v\u00e4 ohjainrullasetti takaa pitk\u00e4ik\u00e4isyyden ja sujuvan vaihteenvaihdon. Matala profiili pienent\u00e4\u00e4 vaurioitumisen riski\u00e4, ja avonainen muotoilu lis\u00e4\u00e4 tukevuutta nivelpisteiss\u00e4. Fluoripinnoitetut puslat varmistavat pehme\u00e4n vaihteensiirron. Shadow Plus -toiminto, jossa on s\u00e4\u00e4dett\u00e4v\u00e4 ketjun vakautin, v\u00e4hent\u00e4\u00e4 ketjun heiluntaa. Suoravetokaapelit est\u00e4v\u00e4t kaapelin kietoutumisen, ja nelj\u00e4asentoinen [...]L\u00e4s mer \u2026 from Shimano Ohjainrulla pari SLX 10v Dyna-Sys","og_url":"https:\/\/vmsport.fi\/sv\/webbutik\/cyklar\/shimano-jockeyhjul-par-slx-10v-dyna-sys\/","og_site_name":"VM Sport","article_publisher":"https:\/\/www.facebook.com\/Vmsport.fi\/","article_modified_time":"2026-04-22T12:01:39+00:00","og_image":[{"width":600,"height":600,"url":"https:\/\/vmsport.fi\/wp-content\/uploads\/2025\/03\/z0RLhIVjfqNan2GuLHB2obQQGG0fD3ukDZ21RfzOgIRhLc4P83-1.jpg","type":"image\/jpeg"}],"twitter_card":"summary_large_image","twitter_misc":{"Ber\u00e4knad l\u00e4stid":"1 minut"},"schema":{"@context":"https:\/\/schema.org","@graph":[{"@type":["WebPage","ItemPage"],"@id":"https:\/\/vmsport.fi\/verkkokauppa\/polkupyorat\/shimano-ohjainrulla-pari-slx-10v-dyna-sys\/","url":"https:\/\/vmsport.fi\/verkkokauppa\/polkupyorat\/shimano-ohjainrulla-pari-slx-10v-dyna-sys\/","name":"Shimano tomg\u00e5ngsv\u00e4xelpar SLX 10v Dyna-Sys - VM Sport","isPartOf":{"@id":"https:\/\/vmsport.fi\/#website"},"primaryImageOfPage":{"@id":"https:\/\/vmsport.fi\/verkkokauppa\/polkupyorat\/shimano-ohjainrulla-pari-slx-10v-dyna-sys\/#primaryimage"},"image":{"@id":"https:\/\/vmsport.fi\/verkkokauppa\/polkupyorat\/shimano-ohjainrulla-pari-slx-10v-dyna-sys\/#primaryimage"},"thumbnailUrl":"https:\/\/vmsport.fi\/wp-content\/uploads\/2025\/03\/z0RLhIVjfqNan2GuLHB2obQQGG0fD3ukDZ21RfzOgIRhLc4P83-1.jpg","datePublished":"2025-03-05T21:36:29+00:00","dateModified":"2026-04-22T12:01:39+00:00","breadcrumb":{"@id":"https:\/\/vmsport.fi\/verkkokauppa\/polkupyorat\/shimano-ohjainrulla-pari-slx-10v-dyna-sys\/#breadcrumb"},"inLanguage":"sv-SE","potentialAction":[{"@type":"ReadAction","target":["https:\/\/vmsport.fi\/verkkokauppa\/polkupyorat\/shimano-ohjainrulla-pari-slx-10v-dyna-sys\/"]}]},{"@type":"ImageObject","inLanguage":"sv-SE","@id":"https:\/\/vmsport.fi\/verkkokauppa\/polkupyorat\/shimano-ohjainrulla-pari-slx-10v-dyna-sys\/#primaryimage","url":"https:\/\/vmsport.fi\/wp-content\/uploads\/2025\/03\/z0RLhIVjfqNan2GuLHB2obQQGG0fD3ukDZ21RfzOgIRhLc4P83-1.jpg","contentUrl":"https:\/\/vmsport.fi\/wp-content\/uploads\/2025\/03\/z0RLhIVjfqNan2GuLHB2obQQGG0fD3ukDZ21RfzOgIRhLc4P83-1.jpg","width":600,"height":600,"caption":"z0RLhIVjfqNan2GuLHB2obQQGG0fD3ukDZ21RfzOgIRhLc4P83"},{"@type":"BreadcrumbList","@id":"https:\/\/vmsport.fi\/verkkokauppa\/polkupyorat\/shimano-ohjainrulla-pari-slx-10v-dyna-sys\/#breadcrumb","itemListElement":[{"@type":"ListItem","position":1,"name":"Etusivu","item":"https:\/\/vmsport.fi\/"},{"@type":"ListItem","position":2,"name":"Online Store","item":"https:\/\/vmsport.fi\/en\/online-store\/"},{"@type":"ListItem","position":3,"name":"Shimano Ohjainrulla pari SLX 10v Dyna-Sys"}]},{"@type":"WebSite","@id":"https:\/\/vmsport.fi\/#website","url":"https:\/\/vmsport.fi\/","name":"Vmsport","description":"Allt p\u00e5 ett st\u00e4lle f\u00f6r cykling","publisher":{"@id":"https:\/\/vmsport.fi\/#organization"},"potentialAction":[{"@type":"SearchAction","target":{"@type":"EntryPoint","urlTemplate":"https:\/\/vmsport.fi\/?s={search_term_string}"},"query-input":{"@type":"PropertyValueSpecification","valueRequired":true,"valueName":"search_term_string"}}],"inLanguage":"sv-SE"},{"@type":"Organization","@id":"https:\/\/vmsport.fi\/#organization","name":"Vmsport","url":"https:\/\/vmsport.fi\/","logo":{"@type":"ImageObject","inLanguage":"sv-SE","@id":"https:\/\/vmsport.fi\/#\/schema\/logo\/image\/","url":"https:\/\/vmsport.fi\/wp-content\/uploads\/2024\/12\/vm_sport_RGB_horisontal-e1734526017575.png","contentUrl":"https:\/\/vmsport.fi\/wp-content\/uploads\/2024\/12\/vm_sport_RGB_horisontal-e1734526017575.png","width":668,"height":85,"caption":"Vmsport"},"image":{"@id":"https:\/\/vmsport.fi\/#\/schema\/logo\/image\/"},"sameAs":["https:\/\/www.facebook.com\/Vmsport.fi\/","https:\/\/www.instagram.com\/vmsport\/"]}]}},"global_unique_id":"","_links":{"self":[{"href":"https:\/\/vmsport.fi\/sv\/wp-json\/wp\/v2\/product\/53028","targetHints":{"allow":["GET"]}}],"collection":[{"href":"https:\/\/vmsport.fi\/sv\/wp-json\/wp\/v2\/product"}],"about":[{"href":"https:\/\/vmsport.fi\/sv\/wp-json\/wp\/v2\/types\/product"}],"replies":[{"embeddable":true,"href":"https:\/\/vmsport.fi\/sv\/wp-json\/wp\/v2\/comments?post=53028"}],"wp:featuredmedia":[{"embeddable":true,"href":"https:\/\/vmsport.fi\/sv\/wp-json\/wp\/v2\/media\/53027"}],"wp:attachment":[{"href":"https:\/\/vmsport.fi\/sv\/wp-json\/wp\/v2\/media?parent=53028"}],"wp:term":[{"taxonomy":"product_brand","embeddable":true,"href":"https:\/\/vmsport.fi\/sv\/wp-json\/wp\/v2\/product_brand?post=53028"},{"taxonomy":"product_model","embeddable":true,"href":"https:\/\/vmsport.fi\/sv\/wp-json\/wp\/v2\/product_model?post=53028"},{"taxonomy":"product_cat","embeddable":true,"href":"https:\/\/vmsport.fi\/sv\/wp-json\/wp\/v2\/product_cat?post=53028"},{"taxonomy":"product_tag","embeddable":true,"href":"https:\/\/vmsport.fi\/sv\/wp-json\/wp\/v2\/product_tag?post=53028"},{"taxonomy":"industry_terminology","embeddable":true,"href":"https:\/\/vmsport.fi\/sv\/wp-json\/wp\/v2\/industry-terminology?post=53028"}],"curies":[{"name":"wp","href":"https:\/\/api.w.org\/{rel}","templated":true}]}}