{"id":53006,"date":"2025-03-05T23:36:16","date_gmt":"2025-03-05T21:36:16","guid":{"rendered":"https:\/\/vmsport.fi\/verkkokauppa\/Ei-luokiteltu\/valiholkki-kaikki-hollotech-ii\/"},"modified":"2026-04-22T15:10:51","modified_gmt":"2026-04-22T12:10:51","slug":"latt-arm-alla-hollotech-ii","status":"publish","type":"product","link":"https:\/\/vmsport.fi\/sv\/verkkokauppa\/varaosat\/voimansiirto\/keskiolaakerit\/valiholkki-kaikki-hollotech-ii\/","title":{"rendered":"Distansstycke Alla Hollotech II"},"content":{"rendered":"<p>Hollotech II \u00e4r en Shimano cykelkomponent som \u00e4r utformad f\u00f6r att f\u00f6rb\u00e4ttra cykelprestandan. Cyklister som kr\u00e4ver smidig och p\u00e5litlig prestanda kommer att ha stor nytta av den h\u00e4r komponenten. Den \u00e4r s\u00e4rskilt l\u00e4mpad f\u00f6r dem som v\u00e4rdes\u00e4tter kombinationen av l\u00e4tthet och h\u00e5llbarhet i en s\u00f6ml\u00f6s prestanda. Delarna \u00e4r tillverkade av h\u00f6gkvalitativa material f\u00f6r att klara kr\u00e4vande k\u00f6rf\u00f6rh\u00e5llanden. Enkel installation g\u00f6r den till det perfekta valet f\u00f6r b\u00e5de entusiaster och proffs som vill optimera sin k\u00f6rupplevelse.<\/p>","protected":false},"excerpt":{"rendered":"<p>V\u00e4liholkki Hollotech II on Shimanon polkupy\u00f6r\u00e4komponentti, joka on suunniteltu parantamaan py\u00f6r\u00e4ilyn suorituskyky\u00e4. Py\u00f6r\u00e4ilij\u00e4t, joille tasainen ja luotettava toiminta on t\u00e4rke\u00e4\u00e4, saavat t\u00e4st\u00e4 osasta merkitt\u00e4v\u00e4\u00e4 etua. Se sopii erityisesti niille, jotka arvostavat keveyden ja kest\u00e4vyyden yhdistelm\u00e4\u00e4 saumattomassa toiminnassa. Osat on valmistettu laadukkaista materiaaleista, jotta ne kest\u00e4isiv\u00e4t vaativissakin ajo-olosuhteissa. Helppo asennettavuus tekee siit\u00e4 ihanteellisen valinnan sek\u00e4 harrastajille [&#8230;]<\/p>\n<p><a class=\"btn btn-secondary understrap-read-more-link\" href=\"https:\/\/vmsport.fi\/sv\/verkkokauppa\/varaosat\/voimansiirto\/keskiolaakerit\/valiholkki-kaikki-hollotech-ii\/\">L\u00e4s mer \u2026<span class=\"screen-reader-text\"> from V\u00e4liholkki Kaikki Hollotech II<\/span><\/a><\/p>\n","protected":false},"featured_media":53005,"comment_status":"open","ping_status":"closed","template":"","meta":{"_acf_changed":false,"_improvement_type_select":"improve_an_existing","_thumb_yes_seoaic":false,"_frame_yes_seoaic":false,"seoaic_generate_description":"","seoaic_improve_instructions_prompt":"","seoaic_rollback_content_improvement":"","seoaic_idea_thumbnail_generator":"","thumbnail_generated":false,"thumbnail_generate_prompt":"","seoaic_article_description":"","_supplier_stock_quantity":0},"product_brand":[],"product_model":[],"product_cat":[9350],"product_tag":[],"industry-terminology":[],"class_list":{"0":"post-53006","1":"product","2":"type-product","3":"status-publish","4":"has-post-thumbnail","6":"product_cat-keskiolaakerit","8":"first","9":"instock","10":"taxable","11":"shipping-taxable","12":"purchasable","13":"product-type-simple"},"acf":{"bike_features":null,"overview":{"copy_overview":null,"key_features":null,"statement":"","youtube_url":""}},"yoast_head":"<!-- This site is optimized with the Yoast SEO plugin v27.4 - https:\/\/yoast.com\/product\/yoast-seo-wordpress\/ -->\n<title>V\u00e4liholkki Kaikki Hollotech II - VM Sport<\/title>\n<meta name=\"robots\" content=\"index, follow, max-snippet:-1, max-image-preview:large, max-video-preview:-1\" \/>\n<link rel=\"canonical\" href=\"https:\/\/vmsport.fi\/sv\/webbutik\/reservdelar\/transmission\/mittlager\/latt-arm-alla-hollotech-ii\/\" \/>\n<meta property=\"og:locale\" content=\"sv_SE\" \/>\n<meta property=\"og:type\" content=\"article\" \/>\n<meta property=\"og:title\" content=\"V\u00e4liholkki Kaikki Hollotech II - VM Sport\" \/>\n<meta property=\"og:description\" content=\"V\u00e4liholkki Hollotech II on Shimanon polkupy\u00f6r\u00e4komponentti, joka on suunniteltu parantamaan py\u00f6r\u00e4ilyn suorituskyky\u00e4. Py\u00f6r\u00e4ilij\u00e4t, joille tasainen ja luotettava toiminta on t\u00e4rke\u00e4\u00e4, saavat t\u00e4st\u00e4 osasta merkitt\u00e4v\u00e4\u00e4 etua. Se sopii erityisesti niille, jotka arvostavat keveyden ja kest\u00e4vyyden yhdistelm\u00e4\u00e4 saumattomassa toiminnassa. Osat on valmistettu laadukkaista materiaaleista, jotta ne kest\u00e4isiv\u00e4t vaativissakin ajo-olosuhteissa. Helppo asennettavuus tekee siit\u00e4 ihanteellisen valinnan sek\u00e4 harrastajille [...]L\u00e4s mer \u2026 from V\u00e4liholkki Kaikki Hollotech II\" \/>\n<meta property=\"og:url\" content=\"https:\/\/vmsport.fi\/sv\/webbutik\/reservdelar\/transmission\/mittlager\/latt-arm-alla-hollotech-ii\/\" \/>\n<meta property=\"og:site_name\" content=\"VM Sport\" \/>\n<meta property=\"article:publisher\" content=\"https:\/\/www.facebook.com\/Vmsport.fi\/\" \/>\n<meta property=\"article:modified_time\" content=\"2026-04-22T12:10:51+00:00\" \/>\n<meta property=\"og:image\" content=\"https:\/\/vmsport.fi\/wp-content\/uploads\/2025\/03\/5V3LVj2szYYklI9HpF04t02E6Ysva38A5lNbWMmESpFUyTkISC-1.jpg\" \/>\n\t<meta property=\"og:image:width\" content=\"600\" \/>\n\t<meta property=\"og:image:height\" content=\"600\" \/>\n\t<meta property=\"og:image:type\" content=\"image\/jpeg\" \/>\n<meta name=\"twitter:card\" content=\"summary_large_image\" \/>\n<script type=\"application\/ld+json\" class=\"yoast-schema-graph\">{\"@context\":\"https:\\\/\\\/schema.org\",\"@graph\":[{\"@type\":[\"WebPage\",\"ItemPage\"],\"@id\":\"https:\\\/\\\/vmsport.fi\\\/verkkokauppa\\\/varaosat\\\/voimansiirto\\\/keskiolaakerit\\\/valiholkki-kaikki-hollotech-ii\\\/\",\"url\":\"https:\\\/\\\/vmsport.fi\\\/verkkokauppa\\\/varaosat\\\/voimansiirto\\\/keskiolaakerit\\\/valiholkki-kaikki-hollotech-ii\\\/\",\"name\":\"V\u00e4liholkki Kaikki Hollotech II - VM Sport\",\"isPartOf\":{\"@id\":\"https:\\\/\\\/vmsport.fi\\\/#website\"},\"primaryImageOfPage\":{\"@id\":\"https:\\\/\\\/vmsport.fi\\\/verkkokauppa\\\/varaosat\\\/voimansiirto\\\/keskiolaakerit\\\/valiholkki-kaikki-hollotech-ii\\\/#primaryimage\"},\"image\":{\"@id\":\"https:\\\/\\\/vmsport.fi\\\/verkkokauppa\\\/varaosat\\\/voimansiirto\\\/keskiolaakerit\\\/valiholkki-kaikki-hollotech-ii\\\/#primaryimage\"},\"thumbnailUrl\":\"https:\\\/\\\/vmsport.fi\\\/wp-content\\\/uploads\\\/2025\\\/03\\\/5V3LVj2szYYklI9HpF04t02E6Ysva38A5lNbWMmESpFUyTkISC-1.jpg\",\"datePublished\":\"2025-03-05T21:36:16+00:00\",\"dateModified\":\"2026-04-22T12:10:51+00:00\",\"breadcrumb\":{\"@id\":\"https:\\\/\\\/vmsport.fi\\\/verkkokauppa\\\/varaosat\\\/voimansiirto\\\/keskiolaakerit\\\/valiholkki-kaikki-hollotech-ii\\\/#breadcrumb\"},\"inLanguage\":\"sv-SE\",\"potentialAction\":[{\"@type\":\"ReadAction\",\"target\":[\"https:\\\/\\\/vmsport.fi\\\/verkkokauppa\\\/varaosat\\\/voimansiirto\\\/keskiolaakerit\\\/valiholkki-kaikki-hollotech-ii\\\/\"]}]},{\"@type\":\"ImageObject\",\"inLanguage\":\"sv-SE\",\"@id\":\"https:\\\/\\\/vmsport.fi\\\/verkkokauppa\\\/varaosat\\\/voimansiirto\\\/keskiolaakerit\\\/valiholkki-kaikki-hollotech-ii\\\/#primaryimage\",\"url\":\"https:\\\/\\\/vmsport.fi\\\/wp-content\\\/uploads\\\/2025\\\/03\\\/5V3LVj2szYYklI9HpF04t02E6Ysva38A5lNbWMmESpFUyTkISC-1.jpg\",\"contentUrl\":\"https:\\\/\\\/vmsport.fi\\\/wp-content\\\/uploads\\\/2025\\\/03\\\/5V3LVj2szYYklI9HpF04t02E6Ysva38A5lNbWMmESpFUyTkISC-1.jpg\",\"width\":600,\"height\":600,\"caption\":\"5V3LVj2szYYklI9HpF04t02E6Ysva38A5lNbWMmESpFUyTkISC\"},{\"@type\":\"BreadcrumbList\",\"@id\":\"https:\\\/\\\/vmsport.fi\\\/verkkokauppa\\\/varaosat\\\/voimansiirto\\\/keskiolaakerit\\\/valiholkki-kaikki-hollotech-ii\\\/#breadcrumb\",\"itemListElement\":[{\"@type\":\"ListItem\",\"position\":1,\"name\":\"Etusivu\",\"item\":\"https:\\\/\\\/vmsport.fi\\\/\"},{\"@type\":\"ListItem\",\"position\":2,\"name\":\"Online Store\",\"item\":\"https:\\\/\\\/vmsport.fi\\\/en\\\/online-store\\\/\"},{\"@type\":\"ListItem\",\"position\":3,\"name\":\"V\u00e4liholkki Kaikki Hollotech II\"}]},{\"@type\":\"WebSite\",\"@id\":\"https:\\\/\\\/vmsport.fi\\\/#website\",\"url\":\"https:\\\/\\\/vmsport.fi\\\/\",\"name\":\"Vmsport\",\"description\":\"Kaikki py\u00f6r\u00e4ilyyn yhdest\u00e4 paikasta\",\"publisher\":{\"@id\":\"https:\\\/\\\/vmsport.fi\\\/#organization\"},\"potentialAction\":[{\"@type\":\"SearchAction\",\"target\":{\"@type\":\"EntryPoint\",\"urlTemplate\":\"https:\\\/\\\/vmsport.fi\\\/?s={search_term_string}\"},\"query-input\":{\"@type\":\"PropertyValueSpecification\",\"valueRequired\":true,\"valueName\":\"search_term_string\"}}],\"inLanguage\":\"sv-SE\"},{\"@type\":\"Organization\",\"@id\":\"https:\\\/\\\/vmsport.fi\\\/#organization\",\"name\":\"Vmsport\",\"url\":\"https:\\\/\\\/vmsport.fi\\\/\",\"logo\":{\"@type\":\"ImageObject\",\"inLanguage\":\"sv-SE\",\"@id\":\"https:\\\/\\\/vmsport.fi\\\/#\\\/schema\\\/logo\\\/image\\\/\",\"url\":\"https:\\\/\\\/vmsport.fi\\\/wp-content\\\/uploads\\\/2024\\\/12\\\/vm_sport_RGB_horisontal-e1734526017575.png\",\"contentUrl\":\"https:\\\/\\\/vmsport.fi\\\/wp-content\\\/uploads\\\/2024\\\/12\\\/vm_sport_RGB_horisontal-e1734526017575.png\",\"width\":668,\"height\":85,\"caption\":\"Vmsport\"},\"image\":{\"@id\":\"https:\\\/\\\/vmsport.fi\\\/#\\\/schema\\\/logo\\\/image\\\/\"},\"sameAs\":[\"https:\\\/\\\/www.facebook.com\\\/Vmsport.fi\\\/\",\"https:\\\/\\\/www.instagram.com\\\/vmsport\\\/\"]}]}<\/script>\n<!-- \/ Yoast SEO plugin. -->","yoast_head_json":{"title":"Mellansula All Hollotech II - VM Sport","robots":{"index":"index","follow":"follow","max-snippet":"max-snippet:-1","max-image-preview":"max-image-preview:large","max-video-preview":"max-video-preview:-1"},"canonical":"https:\/\/vmsport.fi\/sv\/webbutik\/reservdelar\/transmission\/mittlager\/latt-arm-alla-hollotech-ii\/","og_locale":"sv_SE","og_type":"article","og_title":"V\u00e4liholkki Kaikki Hollotech II - VM Sport","og_description":"V\u00e4liholkki Hollotech II on Shimanon polkupy\u00f6r\u00e4komponentti, joka on suunniteltu parantamaan py\u00f6r\u00e4ilyn suorituskyky\u00e4. Py\u00f6r\u00e4ilij\u00e4t, joille tasainen ja luotettava toiminta on t\u00e4rke\u00e4\u00e4, saavat t\u00e4st\u00e4 osasta merkitt\u00e4v\u00e4\u00e4 etua. Se sopii erityisesti niille, jotka arvostavat keveyden ja kest\u00e4vyyden yhdistelm\u00e4\u00e4 saumattomassa toiminnassa. Osat on valmistettu laadukkaista materiaaleista, jotta ne kest\u00e4isiv\u00e4t vaativissakin ajo-olosuhteissa. Helppo asennettavuus tekee siit\u00e4 ihanteellisen valinnan sek\u00e4 harrastajille [...]L\u00e4s mer \u2026 from V\u00e4liholkki Kaikki Hollotech II","og_url":"https:\/\/vmsport.fi\/sv\/webbutik\/reservdelar\/transmission\/mittlager\/latt-arm-alla-hollotech-ii\/","og_site_name":"VM Sport","article_publisher":"https:\/\/www.facebook.com\/Vmsport.fi\/","article_modified_time":"2026-04-22T12:10:51+00:00","og_image":[{"width":600,"height":600,"url":"https:\/\/vmsport.fi\/wp-content\/uploads\/2025\/03\/5V3LVj2szYYklI9HpF04t02E6Ysva38A5lNbWMmESpFUyTkISC-1.jpg","type":"image\/jpeg"}],"twitter_card":"summary_large_image","schema":{"@context":"https:\/\/schema.org","@graph":[{"@type":["WebPage","ItemPage"],"@id":"https:\/\/vmsport.fi\/verkkokauppa\/varaosat\/voimansiirto\/keskiolaakerit\/valiholkki-kaikki-hollotech-ii\/","url":"https:\/\/vmsport.fi\/verkkokauppa\/varaosat\/voimansiirto\/keskiolaakerit\/valiholkki-kaikki-hollotech-ii\/","name":"Mellansula All Hollotech II - VM Sport","isPartOf":{"@id":"https:\/\/vmsport.fi\/#website"},"primaryImageOfPage":{"@id":"https:\/\/vmsport.fi\/verkkokauppa\/varaosat\/voimansiirto\/keskiolaakerit\/valiholkki-kaikki-hollotech-ii\/#primaryimage"},"image":{"@id":"https:\/\/vmsport.fi\/verkkokauppa\/varaosat\/voimansiirto\/keskiolaakerit\/valiholkki-kaikki-hollotech-ii\/#primaryimage"},"thumbnailUrl":"https:\/\/vmsport.fi\/wp-content\/uploads\/2025\/03\/5V3LVj2szYYklI9HpF04t02E6Ysva38A5lNbWMmESpFUyTkISC-1.jpg","datePublished":"2025-03-05T21:36:16+00:00","dateModified":"2026-04-22T12:10:51+00:00","breadcrumb":{"@id":"https:\/\/vmsport.fi\/verkkokauppa\/varaosat\/voimansiirto\/keskiolaakerit\/valiholkki-kaikki-hollotech-ii\/#breadcrumb"},"inLanguage":"sv-SE","potentialAction":[{"@type":"ReadAction","target":["https:\/\/vmsport.fi\/verkkokauppa\/varaosat\/voimansiirto\/keskiolaakerit\/valiholkki-kaikki-hollotech-ii\/"]}]},{"@type":"ImageObject","inLanguage":"sv-SE","@id":"https:\/\/vmsport.fi\/verkkokauppa\/varaosat\/voimansiirto\/keskiolaakerit\/valiholkki-kaikki-hollotech-ii\/#primaryimage","url":"https:\/\/vmsport.fi\/wp-content\/uploads\/2025\/03\/5V3LVj2szYYklI9HpF04t02E6Ysva38A5lNbWMmESpFUyTkISC-1.jpg","contentUrl":"https:\/\/vmsport.fi\/wp-content\/uploads\/2025\/03\/5V3LVj2szYYklI9HpF04t02E6Ysva38A5lNbWMmESpFUyTkISC-1.jpg","width":600,"height":600,"caption":"5V3LVj2szYYklI9HpF04t02E6Ysva38A5lNbWMmESpFUyTkISC"},{"@type":"BreadcrumbList","@id":"https:\/\/vmsport.fi\/verkkokauppa\/varaosat\/voimansiirto\/keskiolaakerit\/valiholkki-kaikki-hollotech-ii\/#breadcrumb","itemListElement":[{"@type":"ListItem","position":1,"name":"Etusivu","item":"https:\/\/vmsport.fi\/"},{"@type":"ListItem","position":2,"name":"Online Store","item":"https:\/\/vmsport.fi\/en\/online-store\/"},{"@type":"ListItem","position":3,"name":"V\u00e4liholkki Kaikki Hollotech II"}]},{"@type":"WebSite","@id":"https:\/\/vmsport.fi\/#website","url":"https:\/\/vmsport.fi\/","name":"Vmsport","description":"Allt p\u00e5 ett st\u00e4lle f\u00f6r cykling","publisher":{"@id":"https:\/\/vmsport.fi\/#organization"},"potentialAction":[{"@type":"SearchAction","target":{"@type":"EntryPoint","urlTemplate":"https:\/\/vmsport.fi\/?s={search_term_string}"},"query-input":{"@type":"PropertyValueSpecification","valueRequired":true,"valueName":"search_term_string"}}],"inLanguage":"sv-SE"},{"@type":"Organization","@id":"https:\/\/vmsport.fi\/#organization","name":"Vmsport","url":"https:\/\/vmsport.fi\/","logo":{"@type":"ImageObject","inLanguage":"sv-SE","@id":"https:\/\/vmsport.fi\/#\/schema\/logo\/image\/","url":"https:\/\/vmsport.fi\/wp-content\/uploads\/2024\/12\/vm_sport_RGB_horisontal-e1734526017575.png","contentUrl":"https:\/\/vmsport.fi\/wp-content\/uploads\/2024\/12\/vm_sport_RGB_horisontal-e1734526017575.png","width":668,"height":85,"caption":"Vmsport"},"image":{"@id":"https:\/\/vmsport.fi\/#\/schema\/logo\/image\/"},"sameAs":["https:\/\/www.facebook.com\/Vmsport.fi\/","https:\/\/www.instagram.com\/vmsport\/"]}]}},"global_unique_id":"","_links":{"self":[{"href":"https:\/\/vmsport.fi\/sv\/wp-json\/wp\/v2\/product\/53006","targetHints":{"allow":["GET"]}}],"collection":[{"href":"https:\/\/vmsport.fi\/sv\/wp-json\/wp\/v2\/product"}],"about":[{"href":"https:\/\/vmsport.fi\/sv\/wp-json\/wp\/v2\/types\/product"}],"replies":[{"embeddable":true,"href":"https:\/\/vmsport.fi\/sv\/wp-json\/wp\/v2\/comments?post=53006"}],"wp:featuredmedia":[{"embeddable":true,"href":"https:\/\/vmsport.fi\/sv\/wp-json\/wp\/v2\/media\/53005"}],"wp:attachment":[{"href":"https:\/\/vmsport.fi\/sv\/wp-json\/wp\/v2\/media?parent=53006"}],"wp:term":[{"taxonomy":"product_brand","embeddable":true,"href":"https:\/\/vmsport.fi\/sv\/wp-json\/wp\/v2\/product_brand?post=53006"},{"taxonomy":"product_model","embeddable":true,"href":"https:\/\/vmsport.fi\/sv\/wp-json\/wp\/v2\/product_model?post=53006"},{"taxonomy":"product_cat","embeddable":true,"href":"https:\/\/vmsport.fi\/sv\/wp-json\/wp\/v2\/product_cat?post=53006"},{"taxonomy":"product_tag","embeddable":true,"href":"https:\/\/vmsport.fi\/sv\/wp-json\/wp\/v2\/product_tag?post=53006"},{"taxonomy":"industry_terminology","embeddable":true,"href":"https:\/\/vmsport.fi\/sv\/wp-json\/wp\/v2\/industry-terminology?post=53006"}],"curies":[{"name":"wp","href":"https:\/\/api.w.org\/{rel}","templated":true}]}}