{"id":53004,"date":"2025-03-05T23:36:15","date_gmt":"2025-03-05T21:36:15","guid":{"rendered":"https:\/\/vmsport.fi\/verkkokauppa\/Ei-luokiteltu\/ohjainkannatin-zoom-35-50mm-saadettava-0-90ast\/"},"modified":"2026-04-22T15:06:09","modified_gmt":"2026-04-22T12:06:09","slug":"styrfaste-zoom-35-50mm-tillganglig-0-90ast","status":"publish","type":"product","link":"https:\/\/vmsport.fi\/sv\/verkkokauppa\/varaosat\/ohjaamo\/ohjainkannattimet\/ohjainkannatin-zoom-35-50mm-saadettava-0-90ast\/","title":{"rendered":"Styrf\u00e4ste ZOOM, 35\/ 50 mm, justerbart 0-90ast."},"content":{"rendered":"<p>ZOOM-styrf\u00e4stet \u00e4r ett utm\u00e4rkt tillbeh\u00f6r till din offroad- eller hybridcykel, s\u00e5 att du enkelt kan justera styrets vinkel fr\u00e5n 0-90 grader. Den h\u00e4r 50 mm l\u00e5nga justerbara styrstammen \u00e4r utformad f\u00f6r ett 35 mm styre, vilket ger en bekv\u00e4m och personlig k\u00f6rupplevelse. Produkten \u00e4r tillverkad av slitstark aluminium och \u00e4r l\u00e4tt men extremt h\u00e5llbar. Den snygga matt svarta eller silverf\u00e4rgade ytan kompletterar utseendet p\u00e5 din cykel p\u00e5 ett diskret s\u00e4tt.<\/p>","protected":false},"excerpt":{"rendered":"<p>Ohjainkannatin ZOOM on erinomainen varuste maasto- tai hybridipy\u00f6r\u00e4\u00e4si, sill\u00e4 sen avulla voit s\u00e4\u00e4t\u00e4\u00e4 ohjaustangon kulmaa 0-90 asteen v\u00e4lill\u00e4 vaivattomasti. T\u00e4m\u00e4 50 mm pitk\u00e4 s\u00e4\u00e4dett\u00e4v\u00e4 stemmi on suunniteltu 35 mm ohjaustankoon, tarjoten mukavan ja henkil\u00f6kohtaisen ajokokemuksen. Valmistettu kest\u00e4v\u00e4st\u00e4 alumiinista, tuote on kevyt mutta eritt\u00e4in kest\u00e4v\u00e4. Tyylik\u00e4s mattamusta tai hopeinen viimeistely t\u00e4ydent\u00e4\u00e4 py\u00f6r\u00e4si ulkon\u00e4\u00f6n huomaamattoman tyylikk\u00e4\u00e4sti. [&#8230;]<\/p>\n<p><a class=\"btn btn-secondary understrap-read-more-link\" href=\"https:\/\/vmsport.fi\/sv\/verkkokauppa\/varaosat\/ohjaamo\/ohjainkannattimet\/ohjainkannatin-zoom-35-50mm-saadettava-0-90ast\/\">L\u00e4s mer \u2026<span class=\"screen-reader-text\"> from Ohjainkannatin ZOOM, 35\/ 50mm, s\u00e4\u00e4dett\u00e4v\u00e4 0-90ast.<\/span><\/a><\/p>\n","protected":false},"featured_media":53003,"comment_status":"open","ping_status":"closed","template":"","meta":{"_acf_changed":false,"_improvement_type_select":"improve_an_existing","_thumb_yes_seoaic":false,"_frame_yes_seoaic":false,"seoaic_generate_description":"","seoaic_improve_instructions_prompt":"","seoaic_rollback_content_improvement":"","seoaic_idea_thumbnail_generator":"","thumbnail_generated":false,"thumbnail_generate_prompt":"","seoaic_article_description":"","_supplier_stock_quantity":0},"product_brand":[],"product_model":[],"product_cat":[9432],"product_tag":[],"industry-terminology":[],"class_list":{"0":"post-53004","1":"product","2":"type-product","3":"status-publish","4":"has-post-thumbnail","6":"product_cat-ohjainkannattimet","8":"first","9":"instock","10":"taxable","11":"shipping-taxable","12":"purchasable","13":"product-type-simple"},"acf":{"bike_features":null,"overview":{"copy_overview":null,"key_features":null,"statement":"","youtube_url":""}},"yoast_head":"<!-- This site is optimized with the Yoast SEO plugin v27.4 - https:\/\/yoast.com\/product\/yoast-seo-wordpress\/ -->\n<title>Ohjainkannatin ZOOM, 35\/ 50mm, s\u00e4\u00e4dett\u00e4v\u00e4 0-90ast. - VM Sport<\/title>\n<meta name=\"robots\" content=\"index, follow, max-snippet:-1, max-image-preview:large, max-video-preview:-1\" \/>\n<link rel=\"canonical\" href=\"https:\/\/vmsport.fi\/sv\/webbutik\/reservdelar\/taxi\/styrfasten\/styrfaste-zoom-35-50mm-tillganglig-0-90ast\/\" \/>\n<meta property=\"og:locale\" content=\"sv_SE\" \/>\n<meta property=\"og:type\" content=\"article\" \/>\n<meta property=\"og:title\" content=\"Ohjainkannatin ZOOM, 35\/ 50mm, s\u00e4\u00e4dett\u00e4v\u00e4 0-90ast. - VM Sport\" \/>\n<meta property=\"og:description\" content=\"Ohjainkannatin ZOOM on erinomainen varuste maasto- tai hybridipy\u00f6r\u00e4\u00e4si, sill\u00e4 sen avulla voit s\u00e4\u00e4t\u00e4\u00e4 ohjaustangon kulmaa 0-90 asteen v\u00e4lill\u00e4 vaivattomasti. T\u00e4m\u00e4 50 mm pitk\u00e4 s\u00e4\u00e4dett\u00e4v\u00e4 stemmi on suunniteltu 35 mm ohjaustankoon, tarjoten mukavan ja henkil\u00f6kohtaisen ajokokemuksen. Valmistettu kest\u00e4v\u00e4st\u00e4 alumiinista, tuote on kevyt mutta eritt\u00e4in kest\u00e4v\u00e4. Tyylik\u00e4s mattamusta tai hopeinen viimeistely t\u00e4ydent\u00e4\u00e4 py\u00f6r\u00e4si ulkon\u00e4\u00f6n huomaamattoman tyylikk\u00e4\u00e4sti. [...]L\u00e4s mer \u2026 from Ohjainkannatin ZOOM, 35\/ 50mm, s\u00e4\u00e4dett\u00e4v\u00e4 0-90ast.\" \/>\n<meta property=\"og:url\" content=\"https:\/\/vmsport.fi\/sv\/webbutik\/reservdelar\/taxi\/styrfasten\/styrfaste-zoom-35-50mm-tillganglig-0-90ast\/\" \/>\n<meta property=\"og:site_name\" content=\"VM Sport\" \/>\n<meta property=\"article:publisher\" content=\"https:\/\/www.facebook.com\/Vmsport.fi\/\" \/>\n<meta property=\"article:modified_time\" content=\"2026-04-22T12:06:09+00:00\" \/>\n<meta property=\"og:image\" content=\"https:\/\/vmsport.fi\/wp-content\/uploads\/2025\/03\/68018-1.jpg\" \/>\n\t<meta property=\"og:image:width\" content=\"1000\" \/>\n\t<meta property=\"og:image:height\" content=\"1000\" \/>\n\t<meta property=\"og:image:type\" content=\"image\/jpeg\" \/>\n<meta name=\"twitter:card\" content=\"summary_large_image\" \/>\n<script type=\"application\/ld+json\" class=\"yoast-schema-graph\">{\"@context\":\"https:\\\/\\\/schema.org\",\"@graph\":[{\"@type\":[\"WebPage\",\"ItemPage\"],\"@id\":\"https:\\\/\\\/vmsport.fi\\\/verkkokauppa\\\/varaosat\\\/ohjaamo\\\/ohjainkannattimet\\\/ohjainkannatin-zoom-35-50mm-saadettava-0-90ast\\\/\",\"url\":\"https:\\\/\\\/vmsport.fi\\\/verkkokauppa\\\/varaosat\\\/ohjaamo\\\/ohjainkannattimet\\\/ohjainkannatin-zoom-35-50mm-saadettava-0-90ast\\\/\",\"name\":\"Ohjainkannatin ZOOM, 35\\\/ 50mm, s\u00e4\u00e4dett\u00e4v\u00e4 0-90ast. - VM Sport\",\"isPartOf\":{\"@id\":\"https:\\\/\\\/vmsport.fi\\\/#website\"},\"primaryImageOfPage\":{\"@id\":\"https:\\\/\\\/vmsport.fi\\\/verkkokauppa\\\/varaosat\\\/ohjaamo\\\/ohjainkannattimet\\\/ohjainkannatin-zoom-35-50mm-saadettava-0-90ast\\\/#primaryimage\"},\"image\":{\"@id\":\"https:\\\/\\\/vmsport.fi\\\/verkkokauppa\\\/varaosat\\\/ohjaamo\\\/ohjainkannattimet\\\/ohjainkannatin-zoom-35-50mm-saadettava-0-90ast\\\/#primaryimage\"},\"thumbnailUrl\":\"https:\\\/\\\/vmsport.fi\\\/wp-content\\\/uploads\\\/2025\\\/03\\\/68018-1.jpg\",\"datePublished\":\"2025-03-05T21:36:15+00:00\",\"dateModified\":\"2026-04-22T12:06:09+00:00\",\"breadcrumb\":{\"@id\":\"https:\\\/\\\/vmsport.fi\\\/verkkokauppa\\\/varaosat\\\/ohjaamo\\\/ohjainkannattimet\\\/ohjainkannatin-zoom-35-50mm-saadettava-0-90ast\\\/#breadcrumb\"},\"inLanguage\":\"sv-SE\",\"potentialAction\":[{\"@type\":\"ReadAction\",\"target\":[\"https:\\\/\\\/vmsport.fi\\\/verkkokauppa\\\/varaosat\\\/ohjaamo\\\/ohjainkannattimet\\\/ohjainkannatin-zoom-35-50mm-saadettava-0-90ast\\\/\"]}]},{\"@type\":\"ImageObject\",\"inLanguage\":\"sv-SE\",\"@id\":\"https:\\\/\\\/vmsport.fi\\\/verkkokauppa\\\/varaosat\\\/ohjaamo\\\/ohjainkannattimet\\\/ohjainkannatin-zoom-35-50mm-saadettava-0-90ast\\\/#primaryimage\",\"url\":\"https:\\\/\\\/vmsport.fi\\\/wp-content\\\/uploads\\\/2025\\\/03\\\/68018-1.jpg\",\"contentUrl\":\"https:\\\/\\\/vmsport.fi\\\/wp-content\\\/uploads\\\/2025\\\/03\\\/68018-1.jpg\",\"width\":1000,\"height\":1000,\"caption\":\"68018\"},{\"@type\":\"BreadcrumbList\",\"@id\":\"https:\\\/\\\/vmsport.fi\\\/verkkokauppa\\\/varaosat\\\/ohjaamo\\\/ohjainkannattimet\\\/ohjainkannatin-zoom-35-50mm-saadettava-0-90ast\\\/#breadcrumb\",\"itemListElement\":[{\"@type\":\"ListItem\",\"position\":1,\"name\":\"Etusivu\",\"item\":\"https:\\\/\\\/vmsport.fi\\\/\"},{\"@type\":\"ListItem\",\"position\":2,\"name\":\"Online Store\",\"item\":\"https:\\\/\\\/vmsport.fi\\\/en\\\/online-store\\\/\"},{\"@type\":\"ListItem\",\"position\":3,\"name\":\"Ohjainkannatin ZOOM, 35\\\/ 50mm, s\u00e4\u00e4dett\u00e4v\u00e4 0-90ast.\"}]},{\"@type\":\"WebSite\",\"@id\":\"https:\\\/\\\/vmsport.fi\\\/#website\",\"url\":\"https:\\\/\\\/vmsport.fi\\\/\",\"name\":\"Vmsport\",\"description\":\"Kaikki py\u00f6r\u00e4ilyyn yhdest\u00e4 paikasta\",\"publisher\":{\"@id\":\"https:\\\/\\\/vmsport.fi\\\/#organization\"},\"potentialAction\":[{\"@type\":\"SearchAction\",\"target\":{\"@type\":\"EntryPoint\",\"urlTemplate\":\"https:\\\/\\\/vmsport.fi\\\/?s={search_term_string}\"},\"query-input\":{\"@type\":\"PropertyValueSpecification\",\"valueRequired\":true,\"valueName\":\"search_term_string\"}}],\"inLanguage\":\"sv-SE\"},{\"@type\":\"Organization\",\"@id\":\"https:\\\/\\\/vmsport.fi\\\/#organization\",\"name\":\"Vmsport\",\"url\":\"https:\\\/\\\/vmsport.fi\\\/\",\"logo\":{\"@type\":\"ImageObject\",\"inLanguage\":\"sv-SE\",\"@id\":\"https:\\\/\\\/vmsport.fi\\\/#\\\/schema\\\/logo\\\/image\\\/\",\"url\":\"https:\\\/\\\/vmsport.fi\\\/wp-content\\\/uploads\\\/2024\\\/12\\\/vm_sport_RGB_horisontal-e1734526017575.png\",\"contentUrl\":\"https:\\\/\\\/vmsport.fi\\\/wp-content\\\/uploads\\\/2024\\\/12\\\/vm_sport_RGB_horisontal-e1734526017575.png\",\"width\":668,\"height\":85,\"caption\":\"Vmsport\"},\"image\":{\"@id\":\"https:\\\/\\\/vmsport.fi\\\/#\\\/schema\\\/logo\\\/image\\\/\"},\"sameAs\":[\"https:\\\/\\\/www.facebook.com\\\/Vmsport.fi\\\/\",\"https:\\\/\\\/www.instagram.com\\\/vmsport\\\/\"]}]}<\/script>\n<!-- \/ Yoast SEO plugin. -->","yoast_head_json":{"title":"Styrf\u00e4ste ZOOM, 35\/ 50 mm, justerbart 0-90\u00b0 - VM Sport","robots":{"index":"index","follow":"follow","max-snippet":"max-snippet:-1","max-image-preview":"max-image-preview:large","max-video-preview":"max-video-preview:-1"},"canonical":"https:\/\/vmsport.fi\/sv\/webbutik\/reservdelar\/taxi\/styrfasten\/styrfaste-zoom-35-50mm-tillganglig-0-90ast\/","og_locale":"sv_SE","og_type":"article","og_title":"Ohjainkannatin ZOOM, 35\/ 50mm, s\u00e4\u00e4dett\u00e4v\u00e4 0-90ast. - VM Sport","og_description":"Ohjainkannatin ZOOM on erinomainen varuste maasto- tai hybridipy\u00f6r\u00e4\u00e4si, sill\u00e4 sen avulla voit s\u00e4\u00e4t\u00e4\u00e4 ohjaustangon kulmaa 0-90 asteen v\u00e4lill\u00e4 vaivattomasti. T\u00e4m\u00e4 50 mm pitk\u00e4 s\u00e4\u00e4dett\u00e4v\u00e4 stemmi on suunniteltu 35 mm ohjaustankoon, tarjoten mukavan ja henkil\u00f6kohtaisen ajokokemuksen. Valmistettu kest\u00e4v\u00e4st\u00e4 alumiinista, tuote on kevyt mutta eritt\u00e4in kest\u00e4v\u00e4. Tyylik\u00e4s mattamusta tai hopeinen viimeistely t\u00e4ydent\u00e4\u00e4 py\u00f6r\u00e4si ulkon\u00e4\u00f6n huomaamattoman tyylikk\u00e4\u00e4sti. [...]L\u00e4s mer \u2026 from Ohjainkannatin ZOOM, 35\/ 50mm, s\u00e4\u00e4dett\u00e4v\u00e4 0-90ast.","og_url":"https:\/\/vmsport.fi\/sv\/webbutik\/reservdelar\/taxi\/styrfasten\/styrfaste-zoom-35-50mm-tillganglig-0-90ast\/","og_site_name":"VM Sport","article_publisher":"https:\/\/www.facebook.com\/Vmsport.fi\/","article_modified_time":"2026-04-22T12:06:09+00:00","og_image":[{"width":1000,"height":1000,"url":"https:\/\/vmsport.fi\/wp-content\/uploads\/2025\/03\/68018-1.jpg","type":"image\/jpeg"}],"twitter_card":"summary_large_image","schema":{"@context":"https:\/\/schema.org","@graph":[{"@type":["WebPage","ItemPage"],"@id":"https:\/\/vmsport.fi\/verkkokauppa\/varaosat\/ohjaamo\/ohjainkannattimet\/ohjainkannatin-zoom-35-50mm-saadettava-0-90ast\/","url":"https:\/\/vmsport.fi\/verkkokauppa\/varaosat\/ohjaamo\/ohjainkannattimet\/ohjainkannatin-zoom-35-50mm-saadettava-0-90ast\/","name":"Styrf\u00e4ste ZOOM, 35\/ 50 mm, justerbart 0-90\u00b0 - VM Sport","isPartOf":{"@id":"https:\/\/vmsport.fi\/#website"},"primaryImageOfPage":{"@id":"https:\/\/vmsport.fi\/verkkokauppa\/varaosat\/ohjaamo\/ohjainkannattimet\/ohjainkannatin-zoom-35-50mm-saadettava-0-90ast\/#primaryimage"},"image":{"@id":"https:\/\/vmsport.fi\/verkkokauppa\/varaosat\/ohjaamo\/ohjainkannattimet\/ohjainkannatin-zoom-35-50mm-saadettava-0-90ast\/#primaryimage"},"thumbnailUrl":"https:\/\/vmsport.fi\/wp-content\/uploads\/2025\/03\/68018-1.jpg","datePublished":"2025-03-05T21:36:15+00:00","dateModified":"2026-04-22T12:06:09+00:00","breadcrumb":{"@id":"https:\/\/vmsport.fi\/verkkokauppa\/varaosat\/ohjaamo\/ohjainkannattimet\/ohjainkannatin-zoom-35-50mm-saadettava-0-90ast\/#breadcrumb"},"inLanguage":"sv-SE","potentialAction":[{"@type":"ReadAction","target":["https:\/\/vmsport.fi\/verkkokauppa\/varaosat\/ohjaamo\/ohjainkannattimet\/ohjainkannatin-zoom-35-50mm-saadettava-0-90ast\/"]}]},{"@type":"ImageObject","inLanguage":"sv-SE","@id":"https:\/\/vmsport.fi\/verkkokauppa\/varaosat\/ohjaamo\/ohjainkannattimet\/ohjainkannatin-zoom-35-50mm-saadettava-0-90ast\/#primaryimage","url":"https:\/\/vmsport.fi\/wp-content\/uploads\/2025\/03\/68018-1.jpg","contentUrl":"https:\/\/vmsport.fi\/wp-content\/uploads\/2025\/03\/68018-1.jpg","width":1000,"height":1000,"caption":"68018"},{"@type":"BreadcrumbList","@id":"https:\/\/vmsport.fi\/verkkokauppa\/varaosat\/ohjaamo\/ohjainkannattimet\/ohjainkannatin-zoom-35-50mm-saadettava-0-90ast\/#breadcrumb","itemListElement":[{"@type":"ListItem","position":1,"name":"Etusivu","item":"https:\/\/vmsport.fi\/"},{"@type":"ListItem","position":2,"name":"Online Store","item":"https:\/\/vmsport.fi\/en\/online-store\/"},{"@type":"ListItem","position":3,"name":"Ohjainkannatin ZOOM, 35\/ 50mm, s\u00e4\u00e4dett\u00e4v\u00e4 0-90ast."}]},{"@type":"WebSite","@id":"https:\/\/vmsport.fi\/#website","url":"https:\/\/vmsport.fi\/","name":"Vmsport","description":"Allt p\u00e5 ett st\u00e4lle f\u00f6r cykling","publisher":{"@id":"https:\/\/vmsport.fi\/#organization"},"potentialAction":[{"@type":"SearchAction","target":{"@type":"EntryPoint","urlTemplate":"https:\/\/vmsport.fi\/?s={search_term_string}"},"query-input":{"@type":"PropertyValueSpecification","valueRequired":true,"valueName":"search_term_string"}}],"inLanguage":"sv-SE"},{"@type":"Organization","@id":"https:\/\/vmsport.fi\/#organization","name":"Vmsport","url":"https:\/\/vmsport.fi\/","logo":{"@type":"ImageObject","inLanguage":"sv-SE","@id":"https:\/\/vmsport.fi\/#\/schema\/logo\/image\/","url":"https:\/\/vmsport.fi\/wp-content\/uploads\/2024\/12\/vm_sport_RGB_horisontal-e1734526017575.png","contentUrl":"https:\/\/vmsport.fi\/wp-content\/uploads\/2024\/12\/vm_sport_RGB_horisontal-e1734526017575.png","width":668,"height":85,"caption":"Vmsport"},"image":{"@id":"https:\/\/vmsport.fi\/#\/schema\/logo\/image\/"},"sameAs":["https:\/\/www.facebook.com\/Vmsport.fi\/","https:\/\/www.instagram.com\/vmsport\/"]}]}},"global_unique_id":"","_links":{"self":[{"href":"https:\/\/vmsport.fi\/sv\/wp-json\/wp\/v2\/product\/53004","targetHints":{"allow":["GET"]}}],"collection":[{"href":"https:\/\/vmsport.fi\/sv\/wp-json\/wp\/v2\/product"}],"about":[{"href":"https:\/\/vmsport.fi\/sv\/wp-json\/wp\/v2\/types\/product"}],"replies":[{"embeddable":true,"href":"https:\/\/vmsport.fi\/sv\/wp-json\/wp\/v2\/comments?post=53004"}],"wp:featuredmedia":[{"embeddable":true,"href":"https:\/\/vmsport.fi\/sv\/wp-json\/wp\/v2\/media\/53003"}],"wp:attachment":[{"href":"https:\/\/vmsport.fi\/sv\/wp-json\/wp\/v2\/media?parent=53004"}],"wp:term":[{"taxonomy":"product_brand","embeddable":true,"href":"https:\/\/vmsport.fi\/sv\/wp-json\/wp\/v2\/product_brand?post=53004"},{"taxonomy":"product_model","embeddable":true,"href":"https:\/\/vmsport.fi\/sv\/wp-json\/wp\/v2\/product_model?post=53004"},{"taxonomy":"product_cat","embeddable":true,"href":"https:\/\/vmsport.fi\/sv\/wp-json\/wp\/v2\/product_cat?post=53004"},{"taxonomy":"product_tag","embeddable":true,"href":"https:\/\/vmsport.fi\/sv\/wp-json\/wp\/v2\/product_tag?post=53004"},{"taxonomy":"industry_terminology","embeddable":true,"href":"https:\/\/vmsport.fi\/sv\/wp-json\/wp\/v2\/industry-terminology?post=53004"}],"curies":[{"name":"wp","href":"https:\/\/api.w.org\/{rel}","templated":true}]}}