{"id":52998,"date":"2025-03-05T23:36:12","date_gmt":"2025-03-05T21:36:12","guid":{"rendered":"https:\/\/vmsport.fi\/verkkokauppa\/Ei-luokiteltu\/bontrager-tyro-youth-bike-helmet\/"},"modified":"2026-01-16T13:21:19","modified_gmt":"2026-01-16T11:21:19","slug":"bontrager-tyro-cykelhjalm-for-ungdomar","status":"publish","type":"product","link":"https:\/\/vmsport.fi\/sv\/verkkokauppa\/ajovarusteet\/kyparat\/lasten-kyparat\/bontrager-tyro-youth-bike-helmet\/","title":{"rendered":"Bontrager Tyro cykelhj\u00e4lm f\u00f6r ungdomar"},"content":{"rendered":"<p>Bontrager Tyro Youth Cycling Helmet ger ungdomar samma prestanda och komfort som hj\u00e4lmar f\u00f6r vuxna, vilket g\u00f6r den idealisk f\u00f6r vardagsanv\u00e4ndning. Hj\u00e4lmens gjutna EPS-skal och extra bakre skydd ger f\u00f6rb\u00e4ttrat skydd och h\u00e5llbarhet, och uppfyller ASTM-s\u00e4kerhetsstandarder som \u00e4r utformade f\u00f6r mindre huvuden. Det magnetiska Fidlock-sp\u00e4nnet g\u00f6r att hj\u00e4lmen kan f\u00e4stas enkelt och s\u00e4kert, medan det justerbara passformssystemet ger en bekv\u00e4m och \u00e5tsittande k\u00e4nsla. Mjuk, fukttransporterande och tv\u00e4ttbar stoppning \u00f6kar komforten, medan justerbara remmar ger en str\u00f6mlinjeformad look och enkel anv\u00e4ndning. Ett \u00e5rs kollisionsgaranti ger sinnesfrid och skydd i ov\u00e4ntade situationer. F\u00f6r ungdomar som vill ha s\u00e4kerhet, komfort och bekv\u00e4mlighet p\u00e5 sina cykelturer \u00e4r den h\u00e4r hj\u00e4lmen det sj\u00e4lvklara valet.<\/p>","protected":false},"excerpt":{"rendered":"<p>Bontrager Tyro -nuorisopy\u00f6r\u00e4ilykyp\u00e4r\u00e4 tarjoaa nuorille samat suorituskyvyn ja mukavuuden kuin aikuisten kyp\u00e4r\u00e4t, tehden siit\u00e4 ihanteellisen arkip\u00e4iv\u00e4n k\u00e4ytt\u00f6\u00f6n. Kyp\u00e4r\u00e4n valettu EPS-kuori ja takaosan lis\u00e4suojaus takaavat paremman suojan ja kest\u00e4vyyden, t\u00e4ytt\u00e4en ASTM-turvallisuusstandardit, jotka on suunniteltu pienemmille p\u00e4ille. Fidlock-magneettisolki mahdollistaa vaivattoman ja turvallisen kiinnityksen, kun taas s\u00e4\u00e4dett\u00e4v\u00e4 istuvuussysteemi varmistaa miellytt\u00e4v\u00e4n ja istuvan k\u00e4ytt\u00f6kokemuksen. Pehme\u00e4t, kosteutta siirt\u00e4v\u00e4t ja pest\u00e4v\u00e4t [&#8230;]<\/p>\n<p><a class=\"btn btn-secondary understrap-read-more-link\" href=\"https:\/\/vmsport.fi\/sv\/verkkokauppa\/ajovarusteet\/kyparat\/lasten-kyparat\/bontrager-tyro-youth-bike-helmet\/\">L\u00e4s mer \u2026<span class=\"screen-reader-text\"> from Bontrager Tyro Youth Bike Helmet<\/span><\/a><\/p>\n","protected":false},"featured_media":52997,"comment_status":"open","ping_status":"closed","template":"","meta":{"_acf_changed":false,"_improvement_type_select":"improve_an_existing","_thumb_yes_seoaic":false,"_frame_yes_seoaic":false,"seoaic_generate_description":"","seoaic_improve_instructions_prompt":"","seoaic_rollback_content_improvement":"","seoaic_idea_thumbnail_generator":"","thumbnail_generated":false,"thumbnail_generate_prompt":"","seoaic_article_description":"","_supplier_stock_quantity":0},"product_brand":[],"product_model":[],"product_cat":[9518],"product_tag":[],"industry-terminology":[],"class_list":{"0":"post-52998","1":"product","2":"type-product","3":"status-publish","4":"has-post-thumbnail","6":"product_cat-lasten-kyparat","8":"first","9":"outofstock","10":"taxable","11":"shipping-taxable","12":"product-type-variable"},"acf":{"bike_features":null,"overview":{"copy_overview":null,"key_features":null,"statement":"","youtube_url":""}},"yoast_head":"<!-- This site is optimized with the Yoast SEO plugin v27.3 - https:\/\/yoast.com\/product\/yoast-seo-wordpress\/ -->\n<title>Bontrager Tyro Youth Bike Helmet - VM Sport<\/title>\n<meta name=\"robots\" content=\"index, follow, max-snippet:-1, max-image-preview:large, max-video-preview:-1\" \/>\n<link rel=\"canonical\" href=\"https:\/\/vmsport.fi\/sv\/webbutik\/korutrustning\/kyparat\/kyparat-for-barn\/bontrager-tyro-cykelhjalm-for-ungdomar\/\" \/>\n<meta property=\"og:locale\" content=\"sv_SE\" \/>\n<meta property=\"og:type\" content=\"article\" \/>\n<meta property=\"og:title\" content=\"Bontrager Tyro Youth Bike Helmet - VM Sport\" \/>\n<meta property=\"og:description\" content=\"Bontrager Tyro -nuorisopy\u00f6r\u00e4ilykyp\u00e4r\u00e4 tarjoaa nuorille samat suorituskyvyn ja mukavuuden kuin aikuisten kyp\u00e4r\u00e4t, tehden siit\u00e4 ihanteellisen arkip\u00e4iv\u00e4n k\u00e4ytt\u00f6\u00f6n. Kyp\u00e4r\u00e4n valettu EPS-kuori ja takaosan lis\u00e4suojaus takaavat paremman suojan ja kest\u00e4vyyden, t\u00e4ytt\u00e4en ASTM-turvallisuusstandardit, jotka on suunniteltu pienemmille p\u00e4ille. Fidlock-magneettisolki mahdollistaa vaivattoman ja turvallisen kiinnityksen, kun taas s\u00e4\u00e4dett\u00e4v\u00e4 istuvuussysteemi varmistaa miellytt\u00e4v\u00e4n ja istuvan k\u00e4ytt\u00f6kokemuksen. Pehme\u00e4t, kosteutta siirt\u00e4v\u00e4t ja pest\u00e4v\u00e4t [...]L\u00e4s mer \u2026 from Bontrager Tyro Youth Bike Helmet\" \/>\n<meta property=\"og:url\" content=\"https:\/\/vmsport.fi\/sv\/webbutik\/korutrustning\/kyparat\/kyparat-for-barn\/bontrager-tyro-cykelhjalm-for-ungdomar\/\" \/>\n<meta property=\"og:site_name\" content=\"VM Sport\" \/>\n<meta property=\"article:publisher\" content=\"https:\/\/www.facebook.com\/Vmsport.fi\/\" \/>\n<meta property=\"article:modified_time\" content=\"2026-01-16T11:21:19+00:00\" \/>\n<meta property=\"og:image\" content=\"https:\/\/vmsport.fi\/wp-content\/uploads\/2025\/03\/BontragerTyroYouthHelmetCE-31205-B-Alt4-1.jpg\" \/>\n\t<meta property=\"og:image:width\" content=\"1000\" \/>\n\t<meta property=\"og:image:height\" content=\"750\" \/>\n\t<meta property=\"og:image:type\" content=\"image\/jpeg\" \/>\n<meta name=\"twitter:card\" content=\"summary_large_image\" \/>\n<meta name=\"twitter:label1\" content=\"Ber\u00e4knad l\u00e4stid\" \/>\n\t<meta name=\"twitter:data1\" content=\"1 minut\" \/>\n<script type=\"application\/ld+json\" class=\"yoast-schema-graph\">{\"@context\":\"https:\\\/\\\/schema.org\",\"@graph\":[{\"@type\":[\"WebPage\",\"ItemPage\"],\"@id\":\"https:\\\/\\\/vmsport.fi\\\/verkkokauppa\\\/ajovarusteet\\\/kyparat\\\/lasten-kyparat\\\/bontrager-tyro-youth-bike-helmet\\\/\",\"url\":\"https:\\\/\\\/vmsport.fi\\\/verkkokauppa\\\/ajovarusteet\\\/kyparat\\\/lasten-kyparat\\\/bontrager-tyro-youth-bike-helmet\\\/\",\"name\":\"Bontrager Tyro Youth Bike Helmet - VM Sport\",\"isPartOf\":{\"@id\":\"https:\\\/\\\/vmsport.fi\\\/#website\"},\"primaryImageOfPage\":{\"@id\":\"https:\\\/\\\/vmsport.fi\\\/verkkokauppa\\\/ajovarusteet\\\/kyparat\\\/lasten-kyparat\\\/bontrager-tyro-youth-bike-helmet\\\/#primaryimage\"},\"image\":{\"@id\":\"https:\\\/\\\/vmsport.fi\\\/verkkokauppa\\\/ajovarusteet\\\/kyparat\\\/lasten-kyparat\\\/bontrager-tyro-youth-bike-helmet\\\/#primaryimage\"},\"thumbnailUrl\":\"https:\\\/\\\/vmsport.fi\\\/wp-content\\\/uploads\\\/2025\\\/03\\\/BontragerTyroYouthHelmetCE-31205-B-Alt4-1.jpg\",\"datePublished\":\"2025-03-05T21:36:12+00:00\",\"dateModified\":\"2026-01-16T11:21:19+00:00\",\"breadcrumb\":{\"@id\":\"https:\\\/\\\/vmsport.fi\\\/verkkokauppa\\\/ajovarusteet\\\/kyparat\\\/lasten-kyparat\\\/bontrager-tyro-youth-bike-helmet\\\/#breadcrumb\"},\"inLanguage\":\"sv-SE\",\"potentialAction\":[{\"@type\":\"ReadAction\",\"target\":[\"https:\\\/\\\/vmsport.fi\\\/verkkokauppa\\\/ajovarusteet\\\/kyparat\\\/lasten-kyparat\\\/bontrager-tyro-youth-bike-helmet\\\/\"]}]},{\"@type\":\"ImageObject\",\"inLanguage\":\"sv-SE\",\"@id\":\"https:\\\/\\\/vmsport.fi\\\/verkkokauppa\\\/ajovarusteet\\\/kyparat\\\/lasten-kyparat\\\/bontrager-tyro-youth-bike-helmet\\\/#primaryimage\",\"url\":\"https:\\\/\\\/vmsport.fi\\\/wp-content\\\/uploads\\\/2025\\\/03\\\/BontragerTyroYouthHelmetCE-31205-B-Alt4-1.jpg\",\"contentUrl\":\"https:\\\/\\\/vmsport.fi\\\/wp-content\\\/uploads\\\/2025\\\/03\\\/BontragerTyroYouthHelmetCE-31205-B-Alt4-1.jpg\",\"width\":1000,\"height\":750,\"caption\":\"BontragerTyroYouthHelmetCE-31205-B-Alt4\"},{\"@type\":\"BreadcrumbList\",\"@id\":\"https:\\\/\\\/vmsport.fi\\\/verkkokauppa\\\/ajovarusteet\\\/kyparat\\\/lasten-kyparat\\\/bontrager-tyro-youth-bike-helmet\\\/#breadcrumb\",\"itemListElement\":[{\"@type\":\"ListItem\",\"position\":1,\"name\":\"Etusivu\",\"item\":\"https:\\\/\\\/vmsport.fi\\\/\"},{\"@type\":\"ListItem\",\"position\":2,\"name\":\"Online Store\",\"item\":\"https:\\\/\\\/vmsport.fi\\\/en\\\/online-store\\\/\"},{\"@type\":\"ListItem\",\"position\":3,\"name\":\"Bontrager Tyro Youth Bike Helmet\"}]},{\"@type\":\"WebSite\",\"@id\":\"https:\\\/\\\/vmsport.fi\\\/#website\",\"url\":\"https:\\\/\\\/vmsport.fi\\\/\",\"name\":\"Vmsport\",\"description\":\"Kaikki py\u00f6r\u00e4ilyyn yhdest\u00e4 paikasta\",\"publisher\":{\"@id\":\"https:\\\/\\\/vmsport.fi\\\/#organization\"},\"potentialAction\":[{\"@type\":\"SearchAction\",\"target\":{\"@type\":\"EntryPoint\",\"urlTemplate\":\"https:\\\/\\\/vmsport.fi\\\/?s={search_term_string}\"},\"query-input\":{\"@type\":\"PropertyValueSpecification\",\"valueRequired\":true,\"valueName\":\"search_term_string\"}}],\"inLanguage\":\"sv-SE\"},{\"@type\":\"Organization\",\"@id\":\"https:\\\/\\\/vmsport.fi\\\/#organization\",\"name\":\"Vmsport\",\"url\":\"https:\\\/\\\/vmsport.fi\\\/\",\"logo\":{\"@type\":\"ImageObject\",\"inLanguage\":\"sv-SE\",\"@id\":\"https:\\\/\\\/vmsport.fi\\\/#\\\/schema\\\/logo\\\/image\\\/\",\"url\":\"https:\\\/\\\/vmsport.fi\\\/wp-content\\\/uploads\\\/2024\\\/12\\\/vm_sport_RGB_horisontal-e1734526017575.png\",\"contentUrl\":\"https:\\\/\\\/vmsport.fi\\\/wp-content\\\/uploads\\\/2024\\\/12\\\/vm_sport_RGB_horisontal-e1734526017575.png\",\"width\":668,\"height\":85,\"caption\":\"Vmsport\"},\"image\":{\"@id\":\"https:\\\/\\\/vmsport.fi\\\/#\\\/schema\\\/logo\\\/image\\\/\"},\"sameAs\":[\"https:\\\/\\\/www.facebook.com\\\/Vmsport.fi\\\/\",\"https:\\\/\\\/www.instagram.com\\\/vmsport\\\/\"]}]}<\/script>\n<!-- \/ Yoast SEO plugin. -->","yoast_head_json":{"title":"Bontrager Tyro cykelhj\u00e4lm f\u00f6r ungdomar - VM Sport","robots":{"index":"index","follow":"follow","max-snippet":"max-snippet:-1","max-image-preview":"max-image-preview:large","max-video-preview":"max-video-preview:-1"},"canonical":"https:\/\/vmsport.fi\/sv\/webbutik\/korutrustning\/kyparat\/kyparat-for-barn\/bontrager-tyro-cykelhjalm-for-ungdomar\/","og_locale":"sv_SE","og_type":"article","og_title":"Bontrager Tyro Youth Bike Helmet - VM Sport","og_description":"Bontrager Tyro -nuorisopy\u00f6r\u00e4ilykyp\u00e4r\u00e4 tarjoaa nuorille samat suorituskyvyn ja mukavuuden kuin aikuisten kyp\u00e4r\u00e4t, tehden siit\u00e4 ihanteellisen arkip\u00e4iv\u00e4n k\u00e4ytt\u00f6\u00f6n. Kyp\u00e4r\u00e4n valettu EPS-kuori ja takaosan lis\u00e4suojaus takaavat paremman suojan ja kest\u00e4vyyden, t\u00e4ytt\u00e4en ASTM-turvallisuusstandardit, jotka on suunniteltu pienemmille p\u00e4ille. Fidlock-magneettisolki mahdollistaa vaivattoman ja turvallisen kiinnityksen, kun taas s\u00e4\u00e4dett\u00e4v\u00e4 istuvuussysteemi varmistaa miellytt\u00e4v\u00e4n ja istuvan k\u00e4ytt\u00f6kokemuksen. Pehme\u00e4t, kosteutta siirt\u00e4v\u00e4t ja pest\u00e4v\u00e4t [...]L\u00e4s mer \u2026 from Bontrager Tyro Youth Bike Helmet","og_url":"https:\/\/vmsport.fi\/sv\/webbutik\/korutrustning\/kyparat\/kyparat-for-barn\/bontrager-tyro-cykelhjalm-for-ungdomar\/","og_site_name":"VM Sport","article_publisher":"https:\/\/www.facebook.com\/Vmsport.fi\/","article_modified_time":"2026-01-16T11:21:19+00:00","og_image":[{"width":1000,"height":750,"url":"https:\/\/vmsport.fi\/wp-content\/uploads\/2025\/03\/BontragerTyroYouthHelmetCE-31205-B-Alt4-1.jpg","type":"image\/jpeg"}],"twitter_card":"summary_large_image","twitter_misc":{"Ber\u00e4knad l\u00e4stid":"1 minut"},"schema":{"@context":"https:\/\/schema.org","@graph":[{"@type":["WebPage","ItemPage"],"@id":"https:\/\/vmsport.fi\/verkkokauppa\/ajovarusteet\/kyparat\/lasten-kyparat\/bontrager-tyro-youth-bike-helmet\/","url":"https:\/\/vmsport.fi\/verkkokauppa\/ajovarusteet\/kyparat\/lasten-kyparat\/bontrager-tyro-youth-bike-helmet\/","name":"Bontrager Tyro cykelhj\u00e4lm f\u00f6r ungdomar - VM Sport","isPartOf":{"@id":"https:\/\/vmsport.fi\/#website"},"primaryImageOfPage":{"@id":"https:\/\/vmsport.fi\/verkkokauppa\/ajovarusteet\/kyparat\/lasten-kyparat\/bontrager-tyro-youth-bike-helmet\/#primaryimage"},"image":{"@id":"https:\/\/vmsport.fi\/verkkokauppa\/ajovarusteet\/kyparat\/lasten-kyparat\/bontrager-tyro-youth-bike-helmet\/#primaryimage"},"thumbnailUrl":"https:\/\/vmsport.fi\/wp-content\/uploads\/2025\/03\/BontragerTyroYouthHelmetCE-31205-B-Alt4-1.jpg","datePublished":"2025-03-05T21:36:12+00:00","dateModified":"2026-01-16T11:21:19+00:00","breadcrumb":{"@id":"https:\/\/vmsport.fi\/verkkokauppa\/ajovarusteet\/kyparat\/lasten-kyparat\/bontrager-tyro-youth-bike-helmet\/#breadcrumb"},"inLanguage":"sv-SE","potentialAction":[{"@type":"ReadAction","target":["https:\/\/vmsport.fi\/verkkokauppa\/ajovarusteet\/kyparat\/lasten-kyparat\/bontrager-tyro-youth-bike-helmet\/"]}]},{"@type":"ImageObject","inLanguage":"sv-SE","@id":"https:\/\/vmsport.fi\/verkkokauppa\/ajovarusteet\/kyparat\/lasten-kyparat\/bontrager-tyro-youth-bike-helmet\/#primaryimage","url":"https:\/\/vmsport.fi\/wp-content\/uploads\/2025\/03\/BontragerTyroYouthHelmetCE-31205-B-Alt4-1.jpg","contentUrl":"https:\/\/vmsport.fi\/wp-content\/uploads\/2025\/03\/BontragerTyroYouthHelmetCE-31205-B-Alt4-1.jpg","width":1000,"height":750,"caption":"BontragerTyroYouthHelmetCE-31205-B-Alt4"},{"@type":"BreadcrumbList","@id":"https:\/\/vmsport.fi\/verkkokauppa\/ajovarusteet\/kyparat\/lasten-kyparat\/bontrager-tyro-youth-bike-helmet\/#breadcrumb","itemListElement":[{"@type":"ListItem","position":1,"name":"Etusivu","item":"https:\/\/vmsport.fi\/"},{"@type":"ListItem","position":2,"name":"Online Store","item":"https:\/\/vmsport.fi\/en\/online-store\/"},{"@type":"ListItem","position":3,"name":"Bontrager Tyro Youth Bike Helmet"}]},{"@type":"WebSite","@id":"https:\/\/vmsport.fi\/#website","url":"https:\/\/vmsport.fi\/","name":"Vmsport","description":"Allt p\u00e5 ett st\u00e4lle f\u00f6r cykling","publisher":{"@id":"https:\/\/vmsport.fi\/#organization"},"potentialAction":[{"@type":"SearchAction","target":{"@type":"EntryPoint","urlTemplate":"https:\/\/vmsport.fi\/?s={search_term_string}"},"query-input":{"@type":"PropertyValueSpecification","valueRequired":true,"valueName":"search_term_string"}}],"inLanguage":"sv-SE"},{"@type":"Organization","@id":"https:\/\/vmsport.fi\/#organization","name":"Vmsport","url":"https:\/\/vmsport.fi\/","logo":{"@type":"ImageObject","inLanguage":"sv-SE","@id":"https:\/\/vmsport.fi\/#\/schema\/logo\/image\/","url":"https:\/\/vmsport.fi\/wp-content\/uploads\/2024\/12\/vm_sport_RGB_horisontal-e1734526017575.png","contentUrl":"https:\/\/vmsport.fi\/wp-content\/uploads\/2024\/12\/vm_sport_RGB_horisontal-e1734526017575.png","width":668,"height":85,"caption":"Vmsport"},"image":{"@id":"https:\/\/vmsport.fi\/#\/schema\/logo\/image\/"},"sameAs":["https:\/\/www.facebook.com\/Vmsport.fi\/","https:\/\/www.instagram.com\/vmsport\/"]}]}},"global_unique_id":"","_links":{"self":[{"href":"https:\/\/vmsport.fi\/sv\/wp-json\/wp\/v2\/product\/52998","targetHints":{"allow":["GET"]}}],"collection":[{"href":"https:\/\/vmsport.fi\/sv\/wp-json\/wp\/v2\/product"}],"about":[{"href":"https:\/\/vmsport.fi\/sv\/wp-json\/wp\/v2\/types\/product"}],"replies":[{"embeddable":true,"href":"https:\/\/vmsport.fi\/sv\/wp-json\/wp\/v2\/comments?post=52998"}],"wp:featuredmedia":[{"embeddable":true,"href":"https:\/\/vmsport.fi\/sv\/wp-json\/wp\/v2\/media\/52997"}],"wp:attachment":[{"href":"https:\/\/vmsport.fi\/sv\/wp-json\/wp\/v2\/media?parent=52998"}],"wp:term":[{"taxonomy":"product_brand","embeddable":true,"href":"https:\/\/vmsport.fi\/sv\/wp-json\/wp\/v2\/product_brand?post=52998"},{"taxonomy":"product_model","embeddable":true,"href":"https:\/\/vmsport.fi\/sv\/wp-json\/wp\/v2\/product_model?post=52998"},{"taxonomy":"product_cat","embeddable":true,"href":"https:\/\/vmsport.fi\/sv\/wp-json\/wp\/v2\/product_cat?post=52998"},{"taxonomy":"product_tag","embeddable":true,"href":"https:\/\/vmsport.fi\/sv\/wp-json\/wp\/v2\/product_tag?post=52998"},{"taxonomy":"industry_terminology","embeddable":true,"href":"https:\/\/vmsport.fi\/sv\/wp-json\/wp\/v2\/industry-terminology?post=52998"}],"curies":[{"name":"wp","href":"https:\/\/api.w.org\/{rel}","templated":true}]}}