{"id":52996,"date":"2025-03-05T23:36:11","date_gmt":"2025-03-05T21:36:11","guid":{"rendered":"https:\/\/vmsport.fi\/verkkokauppa\/Ei-luokiteltu\/keskiolaakeri-bsa-118mm-73mm-bb-un300-nelikantti\/"},"modified":"2026-01-16T13:24:48","modified_gmt":"2026-01-16T11:24:48","slug":"centrumlager-bsa-118mm-73mm-bb-un300-fyrkant","status":"publish","type":"product","link":"https:\/\/vmsport.fi\/sv\/verkkokauppa\/varaosat\/voimansiirto\/keskiolaakerit\/keskiolaakeri-bsa-118mm-73mm-bb-un300-nelikantti\/","title":{"rendered":"Vevlager BSA 118mm\/73mm BB-UN300 fyrkant"},"content":{"rendered":"<p>BB-UN300-centrallagret \u00e4r utformat f\u00f6r att ge en tillf\u00f6rlitlig och effektiv transmission. Dess fyrkanalsdesign \u00e4r idealisk f\u00f6r cyklar med BSA-g\u00e4ngade ramar. Med en l\u00e4ngd p\u00e5 118 mm och en bredd p\u00e5 73 mm ger den h\u00e4r konstruktionen l\u00e5ng livsl\u00e4ngd och l\u00e5gt underh\u00e5llsbehov. Den integrerade designen s\u00e4kerst\u00e4ller en stabil passform och den mest effektiva k\u00f6rupplevelsen, vilket g\u00f6r den till ett utm\u00e4rkt val f\u00f6r passionerade cyklister.<\/p>","protected":false},"excerpt":{"rendered":"<p>Keski\u00f6laakeri BB-UN300 on suunniteltu tarjoamaan luotettavan ja tehokkaan voimansiirron. Sen nelikanttinen rakenne sopii erinomaisesti polkupy\u00f6riin, joissa on BSA-kierteiset rungot. Laakerin pituus on 118 mm ja leveys 73 mm. T\u00e4m\u00e4 rakenne takaa kest\u00e4vyyden ja v\u00e4h\u00e4isen huoltotarpeen. Integroitu muotoilu varmistaa vakaan istuvuuden ja mahdollisimman tehokkaan ajokokemuksen, mik\u00e4 tekee siit\u00e4 erinomaisen valinnan intohimoisille py\u00f6r\u00e4ilij\u00f6ille. [&#8230;]<\/p>\n<p><a class=\"btn btn-secondary understrap-read-more-link\" href=\"https:\/\/vmsport.fi\/sv\/verkkokauppa\/varaosat\/voimansiirto\/keskiolaakerit\/keskiolaakeri-bsa-118mm-73mm-bb-un300-nelikantti\/\">L\u00e4s mer \u2026<span class=\"screen-reader-text\"> from Keski\u00f6laakeri BSA 118mm\/73mm BB-UN300 nelikantti<\/span><\/a><\/p>\n","protected":false},"featured_media":52995,"comment_status":"open","ping_status":"closed","template":"","meta":{"_acf_changed":false,"_improvement_type_select":"improve_an_existing","_thumb_yes_seoaic":false,"_frame_yes_seoaic":false,"seoaic_generate_description":"","seoaic_improve_instructions_prompt":"","seoaic_rollback_content_improvement":"","seoaic_idea_thumbnail_generator":"","thumbnail_generated":false,"thumbnail_generate_prompt":"","seoaic_article_description":"","_supplier_stock_quantity":0},"product_brand":[],"product_model":[],"product_cat":[9350],"product_tag":[],"industry-terminology":[],"class_list":{"0":"post-52996","1":"product","2":"type-product","3":"status-publish","4":"has-post-thumbnail","6":"product_cat-keskiolaakerit","8":"first","9":"instock","10":"taxable","11":"shipping-taxable","12":"purchasable","13":"product-type-simple"},"acf":{"bike_features":null,"overview":{"copy_overview":null,"key_features":null,"statement":"","youtube_url":""}},"yoast_head":"<!-- This site is optimized with the Yoast SEO plugin v27.3 - https:\/\/yoast.com\/product\/yoast-seo-wordpress\/ -->\n<title>Keski\u00f6laakeri BSA 118mm\/73mm BB-UN300 nelikantti - VM Sport<\/title>\n<meta name=\"robots\" content=\"index, follow, max-snippet:-1, max-image-preview:large, max-video-preview:-1\" \/>\n<link rel=\"canonical\" href=\"https:\/\/vmsport.fi\/sv\/webbutik\/reservdelar\/transmission\/mittlager\/centrumlager-bsa-118mm-73mm-bb-un300-fyrkant\/\" \/>\n<meta property=\"og:locale\" content=\"sv_SE\" \/>\n<meta property=\"og:type\" content=\"article\" \/>\n<meta property=\"og:title\" content=\"Keski\u00f6laakeri BSA 118mm\/73mm BB-UN300 nelikantti - VM Sport\" \/>\n<meta property=\"og:description\" content=\"Keski\u00f6laakeri BB-UN300 on suunniteltu tarjoamaan luotettavan ja tehokkaan voimansiirron. Sen nelikanttinen rakenne sopii erinomaisesti polkupy\u00f6riin, joissa on BSA-kierteiset rungot. Laakerin pituus on 118 mm ja leveys 73 mm. T\u00e4m\u00e4 rakenne takaa kest\u00e4vyyden ja v\u00e4h\u00e4isen huoltotarpeen. Integroitu muotoilu varmistaa vakaan istuvuuden ja mahdollisimman tehokkaan ajokokemuksen, mik\u00e4 tekee siit\u00e4 erinomaisen valinnan intohimoisille py\u00f6r\u00e4ilij\u00f6ille. [...]L\u00e4s mer \u2026 from Keski\u00f6laakeri BSA 118mm\/73mm BB-UN300 nelikantti\" \/>\n<meta property=\"og:url\" content=\"https:\/\/vmsport.fi\/sv\/webbutik\/reservdelar\/transmission\/mittlager\/centrumlager-bsa-118mm-73mm-bb-un300-fyrkant\/\" \/>\n<meta property=\"og:site_name\" content=\"VM Sport\" \/>\n<meta property=\"article:publisher\" content=\"https:\/\/www.facebook.com\/Vmsport.fi\/\" \/>\n<meta property=\"article:modified_time\" content=\"2026-01-16T11:24:48+00:00\" \/>\n<meta property=\"og:image\" content=\"https:\/\/vmsport.fi\/wp-content\/uploads\/2025\/03\/edVZBt3vtgmdteiRhfsMJTZxA3gVWWy86w9u5kZJmXK4QAX55w-1.jpg\" \/>\n\t<meta property=\"og:image:width\" content=\"600\" \/>\n\t<meta property=\"og:image:height\" content=\"600\" \/>\n\t<meta property=\"og:image:type\" content=\"image\/jpeg\" \/>\n<meta name=\"twitter:card\" content=\"summary_large_image\" \/>\n<script type=\"application\/ld+json\" class=\"yoast-schema-graph\">{\"@context\":\"https:\\\/\\\/schema.org\",\"@graph\":[{\"@type\":[\"WebPage\",\"ItemPage\"],\"@id\":\"https:\\\/\\\/vmsport.fi\\\/verkkokauppa\\\/varaosat\\\/voimansiirto\\\/keskiolaakerit\\\/keskiolaakeri-bsa-118mm-73mm-bb-un300-nelikantti\\\/\",\"url\":\"https:\\\/\\\/vmsport.fi\\\/verkkokauppa\\\/varaosat\\\/voimansiirto\\\/keskiolaakerit\\\/keskiolaakeri-bsa-118mm-73mm-bb-un300-nelikantti\\\/\",\"name\":\"Keski\u00f6laakeri BSA 118mm\\\/73mm BB-UN300 nelikantti - VM Sport\",\"isPartOf\":{\"@id\":\"https:\\\/\\\/vmsport.fi\\\/#website\"},\"primaryImageOfPage\":{\"@id\":\"https:\\\/\\\/vmsport.fi\\\/verkkokauppa\\\/varaosat\\\/voimansiirto\\\/keskiolaakerit\\\/keskiolaakeri-bsa-118mm-73mm-bb-un300-nelikantti\\\/#primaryimage\"},\"image\":{\"@id\":\"https:\\\/\\\/vmsport.fi\\\/verkkokauppa\\\/varaosat\\\/voimansiirto\\\/keskiolaakerit\\\/keskiolaakeri-bsa-118mm-73mm-bb-un300-nelikantti\\\/#primaryimage\"},\"thumbnailUrl\":\"https:\\\/\\\/vmsport.fi\\\/wp-content\\\/uploads\\\/2025\\\/03\\\/edVZBt3vtgmdteiRhfsMJTZxA3gVWWy86w9u5kZJmXK4QAX55w-1.jpg\",\"datePublished\":\"2025-03-05T21:36:11+00:00\",\"dateModified\":\"2026-01-16T11:24:48+00:00\",\"breadcrumb\":{\"@id\":\"https:\\\/\\\/vmsport.fi\\\/verkkokauppa\\\/varaosat\\\/voimansiirto\\\/keskiolaakerit\\\/keskiolaakeri-bsa-118mm-73mm-bb-un300-nelikantti\\\/#breadcrumb\"},\"inLanguage\":\"sv-SE\",\"potentialAction\":[{\"@type\":\"ReadAction\",\"target\":[\"https:\\\/\\\/vmsport.fi\\\/verkkokauppa\\\/varaosat\\\/voimansiirto\\\/keskiolaakerit\\\/keskiolaakeri-bsa-118mm-73mm-bb-un300-nelikantti\\\/\"]}]},{\"@type\":\"ImageObject\",\"inLanguage\":\"sv-SE\",\"@id\":\"https:\\\/\\\/vmsport.fi\\\/verkkokauppa\\\/varaosat\\\/voimansiirto\\\/keskiolaakerit\\\/keskiolaakeri-bsa-118mm-73mm-bb-un300-nelikantti\\\/#primaryimage\",\"url\":\"https:\\\/\\\/vmsport.fi\\\/wp-content\\\/uploads\\\/2025\\\/03\\\/edVZBt3vtgmdteiRhfsMJTZxA3gVWWy86w9u5kZJmXK4QAX55w-1.jpg\",\"contentUrl\":\"https:\\\/\\\/vmsport.fi\\\/wp-content\\\/uploads\\\/2025\\\/03\\\/edVZBt3vtgmdteiRhfsMJTZxA3gVWWy86w9u5kZJmXK4QAX55w-1.jpg\",\"width\":600,\"height\":600,\"caption\":\"edVZBt3vtgmdteiRhfsMJTZxA3gVWWy86w9u5kZJmXK4QAX55w\"},{\"@type\":\"BreadcrumbList\",\"@id\":\"https:\\\/\\\/vmsport.fi\\\/verkkokauppa\\\/varaosat\\\/voimansiirto\\\/keskiolaakerit\\\/keskiolaakeri-bsa-118mm-73mm-bb-un300-nelikantti\\\/#breadcrumb\",\"itemListElement\":[{\"@type\":\"ListItem\",\"position\":1,\"name\":\"Etusivu\",\"item\":\"https:\\\/\\\/vmsport.fi\\\/\"},{\"@type\":\"ListItem\",\"position\":2,\"name\":\"Online Store\",\"item\":\"https:\\\/\\\/vmsport.fi\\\/en\\\/online-store\\\/\"},{\"@type\":\"ListItem\",\"position\":3,\"name\":\"Keski\u00f6laakeri BSA 118mm\\\/73mm BB-UN300 nelikantti\"}]},{\"@type\":\"WebSite\",\"@id\":\"https:\\\/\\\/vmsport.fi\\\/#website\",\"url\":\"https:\\\/\\\/vmsport.fi\\\/\",\"name\":\"Vmsport\",\"description\":\"Kaikki py\u00f6r\u00e4ilyyn yhdest\u00e4 paikasta\",\"publisher\":{\"@id\":\"https:\\\/\\\/vmsport.fi\\\/#organization\"},\"potentialAction\":[{\"@type\":\"SearchAction\",\"target\":{\"@type\":\"EntryPoint\",\"urlTemplate\":\"https:\\\/\\\/vmsport.fi\\\/?s={search_term_string}\"},\"query-input\":{\"@type\":\"PropertyValueSpecification\",\"valueRequired\":true,\"valueName\":\"search_term_string\"}}],\"inLanguage\":\"sv-SE\"},{\"@type\":\"Organization\",\"@id\":\"https:\\\/\\\/vmsport.fi\\\/#organization\",\"name\":\"Vmsport\",\"url\":\"https:\\\/\\\/vmsport.fi\\\/\",\"logo\":{\"@type\":\"ImageObject\",\"inLanguage\":\"sv-SE\",\"@id\":\"https:\\\/\\\/vmsport.fi\\\/#\\\/schema\\\/logo\\\/image\\\/\",\"url\":\"https:\\\/\\\/vmsport.fi\\\/wp-content\\\/uploads\\\/2024\\\/12\\\/vm_sport_RGB_horisontal-e1734526017575.png\",\"contentUrl\":\"https:\\\/\\\/vmsport.fi\\\/wp-content\\\/uploads\\\/2024\\\/12\\\/vm_sport_RGB_horisontal-e1734526017575.png\",\"width\":668,\"height\":85,\"caption\":\"Vmsport\"},\"image\":{\"@id\":\"https:\\\/\\\/vmsport.fi\\\/#\\\/schema\\\/logo\\\/image\\\/\"},\"sameAs\":[\"https:\\\/\\\/www.facebook.com\\\/Vmsport.fi\\\/\",\"https:\\\/\\\/www.instagram.com\\\/vmsport\\\/\"]}]}<\/script>\n<!-- \/ Yoast SEO plugin. -->","yoast_head_json":{"title":"Centrumlager BSA 118mm\/73mm BB-UN300 fyrkant - VM Sport","robots":{"index":"index","follow":"follow","max-snippet":"max-snippet:-1","max-image-preview":"max-image-preview:large","max-video-preview":"max-video-preview:-1"},"canonical":"https:\/\/vmsport.fi\/sv\/webbutik\/reservdelar\/transmission\/mittlager\/centrumlager-bsa-118mm-73mm-bb-un300-fyrkant\/","og_locale":"sv_SE","og_type":"article","og_title":"Keski\u00f6laakeri BSA 118mm\/73mm BB-UN300 nelikantti - VM Sport","og_description":"Keski\u00f6laakeri BB-UN300 on suunniteltu tarjoamaan luotettavan ja tehokkaan voimansiirron. Sen nelikanttinen rakenne sopii erinomaisesti polkupy\u00f6riin, joissa on BSA-kierteiset rungot. Laakerin pituus on 118 mm ja leveys 73 mm. T\u00e4m\u00e4 rakenne takaa kest\u00e4vyyden ja v\u00e4h\u00e4isen huoltotarpeen. Integroitu muotoilu varmistaa vakaan istuvuuden ja mahdollisimman tehokkaan ajokokemuksen, mik\u00e4 tekee siit\u00e4 erinomaisen valinnan intohimoisille py\u00f6r\u00e4ilij\u00f6ille. [...]L\u00e4s mer \u2026 from Keski\u00f6laakeri BSA 118mm\/73mm BB-UN300 nelikantti","og_url":"https:\/\/vmsport.fi\/sv\/webbutik\/reservdelar\/transmission\/mittlager\/centrumlager-bsa-118mm-73mm-bb-un300-fyrkant\/","og_site_name":"VM Sport","article_publisher":"https:\/\/www.facebook.com\/Vmsport.fi\/","article_modified_time":"2026-01-16T11:24:48+00:00","og_image":[{"width":600,"height":600,"url":"https:\/\/vmsport.fi\/wp-content\/uploads\/2025\/03\/edVZBt3vtgmdteiRhfsMJTZxA3gVWWy86w9u5kZJmXK4QAX55w-1.jpg","type":"image\/jpeg"}],"twitter_card":"summary_large_image","schema":{"@context":"https:\/\/schema.org","@graph":[{"@type":["WebPage","ItemPage"],"@id":"https:\/\/vmsport.fi\/verkkokauppa\/varaosat\/voimansiirto\/keskiolaakerit\/keskiolaakeri-bsa-118mm-73mm-bb-un300-nelikantti\/","url":"https:\/\/vmsport.fi\/verkkokauppa\/varaosat\/voimansiirto\/keskiolaakerit\/keskiolaakeri-bsa-118mm-73mm-bb-un300-nelikantti\/","name":"Centrumlager BSA 118mm\/73mm BB-UN300 fyrkant - VM Sport","isPartOf":{"@id":"https:\/\/vmsport.fi\/#website"},"primaryImageOfPage":{"@id":"https:\/\/vmsport.fi\/verkkokauppa\/varaosat\/voimansiirto\/keskiolaakerit\/keskiolaakeri-bsa-118mm-73mm-bb-un300-nelikantti\/#primaryimage"},"image":{"@id":"https:\/\/vmsport.fi\/verkkokauppa\/varaosat\/voimansiirto\/keskiolaakerit\/keskiolaakeri-bsa-118mm-73mm-bb-un300-nelikantti\/#primaryimage"},"thumbnailUrl":"https:\/\/vmsport.fi\/wp-content\/uploads\/2025\/03\/edVZBt3vtgmdteiRhfsMJTZxA3gVWWy86w9u5kZJmXK4QAX55w-1.jpg","datePublished":"2025-03-05T21:36:11+00:00","dateModified":"2026-01-16T11:24:48+00:00","breadcrumb":{"@id":"https:\/\/vmsport.fi\/verkkokauppa\/varaosat\/voimansiirto\/keskiolaakerit\/keskiolaakeri-bsa-118mm-73mm-bb-un300-nelikantti\/#breadcrumb"},"inLanguage":"sv-SE","potentialAction":[{"@type":"ReadAction","target":["https:\/\/vmsport.fi\/verkkokauppa\/varaosat\/voimansiirto\/keskiolaakerit\/keskiolaakeri-bsa-118mm-73mm-bb-un300-nelikantti\/"]}]},{"@type":"ImageObject","inLanguage":"sv-SE","@id":"https:\/\/vmsport.fi\/verkkokauppa\/varaosat\/voimansiirto\/keskiolaakerit\/keskiolaakeri-bsa-118mm-73mm-bb-un300-nelikantti\/#primaryimage","url":"https:\/\/vmsport.fi\/wp-content\/uploads\/2025\/03\/edVZBt3vtgmdteiRhfsMJTZxA3gVWWy86w9u5kZJmXK4QAX55w-1.jpg","contentUrl":"https:\/\/vmsport.fi\/wp-content\/uploads\/2025\/03\/edVZBt3vtgmdteiRhfsMJTZxA3gVWWy86w9u5kZJmXK4QAX55w-1.jpg","width":600,"height":600,"caption":"edVZBt3vtgmdteiRhfsMJTZxA3gVWWy86w9u5kZJmXK4QAX55w"},{"@type":"BreadcrumbList","@id":"https:\/\/vmsport.fi\/verkkokauppa\/varaosat\/voimansiirto\/keskiolaakerit\/keskiolaakeri-bsa-118mm-73mm-bb-un300-nelikantti\/#breadcrumb","itemListElement":[{"@type":"ListItem","position":1,"name":"Etusivu","item":"https:\/\/vmsport.fi\/"},{"@type":"ListItem","position":2,"name":"Online Store","item":"https:\/\/vmsport.fi\/en\/online-store\/"},{"@type":"ListItem","position":3,"name":"Keski\u00f6laakeri BSA 118mm\/73mm BB-UN300 nelikantti"}]},{"@type":"WebSite","@id":"https:\/\/vmsport.fi\/#website","url":"https:\/\/vmsport.fi\/","name":"Vmsport","description":"Allt p\u00e5 ett st\u00e4lle f\u00f6r cykling","publisher":{"@id":"https:\/\/vmsport.fi\/#organization"},"potentialAction":[{"@type":"SearchAction","target":{"@type":"EntryPoint","urlTemplate":"https:\/\/vmsport.fi\/?s={search_term_string}"},"query-input":{"@type":"PropertyValueSpecification","valueRequired":true,"valueName":"search_term_string"}}],"inLanguage":"sv-SE"},{"@type":"Organization","@id":"https:\/\/vmsport.fi\/#organization","name":"Vmsport","url":"https:\/\/vmsport.fi\/","logo":{"@type":"ImageObject","inLanguage":"sv-SE","@id":"https:\/\/vmsport.fi\/#\/schema\/logo\/image\/","url":"https:\/\/vmsport.fi\/wp-content\/uploads\/2024\/12\/vm_sport_RGB_horisontal-e1734526017575.png","contentUrl":"https:\/\/vmsport.fi\/wp-content\/uploads\/2024\/12\/vm_sport_RGB_horisontal-e1734526017575.png","width":668,"height":85,"caption":"Vmsport"},"image":{"@id":"https:\/\/vmsport.fi\/#\/schema\/logo\/image\/"},"sameAs":["https:\/\/www.facebook.com\/Vmsport.fi\/","https:\/\/www.instagram.com\/vmsport\/"]}]}},"global_unique_id":"","_links":{"self":[{"href":"https:\/\/vmsport.fi\/sv\/wp-json\/wp\/v2\/product\/52996","targetHints":{"allow":["GET"]}}],"collection":[{"href":"https:\/\/vmsport.fi\/sv\/wp-json\/wp\/v2\/product"}],"about":[{"href":"https:\/\/vmsport.fi\/sv\/wp-json\/wp\/v2\/types\/product"}],"replies":[{"embeddable":true,"href":"https:\/\/vmsport.fi\/sv\/wp-json\/wp\/v2\/comments?post=52996"}],"wp:featuredmedia":[{"embeddable":true,"href":"https:\/\/vmsport.fi\/sv\/wp-json\/wp\/v2\/media\/52995"}],"wp:attachment":[{"href":"https:\/\/vmsport.fi\/sv\/wp-json\/wp\/v2\/media?parent=52996"}],"wp:term":[{"taxonomy":"product_brand","embeddable":true,"href":"https:\/\/vmsport.fi\/sv\/wp-json\/wp\/v2\/product_brand?post=52996"},{"taxonomy":"product_model","embeddable":true,"href":"https:\/\/vmsport.fi\/sv\/wp-json\/wp\/v2\/product_model?post=52996"},{"taxonomy":"product_cat","embeddable":true,"href":"https:\/\/vmsport.fi\/sv\/wp-json\/wp\/v2\/product_cat?post=52996"},{"taxonomy":"product_tag","embeddable":true,"href":"https:\/\/vmsport.fi\/sv\/wp-json\/wp\/v2\/product_tag?post=52996"},{"taxonomy":"industry_terminology","embeddable":true,"href":"https:\/\/vmsport.fi\/sv\/wp-json\/wp\/v2\/industry-terminology?post=52996"}],"curies":[{"name":"wp","href":"https:\/\/api.w.org\/{rel}","templated":true}]}}