{"id":52986,"date":"2025-03-05T23:36:06","date_gmt":"2025-03-05T21:36:06","guid":{"rendered":"https:\/\/vmsport.fi\/verkkokauppa\/Ei-luokiteltu\/black-diamond-hot-wax\/"},"modified":"2026-01-16T13:23:29","modified_gmt":"2026-01-16T11:23:29","slug":"black-diamond-varmvax","status":"publish","type":"product","link":"https:\/\/vmsport.fi\/sv\/verkkokauppa\/tarvikkeet\/huolto-ja-pesu\/voiteluaineet\/black-diamond-hot-wax\/","title":{"rendered":"Black Diamond Hot Wax"},"content":{"rendered":"<p>Black Diamond Hot Wax ger ett l\u00e5ngvarigt och mycket effektivt skydd f\u00f6r cykelkedjor med hj\u00e4lp av varmt vax. Det \u00e4r l\u00e4mpligt f\u00f6r b\u00e5de landsv\u00e4gs- och mountainbikes och skapar en ren och tyst k\u00f6rupplevelse. Vaxet bildar ett h\u00e5llbart skyddsskikt som f\u00f6rhindrar slitage och f\u00f6rl\u00e4nger kedjans livsl\u00e4ngd. Det \u00e4r snabbt och enkelt att anv\u00e4nda och s\u00e4kerst\u00e4ller att kedjorna f\u00f6rblir i gott skick och tysta \u00e4ven under kr\u00e4vande f\u00f6rh\u00e5llanden.<\/p>","protected":false},"excerpt":{"rendered":"<p>Black Diamond Hot Wax tarjoaa pitk\u00e4kestoisen ja eritt\u00e4in tehokkaan suojan polkupy\u00f6r\u00e4n ketjuille kuumavahan avulla. Se soveltuu sek\u00e4 maantie- ett\u00e4 maastopy\u00f6riin, ja luo puhtaan ja hiljaisen ajokokemuksen. Vaha muodostaa kest\u00e4v\u00e4n suojakerroksen, joka ehk\u00e4isee kulumista ja pident\u00e4\u00e4 ketjun k\u00e4ytt\u00f6ik\u00e4\u00e4. K\u00e4ytt\u00f6 on helppoa ja nopeaa, mik\u00e4 takaa, ett\u00e4 ketjut pysyv\u00e4t hyv\u00e4ss\u00e4 kunnossa ja hiljaisina my\u00f6s vaativissa olosuhteissa. [&#8230;]<\/p>\n<p><a class=\"btn btn-secondary understrap-read-more-link\" href=\"https:\/\/vmsport.fi\/sv\/verkkokauppa\/tarvikkeet\/huolto-ja-pesu\/voiteluaineet\/black-diamond-hot-wax\/\">L\u00e4s mer \u2026<span class=\"screen-reader-text\"> from Black Diamond Hot Wax<\/span><\/a><\/p>\n","protected":false},"featured_media":52981,"comment_status":"open","ping_status":"closed","template":"","meta":{"_acf_changed":false,"_improvement_type_select":"improve_an_existing","_thumb_yes_seoaic":false,"_frame_yes_seoaic":false,"seoaic_generate_description":"","seoaic_improve_instructions_prompt":"","seoaic_rollback_content_improvement":"","seoaic_idea_thumbnail_generator":"","thumbnail_generated":false,"thumbnail_generate_prompt":"","seoaic_article_description":"","_supplier_stock_quantity":0},"product_brand":[],"product_model":[],"product_cat":[9362],"product_tag":[],"industry-terminology":[],"class_list":{"0":"post-52986","1":"product","2":"type-product","3":"status-publish","4":"has-post-thumbnail","6":"product_cat-voiteluaineet","8":"first","9":"instock","10":"taxable","11":"shipping-taxable","12":"purchasable","13":"product-type-simple"},"acf":{"bike_features":null,"overview":{"copy_overview":null,"key_features":null,"statement":"","youtube_url":""}},"yoast_head":"<!-- This site is optimized with the Yoast SEO plugin v27.3 - https:\/\/yoast.com\/product\/yoast-seo-wordpress\/ -->\n<title>Black Diamond Hot Wax - VM Sport<\/title>\n<meta name=\"robots\" content=\"index, follow, max-snippet:-1, max-image-preview:large, max-video-preview:-1\" \/>\n<link rel=\"canonical\" href=\"https:\/\/vmsport.fi\/sv\/webbutik\/tillbehor\/underhall-och-tvatt\/smorjmedel\/black-diamond-varmvax\/\" \/>\n<meta property=\"og:locale\" content=\"sv_SE\" \/>\n<meta property=\"og:type\" content=\"article\" \/>\n<meta property=\"og:title\" content=\"Black Diamond Hot Wax - VM Sport\" \/>\n<meta property=\"og:description\" content=\"Black Diamond Hot Wax tarjoaa pitk\u00e4kestoisen ja eritt\u00e4in tehokkaan suojan polkupy\u00f6r\u00e4n ketjuille kuumavahan avulla. Se soveltuu sek\u00e4 maantie- ett\u00e4 maastopy\u00f6riin, ja luo puhtaan ja hiljaisen ajokokemuksen. Vaha muodostaa kest\u00e4v\u00e4n suojakerroksen, joka ehk\u00e4isee kulumista ja pident\u00e4\u00e4 ketjun k\u00e4ytt\u00f6ik\u00e4\u00e4. K\u00e4ytt\u00f6 on helppoa ja nopeaa, mik\u00e4 takaa, ett\u00e4 ketjut pysyv\u00e4t hyv\u00e4ss\u00e4 kunnossa ja hiljaisina my\u00f6s vaativissa olosuhteissa. [...]L\u00e4s mer \u2026 from Black Diamond Hot Wax\" \/>\n<meta property=\"og:url\" content=\"https:\/\/vmsport.fi\/sv\/webbutik\/tillbehor\/underhall-och-tvatt\/smorjmedel\/black-diamond-varmvax\/\" \/>\n<meta property=\"og:site_name\" content=\"VM Sport\" \/>\n<meta property=\"article:publisher\" content=\"https:\/\/www.facebook.com\/Vmsport.fi\/\" \/>\n<meta property=\"article:modified_time\" content=\"2026-01-16T11:23:29+00:00\" \/>\n<meta property=\"og:image\" content=\"https:\/\/vmsport.fi\/wp-content\/uploads\/2025\/03\/black-diamond-hotwax-package-1.jpg\" \/>\n\t<meta property=\"og:image:width\" content=\"1000\" \/>\n\t<meta property=\"og:image:height\" content=\"750\" \/>\n\t<meta property=\"og:image:type\" content=\"image\/jpeg\" \/>\n<meta name=\"twitter:card\" content=\"summary_large_image\" \/>\n<script type=\"application\/ld+json\" class=\"yoast-schema-graph\">{\"@context\":\"https:\\\/\\\/schema.org\",\"@graph\":[{\"@type\":[\"WebPage\",\"ItemPage\"],\"@id\":\"https:\\\/\\\/vmsport.fi\\\/verkkokauppa\\\/tarvikkeet\\\/huolto-ja-pesu\\\/voiteluaineet\\\/black-diamond-hot-wax\\\/\",\"url\":\"https:\\\/\\\/vmsport.fi\\\/verkkokauppa\\\/tarvikkeet\\\/huolto-ja-pesu\\\/voiteluaineet\\\/black-diamond-hot-wax\\\/\",\"name\":\"Black Diamond Hot Wax - VM Sport\",\"isPartOf\":{\"@id\":\"https:\\\/\\\/vmsport.fi\\\/#website\"},\"primaryImageOfPage\":{\"@id\":\"https:\\\/\\\/vmsport.fi\\\/verkkokauppa\\\/tarvikkeet\\\/huolto-ja-pesu\\\/voiteluaineet\\\/black-diamond-hot-wax\\\/#primaryimage\"},\"image\":{\"@id\":\"https:\\\/\\\/vmsport.fi\\\/verkkokauppa\\\/tarvikkeet\\\/huolto-ja-pesu\\\/voiteluaineet\\\/black-diamond-hot-wax\\\/#primaryimage\"},\"thumbnailUrl\":\"https:\\\/\\\/vmsport.fi\\\/wp-content\\\/uploads\\\/2025\\\/03\\\/black-diamond-hotwax-package-1.jpg\",\"datePublished\":\"2025-03-05T21:36:06+00:00\",\"dateModified\":\"2026-01-16T11:23:29+00:00\",\"breadcrumb\":{\"@id\":\"https:\\\/\\\/vmsport.fi\\\/verkkokauppa\\\/tarvikkeet\\\/huolto-ja-pesu\\\/voiteluaineet\\\/black-diamond-hot-wax\\\/#breadcrumb\"},\"inLanguage\":\"sv-SE\",\"potentialAction\":[{\"@type\":\"ReadAction\",\"target\":[\"https:\\\/\\\/vmsport.fi\\\/verkkokauppa\\\/tarvikkeet\\\/huolto-ja-pesu\\\/voiteluaineet\\\/black-diamond-hot-wax\\\/\"]}]},{\"@type\":\"ImageObject\",\"inLanguage\":\"sv-SE\",\"@id\":\"https:\\\/\\\/vmsport.fi\\\/verkkokauppa\\\/tarvikkeet\\\/huolto-ja-pesu\\\/voiteluaineet\\\/black-diamond-hot-wax\\\/#primaryimage\",\"url\":\"https:\\\/\\\/vmsport.fi\\\/wp-content\\\/uploads\\\/2025\\\/03\\\/black-diamond-hotwax-package-1.jpg\",\"contentUrl\":\"https:\\\/\\\/vmsport.fi\\\/wp-content\\\/uploads\\\/2025\\\/03\\\/black-diamond-hotwax-package-1.jpg\",\"width\":1000,\"height\":750,\"caption\":\"black-diamond-hotwax-package\"},{\"@type\":\"BreadcrumbList\",\"@id\":\"https:\\\/\\\/vmsport.fi\\\/verkkokauppa\\\/tarvikkeet\\\/huolto-ja-pesu\\\/voiteluaineet\\\/black-diamond-hot-wax\\\/#breadcrumb\",\"itemListElement\":[{\"@type\":\"ListItem\",\"position\":1,\"name\":\"Etusivu\",\"item\":\"https:\\\/\\\/vmsport.fi\\\/\"},{\"@type\":\"ListItem\",\"position\":2,\"name\":\"Online Store\",\"item\":\"https:\\\/\\\/vmsport.fi\\\/en\\\/online-store\\\/\"},{\"@type\":\"ListItem\",\"position\":3,\"name\":\"Black Diamond Hot Wax\"}]},{\"@type\":\"WebSite\",\"@id\":\"https:\\\/\\\/vmsport.fi\\\/#website\",\"url\":\"https:\\\/\\\/vmsport.fi\\\/\",\"name\":\"Vmsport\",\"description\":\"Kaikki py\u00f6r\u00e4ilyyn yhdest\u00e4 paikasta\",\"publisher\":{\"@id\":\"https:\\\/\\\/vmsport.fi\\\/#organization\"},\"potentialAction\":[{\"@type\":\"SearchAction\",\"target\":{\"@type\":\"EntryPoint\",\"urlTemplate\":\"https:\\\/\\\/vmsport.fi\\\/?s={search_term_string}\"},\"query-input\":{\"@type\":\"PropertyValueSpecification\",\"valueRequired\":true,\"valueName\":\"search_term_string\"}}],\"inLanguage\":\"sv-SE\"},{\"@type\":\"Organization\",\"@id\":\"https:\\\/\\\/vmsport.fi\\\/#organization\",\"name\":\"Vmsport\",\"url\":\"https:\\\/\\\/vmsport.fi\\\/\",\"logo\":{\"@type\":\"ImageObject\",\"inLanguage\":\"sv-SE\",\"@id\":\"https:\\\/\\\/vmsport.fi\\\/#\\\/schema\\\/logo\\\/image\\\/\",\"url\":\"https:\\\/\\\/vmsport.fi\\\/wp-content\\\/uploads\\\/2024\\\/12\\\/vm_sport_RGB_horisontal-e1734526017575.png\",\"contentUrl\":\"https:\\\/\\\/vmsport.fi\\\/wp-content\\\/uploads\\\/2024\\\/12\\\/vm_sport_RGB_horisontal-e1734526017575.png\",\"width\":668,\"height\":85,\"caption\":\"Vmsport\"},\"image\":{\"@id\":\"https:\\\/\\\/vmsport.fi\\\/#\\\/schema\\\/logo\\\/image\\\/\"},\"sameAs\":[\"https:\\\/\\\/www.facebook.com\\\/Vmsport.fi\\\/\",\"https:\\\/\\\/www.instagram.com\\\/vmsport\\\/\"]}]}<\/script>\n<!-- \/ Yoast SEO plugin. -->","yoast_head_json":{"title":"Black Diamond varmvax - VM Sport","robots":{"index":"index","follow":"follow","max-snippet":"max-snippet:-1","max-image-preview":"max-image-preview:large","max-video-preview":"max-video-preview:-1"},"canonical":"https:\/\/vmsport.fi\/sv\/webbutik\/tillbehor\/underhall-och-tvatt\/smorjmedel\/black-diamond-varmvax\/","og_locale":"sv_SE","og_type":"article","og_title":"Black Diamond Hot Wax - VM Sport","og_description":"Black Diamond Hot Wax tarjoaa pitk\u00e4kestoisen ja eritt\u00e4in tehokkaan suojan polkupy\u00f6r\u00e4n ketjuille kuumavahan avulla. Se soveltuu sek\u00e4 maantie- ett\u00e4 maastopy\u00f6riin, ja luo puhtaan ja hiljaisen ajokokemuksen. Vaha muodostaa kest\u00e4v\u00e4n suojakerroksen, joka ehk\u00e4isee kulumista ja pident\u00e4\u00e4 ketjun k\u00e4ytt\u00f6ik\u00e4\u00e4. K\u00e4ytt\u00f6 on helppoa ja nopeaa, mik\u00e4 takaa, ett\u00e4 ketjut pysyv\u00e4t hyv\u00e4ss\u00e4 kunnossa ja hiljaisina my\u00f6s vaativissa olosuhteissa. [...]L\u00e4s mer \u2026 from Black Diamond Hot Wax","og_url":"https:\/\/vmsport.fi\/sv\/webbutik\/tillbehor\/underhall-och-tvatt\/smorjmedel\/black-diamond-varmvax\/","og_site_name":"VM Sport","article_publisher":"https:\/\/www.facebook.com\/Vmsport.fi\/","article_modified_time":"2026-01-16T11:23:29+00:00","og_image":[{"width":1000,"height":750,"url":"https:\/\/vmsport.fi\/wp-content\/uploads\/2025\/03\/black-diamond-hotwax-package-1.jpg","type":"image\/jpeg"}],"twitter_card":"summary_large_image","schema":{"@context":"https:\/\/schema.org","@graph":[{"@type":["WebPage","ItemPage"],"@id":"https:\/\/vmsport.fi\/verkkokauppa\/tarvikkeet\/huolto-ja-pesu\/voiteluaineet\/black-diamond-hot-wax\/","url":"https:\/\/vmsport.fi\/verkkokauppa\/tarvikkeet\/huolto-ja-pesu\/voiteluaineet\/black-diamond-hot-wax\/","name":"Black Diamond varmvax - VM Sport","isPartOf":{"@id":"https:\/\/vmsport.fi\/#website"},"primaryImageOfPage":{"@id":"https:\/\/vmsport.fi\/verkkokauppa\/tarvikkeet\/huolto-ja-pesu\/voiteluaineet\/black-diamond-hot-wax\/#primaryimage"},"image":{"@id":"https:\/\/vmsport.fi\/verkkokauppa\/tarvikkeet\/huolto-ja-pesu\/voiteluaineet\/black-diamond-hot-wax\/#primaryimage"},"thumbnailUrl":"https:\/\/vmsport.fi\/wp-content\/uploads\/2025\/03\/black-diamond-hotwax-package-1.jpg","datePublished":"2025-03-05T21:36:06+00:00","dateModified":"2026-01-16T11:23:29+00:00","breadcrumb":{"@id":"https:\/\/vmsport.fi\/verkkokauppa\/tarvikkeet\/huolto-ja-pesu\/voiteluaineet\/black-diamond-hot-wax\/#breadcrumb"},"inLanguage":"sv-SE","potentialAction":[{"@type":"ReadAction","target":["https:\/\/vmsport.fi\/verkkokauppa\/tarvikkeet\/huolto-ja-pesu\/voiteluaineet\/black-diamond-hot-wax\/"]}]},{"@type":"ImageObject","inLanguage":"sv-SE","@id":"https:\/\/vmsport.fi\/verkkokauppa\/tarvikkeet\/huolto-ja-pesu\/voiteluaineet\/black-diamond-hot-wax\/#primaryimage","url":"https:\/\/vmsport.fi\/wp-content\/uploads\/2025\/03\/black-diamond-hotwax-package-1.jpg","contentUrl":"https:\/\/vmsport.fi\/wp-content\/uploads\/2025\/03\/black-diamond-hotwax-package-1.jpg","width":1000,"height":750,"caption":"black-diamond-hotwax-package"},{"@type":"BreadcrumbList","@id":"https:\/\/vmsport.fi\/verkkokauppa\/tarvikkeet\/huolto-ja-pesu\/voiteluaineet\/black-diamond-hot-wax\/#breadcrumb","itemListElement":[{"@type":"ListItem","position":1,"name":"Etusivu","item":"https:\/\/vmsport.fi\/"},{"@type":"ListItem","position":2,"name":"Online Store","item":"https:\/\/vmsport.fi\/en\/online-store\/"},{"@type":"ListItem","position":3,"name":"Black Diamond Hot Wax"}]},{"@type":"WebSite","@id":"https:\/\/vmsport.fi\/#website","url":"https:\/\/vmsport.fi\/","name":"Vmsport","description":"Allt p\u00e5 ett st\u00e4lle f\u00f6r cykling","publisher":{"@id":"https:\/\/vmsport.fi\/#organization"},"potentialAction":[{"@type":"SearchAction","target":{"@type":"EntryPoint","urlTemplate":"https:\/\/vmsport.fi\/?s={search_term_string}"},"query-input":{"@type":"PropertyValueSpecification","valueRequired":true,"valueName":"search_term_string"}}],"inLanguage":"sv-SE"},{"@type":"Organization","@id":"https:\/\/vmsport.fi\/#organization","name":"Vmsport","url":"https:\/\/vmsport.fi\/","logo":{"@type":"ImageObject","inLanguage":"sv-SE","@id":"https:\/\/vmsport.fi\/#\/schema\/logo\/image\/","url":"https:\/\/vmsport.fi\/wp-content\/uploads\/2024\/12\/vm_sport_RGB_horisontal-e1734526017575.png","contentUrl":"https:\/\/vmsport.fi\/wp-content\/uploads\/2024\/12\/vm_sport_RGB_horisontal-e1734526017575.png","width":668,"height":85,"caption":"Vmsport"},"image":{"@id":"https:\/\/vmsport.fi\/#\/schema\/logo\/image\/"},"sameAs":["https:\/\/www.facebook.com\/Vmsport.fi\/","https:\/\/www.instagram.com\/vmsport\/"]}]}},"global_unique_id":"","_links":{"self":[{"href":"https:\/\/vmsport.fi\/sv\/wp-json\/wp\/v2\/product\/52986","targetHints":{"allow":["GET"]}}],"collection":[{"href":"https:\/\/vmsport.fi\/sv\/wp-json\/wp\/v2\/product"}],"about":[{"href":"https:\/\/vmsport.fi\/sv\/wp-json\/wp\/v2\/types\/product"}],"replies":[{"embeddable":true,"href":"https:\/\/vmsport.fi\/sv\/wp-json\/wp\/v2\/comments?post=52986"}],"wp:featuredmedia":[{"embeddable":true,"href":"https:\/\/vmsport.fi\/sv\/wp-json\/wp\/v2\/media\/52981"}],"wp:attachment":[{"href":"https:\/\/vmsport.fi\/sv\/wp-json\/wp\/v2\/media?parent=52986"}],"wp:term":[{"taxonomy":"product_brand","embeddable":true,"href":"https:\/\/vmsport.fi\/sv\/wp-json\/wp\/v2\/product_brand?post=52986"},{"taxonomy":"product_model","embeddable":true,"href":"https:\/\/vmsport.fi\/sv\/wp-json\/wp\/v2\/product_model?post=52986"},{"taxonomy":"product_cat","embeddable":true,"href":"https:\/\/vmsport.fi\/sv\/wp-json\/wp\/v2\/product_cat?post=52986"},{"taxonomy":"product_tag","embeddable":true,"href":"https:\/\/vmsport.fi\/sv\/wp-json\/wp\/v2\/product_tag?post=52986"},{"taxonomy":"industry_terminology","embeddable":true,"href":"https:\/\/vmsport.fi\/sv\/wp-json\/wp\/v2\/industry-terminology?post=52986"}],"curies":[{"name":"wp","href":"https:\/\/api.w.org\/{rel}","templated":true}]}}