{"id":52967,"date":"2025-03-05T23:35:51","date_gmt":"2025-03-05T21:35:51","guid":{"rendered":"https:\/\/vmsport.fi\/verkkokauppa\/Ei-luokiteltu\/fox-racing-nuorten-ranger-fire-pyotailyhanska\/"},"modified":"2026-04-02T15:20:35","modified_gmt":"2026-04-02T12:20:35","slug":"fox-racing-ungdom-ranger-fire-pyotail-handske","status":"publish","type":"product","link":"https:\/\/vmsport.fi\/sv\/verkkokauppa\/ajovarusteet\/vaatteet\/pyorailyhanskat\/fox-racing-nuorten-ranger-fire-pyotailyhanska\/","title":{"rendered":"Fox Racing Youth Ranger Fire Pyjamashandske"},"content":{"rendered":"<p>Fox Racing Youth Ranger Fire cykelhandskar \u00e4r s\u00e4rskilt utformade f\u00f6r unga cyklister som tycker om att cykla i kallt v\u00e4der. Det v\u00e4rmeisolerande materialet i dessa handskar h\u00e5ller h\u00e4nderna behagligt varma. Den praktiska designen kombinerar komfort och h\u00e5llbarhet, vilket g\u00f6r dem till en p\u00e5litlig partner f\u00f6r l\u00e5nga cykelturer. Det andningsbara tyget ger god ventilation och f\u00f6rhindrar att svett byggs upp. Handskarna har ocks\u00e5 utm\u00e4rkt grepp och flexibilitet, vilket g\u00f6r dem l\u00e4mpliga f\u00f6r m\u00e5nga olika typer av terr\u00e4ng. Genom att v\u00e4lja dessa handskar kan unga cyklister fokusera p\u00e5 de b\u00e4sta aspekterna av cykling: hastighet och frihet.<\/p>","protected":false},"excerpt":{"rendered":"<p>Fox Racing Nuorten Ranger Fire -py\u00f6r\u00e4ilyhanskat on suunniteltu erityisesti nuorille py\u00f6r\u00e4ilij\u00f6ille, jotka nauttivat ajamisesta my\u00f6s kylm\u00e4ll\u00e4 s\u00e4\u00e4ll\u00e4. N\u00e4iden hanskojen l\u00e4mp\u00f6\u00e4 erist\u00e4v\u00e4 materiaali pit\u00e4\u00e4 k\u00e4det mukavan l\u00e4mpimin\u00e4. K\u00e4yt\u00e4nn\u00f6llinen muotoilu yhdist\u00e4\u00e4 mukavuuden ja kest\u00e4vyyden, mik\u00e4 tekee niist\u00e4 luotettavan kumppanin pitkille py\u00f6r\u00e4retkille. Hengitt\u00e4v\u00e4 kangas takaa hyv\u00e4n ilmanvaihdon, jolloin hiki ei p\u00e4\u00e4se kertym\u00e4\u00e4n. Hanskoissa on my\u00f6s erinomainen pito ja [&#8230;]<\/p>\n<p><a class=\"btn btn-secondary understrap-read-more-link\" href=\"https:\/\/vmsport.fi\/sv\/verkkokauppa\/ajovarusteet\/vaatteet\/pyorailyhanskat\/fox-racing-nuorten-ranger-fire-pyotailyhanska\/\">L\u00e4s mer \u2026<span class=\"screen-reader-text\"> from Fox Racing Nuorten Ranger Fire Py\u00f6t\u00e4ilyhanska<\/span><\/a><\/p>\n","protected":false},"featured_media":52965,"comment_status":"open","ping_status":"closed","template":"","meta":{"_acf_changed":false,"_improvement_type_select":"improve_an_existing","_thumb_yes_seoaic":false,"_frame_yes_seoaic":false,"seoaic_generate_description":"","seoaic_improve_instructions_prompt":"","seoaic_rollback_content_improvement":"","seoaic_idea_thumbnail_generator":"","thumbnail_generated":false,"thumbnail_generate_prompt":"","seoaic_article_description":"","_supplier_stock_quantity":0},"product_brand":[45],"product_model":[],"product_cat":[9454],"product_tag":[],"industry-terminology":[],"class_list":{"0":"post-52967","1":"product","2":"type-product","3":"status-publish","4":"has-post-thumbnail","6":"product_brand-fox","7":"product_cat-pyorailyhanskat","9":"first","10":"instock","11":"taxable","12":"shipping-taxable","13":"purchasable","14":"product-type-variable"},"acf":{"bike_features":null,"overview":{"copy_overview":null,"key_features":null,"statement":"","youtube_url":""}},"yoast_head":"<!-- This site is optimized with the Yoast SEO plugin v27.3 - https:\/\/yoast.com\/product\/yoast-seo-wordpress\/ -->\n<title>Fox Racing Nuorten Ranger Fire Py\u00f6t\u00e4ilyhanska - VM Sport<\/title>\n<meta name=\"robots\" content=\"index, follow, max-snippet:-1, max-image-preview:large, max-video-preview:-1\" \/>\n<link rel=\"canonical\" href=\"https:\/\/vmsport.fi\/sv\/webbutik\/korutrustning\/klader\/pyorailhandskar\/fox-racing-ungdom-ranger-fire-pyotail-handske\/\" \/>\n<meta property=\"og:locale\" content=\"sv_SE\" \/>\n<meta property=\"og:type\" content=\"article\" \/>\n<meta property=\"og:title\" content=\"Fox Racing Nuorten Ranger Fire Py\u00f6t\u00e4ilyhanska - VM Sport\" \/>\n<meta property=\"og:description\" content=\"Fox Racing Nuorten Ranger Fire -py\u00f6r\u00e4ilyhanskat on suunniteltu erityisesti nuorille py\u00f6r\u00e4ilij\u00f6ille, jotka nauttivat ajamisesta my\u00f6s kylm\u00e4ll\u00e4 s\u00e4\u00e4ll\u00e4. N\u00e4iden hanskojen l\u00e4mp\u00f6\u00e4 erist\u00e4v\u00e4 materiaali pit\u00e4\u00e4 k\u00e4det mukavan l\u00e4mpimin\u00e4. K\u00e4yt\u00e4nn\u00f6llinen muotoilu yhdist\u00e4\u00e4 mukavuuden ja kest\u00e4vyyden, mik\u00e4 tekee niist\u00e4 luotettavan kumppanin pitkille py\u00f6r\u00e4retkille. Hengitt\u00e4v\u00e4 kangas takaa hyv\u00e4n ilmanvaihdon, jolloin hiki ei p\u00e4\u00e4se kertym\u00e4\u00e4n. Hanskoissa on my\u00f6s erinomainen pito ja [...]L\u00e4s mer \u2026 from Fox Racing Nuorten Ranger Fire Py\u00f6t\u00e4ilyhanska\" \/>\n<meta property=\"og:url\" content=\"https:\/\/vmsport.fi\/sv\/webbutik\/korutrustning\/klader\/pyorailhandskar\/fox-racing-ungdom-ranger-fire-pyotail-handske\/\" \/>\n<meta property=\"og:site_name\" content=\"VM Sport\" \/>\n<meta property=\"article:publisher\" content=\"https:\/\/www.facebook.com\/Vmsport.fi\/\" \/>\n<meta property=\"article:modified_time\" content=\"2026-04-02T12:20:35+00:00\" \/>\n<meta property=\"og:image\" content=\"https:\/\/vmsport.fi\/wp-content\/uploads\/2025\/03\/29944-001-1-1.png\" \/>\n\t<meta property=\"og:image:width\" content=\"507\" \/>\n\t<meta property=\"og:image:height\" content=\"1000\" \/>\n\t<meta property=\"og:image:type\" content=\"image\/png\" \/>\n<meta name=\"twitter:card\" content=\"summary_large_image\" \/>\n<meta name=\"twitter:label1\" content=\"Ber\u00e4knad l\u00e4stid\" \/>\n\t<meta name=\"twitter:data1\" content=\"1 minut\" \/>\n<script type=\"application\/ld+json\" class=\"yoast-schema-graph\">{\"@context\":\"https:\\\/\\\/schema.org\",\"@graph\":[{\"@type\":[\"WebPage\",\"ItemPage\"],\"@id\":\"https:\\\/\\\/vmsport.fi\\\/verkkokauppa\\\/ajovarusteet\\\/vaatteet\\\/pyorailyhanskat\\\/fox-racing-nuorten-ranger-fire-pyotailyhanska\\\/\",\"url\":\"https:\\\/\\\/vmsport.fi\\\/verkkokauppa\\\/ajovarusteet\\\/vaatteet\\\/pyorailyhanskat\\\/fox-racing-nuorten-ranger-fire-pyotailyhanska\\\/\",\"name\":\"Fox Racing Nuorten Ranger Fire Py\u00f6t\u00e4ilyhanska - VM Sport\",\"isPartOf\":{\"@id\":\"https:\\\/\\\/vmsport.fi\\\/#website\"},\"primaryImageOfPage\":{\"@id\":\"https:\\\/\\\/vmsport.fi\\\/verkkokauppa\\\/ajovarusteet\\\/vaatteet\\\/pyorailyhanskat\\\/fox-racing-nuorten-ranger-fire-pyotailyhanska\\\/#primaryimage\"},\"image\":{\"@id\":\"https:\\\/\\\/vmsport.fi\\\/verkkokauppa\\\/ajovarusteet\\\/vaatteet\\\/pyorailyhanskat\\\/fox-racing-nuorten-ranger-fire-pyotailyhanska\\\/#primaryimage\"},\"thumbnailUrl\":\"https:\\\/\\\/vmsport.fi\\\/wp-content\\\/uploads\\\/2025\\\/03\\\/29944-001-1-1.png\",\"datePublished\":\"2025-03-05T21:35:51+00:00\",\"dateModified\":\"2026-04-02T12:20:35+00:00\",\"breadcrumb\":{\"@id\":\"https:\\\/\\\/vmsport.fi\\\/verkkokauppa\\\/ajovarusteet\\\/vaatteet\\\/pyorailyhanskat\\\/fox-racing-nuorten-ranger-fire-pyotailyhanska\\\/#breadcrumb\"},\"inLanguage\":\"sv-SE\",\"potentialAction\":[{\"@type\":\"ReadAction\",\"target\":[\"https:\\\/\\\/vmsport.fi\\\/verkkokauppa\\\/ajovarusteet\\\/vaatteet\\\/pyorailyhanskat\\\/fox-racing-nuorten-ranger-fire-pyotailyhanska\\\/\"]}]},{\"@type\":\"ImageObject\",\"inLanguage\":\"sv-SE\",\"@id\":\"https:\\\/\\\/vmsport.fi\\\/verkkokauppa\\\/ajovarusteet\\\/vaatteet\\\/pyorailyhanskat\\\/fox-racing-nuorten-ranger-fire-pyotailyhanska\\\/#primaryimage\",\"url\":\"https:\\\/\\\/vmsport.fi\\\/wp-content\\\/uploads\\\/2025\\\/03\\\/29944-001-1-1.png\",\"contentUrl\":\"https:\\\/\\\/vmsport.fi\\\/wp-content\\\/uploads\\\/2025\\\/03\\\/29944-001-1-1.png\",\"width\":507,\"height\":1000,\"caption\":\"29944-001-1\"},{\"@type\":\"BreadcrumbList\",\"@id\":\"https:\\\/\\\/vmsport.fi\\\/verkkokauppa\\\/ajovarusteet\\\/vaatteet\\\/pyorailyhanskat\\\/fox-racing-nuorten-ranger-fire-pyotailyhanska\\\/#breadcrumb\",\"itemListElement\":[{\"@type\":\"ListItem\",\"position\":1,\"name\":\"Etusivu\",\"item\":\"https:\\\/\\\/vmsport.fi\\\/\"},{\"@type\":\"ListItem\",\"position\":2,\"name\":\"Online Store\",\"item\":\"https:\\\/\\\/vmsport.fi\\\/en\\\/online-store\\\/\"},{\"@type\":\"ListItem\",\"position\":3,\"name\":\"Fox Racing Nuorten Ranger Fire Py\u00f6t\u00e4ilyhanska\"}]},{\"@type\":\"WebSite\",\"@id\":\"https:\\\/\\\/vmsport.fi\\\/#website\",\"url\":\"https:\\\/\\\/vmsport.fi\\\/\",\"name\":\"Vmsport\",\"description\":\"Kaikki py\u00f6r\u00e4ilyyn yhdest\u00e4 paikasta\",\"publisher\":{\"@id\":\"https:\\\/\\\/vmsport.fi\\\/#organization\"},\"potentialAction\":[{\"@type\":\"SearchAction\",\"target\":{\"@type\":\"EntryPoint\",\"urlTemplate\":\"https:\\\/\\\/vmsport.fi\\\/?s={search_term_string}\"},\"query-input\":{\"@type\":\"PropertyValueSpecification\",\"valueRequired\":true,\"valueName\":\"search_term_string\"}}],\"inLanguage\":\"sv-SE\"},{\"@type\":\"Organization\",\"@id\":\"https:\\\/\\\/vmsport.fi\\\/#organization\",\"name\":\"Vmsport\",\"url\":\"https:\\\/\\\/vmsport.fi\\\/\",\"logo\":{\"@type\":\"ImageObject\",\"inLanguage\":\"sv-SE\",\"@id\":\"https:\\\/\\\/vmsport.fi\\\/#\\\/schema\\\/logo\\\/image\\\/\",\"url\":\"https:\\\/\\\/vmsport.fi\\\/wp-content\\\/uploads\\\/2024\\\/12\\\/vm_sport_RGB_horisontal-e1734526017575.png\",\"contentUrl\":\"https:\\\/\\\/vmsport.fi\\\/wp-content\\\/uploads\\\/2024\\\/12\\\/vm_sport_RGB_horisontal-e1734526017575.png\",\"width\":668,\"height\":85,\"caption\":\"Vmsport\"},\"image\":{\"@id\":\"https:\\\/\\\/vmsport.fi\\\/#\\\/schema\\\/logo\\\/image\\\/\"},\"sameAs\":[\"https:\\\/\\\/www.facebook.com\\\/Vmsport.fi\\\/\",\"https:\\\/\\\/www.instagram.com\\\/vmsport\\\/\"]}]}<\/script>\n<!-- \/ Yoast SEO plugin. -->","yoast_head_json":{"title":"Fox Racing Youth Ranger Fire Pyjamashandske - VM Sport","robots":{"index":"index","follow":"follow","max-snippet":"max-snippet:-1","max-image-preview":"max-image-preview:large","max-video-preview":"max-video-preview:-1"},"canonical":"https:\/\/vmsport.fi\/sv\/webbutik\/korutrustning\/klader\/pyorailhandskar\/fox-racing-ungdom-ranger-fire-pyotail-handske\/","og_locale":"sv_SE","og_type":"article","og_title":"Fox Racing Nuorten Ranger Fire Py\u00f6t\u00e4ilyhanska - VM Sport","og_description":"Fox Racing Nuorten Ranger Fire -py\u00f6r\u00e4ilyhanskat on suunniteltu erityisesti nuorille py\u00f6r\u00e4ilij\u00f6ille, jotka nauttivat ajamisesta my\u00f6s kylm\u00e4ll\u00e4 s\u00e4\u00e4ll\u00e4. N\u00e4iden hanskojen l\u00e4mp\u00f6\u00e4 erist\u00e4v\u00e4 materiaali pit\u00e4\u00e4 k\u00e4det mukavan l\u00e4mpimin\u00e4. K\u00e4yt\u00e4nn\u00f6llinen muotoilu yhdist\u00e4\u00e4 mukavuuden ja kest\u00e4vyyden, mik\u00e4 tekee niist\u00e4 luotettavan kumppanin pitkille py\u00f6r\u00e4retkille. Hengitt\u00e4v\u00e4 kangas takaa hyv\u00e4n ilmanvaihdon, jolloin hiki ei p\u00e4\u00e4se kertym\u00e4\u00e4n. Hanskoissa on my\u00f6s erinomainen pito ja [...]L\u00e4s mer \u2026 from Fox Racing Nuorten Ranger Fire Py\u00f6t\u00e4ilyhanska","og_url":"https:\/\/vmsport.fi\/sv\/webbutik\/korutrustning\/klader\/pyorailhandskar\/fox-racing-ungdom-ranger-fire-pyotail-handske\/","og_site_name":"VM Sport","article_publisher":"https:\/\/www.facebook.com\/Vmsport.fi\/","article_modified_time":"2026-04-02T12:20:35+00:00","og_image":[{"width":507,"height":1000,"url":"https:\/\/vmsport.fi\/wp-content\/uploads\/2025\/03\/29944-001-1-1.png","type":"image\/png"}],"twitter_card":"summary_large_image","twitter_misc":{"Ber\u00e4knad l\u00e4stid":"1 minut"},"schema":{"@context":"https:\/\/schema.org","@graph":[{"@type":["WebPage","ItemPage"],"@id":"https:\/\/vmsport.fi\/verkkokauppa\/ajovarusteet\/vaatteet\/pyorailyhanskat\/fox-racing-nuorten-ranger-fire-pyotailyhanska\/","url":"https:\/\/vmsport.fi\/verkkokauppa\/ajovarusteet\/vaatteet\/pyorailyhanskat\/fox-racing-nuorten-ranger-fire-pyotailyhanska\/","name":"Fox Racing Youth Ranger Fire Pyjamashandske - VM Sport","isPartOf":{"@id":"https:\/\/vmsport.fi\/#website"},"primaryImageOfPage":{"@id":"https:\/\/vmsport.fi\/verkkokauppa\/ajovarusteet\/vaatteet\/pyorailyhanskat\/fox-racing-nuorten-ranger-fire-pyotailyhanska\/#primaryimage"},"image":{"@id":"https:\/\/vmsport.fi\/verkkokauppa\/ajovarusteet\/vaatteet\/pyorailyhanskat\/fox-racing-nuorten-ranger-fire-pyotailyhanska\/#primaryimage"},"thumbnailUrl":"https:\/\/vmsport.fi\/wp-content\/uploads\/2025\/03\/29944-001-1-1.png","datePublished":"2025-03-05T21:35:51+00:00","dateModified":"2026-04-02T12:20:35+00:00","breadcrumb":{"@id":"https:\/\/vmsport.fi\/verkkokauppa\/ajovarusteet\/vaatteet\/pyorailyhanskat\/fox-racing-nuorten-ranger-fire-pyotailyhanska\/#breadcrumb"},"inLanguage":"sv-SE","potentialAction":[{"@type":"ReadAction","target":["https:\/\/vmsport.fi\/verkkokauppa\/ajovarusteet\/vaatteet\/pyorailyhanskat\/fox-racing-nuorten-ranger-fire-pyotailyhanska\/"]}]},{"@type":"ImageObject","inLanguage":"sv-SE","@id":"https:\/\/vmsport.fi\/verkkokauppa\/ajovarusteet\/vaatteet\/pyorailyhanskat\/fox-racing-nuorten-ranger-fire-pyotailyhanska\/#primaryimage","url":"https:\/\/vmsport.fi\/wp-content\/uploads\/2025\/03\/29944-001-1-1.png","contentUrl":"https:\/\/vmsport.fi\/wp-content\/uploads\/2025\/03\/29944-001-1-1.png","width":507,"height":1000,"caption":"29944-001-1"},{"@type":"BreadcrumbList","@id":"https:\/\/vmsport.fi\/verkkokauppa\/ajovarusteet\/vaatteet\/pyorailyhanskat\/fox-racing-nuorten-ranger-fire-pyotailyhanska\/#breadcrumb","itemListElement":[{"@type":"ListItem","position":1,"name":"Etusivu","item":"https:\/\/vmsport.fi\/"},{"@type":"ListItem","position":2,"name":"Online Store","item":"https:\/\/vmsport.fi\/en\/online-store\/"},{"@type":"ListItem","position":3,"name":"Fox Racing Nuorten Ranger Fire Py\u00f6t\u00e4ilyhanska"}]},{"@type":"WebSite","@id":"https:\/\/vmsport.fi\/#website","url":"https:\/\/vmsport.fi\/","name":"Vmsport","description":"Allt p\u00e5 ett st\u00e4lle f\u00f6r cykling","publisher":{"@id":"https:\/\/vmsport.fi\/#organization"},"potentialAction":[{"@type":"SearchAction","target":{"@type":"EntryPoint","urlTemplate":"https:\/\/vmsport.fi\/?s={search_term_string}"},"query-input":{"@type":"PropertyValueSpecification","valueRequired":true,"valueName":"search_term_string"}}],"inLanguage":"sv-SE"},{"@type":"Organization","@id":"https:\/\/vmsport.fi\/#organization","name":"Vmsport","url":"https:\/\/vmsport.fi\/","logo":{"@type":"ImageObject","inLanguage":"sv-SE","@id":"https:\/\/vmsport.fi\/#\/schema\/logo\/image\/","url":"https:\/\/vmsport.fi\/wp-content\/uploads\/2024\/12\/vm_sport_RGB_horisontal-e1734526017575.png","contentUrl":"https:\/\/vmsport.fi\/wp-content\/uploads\/2024\/12\/vm_sport_RGB_horisontal-e1734526017575.png","width":668,"height":85,"caption":"Vmsport"},"image":{"@id":"https:\/\/vmsport.fi\/#\/schema\/logo\/image\/"},"sameAs":["https:\/\/www.facebook.com\/Vmsport.fi\/","https:\/\/www.instagram.com\/vmsport\/"]}]}},"global_unique_id":"","_links":{"self":[{"href":"https:\/\/vmsport.fi\/sv\/wp-json\/wp\/v2\/product\/52967","targetHints":{"allow":["GET"]}}],"collection":[{"href":"https:\/\/vmsport.fi\/sv\/wp-json\/wp\/v2\/product"}],"about":[{"href":"https:\/\/vmsport.fi\/sv\/wp-json\/wp\/v2\/types\/product"}],"replies":[{"embeddable":true,"href":"https:\/\/vmsport.fi\/sv\/wp-json\/wp\/v2\/comments?post=52967"}],"wp:featuredmedia":[{"embeddable":true,"href":"https:\/\/vmsport.fi\/sv\/wp-json\/wp\/v2\/media\/52965"}],"wp:attachment":[{"href":"https:\/\/vmsport.fi\/sv\/wp-json\/wp\/v2\/media?parent=52967"}],"wp:term":[{"taxonomy":"product_brand","embeddable":true,"href":"https:\/\/vmsport.fi\/sv\/wp-json\/wp\/v2\/product_brand?post=52967"},{"taxonomy":"product_model","embeddable":true,"href":"https:\/\/vmsport.fi\/sv\/wp-json\/wp\/v2\/product_model?post=52967"},{"taxonomy":"product_cat","embeddable":true,"href":"https:\/\/vmsport.fi\/sv\/wp-json\/wp\/v2\/product_cat?post=52967"},{"taxonomy":"product_tag","embeddable":true,"href":"https:\/\/vmsport.fi\/sv\/wp-json\/wp\/v2\/product_tag?post=52967"},{"taxonomy":"industry_terminology","embeddable":true,"href":"https:\/\/vmsport.fi\/sv\/wp-json\/wp\/v2\/industry-terminology?post=52967"}],"curies":[{"name":"wp","href":"https:\/\/api.w.org\/{rel}","templated":true}]}}