{"id":52960,"date":"2025-03-05T23:35:46","date_gmt":"2025-03-05T21:35:46","guid":{"rendered":"https:\/\/vmsport.fi\/verkkokauppa\/Ei-luokiteltu\/naytto-intuvia-100-bhu3200\/"},"modified":"2026-04-22T15:02:39","modified_gmt":"2026-04-22T12:02:39","slug":"naytto-intuvia-100-bhu3200","status":"publish","type":"product","link":"https:\/\/vmsport.fi\/sv\/verkkokauppa\/varaosat\/sahkopyorien-osat\/sahkopyorien-osat-sahkopyorien-osat\/naytto-intuvia-100-bhu3200\/","title":{"rendered":"Display Intuvia 100 (BHU3200)"},"content":{"rendered":"<p>Intuvia 100-displayen (BHU3200) \u00e4r en viktig del av Bosch Intelligent System och ger anv\u00e4ndaren ett tydligt och l\u00e4ttanv\u00e4nt s\u00e4tt att styra elcykelns funktioner. Enheten \u00e4r utrustad med en LCD-display f\u00f6r utm\u00e4rkt l\u00e4sbarhet i alla v\u00e4derf\u00f6rh\u00e5llanden. Bluetooth-anslutning g\u00f6r att displayen enkelt kan kopplas till andra enheter. Startknappen \u00e4r placerad p\u00e5 baksidan av sk\u00e4rmen, vilket g\u00f6r det enkelt att b\u00f6rja anv\u00e4nda enheten. Intuvia 100 \u00e4r tillf\u00f6rlitlig inom ett brett temperaturomr\u00e5de och den robusta konstruktionen ger ett effektivt skydd mot yttre p\u00e5verkan. Displayen ger inte bara en tydlig vy, utan erbjuder ocks\u00e5 ljusstyrka och ett urval av spr\u00e5kalternativ, vilket g\u00f6r den l\u00e4mplig f\u00f6r ett brett spektrum av behov.<\/p>","protected":false},"excerpt":{"rendered":"<p>Intuvia 100 -n\u00e4ytt\u00f6 (BHU3200) on keskeinen osa Boschin \u00e4lyk\u00e4st\u00e4 j\u00e4rjestelm\u00e4\u00e4, tarjoten k\u00e4ytt\u00e4j\u00e4lle selke\u00e4n ja helppok\u00e4ytt\u00f6isen tavan hallita s\u00e4hk\u00f6py\u00f6r\u00e4n toimintoja. Laite on varustettu LCD-n\u00e4yt\u00f6ll\u00e4, joka takaa erinomaisen luettavuuden kaikissa s\u00e4\u00e4olosuhteissa. Bluetooth-yhteyden avulla n\u00e4ytt\u00f6 voidaan yhdist\u00e4\u00e4 vaivattomasti muihin laitteisiin. K\u00e4ynnistyspainike sijaitsee n\u00e4yt\u00f6n takana, mik\u00e4 tekee laitteen k\u00e4yt\u00f6n aloittamisesta sujuvaa. Intuvia 100:n toimintavarmuus ulottuu laajaan l\u00e4mp\u00f6tila-alueeseen, ja kest\u00e4v\u00e4 [&#8230;]<\/p>\n<p><a class=\"btn btn-secondary understrap-read-more-link\" href=\"https:\/\/vmsport.fi\/sv\/verkkokauppa\/varaosat\/sahkopyorien-osat\/sahkopyorien-osat-sahkopyorien-osat\/naytto-intuvia-100-bhu3200\/\">L\u00e4s mer \u2026<span class=\"screen-reader-text\"> from N\u00e4ytt\u00f6 Intuvia 100 (BHU3200)<\/span><\/a><\/p>\n","protected":false},"featured_media":52959,"comment_status":"open","ping_status":"closed","template":"","meta":{"_acf_changed":false,"_improvement_type_select":"improve_an_existing","_thumb_yes_seoaic":false,"_frame_yes_seoaic":false,"seoaic_generate_description":"","seoaic_improve_instructions_prompt":"","seoaic_rollback_content_improvement":"","seoaic_idea_thumbnail_generator":"","thumbnail_generated":false,"thumbnail_generate_prompt":"","seoaic_article_description":"","_supplier_stock_quantity":0},"product_brand":[],"product_model":[],"product_cat":[9482],"product_tag":[],"industry-terminology":[],"class_list":{"0":"post-52960","1":"product","2":"type-product","3":"status-publish","4":"has-post-thumbnail","6":"product_cat-sahkopyorien-osat-sahkopyorien-osat","8":"first","9":"instock","10":"taxable","11":"shipping-taxable","12":"purchasable","13":"product-type-simple"},"acf":{"bike_features":null,"overview":{"copy_overview":null,"key_features":null,"statement":"","youtube_url":""}},"yoast_head":"<!-- This site is optimized with the Yoast SEO plugin v27.4 - https:\/\/yoast.com\/product\/yoast-seo-wordpress\/ -->\n<title>N\u00e4ytt\u00f6 Intuvia 100 (BHU3200) - VM Sport<\/title>\n<meta name=\"robots\" content=\"index, follow, max-snippet:-1, max-image-preview:large, max-video-preview:-1\" \/>\n<link rel=\"canonical\" href=\"https:\/\/vmsport.fi\/sv\/webbutik\/reservdelar\/delar-av-sagbockar\/delar-av-sagbock-delar-av-sagbock\/naytto-intuvia-100-bhu3200\/\" \/>\n<meta property=\"og:locale\" content=\"sv_SE\" \/>\n<meta property=\"og:type\" content=\"article\" \/>\n<meta property=\"og:title\" content=\"N\u00e4ytt\u00f6 Intuvia 100 (BHU3200) - VM Sport\" \/>\n<meta property=\"og:description\" content=\"Intuvia 100 -n\u00e4ytt\u00f6 (BHU3200) on keskeinen osa Boschin \u00e4lyk\u00e4st\u00e4 j\u00e4rjestelm\u00e4\u00e4, tarjoten k\u00e4ytt\u00e4j\u00e4lle selke\u00e4n ja helppok\u00e4ytt\u00f6isen tavan hallita s\u00e4hk\u00f6py\u00f6r\u00e4n toimintoja. Laite on varustettu LCD-n\u00e4yt\u00f6ll\u00e4, joka takaa erinomaisen luettavuuden kaikissa s\u00e4\u00e4olosuhteissa. Bluetooth-yhteyden avulla n\u00e4ytt\u00f6 voidaan yhdist\u00e4\u00e4 vaivattomasti muihin laitteisiin. K\u00e4ynnistyspainike sijaitsee n\u00e4yt\u00f6n takana, mik\u00e4 tekee laitteen k\u00e4yt\u00f6n aloittamisesta sujuvaa. Intuvia 100:n toimintavarmuus ulottuu laajaan l\u00e4mp\u00f6tila-alueeseen, ja kest\u00e4v\u00e4 [...]L\u00e4s mer \u2026 from N\u00e4ytt\u00f6 Intuvia 100 (BHU3200)\" \/>\n<meta property=\"og:url\" content=\"https:\/\/vmsport.fi\/sv\/webbutik\/reservdelar\/delar-av-sagbockar\/delar-av-sagbock-delar-av-sagbock\/naytto-intuvia-100-bhu3200\/\" \/>\n<meta property=\"og:site_name\" content=\"VM Sport\" \/>\n<meta property=\"article:publisher\" content=\"https:\/\/www.facebook.com\/Vmsport.fi\/\" \/>\n<meta property=\"article:modified_time\" content=\"2026-04-22T12:02:39+00:00\" \/>\n<meta property=\"og:image\" content=\"https:\/\/vmsport.fi\/wp-content\/uploads\/2025\/03\/1200Wx1200H-2123923-1.png\" \/>\n\t<meta property=\"og:image:width\" content=\"1000\" \/>\n\t<meta property=\"og:image:height\" content=\"1000\" \/>\n\t<meta property=\"og:image:type\" content=\"image\/png\" \/>\n<meta name=\"twitter:card\" content=\"summary_large_image\" \/>\n<meta name=\"twitter:label1\" content=\"Ber\u00e4knad l\u00e4stid\" \/>\n\t<meta name=\"twitter:data1\" content=\"1 minut\" \/>\n<script type=\"application\/ld+json\" class=\"yoast-schema-graph\">{\"@context\":\"https:\\\/\\\/schema.org\",\"@graph\":[{\"@type\":[\"WebPage\",\"ItemPage\"],\"@id\":\"https:\\\/\\\/vmsport.fi\\\/verkkokauppa\\\/varaosat\\\/sahkopyorien-osat\\\/sahkopyorien-osat-sahkopyorien-osat\\\/naytto-intuvia-100-bhu3200\\\/\",\"url\":\"https:\\\/\\\/vmsport.fi\\\/verkkokauppa\\\/varaosat\\\/sahkopyorien-osat\\\/sahkopyorien-osat-sahkopyorien-osat\\\/naytto-intuvia-100-bhu3200\\\/\",\"name\":\"N\u00e4ytt\u00f6 Intuvia 100 (BHU3200) - VM Sport\",\"isPartOf\":{\"@id\":\"https:\\\/\\\/vmsport.fi\\\/#website\"},\"primaryImageOfPage\":{\"@id\":\"https:\\\/\\\/vmsport.fi\\\/verkkokauppa\\\/varaosat\\\/sahkopyorien-osat\\\/sahkopyorien-osat-sahkopyorien-osat\\\/naytto-intuvia-100-bhu3200\\\/#primaryimage\"},\"image\":{\"@id\":\"https:\\\/\\\/vmsport.fi\\\/verkkokauppa\\\/varaosat\\\/sahkopyorien-osat\\\/sahkopyorien-osat-sahkopyorien-osat\\\/naytto-intuvia-100-bhu3200\\\/#primaryimage\"},\"thumbnailUrl\":\"https:\\\/\\\/vmsport.fi\\\/wp-content\\\/uploads\\\/2025\\\/03\\\/1200Wx1200H-2123923-1.png\",\"datePublished\":\"2025-03-05T21:35:46+00:00\",\"dateModified\":\"2026-04-22T12:02:39+00:00\",\"breadcrumb\":{\"@id\":\"https:\\\/\\\/vmsport.fi\\\/verkkokauppa\\\/varaosat\\\/sahkopyorien-osat\\\/sahkopyorien-osat-sahkopyorien-osat\\\/naytto-intuvia-100-bhu3200\\\/#breadcrumb\"},\"inLanguage\":\"sv-SE\",\"potentialAction\":[{\"@type\":\"ReadAction\",\"target\":[\"https:\\\/\\\/vmsport.fi\\\/verkkokauppa\\\/varaosat\\\/sahkopyorien-osat\\\/sahkopyorien-osat-sahkopyorien-osat\\\/naytto-intuvia-100-bhu3200\\\/\"]}]},{\"@type\":\"ImageObject\",\"inLanguage\":\"sv-SE\",\"@id\":\"https:\\\/\\\/vmsport.fi\\\/verkkokauppa\\\/varaosat\\\/sahkopyorien-osat\\\/sahkopyorien-osat-sahkopyorien-osat\\\/naytto-intuvia-100-bhu3200\\\/#primaryimage\",\"url\":\"https:\\\/\\\/vmsport.fi\\\/wp-content\\\/uploads\\\/2025\\\/03\\\/1200Wx1200H-2123923-1.png\",\"contentUrl\":\"https:\\\/\\\/vmsport.fi\\\/wp-content\\\/uploads\\\/2025\\\/03\\\/1200Wx1200H-2123923-1.png\",\"width\":1000,\"height\":1000,\"caption\":\"1200Wx1200H-2123923\"},{\"@type\":\"BreadcrumbList\",\"@id\":\"https:\\\/\\\/vmsport.fi\\\/verkkokauppa\\\/varaosat\\\/sahkopyorien-osat\\\/sahkopyorien-osat-sahkopyorien-osat\\\/naytto-intuvia-100-bhu3200\\\/#breadcrumb\",\"itemListElement\":[{\"@type\":\"ListItem\",\"position\":1,\"name\":\"Etusivu\",\"item\":\"https:\\\/\\\/vmsport.fi\\\/\"},{\"@type\":\"ListItem\",\"position\":2,\"name\":\"Online Store\",\"item\":\"https:\\\/\\\/vmsport.fi\\\/en\\\/online-store\\\/\"},{\"@type\":\"ListItem\",\"position\":3,\"name\":\"N\u00e4ytt\u00f6 Intuvia 100 (BHU3200)\"}]},{\"@type\":\"WebSite\",\"@id\":\"https:\\\/\\\/vmsport.fi\\\/#website\",\"url\":\"https:\\\/\\\/vmsport.fi\\\/\",\"name\":\"Vmsport\",\"description\":\"Kaikki py\u00f6r\u00e4ilyyn yhdest\u00e4 paikasta\",\"publisher\":{\"@id\":\"https:\\\/\\\/vmsport.fi\\\/#organization\"},\"potentialAction\":[{\"@type\":\"SearchAction\",\"target\":{\"@type\":\"EntryPoint\",\"urlTemplate\":\"https:\\\/\\\/vmsport.fi\\\/?s={search_term_string}\"},\"query-input\":{\"@type\":\"PropertyValueSpecification\",\"valueRequired\":true,\"valueName\":\"search_term_string\"}}],\"inLanguage\":\"sv-SE\"},{\"@type\":\"Organization\",\"@id\":\"https:\\\/\\\/vmsport.fi\\\/#organization\",\"name\":\"Vmsport\",\"url\":\"https:\\\/\\\/vmsport.fi\\\/\",\"logo\":{\"@type\":\"ImageObject\",\"inLanguage\":\"sv-SE\",\"@id\":\"https:\\\/\\\/vmsport.fi\\\/#\\\/schema\\\/logo\\\/image\\\/\",\"url\":\"https:\\\/\\\/vmsport.fi\\\/wp-content\\\/uploads\\\/2024\\\/12\\\/vm_sport_RGB_horisontal-e1734526017575.png\",\"contentUrl\":\"https:\\\/\\\/vmsport.fi\\\/wp-content\\\/uploads\\\/2024\\\/12\\\/vm_sport_RGB_horisontal-e1734526017575.png\",\"width\":668,\"height\":85,\"caption\":\"Vmsport\"},\"image\":{\"@id\":\"https:\\\/\\\/vmsport.fi\\\/#\\\/schema\\\/logo\\\/image\\\/\"},\"sameAs\":[\"https:\\\/\\\/www.facebook.com\\\/Vmsport.fi\\\/\",\"https:\\\/\\\/www.instagram.com\\\/vmsport\\\/\"]}]}<\/script>\n<!-- \/ Yoast SEO plugin. -->","yoast_head_json":{"title":"Display Intuvia 100 (BHU3200) - VM Sport","robots":{"index":"index","follow":"follow","max-snippet":"max-snippet:-1","max-image-preview":"max-image-preview:large","max-video-preview":"max-video-preview:-1"},"canonical":"https:\/\/vmsport.fi\/sv\/webbutik\/reservdelar\/delar-av-sagbockar\/delar-av-sagbock-delar-av-sagbock\/naytto-intuvia-100-bhu3200\/","og_locale":"sv_SE","og_type":"article","og_title":"N\u00e4ytt\u00f6 Intuvia 100 (BHU3200) - VM Sport","og_description":"Intuvia 100 -n\u00e4ytt\u00f6 (BHU3200) on keskeinen osa Boschin \u00e4lyk\u00e4st\u00e4 j\u00e4rjestelm\u00e4\u00e4, tarjoten k\u00e4ytt\u00e4j\u00e4lle selke\u00e4n ja helppok\u00e4ytt\u00f6isen tavan hallita s\u00e4hk\u00f6py\u00f6r\u00e4n toimintoja. Laite on varustettu LCD-n\u00e4yt\u00f6ll\u00e4, joka takaa erinomaisen luettavuuden kaikissa s\u00e4\u00e4olosuhteissa. Bluetooth-yhteyden avulla n\u00e4ytt\u00f6 voidaan yhdist\u00e4\u00e4 vaivattomasti muihin laitteisiin. K\u00e4ynnistyspainike sijaitsee n\u00e4yt\u00f6n takana, mik\u00e4 tekee laitteen k\u00e4yt\u00f6n aloittamisesta sujuvaa. Intuvia 100:n toimintavarmuus ulottuu laajaan l\u00e4mp\u00f6tila-alueeseen, ja kest\u00e4v\u00e4 [...]L\u00e4s mer \u2026 from N\u00e4ytt\u00f6 Intuvia 100 (BHU3200)","og_url":"https:\/\/vmsport.fi\/sv\/webbutik\/reservdelar\/delar-av-sagbockar\/delar-av-sagbock-delar-av-sagbock\/naytto-intuvia-100-bhu3200\/","og_site_name":"VM Sport","article_publisher":"https:\/\/www.facebook.com\/Vmsport.fi\/","article_modified_time":"2026-04-22T12:02:39+00:00","og_image":[{"width":1000,"height":1000,"url":"https:\/\/vmsport.fi\/wp-content\/uploads\/2025\/03\/1200Wx1200H-2123923-1.png","type":"image\/png"}],"twitter_card":"summary_large_image","twitter_misc":{"Ber\u00e4knad l\u00e4stid":"1 minut"},"schema":{"@context":"https:\/\/schema.org","@graph":[{"@type":["WebPage","ItemPage"],"@id":"https:\/\/vmsport.fi\/verkkokauppa\/varaosat\/sahkopyorien-osat\/sahkopyorien-osat-sahkopyorien-osat\/naytto-intuvia-100-bhu3200\/","url":"https:\/\/vmsport.fi\/verkkokauppa\/varaosat\/sahkopyorien-osat\/sahkopyorien-osat-sahkopyorien-osat\/naytto-intuvia-100-bhu3200\/","name":"Display Intuvia 100 (BHU3200) - VM Sport","isPartOf":{"@id":"https:\/\/vmsport.fi\/#website"},"primaryImageOfPage":{"@id":"https:\/\/vmsport.fi\/verkkokauppa\/varaosat\/sahkopyorien-osat\/sahkopyorien-osat-sahkopyorien-osat\/naytto-intuvia-100-bhu3200\/#primaryimage"},"image":{"@id":"https:\/\/vmsport.fi\/verkkokauppa\/varaosat\/sahkopyorien-osat\/sahkopyorien-osat-sahkopyorien-osat\/naytto-intuvia-100-bhu3200\/#primaryimage"},"thumbnailUrl":"https:\/\/vmsport.fi\/wp-content\/uploads\/2025\/03\/1200Wx1200H-2123923-1.png","datePublished":"2025-03-05T21:35:46+00:00","dateModified":"2026-04-22T12:02:39+00:00","breadcrumb":{"@id":"https:\/\/vmsport.fi\/verkkokauppa\/varaosat\/sahkopyorien-osat\/sahkopyorien-osat-sahkopyorien-osat\/naytto-intuvia-100-bhu3200\/#breadcrumb"},"inLanguage":"sv-SE","potentialAction":[{"@type":"ReadAction","target":["https:\/\/vmsport.fi\/verkkokauppa\/varaosat\/sahkopyorien-osat\/sahkopyorien-osat-sahkopyorien-osat\/naytto-intuvia-100-bhu3200\/"]}]},{"@type":"ImageObject","inLanguage":"sv-SE","@id":"https:\/\/vmsport.fi\/verkkokauppa\/varaosat\/sahkopyorien-osat\/sahkopyorien-osat-sahkopyorien-osat\/naytto-intuvia-100-bhu3200\/#primaryimage","url":"https:\/\/vmsport.fi\/wp-content\/uploads\/2025\/03\/1200Wx1200H-2123923-1.png","contentUrl":"https:\/\/vmsport.fi\/wp-content\/uploads\/2025\/03\/1200Wx1200H-2123923-1.png","width":1000,"height":1000,"caption":"1200Wx1200H-2123923"},{"@type":"BreadcrumbList","@id":"https:\/\/vmsport.fi\/verkkokauppa\/varaosat\/sahkopyorien-osat\/sahkopyorien-osat-sahkopyorien-osat\/naytto-intuvia-100-bhu3200\/#breadcrumb","itemListElement":[{"@type":"ListItem","position":1,"name":"Etusivu","item":"https:\/\/vmsport.fi\/"},{"@type":"ListItem","position":2,"name":"Online Store","item":"https:\/\/vmsport.fi\/en\/online-store\/"},{"@type":"ListItem","position":3,"name":"N\u00e4ytt\u00f6 Intuvia 100 (BHU3200)"}]},{"@type":"WebSite","@id":"https:\/\/vmsport.fi\/#website","url":"https:\/\/vmsport.fi\/","name":"Vmsport","description":"Allt p\u00e5 ett st\u00e4lle f\u00f6r cykling","publisher":{"@id":"https:\/\/vmsport.fi\/#organization"},"potentialAction":[{"@type":"SearchAction","target":{"@type":"EntryPoint","urlTemplate":"https:\/\/vmsport.fi\/?s={search_term_string}"},"query-input":{"@type":"PropertyValueSpecification","valueRequired":true,"valueName":"search_term_string"}}],"inLanguage":"sv-SE"},{"@type":"Organization","@id":"https:\/\/vmsport.fi\/#organization","name":"Vmsport","url":"https:\/\/vmsport.fi\/","logo":{"@type":"ImageObject","inLanguage":"sv-SE","@id":"https:\/\/vmsport.fi\/#\/schema\/logo\/image\/","url":"https:\/\/vmsport.fi\/wp-content\/uploads\/2024\/12\/vm_sport_RGB_horisontal-e1734526017575.png","contentUrl":"https:\/\/vmsport.fi\/wp-content\/uploads\/2024\/12\/vm_sport_RGB_horisontal-e1734526017575.png","width":668,"height":85,"caption":"Vmsport"},"image":{"@id":"https:\/\/vmsport.fi\/#\/schema\/logo\/image\/"},"sameAs":["https:\/\/www.facebook.com\/Vmsport.fi\/","https:\/\/www.instagram.com\/vmsport\/"]}]}},"global_unique_id":"","_links":{"self":[{"href":"https:\/\/vmsport.fi\/sv\/wp-json\/wp\/v2\/product\/52960","targetHints":{"allow":["GET"]}}],"collection":[{"href":"https:\/\/vmsport.fi\/sv\/wp-json\/wp\/v2\/product"}],"about":[{"href":"https:\/\/vmsport.fi\/sv\/wp-json\/wp\/v2\/types\/product"}],"replies":[{"embeddable":true,"href":"https:\/\/vmsport.fi\/sv\/wp-json\/wp\/v2\/comments?post=52960"}],"wp:featuredmedia":[{"embeddable":true,"href":"https:\/\/vmsport.fi\/sv\/wp-json\/wp\/v2\/media\/52959"}],"wp:attachment":[{"href":"https:\/\/vmsport.fi\/sv\/wp-json\/wp\/v2\/media?parent=52960"}],"wp:term":[{"taxonomy":"product_brand","embeddable":true,"href":"https:\/\/vmsport.fi\/sv\/wp-json\/wp\/v2\/product_brand?post=52960"},{"taxonomy":"product_model","embeddable":true,"href":"https:\/\/vmsport.fi\/sv\/wp-json\/wp\/v2\/product_model?post=52960"},{"taxonomy":"product_cat","embeddable":true,"href":"https:\/\/vmsport.fi\/sv\/wp-json\/wp\/v2\/product_cat?post=52960"},{"taxonomy":"product_tag","embeddable":true,"href":"https:\/\/vmsport.fi\/sv\/wp-json\/wp\/v2\/product_tag?post=52960"},{"taxonomy":"industry_terminology","embeddable":true,"href":"https:\/\/vmsport.fi\/sv\/wp-json\/wp\/v2\/industry-terminology?post=52960"}],"curies":[{"name":"wp","href":"https:\/\/api.w.org\/{rel}","templated":true}]}}