{"id":52954,"date":"2025-03-05T23:35:43","date_gmt":"2025-03-05T21:35:43","guid":{"rendered":"https:\/\/vmsport.fi\/verkkokauppa\/Ei-luokiteltu\/levyjarrusarja-mt201-taka-bl-mt201-1700mm-bh59-br-mt200\/"},"modified":"2026-04-23T03:01:00","modified_gmt":"2026-04-23T00:01:00","slug":"skivbromssats-mt201-bakre-bl-mt201-1700mm-bh59-br-mt200","status":"publish","type":"product","link":"https:\/\/vmsport.fi\/sv\/verkkokauppa\/varaosat\/jarrut\/levyjarrusetit\/levyjarrusarja-mt201-taka-bl-mt201-1700mm-bh59-br-mt200\/","title":{"rendered":"Skivbromssats MT201 bak BL-MT201 1700mm BH59 BR-MT200"},"content":{"rendered":"<p>Bakbromssatsen MT201 \u00e4r ett utm\u00e4rkt val f\u00f6r alla cyklister som v\u00e4rdes\u00e4tter tillf\u00f6rlitlighet och topprestanda. Dess hydrauliska bromssystem s\u00e4kerst\u00e4ller en j\u00e4mn bromsprestanda, vilket avsev\u00e4rt f\u00f6rb\u00e4ttrar k\u00f6rs\u00e4kerheten. Den 1700 mm l\u00e5nga bromsslangen uppfyller BH59-standarden, vilket m\u00f6jligg\u00f6r en flexibel och exakt installation. BR-MT200-bromsoket \u00e4r konstruerat f\u00f6r att klara kr\u00e4vande k\u00f6rf\u00f6rh\u00e5llanden. Det \u00e4r en Shimano-produkt med h\u00f6g kvalitet och l\u00e5ng livsl\u00e4ngd, och du kan lita p\u00e5 att den fungerar mil efter mil.<\/p>","protected":false},"excerpt":{"rendered":"<p>Takajarrusarja MT201 on loistava valinta kaikille py\u00f6r\u00e4ilij\u00f6ille, jotka arvostavat luotettavuutta ja huippusuorituskyky\u00e4. Sen hydraulinen jarruj\u00e4rjestelm\u00e4 varmistaa tasaisen jarrutustehon, mik\u00e4 parantaa ajoturvallisuutta huomattavasti. 1700 mm pitk\u00e4 jarruletku noudattaa BH59-standardia, mik\u00e4 mahdollistaa joustavan ja tarkan asennuksen. BR-MT200-jarrusatula on suunniteltu kest\u00e4m\u00e4\u00e4n vaativissakin ajo-olosuhteissa. Shimano-tuotemerkin laadukkaana ja pitk\u00e4ik\u00e4isen\u00e4 tuotteena voit luottaa sen toimintaan kilometri toisensa j\u00e4lkeen. [&#8230;]<\/p>\n<p><a class=\"btn btn-secondary understrap-read-more-link\" href=\"https:\/\/vmsport.fi\/sv\/verkkokauppa\/varaosat\/jarrut\/levyjarrusetit\/levyjarrusarja-mt201-taka-bl-mt201-1700mm-bh59-br-mt200\/\">L\u00e4s mer \u2026<span class=\"screen-reader-text\"> from Levyjarrusarja MT201 taka BL-MT201 1700mm BH59 BR-MT200<\/span><\/a><\/p>\n","protected":false},"featured_media":52953,"comment_status":"open","ping_status":"closed","template":"","meta":{"_acf_changed":false,"_improvement_type_select":"improve_an_existing","_thumb_yes_seoaic":false,"_frame_yes_seoaic":false,"seoaic_generate_description":"","seoaic_improve_instructions_prompt":"","seoaic_rollback_content_improvement":"","seoaic_idea_thumbnail_generator":"","thumbnail_generated":false,"thumbnail_generate_prompt":"","seoaic_article_description":"","_supplier_stock_quantity":0},"product_brand":[],"product_model":[],"product_cat":[9354],"product_tag":[],"industry-terminology":[],"class_list":{"0":"post-52954","1":"product","2":"type-product","3":"status-publish","4":"has-post-thumbnail","6":"product_cat-levyjarrusetit","8":"first","9":"instock","10":"taxable","11":"shipping-taxable","12":"purchasable","13":"product-type-simple"},"acf":{"bike_features":null,"overview":{"copy_overview":null,"key_features":null,"statement":"","youtube_url":""}},"yoast_head":"<!-- This site is optimized with the Yoast SEO plugin v27.4 - https:\/\/yoast.com\/product\/yoast-seo-wordpress\/ -->\n<title>Levyjarrusarja MT201 taka BL-MT201 1700mm BH59 BR-MT200 - VM Sport<\/title>\n<meta name=\"robots\" content=\"index, follow, max-snippet:-1, max-image-preview:large, max-video-preview:-1\" \/>\n<link rel=\"canonical\" href=\"https:\/\/vmsport.fi\/sv\/webbutik\/reservdelar\/bromsar\/skivbromsskivor\/skivbromssats-mt201-bakre-bl-mt201-1700mm-bh59-br-mt200\/\" \/>\n<meta property=\"og:locale\" content=\"sv_SE\" \/>\n<meta property=\"og:type\" content=\"article\" \/>\n<meta property=\"og:title\" content=\"Levyjarrusarja MT201 taka BL-MT201 1700mm BH59 BR-MT200 - VM Sport\" \/>\n<meta property=\"og:description\" content=\"Takajarrusarja MT201 on loistava valinta kaikille py\u00f6r\u00e4ilij\u00f6ille, jotka arvostavat luotettavuutta ja huippusuorituskyky\u00e4. Sen hydraulinen jarruj\u00e4rjestelm\u00e4 varmistaa tasaisen jarrutustehon, mik\u00e4 parantaa ajoturvallisuutta huomattavasti. 1700 mm pitk\u00e4 jarruletku noudattaa BH59-standardia, mik\u00e4 mahdollistaa joustavan ja tarkan asennuksen. BR-MT200-jarrusatula on suunniteltu kest\u00e4m\u00e4\u00e4n vaativissakin ajo-olosuhteissa. Shimano-tuotemerkin laadukkaana ja pitk\u00e4ik\u00e4isen\u00e4 tuotteena voit luottaa sen toimintaan kilometri toisensa j\u00e4lkeen. [...]L\u00e4s mer \u2026 from Levyjarrusarja MT201 taka BL-MT201 1700mm BH59 BR-MT200\" \/>\n<meta property=\"og:url\" content=\"https:\/\/vmsport.fi\/sv\/webbutik\/reservdelar\/bromsar\/skivbromsskivor\/skivbromssats-mt201-bakre-bl-mt201-1700mm-bh59-br-mt200\/\" \/>\n<meta property=\"og:site_name\" content=\"VM Sport\" \/>\n<meta property=\"article:publisher\" content=\"https:\/\/www.facebook.com\/Vmsport.fi\/\" \/>\n<meta property=\"article:modified_time\" content=\"2026-04-23T00:01:00+00:00\" \/>\n<meta property=\"og:image\" content=\"https:\/\/vmsport.fi\/wp-content\/uploads\/2025\/03\/5FeaeQN6VxiAns7Boqpp3Yt1znmm8GxDg2CTG3XkyE8FRhgfG2-1.jpg\" \/>\n\t<meta property=\"og:image:width\" content=\"600\" \/>\n\t<meta property=\"og:image:height\" content=\"600\" \/>\n\t<meta property=\"og:image:type\" content=\"image\/jpeg\" \/>\n<meta name=\"twitter:card\" content=\"summary_large_image\" \/>\n<script type=\"application\/ld+json\" class=\"yoast-schema-graph\">{\"@context\":\"https:\\\/\\\/schema.org\",\"@graph\":[{\"@type\":[\"WebPage\",\"ItemPage\"],\"@id\":\"https:\\\/\\\/vmsport.fi\\\/verkkokauppa\\\/varaosat\\\/jarrut\\\/levyjarrusetit\\\/levyjarrusarja-mt201-taka-bl-mt201-1700mm-bh59-br-mt200\\\/\",\"url\":\"https:\\\/\\\/vmsport.fi\\\/verkkokauppa\\\/varaosat\\\/jarrut\\\/levyjarrusetit\\\/levyjarrusarja-mt201-taka-bl-mt201-1700mm-bh59-br-mt200\\\/\",\"name\":\"Levyjarrusarja MT201 taka BL-MT201 1700mm BH59 BR-MT200 - VM Sport\",\"isPartOf\":{\"@id\":\"https:\\\/\\\/vmsport.fi\\\/#website\"},\"primaryImageOfPage\":{\"@id\":\"https:\\\/\\\/vmsport.fi\\\/verkkokauppa\\\/varaosat\\\/jarrut\\\/levyjarrusetit\\\/levyjarrusarja-mt201-taka-bl-mt201-1700mm-bh59-br-mt200\\\/#primaryimage\"},\"image\":{\"@id\":\"https:\\\/\\\/vmsport.fi\\\/verkkokauppa\\\/varaosat\\\/jarrut\\\/levyjarrusetit\\\/levyjarrusarja-mt201-taka-bl-mt201-1700mm-bh59-br-mt200\\\/#primaryimage\"},\"thumbnailUrl\":\"https:\\\/\\\/vmsport.fi\\\/wp-content\\\/uploads\\\/2025\\\/03\\\/5FeaeQN6VxiAns7Boqpp3Yt1znmm8GxDg2CTG3XkyE8FRhgfG2-1.jpg\",\"datePublished\":\"2025-03-05T21:35:43+00:00\",\"dateModified\":\"2026-04-23T00:01:00+00:00\",\"breadcrumb\":{\"@id\":\"https:\\\/\\\/vmsport.fi\\\/verkkokauppa\\\/varaosat\\\/jarrut\\\/levyjarrusetit\\\/levyjarrusarja-mt201-taka-bl-mt201-1700mm-bh59-br-mt200\\\/#breadcrumb\"},\"inLanguage\":\"sv-SE\",\"potentialAction\":[{\"@type\":\"ReadAction\",\"target\":[\"https:\\\/\\\/vmsport.fi\\\/verkkokauppa\\\/varaosat\\\/jarrut\\\/levyjarrusetit\\\/levyjarrusarja-mt201-taka-bl-mt201-1700mm-bh59-br-mt200\\\/\"]}]},{\"@type\":\"ImageObject\",\"inLanguage\":\"sv-SE\",\"@id\":\"https:\\\/\\\/vmsport.fi\\\/verkkokauppa\\\/varaosat\\\/jarrut\\\/levyjarrusetit\\\/levyjarrusarja-mt201-taka-bl-mt201-1700mm-bh59-br-mt200\\\/#primaryimage\",\"url\":\"https:\\\/\\\/vmsport.fi\\\/wp-content\\\/uploads\\\/2025\\\/03\\\/5FeaeQN6VxiAns7Boqpp3Yt1znmm8GxDg2CTG3XkyE8FRhgfG2-1.jpg\",\"contentUrl\":\"https:\\\/\\\/vmsport.fi\\\/wp-content\\\/uploads\\\/2025\\\/03\\\/5FeaeQN6VxiAns7Boqpp3Yt1znmm8GxDg2CTG3XkyE8FRhgfG2-1.jpg\",\"width\":600,\"height\":600,\"caption\":\"5FeaeQN6VxiAns7Boqpp3Yt1znmm8GxDg2CTG3XkyE8FRhgfG2\"},{\"@type\":\"BreadcrumbList\",\"@id\":\"https:\\\/\\\/vmsport.fi\\\/verkkokauppa\\\/varaosat\\\/jarrut\\\/levyjarrusetit\\\/levyjarrusarja-mt201-taka-bl-mt201-1700mm-bh59-br-mt200\\\/#breadcrumb\",\"itemListElement\":[{\"@type\":\"ListItem\",\"position\":1,\"name\":\"Etusivu\",\"item\":\"https:\\\/\\\/vmsport.fi\\\/\"},{\"@type\":\"ListItem\",\"position\":2,\"name\":\"Online Store\",\"item\":\"https:\\\/\\\/vmsport.fi\\\/en\\\/online-store\\\/\"},{\"@type\":\"ListItem\",\"position\":3,\"name\":\"Levyjarrusarja MT201 taka BL-MT201 1700mm BH59 BR-MT200\"}]},{\"@type\":\"WebSite\",\"@id\":\"https:\\\/\\\/vmsport.fi\\\/#website\",\"url\":\"https:\\\/\\\/vmsport.fi\\\/\",\"name\":\"Vmsport\",\"description\":\"Kaikki py\u00f6r\u00e4ilyyn yhdest\u00e4 paikasta\",\"publisher\":{\"@id\":\"https:\\\/\\\/vmsport.fi\\\/#organization\"},\"potentialAction\":[{\"@type\":\"SearchAction\",\"target\":{\"@type\":\"EntryPoint\",\"urlTemplate\":\"https:\\\/\\\/vmsport.fi\\\/?s={search_term_string}\"},\"query-input\":{\"@type\":\"PropertyValueSpecification\",\"valueRequired\":true,\"valueName\":\"search_term_string\"}}],\"inLanguage\":\"sv-SE\"},{\"@type\":\"Organization\",\"@id\":\"https:\\\/\\\/vmsport.fi\\\/#organization\",\"name\":\"Vmsport\",\"url\":\"https:\\\/\\\/vmsport.fi\\\/\",\"logo\":{\"@type\":\"ImageObject\",\"inLanguage\":\"sv-SE\",\"@id\":\"https:\\\/\\\/vmsport.fi\\\/#\\\/schema\\\/logo\\\/image\\\/\",\"url\":\"https:\\\/\\\/vmsport.fi\\\/wp-content\\\/uploads\\\/2024\\\/12\\\/vm_sport_RGB_horisontal-e1734526017575.png\",\"contentUrl\":\"https:\\\/\\\/vmsport.fi\\\/wp-content\\\/uploads\\\/2024\\\/12\\\/vm_sport_RGB_horisontal-e1734526017575.png\",\"width\":668,\"height\":85,\"caption\":\"Vmsport\"},\"image\":{\"@id\":\"https:\\\/\\\/vmsport.fi\\\/#\\\/schema\\\/logo\\\/image\\\/\"},\"sameAs\":[\"https:\\\/\\\/www.facebook.com\\\/Vmsport.fi\\\/\",\"https:\\\/\\\/www.instagram.com\\\/vmsport\\\/\"]}]}<\/script>\n<!-- \/ Yoast SEO plugin. -->","yoast_head_json":{"title":"Skivbromssats MT201 bak BL-MT201 1700mm BH59 BR-MT200 - VM Sport","robots":{"index":"index","follow":"follow","max-snippet":"max-snippet:-1","max-image-preview":"max-image-preview:large","max-video-preview":"max-video-preview:-1"},"canonical":"https:\/\/vmsport.fi\/sv\/webbutik\/reservdelar\/bromsar\/skivbromsskivor\/skivbromssats-mt201-bakre-bl-mt201-1700mm-bh59-br-mt200\/","og_locale":"sv_SE","og_type":"article","og_title":"Levyjarrusarja MT201 taka BL-MT201 1700mm BH59 BR-MT200 - VM Sport","og_description":"Takajarrusarja MT201 on loistava valinta kaikille py\u00f6r\u00e4ilij\u00f6ille, jotka arvostavat luotettavuutta ja huippusuorituskyky\u00e4. Sen hydraulinen jarruj\u00e4rjestelm\u00e4 varmistaa tasaisen jarrutustehon, mik\u00e4 parantaa ajoturvallisuutta huomattavasti. 1700 mm pitk\u00e4 jarruletku noudattaa BH59-standardia, mik\u00e4 mahdollistaa joustavan ja tarkan asennuksen. BR-MT200-jarrusatula on suunniteltu kest\u00e4m\u00e4\u00e4n vaativissakin ajo-olosuhteissa. Shimano-tuotemerkin laadukkaana ja pitk\u00e4ik\u00e4isen\u00e4 tuotteena voit luottaa sen toimintaan kilometri toisensa j\u00e4lkeen. [...]L\u00e4s mer \u2026 from Levyjarrusarja MT201 taka BL-MT201 1700mm BH59 BR-MT200","og_url":"https:\/\/vmsport.fi\/sv\/webbutik\/reservdelar\/bromsar\/skivbromsskivor\/skivbromssats-mt201-bakre-bl-mt201-1700mm-bh59-br-mt200\/","og_site_name":"VM Sport","article_publisher":"https:\/\/www.facebook.com\/Vmsport.fi\/","article_modified_time":"2026-04-23T00:01:00+00:00","og_image":[{"width":600,"height":600,"url":"https:\/\/vmsport.fi\/wp-content\/uploads\/2025\/03\/5FeaeQN6VxiAns7Boqpp3Yt1znmm8GxDg2CTG3XkyE8FRhgfG2-1.jpg","type":"image\/jpeg"}],"twitter_card":"summary_large_image","schema":{"@context":"https:\/\/schema.org","@graph":[{"@type":["WebPage","ItemPage"],"@id":"https:\/\/vmsport.fi\/verkkokauppa\/varaosat\/jarrut\/levyjarrusetit\/levyjarrusarja-mt201-taka-bl-mt201-1700mm-bh59-br-mt200\/","url":"https:\/\/vmsport.fi\/verkkokauppa\/varaosat\/jarrut\/levyjarrusetit\/levyjarrusarja-mt201-taka-bl-mt201-1700mm-bh59-br-mt200\/","name":"Skivbromssats MT201 bak BL-MT201 1700mm BH59 BR-MT200 - VM Sport","isPartOf":{"@id":"https:\/\/vmsport.fi\/#website"},"primaryImageOfPage":{"@id":"https:\/\/vmsport.fi\/verkkokauppa\/varaosat\/jarrut\/levyjarrusetit\/levyjarrusarja-mt201-taka-bl-mt201-1700mm-bh59-br-mt200\/#primaryimage"},"image":{"@id":"https:\/\/vmsport.fi\/verkkokauppa\/varaosat\/jarrut\/levyjarrusetit\/levyjarrusarja-mt201-taka-bl-mt201-1700mm-bh59-br-mt200\/#primaryimage"},"thumbnailUrl":"https:\/\/vmsport.fi\/wp-content\/uploads\/2025\/03\/5FeaeQN6VxiAns7Boqpp3Yt1znmm8GxDg2CTG3XkyE8FRhgfG2-1.jpg","datePublished":"2025-03-05T21:35:43+00:00","dateModified":"2026-04-23T00:01:00+00:00","breadcrumb":{"@id":"https:\/\/vmsport.fi\/verkkokauppa\/varaosat\/jarrut\/levyjarrusetit\/levyjarrusarja-mt201-taka-bl-mt201-1700mm-bh59-br-mt200\/#breadcrumb"},"inLanguage":"sv-SE","potentialAction":[{"@type":"ReadAction","target":["https:\/\/vmsport.fi\/verkkokauppa\/varaosat\/jarrut\/levyjarrusetit\/levyjarrusarja-mt201-taka-bl-mt201-1700mm-bh59-br-mt200\/"]}]},{"@type":"ImageObject","inLanguage":"sv-SE","@id":"https:\/\/vmsport.fi\/verkkokauppa\/varaosat\/jarrut\/levyjarrusetit\/levyjarrusarja-mt201-taka-bl-mt201-1700mm-bh59-br-mt200\/#primaryimage","url":"https:\/\/vmsport.fi\/wp-content\/uploads\/2025\/03\/5FeaeQN6VxiAns7Boqpp3Yt1znmm8GxDg2CTG3XkyE8FRhgfG2-1.jpg","contentUrl":"https:\/\/vmsport.fi\/wp-content\/uploads\/2025\/03\/5FeaeQN6VxiAns7Boqpp3Yt1znmm8GxDg2CTG3XkyE8FRhgfG2-1.jpg","width":600,"height":600,"caption":"5FeaeQN6VxiAns7Boqpp3Yt1znmm8GxDg2CTG3XkyE8FRhgfG2"},{"@type":"BreadcrumbList","@id":"https:\/\/vmsport.fi\/verkkokauppa\/varaosat\/jarrut\/levyjarrusetit\/levyjarrusarja-mt201-taka-bl-mt201-1700mm-bh59-br-mt200\/#breadcrumb","itemListElement":[{"@type":"ListItem","position":1,"name":"Etusivu","item":"https:\/\/vmsport.fi\/"},{"@type":"ListItem","position":2,"name":"Online Store","item":"https:\/\/vmsport.fi\/en\/online-store\/"},{"@type":"ListItem","position":3,"name":"Levyjarrusarja MT201 taka BL-MT201 1700mm BH59 BR-MT200"}]},{"@type":"WebSite","@id":"https:\/\/vmsport.fi\/#website","url":"https:\/\/vmsport.fi\/","name":"Vmsport","description":"Allt p\u00e5 ett st\u00e4lle f\u00f6r cykling","publisher":{"@id":"https:\/\/vmsport.fi\/#organization"},"potentialAction":[{"@type":"SearchAction","target":{"@type":"EntryPoint","urlTemplate":"https:\/\/vmsport.fi\/?s={search_term_string}"},"query-input":{"@type":"PropertyValueSpecification","valueRequired":true,"valueName":"search_term_string"}}],"inLanguage":"sv-SE"},{"@type":"Organization","@id":"https:\/\/vmsport.fi\/#organization","name":"Vmsport","url":"https:\/\/vmsport.fi\/","logo":{"@type":"ImageObject","inLanguage":"sv-SE","@id":"https:\/\/vmsport.fi\/#\/schema\/logo\/image\/","url":"https:\/\/vmsport.fi\/wp-content\/uploads\/2024\/12\/vm_sport_RGB_horisontal-e1734526017575.png","contentUrl":"https:\/\/vmsport.fi\/wp-content\/uploads\/2024\/12\/vm_sport_RGB_horisontal-e1734526017575.png","width":668,"height":85,"caption":"Vmsport"},"image":{"@id":"https:\/\/vmsport.fi\/#\/schema\/logo\/image\/"},"sameAs":["https:\/\/www.facebook.com\/Vmsport.fi\/","https:\/\/www.instagram.com\/vmsport\/"]}]}},"global_unique_id":"","_links":{"self":[{"href":"https:\/\/vmsport.fi\/sv\/wp-json\/wp\/v2\/product\/52954","targetHints":{"allow":["GET"]}}],"collection":[{"href":"https:\/\/vmsport.fi\/sv\/wp-json\/wp\/v2\/product"}],"about":[{"href":"https:\/\/vmsport.fi\/sv\/wp-json\/wp\/v2\/types\/product"}],"replies":[{"embeddable":true,"href":"https:\/\/vmsport.fi\/sv\/wp-json\/wp\/v2\/comments?post=52954"}],"wp:featuredmedia":[{"embeddable":true,"href":"https:\/\/vmsport.fi\/sv\/wp-json\/wp\/v2\/media\/52953"}],"wp:attachment":[{"href":"https:\/\/vmsport.fi\/sv\/wp-json\/wp\/v2\/media?parent=52954"}],"wp:term":[{"taxonomy":"product_brand","embeddable":true,"href":"https:\/\/vmsport.fi\/sv\/wp-json\/wp\/v2\/product_brand?post=52954"},{"taxonomy":"product_model","embeddable":true,"href":"https:\/\/vmsport.fi\/sv\/wp-json\/wp\/v2\/product_model?post=52954"},{"taxonomy":"product_cat","embeddable":true,"href":"https:\/\/vmsport.fi\/sv\/wp-json\/wp\/v2\/product_cat?post=52954"},{"taxonomy":"product_tag","embeddable":true,"href":"https:\/\/vmsport.fi\/sv\/wp-json\/wp\/v2\/product_tag?post=52954"},{"taxonomy":"industry_terminology","embeddable":true,"href":"https:\/\/vmsport.fi\/sv\/wp-json\/wp\/v2\/industry-terminology?post=52954"}],"curies":[{"name":"wp","href":"https:\/\/api.w.org\/{rel}","templated":true}]}}