{"id":52950,"date":"2025-03-05T23:35:41","date_gmt":"2025-03-05T21:35:41","guid":{"rendered":"https:\/\/vmsport.fi\/verkkokauppa\/Ei-luokiteltu\/abus-ring-lock-4750xl-r-black\/"},"modified":"2026-01-16T13:21:00","modified_gmt":"2026-01-16T11:21:00","slug":"abus-ringlas-4750xl-r-svart","status":"publish","type":"product","link":"https:\/\/vmsport.fi\/sv\/verkkokauppa\/tarvikkeet\/lukot\/runkolukot\/abus-ring-lock-4750xl-r-black\/","title":{"rendered":"ABUS Ringl\u00e5s 4750XL R Svart"},"content":{"rendered":"<p>ABUS Ring Lock 4750XL R \u00e4r utformat f\u00f6r att skydda din cykel fr\u00e5n st\u00f6ld och \u00e4r ett viktigt tillbeh\u00f6r f\u00f6r att f\u00f6rb\u00e4ttra cykels\u00e4kerheten. Dess robusta och h\u00e5llbara konstruktion f\u00f6rl\u00e4nger dess livsl\u00e4ngd, vilket g\u00f6r det till ett utm\u00e4rkt val f\u00f6r ett brett utbud av cyklar. Den eleganta och diskreta svarta f\u00e4rgen ger ett merv\u00e4rde till cykelns utseende. Den tillf\u00f6rlitliga l\u00e5smekanismen g\u00f6r att l\u00e5set kombinerar stil och funktionalitet p\u00e5 ett effektivt s\u00e4tt.<\/p>","protected":false},"excerpt":{"rendered":"<p>ABUS Ring Lock 4750XL R on suunniteltu suojaamaan polkupy\u00f6r\u00e4\u00e4si varkauksilta ja on t\u00e4rke\u00e4 lis\u00e4varuste py\u00f6r\u00e4n turvallisuuden parantamiseen. Sen vankka ja kest\u00e4v\u00e4 rakenne pident\u00e4\u00e4 k\u00e4ytt\u00f6ik\u00e4\u00e4, tehden siit\u00e4 erinomaisen valinnan monenlaisiin py\u00f6riin. Tyylik\u00e4s ja huomaamaton musta v\u00e4ri tuo lis\u00e4arvoa py\u00f6r\u00e4n ulkoasuun. Luotettava lukitusmekanismi varmistaa, ett\u00e4 t\u00e4m\u00e4 lukko yhdist\u00e4\u00e4 tehokkaasti tyylin ja toimivuuden. [&#8230;]<\/p>\n<p><a class=\"btn btn-secondary understrap-read-more-link\" href=\"https:\/\/vmsport.fi\/sv\/verkkokauppa\/tarvikkeet\/lukot\/runkolukot\/abus-ring-lock-4750xl-r-black\/\">L\u00e4s mer \u2026<span class=\"screen-reader-text\"> from ABUS Ring Lock 4750XL R Black<\/span><\/a><\/p>\n","protected":false},"featured_media":52949,"comment_status":"open","ping_status":"closed","template":"","meta":{"_acf_changed":false,"_improvement_type_select":"improve_an_existing","_thumb_yes_seoaic":false,"_frame_yes_seoaic":false,"seoaic_generate_description":"","seoaic_improve_instructions_prompt":"","seoaic_rollback_content_improvement":"","seoaic_idea_thumbnail_generator":"","thumbnail_generated":false,"thumbnail_generate_prompt":"","seoaic_article_description":"","_supplier_stock_quantity":0},"product_brand":[],"product_model":[],"product_cat":[9556],"product_tag":[],"industry-terminology":[],"class_list":{"0":"post-52950","1":"product","2":"type-product","3":"status-publish","4":"has-post-thumbnail","6":"product_cat-runkolukot","8":"first","9":"instock","10":"taxable","11":"shipping-taxable","12":"purchasable","13":"product-type-simple"},"acf":{"bike_features":null,"overview":{"copy_overview":null,"key_features":null,"statement":"","youtube_url":""}},"yoast_head":"<!-- This site is optimized with the Yoast SEO plugin v27.3 - https:\/\/yoast.com\/product\/yoast-seo-wordpress\/ -->\n<title>ABUS Ring Lock 4750XL R Black - VM Sport<\/title>\n<meta name=\"robots\" content=\"index, follow, max-snippet:-1, max-image-preview:large, max-video-preview:-1\" \/>\n<link rel=\"canonical\" href=\"https:\/\/vmsport.fi\/sv\/webbutik\/tillbehor\/las\/ramlas\/abus-ringlas-4750xl-r-svart\/\" \/>\n<meta property=\"og:locale\" content=\"sv_SE\" \/>\n<meta property=\"og:type\" content=\"article\" \/>\n<meta property=\"og:title\" content=\"ABUS Ring Lock 4750XL R Black - VM Sport\" \/>\n<meta property=\"og:description\" content=\"ABUS Ring Lock 4750XL R on suunniteltu suojaamaan polkupy\u00f6r\u00e4\u00e4si varkauksilta ja on t\u00e4rke\u00e4 lis\u00e4varuste py\u00f6r\u00e4n turvallisuuden parantamiseen. Sen vankka ja kest\u00e4v\u00e4 rakenne pident\u00e4\u00e4 k\u00e4ytt\u00f6ik\u00e4\u00e4, tehden siit\u00e4 erinomaisen valinnan monenlaisiin py\u00f6riin. Tyylik\u00e4s ja huomaamaton musta v\u00e4ri tuo lis\u00e4arvoa py\u00f6r\u00e4n ulkoasuun. Luotettava lukitusmekanismi varmistaa, ett\u00e4 t\u00e4m\u00e4 lukko yhdist\u00e4\u00e4 tehokkaasti tyylin ja toimivuuden. [...]L\u00e4s mer \u2026 from ABUS Ring Lock 4750XL R Black\" \/>\n<meta property=\"og:url\" content=\"https:\/\/vmsport.fi\/sv\/webbutik\/tillbehor\/las\/ramlas\/abus-ringlas-4750xl-r-svart\/\" \/>\n<meta property=\"og:site_name\" content=\"VM Sport\" \/>\n<meta property=\"article:publisher\" content=\"https:\/\/www.facebook.com\/Vmsport.fi\/\" \/>\n<meta property=\"article:modified_time\" content=\"2026-01-16T11:21:00+00:00\" \/>\n<meta property=\"og:image\" content=\"https:\/\/vmsport.fi\/wp-content\/uploads\/2025\/03\/P7JnxvUohcn0W42n5uMFFEsFIqIopVVaWjKaogTHiskgciDgvY-1.jpg\" \/>\n\t<meta property=\"og:image:width\" content=\"300\" \/>\n\t<meta property=\"og:image:height\" content=\"400\" \/>\n\t<meta property=\"og:image:type\" content=\"image\/jpeg\" \/>\n<meta name=\"twitter:card\" content=\"summary_large_image\" \/>\n<script type=\"application\/ld+json\" class=\"yoast-schema-graph\">{\"@context\":\"https:\\\/\\\/schema.org\",\"@graph\":[{\"@type\":[\"WebPage\",\"ItemPage\"],\"@id\":\"https:\\\/\\\/vmsport.fi\\\/verkkokauppa\\\/tarvikkeet\\\/lukot\\\/runkolukot\\\/abus-ring-lock-4750xl-r-black\\\/\",\"url\":\"https:\\\/\\\/vmsport.fi\\\/verkkokauppa\\\/tarvikkeet\\\/lukot\\\/runkolukot\\\/abus-ring-lock-4750xl-r-black\\\/\",\"name\":\"ABUS Ring Lock 4750XL R Black - VM Sport\",\"isPartOf\":{\"@id\":\"https:\\\/\\\/vmsport.fi\\\/#website\"},\"primaryImageOfPage\":{\"@id\":\"https:\\\/\\\/vmsport.fi\\\/verkkokauppa\\\/tarvikkeet\\\/lukot\\\/runkolukot\\\/abus-ring-lock-4750xl-r-black\\\/#primaryimage\"},\"image\":{\"@id\":\"https:\\\/\\\/vmsport.fi\\\/verkkokauppa\\\/tarvikkeet\\\/lukot\\\/runkolukot\\\/abus-ring-lock-4750xl-r-black\\\/#primaryimage\"},\"thumbnailUrl\":\"https:\\\/\\\/vmsport.fi\\\/wp-content\\\/uploads\\\/2025\\\/03\\\/P7JnxvUohcn0W42n5uMFFEsFIqIopVVaWjKaogTHiskgciDgvY-1.jpg\",\"datePublished\":\"2025-03-05T21:35:41+00:00\",\"dateModified\":\"2026-01-16T11:21:00+00:00\",\"breadcrumb\":{\"@id\":\"https:\\\/\\\/vmsport.fi\\\/verkkokauppa\\\/tarvikkeet\\\/lukot\\\/runkolukot\\\/abus-ring-lock-4750xl-r-black\\\/#breadcrumb\"},\"inLanguage\":\"sv-SE\",\"potentialAction\":[{\"@type\":\"ReadAction\",\"target\":[\"https:\\\/\\\/vmsport.fi\\\/verkkokauppa\\\/tarvikkeet\\\/lukot\\\/runkolukot\\\/abus-ring-lock-4750xl-r-black\\\/\"]}]},{\"@type\":\"ImageObject\",\"inLanguage\":\"sv-SE\",\"@id\":\"https:\\\/\\\/vmsport.fi\\\/verkkokauppa\\\/tarvikkeet\\\/lukot\\\/runkolukot\\\/abus-ring-lock-4750xl-r-black\\\/#primaryimage\",\"url\":\"https:\\\/\\\/vmsport.fi\\\/wp-content\\\/uploads\\\/2025\\\/03\\\/P7JnxvUohcn0W42n5uMFFEsFIqIopVVaWjKaogTHiskgciDgvY-1.jpg\",\"contentUrl\":\"https:\\\/\\\/vmsport.fi\\\/wp-content\\\/uploads\\\/2025\\\/03\\\/P7JnxvUohcn0W42n5uMFFEsFIqIopVVaWjKaogTHiskgciDgvY-1.jpg\",\"width\":300,\"height\":400,\"caption\":\"P7JnxvUohcn0W42n5uMFFEsFIqIopVVaWjKaogTHiskgciDgvY\"},{\"@type\":\"BreadcrumbList\",\"@id\":\"https:\\\/\\\/vmsport.fi\\\/verkkokauppa\\\/tarvikkeet\\\/lukot\\\/runkolukot\\\/abus-ring-lock-4750xl-r-black\\\/#breadcrumb\",\"itemListElement\":[{\"@type\":\"ListItem\",\"position\":1,\"name\":\"Etusivu\",\"item\":\"https:\\\/\\\/vmsport.fi\\\/\"},{\"@type\":\"ListItem\",\"position\":2,\"name\":\"Online Store\",\"item\":\"https:\\\/\\\/vmsport.fi\\\/en\\\/online-store\\\/\"},{\"@type\":\"ListItem\",\"position\":3,\"name\":\"ABUS Ring Lock 4750XL R Black\"}]},{\"@type\":\"WebSite\",\"@id\":\"https:\\\/\\\/vmsport.fi\\\/#website\",\"url\":\"https:\\\/\\\/vmsport.fi\\\/\",\"name\":\"Vmsport\",\"description\":\"Kaikki py\u00f6r\u00e4ilyyn yhdest\u00e4 paikasta\",\"publisher\":{\"@id\":\"https:\\\/\\\/vmsport.fi\\\/#organization\"},\"potentialAction\":[{\"@type\":\"SearchAction\",\"target\":{\"@type\":\"EntryPoint\",\"urlTemplate\":\"https:\\\/\\\/vmsport.fi\\\/?s={search_term_string}\"},\"query-input\":{\"@type\":\"PropertyValueSpecification\",\"valueRequired\":true,\"valueName\":\"search_term_string\"}}],\"inLanguage\":\"sv-SE\"},{\"@type\":\"Organization\",\"@id\":\"https:\\\/\\\/vmsport.fi\\\/#organization\",\"name\":\"Vmsport\",\"url\":\"https:\\\/\\\/vmsport.fi\\\/\",\"logo\":{\"@type\":\"ImageObject\",\"inLanguage\":\"sv-SE\",\"@id\":\"https:\\\/\\\/vmsport.fi\\\/#\\\/schema\\\/logo\\\/image\\\/\",\"url\":\"https:\\\/\\\/vmsport.fi\\\/wp-content\\\/uploads\\\/2024\\\/12\\\/vm_sport_RGB_horisontal-e1734526017575.png\",\"contentUrl\":\"https:\\\/\\\/vmsport.fi\\\/wp-content\\\/uploads\\\/2024\\\/12\\\/vm_sport_RGB_horisontal-e1734526017575.png\",\"width\":668,\"height\":85,\"caption\":\"Vmsport\"},\"image\":{\"@id\":\"https:\\\/\\\/vmsport.fi\\\/#\\\/schema\\\/logo\\\/image\\\/\"},\"sameAs\":[\"https:\\\/\\\/www.facebook.com\\\/Vmsport.fi\\\/\",\"https:\\\/\\\/www.instagram.com\\\/vmsport\\\/\"]}]}<\/script>\n<!-- \/ Yoast SEO plugin. -->","yoast_head_json":{"title":"ABUS Ringl\u00e5s 4750XL R Svart - VM Sport","robots":{"index":"index","follow":"follow","max-snippet":"max-snippet:-1","max-image-preview":"max-image-preview:large","max-video-preview":"max-video-preview:-1"},"canonical":"https:\/\/vmsport.fi\/sv\/webbutik\/tillbehor\/las\/ramlas\/abus-ringlas-4750xl-r-svart\/","og_locale":"sv_SE","og_type":"article","og_title":"ABUS Ring Lock 4750XL R Black - VM Sport","og_description":"ABUS Ring Lock 4750XL R on suunniteltu suojaamaan polkupy\u00f6r\u00e4\u00e4si varkauksilta ja on t\u00e4rke\u00e4 lis\u00e4varuste py\u00f6r\u00e4n turvallisuuden parantamiseen. Sen vankka ja kest\u00e4v\u00e4 rakenne pident\u00e4\u00e4 k\u00e4ytt\u00f6ik\u00e4\u00e4, tehden siit\u00e4 erinomaisen valinnan monenlaisiin py\u00f6riin. Tyylik\u00e4s ja huomaamaton musta v\u00e4ri tuo lis\u00e4arvoa py\u00f6r\u00e4n ulkoasuun. Luotettava lukitusmekanismi varmistaa, ett\u00e4 t\u00e4m\u00e4 lukko yhdist\u00e4\u00e4 tehokkaasti tyylin ja toimivuuden. [...]L\u00e4s mer \u2026 from ABUS Ring Lock 4750XL R Black","og_url":"https:\/\/vmsport.fi\/sv\/webbutik\/tillbehor\/las\/ramlas\/abus-ringlas-4750xl-r-svart\/","og_site_name":"VM Sport","article_publisher":"https:\/\/www.facebook.com\/Vmsport.fi\/","article_modified_time":"2026-01-16T11:21:00+00:00","og_image":[{"width":300,"height":400,"url":"https:\/\/vmsport.fi\/wp-content\/uploads\/2025\/03\/P7JnxvUohcn0W42n5uMFFEsFIqIopVVaWjKaogTHiskgciDgvY-1.jpg","type":"image\/jpeg"}],"twitter_card":"summary_large_image","schema":{"@context":"https:\/\/schema.org","@graph":[{"@type":["WebPage","ItemPage"],"@id":"https:\/\/vmsport.fi\/verkkokauppa\/tarvikkeet\/lukot\/runkolukot\/abus-ring-lock-4750xl-r-black\/","url":"https:\/\/vmsport.fi\/verkkokauppa\/tarvikkeet\/lukot\/runkolukot\/abus-ring-lock-4750xl-r-black\/","name":"ABUS Ringl\u00e5s 4750XL R Svart - VM Sport","isPartOf":{"@id":"https:\/\/vmsport.fi\/#website"},"primaryImageOfPage":{"@id":"https:\/\/vmsport.fi\/verkkokauppa\/tarvikkeet\/lukot\/runkolukot\/abus-ring-lock-4750xl-r-black\/#primaryimage"},"image":{"@id":"https:\/\/vmsport.fi\/verkkokauppa\/tarvikkeet\/lukot\/runkolukot\/abus-ring-lock-4750xl-r-black\/#primaryimage"},"thumbnailUrl":"https:\/\/vmsport.fi\/wp-content\/uploads\/2025\/03\/P7JnxvUohcn0W42n5uMFFEsFIqIopVVaWjKaogTHiskgciDgvY-1.jpg","datePublished":"2025-03-05T21:35:41+00:00","dateModified":"2026-01-16T11:21:00+00:00","breadcrumb":{"@id":"https:\/\/vmsport.fi\/verkkokauppa\/tarvikkeet\/lukot\/runkolukot\/abus-ring-lock-4750xl-r-black\/#breadcrumb"},"inLanguage":"sv-SE","potentialAction":[{"@type":"ReadAction","target":["https:\/\/vmsport.fi\/verkkokauppa\/tarvikkeet\/lukot\/runkolukot\/abus-ring-lock-4750xl-r-black\/"]}]},{"@type":"ImageObject","inLanguage":"sv-SE","@id":"https:\/\/vmsport.fi\/verkkokauppa\/tarvikkeet\/lukot\/runkolukot\/abus-ring-lock-4750xl-r-black\/#primaryimage","url":"https:\/\/vmsport.fi\/wp-content\/uploads\/2025\/03\/P7JnxvUohcn0W42n5uMFFEsFIqIopVVaWjKaogTHiskgciDgvY-1.jpg","contentUrl":"https:\/\/vmsport.fi\/wp-content\/uploads\/2025\/03\/P7JnxvUohcn0W42n5uMFFEsFIqIopVVaWjKaogTHiskgciDgvY-1.jpg","width":300,"height":400,"caption":"P7JnxvUohcn0W42n5uMFFEsFIqIopVVaWjKaogTHiskgciDgvY"},{"@type":"BreadcrumbList","@id":"https:\/\/vmsport.fi\/verkkokauppa\/tarvikkeet\/lukot\/runkolukot\/abus-ring-lock-4750xl-r-black\/#breadcrumb","itemListElement":[{"@type":"ListItem","position":1,"name":"Etusivu","item":"https:\/\/vmsport.fi\/"},{"@type":"ListItem","position":2,"name":"Online Store","item":"https:\/\/vmsport.fi\/en\/online-store\/"},{"@type":"ListItem","position":3,"name":"ABUS Ring Lock 4750XL R Black"}]},{"@type":"WebSite","@id":"https:\/\/vmsport.fi\/#website","url":"https:\/\/vmsport.fi\/","name":"Vmsport","description":"Allt p\u00e5 ett st\u00e4lle f\u00f6r cykling","publisher":{"@id":"https:\/\/vmsport.fi\/#organization"},"potentialAction":[{"@type":"SearchAction","target":{"@type":"EntryPoint","urlTemplate":"https:\/\/vmsport.fi\/?s={search_term_string}"},"query-input":{"@type":"PropertyValueSpecification","valueRequired":true,"valueName":"search_term_string"}}],"inLanguage":"sv-SE"},{"@type":"Organization","@id":"https:\/\/vmsport.fi\/#organization","name":"Vmsport","url":"https:\/\/vmsport.fi\/","logo":{"@type":"ImageObject","inLanguage":"sv-SE","@id":"https:\/\/vmsport.fi\/#\/schema\/logo\/image\/","url":"https:\/\/vmsport.fi\/wp-content\/uploads\/2024\/12\/vm_sport_RGB_horisontal-e1734526017575.png","contentUrl":"https:\/\/vmsport.fi\/wp-content\/uploads\/2024\/12\/vm_sport_RGB_horisontal-e1734526017575.png","width":668,"height":85,"caption":"Vmsport"},"image":{"@id":"https:\/\/vmsport.fi\/#\/schema\/logo\/image\/"},"sameAs":["https:\/\/www.facebook.com\/Vmsport.fi\/","https:\/\/www.instagram.com\/vmsport\/"]}]}},"global_unique_id":"","_links":{"self":[{"href":"https:\/\/vmsport.fi\/sv\/wp-json\/wp\/v2\/product\/52950","targetHints":{"allow":["GET"]}}],"collection":[{"href":"https:\/\/vmsport.fi\/sv\/wp-json\/wp\/v2\/product"}],"about":[{"href":"https:\/\/vmsport.fi\/sv\/wp-json\/wp\/v2\/types\/product"}],"replies":[{"embeddable":true,"href":"https:\/\/vmsport.fi\/sv\/wp-json\/wp\/v2\/comments?post=52950"}],"wp:featuredmedia":[{"embeddable":true,"href":"https:\/\/vmsport.fi\/sv\/wp-json\/wp\/v2\/media\/52949"}],"wp:attachment":[{"href":"https:\/\/vmsport.fi\/sv\/wp-json\/wp\/v2\/media?parent=52950"}],"wp:term":[{"taxonomy":"product_brand","embeddable":true,"href":"https:\/\/vmsport.fi\/sv\/wp-json\/wp\/v2\/product_brand?post=52950"},{"taxonomy":"product_model","embeddable":true,"href":"https:\/\/vmsport.fi\/sv\/wp-json\/wp\/v2\/product_model?post=52950"},{"taxonomy":"product_cat","embeddable":true,"href":"https:\/\/vmsport.fi\/sv\/wp-json\/wp\/v2\/product_cat?post=52950"},{"taxonomy":"product_tag","embeddable":true,"href":"https:\/\/vmsport.fi\/sv\/wp-json\/wp\/v2\/product_tag?post=52950"},{"taxonomy":"industry_terminology","embeddable":true,"href":"https:\/\/vmsport.fi\/sv\/wp-json\/wp\/v2\/industry-terminology?post=52950"}],"curies":[{"name":"wp","href":"https:\/\/api.w.org\/{rel}","templated":true}]}}