{"id":52933,"date":"2025-03-05T23:35:35","date_gmt":"2025-03-05T21:35:35","guid":{"rendered":"https:\/\/vmsport.fi\/verkkokauppa\/Ei-luokiteltu\/poc-vpd-air-tee\/"},"modified":"2026-01-16T13:28:00","modified_gmt":"2026-01-16T11:28:00","slug":"poc-vpd-luft-tee","status":"publish","type":"product","link":"https:\/\/vmsport.fi\/sv\/verkkokauppa\/ajovarusteet\/suojavarusteet\/selkasuojukset-ja-suojaliivit\/poc-vpd-air-tee\/","title":{"rendered":"POC VPD Air+ T-shirt"},"content":{"rendered":"<p>POC VPD Air+ Tee \u00e4r en skyddstr\u00f6ja f\u00f6r idrottare som ger utm\u00e4rkt st\u00f6tskydd och komfort. VPD Air-tekniken m\u00f6jligg\u00f6r en l\u00e4tt och minimalistisk design utan att kompromissa med skyddets effektivitet. Den andningsbara konstruktionen f\u00f6rb\u00e4ttrar ventilationen f\u00f6r att h\u00e5lla b\u00e4raren sval och bekv\u00e4m, medan den flexibla designen anpassar sig till kroppsr\u00f6relser. Det slitstarka materialet garanterar l\u00e5ngvarig anv\u00e4ndning, vilket g\u00f6r tr\u00f6jan l\u00e4mplig f\u00f6r intensiv tr\u00e4ning. Den h\u00e4r l\u00e4tta, svarta kort\u00e4rmade skjortan \u00e4r idealisk f\u00f6r aktiva utomhusaktiviteter som cykling och mountainbike och ger extra skydd f\u00f6r kr\u00e4vande sporter.<\/p>","protected":false},"excerpt":{"rendered":"<p>POC VPD Air+ Tee on urheilijoille tarkoitettu suojapaita, joka tarjoaa erinomaisen iskusuojan ja mukavuuden. VPD Air -teknologia mahdollistaa kevyen ja minimalistisen muotoilun vaarantamatta suojauksen tehoa. Hengitt\u00e4v\u00e4 rakenne parantaa ilmanvaihtoa pit\u00e4en k\u00e4ytt\u00e4j\u00e4n viile\u00e4n\u00e4 ja mukavana, ja joustava muotoilu mukautuu kehon liikkeisiin. Kest\u00e4v\u00e4 materiaali varmistaa pitk\u00e4kestoisen k\u00e4yt\u00f6n, joten paita sopii intensiiviseen harrastamiseen. T\u00e4m\u00e4 kevyt, musta lyhythihainen paita [&#8230;]<\/p>\n<p><a class=\"btn btn-secondary understrap-read-more-link\" href=\"https:\/\/vmsport.fi\/sv\/verkkokauppa\/ajovarusteet\/suojavarusteet\/selkasuojukset-ja-suojaliivit\/poc-vpd-air-tee\/\">L\u00e4s mer \u2026<span class=\"screen-reader-text\"> from POC VPD Air+ Tee<\/span><\/a><\/p>\n","protected":false},"featured_media":52931,"comment_status":"open","ping_status":"closed","template":"","meta":{"_acf_changed":false,"_improvement_type_select":"improve_an_existing","_thumb_yes_seoaic":false,"_frame_yes_seoaic":false,"seoaic_generate_description":"","seoaic_improve_instructions_prompt":"","seoaic_rollback_content_improvement":"","seoaic_idea_thumbnail_generator":"","thumbnail_generated":false,"thumbnail_generate_prompt":"","seoaic_article_description":"","_supplier_stock_quantity":0},"product_brand":[],"product_model":[],"product_cat":[9510],"product_tag":[],"industry-terminology":[],"class_list":{"0":"post-52933","1":"product","2":"type-product","3":"status-publish","4":"has-post-thumbnail","6":"product_cat-selkasuojukset-ja-suojaliivit","8":"first","9":"instock","10":"sale","11":"taxable","12":"shipping-taxable","13":"purchasable","14":"product-type-variable"},"acf":{"bike_features":null,"overview":{"copy_overview":null,"key_features":null,"statement":"","youtube_url":""}},"yoast_head":"<!-- This site is optimized with the Yoast SEO plugin v27.3 - https:\/\/yoast.com\/product\/yoast-seo-wordpress\/ -->\n<title>POC VPD Air+ Tee - VM Sport<\/title>\n<meta name=\"robots\" content=\"index, follow, max-snippet:-1, max-image-preview:large, max-video-preview:-1\" \/>\n<link rel=\"canonical\" href=\"https:\/\/vmsport.fi\/sv\/webbutik\/korutrustning\/skyddsutrustning\/ryggskydd-och-skyddsvastar\/poc-vpd-luft-tee\/\" \/>\n<meta property=\"og:locale\" content=\"sv_SE\" \/>\n<meta property=\"og:type\" content=\"article\" \/>\n<meta property=\"og:title\" content=\"POC VPD Air+ Tee - VM Sport\" \/>\n<meta property=\"og:description\" content=\"POC VPD Air+ Tee on urheilijoille tarkoitettu suojapaita, joka tarjoaa erinomaisen iskusuojan ja mukavuuden. VPD Air -teknologia mahdollistaa kevyen ja minimalistisen muotoilun vaarantamatta suojauksen tehoa. Hengitt\u00e4v\u00e4 rakenne parantaa ilmanvaihtoa pit\u00e4en k\u00e4ytt\u00e4j\u00e4n viile\u00e4n\u00e4 ja mukavana, ja joustava muotoilu mukautuu kehon liikkeisiin. Kest\u00e4v\u00e4 materiaali varmistaa pitk\u00e4kestoisen k\u00e4yt\u00f6n, joten paita sopii intensiiviseen harrastamiseen. T\u00e4m\u00e4 kevyt, musta lyhythihainen paita [...]L\u00e4s mer \u2026 from POC VPD Air+ Tee\" \/>\n<meta property=\"og:url\" content=\"https:\/\/vmsport.fi\/sv\/webbutik\/korutrustning\/skyddsutrustning\/ryggskydd-och-skyddsvastar\/poc-vpd-luft-tee\/\" \/>\n<meta property=\"og:site_name\" content=\"VM Sport\" \/>\n<meta property=\"article:publisher\" content=\"https:\/\/www.facebook.com\/Vmsport.fi\/\" \/>\n<meta property=\"article:modified_time\" content=\"2026-01-16T11:28:00+00:00\" \/>\n<meta property=\"og:image\" content=\"https:\/\/vmsport.fi\/wp-content\/uploads\/2025\/03\/IMG-0022-6-1.png\" \/>\n\t<meta property=\"og:image:width\" content=\"1000\" \/>\n\t<meta property=\"og:image:height\" content=\"1000\" \/>\n\t<meta property=\"og:image:type\" content=\"image\/png\" \/>\n<meta name=\"twitter:card\" content=\"summary_large_image\" \/>\n<script type=\"application\/ld+json\" class=\"yoast-schema-graph\">{\"@context\":\"https:\\\/\\\/schema.org\",\"@graph\":[{\"@type\":[\"WebPage\",\"ItemPage\"],\"@id\":\"https:\\\/\\\/vmsport.fi\\\/verkkokauppa\\\/ajovarusteet\\\/suojavarusteet\\\/selkasuojukset-ja-suojaliivit\\\/poc-vpd-air-tee\\\/\",\"url\":\"https:\\\/\\\/vmsport.fi\\\/verkkokauppa\\\/ajovarusteet\\\/suojavarusteet\\\/selkasuojukset-ja-suojaliivit\\\/poc-vpd-air-tee\\\/\",\"name\":\"POC VPD Air+ Tee - VM Sport\",\"isPartOf\":{\"@id\":\"https:\\\/\\\/vmsport.fi\\\/#website\"},\"primaryImageOfPage\":{\"@id\":\"https:\\\/\\\/vmsport.fi\\\/verkkokauppa\\\/ajovarusteet\\\/suojavarusteet\\\/selkasuojukset-ja-suojaliivit\\\/poc-vpd-air-tee\\\/#primaryimage\"},\"image\":{\"@id\":\"https:\\\/\\\/vmsport.fi\\\/verkkokauppa\\\/ajovarusteet\\\/suojavarusteet\\\/selkasuojukset-ja-suojaliivit\\\/poc-vpd-air-tee\\\/#primaryimage\"},\"thumbnailUrl\":\"https:\\\/\\\/vmsport.fi\\\/wp-content\\\/uploads\\\/2025\\\/03\\\/IMG-0022-6-1.png\",\"datePublished\":\"2025-03-05T21:35:35+00:00\",\"dateModified\":\"2026-01-16T11:28:00+00:00\",\"breadcrumb\":{\"@id\":\"https:\\\/\\\/vmsport.fi\\\/verkkokauppa\\\/ajovarusteet\\\/suojavarusteet\\\/selkasuojukset-ja-suojaliivit\\\/poc-vpd-air-tee\\\/#breadcrumb\"},\"inLanguage\":\"sv-SE\",\"potentialAction\":[{\"@type\":\"ReadAction\",\"target\":[\"https:\\\/\\\/vmsport.fi\\\/verkkokauppa\\\/ajovarusteet\\\/suojavarusteet\\\/selkasuojukset-ja-suojaliivit\\\/poc-vpd-air-tee\\\/\"]}]},{\"@type\":\"ImageObject\",\"inLanguage\":\"sv-SE\",\"@id\":\"https:\\\/\\\/vmsport.fi\\\/verkkokauppa\\\/ajovarusteet\\\/suojavarusteet\\\/selkasuojukset-ja-suojaliivit\\\/poc-vpd-air-tee\\\/#primaryimage\",\"url\":\"https:\\\/\\\/vmsport.fi\\\/wp-content\\\/uploads\\\/2025\\\/03\\\/IMG-0022-6-1.png\",\"contentUrl\":\"https:\\\/\\\/vmsport.fi\\\/wp-content\\\/uploads\\\/2025\\\/03\\\/IMG-0022-6-1.png\",\"width\":1000,\"height\":1000,\"caption\":\"IMG-0022-6\"},{\"@type\":\"BreadcrumbList\",\"@id\":\"https:\\\/\\\/vmsport.fi\\\/verkkokauppa\\\/ajovarusteet\\\/suojavarusteet\\\/selkasuojukset-ja-suojaliivit\\\/poc-vpd-air-tee\\\/#breadcrumb\",\"itemListElement\":[{\"@type\":\"ListItem\",\"position\":1,\"name\":\"Etusivu\",\"item\":\"https:\\\/\\\/vmsport.fi\\\/\"},{\"@type\":\"ListItem\",\"position\":2,\"name\":\"Online Store\",\"item\":\"https:\\\/\\\/vmsport.fi\\\/en\\\/online-store\\\/\"},{\"@type\":\"ListItem\",\"position\":3,\"name\":\"POC VPD Air+ Tee\"}]},{\"@type\":\"WebSite\",\"@id\":\"https:\\\/\\\/vmsport.fi\\\/#website\",\"url\":\"https:\\\/\\\/vmsport.fi\\\/\",\"name\":\"Vmsport\",\"description\":\"Kaikki py\u00f6r\u00e4ilyyn yhdest\u00e4 paikasta\",\"publisher\":{\"@id\":\"https:\\\/\\\/vmsport.fi\\\/#organization\"},\"potentialAction\":[{\"@type\":\"SearchAction\",\"target\":{\"@type\":\"EntryPoint\",\"urlTemplate\":\"https:\\\/\\\/vmsport.fi\\\/?s={search_term_string}\"},\"query-input\":{\"@type\":\"PropertyValueSpecification\",\"valueRequired\":true,\"valueName\":\"search_term_string\"}}],\"inLanguage\":\"sv-SE\"},{\"@type\":\"Organization\",\"@id\":\"https:\\\/\\\/vmsport.fi\\\/#organization\",\"name\":\"Vmsport\",\"url\":\"https:\\\/\\\/vmsport.fi\\\/\",\"logo\":{\"@type\":\"ImageObject\",\"inLanguage\":\"sv-SE\",\"@id\":\"https:\\\/\\\/vmsport.fi\\\/#\\\/schema\\\/logo\\\/image\\\/\",\"url\":\"https:\\\/\\\/vmsport.fi\\\/wp-content\\\/uploads\\\/2024\\\/12\\\/vm_sport_RGB_horisontal-e1734526017575.png\",\"contentUrl\":\"https:\\\/\\\/vmsport.fi\\\/wp-content\\\/uploads\\\/2024\\\/12\\\/vm_sport_RGB_horisontal-e1734526017575.png\",\"width\":668,\"height\":85,\"caption\":\"Vmsport\"},\"image\":{\"@id\":\"https:\\\/\\\/vmsport.fi\\\/#\\\/schema\\\/logo\\\/image\\\/\"},\"sameAs\":[\"https:\\\/\\\/www.facebook.com\\\/Vmsport.fi\\\/\",\"https:\\\/\\\/www.instagram.com\\\/vmsport\\\/\"]}]}<\/script>\n<!-- \/ Yoast SEO plugin. -->","yoast_head_json":{"title":"POC VPD Air+ Tee - VM Sport","robots":{"index":"index","follow":"follow","max-snippet":"max-snippet:-1","max-image-preview":"max-image-preview:large","max-video-preview":"max-video-preview:-1"},"canonical":"https:\/\/vmsport.fi\/sv\/webbutik\/korutrustning\/skyddsutrustning\/ryggskydd-och-skyddsvastar\/poc-vpd-luft-tee\/","og_locale":"sv_SE","og_type":"article","og_title":"POC VPD Air+ Tee - VM Sport","og_description":"POC VPD Air+ Tee on urheilijoille tarkoitettu suojapaita, joka tarjoaa erinomaisen iskusuojan ja mukavuuden. VPD Air -teknologia mahdollistaa kevyen ja minimalistisen muotoilun vaarantamatta suojauksen tehoa. Hengitt\u00e4v\u00e4 rakenne parantaa ilmanvaihtoa pit\u00e4en k\u00e4ytt\u00e4j\u00e4n viile\u00e4n\u00e4 ja mukavana, ja joustava muotoilu mukautuu kehon liikkeisiin. Kest\u00e4v\u00e4 materiaali varmistaa pitk\u00e4kestoisen k\u00e4yt\u00f6n, joten paita sopii intensiiviseen harrastamiseen. T\u00e4m\u00e4 kevyt, musta lyhythihainen paita [...]L\u00e4s mer \u2026 from POC VPD Air+ Tee","og_url":"https:\/\/vmsport.fi\/sv\/webbutik\/korutrustning\/skyddsutrustning\/ryggskydd-och-skyddsvastar\/poc-vpd-luft-tee\/","og_site_name":"VM Sport","article_publisher":"https:\/\/www.facebook.com\/Vmsport.fi\/","article_modified_time":"2026-01-16T11:28:00+00:00","og_image":[{"width":1000,"height":1000,"url":"https:\/\/vmsport.fi\/wp-content\/uploads\/2025\/03\/IMG-0022-6-1.png","type":"image\/png"}],"twitter_card":"summary_large_image","schema":{"@context":"https:\/\/schema.org","@graph":[{"@type":["WebPage","ItemPage"],"@id":"https:\/\/vmsport.fi\/verkkokauppa\/ajovarusteet\/suojavarusteet\/selkasuojukset-ja-suojaliivit\/poc-vpd-air-tee\/","url":"https:\/\/vmsport.fi\/verkkokauppa\/ajovarusteet\/suojavarusteet\/selkasuojukset-ja-suojaliivit\/poc-vpd-air-tee\/","name":"POC VPD Air+ Tee - VM Sport","isPartOf":{"@id":"https:\/\/vmsport.fi\/#website"},"primaryImageOfPage":{"@id":"https:\/\/vmsport.fi\/verkkokauppa\/ajovarusteet\/suojavarusteet\/selkasuojukset-ja-suojaliivit\/poc-vpd-air-tee\/#primaryimage"},"image":{"@id":"https:\/\/vmsport.fi\/verkkokauppa\/ajovarusteet\/suojavarusteet\/selkasuojukset-ja-suojaliivit\/poc-vpd-air-tee\/#primaryimage"},"thumbnailUrl":"https:\/\/vmsport.fi\/wp-content\/uploads\/2025\/03\/IMG-0022-6-1.png","datePublished":"2025-03-05T21:35:35+00:00","dateModified":"2026-01-16T11:28:00+00:00","breadcrumb":{"@id":"https:\/\/vmsport.fi\/verkkokauppa\/ajovarusteet\/suojavarusteet\/selkasuojukset-ja-suojaliivit\/poc-vpd-air-tee\/#breadcrumb"},"inLanguage":"sv-SE","potentialAction":[{"@type":"ReadAction","target":["https:\/\/vmsport.fi\/verkkokauppa\/ajovarusteet\/suojavarusteet\/selkasuojukset-ja-suojaliivit\/poc-vpd-air-tee\/"]}]},{"@type":"ImageObject","inLanguage":"sv-SE","@id":"https:\/\/vmsport.fi\/verkkokauppa\/ajovarusteet\/suojavarusteet\/selkasuojukset-ja-suojaliivit\/poc-vpd-air-tee\/#primaryimage","url":"https:\/\/vmsport.fi\/wp-content\/uploads\/2025\/03\/IMG-0022-6-1.png","contentUrl":"https:\/\/vmsport.fi\/wp-content\/uploads\/2025\/03\/IMG-0022-6-1.png","width":1000,"height":1000,"caption":"IMG-0022-6"},{"@type":"BreadcrumbList","@id":"https:\/\/vmsport.fi\/verkkokauppa\/ajovarusteet\/suojavarusteet\/selkasuojukset-ja-suojaliivit\/poc-vpd-air-tee\/#breadcrumb","itemListElement":[{"@type":"ListItem","position":1,"name":"Etusivu","item":"https:\/\/vmsport.fi\/"},{"@type":"ListItem","position":2,"name":"Online Store","item":"https:\/\/vmsport.fi\/en\/online-store\/"},{"@type":"ListItem","position":3,"name":"POC VPD Air+ Tee"}]},{"@type":"WebSite","@id":"https:\/\/vmsport.fi\/#website","url":"https:\/\/vmsport.fi\/","name":"Vmsport","description":"Allt p\u00e5 ett st\u00e4lle f\u00f6r cykling","publisher":{"@id":"https:\/\/vmsport.fi\/#organization"},"potentialAction":[{"@type":"SearchAction","target":{"@type":"EntryPoint","urlTemplate":"https:\/\/vmsport.fi\/?s={search_term_string}"},"query-input":{"@type":"PropertyValueSpecification","valueRequired":true,"valueName":"search_term_string"}}],"inLanguage":"sv-SE"},{"@type":"Organization","@id":"https:\/\/vmsport.fi\/#organization","name":"Vmsport","url":"https:\/\/vmsport.fi\/","logo":{"@type":"ImageObject","inLanguage":"sv-SE","@id":"https:\/\/vmsport.fi\/#\/schema\/logo\/image\/","url":"https:\/\/vmsport.fi\/wp-content\/uploads\/2024\/12\/vm_sport_RGB_horisontal-e1734526017575.png","contentUrl":"https:\/\/vmsport.fi\/wp-content\/uploads\/2024\/12\/vm_sport_RGB_horisontal-e1734526017575.png","width":668,"height":85,"caption":"Vmsport"},"image":{"@id":"https:\/\/vmsport.fi\/#\/schema\/logo\/image\/"},"sameAs":["https:\/\/www.facebook.com\/Vmsport.fi\/","https:\/\/www.instagram.com\/vmsport\/"]}]}},"global_unique_id":"","_links":{"self":[{"href":"https:\/\/vmsport.fi\/sv\/wp-json\/wp\/v2\/product\/52933","targetHints":{"allow":["GET"]}}],"collection":[{"href":"https:\/\/vmsport.fi\/sv\/wp-json\/wp\/v2\/product"}],"about":[{"href":"https:\/\/vmsport.fi\/sv\/wp-json\/wp\/v2\/types\/product"}],"replies":[{"embeddable":true,"href":"https:\/\/vmsport.fi\/sv\/wp-json\/wp\/v2\/comments?post=52933"}],"wp:featuredmedia":[{"embeddable":true,"href":"https:\/\/vmsport.fi\/sv\/wp-json\/wp\/v2\/media\/52931"}],"wp:attachment":[{"href":"https:\/\/vmsport.fi\/sv\/wp-json\/wp\/v2\/media?parent=52933"}],"wp:term":[{"taxonomy":"product_brand","embeddable":true,"href":"https:\/\/vmsport.fi\/sv\/wp-json\/wp\/v2\/product_brand?post=52933"},{"taxonomy":"product_model","embeddable":true,"href":"https:\/\/vmsport.fi\/sv\/wp-json\/wp\/v2\/product_model?post=52933"},{"taxonomy":"product_cat","embeddable":true,"href":"https:\/\/vmsport.fi\/sv\/wp-json\/wp\/v2\/product_cat?post=52933"},{"taxonomy":"product_tag","embeddable":true,"href":"https:\/\/vmsport.fi\/sv\/wp-json\/wp\/v2\/product_tag?post=52933"},{"taxonomy":"industry_terminology","embeddable":true,"href":"https:\/\/vmsport.fi\/sv\/wp-json\/wp\/v2\/industry-terminology?post=52933"}],"curies":[{"name":"wp","href":"https:\/\/api.w.org\/{rel}","templated":true}]}}