{"id":52930,"date":"2025-03-05T23:35:31","date_gmt":"2025-03-05T21:35:31","guid":{"rendered":"https:\/\/vmsport.fi\/verkkokauppa\/Ei-luokiteltu\/loffler-naisten-pyorailyhousut\/"},"modified":"2026-01-16T13:26:49","modified_gmt":"2026-01-16T11:26:49","slug":"loffler-pyorailbyxor-for-kvinnor","status":"publish","type":"product","link":"https:\/\/vmsport.fi\/sv\/verkkokauppa\/ajovarusteet\/vaatteet\/shortsit\/loffler-naisten-pyorailyhousut\/","title":{"rendered":"L\u00f6ffler Cykelbyxor f\u00f6r damer"},"content":{"rendered":"<p>L\u00f6fflers cykelbyxor f\u00f6r damer \u00e4r designade f\u00f6r kvinnor som uppskattar komfort och praktiska egenskaper n\u00e4r de cyklar. Det andningsbara och stretchiga tyget st\u00f6der r\u00f6relse och hj\u00e4lper dig att prestera b\u00e4ttre p\u00e5 l\u00e5nga resor. De finns i olika modeller, med eller utan remmar, s\u00e5 att du kan hitta r\u00e4tt alternativ f\u00f6r dig. Den vadderade s\u00e4tesdelen \u00f6kar komforten och g\u00f6r det roligare att cykla. Med de h\u00e4r shortsen kan du njuta av b\u00e4sta m\u00f6jliga cykelupplevelse.<\/p>","protected":false},"excerpt":{"rendered":"<p>L\u00f6fflerin naisten py\u00f6r\u00e4ilyhousut on suunniteltu naisille, jotka arvostavat mukavuutta ja k\u00e4yt\u00e4nn\u00f6llisyytt\u00e4 py\u00f6r\u00e4ilyn aikana. Hengitt\u00e4v\u00e4 ja joustava kangas tukee liikkumista ja auttaa suoriutumaan paremmin pitkill\u00e4 matkoilla. Housut ovat saatavilla eri malleina, joko olkaimilla tai ilman, jotta l\u00f6yd\u00e4t juuri sinulle sopivan vaihtoehdon. Pehmustettu istuinosa lis\u00e4\u00e4 k\u00e4ytt\u00f6mukavuutta ja tekee ajamisesta miellytt\u00e4v\u00e4\u00e4. N\u00e4ill\u00e4 shortseilla voit nauttia parhaasta mahdollisesta py\u00f6r\u00e4ilykokemuksesta. [&#8230;]<\/p>\n<p><a class=\"btn btn-secondary understrap-read-more-link\" href=\"https:\/\/vmsport.fi\/sv\/verkkokauppa\/ajovarusteet\/vaatteet\/shortsit\/loffler-naisten-pyorailyhousut\/\">L\u00e4s mer \u2026<span class=\"screen-reader-text\"> from L\u00f6ffler Naisten Py\u00f6r\u00e4ilyhousut<\/span><\/a><\/p>\n","protected":false},"featured_media":52929,"comment_status":"open","ping_status":"closed","template":"","meta":{"_acf_changed":false,"_improvement_type_select":"improve_an_existing","_thumb_yes_seoaic":false,"_frame_yes_seoaic":false,"seoaic_generate_description":"","seoaic_improve_instructions_prompt":"","seoaic_rollback_content_improvement":"","seoaic_idea_thumbnail_generator":"","thumbnail_generated":false,"thumbnail_generate_prompt":"","seoaic_article_description":"","_supplier_stock_quantity":0},"product_brand":[],"product_model":[],"product_cat":[9462],"product_tag":[],"industry-terminology":[],"class_list":{"0":"post-52930","1":"product","2":"type-product","3":"status-publish","4":"has-post-thumbnail","6":"product_cat-shortsit","8":"first","9":"instock","10":"taxable","11":"shipping-taxable","12":"purchasable","13":"product-type-variable"},"acf":{"bike_features":null,"overview":{"copy_overview":null,"key_features":null,"statement":"","youtube_url":""}},"yoast_head":"<!-- This site is optimized with the Yoast SEO plugin v27.3 - https:\/\/yoast.com\/product\/yoast-seo-wordpress\/ -->\n<title>L\u00f6ffler Naisten Py\u00f6r\u00e4ilyhousut - VM Sport<\/title>\n<meta name=\"robots\" content=\"index, follow, max-snippet:-1, max-image-preview:large, max-video-preview:-1\" \/>\n<link rel=\"canonical\" href=\"https:\/\/vmsport.fi\/sv\/webbutik\/korutrustning\/klader\/shorts\/loffler-pyorailbyxor-for-kvinnor\/\" \/>\n<meta property=\"og:locale\" content=\"sv_SE\" \/>\n<meta property=\"og:type\" content=\"article\" \/>\n<meta property=\"og:title\" content=\"L\u00f6ffler Naisten Py\u00f6r\u00e4ilyhousut - VM Sport\" \/>\n<meta property=\"og:description\" content=\"L\u00f6fflerin naisten py\u00f6r\u00e4ilyhousut on suunniteltu naisille, jotka arvostavat mukavuutta ja k\u00e4yt\u00e4nn\u00f6llisyytt\u00e4 py\u00f6r\u00e4ilyn aikana. Hengitt\u00e4v\u00e4 ja joustava kangas tukee liikkumista ja auttaa suoriutumaan paremmin pitkill\u00e4 matkoilla. Housut ovat saatavilla eri malleina, joko olkaimilla tai ilman, jotta l\u00f6yd\u00e4t juuri sinulle sopivan vaihtoehdon. Pehmustettu istuinosa lis\u00e4\u00e4 k\u00e4ytt\u00f6mukavuutta ja tekee ajamisesta miellytt\u00e4v\u00e4\u00e4. N\u00e4ill\u00e4 shortseilla voit nauttia parhaasta mahdollisesta py\u00f6r\u00e4ilykokemuksesta. [...]L\u00e4s mer \u2026 from L\u00f6ffler Naisten Py\u00f6r\u00e4ilyhousut\" \/>\n<meta property=\"og:url\" content=\"https:\/\/vmsport.fi\/sv\/webbutik\/korutrustning\/klader\/shorts\/loffler-pyorailbyxor-for-kvinnor\/\" \/>\n<meta property=\"og:site_name\" content=\"VM Sport\" \/>\n<meta property=\"article:publisher\" content=\"https:\/\/www.facebook.com\/Vmsport.fi\/\" \/>\n<meta property=\"article:modified_time\" content=\"2026-01-16T11:26:49+00:00\" \/>\n<meta property=\"og:image\" content=\"https:\/\/vmsport.fi\/wp-content\/uploads\/2025\/03\/14582-1.png\" \/>\n\t<meta property=\"og:image:width\" content=\"600\" \/>\n\t<meta property=\"og:image:height\" content=\"600\" \/>\n\t<meta property=\"og:image:type\" content=\"image\/png\" \/>\n<meta name=\"twitter:card\" content=\"summary_large_image\" \/>\n<script type=\"application\/ld+json\" class=\"yoast-schema-graph\">{\"@context\":\"https:\\\/\\\/schema.org\",\"@graph\":[{\"@type\":[\"WebPage\",\"ItemPage\"],\"@id\":\"https:\\\/\\\/vmsport.fi\\\/verkkokauppa\\\/ajovarusteet\\\/vaatteet\\\/shortsit\\\/loffler-naisten-pyorailyhousut\\\/\",\"url\":\"https:\\\/\\\/vmsport.fi\\\/verkkokauppa\\\/ajovarusteet\\\/vaatteet\\\/shortsit\\\/loffler-naisten-pyorailyhousut\\\/\",\"name\":\"L\u00f6ffler Naisten Py\u00f6r\u00e4ilyhousut - VM Sport\",\"isPartOf\":{\"@id\":\"https:\\\/\\\/vmsport.fi\\\/#website\"},\"primaryImageOfPage\":{\"@id\":\"https:\\\/\\\/vmsport.fi\\\/verkkokauppa\\\/ajovarusteet\\\/vaatteet\\\/shortsit\\\/loffler-naisten-pyorailyhousut\\\/#primaryimage\"},\"image\":{\"@id\":\"https:\\\/\\\/vmsport.fi\\\/verkkokauppa\\\/ajovarusteet\\\/vaatteet\\\/shortsit\\\/loffler-naisten-pyorailyhousut\\\/#primaryimage\"},\"thumbnailUrl\":\"https:\\\/\\\/vmsport.fi\\\/wp-content\\\/uploads\\\/2025\\\/03\\\/14582-1.png\",\"datePublished\":\"2025-03-05T21:35:31+00:00\",\"dateModified\":\"2026-01-16T11:26:49+00:00\",\"breadcrumb\":{\"@id\":\"https:\\\/\\\/vmsport.fi\\\/verkkokauppa\\\/ajovarusteet\\\/vaatteet\\\/shortsit\\\/loffler-naisten-pyorailyhousut\\\/#breadcrumb\"},\"inLanguage\":\"sv-SE\",\"potentialAction\":[{\"@type\":\"ReadAction\",\"target\":[\"https:\\\/\\\/vmsport.fi\\\/verkkokauppa\\\/ajovarusteet\\\/vaatteet\\\/shortsit\\\/loffler-naisten-pyorailyhousut\\\/\"]}]},{\"@type\":\"ImageObject\",\"inLanguage\":\"sv-SE\",\"@id\":\"https:\\\/\\\/vmsport.fi\\\/verkkokauppa\\\/ajovarusteet\\\/vaatteet\\\/shortsit\\\/loffler-naisten-pyorailyhousut\\\/#primaryimage\",\"url\":\"https:\\\/\\\/vmsport.fi\\\/wp-content\\\/uploads\\\/2025\\\/03\\\/14582-1.png\",\"contentUrl\":\"https:\\\/\\\/vmsport.fi\\\/wp-content\\\/uploads\\\/2025\\\/03\\\/14582-1.png\",\"width\":600,\"height\":600,\"caption\":\"14582\"},{\"@type\":\"BreadcrumbList\",\"@id\":\"https:\\\/\\\/vmsport.fi\\\/verkkokauppa\\\/ajovarusteet\\\/vaatteet\\\/shortsit\\\/loffler-naisten-pyorailyhousut\\\/#breadcrumb\",\"itemListElement\":[{\"@type\":\"ListItem\",\"position\":1,\"name\":\"Etusivu\",\"item\":\"https:\\\/\\\/vmsport.fi\\\/\"},{\"@type\":\"ListItem\",\"position\":2,\"name\":\"Online Store\",\"item\":\"https:\\\/\\\/vmsport.fi\\\/en\\\/online-store\\\/\"},{\"@type\":\"ListItem\",\"position\":3,\"name\":\"L\u00f6ffler Naisten Py\u00f6r\u00e4ilyhousut\"}]},{\"@type\":\"WebSite\",\"@id\":\"https:\\\/\\\/vmsport.fi\\\/#website\",\"url\":\"https:\\\/\\\/vmsport.fi\\\/\",\"name\":\"Vmsport\",\"description\":\"Kaikki py\u00f6r\u00e4ilyyn yhdest\u00e4 paikasta\",\"publisher\":{\"@id\":\"https:\\\/\\\/vmsport.fi\\\/#organization\"},\"potentialAction\":[{\"@type\":\"SearchAction\",\"target\":{\"@type\":\"EntryPoint\",\"urlTemplate\":\"https:\\\/\\\/vmsport.fi\\\/?s={search_term_string}\"},\"query-input\":{\"@type\":\"PropertyValueSpecification\",\"valueRequired\":true,\"valueName\":\"search_term_string\"}}],\"inLanguage\":\"sv-SE\"},{\"@type\":\"Organization\",\"@id\":\"https:\\\/\\\/vmsport.fi\\\/#organization\",\"name\":\"Vmsport\",\"url\":\"https:\\\/\\\/vmsport.fi\\\/\",\"logo\":{\"@type\":\"ImageObject\",\"inLanguage\":\"sv-SE\",\"@id\":\"https:\\\/\\\/vmsport.fi\\\/#\\\/schema\\\/logo\\\/image\\\/\",\"url\":\"https:\\\/\\\/vmsport.fi\\\/wp-content\\\/uploads\\\/2024\\\/12\\\/vm_sport_RGB_horisontal-e1734526017575.png\",\"contentUrl\":\"https:\\\/\\\/vmsport.fi\\\/wp-content\\\/uploads\\\/2024\\\/12\\\/vm_sport_RGB_horisontal-e1734526017575.png\",\"width\":668,\"height\":85,\"caption\":\"Vmsport\"},\"image\":{\"@id\":\"https:\\\/\\\/vmsport.fi\\\/#\\\/schema\\\/logo\\\/image\\\/\"},\"sameAs\":[\"https:\\\/\\\/www.facebook.com\\\/Vmsport.fi\\\/\",\"https:\\\/\\\/www.instagram.com\\\/vmsport\\\/\"]}]}<\/script>\n<!-- \/ Yoast SEO plugin. -->","yoast_head_json":{"title":"L\u00f6ffler Cykelbyxor f\u00f6r damer - VM Sport","robots":{"index":"index","follow":"follow","max-snippet":"max-snippet:-1","max-image-preview":"max-image-preview:large","max-video-preview":"max-video-preview:-1"},"canonical":"https:\/\/vmsport.fi\/sv\/webbutik\/korutrustning\/klader\/shorts\/loffler-pyorailbyxor-for-kvinnor\/","og_locale":"sv_SE","og_type":"article","og_title":"L\u00f6ffler Naisten Py\u00f6r\u00e4ilyhousut - VM Sport","og_description":"L\u00f6fflerin naisten py\u00f6r\u00e4ilyhousut on suunniteltu naisille, jotka arvostavat mukavuutta ja k\u00e4yt\u00e4nn\u00f6llisyytt\u00e4 py\u00f6r\u00e4ilyn aikana. Hengitt\u00e4v\u00e4 ja joustava kangas tukee liikkumista ja auttaa suoriutumaan paremmin pitkill\u00e4 matkoilla. Housut ovat saatavilla eri malleina, joko olkaimilla tai ilman, jotta l\u00f6yd\u00e4t juuri sinulle sopivan vaihtoehdon. Pehmustettu istuinosa lis\u00e4\u00e4 k\u00e4ytt\u00f6mukavuutta ja tekee ajamisesta miellytt\u00e4v\u00e4\u00e4. N\u00e4ill\u00e4 shortseilla voit nauttia parhaasta mahdollisesta py\u00f6r\u00e4ilykokemuksesta. [...]L\u00e4s mer \u2026 from L\u00f6ffler Naisten Py\u00f6r\u00e4ilyhousut","og_url":"https:\/\/vmsport.fi\/sv\/webbutik\/korutrustning\/klader\/shorts\/loffler-pyorailbyxor-for-kvinnor\/","og_site_name":"VM Sport","article_publisher":"https:\/\/www.facebook.com\/Vmsport.fi\/","article_modified_time":"2026-01-16T11:26:49+00:00","og_image":[{"width":600,"height":600,"url":"https:\/\/vmsport.fi\/wp-content\/uploads\/2025\/03\/14582-1.png","type":"image\/png"}],"twitter_card":"summary_large_image","schema":{"@context":"https:\/\/schema.org","@graph":[{"@type":["WebPage","ItemPage"],"@id":"https:\/\/vmsport.fi\/verkkokauppa\/ajovarusteet\/vaatteet\/shortsit\/loffler-naisten-pyorailyhousut\/","url":"https:\/\/vmsport.fi\/verkkokauppa\/ajovarusteet\/vaatteet\/shortsit\/loffler-naisten-pyorailyhousut\/","name":"L\u00f6ffler Cykelbyxor f\u00f6r damer - VM Sport","isPartOf":{"@id":"https:\/\/vmsport.fi\/#website"},"primaryImageOfPage":{"@id":"https:\/\/vmsport.fi\/verkkokauppa\/ajovarusteet\/vaatteet\/shortsit\/loffler-naisten-pyorailyhousut\/#primaryimage"},"image":{"@id":"https:\/\/vmsport.fi\/verkkokauppa\/ajovarusteet\/vaatteet\/shortsit\/loffler-naisten-pyorailyhousut\/#primaryimage"},"thumbnailUrl":"https:\/\/vmsport.fi\/wp-content\/uploads\/2025\/03\/14582-1.png","datePublished":"2025-03-05T21:35:31+00:00","dateModified":"2026-01-16T11:26:49+00:00","breadcrumb":{"@id":"https:\/\/vmsport.fi\/verkkokauppa\/ajovarusteet\/vaatteet\/shortsit\/loffler-naisten-pyorailyhousut\/#breadcrumb"},"inLanguage":"sv-SE","potentialAction":[{"@type":"ReadAction","target":["https:\/\/vmsport.fi\/verkkokauppa\/ajovarusteet\/vaatteet\/shortsit\/loffler-naisten-pyorailyhousut\/"]}]},{"@type":"ImageObject","inLanguage":"sv-SE","@id":"https:\/\/vmsport.fi\/verkkokauppa\/ajovarusteet\/vaatteet\/shortsit\/loffler-naisten-pyorailyhousut\/#primaryimage","url":"https:\/\/vmsport.fi\/wp-content\/uploads\/2025\/03\/14582-1.png","contentUrl":"https:\/\/vmsport.fi\/wp-content\/uploads\/2025\/03\/14582-1.png","width":600,"height":600,"caption":"14582"},{"@type":"BreadcrumbList","@id":"https:\/\/vmsport.fi\/verkkokauppa\/ajovarusteet\/vaatteet\/shortsit\/loffler-naisten-pyorailyhousut\/#breadcrumb","itemListElement":[{"@type":"ListItem","position":1,"name":"Etusivu","item":"https:\/\/vmsport.fi\/"},{"@type":"ListItem","position":2,"name":"Online Store","item":"https:\/\/vmsport.fi\/en\/online-store\/"},{"@type":"ListItem","position":3,"name":"L\u00f6ffler Naisten Py\u00f6r\u00e4ilyhousut"}]},{"@type":"WebSite","@id":"https:\/\/vmsport.fi\/#website","url":"https:\/\/vmsport.fi\/","name":"Vmsport","description":"Allt p\u00e5 ett st\u00e4lle f\u00f6r cykling","publisher":{"@id":"https:\/\/vmsport.fi\/#organization"},"potentialAction":[{"@type":"SearchAction","target":{"@type":"EntryPoint","urlTemplate":"https:\/\/vmsport.fi\/?s={search_term_string}"},"query-input":{"@type":"PropertyValueSpecification","valueRequired":true,"valueName":"search_term_string"}}],"inLanguage":"sv-SE"},{"@type":"Organization","@id":"https:\/\/vmsport.fi\/#organization","name":"Vmsport","url":"https:\/\/vmsport.fi\/","logo":{"@type":"ImageObject","inLanguage":"sv-SE","@id":"https:\/\/vmsport.fi\/#\/schema\/logo\/image\/","url":"https:\/\/vmsport.fi\/wp-content\/uploads\/2024\/12\/vm_sport_RGB_horisontal-e1734526017575.png","contentUrl":"https:\/\/vmsport.fi\/wp-content\/uploads\/2024\/12\/vm_sport_RGB_horisontal-e1734526017575.png","width":668,"height":85,"caption":"Vmsport"},"image":{"@id":"https:\/\/vmsport.fi\/#\/schema\/logo\/image\/"},"sameAs":["https:\/\/www.facebook.com\/Vmsport.fi\/","https:\/\/www.instagram.com\/vmsport\/"]}]}},"global_unique_id":"","_links":{"self":[{"href":"https:\/\/vmsport.fi\/sv\/wp-json\/wp\/v2\/product\/52930","targetHints":{"allow":["GET"]}}],"collection":[{"href":"https:\/\/vmsport.fi\/sv\/wp-json\/wp\/v2\/product"}],"about":[{"href":"https:\/\/vmsport.fi\/sv\/wp-json\/wp\/v2\/types\/product"}],"replies":[{"embeddable":true,"href":"https:\/\/vmsport.fi\/sv\/wp-json\/wp\/v2\/comments?post=52930"}],"wp:featuredmedia":[{"embeddable":true,"href":"https:\/\/vmsport.fi\/sv\/wp-json\/wp\/v2\/media\/52929"}],"wp:attachment":[{"href":"https:\/\/vmsport.fi\/sv\/wp-json\/wp\/v2\/media?parent=52930"}],"wp:term":[{"taxonomy":"product_brand","embeddable":true,"href":"https:\/\/vmsport.fi\/sv\/wp-json\/wp\/v2\/product_brand?post=52930"},{"taxonomy":"product_model","embeddable":true,"href":"https:\/\/vmsport.fi\/sv\/wp-json\/wp\/v2\/product_model?post=52930"},{"taxonomy":"product_cat","embeddable":true,"href":"https:\/\/vmsport.fi\/sv\/wp-json\/wp\/v2\/product_cat?post=52930"},{"taxonomy":"product_tag","embeddable":true,"href":"https:\/\/vmsport.fi\/sv\/wp-json\/wp\/v2\/product_tag?post=52930"},{"taxonomy":"industry_terminology","embeddable":true,"href":"https:\/\/vmsport.fi\/sv\/wp-json\/wp\/v2\/industry-terminology?post=52930"}],"curies":[{"name":"wp","href":"https:\/\/api.w.org\/{rel}","templated":true}]}}