{"id":52923,"date":"2025-03-05T23:35:27","date_gmt":"2025-03-05T21:35:27","guid":{"rendered":"https:\/\/vmsport.fi\/verkkokauppa\/Ei-luokiteltu\/etuvaihtaja-slx-m676-10v-direct-mount-tupla\/"},"modified":"2026-01-16T13:21:58","modified_gmt":"2026-01-16T11:21:58","slug":"framre-vaxelspak-slx-m676-10v-direktmonterad-dubbel","status":"publish","type":"product","link":"https:\/\/vmsport.fi\/sv\/verkkokauppa\/varaosat\/vaihteistot\/etuvaihtajat\/etuvaihtaja-slx-m676-10v-direct-mount-tupla\/","title":{"rendered":"Framv\u00e4xel SLX M676 10v direktmonterad, dubbel"},"content":{"rendered":"<p>Shimano SLX M676-v\u00e4xeln \u00e4r utformad f\u00f6r att vara kompatibel med ett 10-v\u00e4xlat system och erbjuder utm\u00e4rkt prestanda och h\u00e5llbarhet. Den direkta monteringen p\u00e5 ramen g\u00f6r installationen enklare och mer stabil. Denna framv\u00e4xel \u00e4r perfekt anpassad f\u00f6r anv\u00e4ndning med dubbelhjul och ger mjuka och exakta v\u00e4xlingar. Dess innovativa design f\u00f6rb\u00e4ttrar prestandan och g\u00f6r den till ett utm\u00e4rkt val f\u00f6r b\u00e5de entusiaster och kr\u00e4vande cyklister. H\u00e5llbar konstruktion och avancerad teknik s\u00e4kerst\u00e4ller s\u00f6ml\u00f6s drift, s\u00e5 att du kan fokusera p\u00e5 gl\u00e4djen och sp\u00e4nningen i att cykla.<\/p>","protected":false},"excerpt":{"rendered":"<p>Shimano SLX M676 -etuvaihtaja on suunniteltu yhteensopivaksi 10-vaihteisen j\u00e4rjestelm\u00e4n kanssa, tarjoten erinomaista suorituskyky\u00e4 ja kest\u00e4vyytt\u00e4. Sen kiinnitys suoraan runkoon tekee asennuksesta helpompaa ja vakaampaa. T\u00e4m\u00e4 etuvaihtaja on t\u00e4ydellisesti sovitettu k\u00e4ytett\u00e4v\u00e4ksi kaksoisrattailla ja takaa sujuvan ja tarkan vaihteenvaihdon. Sen innovatiivinen muotoilu parantaa suorituskyky\u00e4, mik\u00e4 tekee siit\u00e4 loistavan valinnan niin harrastajille kuin vaativille ajajillekin. Kest\u00e4v\u00e4 rakenne ja [&#8230;]<\/p>\n<p><a class=\"btn btn-secondary understrap-read-more-link\" href=\"https:\/\/vmsport.fi\/sv\/verkkokauppa\/varaosat\/vaihteistot\/etuvaihtajat\/etuvaihtaja-slx-m676-10v-direct-mount-tupla\/\">L\u00e4s mer \u2026<span class=\"screen-reader-text\"> from Etuvaihtaja SLX M676 10v direct mount, tupla<\/span><\/a><\/p>\n","protected":false},"featured_media":52921,"comment_status":"open","ping_status":"closed","template":"","meta":{"_acf_changed":false,"_improvement_type_select":"improve_an_existing","_thumb_yes_seoaic":false,"_frame_yes_seoaic":false,"seoaic_generate_description":"","seoaic_improve_instructions_prompt":"","seoaic_rollback_content_improvement":"","seoaic_idea_thumbnail_generator":"","thumbnail_generated":false,"thumbnail_generate_prompt":"","seoaic_article_description":"","_supplier_stock_quantity":0},"product_brand":[],"product_model":[],"product_cat":[9438],"product_tag":[],"industry-terminology":[],"class_list":{"0":"post-52923","1":"product","2":"type-product","3":"status-publish","4":"has-post-thumbnail","6":"product_cat-etuvaihtajat","8":"first","9":"instock","10":"taxable","11":"shipping-taxable","12":"purchasable","13":"product-type-simple"},"acf":{"bike_features":null,"overview":{"copy_overview":null,"key_features":null,"statement":"","youtube_url":""}},"yoast_head":"<!-- This site is optimized with the Yoast SEO plugin v27.3 - https:\/\/yoast.com\/product\/yoast-seo-wordpress\/ -->\n<title>Etuvaihtaja SLX M676 10v direct mount, tupla - VM Sport<\/title>\n<meta name=\"robots\" content=\"index, follow, max-snippet:-1, max-image-preview:large, max-video-preview:-1\" \/>\n<link rel=\"canonical\" href=\"https:\/\/vmsport.fi\/sv\/webbutik\/reservdelar\/vaxellador\/foregangare\/framre-vaxelspak-slx-m676-10v-direktmonterad-dubbel\/\" \/>\n<meta property=\"og:locale\" content=\"sv_SE\" \/>\n<meta property=\"og:type\" content=\"article\" \/>\n<meta property=\"og:title\" content=\"Etuvaihtaja SLX M676 10v direct mount, tupla - VM Sport\" \/>\n<meta property=\"og:description\" content=\"Shimano SLX M676 -etuvaihtaja on suunniteltu yhteensopivaksi 10-vaihteisen j\u00e4rjestelm\u00e4n kanssa, tarjoten erinomaista suorituskyky\u00e4 ja kest\u00e4vyytt\u00e4. Sen kiinnitys suoraan runkoon tekee asennuksesta helpompaa ja vakaampaa. T\u00e4m\u00e4 etuvaihtaja on t\u00e4ydellisesti sovitettu k\u00e4ytett\u00e4v\u00e4ksi kaksoisrattailla ja takaa sujuvan ja tarkan vaihteenvaihdon. Sen innovatiivinen muotoilu parantaa suorituskyky\u00e4, mik\u00e4 tekee siit\u00e4 loistavan valinnan niin harrastajille kuin vaativille ajajillekin. Kest\u00e4v\u00e4 rakenne ja [...]L\u00e4s mer \u2026 from Etuvaihtaja SLX M676 10v direct mount, tupla\" \/>\n<meta property=\"og:url\" content=\"https:\/\/vmsport.fi\/sv\/webbutik\/reservdelar\/vaxellador\/foregangare\/framre-vaxelspak-slx-m676-10v-direktmonterad-dubbel\/\" \/>\n<meta property=\"og:site_name\" content=\"VM Sport\" \/>\n<meta property=\"article:publisher\" content=\"https:\/\/www.facebook.com\/Vmsport.fi\/\" \/>\n<meta property=\"article:modified_time\" content=\"2026-01-16T11:21:58+00:00\" \/>\n<meta property=\"og:image\" content=\"https:\/\/vmsport.fi\/wp-content\/uploads\/2025\/03\/f7ef0546-bea3-448a-bb36-b6eea27ac571-1.jpg\" \/>\n\t<meta property=\"og:image:width\" content=\"600\" \/>\n\t<meta property=\"og:image:height\" content=\"600\" \/>\n\t<meta property=\"og:image:type\" content=\"image\/jpeg\" \/>\n<meta name=\"twitter:card\" content=\"summary_large_image\" \/>\n<script type=\"application\/ld+json\" class=\"yoast-schema-graph\">{\"@context\":\"https:\\\/\\\/schema.org\",\"@graph\":[{\"@type\":[\"WebPage\",\"ItemPage\"],\"@id\":\"https:\\\/\\\/vmsport.fi\\\/verkkokauppa\\\/varaosat\\\/vaihteistot\\\/etuvaihtajat\\\/etuvaihtaja-slx-m676-10v-direct-mount-tupla\\\/\",\"url\":\"https:\\\/\\\/vmsport.fi\\\/verkkokauppa\\\/varaosat\\\/vaihteistot\\\/etuvaihtajat\\\/etuvaihtaja-slx-m676-10v-direct-mount-tupla\\\/\",\"name\":\"Etuvaihtaja SLX M676 10v direct mount, tupla - VM Sport\",\"isPartOf\":{\"@id\":\"https:\\\/\\\/vmsport.fi\\\/#website\"},\"primaryImageOfPage\":{\"@id\":\"https:\\\/\\\/vmsport.fi\\\/verkkokauppa\\\/varaosat\\\/vaihteistot\\\/etuvaihtajat\\\/etuvaihtaja-slx-m676-10v-direct-mount-tupla\\\/#primaryimage\"},\"image\":{\"@id\":\"https:\\\/\\\/vmsport.fi\\\/verkkokauppa\\\/varaosat\\\/vaihteistot\\\/etuvaihtajat\\\/etuvaihtaja-slx-m676-10v-direct-mount-tupla\\\/#primaryimage\"},\"thumbnailUrl\":\"https:\\\/\\\/vmsport.fi\\\/wp-content\\\/uploads\\\/2025\\\/03\\\/f7ef0546-bea3-448a-bb36-b6eea27ac571-1.jpg\",\"datePublished\":\"2025-03-05T21:35:27+00:00\",\"dateModified\":\"2026-01-16T11:21:58+00:00\",\"breadcrumb\":{\"@id\":\"https:\\\/\\\/vmsport.fi\\\/verkkokauppa\\\/varaosat\\\/vaihteistot\\\/etuvaihtajat\\\/etuvaihtaja-slx-m676-10v-direct-mount-tupla\\\/#breadcrumb\"},\"inLanguage\":\"sv-SE\",\"potentialAction\":[{\"@type\":\"ReadAction\",\"target\":[\"https:\\\/\\\/vmsport.fi\\\/verkkokauppa\\\/varaosat\\\/vaihteistot\\\/etuvaihtajat\\\/etuvaihtaja-slx-m676-10v-direct-mount-tupla\\\/\"]}]},{\"@type\":\"ImageObject\",\"inLanguage\":\"sv-SE\",\"@id\":\"https:\\\/\\\/vmsport.fi\\\/verkkokauppa\\\/varaosat\\\/vaihteistot\\\/etuvaihtajat\\\/etuvaihtaja-slx-m676-10v-direct-mount-tupla\\\/#primaryimage\",\"url\":\"https:\\\/\\\/vmsport.fi\\\/wp-content\\\/uploads\\\/2025\\\/03\\\/f7ef0546-bea3-448a-bb36-b6eea27ac571-1.jpg\",\"contentUrl\":\"https:\\\/\\\/vmsport.fi\\\/wp-content\\\/uploads\\\/2025\\\/03\\\/f7ef0546-bea3-448a-bb36-b6eea27ac571-1.jpg\",\"width\":600,\"height\":600,\"caption\":\"f7ef0546-bea3-448a-bb36-b6eea27ac571\"},{\"@type\":\"BreadcrumbList\",\"@id\":\"https:\\\/\\\/vmsport.fi\\\/verkkokauppa\\\/varaosat\\\/vaihteistot\\\/etuvaihtajat\\\/etuvaihtaja-slx-m676-10v-direct-mount-tupla\\\/#breadcrumb\",\"itemListElement\":[{\"@type\":\"ListItem\",\"position\":1,\"name\":\"Etusivu\",\"item\":\"https:\\\/\\\/vmsport.fi\\\/\"},{\"@type\":\"ListItem\",\"position\":2,\"name\":\"Online Store\",\"item\":\"https:\\\/\\\/vmsport.fi\\\/en\\\/online-store\\\/\"},{\"@type\":\"ListItem\",\"position\":3,\"name\":\"Etuvaihtaja SLX M676 10v direct mount, tupla\"}]},{\"@type\":\"WebSite\",\"@id\":\"https:\\\/\\\/vmsport.fi\\\/#website\",\"url\":\"https:\\\/\\\/vmsport.fi\\\/\",\"name\":\"Vmsport\",\"description\":\"Kaikki py\u00f6r\u00e4ilyyn yhdest\u00e4 paikasta\",\"publisher\":{\"@id\":\"https:\\\/\\\/vmsport.fi\\\/#organization\"},\"potentialAction\":[{\"@type\":\"SearchAction\",\"target\":{\"@type\":\"EntryPoint\",\"urlTemplate\":\"https:\\\/\\\/vmsport.fi\\\/?s={search_term_string}\"},\"query-input\":{\"@type\":\"PropertyValueSpecification\",\"valueRequired\":true,\"valueName\":\"search_term_string\"}}],\"inLanguage\":\"sv-SE\"},{\"@type\":\"Organization\",\"@id\":\"https:\\\/\\\/vmsport.fi\\\/#organization\",\"name\":\"Vmsport\",\"url\":\"https:\\\/\\\/vmsport.fi\\\/\",\"logo\":{\"@type\":\"ImageObject\",\"inLanguage\":\"sv-SE\",\"@id\":\"https:\\\/\\\/vmsport.fi\\\/#\\\/schema\\\/logo\\\/image\\\/\",\"url\":\"https:\\\/\\\/vmsport.fi\\\/wp-content\\\/uploads\\\/2024\\\/12\\\/vm_sport_RGB_horisontal-e1734526017575.png\",\"contentUrl\":\"https:\\\/\\\/vmsport.fi\\\/wp-content\\\/uploads\\\/2024\\\/12\\\/vm_sport_RGB_horisontal-e1734526017575.png\",\"width\":668,\"height\":85,\"caption\":\"Vmsport\"},\"image\":{\"@id\":\"https:\\\/\\\/vmsport.fi\\\/#\\\/schema\\\/logo\\\/image\\\/\"},\"sameAs\":[\"https:\\\/\\\/www.facebook.com\\\/Vmsport.fi\\\/\",\"https:\\\/\\\/www.instagram.com\\\/vmsport\\\/\"]}]}<\/script>\n<!-- \/ Yoast SEO plugin. -->","yoast_head_json":{"title":"Framv\u00e4xel SLX M676 10v direktmonterad, dubbel - VM Sport","robots":{"index":"index","follow":"follow","max-snippet":"max-snippet:-1","max-image-preview":"max-image-preview:large","max-video-preview":"max-video-preview:-1"},"canonical":"https:\/\/vmsport.fi\/sv\/webbutik\/reservdelar\/vaxellador\/foregangare\/framre-vaxelspak-slx-m676-10v-direktmonterad-dubbel\/","og_locale":"sv_SE","og_type":"article","og_title":"Etuvaihtaja SLX M676 10v direct mount, tupla - VM Sport","og_description":"Shimano SLX M676 -etuvaihtaja on suunniteltu yhteensopivaksi 10-vaihteisen j\u00e4rjestelm\u00e4n kanssa, tarjoten erinomaista suorituskyky\u00e4 ja kest\u00e4vyytt\u00e4. Sen kiinnitys suoraan runkoon tekee asennuksesta helpompaa ja vakaampaa. T\u00e4m\u00e4 etuvaihtaja on t\u00e4ydellisesti sovitettu k\u00e4ytett\u00e4v\u00e4ksi kaksoisrattailla ja takaa sujuvan ja tarkan vaihteenvaihdon. Sen innovatiivinen muotoilu parantaa suorituskyky\u00e4, mik\u00e4 tekee siit\u00e4 loistavan valinnan niin harrastajille kuin vaativille ajajillekin. Kest\u00e4v\u00e4 rakenne ja [...]L\u00e4s mer \u2026 from Etuvaihtaja SLX M676 10v direct mount, tupla","og_url":"https:\/\/vmsport.fi\/sv\/webbutik\/reservdelar\/vaxellador\/foregangare\/framre-vaxelspak-slx-m676-10v-direktmonterad-dubbel\/","og_site_name":"VM Sport","article_publisher":"https:\/\/www.facebook.com\/Vmsport.fi\/","article_modified_time":"2026-01-16T11:21:58+00:00","og_image":[{"width":600,"height":600,"url":"https:\/\/vmsport.fi\/wp-content\/uploads\/2025\/03\/f7ef0546-bea3-448a-bb36-b6eea27ac571-1.jpg","type":"image\/jpeg"}],"twitter_card":"summary_large_image","schema":{"@context":"https:\/\/schema.org","@graph":[{"@type":["WebPage","ItemPage"],"@id":"https:\/\/vmsport.fi\/verkkokauppa\/varaosat\/vaihteistot\/etuvaihtajat\/etuvaihtaja-slx-m676-10v-direct-mount-tupla\/","url":"https:\/\/vmsport.fi\/verkkokauppa\/varaosat\/vaihteistot\/etuvaihtajat\/etuvaihtaja-slx-m676-10v-direct-mount-tupla\/","name":"Framv\u00e4xel SLX M676 10v direktmonterad, dubbel - VM Sport","isPartOf":{"@id":"https:\/\/vmsport.fi\/#website"},"primaryImageOfPage":{"@id":"https:\/\/vmsport.fi\/verkkokauppa\/varaosat\/vaihteistot\/etuvaihtajat\/etuvaihtaja-slx-m676-10v-direct-mount-tupla\/#primaryimage"},"image":{"@id":"https:\/\/vmsport.fi\/verkkokauppa\/varaosat\/vaihteistot\/etuvaihtajat\/etuvaihtaja-slx-m676-10v-direct-mount-tupla\/#primaryimage"},"thumbnailUrl":"https:\/\/vmsport.fi\/wp-content\/uploads\/2025\/03\/f7ef0546-bea3-448a-bb36-b6eea27ac571-1.jpg","datePublished":"2025-03-05T21:35:27+00:00","dateModified":"2026-01-16T11:21:58+00:00","breadcrumb":{"@id":"https:\/\/vmsport.fi\/verkkokauppa\/varaosat\/vaihteistot\/etuvaihtajat\/etuvaihtaja-slx-m676-10v-direct-mount-tupla\/#breadcrumb"},"inLanguage":"sv-SE","potentialAction":[{"@type":"ReadAction","target":["https:\/\/vmsport.fi\/verkkokauppa\/varaosat\/vaihteistot\/etuvaihtajat\/etuvaihtaja-slx-m676-10v-direct-mount-tupla\/"]}]},{"@type":"ImageObject","inLanguage":"sv-SE","@id":"https:\/\/vmsport.fi\/verkkokauppa\/varaosat\/vaihteistot\/etuvaihtajat\/etuvaihtaja-slx-m676-10v-direct-mount-tupla\/#primaryimage","url":"https:\/\/vmsport.fi\/wp-content\/uploads\/2025\/03\/f7ef0546-bea3-448a-bb36-b6eea27ac571-1.jpg","contentUrl":"https:\/\/vmsport.fi\/wp-content\/uploads\/2025\/03\/f7ef0546-bea3-448a-bb36-b6eea27ac571-1.jpg","width":600,"height":600,"caption":"f7ef0546-bea3-448a-bb36-b6eea27ac571"},{"@type":"BreadcrumbList","@id":"https:\/\/vmsport.fi\/verkkokauppa\/varaosat\/vaihteistot\/etuvaihtajat\/etuvaihtaja-slx-m676-10v-direct-mount-tupla\/#breadcrumb","itemListElement":[{"@type":"ListItem","position":1,"name":"Etusivu","item":"https:\/\/vmsport.fi\/"},{"@type":"ListItem","position":2,"name":"Online Store","item":"https:\/\/vmsport.fi\/en\/online-store\/"},{"@type":"ListItem","position":3,"name":"Etuvaihtaja SLX M676 10v direct mount, tupla"}]},{"@type":"WebSite","@id":"https:\/\/vmsport.fi\/#website","url":"https:\/\/vmsport.fi\/","name":"Vmsport","description":"Allt p\u00e5 ett st\u00e4lle f\u00f6r cykling","publisher":{"@id":"https:\/\/vmsport.fi\/#organization"},"potentialAction":[{"@type":"SearchAction","target":{"@type":"EntryPoint","urlTemplate":"https:\/\/vmsport.fi\/?s={search_term_string}"},"query-input":{"@type":"PropertyValueSpecification","valueRequired":true,"valueName":"search_term_string"}}],"inLanguage":"sv-SE"},{"@type":"Organization","@id":"https:\/\/vmsport.fi\/#organization","name":"Vmsport","url":"https:\/\/vmsport.fi\/","logo":{"@type":"ImageObject","inLanguage":"sv-SE","@id":"https:\/\/vmsport.fi\/#\/schema\/logo\/image\/","url":"https:\/\/vmsport.fi\/wp-content\/uploads\/2024\/12\/vm_sport_RGB_horisontal-e1734526017575.png","contentUrl":"https:\/\/vmsport.fi\/wp-content\/uploads\/2024\/12\/vm_sport_RGB_horisontal-e1734526017575.png","width":668,"height":85,"caption":"Vmsport"},"image":{"@id":"https:\/\/vmsport.fi\/#\/schema\/logo\/image\/"},"sameAs":["https:\/\/www.facebook.com\/Vmsport.fi\/","https:\/\/www.instagram.com\/vmsport\/"]}]}},"global_unique_id":"","_links":{"self":[{"href":"https:\/\/vmsport.fi\/sv\/wp-json\/wp\/v2\/product\/52923","targetHints":{"allow":["GET"]}}],"collection":[{"href":"https:\/\/vmsport.fi\/sv\/wp-json\/wp\/v2\/product"}],"about":[{"href":"https:\/\/vmsport.fi\/sv\/wp-json\/wp\/v2\/types\/product"}],"replies":[{"embeddable":true,"href":"https:\/\/vmsport.fi\/sv\/wp-json\/wp\/v2\/comments?post=52923"}],"wp:featuredmedia":[{"embeddable":true,"href":"https:\/\/vmsport.fi\/sv\/wp-json\/wp\/v2\/media\/52921"}],"wp:attachment":[{"href":"https:\/\/vmsport.fi\/sv\/wp-json\/wp\/v2\/media?parent=52923"}],"wp:term":[{"taxonomy":"product_brand","embeddable":true,"href":"https:\/\/vmsport.fi\/sv\/wp-json\/wp\/v2\/product_brand?post=52923"},{"taxonomy":"product_model","embeddable":true,"href":"https:\/\/vmsport.fi\/sv\/wp-json\/wp\/v2\/product_model?post=52923"},{"taxonomy":"product_cat","embeddable":true,"href":"https:\/\/vmsport.fi\/sv\/wp-json\/wp\/v2\/product_cat?post=52923"},{"taxonomy":"product_tag","embeddable":true,"href":"https:\/\/vmsport.fi\/sv\/wp-json\/wp\/v2\/product_tag?post=52923"},{"taxonomy":"industry_terminology","embeddable":true,"href":"https:\/\/vmsport.fi\/sv\/wp-json\/wp\/v2\/industry-terminology?post=52923"}],"curies":[{"name":"wp","href":"https:\/\/api.w.org\/{rel}","templated":true}]}}