{"id":52918,"date":"2025-03-05T23:35:25","date_gmt":"2025-03-05T21:35:25","guid":{"rendered":"https:\/\/vmsport.fi\/verkkokauppa\/Ei-luokiteltu\/xlc-wheel-rodi-tryp-35-29-rear-12-x-148-mm-thru-axle-sram-shimano-disc-brake-clincher\/"},"modified":"2026-01-16T13:22:57","modified_gmt":"2026-01-16T11:22:57","slug":"xlc-hjul-rodi-tryp-35-29-bak-12-x-148-mm-genomgaende-axel-sram-shimano-skivbroms-clincher","status":"publish","type":"product","link":"https:\/\/vmsport.fi\/sv\/verkkokauppa\/varaosat\/kiekot-ja-navat\/takakiekot\/xlc-wheel-rodi-tryp-35-29-rear-12-x-148-mm-thru-axle-sram-shimano-disc-brake-clincher\/","title":{"rendered":"XLC-hjul Rodi TRYP 35 29\u2033 bak 12 x 148 mm genomg\u00e5ende axel, SRAM\/Shimano, skivbroms, klinker"},"content":{"rendered":"<p>T\u00e4m\u00e4 XLC Rodi TRYP 35 29&#8243; takakiekko tarjoaa 35 mm leve\u00e4n vanteen, joka sopii leveille MTB-renkaille ja parantaa pidon sek\u00e4 ajomukavuuden maastossa. Boost-yhteensopiva XLC Evo takanapa (12 x 148 mm) sopii uudempiin runkoihin ja parantaa py\u00f6r\u00e4n j\u00e4ykkyytt\u00e4. 32 pinnaa tasapainottavat kest\u00e4vyyden ja j\u00e4ykkyyden, ja 6-pulttinen jarrukiinnitys mahdollistaa laajan yhteensopivuuden levyjarrujen kanssa. Vanne on rakenteeltaan kevyt mutta tukeva alumiinia.<\/p>","protected":false},"excerpt":{"rendered":"<p>Leve\u00e4 Boost-yhteensopiva MTB-takakiekko, jossa on alumiinivanne, 32 pinnaa ja 6-pulttinen levyjarrukiinnitys. [&#8230;]<\/p>\n<p><a class=\"btn btn-secondary understrap-read-more-link\" href=\"https:\/\/vmsport.fi\/sv\/verkkokauppa\/varaosat\/kiekot-ja-navat\/takakiekot\/xlc-wheel-rodi-tryp-35-29-rear-12-x-148-mm-thru-axle-sram-shimano-disc-brake-clincher\/\">L\u00e4s mer \u2026<span class=\"screen-reader-text\"> from XLC Wheel Rodi TRYP 35 29&#8243; Rear 12 x 148 mm thru axle, SRAM\/Shimano, Disc brake, Clincher<\/span><\/a><\/p>\n","protected":false},"featured_media":52917,"comment_status":"open","ping_status":"closed","template":"","meta":{"_acf_changed":false,"_improvement_type_select":"improve_an_existing","_thumb_yes_seoaic":false,"_frame_yes_seoaic":false,"seoaic_generate_description":"","seoaic_improve_instructions_prompt":"","seoaic_rollback_content_improvement":"","seoaic_idea_thumbnail_generator":"","thumbnail_generated":false,"thumbnail_generate_prompt":"","seoaic_article_description":"","_supplier_stock_quantity":0},"product_brand":[1588],"product_model":[],"product_cat":[9486],"product_tag":[],"industry-terminology":[],"class_list":{"0":"post-52918","1":"product","2":"type-product","3":"status-publish","4":"has-post-thumbnail","6":"product_brand-sram","7":"product_cat-takakiekot","9":"first","10":"instock","11":"taxable","12":"shipping-taxable","13":"purchasable","14":"product-type-simple"},"acf":{"bike_features":null,"overview":{"copy_overview":null,"key_features":null,"statement":"","youtube_url":""}},"yoast_head":"<!-- This site is optimized with the Yoast SEO plugin v27.3 - https:\/\/yoast.com\/product\/yoast-seo-wordpress\/ -->\n<title>XLC Wheel Rodi TRYP 35 29&quot; Rear 12 x 148 mm thru axle, SRAM\/Shimano, Disc brake, Clincher - VM Sport<\/title>\n<meta name=\"robots\" content=\"index, follow, max-snippet:-1, max-image-preview:large, max-video-preview:-1\" \/>\n<link rel=\"canonical\" href=\"https:\/\/vmsport.fi\/sv\/webbutik\/reservdelar\/skivor-och-nav\/bakgrund\/xlc-hjul-rodi-tryp-35-29-bak-12-x-148-mm-genomgaende-axel-sram-shimano-skivbroms-clincher\/\" \/>\n<meta property=\"og:locale\" content=\"sv_SE\" \/>\n<meta property=\"og:type\" content=\"article\" \/>\n<meta property=\"og:title\" content=\"XLC Wheel Rodi TRYP 35 29&quot; Rear 12 x 148 mm thru axle, SRAM\/Shimano, Disc brake, Clincher - VM Sport\" \/>\n<meta property=\"og:description\" content=\"Leve\u00e4 Boost-yhteensopiva MTB-takakiekko, jossa on alumiinivanne, 32 pinnaa ja 6-pulttinen levyjarrukiinnitys. [...]L\u00e4s mer \u2026 from XLC Wheel Rodi TRYP 35 29&#8243; Rear 12 x 148 mm thru axle, SRAM\/Shimano, Disc brake, Clincher\" \/>\n<meta property=\"og:url\" content=\"https:\/\/vmsport.fi\/sv\/webbutik\/reservdelar\/skivor-och-nav\/bakgrund\/xlc-hjul-rodi-tryp-35-29-bak-12-x-148-mm-genomgaende-axel-sram-shimano-skivbroms-clincher\/\" \/>\n<meta property=\"og:site_name\" content=\"VM Sport\" \/>\n<meta property=\"article:publisher\" content=\"https:\/\/www.facebook.com\/Vmsport.fi\/\" \/>\n<meta property=\"article:modified_time\" content=\"2026-01-16T11:22:57+00:00\" \/>\n<meta property=\"og:image\" content=\"https:\/\/vmsport.fi\/wp-content\/uploads\/2025\/03\/DRWphywELmeZ1YklMF4aqtEuDocUiW3Ii7M0rHRIBbL1NhNMfW-1.jpg\" \/>\n\t<meta property=\"og:image:width\" content=\"800\" \/>\n\t<meta property=\"og:image:height\" content=\"800\" \/>\n\t<meta property=\"og:image:type\" content=\"image\/jpeg\" \/>\n<meta name=\"twitter:card\" content=\"summary_large_image\" \/>\n<script type=\"application\/ld+json\" class=\"yoast-schema-graph\">{\"@context\":\"https:\\\/\\\/schema.org\",\"@graph\":[{\"@type\":[\"WebPage\",\"ItemPage\"],\"@id\":\"https:\\\/\\\/vmsport.fi\\\/verkkokauppa\\\/varaosat\\\/kiekot-ja-navat\\\/takakiekot\\\/xlc-wheel-rodi-tryp-35-29-rear-12-x-148-mm-thru-axle-sram-shimano-disc-brake-clincher\\\/\",\"url\":\"https:\\\/\\\/vmsport.fi\\\/verkkokauppa\\\/varaosat\\\/kiekot-ja-navat\\\/takakiekot\\\/xlc-wheel-rodi-tryp-35-29-rear-12-x-148-mm-thru-axle-sram-shimano-disc-brake-clincher\\\/\",\"name\":\"XLC Wheel Rodi TRYP 35 29\\\" Rear 12 x 148 mm thru axle, SRAM\\\/Shimano, Disc brake, Clincher - VM Sport\",\"isPartOf\":{\"@id\":\"https:\\\/\\\/vmsport.fi\\\/#website\"},\"primaryImageOfPage\":{\"@id\":\"https:\\\/\\\/vmsport.fi\\\/verkkokauppa\\\/varaosat\\\/kiekot-ja-navat\\\/takakiekot\\\/xlc-wheel-rodi-tryp-35-29-rear-12-x-148-mm-thru-axle-sram-shimano-disc-brake-clincher\\\/#primaryimage\"},\"image\":{\"@id\":\"https:\\\/\\\/vmsport.fi\\\/verkkokauppa\\\/varaosat\\\/kiekot-ja-navat\\\/takakiekot\\\/xlc-wheel-rodi-tryp-35-29-rear-12-x-148-mm-thru-axle-sram-shimano-disc-brake-clincher\\\/#primaryimage\"},\"thumbnailUrl\":\"https:\\\/\\\/vmsport.fi\\\/wp-content\\\/uploads\\\/2025\\\/03\\\/DRWphywELmeZ1YklMF4aqtEuDocUiW3Ii7M0rHRIBbL1NhNMfW-1.jpg\",\"datePublished\":\"2025-03-05T21:35:25+00:00\",\"dateModified\":\"2026-01-16T11:22:57+00:00\",\"breadcrumb\":{\"@id\":\"https:\\\/\\\/vmsport.fi\\\/verkkokauppa\\\/varaosat\\\/kiekot-ja-navat\\\/takakiekot\\\/xlc-wheel-rodi-tryp-35-29-rear-12-x-148-mm-thru-axle-sram-shimano-disc-brake-clincher\\\/#breadcrumb\"},\"inLanguage\":\"sv-SE\",\"potentialAction\":[{\"@type\":\"ReadAction\",\"target\":[\"https:\\\/\\\/vmsport.fi\\\/verkkokauppa\\\/varaosat\\\/kiekot-ja-navat\\\/takakiekot\\\/xlc-wheel-rodi-tryp-35-29-rear-12-x-148-mm-thru-axle-sram-shimano-disc-brake-clincher\\\/\"]}]},{\"@type\":\"ImageObject\",\"inLanguage\":\"sv-SE\",\"@id\":\"https:\\\/\\\/vmsport.fi\\\/verkkokauppa\\\/varaosat\\\/kiekot-ja-navat\\\/takakiekot\\\/xlc-wheel-rodi-tryp-35-29-rear-12-x-148-mm-thru-axle-sram-shimano-disc-brake-clincher\\\/#primaryimage\",\"url\":\"https:\\\/\\\/vmsport.fi\\\/wp-content\\\/uploads\\\/2025\\\/03\\\/DRWphywELmeZ1YklMF4aqtEuDocUiW3Ii7M0rHRIBbL1NhNMfW-1.jpg\",\"contentUrl\":\"https:\\\/\\\/vmsport.fi\\\/wp-content\\\/uploads\\\/2025\\\/03\\\/DRWphywELmeZ1YklMF4aqtEuDocUiW3Ii7M0rHRIBbL1NhNMfW-1.jpg\",\"width\":800,\"height\":800,\"caption\":\"DRWphywELmeZ1YklMF4aqtEuDocUiW3Ii7M0rHRIBbL1NhNMfW\"},{\"@type\":\"BreadcrumbList\",\"@id\":\"https:\\\/\\\/vmsport.fi\\\/verkkokauppa\\\/varaosat\\\/kiekot-ja-navat\\\/takakiekot\\\/xlc-wheel-rodi-tryp-35-29-rear-12-x-148-mm-thru-axle-sram-shimano-disc-brake-clincher\\\/#breadcrumb\",\"itemListElement\":[{\"@type\":\"ListItem\",\"position\":1,\"name\":\"Etusivu\",\"item\":\"https:\\\/\\\/vmsport.fi\\\/\"},{\"@type\":\"ListItem\",\"position\":2,\"name\":\"Online Store\",\"item\":\"https:\\\/\\\/vmsport.fi\\\/en\\\/online-store\\\/\"},{\"@type\":\"ListItem\",\"position\":3,\"name\":\"Sram\",\"item\":\"https:\\\/\\\/vmsport.fi\\\/merkki\\\/sram\\\/\"},{\"@type\":\"ListItem\",\"position\":4,\"name\":\"XLC Wheel Rodi TRYP 35 29&#8243; Rear 12 x 148 mm thru axle, SRAM\\\/Shimano, Disc brake, Clincher\"}]},{\"@type\":\"WebSite\",\"@id\":\"https:\\\/\\\/vmsport.fi\\\/#website\",\"url\":\"https:\\\/\\\/vmsport.fi\\\/\",\"name\":\"Vmsport\",\"description\":\"Kaikki py\u00f6r\u00e4ilyyn yhdest\u00e4 paikasta\",\"publisher\":{\"@id\":\"https:\\\/\\\/vmsport.fi\\\/#organization\"},\"potentialAction\":[{\"@type\":\"SearchAction\",\"target\":{\"@type\":\"EntryPoint\",\"urlTemplate\":\"https:\\\/\\\/vmsport.fi\\\/?s={search_term_string}\"},\"query-input\":{\"@type\":\"PropertyValueSpecification\",\"valueRequired\":true,\"valueName\":\"search_term_string\"}}],\"inLanguage\":\"sv-SE\"},{\"@type\":\"Organization\",\"@id\":\"https:\\\/\\\/vmsport.fi\\\/#organization\",\"name\":\"Vmsport\",\"url\":\"https:\\\/\\\/vmsport.fi\\\/\",\"logo\":{\"@type\":\"ImageObject\",\"inLanguage\":\"sv-SE\",\"@id\":\"https:\\\/\\\/vmsport.fi\\\/#\\\/schema\\\/logo\\\/image\\\/\",\"url\":\"https:\\\/\\\/vmsport.fi\\\/wp-content\\\/uploads\\\/2024\\\/12\\\/vm_sport_RGB_horisontal-e1734526017575.png\",\"contentUrl\":\"https:\\\/\\\/vmsport.fi\\\/wp-content\\\/uploads\\\/2024\\\/12\\\/vm_sport_RGB_horisontal-e1734526017575.png\",\"width\":668,\"height\":85,\"caption\":\"Vmsport\"},\"image\":{\"@id\":\"https:\\\/\\\/vmsport.fi\\\/#\\\/schema\\\/logo\\\/image\\\/\"},\"sameAs\":[\"https:\\\/\\\/www.facebook.com\\\/Vmsport.fi\\\/\",\"https:\\\/\\\/www.instagram.com\\\/vmsport\\\/\"]}]}<\/script>\n<!-- \/ Yoast SEO plugin. -->","yoast_head_json":{"title":"XLC-hjul Rodi TRYP 35 29\" bak 12 x 148 mm genomg\u00e5ende axel, SRAM\/Shimano, skivbroms, klinker - VM Sport","robots":{"index":"index","follow":"follow","max-snippet":"max-snippet:-1","max-image-preview":"max-image-preview:large","max-video-preview":"max-video-preview:-1"},"canonical":"https:\/\/vmsport.fi\/sv\/webbutik\/reservdelar\/skivor-och-nav\/bakgrund\/xlc-hjul-rodi-tryp-35-29-bak-12-x-148-mm-genomgaende-axel-sram-shimano-skivbroms-clincher\/","og_locale":"sv_SE","og_type":"article","og_title":"XLC Wheel Rodi TRYP 35 29\" Rear 12 x 148 mm thru axle, SRAM\/Shimano, Disc brake, Clincher - VM Sport","og_description":"Leve\u00e4 Boost-yhteensopiva MTB-takakiekko, jossa on alumiinivanne, 32 pinnaa ja 6-pulttinen levyjarrukiinnitys. [...]L\u00e4s mer \u2026 from XLC Wheel Rodi TRYP 35 29&#8243; Rear 12 x 148 mm thru axle, SRAM\/Shimano, Disc brake, Clincher","og_url":"https:\/\/vmsport.fi\/sv\/webbutik\/reservdelar\/skivor-och-nav\/bakgrund\/xlc-hjul-rodi-tryp-35-29-bak-12-x-148-mm-genomgaende-axel-sram-shimano-skivbroms-clincher\/","og_site_name":"VM Sport","article_publisher":"https:\/\/www.facebook.com\/Vmsport.fi\/","article_modified_time":"2026-01-16T11:22:57+00:00","og_image":[{"width":800,"height":800,"url":"https:\/\/vmsport.fi\/wp-content\/uploads\/2025\/03\/DRWphywELmeZ1YklMF4aqtEuDocUiW3Ii7M0rHRIBbL1NhNMfW-1.jpg","type":"image\/jpeg"}],"twitter_card":"summary_large_image","schema":{"@context":"https:\/\/schema.org","@graph":[{"@type":["WebPage","ItemPage"],"@id":"https:\/\/vmsport.fi\/verkkokauppa\/varaosat\/kiekot-ja-navat\/takakiekot\/xlc-wheel-rodi-tryp-35-29-rear-12-x-148-mm-thru-axle-sram-shimano-disc-brake-clincher\/","url":"https:\/\/vmsport.fi\/verkkokauppa\/varaosat\/kiekot-ja-navat\/takakiekot\/xlc-wheel-rodi-tryp-35-29-rear-12-x-148-mm-thru-axle-sram-shimano-disc-brake-clincher\/","name":"XLC-hjul Rodi TRYP 35 29\" bak 12 x 148 mm genomg\u00e5ende axel, SRAM\/Shimano, skivbroms, klinker - VM Sport","isPartOf":{"@id":"https:\/\/vmsport.fi\/#website"},"primaryImageOfPage":{"@id":"https:\/\/vmsport.fi\/verkkokauppa\/varaosat\/kiekot-ja-navat\/takakiekot\/xlc-wheel-rodi-tryp-35-29-rear-12-x-148-mm-thru-axle-sram-shimano-disc-brake-clincher\/#primaryimage"},"image":{"@id":"https:\/\/vmsport.fi\/verkkokauppa\/varaosat\/kiekot-ja-navat\/takakiekot\/xlc-wheel-rodi-tryp-35-29-rear-12-x-148-mm-thru-axle-sram-shimano-disc-brake-clincher\/#primaryimage"},"thumbnailUrl":"https:\/\/vmsport.fi\/wp-content\/uploads\/2025\/03\/DRWphywELmeZ1YklMF4aqtEuDocUiW3Ii7M0rHRIBbL1NhNMfW-1.jpg","datePublished":"2025-03-05T21:35:25+00:00","dateModified":"2026-01-16T11:22:57+00:00","breadcrumb":{"@id":"https:\/\/vmsport.fi\/verkkokauppa\/varaosat\/kiekot-ja-navat\/takakiekot\/xlc-wheel-rodi-tryp-35-29-rear-12-x-148-mm-thru-axle-sram-shimano-disc-brake-clincher\/#breadcrumb"},"inLanguage":"sv-SE","potentialAction":[{"@type":"ReadAction","target":["https:\/\/vmsport.fi\/verkkokauppa\/varaosat\/kiekot-ja-navat\/takakiekot\/xlc-wheel-rodi-tryp-35-29-rear-12-x-148-mm-thru-axle-sram-shimano-disc-brake-clincher\/"]}]},{"@type":"ImageObject","inLanguage":"sv-SE","@id":"https:\/\/vmsport.fi\/verkkokauppa\/varaosat\/kiekot-ja-navat\/takakiekot\/xlc-wheel-rodi-tryp-35-29-rear-12-x-148-mm-thru-axle-sram-shimano-disc-brake-clincher\/#primaryimage","url":"https:\/\/vmsport.fi\/wp-content\/uploads\/2025\/03\/DRWphywELmeZ1YklMF4aqtEuDocUiW3Ii7M0rHRIBbL1NhNMfW-1.jpg","contentUrl":"https:\/\/vmsport.fi\/wp-content\/uploads\/2025\/03\/DRWphywELmeZ1YklMF4aqtEuDocUiW3Ii7M0rHRIBbL1NhNMfW-1.jpg","width":800,"height":800,"caption":"DRWphywELmeZ1YklMF4aqtEuDocUiW3Ii7M0rHRIBbL1NhNMfW"},{"@type":"BreadcrumbList","@id":"https:\/\/vmsport.fi\/verkkokauppa\/varaosat\/kiekot-ja-navat\/takakiekot\/xlc-wheel-rodi-tryp-35-29-rear-12-x-148-mm-thru-axle-sram-shimano-disc-brake-clincher\/#breadcrumb","itemListElement":[{"@type":"ListItem","position":1,"name":"Etusivu","item":"https:\/\/vmsport.fi\/"},{"@type":"ListItem","position":2,"name":"Online Store","item":"https:\/\/vmsport.fi\/en\/online-store\/"},{"@type":"ListItem","position":3,"name":"Sram","item":"https:\/\/vmsport.fi\/merkki\/sram\/"},{"@type":"ListItem","position":4,"name":"XLC Wheel Rodi TRYP 35 29&#8243; Rear 12 x 148 mm thru axle, SRAM\/Shimano, Disc brake, Clincher"}]},{"@type":"WebSite","@id":"https:\/\/vmsport.fi\/#website","url":"https:\/\/vmsport.fi\/","name":"Vmsport","description":"Allt p\u00e5 ett st\u00e4lle f\u00f6r cykling","publisher":{"@id":"https:\/\/vmsport.fi\/#organization"},"potentialAction":[{"@type":"SearchAction","target":{"@type":"EntryPoint","urlTemplate":"https:\/\/vmsport.fi\/?s={search_term_string}"},"query-input":{"@type":"PropertyValueSpecification","valueRequired":true,"valueName":"search_term_string"}}],"inLanguage":"sv-SE"},{"@type":"Organization","@id":"https:\/\/vmsport.fi\/#organization","name":"Vmsport","url":"https:\/\/vmsport.fi\/","logo":{"@type":"ImageObject","inLanguage":"sv-SE","@id":"https:\/\/vmsport.fi\/#\/schema\/logo\/image\/","url":"https:\/\/vmsport.fi\/wp-content\/uploads\/2024\/12\/vm_sport_RGB_horisontal-e1734526017575.png","contentUrl":"https:\/\/vmsport.fi\/wp-content\/uploads\/2024\/12\/vm_sport_RGB_horisontal-e1734526017575.png","width":668,"height":85,"caption":"Vmsport"},"image":{"@id":"https:\/\/vmsport.fi\/#\/schema\/logo\/image\/"},"sameAs":["https:\/\/www.facebook.com\/Vmsport.fi\/","https:\/\/www.instagram.com\/vmsport\/"]}]}},"global_unique_id":"","_links":{"self":[{"href":"https:\/\/vmsport.fi\/sv\/wp-json\/wp\/v2\/product\/52918","targetHints":{"allow":["GET"]}}],"collection":[{"href":"https:\/\/vmsport.fi\/sv\/wp-json\/wp\/v2\/product"}],"about":[{"href":"https:\/\/vmsport.fi\/sv\/wp-json\/wp\/v2\/types\/product"}],"replies":[{"embeddable":true,"href":"https:\/\/vmsport.fi\/sv\/wp-json\/wp\/v2\/comments?post=52918"}],"wp:featuredmedia":[{"embeddable":true,"href":"https:\/\/vmsport.fi\/sv\/wp-json\/wp\/v2\/media\/52917"}],"wp:attachment":[{"href":"https:\/\/vmsport.fi\/sv\/wp-json\/wp\/v2\/media?parent=52918"}],"wp:term":[{"taxonomy":"product_brand","embeddable":true,"href":"https:\/\/vmsport.fi\/sv\/wp-json\/wp\/v2\/product_brand?post=52918"},{"taxonomy":"product_model","embeddable":true,"href":"https:\/\/vmsport.fi\/sv\/wp-json\/wp\/v2\/product_model?post=52918"},{"taxonomy":"product_cat","embeddable":true,"href":"https:\/\/vmsport.fi\/sv\/wp-json\/wp\/v2\/product_cat?post=52918"},{"taxonomy":"product_tag","embeddable":true,"href":"https:\/\/vmsport.fi\/sv\/wp-json\/wp\/v2\/product_tag?post=52918"},{"taxonomy":"industry_terminology","embeddable":true,"href":"https:\/\/vmsport.fi\/sv\/wp-json\/wp\/v2\/industry-terminology?post=52918"}],"curies":[{"name":"wp","href":"https:\/\/api.w.org\/{rel}","templated":true}]}}