{"id":52915,"date":"2025-03-05T23:35:23","date_gmt":"2025-03-05T21:35:23","guid":{"rendered":"https:\/\/vmsport.fi\/verkkokauppa\/Ei-luokiteltu\/trek-universal-derailleur-hanger-for-abp-by-sram\/"},"modified":"2026-04-22T15:03:45","modified_gmt":"2026-04-22T12:03:45","slug":"trek-universalvaxelhangare-for-abp-by-sram","status":"publish","type":"product","link":"https:\/\/vmsport.fi\/sv\/verkkokauppa\/varaosat\/vaihteistot\/takavaihtajan-korvake\/trek-universal-derailleur-hanger-for-abp-by-sram\/","title":{"rendered":"Trek universellt derailleurf\u00e4ste f\u00f6r ABP by SRAM"},"content":{"rendered":"<p>Trek Universal Derailleur Hanger f\u00f6r ABP, tillverkad av SRAM, \u00e4r en komponent avsedd f\u00f6r Thru Axle-modeller som monteras p\u00e5 bakv\u00e4xelns sida av hjulet. Den svarta f\u00e4rgen sm\u00e4lter in elegant och praktiskt, vilket g\u00f6r den till en visuellt tilltalande del av cykelsystemet. Detta v\u00e4xelf\u00e4ste \u00e4r en nyckelkomponent f\u00f6r att s\u00e4kerst\u00e4lla exakt inriktning och smidig drift av v\u00e4xell\u00e5dan. Observera att produktspecifikationerna kan komma att \u00e4ndras i takt med att tillverkarna uppdaterar sina produkter.<\/p>","protected":false},"excerpt":{"rendered":"<p>Trek Universal Derailleur Hanger for ABP, valmistajana SRAM, on Thru Axle -malleille suunniteltu komponentti, joka asennetaan takavaihtajan puolelle py\u00f6r\u00e4ss\u00e4. Sen musta v\u00e4ri yhdistyy tyylikk\u00e4\u00e4sti ja k\u00e4yt\u00e4nn\u00f6llisesti, tehden siit\u00e4 visuaalisesti miellytt\u00e4v\u00e4n osan py\u00f6r\u00e4n j\u00e4rjestelm\u00e4\u00e4. T\u00e4m\u00e4 vaihtajankorvake on keskeinen osa vaihteiston tarkan kohdistuksen ja sujuvan toiminnan varmistamiseksi. Huomaathan, ett\u00e4 tuotetiedot voivat muuttua, kun valmistajat p\u00e4ivitt\u00e4v\u00e4t tuotteitaan. [&#8230;]<\/p>\n<p><a class=\"btn btn-secondary understrap-read-more-link\" href=\"https:\/\/vmsport.fi\/sv\/verkkokauppa\/varaosat\/vaihteistot\/takavaihtajan-korvake\/trek-universal-derailleur-hanger-for-abp-by-sram\/\">L\u00e4s mer \u2026<span class=\"screen-reader-text\"> from Trek Universal Derailleur Hanger for ABP by SRAM<\/span><\/a><\/p>\n","protected":false},"featured_media":52914,"comment_status":"open","ping_status":"closed","template":"","meta":{"_acf_changed":false,"_improvement_type_select":"improve_an_existing","_thumb_yes_seoaic":false,"_frame_yes_seoaic":false,"seoaic_generate_description":"","seoaic_improve_instructions_prompt":"","seoaic_rollback_content_improvement":"","seoaic_idea_thumbnail_generator":"","thumbnail_generated":false,"thumbnail_generate_prompt":"","seoaic_article_description":"","_supplier_stock_quantity":0},"product_brand":[1588],"product_model":[],"product_cat":[9480],"product_tag":[],"industry-terminology":[],"class_list":{"0":"post-52915","1":"product","2":"type-product","3":"status-publish","4":"has-post-thumbnail","6":"product_brand-sram","7":"product_cat-takavaihtajan-korvake","9":"first","10":"outofstock","11":"taxable","12":"shipping-taxable","13":"product-type-simple"},"acf":{"bike_features":null,"overview":{"copy_overview":null,"key_features":null,"statement":"","youtube_url":""}},"yoast_head":"<!-- This site is optimized with the Yoast SEO plugin v27.4 - https:\/\/yoast.com\/product\/yoast-seo-wordpress\/ -->\n<title>Trek Universal Derailleur Hanger for ABP by SRAM - VM Sport<\/title>\n<meta name=\"robots\" content=\"index, follow, max-snippet:-1, max-image-preview:large, max-video-preview:-1\" \/>\n<link rel=\"canonical\" href=\"https:\/\/vmsport.fi\/sv\/webbutik\/reservdelar\/vaxellador\/byte-av-bakvaxel\/trek-universalvaxelhangare-for-abp-by-sram\/\" \/>\n<meta property=\"og:locale\" content=\"sv_SE\" \/>\n<meta property=\"og:type\" content=\"article\" \/>\n<meta property=\"og:title\" content=\"Trek Universal Derailleur Hanger for ABP by SRAM - VM Sport\" \/>\n<meta property=\"og:description\" content=\"Trek Universal Derailleur Hanger for ABP, valmistajana SRAM, on Thru Axle -malleille suunniteltu komponentti, joka asennetaan takavaihtajan puolelle py\u00f6r\u00e4ss\u00e4. Sen musta v\u00e4ri yhdistyy tyylikk\u00e4\u00e4sti ja k\u00e4yt\u00e4nn\u00f6llisesti, tehden siit\u00e4 visuaalisesti miellytt\u00e4v\u00e4n osan py\u00f6r\u00e4n j\u00e4rjestelm\u00e4\u00e4. T\u00e4m\u00e4 vaihtajankorvake on keskeinen osa vaihteiston tarkan kohdistuksen ja sujuvan toiminnan varmistamiseksi. Huomaathan, ett\u00e4 tuotetiedot voivat muuttua, kun valmistajat p\u00e4ivitt\u00e4v\u00e4t tuotteitaan. [...]L\u00e4s mer \u2026 from Trek Universal Derailleur Hanger for ABP by SRAM\" \/>\n<meta property=\"og:url\" content=\"https:\/\/vmsport.fi\/sv\/webbutik\/reservdelar\/vaxellador\/byte-av-bakvaxel\/trek-universalvaxelhangare-for-abp-by-sram\/\" \/>\n<meta property=\"og:site_name\" content=\"VM Sport\" \/>\n<meta property=\"article:publisher\" content=\"https:\/\/www.facebook.com\/Vmsport.fi\/\" \/>\n<meta property=\"article:modified_time\" content=\"2026-04-22T12:03:45+00:00\" \/>\n<meta property=\"og:image\" content=\"https:\/\/vmsport.fi\/wp-content\/uploads\/2025\/03\/147222260db23421f8a62-20340901-1.jpg\" \/>\n\t<meta property=\"og:image:width\" content=\"600\" \/>\n\t<meta property=\"og:image:height\" content=\"408\" \/>\n\t<meta property=\"og:image:type\" content=\"image\/jpeg\" \/>\n<meta name=\"twitter:card\" content=\"summary_large_image\" \/>\n<script type=\"application\/ld+json\" class=\"yoast-schema-graph\">{\"@context\":\"https:\\\/\\\/schema.org\",\"@graph\":[{\"@type\":[\"WebPage\",\"ItemPage\"],\"@id\":\"https:\\\/\\\/vmsport.fi\\\/verkkokauppa\\\/varaosat\\\/vaihteistot\\\/takavaihtajan-korvake\\\/trek-universal-derailleur-hanger-for-abp-by-sram\\\/\",\"url\":\"https:\\\/\\\/vmsport.fi\\\/verkkokauppa\\\/varaosat\\\/vaihteistot\\\/takavaihtajan-korvake\\\/trek-universal-derailleur-hanger-for-abp-by-sram\\\/\",\"name\":\"Trek Universal Derailleur Hanger for ABP by SRAM - VM Sport\",\"isPartOf\":{\"@id\":\"https:\\\/\\\/vmsport.fi\\\/#website\"},\"primaryImageOfPage\":{\"@id\":\"https:\\\/\\\/vmsport.fi\\\/verkkokauppa\\\/varaosat\\\/vaihteistot\\\/takavaihtajan-korvake\\\/trek-universal-derailleur-hanger-for-abp-by-sram\\\/#primaryimage\"},\"image\":{\"@id\":\"https:\\\/\\\/vmsport.fi\\\/verkkokauppa\\\/varaosat\\\/vaihteistot\\\/takavaihtajan-korvake\\\/trek-universal-derailleur-hanger-for-abp-by-sram\\\/#primaryimage\"},\"thumbnailUrl\":\"https:\\\/\\\/vmsport.fi\\\/wp-content\\\/uploads\\\/2025\\\/03\\\/147222260db23421f8a62-20340901-1.jpg\",\"datePublished\":\"2025-03-05T21:35:23+00:00\",\"dateModified\":\"2026-04-22T12:03:45+00:00\",\"breadcrumb\":{\"@id\":\"https:\\\/\\\/vmsport.fi\\\/verkkokauppa\\\/varaosat\\\/vaihteistot\\\/takavaihtajan-korvake\\\/trek-universal-derailleur-hanger-for-abp-by-sram\\\/#breadcrumb\"},\"inLanguage\":\"sv-SE\",\"potentialAction\":[{\"@type\":\"ReadAction\",\"target\":[\"https:\\\/\\\/vmsport.fi\\\/verkkokauppa\\\/varaosat\\\/vaihteistot\\\/takavaihtajan-korvake\\\/trek-universal-derailleur-hanger-for-abp-by-sram\\\/\"]}]},{\"@type\":\"ImageObject\",\"inLanguage\":\"sv-SE\",\"@id\":\"https:\\\/\\\/vmsport.fi\\\/verkkokauppa\\\/varaosat\\\/vaihteistot\\\/takavaihtajan-korvake\\\/trek-universal-derailleur-hanger-for-abp-by-sram\\\/#primaryimage\",\"url\":\"https:\\\/\\\/vmsport.fi\\\/wp-content\\\/uploads\\\/2025\\\/03\\\/147222260db23421f8a62-20340901-1.jpg\",\"contentUrl\":\"https:\\\/\\\/vmsport.fi\\\/wp-content\\\/uploads\\\/2025\\\/03\\\/147222260db23421f8a62-20340901-1.jpg\",\"width\":600,\"height\":408,\"caption\":\"147222260db23421f8a62-20340901\"},{\"@type\":\"BreadcrumbList\",\"@id\":\"https:\\\/\\\/vmsport.fi\\\/verkkokauppa\\\/varaosat\\\/vaihteistot\\\/takavaihtajan-korvake\\\/trek-universal-derailleur-hanger-for-abp-by-sram\\\/#breadcrumb\",\"itemListElement\":[{\"@type\":\"ListItem\",\"position\":1,\"name\":\"Etusivu\",\"item\":\"https:\\\/\\\/vmsport.fi\\\/\"},{\"@type\":\"ListItem\",\"position\":2,\"name\":\"Online Store\",\"item\":\"https:\\\/\\\/vmsport.fi\\\/en\\\/online-store\\\/\"},{\"@type\":\"ListItem\",\"position\":3,\"name\":\"Trek Universal Derailleur Hanger for ABP by SRAM\"}]},{\"@type\":\"WebSite\",\"@id\":\"https:\\\/\\\/vmsport.fi\\\/#website\",\"url\":\"https:\\\/\\\/vmsport.fi\\\/\",\"name\":\"Vmsport\",\"description\":\"Kaikki py\u00f6r\u00e4ilyyn yhdest\u00e4 paikasta\",\"publisher\":{\"@id\":\"https:\\\/\\\/vmsport.fi\\\/#organization\"},\"potentialAction\":[{\"@type\":\"SearchAction\",\"target\":{\"@type\":\"EntryPoint\",\"urlTemplate\":\"https:\\\/\\\/vmsport.fi\\\/?s={search_term_string}\"},\"query-input\":{\"@type\":\"PropertyValueSpecification\",\"valueRequired\":true,\"valueName\":\"search_term_string\"}}],\"inLanguage\":\"sv-SE\"},{\"@type\":\"Organization\",\"@id\":\"https:\\\/\\\/vmsport.fi\\\/#organization\",\"name\":\"Vmsport\",\"url\":\"https:\\\/\\\/vmsport.fi\\\/\",\"logo\":{\"@type\":\"ImageObject\",\"inLanguage\":\"sv-SE\",\"@id\":\"https:\\\/\\\/vmsport.fi\\\/#\\\/schema\\\/logo\\\/image\\\/\",\"url\":\"https:\\\/\\\/vmsport.fi\\\/wp-content\\\/uploads\\\/2024\\\/12\\\/vm_sport_RGB_horisontal-e1734526017575.png\",\"contentUrl\":\"https:\\\/\\\/vmsport.fi\\\/wp-content\\\/uploads\\\/2024\\\/12\\\/vm_sport_RGB_horisontal-e1734526017575.png\",\"width\":668,\"height\":85,\"caption\":\"Vmsport\"},\"image\":{\"@id\":\"https:\\\/\\\/vmsport.fi\\\/#\\\/schema\\\/logo\\\/image\\\/\"},\"sameAs\":[\"https:\\\/\\\/www.facebook.com\\\/Vmsport.fi\\\/\",\"https:\\\/\\\/www.instagram.com\\\/vmsport\\\/\"]}]}<\/script>\n<!-- \/ Yoast SEO plugin. -->","yoast_head_json":{"title":"Trek universellt derailleurf\u00e4ste f\u00f6r ABP by SRAM - VM Sport","robots":{"index":"index","follow":"follow","max-snippet":"max-snippet:-1","max-image-preview":"max-image-preview:large","max-video-preview":"max-video-preview:-1"},"canonical":"https:\/\/vmsport.fi\/sv\/webbutik\/reservdelar\/vaxellador\/byte-av-bakvaxel\/trek-universalvaxelhangare-for-abp-by-sram\/","og_locale":"sv_SE","og_type":"article","og_title":"Trek Universal Derailleur Hanger for ABP by SRAM - VM Sport","og_description":"Trek Universal Derailleur Hanger for ABP, valmistajana SRAM, on Thru Axle -malleille suunniteltu komponentti, joka asennetaan takavaihtajan puolelle py\u00f6r\u00e4ss\u00e4. Sen musta v\u00e4ri yhdistyy tyylikk\u00e4\u00e4sti ja k\u00e4yt\u00e4nn\u00f6llisesti, tehden siit\u00e4 visuaalisesti miellytt\u00e4v\u00e4n osan py\u00f6r\u00e4n j\u00e4rjestelm\u00e4\u00e4. T\u00e4m\u00e4 vaihtajankorvake on keskeinen osa vaihteiston tarkan kohdistuksen ja sujuvan toiminnan varmistamiseksi. Huomaathan, ett\u00e4 tuotetiedot voivat muuttua, kun valmistajat p\u00e4ivitt\u00e4v\u00e4t tuotteitaan. [...]L\u00e4s mer \u2026 from Trek Universal Derailleur Hanger for ABP by SRAM","og_url":"https:\/\/vmsport.fi\/sv\/webbutik\/reservdelar\/vaxellador\/byte-av-bakvaxel\/trek-universalvaxelhangare-for-abp-by-sram\/","og_site_name":"VM Sport","article_publisher":"https:\/\/www.facebook.com\/Vmsport.fi\/","article_modified_time":"2026-04-22T12:03:45+00:00","og_image":[{"width":600,"height":408,"url":"https:\/\/vmsport.fi\/wp-content\/uploads\/2025\/03\/147222260db23421f8a62-20340901-1.jpg","type":"image\/jpeg"}],"twitter_card":"summary_large_image","schema":{"@context":"https:\/\/schema.org","@graph":[{"@type":["WebPage","ItemPage"],"@id":"https:\/\/vmsport.fi\/verkkokauppa\/varaosat\/vaihteistot\/takavaihtajan-korvake\/trek-universal-derailleur-hanger-for-abp-by-sram\/","url":"https:\/\/vmsport.fi\/verkkokauppa\/varaosat\/vaihteistot\/takavaihtajan-korvake\/trek-universal-derailleur-hanger-for-abp-by-sram\/","name":"Trek universellt derailleurf\u00e4ste f\u00f6r ABP by SRAM - VM Sport","isPartOf":{"@id":"https:\/\/vmsport.fi\/#website"},"primaryImageOfPage":{"@id":"https:\/\/vmsport.fi\/verkkokauppa\/varaosat\/vaihteistot\/takavaihtajan-korvake\/trek-universal-derailleur-hanger-for-abp-by-sram\/#primaryimage"},"image":{"@id":"https:\/\/vmsport.fi\/verkkokauppa\/varaosat\/vaihteistot\/takavaihtajan-korvake\/trek-universal-derailleur-hanger-for-abp-by-sram\/#primaryimage"},"thumbnailUrl":"https:\/\/vmsport.fi\/wp-content\/uploads\/2025\/03\/147222260db23421f8a62-20340901-1.jpg","datePublished":"2025-03-05T21:35:23+00:00","dateModified":"2026-04-22T12:03:45+00:00","breadcrumb":{"@id":"https:\/\/vmsport.fi\/verkkokauppa\/varaosat\/vaihteistot\/takavaihtajan-korvake\/trek-universal-derailleur-hanger-for-abp-by-sram\/#breadcrumb"},"inLanguage":"sv-SE","potentialAction":[{"@type":"ReadAction","target":["https:\/\/vmsport.fi\/verkkokauppa\/varaosat\/vaihteistot\/takavaihtajan-korvake\/trek-universal-derailleur-hanger-for-abp-by-sram\/"]}]},{"@type":"ImageObject","inLanguage":"sv-SE","@id":"https:\/\/vmsport.fi\/verkkokauppa\/varaosat\/vaihteistot\/takavaihtajan-korvake\/trek-universal-derailleur-hanger-for-abp-by-sram\/#primaryimage","url":"https:\/\/vmsport.fi\/wp-content\/uploads\/2025\/03\/147222260db23421f8a62-20340901-1.jpg","contentUrl":"https:\/\/vmsport.fi\/wp-content\/uploads\/2025\/03\/147222260db23421f8a62-20340901-1.jpg","width":600,"height":408,"caption":"147222260db23421f8a62-20340901"},{"@type":"BreadcrumbList","@id":"https:\/\/vmsport.fi\/verkkokauppa\/varaosat\/vaihteistot\/takavaihtajan-korvake\/trek-universal-derailleur-hanger-for-abp-by-sram\/#breadcrumb","itemListElement":[{"@type":"ListItem","position":1,"name":"Etusivu","item":"https:\/\/vmsport.fi\/"},{"@type":"ListItem","position":2,"name":"Online Store","item":"https:\/\/vmsport.fi\/en\/online-store\/"},{"@type":"ListItem","position":3,"name":"Trek Universal Derailleur Hanger for ABP by SRAM"}]},{"@type":"WebSite","@id":"https:\/\/vmsport.fi\/#website","url":"https:\/\/vmsport.fi\/","name":"Vmsport","description":"Allt p\u00e5 ett st\u00e4lle f\u00f6r cykling","publisher":{"@id":"https:\/\/vmsport.fi\/#organization"},"potentialAction":[{"@type":"SearchAction","target":{"@type":"EntryPoint","urlTemplate":"https:\/\/vmsport.fi\/?s={search_term_string}"},"query-input":{"@type":"PropertyValueSpecification","valueRequired":true,"valueName":"search_term_string"}}],"inLanguage":"sv-SE"},{"@type":"Organization","@id":"https:\/\/vmsport.fi\/#organization","name":"Vmsport","url":"https:\/\/vmsport.fi\/","logo":{"@type":"ImageObject","inLanguage":"sv-SE","@id":"https:\/\/vmsport.fi\/#\/schema\/logo\/image\/","url":"https:\/\/vmsport.fi\/wp-content\/uploads\/2024\/12\/vm_sport_RGB_horisontal-e1734526017575.png","contentUrl":"https:\/\/vmsport.fi\/wp-content\/uploads\/2024\/12\/vm_sport_RGB_horisontal-e1734526017575.png","width":668,"height":85,"caption":"Vmsport"},"image":{"@id":"https:\/\/vmsport.fi\/#\/schema\/logo\/image\/"},"sameAs":["https:\/\/www.facebook.com\/Vmsport.fi\/","https:\/\/www.instagram.com\/vmsport\/"]}]}},"global_unique_id":"","_links":{"self":[{"href":"https:\/\/vmsport.fi\/sv\/wp-json\/wp\/v2\/product\/52915","targetHints":{"allow":["GET"]}}],"collection":[{"href":"https:\/\/vmsport.fi\/sv\/wp-json\/wp\/v2\/product"}],"about":[{"href":"https:\/\/vmsport.fi\/sv\/wp-json\/wp\/v2\/types\/product"}],"replies":[{"embeddable":true,"href":"https:\/\/vmsport.fi\/sv\/wp-json\/wp\/v2\/comments?post=52915"}],"wp:featuredmedia":[{"embeddable":true,"href":"https:\/\/vmsport.fi\/sv\/wp-json\/wp\/v2\/media\/52914"}],"wp:attachment":[{"href":"https:\/\/vmsport.fi\/sv\/wp-json\/wp\/v2\/media?parent=52915"}],"wp:term":[{"taxonomy":"product_brand","embeddable":true,"href":"https:\/\/vmsport.fi\/sv\/wp-json\/wp\/v2\/product_brand?post=52915"},{"taxonomy":"product_model","embeddable":true,"href":"https:\/\/vmsport.fi\/sv\/wp-json\/wp\/v2\/product_model?post=52915"},{"taxonomy":"product_cat","embeddable":true,"href":"https:\/\/vmsport.fi\/sv\/wp-json\/wp\/v2\/product_cat?post=52915"},{"taxonomy":"product_tag","embeddable":true,"href":"https:\/\/vmsport.fi\/sv\/wp-json\/wp\/v2\/product_tag?post=52915"},{"taxonomy":"industry_terminology","embeddable":true,"href":"https:\/\/vmsport.fi\/sv\/wp-json\/wp\/v2\/industry-terminology?post=52915"}],"curies":[{"name":"wp","href":"https:\/\/api.w.org\/{rel}","templated":true}]}}