{"id":52911,"date":"2025-03-05T23:35:22","date_gmt":"2025-03-05T21:35:22","guid":{"rendered":"https:\/\/vmsport.fi\/verkkokauppa\/Ei-luokiteltu\/bergamont-lasten-sade-suoja-musta-50cm\/"},"modified":"2026-01-16T13:21:10","modified_gmt":"2026-01-16T11:21:10","slug":"bergamont-regnskydd-for-barn-svart-50cm","status":"publish","type":"product","link":"https:\/\/vmsport.fi\/sv\/verkkokauppa\/tarvikkeet\/muut-oheistuotteet\/laatikkopyoran-lisaosat\/bergamont-lasten-sade-suoja-musta-50cm\/","title":{"rendered":"Bergamont Regnskydd f\u00f6r barn svart \/ 50cm"},"content":{"rendered":"<p>Bergamont Kids Rain Shield \u00e4r ett snyggt svart tillbeh\u00f6r som ger skydd under regniga dagar. Det \u00e4r utformat f\u00f6r att t\u00e4cka en skyddsyta p\u00e5 50 cm, vilket g\u00f6r det till ett utm\u00e4rkt komplement till din cykel eftersom det effektivt skyddar barnen fr\u00e5n regnet. Det slitstarka materialet har valts ut med omsorg f\u00f6r att s\u00e4kerst\u00e4lla produktens livsl\u00e4ngd. Uppfyller perfekt barns och f\u00f6r\u00e4ldrars f\u00f6rv\u00e4ntningar och ger en bekv\u00e4m och skyddande cykeltur p\u00e5 dagliga \u00e4ventyr.<\/p>","protected":false},"excerpt":{"rendered":"<p>Bergamontin lasten sadesuoja on tyylik\u00e4s musta lis\u00e4varuste, joka tuo turvaa sateisina p\u00e4ivin\u00e4. Se on suunniteltu kattamaan 50 cm suojapinta-ala, mik\u00e4 tekee siit\u00e4 erinomaisen lis\u00e4n py\u00f6r\u00e4\u00e4n, koska se suojaa lapsia tehokkaasti sateelta. Kest\u00e4v\u00e4 materiaali on valittu huolella, jotta varmistetaan tuotteen pitk\u00e4ik\u00e4isyys. Sopii t\u00e4ydellisesti lasten ja vanhempien odotuksiin tarjoten mukavan ja suojaavan matkan p\u00e4ivitt\u00e4isill\u00e4 seikkailuilla. [&#8230;]<\/p>\n<p><a class=\"btn btn-secondary understrap-read-more-link\" href=\"https:\/\/vmsport.fi\/sv\/verkkokauppa\/tarvikkeet\/muut-oheistuotteet\/laatikkopyoran-lisaosat\/bergamont-lasten-sade-suoja-musta-50cm\/\">L\u00e4s mer \u2026<span class=\"screen-reader-text\"> from Bergamont Lasten Sade suoja musta \/ 50cm<\/span><\/a><\/p>\n","protected":false},"featured_media":52907,"comment_status":"open","ping_status":"closed","template":"","meta":{"_acf_changed":false,"_improvement_type_select":"improve_an_existing","_thumb_yes_seoaic":false,"_frame_yes_seoaic":false,"seoaic_generate_description":"","seoaic_improve_instructions_prompt":"","seoaic_rollback_content_improvement":"","seoaic_idea_thumbnail_generator":"","thumbnail_generated":false,"thumbnail_generate_prompt":"","seoaic_article_description":"","_supplier_stock_quantity":0},"product_brand":[44],"product_model":[],"product_cat":[9452],"product_tag":[],"industry-terminology":[],"class_list":{"0":"post-52911","1":"product","2":"type-product","3":"status-publish","4":"has-post-thumbnail","6":"product_brand-bergamont","7":"product_cat-laatikkopyoran-lisaosat","9":"first","10":"outofstock","11":"sale","12":"taxable","13":"shipping-taxable","14":"product-type-simple"},"acf":{"bike_features":null,"overview":{"copy_overview":null,"key_features":null,"statement":"","youtube_url":""}},"yoast_head":"<!-- This site is optimized with the Yoast SEO plugin v27.3 - https:\/\/yoast.com\/product\/yoast-seo-wordpress\/ -->\n<title>Bergamont Lasten Sade suoja musta \/ 50cm - VM Sport<\/title>\n<meta name=\"robots\" content=\"index, follow, max-snippet:-1, max-image-preview:large, max-video-preview:-1\" \/>\n<link rel=\"canonical\" href=\"https:\/\/vmsport.fi\/sv\/webbutik\/tillbehor\/andra-kompletterande-produkter\/tillagg-for-boxad-skorsten\/bergamont-regnskydd-for-barn-svart-50cm\/\" \/>\n<meta property=\"og:locale\" content=\"sv_SE\" \/>\n<meta property=\"og:type\" content=\"article\" \/>\n<meta property=\"og:title\" content=\"Bergamont Lasten Sade suoja musta \/ 50cm - VM Sport\" \/>\n<meta property=\"og:description\" content=\"Bergamontin lasten sadesuoja on tyylik\u00e4s musta lis\u00e4varuste, joka tuo turvaa sateisina p\u00e4ivin\u00e4. Se on suunniteltu kattamaan 50 cm suojapinta-ala, mik\u00e4 tekee siit\u00e4 erinomaisen lis\u00e4n py\u00f6r\u00e4\u00e4n, koska se suojaa lapsia tehokkaasti sateelta. Kest\u00e4v\u00e4 materiaali on valittu huolella, jotta varmistetaan tuotteen pitk\u00e4ik\u00e4isyys. Sopii t\u00e4ydellisesti lasten ja vanhempien odotuksiin tarjoten mukavan ja suojaavan matkan p\u00e4ivitt\u00e4isill\u00e4 seikkailuilla. [...]L\u00e4s mer \u2026 from Bergamont Lasten Sade suoja musta \/ 50cm\" \/>\n<meta property=\"og:url\" content=\"https:\/\/vmsport.fi\/sv\/webbutik\/tillbehor\/andra-kompletterande-produkter\/tillagg-for-boxad-skorsten\/bergamont-regnskydd-for-barn-svart-50cm\/\" \/>\n<meta property=\"og:site_name\" content=\"VM Sport\" \/>\n<meta property=\"article:publisher\" content=\"https:\/\/www.facebook.com\/Vmsport.fi\/\" \/>\n<meta property=\"article:modified_time\" content=\"2026-01-16T11:21:10+00:00\" \/>\n<meta property=\"og:image\" content=\"https:\/\/vmsport.fi\/wp-content\/uploads\/2025\/03\/279501-begamont-rain-canopy-01-1162171-1.jpg\" \/>\n\t<meta property=\"og:image:width\" content=\"1000\" \/>\n\t<meta property=\"og:image:height\" content=\"1000\" \/>\n\t<meta property=\"og:image:type\" content=\"image\/jpeg\" \/>\n<meta name=\"twitter:card\" content=\"summary_large_image\" \/>\n<script type=\"application\/ld+json\" class=\"yoast-schema-graph\">{\"@context\":\"https:\\\/\\\/schema.org\",\"@graph\":[{\"@type\":[\"WebPage\",\"ItemPage\"],\"@id\":\"https:\\\/\\\/vmsport.fi\\\/verkkokauppa\\\/tarvikkeet\\\/muut-oheistuotteet\\\/laatikkopyoran-lisaosat\\\/bergamont-lasten-sade-suoja-musta-50cm\\\/\",\"url\":\"https:\\\/\\\/vmsport.fi\\\/verkkokauppa\\\/tarvikkeet\\\/muut-oheistuotteet\\\/laatikkopyoran-lisaosat\\\/bergamont-lasten-sade-suoja-musta-50cm\\\/\",\"name\":\"Bergamont Lasten Sade suoja musta \\\/ 50cm - VM Sport\",\"isPartOf\":{\"@id\":\"https:\\\/\\\/vmsport.fi\\\/#website\"},\"primaryImageOfPage\":{\"@id\":\"https:\\\/\\\/vmsport.fi\\\/verkkokauppa\\\/tarvikkeet\\\/muut-oheistuotteet\\\/laatikkopyoran-lisaosat\\\/bergamont-lasten-sade-suoja-musta-50cm\\\/#primaryimage\"},\"image\":{\"@id\":\"https:\\\/\\\/vmsport.fi\\\/verkkokauppa\\\/tarvikkeet\\\/muut-oheistuotteet\\\/laatikkopyoran-lisaosat\\\/bergamont-lasten-sade-suoja-musta-50cm\\\/#primaryimage\"},\"thumbnailUrl\":\"https:\\\/\\\/vmsport.fi\\\/wp-content\\\/uploads\\\/2025\\\/03\\\/279501-begamont-rain-canopy-01-1162171-1.jpg\",\"datePublished\":\"2025-03-05T21:35:22+00:00\",\"dateModified\":\"2026-01-16T11:21:10+00:00\",\"breadcrumb\":{\"@id\":\"https:\\\/\\\/vmsport.fi\\\/verkkokauppa\\\/tarvikkeet\\\/muut-oheistuotteet\\\/laatikkopyoran-lisaosat\\\/bergamont-lasten-sade-suoja-musta-50cm\\\/#breadcrumb\"},\"inLanguage\":\"sv-SE\",\"potentialAction\":[{\"@type\":\"ReadAction\",\"target\":[\"https:\\\/\\\/vmsport.fi\\\/verkkokauppa\\\/tarvikkeet\\\/muut-oheistuotteet\\\/laatikkopyoran-lisaosat\\\/bergamont-lasten-sade-suoja-musta-50cm\\\/\"]}]},{\"@type\":\"ImageObject\",\"inLanguage\":\"sv-SE\",\"@id\":\"https:\\\/\\\/vmsport.fi\\\/verkkokauppa\\\/tarvikkeet\\\/muut-oheistuotteet\\\/laatikkopyoran-lisaosat\\\/bergamont-lasten-sade-suoja-musta-50cm\\\/#primaryimage\",\"url\":\"https:\\\/\\\/vmsport.fi\\\/wp-content\\\/uploads\\\/2025\\\/03\\\/279501-begamont-rain-canopy-01-1162171-1.jpg\",\"contentUrl\":\"https:\\\/\\\/vmsport.fi\\\/wp-content\\\/uploads\\\/2025\\\/03\\\/279501-begamont-rain-canopy-01-1162171-1.jpg\",\"width\":1000,\"height\":1000,\"caption\":\"279501-begamont-rain-canopy-01-1162171\"},{\"@type\":\"BreadcrumbList\",\"@id\":\"https:\\\/\\\/vmsport.fi\\\/verkkokauppa\\\/tarvikkeet\\\/muut-oheistuotteet\\\/laatikkopyoran-lisaosat\\\/bergamont-lasten-sade-suoja-musta-50cm\\\/#breadcrumb\",\"itemListElement\":[{\"@type\":\"ListItem\",\"position\":1,\"name\":\"Etusivu\",\"item\":\"https:\\\/\\\/vmsport.fi\\\/\"},{\"@type\":\"ListItem\",\"position\":2,\"name\":\"Online Store\",\"item\":\"https:\\\/\\\/vmsport.fi\\\/en\\\/online-store\\\/\"},{\"@type\":\"ListItem\",\"position\":3,\"name\":\"Bergamont Lasten Sade suoja musta \\\/ 50cm\"}]},{\"@type\":\"WebSite\",\"@id\":\"https:\\\/\\\/vmsport.fi\\\/#website\",\"url\":\"https:\\\/\\\/vmsport.fi\\\/\",\"name\":\"Vmsport\",\"description\":\"Kaikki py\u00f6r\u00e4ilyyn yhdest\u00e4 paikasta\",\"publisher\":{\"@id\":\"https:\\\/\\\/vmsport.fi\\\/#organization\"},\"potentialAction\":[{\"@type\":\"SearchAction\",\"target\":{\"@type\":\"EntryPoint\",\"urlTemplate\":\"https:\\\/\\\/vmsport.fi\\\/?s={search_term_string}\"},\"query-input\":{\"@type\":\"PropertyValueSpecification\",\"valueRequired\":true,\"valueName\":\"search_term_string\"}}],\"inLanguage\":\"sv-SE\"},{\"@type\":\"Organization\",\"@id\":\"https:\\\/\\\/vmsport.fi\\\/#organization\",\"name\":\"Vmsport\",\"url\":\"https:\\\/\\\/vmsport.fi\\\/\",\"logo\":{\"@type\":\"ImageObject\",\"inLanguage\":\"sv-SE\",\"@id\":\"https:\\\/\\\/vmsport.fi\\\/#\\\/schema\\\/logo\\\/image\\\/\",\"url\":\"https:\\\/\\\/vmsport.fi\\\/wp-content\\\/uploads\\\/2024\\\/12\\\/vm_sport_RGB_horisontal-e1734526017575.png\",\"contentUrl\":\"https:\\\/\\\/vmsport.fi\\\/wp-content\\\/uploads\\\/2024\\\/12\\\/vm_sport_RGB_horisontal-e1734526017575.png\",\"width\":668,\"height\":85,\"caption\":\"Vmsport\"},\"image\":{\"@id\":\"https:\\\/\\\/vmsport.fi\\\/#\\\/schema\\\/logo\\\/image\\\/\"},\"sameAs\":[\"https:\\\/\\\/www.facebook.com\\\/Vmsport.fi\\\/\",\"https:\\\/\\\/www.instagram.com\\\/vmsport\\\/\"]}]}<\/script>\n<!-- \/ Yoast SEO plugin. -->","yoast_head_json":{"title":"Bergamont Regnskydd f\u00f6r barn svart \/ 50cm - VM Sport","robots":{"index":"index","follow":"follow","max-snippet":"max-snippet:-1","max-image-preview":"max-image-preview:large","max-video-preview":"max-video-preview:-1"},"canonical":"https:\/\/vmsport.fi\/sv\/webbutik\/tillbehor\/andra-kompletterande-produkter\/tillagg-for-boxad-skorsten\/bergamont-regnskydd-for-barn-svart-50cm\/","og_locale":"sv_SE","og_type":"article","og_title":"Bergamont Lasten Sade suoja musta \/ 50cm - VM Sport","og_description":"Bergamontin lasten sadesuoja on tyylik\u00e4s musta lis\u00e4varuste, joka tuo turvaa sateisina p\u00e4ivin\u00e4. Se on suunniteltu kattamaan 50 cm suojapinta-ala, mik\u00e4 tekee siit\u00e4 erinomaisen lis\u00e4n py\u00f6r\u00e4\u00e4n, koska se suojaa lapsia tehokkaasti sateelta. Kest\u00e4v\u00e4 materiaali on valittu huolella, jotta varmistetaan tuotteen pitk\u00e4ik\u00e4isyys. Sopii t\u00e4ydellisesti lasten ja vanhempien odotuksiin tarjoten mukavan ja suojaavan matkan p\u00e4ivitt\u00e4isill\u00e4 seikkailuilla. [...]L\u00e4s mer \u2026 from Bergamont Lasten Sade suoja musta \/ 50cm","og_url":"https:\/\/vmsport.fi\/sv\/webbutik\/tillbehor\/andra-kompletterande-produkter\/tillagg-for-boxad-skorsten\/bergamont-regnskydd-for-barn-svart-50cm\/","og_site_name":"VM Sport","article_publisher":"https:\/\/www.facebook.com\/Vmsport.fi\/","article_modified_time":"2026-01-16T11:21:10+00:00","og_image":[{"width":1000,"height":1000,"url":"https:\/\/vmsport.fi\/wp-content\/uploads\/2025\/03\/279501-begamont-rain-canopy-01-1162171-1.jpg","type":"image\/jpeg"}],"twitter_card":"summary_large_image","schema":{"@context":"https:\/\/schema.org","@graph":[{"@type":["WebPage","ItemPage"],"@id":"https:\/\/vmsport.fi\/verkkokauppa\/tarvikkeet\/muut-oheistuotteet\/laatikkopyoran-lisaosat\/bergamont-lasten-sade-suoja-musta-50cm\/","url":"https:\/\/vmsport.fi\/verkkokauppa\/tarvikkeet\/muut-oheistuotteet\/laatikkopyoran-lisaosat\/bergamont-lasten-sade-suoja-musta-50cm\/","name":"Bergamont Regnskydd f\u00f6r barn svart \/ 50cm - VM Sport","isPartOf":{"@id":"https:\/\/vmsport.fi\/#website"},"primaryImageOfPage":{"@id":"https:\/\/vmsport.fi\/verkkokauppa\/tarvikkeet\/muut-oheistuotteet\/laatikkopyoran-lisaosat\/bergamont-lasten-sade-suoja-musta-50cm\/#primaryimage"},"image":{"@id":"https:\/\/vmsport.fi\/verkkokauppa\/tarvikkeet\/muut-oheistuotteet\/laatikkopyoran-lisaosat\/bergamont-lasten-sade-suoja-musta-50cm\/#primaryimage"},"thumbnailUrl":"https:\/\/vmsport.fi\/wp-content\/uploads\/2025\/03\/279501-begamont-rain-canopy-01-1162171-1.jpg","datePublished":"2025-03-05T21:35:22+00:00","dateModified":"2026-01-16T11:21:10+00:00","breadcrumb":{"@id":"https:\/\/vmsport.fi\/verkkokauppa\/tarvikkeet\/muut-oheistuotteet\/laatikkopyoran-lisaosat\/bergamont-lasten-sade-suoja-musta-50cm\/#breadcrumb"},"inLanguage":"sv-SE","potentialAction":[{"@type":"ReadAction","target":["https:\/\/vmsport.fi\/verkkokauppa\/tarvikkeet\/muut-oheistuotteet\/laatikkopyoran-lisaosat\/bergamont-lasten-sade-suoja-musta-50cm\/"]}]},{"@type":"ImageObject","inLanguage":"sv-SE","@id":"https:\/\/vmsport.fi\/verkkokauppa\/tarvikkeet\/muut-oheistuotteet\/laatikkopyoran-lisaosat\/bergamont-lasten-sade-suoja-musta-50cm\/#primaryimage","url":"https:\/\/vmsport.fi\/wp-content\/uploads\/2025\/03\/279501-begamont-rain-canopy-01-1162171-1.jpg","contentUrl":"https:\/\/vmsport.fi\/wp-content\/uploads\/2025\/03\/279501-begamont-rain-canopy-01-1162171-1.jpg","width":1000,"height":1000,"caption":"279501-begamont-rain-canopy-01-1162171"},{"@type":"BreadcrumbList","@id":"https:\/\/vmsport.fi\/verkkokauppa\/tarvikkeet\/muut-oheistuotteet\/laatikkopyoran-lisaosat\/bergamont-lasten-sade-suoja-musta-50cm\/#breadcrumb","itemListElement":[{"@type":"ListItem","position":1,"name":"Etusivu","item":"https:\/\/vmsport.fi\/"},{"@type":"ListItem","position":2,"name":"Online Store","item":"https:\/\/vmsport.fi\/en\/online-store\/"},{"@type":"ListItem","position":3,"name":"Bergamont Lasten Sade suoja musta \/ 50cm"}]},{"@type":"WebSite","@id":"https:\/\/vmsport.fi\/#website","url":"https:\/\/vmsport.fi\/","name":"Vmsport","description":"Allt p\u00e5 ett st\u00e4lle f\u00f6r cykling","publisher":{"@id":"https:\/\/vmsport.fi\/#organization"},"potentialAction":[{"@type":"SearchAction","target":{"@type":"EntryPoint","urlTemplate":"https:\/\/vmsport.fi\/?s={search_term_string}"},"query-input":{"@type":"PropertyValueSpecification","valueRequired":true,"valueName":"search_term_string"}}],"inLanguage":"sv-SE"},{"@type":"Organization","@id":"https:\/\/vmsport.fi\/#organization","name":"Vmsport","url":"https:\/\/vmsport.fi\/","logo":{"@type":"ImageObject","inLanguage":"sv-SE","@id":"https:\/\/vmsport.fi\/#\/schema\/logo\/image\/","url":"https:\/\/vmsport.fi\/wp-content\/uploads\/2024\/12\/vm_sport_RGB_horisontal-e1734526017575.png","contentUrl":"https:\/\/vmsport.fi\/wp-content\/uploads\/2024\/12\/vm_sport_RGB_horisontal-e1734526017575.png","width":668,"height":85,"caption":"Vmsport"},"image":{"@id":"https:\/\/vmsport.fi\/#\/schema\/logo\/image\/"},"sameAs":["https:\/\/www.facebook.com\/Vmsport.fi\/","https:\/\/www.instagram.com\/vmsport\/"]}]}},"global_unique_id":"","_links":{"self":[{"href":"https:\/\/vmsport.fi\/sv\/wp-json\/wp\/v2\/product\/52911","targetHints":{"allow":["GET"]}}],"collection":[{"href":"https:\/\/vmsport.fi\/sv\/wp-json\/wp\/v2\/product"}],"about":[{"href":"https:\/\/vmsport.fi\/sv\/wp-json\/wp\/v2\/types\/product"}],"replies":[{"embeddable":true,"href":"https:\/\/vmsport.fi\/sv\/wp-json\/wp\/v2\/comments?post=52911"}],"wp:featuredmedia":[{"embeddable":true,"href":"https:\/\/vmsport.fi\/sv\/wp-json\/wp\/v2\/media\/52907"}],"wp:attachment":[{"href":"https:\/\/vmsport.fi\/sv\/wp-json\/wp\/v2\/media?parent=52911"}],"wp:term":[{"taxonomy":"product_brand","embeddable":true,"href":"https:\/\/vmsport.fi\/sv\/wp-json\/wp\/v2\/product_brand?post=52911"},{"taxonomy":"product_model","embeddable":true,"href":"https:\/\/vmsport.fi\/sv\/wp-json\/wp\/v2\/product_model?post=52911"},{"taxonomy":"product_cat","embeddable":true,"href":"https:\/\/vmsport.fi\/sv\/wp-json\/wp\/v2\/product_cat?post=52911"},{"taxonomy":"product_tag","embeddable":true,"href":"https:\/\/vmsport.fi\/sv\/wp-json\/wp\/v2\/product_tag?post=52911"},{"taxonomy":"industry_terminology","embeddable":true,"href":"https:\/\/vmsport.fi\/sv\/wp-json\/wp\/v2\/industry-terminology?post=52911"}],"curies":[{"name":"wp","href":"https:\/\/api.w.org\/{rel}","templated":true}]}}