{"id":52886,"date":"2025-03-05T23:35:02","date_gmt":"2025-03-05T21:35:02","guid":{"rendered":"https:\/\/vmsport.fi\/verkkokauppa\/Ei-luokiteltu\/jarrupalat-avid-code-07-10\/"},"modified":"2026-04-22T15:07:39","modified_gmt":"2026-04-22T12:07:39","slug":"bromsbelagg-avid-kod-07-10","status":"publish","type":"product","link":"https:\/\/vmsport.fi\/sv\/verkkokauppa\/varaosat\/jarrut\/jarrupalat\/jarrupalat-avid-code-07-10\/","title":{"rendered":"bromsbel\u00e4gg AVID Kod (07 - 10)"},"content":{"rendered":"<p>Avid MY07-10 Code bromsbel\u00e4gg \u00e4r s\u00e4rskilt utformade f\u00f6r Avid MY07-MY10 Code skivbromssystem, vilket g\u00f6r dem idealiska f\u00f6r att ers\u00e4tta gamla bromsbel\u00e4gg p\u00e5 dessa modeller. Bromsbel\u00e4ggen \u00e4r tillverkade av sintrat material f\u00f6r h\u00f6g h\u00e5llbarhet och v\u00e4rmebest\u00e4ndighet, s\u00e5 att de bibeh\u00e5ller sin goda prestanda \u00e4ven under extrema f\u00f6rh\u00e5llanden. SRAM-tillverkade och Avid-m\u00e4rkta bromsbel\u00e4gg \u00e4r k\u00e4nda f\u00f6r sin tillf\u00f6rlitliga bromsprestanda och l\u00e5nga livsl\u00e4ngd. F\u00f6r cyklister som vill underh\u00e5lla eller uppgradera sina Avid Code-bromssystem med tillf\u00f6rlitliga och h\u00e5llbara delar \u00e4r dessa bromsbel\u00e4gg det b\u00e4sta valet.<\/p>","protected":false},"excerpt":{"rendered":"<p>Avid MY07-10 Code -jarrupalat on suunniteltu erityisesti Avid MY07\u2013MY10 Code -levyjarruj\u00e4rjestelmille, joten ne sopivat erinomaisesti vanhojen jarrupalojen korvaamiseen n\u00e4iss\u00e4 malleissa. Jarrupalat on valmistettu sintratusta materiaalista, mik\u00e4 takaa korkean kest\u00e4vyyden ja l\u00e4mm\u00f6nsietokyvyn, joten ne s\u00e4ilytt\u00e4v\u00e4t hyv\u00e4n suorituskykyns\u00e4 jopa \u00e4\u00e4rimm\u00e4isiss\u00e4 olosuhteissa. SRAM:n valmistamat ja Avidin tuotemerkkiin kuuluvat palat tunnetaan luotettavasta jarrutustehosta ja pitk\u00e4ik\u00e4isyydest\u00e4\u00e4n. Polkupy\u00f6r\u00e4ilij\u00f6ille, jotka haluavat yll\u00e4pit\u00e4\u00e4 [&#8230;]<\/p>\n<p><a class=\"btn btn-secondary understrap-read-more-link\" href=\"https:\/\/vmsport.fi\/sv\/verkkokauppa\/varaosat\/jarrut\/jarrupalat\/jarrupalat-avid-code-07-10\/\">L\u00e4s mer \u2026<span class=\"screen-reader-text\"> from jarrupalat AVID Code (07 &#8211; 10)<\/span><\/a><\/p>\n","protected":false},"featured_media":52885,"comment_status":"open","ping_status":"closed","template":"","meta":{"_acf_changed":false,"_improvement_type_select":"improve_an_existing","_thumb_yes_seoaic":false,"_frame_yes_seoaic":false,"seoaic_generate_description":"","seoaic_improve_instructions_prompt":"","seoaic_rollback_content_improvement":"","seoaic_idea_thumbnail_generator":"","thumbnail_generated":false,"thumbnail_generate_prompt":"","seoaic_article_description":"","_supplier_stock_quantity":0},"product_brand":[],"product_model":[],"product_cat":[9288],"product_tag":[],"industry-terminology":[],"class_list":{"0":"post-52886","1":"product","2":"type-product","3":"status-publish","4":"has-post-thumbnail","6":"product_cat-jarrupalat","8":"first","9":"instock","10":"taxable","11":"shipping-taxable","12":"purchasable","13":"product-type-simple"},"acf":{"bike_features":null,"overview":{"copy_overview":null,"key_features":null,"statement":"","youtube_url":""}},"yoast_head":"<!-- This site is optimized with the Yoast SEO plugin v27.4 - https:\/\/yoast.com\/product\/yoast-seo-wordpress\/ -->\n<title>jarrupalat AVID Code (07 - 10) - VM Sport<\/title>\n<meta name=\"robots\" content=\"index, follow, max-snippet:-1, max-image-preview:large, max-video-preview:-1\" \/>\n<link rel=\"canonical\" href=\"https:\/\/vmsport.fi\/sv\/webbutik\/reservdelar\/bromsar\/bromsbelagg\/bromsbelagg-avid-kod-07-10\/\" \/>\n<meta property=\"og:locale\" content=\"sv_SE\" \/>\n<meta property=\"og:type\" content=\"article\" \/>\n<meta property=\"og:title\" content=\"jarrupalat AVID Code (07 - 10) - VM Sport\" \/>\n<meta property=\"og:description\" content=\"Avid MY07-10 Code -jarrupalat on suunniteltu erityisesti Avid MY07\u2013MY10 Code -levyjarruj\u00e4rjestelmille, joten ne sopivat erinomaisesti vanhojen jarrupalojen korvaamiseen n\u00e4iss\u00e4 malleissa. Jarrupalat on valmistettu sintratusta materiaalista, mik\u00e4 takaa korkean kest\u00e4vyyden ja l\u00e4mm\u00f6nsietokyvyn, joten ne s\u00e4ilytt\u00e4v\u00e4t hyv\u00e4n suorituskykyns\u00e4 jopa \u00e4\u00e4rimm\u00e4isiss\u00e4 olosuhteissa. SRAM:n valmistamat ja Avidin tuotemerkkiin kuuluvat palat tunnetaan luotettavasta jarrutustehosta ja pitk\u00e4ik\u00e4isyydest\u00e4\u00e4n. Polkupy\u00f6r\u00e4ilij\u00f6ille, jotka haluavat yll\u00e4pit\u00e4\u00e4 [...]L\u00e4s mer \u2026 from jarrupalat AVID Code (07 &#8211; 10)\" \/>\n<meta property=\"og:url\" content=\"https:\/\/vmsport.fi\/sv\/webbutik\/reservdelar\/bromsar\/bromsbelagg\/bromsbelagg-avid-kod-07-10\/\" \/>\n<meta property=\"og:site_name\" content=\"VM Sport\" \/>\n<meta property=\"article:publisher\" content=\"https:\/\/www.facebook.com\/Vmsport.fi\/\" \/>\n<meta property=\"article:modified_time\" content=\"2026-04-22T12:07:39+00:00\" \/>\n<meta property=\"og:image\" content=\"https:\/\/vmsport.fi\/wp-content\/uploads\/2025\/03\/Belaegg-Adv-AVID-Code-07-10-1.jpg\" \/>\n\t<meta property=\"og:image:width\" content=\"967\" \/>\n\t<meta property=\"og:image:height\" content=\"647\" \/>\n\t<meta property=\"og:image:type\" content=\"image\/jpeg\" \/>\n<meta name=\"twitter:card\" content=\"summary_large_image\" \/>\n<script type=\"application\/ld+json\" class=\"yoast-schema-graph\">{\"@context\":\"https:\\\/\\\/schema.org\",\"@graph\":[{\"@type\":[\"WebPage\",\"ItemPage\"],\"@id\":\"https:\\\/\\\/vmsport.fi\\\/verkkokauppa\\\/varaosat\\\/jarrut\\\/jarrupalat\\\/jarrupalat-avid-code-07-10\\\/\",\"url\":\"https:\\\/\\\/vmsport.fi\\\/verkkokauppa\\\/varaosat\\\/jarrut\\\/jarrupalat\\\/jarrupalat-avid-code-07-10\\\/\",\"name\":\"jarrupalat AVID Code (07 - 10) - VM Sport\",\"isPartOf\":{\"@id\":\"https:\\\/\\\/vmsport.fi\\\/#website\"},\"primaryImageOfPage\":{\"@id\":\"https:\\\/\\\/vmsport.fi\\\/verkkokauppa\\\/varaosat\\\/jarrut\\\/jarrupalat\\\/jarrupalat-avid-code-07-10\\\/#primaryimage\"},\"image\":{\"@id\":\"https:\\\/\\\/vmsport.fi\\\/verkkokauppa\\\/varaosat\\\/jarrut\\\/jarrupalat\\\/jarrupalat-avid-code-07-10\\\/#primaryimage\"},\"thumbnailUrl\":\"https:\\\/\\\/vmsport.fi\\\/wp-content\\\/uploads\\\/2025\\\/03\\\/Belaegg-Adv-AVID-Code-07-10-1.jpg\",\"datePublished\":\"2025-03-05T21:35:02+00:00\",\"dateModified\":\"2026-04-22T12:07:39+00:00\",\"breadcrumb\":{\"@id\":\"https:\\\/\\\/vmsport.fi\\\/verkkokauppa\\\/varaosat\\\/jarrut\\\/jarrupalat\\\/jarrupalat-avid-code-07-10\\\/#breadcrumb\"},\"inLanguage\":\"sv-SE\",\"potentialAction\":[{\"@type\":\"ReadAction\",\"target\":[\"https:\\\/\\\/vmsport.fi\\\/verkkokauppa\\\/varaosat\\\/jarrut\\\/jarrupalat\\\/jarrupalat-avid-code-07-10\\\/\"]}]},{\"@type\":\"ImageObject\",\"inLanguage\":\"sv-SE\",\"@id\":\"https:\\\/\\\/vmsport.fi\\\/verkkokauppa\\\/varaosat\\\/jarrut\\\/jarrupalat\\\/jarrupalat-avid-code-07-10\\\/#primaryimage\",\"url\":\"https:\\\/\\\/vmsport.fi\\\/wp-content\\\/uploads\\\/2025\\\/03\\\/Belaegg-Adv-AVID-Code-07-10-1.jpg\",\"contentUrl\":\"https:\\\/\\\/vmsport.fi\\\/wp-content\\\/uploads\\\/2025\\\/03\\\/Belaegg-Adv-AVID-Code-07-10-1.jpg\",\"width\":967,\"height\":647,\"caption\":\"Belaegg-Adv-AVID-Code-07-10\"},{\"@type\":\"BreadcrumbList\",\"@id\":\"https:\\\/\\\/vmsport.fi\\\/verkkokauppa\\\/varaosat\\\/jarrut\\\/jarrupalat\\\/jarrupalat-avid-code-07-10\\\/#breadcrumb\",\"itemListElement\":[{\"@type\":\"ListItem\",\"position\":1,\"name\":\"Etusivu\",\"item\":\"https:\\\/\\\/vmsport.fi\\\/\"},{\"@type\":\"ListItem\",\"position\":2,\"name\":\"Online Store\",\"item\":\"https:\\\/\\\/vmsport.fi\\\/en\\\/online-store\\\/\"},{\"@type\":\"ListItem\",\"position\":3,\"name\":\"jarrupalat AVID Code (07 &#8211; 10)\"}]},{\"@type\":\"WebSite\",\"@id\":\"https:\\\/\\\/vmsport.fi\\\/#website\",\"url\":\"https:\\\/\\\/vmsport.fi\\\/\",\"name\":\"Vmsport\",\"description\":\"Kaikki py\u00f6r\u00e4ilyyn yhdest\u00e4 paikasta\",\"publisher\":{\"@id\":\"https:\\\/\\\/vmsport.fi\\\/#organization\"},\"potentialAction\":[{\"@type\":\"SearchAction\",\"target\":{\"@type\":\"EntryPoint\",\"urlTemplate\":\"https:\\\/\\\/vmsport.fi\\\/?s={search_term_string}\"},\"query-input\":{\"@type\":\"PropertyValueSpecification\",\"valueRequired\":true,\"valueName\":\"search_term_string\"}}],\"inLanguage\":\"sv-SE\"},{\"@type\":\"Organization\",\"@id\":\"https:\\\/\\\/vmsport.fi\\\/#organization\",\"name\":\"Vmsport\",\"url\":\"https:\\\/\\\/vmsport.fi\\\/\",\"logo\":{\"@type\":\"ImageObject\",\"inLanguage\":\"sv-SE\",\"@id\":\"https:\\\/\\\/vmsport.fi\\\/#\\\/schema\\\/logo\\\/image\\\/\",\"url\":\"https:\\\/\\\/vmsport.fi\\\/wp-content\\\/uploads\\\/2024\\\/12\\\/vm_sport_RGB_horisontal-e1734526017575.png\",\"contentUrl\":\"https:\\\/\\\/vmsport.fi\\\/wp-content\\\/uploads\\\/2024\\\/12\\\/vm_sport_RGB_horisontal-e1734526017575.png\",\"width\":668,\"height\":85,\"caption\":\"Vmsport\"},\"image\":{\"@id\":\"https:\\\/\\\/vmsport.fi\\\/#\\\/schema\\\/logo\\\/image\\\/\"},\"sameAs\":[\"https:\\\/\\\/www.facebook.com\\\/Vmsport.fi\\\/\",\"https:\\\/\\\/www.instagram.com\\\/vmsport\\\/\"]}]}<\/script>\n<!-- \/ Yoast SEO plugin. -->","yoast_head_json":{"title":"bromsbel\u00e4gg AVID-kod (07 - 10) - VM Sport","robots":{"index":"index","follow":"follow","max-snippet":"max-snippet:-1","max-image-preview":"max-image-preview:large","max-video-preview":"max-video-preview:-1"},"canonical":"https:\/\/vmsport.fi\/sv\/webbutik\/reservdelar\/bromsar\/bromsbelagg\/bromsbelagg-avid-kod-07-10\/","og_locale":"sv_SE","og_type":"article","og_title":"jarrupalat AVID Code (07 - 10) - VM Sport","og_description":"Avid MY07-10 Code -jarrupalat on suunniteltu erityisesti Avid MY07\u2013MY10 Code -levyjarruj\u00e4rjestelmille, joten ne sopivat erinomaisesti vanhojen jarrupalojen korvaamiseen n\u00e4iss\u00e4 malleissa. Jarrupalat on valmistettu sintratusta materiaalista, mik\u00e4 takaa korkean kest\u00e4vyyden ja l\u00e4mm\u00f6nsietokyvyn, joten ne s\u00e4ilytt\u00e4v\u00e4t hyv\u00e4n suorituskykyns\u00e4 jopa \u00e4\u00e4rimm\u00e4isiss\u00e4 olosuhteissa. SRAM:n valmistamat ja Avidin tuotemerkkiin kuuluvat palat tunnetaan luotettavasta jarrutustehosta ja pitk\u00e4ik\u00e4isyydest\u00e4\u00e4n. Polkupy\u00f6r\u00e4ilij\u00f6ille, jotka haluavat yll\u00e4pit\u00e4\u00e4 [...]L\u00e4s mer \u2026 from jarrupalat AVID Code (07 &#8211; 10)","og_url":"https:\/\/vmsport.fi\/sv\/webbutik\/reservdelar\/bromsar\/bromsbelagg\/bromsbelagg-avid-kod-07-10\/","og_site_name":"VM Sport","article_publisher":"https:\/\/www.facebook.com\/Vmsport.fi\/","article_modified_time":"2026-04-22T12:07:39+00:00","og_image":[{"width":967,"height":647,"url":"https:\/\/vmsport.fi\/wp-content\/uploads\/2025\/03\/Belaegg-Adv-AVID-Code-07-10-1.jpg","type":"image\/jpeg"}],"twitter_card":"summary_large_image","schema":{"@context":"https:\/\/schema.org","@graph":[{"@type":["WebPage","ItemPage"],"@id":"https:\/\/vmsport.fi\/verkkokauppa\/varaosat\/jarrut\/jarrupalat\/jarrupalat-avid-code-07-10\/","url":"https:\/\/vmsport.fi\/verkkokauppa\/varaosat\/jarrut\/jarrupalat\/jarrupalat-avid-code-07-10\/","name":"bromsbel\u00e4gg AVID-kod (07 - 10) - VM Sport","isPartOf":{"@id":"https:\/\/vmsport.fi\/#website"},"primaryImageOfPage":{"@id":"https:\/\/vmsport.fi\/verkkokauppa\/varaosat\/jarrut\/jarrupalat\/jarrupalat-avid-code-07-10\/#primaryimage"},"image":{"@id":"https:\/\/vmsport.fi\/verkkokauppa\/varaosat\/jarrut\/jarrupalat\/jarrupalat-avid-code-07-10\/#primaryimage"},"thumbnailUrl":"https:\/\/vmsport.fi\/wp-content\/uploads\/2025\/03\/Belaegg-Adv-AVID-Code-07-10-1.jpg","datePublished":"2025-03-05T21:35:02+00:00","dateModified":"2026-04-22T12:07:39+00:00","breadcrumb":{"@id":"https:\/\/vmsport.fi\/verkkokauppa\/varaosat\/jarrut\/jarrupalat\/jarrupalat-avid-code-07-10\/#breadcrumb"},"inLanguage":"sv-SE","potentialAction":[{"@type":"ReadAction","target":["https:\/\/vmsport.fi\/verkkokauppa\/varaosat\/jarrut\/jarrupalat\/jarrupalat-avid-code-07-10\/"]}]},{"@type":"ImageObject","inLanguage":"sv-SE","@id":"https:\/\/vmsport.fi\/verkkokauppa\/varaosat\/jarrut\/jarrupalat\/jarrupalat-avid-code-07-10\/#primaryimage","url":"https:\/\/vmsport.fi\/wp-content\/uploads\/2025\/03\/Belaegg-Adv-AVID-Code-07-10-1.jpg","contentUrl":"https:\/\/vmsport.fi\/wp-content\/uploads\/2025\/03\/Belaegg-Adv-AVID-Code-07-10-1.jpg","width":967,"height":647,"caption":"Belaegg-Adv-AVID-Code-07-10"},{"@type":"BreadcrumbList","@id":"https:\/\/vmsport.fi\/verkkokauppa\/varaosat\/jarrut\/jarrupalat\/jarrupalat-avid-code-07-10\/#breadcrumb","itemListElement":[{"@type":"ListItem","position":1,"name":"Etusivu","item":"https:\/\/vmsport.fi\/"},{"@type":"ListItem","position":2,"name":"Online Store","item":"https:\/\/vmsport.fi\/en\/online-store\/"},{"@type":"ListItem","position":3,"name":"jarrupalat AVID Code (07 &#8211; 10)"}]},{"@type":"WebSite","@id":"https:\/\/vmsport.fi\/#website","url":"https:\/\/vmsport.fi\/","name":"Vmsport","description":"Allt p\u00e5 ett st\u00e4lle f\u00f6r cykling","publisher":{"@id":"https:\/\/vmsport.fi\/#organization"},"potentialAction":[{"@type":"SearchAction","target":{"@type":"EntryPoint","urlTemplate":"https:\/\/vmsport.fi\/?s={search_term_string}"},"query-input":{"@type":"PropertyValueSpecification","valueRequired":true,"valueName":"search_term_string"}}],"inLanguage":"sv-SE"},{"@type":"Organization","@id":"https:\/\/vmsport.fi\/#organization","name":"Vmsport","url":"https:\/\/vmsport.fi\/","logo":{"@type":"ImageObject","inLanguage":"sv-SE","@id":"https:\/\/vmsport.fi\/#\/schema\/logo\/image\/","url":"https:\/\/vmsport.fi\/wp-content\/uploads\/2024\/12\/vm_sport_RGB_horisontal-e1734526017575.png","contentUrl":"https:\/\/vmsport.fi\/wp-content\/uploads\/2024\/12\/vm_sport_RGB_horisontal-e1734526017575.png","width":668,"height":85,"caption":"Vmsport"},"image":{"@id":"https:\/\/vmsport.fi\/#\/schema\/logo\/image\/"},"sameAs":["https:\/\/www.facebook.com\/Vmsport.fi\/","https:\/\/www.instagram.com\/vmsport\/"]}]}},"global_unique_id":"","_links":{"self":[{"href":"https:\/\/vmsport.fi\/sv\/wp-json\/wp\/v2\/product\/52886","targetHints":{"allow":["GET"]}}],"collection":[{"href":"https:\/\/vmsport.fi\/sv\/wp-json\/wp\/v2\/product"}],"about":[{"href":"https:\/\/vmsport.fi\/sv\/wp-json\/wp\/v2\/types\/product"}],"replies":[{"embeddable":true,"href":"https:\/\/vmsport.fi\/sv\/wp-json\/wp\/v2\/comments?post=52886"}],"wp:featuredmedia":[{"embeddable":true,"href":"https:\/\/vmsport.fi\/sv\/wp-json\/wp\/v2\/media\/52885"}],"wp:attachment":[{"href":"https:\/\/vmsport.fi\/sv\/wp-json\/wp\/v2\/media?parent=52886"}],"wp:term":[{"taxonomy":"product_brand","embeddable":true,"href":"https:\/\/vmsport.fi\/sv\/wp-json\/wp\/v2\/product_brand?post=52886"},{"taxonomy":"product_model","embeddable":true,"href":"https:\/\/vmsport.fi\/sv\/wp-json\/wp\/v2\/product_model?post=52886"},{"taxonomy":"product_cat","embeddable":true,"href":"https:\/\/vmsport.fi\/sv\/wp-json\/wp\/v2\/product_cat?post=52886"},{"taxonomy":"product_tag","embeddable":true,"href":"https:\/\/vmsport.fi\/sv\/wp-json\/wp\/v2\/product_tag?post=52886"},{"taxonomy":"industry_terminology","embeddable":true,"href":"https:\/\/vmsport.fi\/sv\/wp-json\/wp\/v2\/industry-terminology?post=52886"}],"curies":[{"name":"wp","href":"https:\/\/api.w.org\/{rel}","templated":true}]}}