{"id":52881,"date":"2025-03-05T23:34:59","date_gmt":"2025-03-05T21:34:59","guid":{"rendered":"https:\/\/vmsport.fi\/verkkokauppa\/Ei-luokiteltu\/6903-2rs-1x-6903-17x30x7-mm\/"},"modified":"2026-03-27T02:00:29","modified_gmt":"2026-03-27T00:00:29","slug":"6903-2rs-1x-6903-17x30x7-mm","status":"publish","type":"product","link":"https:\/\/vmsport.fi\/sv\/verkkokauppa\/varaosat\/kiekot-ja-navat\/laakerit\/6903-2rs-1x-6903-17x30x7-mm\/","title":{"rendered":"6903-2RS 1x 6903 - 17x30x7 mm"},"content":{"rendered":"<p>Kullager 6903-2RS \u00e4r ett kompakt radialkullager som \u00e4r konstruerat med tanke p\u00e5 l\u00e4tthet och h\u00e5llbarhet. Lagret har en kompakt storlek med en diameter p\u00e5 17 mm och en ytterdiameter p\u00e5 30 mm, men ger \u00e4nd\u00e5 tillf\u00f6rlitlig prestanda. Detta beror delvis p\u00e5 den robusta st\u00e5lburen och de tv\u00e5 skyddande gummit\u00e4tningarna som effektivt h\u00e5ller f\u00f6roreningar borta. Lagrets standardradialspel g\u00f6r det m\u00e5ngsidigt f\u00f6r en m\u00e4ngd olika applikationer. Den dynamiska lastkapaciteten p\u00e5 4,62 kN och den statiska lastkapaciteten p\u00e5 2,55 kN s\u00e4kerst\u00e4ller h\u00e5llbarhet \u00e4ven under tunga belastningsf\u00f6rh\u00e5llanden. Lagret \u00e4r konstruerat f\u00f6r att klara h\u00f6ga varvtal, med ett rekommenderat varvtal p\u00e5 50 000 rpm och ett maxvarvtal p\u00e5 32 000 rpm. Dessa egenskaper g\u00f6r det till ett tillf\u00f6rlitligt val f\u00f6r m\u00e5nga kr\u00e4vande applikationer.<\/p>","protected":false},"excerpt":{"rendered":"<p>6903-2RS-kuulalaakeri on tiivis radiaalikuulalaakeri, jonka suunnittelussa on keskitytty keveyteen ja kest\u00e4vyyteen. Sen koko on kompaktisti halkaisijaltaan 17 mm ja ulkohalkaisijaltaan 30 mm, mutta se tarjoaa silti luotettavan suorituskyvyn. T\u00e4m\u00e4 johtuu osittain lujasta ter\u00e4ksisest\u00e4 h\u00e4kist\u00e4 ja kahdesta suojaavasta kumitiivisteest\u00e4, jotka pit\u00e4v\u00e4t ep\u00e4puhtaudet tehokkaasti loitolla. Laakerin standardin mukainen radiaaliv\u00e4lys tekee siit\u00e4 monipuolisen erilaisiin k\u00e4ytt\u00f6tarkoituksiin. Dynaaminen kuormituskyky on [&#8230;]<\/p>\n<p><a class=\"btn btn-secondary understrap-read-more-link\" href=\"https:\/\/vmsport.fi\/sv\/verkkokauppa\/varaosat\/kiekot-ja-navat\/laakerit\/6903-2rs-1x-6903-17x30x7-mm\/\">L\u00e4s mer \u2026<span class=\"screen-reader-text\"> from 6903-2RS 1x 6903 &#8211; 17x30x7 mm<\/span><\/a><\/p>\n","protected":false},"featured_media":52880,"comment_status":"open","ping_status":"closed","template":"","meta":{"_acf_changed":false,"_improvement_type_select":"improve_an_existing","_thumb_yes_seoaic":false,"_frame_yes_seoaic":false,"seoaic_generate_description":"","seoaic_improve_instructions_prompt":"","seoaic_rollback_content_improvement":"","seoaic_idea_thumbnail_generator":"","thumbnail_generated":false,"thumbnail_generate_prompt":"","seoaic_article_description":"","_supplier_stock_quantity":0},"product_brand":[],"product_model":[],"product_cat":[9464],"product_tag":[],"industry-terminology":[],"class_list":{"0":"post-52881","1":"product","2":"type-product","3":"status-publish","4":"has-post-thumbnail","6":"product_cat-laakerit","8":"first","9":"outofstock","10":"taxable","11":"shipping-taxable","12":"product-type-simple"},"acf":{"bike_features":null,"overview":{"copy_overview":null,"key_features":null,"statement":"","youtube_url":""}},"yoast_head":"<!-- This site is optimized with the Yoast SEO plugin v27.3 - https:\/\/yoast.com\/product\/yoast-seo-wordpress\/ -->\n<title>6903-2RS 1x 6903 - 17x30x7 mm - VM Sport<\/title>\n<meta name=\"robots\" content=\"index, follow, max-snippet:-1, max-image-preview:large, max-video-preview:-1\" \/>\n<link rel=\"canonical\" href=\"https:\/\/vmsport.fi\/sv\/webbutik\/reservdelar\/skivor-och-nav\/lager\/6903-2rs-1x-6903-17x30x7-mm\/\" \/>\n<meta property=\"og:locale\" content=\"sv_SE\" \/>\n<meta property=\"og:type\" content=\"article\" \/>\n<meta property=\"og:title\" content=\"6903-2RS 1x 6903 - 17x30x7 mm - VM Sport\" \/>\n<meta property=\"og:description\" content=\"6903-2RS-kuulalaakeri on tiivis radiaalikuulalaakeri, jonka suunnittelussa on keskitytty keveyteen ja kest\u00e4vyyteen. Sen koko on kompaktisti halkaisijaltaan 17 mm ja ulkohalkaisijaltaan 30 mm, mutta se tarjoaa silti luotettavan suorituskyvyn. T\u00e4m\u00e4 johtuu osittain lujasta ter\u00e4ksisest\u00e4 h\u00e4kist\u00e4 ja kahdesta suojaavasta kumitiivisteest\u00e4, jotka pit\u00e4v\u00e4t ep\u00e4puhtaudet tehokkaasti loitolla. Laakerin standardin mukainen radiaaliv\u00e4lys tekee siit\u00e4 monipuolisen erilaisiin k\u00e4ytt\u00f6tarkoituksiin. Dynaaminen kuormituskyky on [...]L\u00e4s mer \u2026 from 6903-2RS 1x 6903 &#8211; 17x30x7 mm\" \/>\n<meta property=\"og:url\" content=\"https:\/\/vmsport.fi\/sv\/webbutik\/reservdelar\/skivor-och-nav\/lager\/6903-2rs-1x-6903-17x30x7-mm\/\" \/>\n<meta property=\"og:site_name\" content=\"VM Sport\" \/>\n<meta property=\"article:publisher\" content=\"https:\/\/www.facebook.com\/Vmsport.fi\/\" \/>\n<meta property=\"article:modified_time\" content=\"2026-03-27T00:00:29+00:00\" \/>\n<meta property=\"og:image\" content=\"https:\/\/vmsport.fi\/wp-content\/uploads\/2025\/03\/2017119-1.jpg\" \/>\n\t<meta property=\"og:image:width\" content=\"1000\" \/>\n\t<meta property=\"og:image:height\" content=\"750\" \/>\n\t<meta property=\"og:image:type\" content=\"image\/jpeg\" \/>\n<meta name=\"twitter:card\" content=\"summary_large_image\" \/>\n<meta name=\"twitter:label1\" content=\"Ber\u00e4knad l\u00e4stid\" \/>\n\t<meta name=\"twitter:data1\" content=\"1 minut\" \/>\n<script type=\"application\/ld+json\" class=\"yoast-schema-graph\">{\"@context\":\"https:\\\/\\\/schema.org\",\"@graph\":[{\"@type\":[\"WebPage\",\"ItemPage\"],\"@id\":\"https:\\\/\\\/vmsport.fi\\\/verkkokauppa\\\/varaosat\\\/kiekot-ja-navat\\\/laakerit\\\/6903-2rs-1x-6903-17x30x7-mm\\\/\",\"url\":\"https:\\\/\\\/vmsport.fi\\\/verkkokauppa\\\/varaosat\\\/kiekot-ja-navat\\\/laakerit\\\/6903-2rs-1x-6903-17x30x7-mm\\\/\",\"name\":\"6903-2RS 1x 6903 - 17x30x7 mm - VM Sport\",\"isPartOf\":{\"@id\":\"https:\\\/\\\/vmsport.fi\\\/#website\"},\"primaryImageOfPage\":{\"@id\":\"https:\\\/\\\/vmsport.fi\\\/verkkokauppa\\\/varaosat\\\/kiekot-ja-navat\\\/laakerit\\\/6903-2rs-1x-6903-17x30x7-mm\\\/#primaryimage\"},\"image\":{\"@id\":\"https:\\\/\\\/vmsport.fi\\\/verkkokauppa\\\/varaosat\\\/kiekot-ja-navat\\\/laakerit\\\/6903-2rs-1x-6903-17x30x7-mm\\\/#primaryimage\"},\"thumbnailUrl\":\"https:\\\/\\\/vmsport.fi\\\/wp-content\\\/uploads\\\/2025\\\/03\\\/2017119-1.jpg\",\"datePublished\":\"2025-03-05T21:34:59+00:00\",\"dateModified\":\"2026-03-27T00:00:29+00:00\",\"breadcrumb\":{\"@id\":\"https:\\\/\\\/vmsport.fi\\\/verkkokauppa\\\/varaosat\\\/kiekot-ja-navat\\\/laakerit\\\/6903-2rs-1x-6903-17x30x7-mm\\\/#breadcrumb\"},\"inLanguage\":\"sv-SE\",\"potentialAction\":[{\"@type\":\"ReadAction\",\"target\":[\"https:\\\/\\\/vmsport.fi\\\/verkkokauppa\\\/varaosat\\\/kiekot-ja-navat\\\/laakerit\\\/6903-2rs-1x-6903-17x30x7-mm\\\/\"]}]},{\"@type\":\"ImageObject\",\"inLanguage\":\"sv-SE\",\"@id\":\"https:\\\/\\\/vmsport.fi\\\/verkkokauppa\\\/varaosat\\\/kiekot-ja-navat\\\/laakerit\\\/6903-2rs-1x-6903-17x30x7-mm\\\/#primaryimage\",\"url\":\"https:\\\/\\\/vmsport.fi\\\/wp-content\\\/uploads\\\/2025\\\/03\\\/2017119-1.jpg\",\"contentUrl\":\"https:\\\/\\\/vmsport.fi\\\/wp-content\\\/uploads\\\/2025\\\/03\\\/2017119-1.jpg\",\"width\":1000,\"height\":750,\"caption\":\"2017119\"},{\"@type\":\"BreadcrumbList\",\"@id\":\"https:\\\/\\\/vmsport.fi\\\/verkkokauppa\\\/varaosat\\\/kiekot-ja-navat\\\/laakerit\\\/6903-2rs-1x-6903-17x30x7-mm\\\/#breadcrumb\",\"itemListElement\":[{\"@type\":\"ListItem\",\"position\":1,\"name\":\"Etusivu\",\"item\":\"https:\\\/\\\/vmsport.fi\\\/\"},{\"@type\":\"ListItem\",\"position\":2,\"name\":\"Online Store\",\"item\":\"https:\\\/\\\/vmsport.fi\\\/en\\\/online-store\\\/\"},{\"@type\":\"ListItem\",\"position\":3,\"name\":\"6903-2RS 1x 6903 &#8211; 17x30x7 mm\"}]},{\"@type\":\"WebSite\",\"@id\":\"https:\\\/\\\/vmsport.fi\\\/#website\",\"url\":\"https:\\\/\\\/vmsport.fi\\\/\",\"name\":\"Vmsport\",\"description\":\"Kaikki py\u00f6r\u00e4ilyyn yhdest\u00e4 paikasta\",\"publisher\":{\"@id\":\"https:\\\/\\\/vmsport.fi\\\/#organization\"},\"potentialAction\":[{\"@type\":\"SearchAction\",\"target\":{\"@type\":\"EntryPoint\",\"urlTemplate\":\"https:\\\/\\\/vmsport.fi\\\/?s={search_term_string}\"},\"query-input\":{\"@type\":\"PropertyValueSpecification\",\"valueRequired\":true,\"valueName\":\"search_term_string\"}}],\"inLanguage\":\"sv-SE\"},{\"@type\":\"Organization\",\"@id\":\"https:\\\/\\\/vmsport.fi\\\/#organization\",\"name\":\"Vmsport\",\"url\":\"https:\\\/\\\/vmsport.fi\\\/\",\"logo\":{\"@type\":\"ImageObject\",\"inLanguage\":\"sv-SE\",\"@id\":\"https:\\\/\\\/vmsport.fi\\\/#\\\/schema\\\/logo\\\/image\\\/\",\"url\":\"https:\\\/\\\/vmsport.fi\\\/wp-content\\\/uploads\\\/2024\\\/12\\\/vm_sport_RGB_horisontal-e1734526017575.png\",\"contentUrl\":\"https:\\\/\\\/vmsport.fi\\\/wp-content\\\/uploads\\\/2024\\\/12\\\/vm_sport_RGB_horisontal-e1734526017575.png\",\"width\":668,\"height\":85,\"caption\":\"Vmsport\"},\"image\":{\"@id\":\"https:\\\/\\\/vmsport.fi\\\/#\\\/schema\\\/logo\\\/image\\\/\"},\"sameAs\":[\"https:\\\/\\\/www.facebook.com\\\/Vmsport.fi\\\/\",\"https:\\\/\\\/www.instagram.com\\\/vmsport\\\/\"]}]}<\/script>\n<!-- \/ Yoast SEO plugin. -->","yoast_head_json":{"title":"6903-2RS 1x 6903 - 17x30x7 mm - VM Sport","robots":{"index":"index","follow":"follow","max-snippet":"max-snippet:-1","max-image-preview":"max-image-preview:large","max-video-preview":"max-video-preview:-1"},"canonical":"https:\/\/vmsport.fi\/sv\/webbutik\/reservdelar\/skivor-och-nav\/lager\/6903-2rs-1x-6903-17x30x7-mm\/","og_locale":"sv_SE","og_type":"article","og_title":"6903-2RS 1x 6903 - 17x30x7 mm - VM Sport","og_description":"6903-2RS-kuulalaakeri on tiivis radiaalikuulalaakeri, jonka suunnittelussa on keskitytty keveyteen ja kest\u00e4vyyteen. Sen koko on kompaktisti halkaisijaltaan 17 mm ja ulkohalkaisijaltaan 30 mm, mutta se tarjoaa silti luotettavan suorituskyvyn. T\u00e4m\u00e4 johtuu osittain lujasta ter\u00e4ksisest\u00e4 h\u00e4kist\u00e4 ja kahdesta suojaavasta kumitiivisteest\u00e4, jotka pit\u00e4v\u00e4t ep\u00e4puhtaudet tehokkaasti loitolla. Laakerin standardin mukainen radiaaliv\u00e4lys tekee siit\u00e4 monipuolisen erilaisiin k\u00e4ytt\u00f6tarkoituksiin. Dynaaminen kuormituskyky on [...]L\u00e4s mer \u2026 from 6903-2RS 1x 6903 &#8211; 17x30x7 mm","og_url":"https:\/\/vmsport.fi\/sv\/webbutik\/reservdelar\/skivor-och-nav\/lager\/6903-2rs-1x-6903-17x30x7-mm\/","og_site_name":"VM Sport","article_publisher":"https:\/\/www.facebook.com\/Vmsport.fi\/","article_modified_time":"2026-03-27T00:00:29+00:00","og_image":[{"width":1000,"height":750,"url":"https:\/\/vmsport.fi\/wp-content\/uploads\/2025\/03\/2017119-1.jpg","type":"image\/jpeg"}],"twitter_card":"summary_large_image","twitter_misc":{"Ber\u00e4knad l\u00e4stid":"1 minut"},"schema":{"@context":"https:\/\/schema.org","@graph":[{"@type":["WebPage","ItemPage"],"@id":"https:\/\/vmsport.fi\/verkkokauppa\/varaosat\/kiekot-ja-navat\/laakerit\/6903-2rs-1x-6903-17x30x7-mm\/","url":"https:\/\/vmsport.fi\/verkkokauppa\/varaosat\/kiekot-ja-navat\/laakerit\/6903-2rs-1x-6903-17x30x7-mm\/","name":"6903-2RS 1x 6903 - 17x30x7 mm - VM Sport","isPartOf":{"@id":"https:\/\/vmsport.fi\/#website"},"primaryImageOfPage":{"@id":"https:\/\/vmsport.fi\/verkkokauppa\/varaosat\/kiekot-ja-navat\/laakerit\/6903-2rs-1x-6903-17x30x7-mm\/#primaryimage"},"image":{"@id":"https:\/\/vmsport.fi\/verkkokauppa\/varaosat\/kiekot-ja-navat\/laakerit\/6903-2rs-1x-6903-17x30x7-mm\/#primaryimage"},"thumbnailUrl":"https:\/\/vmsport.fi\/wp-content\/uploads\/2025\/03\/2017119-1.jpg","datePublished":"2025-03-05T21:34:59+00:00","dateModified":"2026-03-27T00:00:29+00:00","breadcrumb":{"@id":"https:\/\/vmsport.fi\/verkkokauppa\/varaosat\/kiekot-ja-navat\/laakerit\/6903-2rs-1x-6903-17x30x7-mm\/#breadcrumb"},"inLanguage":"sv-SE","potentialAction":[{"@type":"ReadAction","target":["https:\/\/vmsport.fi\/verkkokauppa\/varaosat\/kiekot-ja-navat\/laakerit\/6903-2rs-1x-6903-17x30x7-mm\/"]}]},{"@type":"ImageObject","inLanguage":"sv-SE","@id":"https:\/\/vmsport.fi\/verkkokauppa\/varaosat\/kiekot-ja-navat\/laakerit\/6903-2rs-1x-6903-17x30x7-mm\/#primaryimage","url":"https:\/\/vmsport.fi\/wp-content\/uploads\/2025\/03\/2017119-1.jpg","contentUrl":"https:\/\/vmsport.fi\/wp-content\/uploads\/2025\/03\/2017119-1.jpg","width":1000,"height":750,"caption":"2017119"},{"@type":"BreadcrumbList","@id":"https:\/\/vmsport.fi\/verkkokauppa\/varaosat\/kiekot-ja-navat\/laakerit\/6903-2rs-1x-6903-17x30x7-mm\/#breadcrumb","itemListElement":[{"@type":"ListItem","position":1,"name":"Etusivu","item":"https:\/\/vmsport.fi\/"},{"@type":"ListItem","position":2,"name":"Online Store","item":"https:\/\/vmsport.fi\/en\/online-store\/"},{"@type":"ListItem","position":3,"name":"6903-2RS 1x 6903 &#8211; 17x30x7 mm"}]},{"@type":"WebSite","@id":"https:\/\/vmsport.fi\/#website","url":"https:\/\/vmsport.fi\/","name":"Vmsport","description":"Allt p\u00e5 ett st\u00e4lle f\u00f6r cykling","publisher":{"@id":"https:\/\/vmsport.fi\/#organization"},"potentialAction":[{"@type":"SearchAction","target":{"@type":"EntryPoint","urlTemplate":"https:\/\/vmsport.fi\/?s={search_term_string}"},"query-input":{"@type":"PropertyValueSpecification","valueRequired":true,"valueName":"search_term_string"}}],"inLanguage":"sv-SE"},{"@type":"Organization","@id":"https:\/\/vmsport.fi\/#organization","name":"Vmsport","url":"https:\/\/vmsport.fi\/","logo":{"@type":"ImageObject","inLanguage":"sv-SE","@id":"https:\/\/vmsport.fi\/#\/schema\/logo\/image\/","url":"https:\/\/vmsport.fi\/wp-content\/uploads\/2024\/12\/vm_sport_RGB_horisontal-e1734526017575.png","contentUrl":"https:\/\/vmsport.fi\/wp-content\/uploads\/2024\/12\/vm_sport_RGB_horisontal-e1734526017575.png","width":668,"height":85,"caption":"Vmsport"},"image":{"@id":"https:\/\/vmsport.fi\/#\/schema\/logo\/image\/"},"sameAs":["https:\/\/www.facebook.com\/Vmsport.fi\/","https:\/\/www.instagram.com\/vmsport\/"]}]}},"global_unique_id":"","_links":{"self":[{"href":"https:\/\/vmsport.fi\/sv\/wp-json\/wp\/v2\/product\/52881","targetHints":{"allow":["GET"]}}],"collection":[{"href":"https:\/\/vmsport.fi\/sv\/wp-json\/wp\/v2\/product"}],"about":[{"href":"https:\/\/vmsport.fi\/sv\/wp-json\/wp\/v2\/types\/product"}],"replies":[{"embeddable":true,"href":"https:\/\/vmsport.fi\/sv\/wp-json\/wp\/v2\/comments?post=52881"}],"wp:featuredmedia":[{"embeddable":true,"href":"https:\/\/vmsport.fi\/sv\/wp-json\/wp\/v2\/media\/52880"}],"wp:attachment":[{"href":"https:\/\/vmsport.fi\/sv\/wp-json\/wp\/v2\/media?parent=52881"}],"wp:term":[{"taxonomy":"product_brand","embeddable":true,"href":"https:\/\/vmsport.fi\/sv\/wp-json\/wp\/v2\/product_brand?post=52881"},{"taxonomy":"product_model","embeddable":true,"href":"https:\/\/vmsport.fi\/sv\/wp-json\/wp\/v2\/product_model?post=52881"},{"taxonomy":"product_cat","embeddable":true,"href":"https:\/\/vmsport.fi\/sv\/wp-json\/wp\/v2\/product_cat?post=52881"},{"taxonomy":"product_tag","embeddable":true,"href":"https:\/\/vmsport.fi\/sv\/wp-json\/wp\/v2\/product_tag?post=52881"},{"taxonomy":"industry_terminology","embeddable":true,"href":"https:\/\/vmsport.fi\/sv\/wp-json\/wp\/v2\/industry-terminology?post=52881"}],"curies":[{"name":"wp","href":"https:\/\/api.w.org\/{rel}","templated":true}]}}