{"id":52879,"date":"2025-03-05T23:34:58","date_gmt":"2025-03-05T21:34:58","guid":{"rendered":"https:\/\/vmsport.fi\/verkkokauppa\/Ei-luokiteltu\/xlc-hb-c09-black-600-mm\/"},"modified":"2026-02-03T02:00:14","modified_gmt":"2026-02-03T00:00:14","slug":"xlc-hb-c09-svart-600-mm","status":"publish","type":"product","link":"https:\/\/vmsport.fi\/sv\/verkkokauppa\/varaosat\/ohjaamo\/ohjaustangot\/xlc-hb-c09-black-600-mm\/","title":{"rendered":"XLC HB-C09 Svart 600 mm"},"content":{"rendered":"<p>XLC HB-C09 Black 600 mm \u00e4r ett ergonomiskt lyfthandtag som \u00e4r en av topprodukterna i XLC Comp-produktlinjen. Den svarta f\u00e4rgen framh\u00e4ver dess enkla men eleganta utseende. L\u00e4ngden p\u00e5 600 mm ger utm\u00e4rkt kontroll samtidigt som k\u00f6rkomforten och precisionen f\u00f6rb\u00e4ttras. Det h\u00e4r styret \u00e4r utformat f\u00f6r att erbjuda b\u00e5de h\u00e5llbarhet och prestanda och \u00e4r perfekt f\u00f6r cyklister som v\u00e4rdes\u00e4tter kvalitet och komfort.<\/p>","protected":false},"excerpt":{"rendered":"<p>XLC HB-C09 Black 600 mm on ergonominen nousukahva, joka kuuluu XLC:n Comp-tuotelinjan k\u00e4rkituotteisiin. Musta v\u00e4ri korostaa sen yksinkertaista mutta tyylik\u00e4st\u00e4 ulkoasua. 600 mm pituus takaa erinomaisen hallinnan, parantaen samalla ajomukavuutta ja tarkkuutta. T\u00e4m\u00e4 ohjaustanko on suunniteltu tarjoamaan sek\u00e4 kest\u00e4vyytt\u00e4 ett\u00e4 suorituskyky\u00e4, ja se sopii erinomaisesti py\u00f6r\u00e4ilij\u00f6ille, jotka arvostavat laatua ja k\u00e4ytt\u00f6mukavuutta. [&#8230;]<\/p>\n<p><a class=\"btn btn-secondary understrap-read-more-link\" href=\"https:\/\/vmsport.fi\/sv\/verkkokauppa\/varaosat\/ohjaamo\/ohjaustangot\/xlc-hb-c09-black-600-mm\/\">L\u00e4s mer \u2026<span class=\"screen-reader-text\"> from XLC HB-C09 Black 600 mm<\/span><\/a><\/p>\n","protected":false},"featured_media":52878,"comment_status":"open","ping_status":"closed","template":"","meta":{"_acf_changed":false,"_improvement_type_select":"improve_an_existing","_thumb_yes_seoaic":false,"_frame_yes_seoaic":false,"seoaic_generate_description":"","seoaic_improve_instructions_prompt":"","seoaic_rollback_content_improvement":"","seoaic_idea_thumbnail_generator":"","thumbnail_generated":false,"thumbnail_generate_prompt":"","seoaic_article_description":"","_supplier_stock_quantity":0},"product_brand":[],"product_model":[],"product_cat":[9490],"product_tag":[],"industry-terminology":[],"class_list":{"0":"post-52879","1":"product","2":"type-product","3":"status-publish","4":"has-post-thumbnail","6":"product_cat-ohjaustangot","8":"first","9":"outofstock","10":"taxable","11":"shipping-taxable","12":"product-type-simple"},"acf":{"bike_features":null,"overview":{"copy_overview":null,"key_features":null,"statement":"","youtube_url":""}},"yoast_head":"<!-- This site is optimized with the Yoast SEO plugin v27.3 - https:\/\/yoast.com\/product\/yoast-seo-wordpress\/ -->\n<title>XLC HB-C09 Black 600 mm - VM Sport<\/title>\n<meta name=\"robots\" content=\"index, follow, max-snippet:-1, max-image-preview:large, max-video-preview:-1\" \/>\n<link rel=\"canonical\" href=\"https:\/\/vmsport.fi\/sv\/webbutik\/reservdelar\/taxi\/styrstanger\/xlc-hb-c09-svart-600-mm\/\" \/>\n<meta property=\"og:locale\" content=\"sv_SE\" \/>\n<meta property=\"og:type\" content=\"article\" \/>\n<meta property=\"og:title\" content=\"XLC HB-C09 Black 600 mm - VM Sport\" \/>\n<meta property=\"og:description\" content=\"XLC HB-C09 Black 600 mm on ergonominen nousukahva, joka kuuluu XLC:n Comp-tuotelinjan k\u00e4rkituotteisiin. Musta v\u00e4ri korostaa sen yksinkertaista mutta tyylik\u00e4st\u00e4 ulkoasua. 600 mm pituus takaa erinomaisen hallinnan, parantaen samalla ajomukavuutta ja tarkkuutta. T\u00e4m\u00e4 ohjaustanko on suunniteltu tarjoamaan sek\u00e4 kest\u00e4vyytt\u00e4 ett\u00e4 suorituskyky\u00e4, ja se sopii erinomaisesti py\u00f6r\u00e4ilij\u00f6ille, jotka arvostavat laatua ja k\u00e4ytt\u00f6mukavuutta. [...]L\u00e4s mer \u2026 from XLC HB-C09 Black 600 mm\" \/>\n<meta property=\"og:url\" content=\"https:\/\/vmsport.fi\/sv\/webbutik\/reservdelar\/taxi\/styrstanger\/xlc-hb-c09-svart-600-mm\/\" \/>\n<meta property=\"og:site_name\" content=\"VM Sport\" \/>\n<meta property=\"article:publisher\" content=\"https:\/\/www.facebook.com\/Vmsport.fi\/\" \/>\n<meta property=\"article:modified_time\" content=\"2026-02-03T00:00:14+00:00\" \/>\n<meta property=\"og:image\" content=\"https:\/\/vmsport.fi\/wp-content\/uploads\/2025\/03\/aipnv1aMZWIFAYoCIaTS7Gj8ET9ig4GjwftOfzW5hid1jIj2yW-1.jpg\" \/>\n\t<meta property=\"og:image:width\" content=\"800\" \/>\n\t<meta property=\"og:image:height\" content=\"800\" \/>\n\t<meta property=\"og:image:type\" content=\"image\/jpeg\" \/>\n<meta name=\"twitter:card\" content=\"summary_large_image\" \/>\n<script type=\"application\/ld+json\" class=\"yoast-schema-graph\">{\"@context\":\"https:\\\/\\\/schema.org\",\"@graph\":[{\"@type\":[\"WebPage\",\"ItemPage\"],\"@id\":\"https:\\\/\\\/vmsport.fi\\\/verkkokauppa\\\/varaosat\\\/ohjaamo\\\/ohjaustangot\\\/xlc-hb-c09-black-600-mm\\\/\",\"url\":\"https:\\\/\\\/vmsport.fi\\\/verkkokauppa\\\/varaosat\\\/ohjaamo\\\/ohjaustangot\\\/xlc-hb-c09-black-600-mm\\\/\",\"name\":\"XLC HB-C09 Black 600 mm - VM Sport\",\"isPartOf\":{\"@id\":\"https:\\\/\\\/vmsport.fi\\\/#website\"},\"primaryImageOfPage\":{\"@id\":\"https:\\\/\\\/vmsport.fi\\\/verkkokauppa\\\/varaosat\\\/ohjaamo\\\/ohjaustangot\\\/xlc-hb-c09-black-600-mm\\\/#primaryimage\"},\"image\":{\"@id\":\"https:\\\/\\\/vmsport.fi\\\/verkkokauppa\\\/varaosat\\\/ohjaamo\\\/ohjaustangot\\\/xlc-hb-c09-black-600-mm\\\/#primaryimage\"},\"thumbnailUrl\":\"https:\\\/\\\/vmsport.fi\\\/wp-content\\\/uploads\\\/2025\\\/03\\\/aipnv1aMZWIFAYoCIaTS7Gj8ET9ig4GjwftOfzW5hid1jIj2yW-1.jpg\",\"datePublished\":\"2025-03-05T21:34:58+00:00\",\"dateModified\":\"2026-02-03T00:00:14+00:00\",\"breadcrumb\":{\"@id\":\"https:\\\/\\\/vmsport.fi\\\/verkkokauppa\\\/varaosat\\\/ohjaamo\\\/ohjaustangot\\\/xlc-hb-c09-black-600-mm\\\/#breadcrumb\"},\"inLanguage\":\"sv-SE\",\"potentialAction\":[{\"@type\":\"ReadAction\",\"target\":[\"https:\\\/\\\/vmsport.fi\\\/verkkokauppa\\\/varaosat\\\/ohjaamo\\\/ohjaustangot\\\/xlc-hb-c09-black-600-mm\\\/\"]}]},{\"@type\":\"ImageObject\",\"inLanguage\":\"sv-SE\",\"@id\":\"https:\\\/\\\/vmsport.fi\\\/verkkokauppa\\\/varaosat\\\/ohjaamo\\\/ohjaustangot\\\/xlc-hb-c09-black-600-mm\\\/#primaryimage\",\"url\":\"https:\\\/\\\/vmsport.fi\\\/wp-content\\\/uploads\\\/2025\\\/03\\\/aipnv1aMZWIFAYoCIaTS7Gj8ET9ig4GjwftOfzW5hid1jIj2yW-1.jpg\",\"contentUrl\":\"https:\\\/\\\/vmsport.fi\\\/wp-content\\\/uploads\\\/2025\\\/03\\\/aipnv1aMZWIFAYoCIaTS7Gj8ET9ig4GjwftOfzW5hid1jIj2yW-1.jpg\",\"width\":800,\"height\":800,\"caption\":\"aipnv1aMZWIFAYoCIaTS7Gj8ET9ig4GjwftOfzW5hid1jIj2yW\"},{\"@type\":\"BreadcrumbList\",\"@id\":\"https:\\\/\\\/vmsport.fi\\\/verkkokauppa\\\/varaosat\\\/ohjaamo\\\/ohjaustangot\\\/xlc-hb-c09-black-600-mm\\\/#breadcrumb\",\"itemListElement\":[{\"@type\":\"ListItem\",\"position\":1,\"name\":\"Etusivu\",\"item\":\"https:\\\/\\\/vmsport.fi\\\/\"},{\"@type\":\"ListItem\",\"position\":2,\"name\":\"Online Store\",\"item\":\"https:\\\/\\\/vmsport.fi\\\/en\\\/online-store\\\/\"},{\"@type\":\"ListItem\",\"position\":3,\"name\":\"XLC HB-C09 Black 600 mm\"}]},{\"@type\":\"WebSite\",\"@id\":\"https:\\\/\\\/vmsport.fi\\\/#website\",\"url\":\"https:\\\/\\\/vmsport.fi\\\/\",\"name\":\"Vmsport\",\"description\":\"Kaikki py\u00f6r\u00e4ilyyn yhdest\u00e4 paikasta\",\"publisher\":{\"@id\":\"https:\\\/\\\/vmsport.fi\\\/#organization\"},\"potentialAction\":[{\"@type\":\"SearchAction\",\"target\":{\"@type\":\"EntryPoint\",\"urlTemplate\":\"https:\\\/\\\/vmsport.fi\\\/?s={search_term_string}\"},\"query-input\":{\"@type\":\"PropertyValueSpecification\",\"valueRequired\":true,\"valueName\":\"search_term_string\"}}],\"inLanguage\":\"sv-SE\"},{\"@type\":\"Organization\",\"@id\":\"https:\\\/\\\/vmsport.fi\\\/#organization\",\"name\":\"Vmsport\",\"url\":\"https:\\\/\\\/vmsport.fi\\\/\",\"logo\":{\"@type\":\"ImageObject\",\"inLanguage\":\"sv-SE\",\"@id\":\"https:\\\/\\\/vmsport.fi\\\/#\\\/schema\\\/logo\\\/image\\\/\",\"url\":\"https:\\\/\\\/vmsport.fi\\\/wp-content\\\/uploads\\\/2024\\\/12\\\/vm_sport_RGB_horisontal-e1734526017575.png\",\"contentUrl\":\"https:\\\/\\\/vmsport.fi\\\/wp-content\\\/uploads\\\/2024\\\/12\\\/vm_sport_RGB_horisontal-e1734526017575.png\",\"width\":668,\"height\":85,\"caption\":\"Vmsport\"},\"image\":{\"@id\":\"https:\\\/\\\/vmsport.fi\\\/#\\\/schema\\\/logo\\\/image\\\/\"},\"sameAs\":[\"https:\\\/\\\/www.facebook.com\\\/Vmsport.fi\\\/\",\"https:\\\/\\\/www.instagram.com\\\/vmsport\\\/\"]}]}<\/script>\n<!-- \/ Yoast SEO plugin. -->","yoast_head_json":{"title":"XLC HB-C09 Svart 600 mm - VM Sport","robots":{"index":"index","follow":"follow","max-snippet":"max-snippet:-1","max-image-preview":"max-image-preview:large","max-video-preview":"max-video-preview:-1"},"canonical":"https:\/\/vmsport.fi\/sv\/webbutik\/reservdelar\/taxi\/styrstanger\/xlc-hb-c09-svart-600-mm\/","og_locale":"sv_SE","og_type":"article","og_title":"XLC HB-C09 Black 600 mm - VM Sport","og_description":"XLC HB-C09 Black 600 mm on ergonominen nousukahva, joka kuuluu XLC:n Comp-tuotelinjan k\u00e4rkituotteisiin. Musta v\u00e4ri korostaa sen yksinkertaista mutta tyylik\u00e4st\u00e4 ulkoasua. 600 mm pituus takaa erinomaisen hallinnan, parantaen samalla ajomukavuutta ja tarkkuutta. T\u00e4m\u00e4 ohjaustanko on suunniteltu tarjoamaan sek\u00e4 kest\u00e4vyytt\u00e4 ett\u00e4 suorituskyky\u00e4, ja se sopii erinomaisesti py\u00f6r\u00e4ilij\u00f6ille, jotka arvostavat laatua ja k\u00e4ytt\u00f6mukavuutta. [...]L\u00e4s mer \u2026 from XLC HB-C09 Black 600 mm","og_url":"https:\/\/vmsport.fi\/sv\/webbutik\/reservdelar\/taxi\/styrstanger\/xlc-hb-c09-svart-600-mm\/","og_site_name":"VM Sport","article_publisher":"https:\/\/www.facebook.com\/Vmsport.fi\/","article_modified_time":"2026-02-03T00:00:14+00:00","og_image":[{"width":800,"height":800,"url":"https:\/\/vmsport.fi\/wp-content\/uploads\/2025\/03\/aipnv1aMZWIFAYoCIaTS7Gj8ET9ig4GjwftOfzW5hid1jIj2yW-1.jpg","type":"image\/jpeg"}],"twitter_card":"summary_large_image","schema":{"@context":"https:\/\/schema.org","@graph":[{"@type":["WebPage","ItemPage"],"@id":"https:\/\/vmsport.fi\/verkkokauppa\/varaosat\/ohjaamo\/ohjaustangot\/xlc-hb-c09-black-600-mm\/","url":"https:\/\/vmsport.fi\/verkkokauppa\/varaosat\/ohjaamo\/ohjaustangot\/xlc-hb-c09-black-600-mm\/","name":"XLC HB-C09 Svart 600 mm - VM Sport","isPartOf":{"@id":"https:\/\/vmsport.fi\/#website"},"primaryImageOfPage":{"@id":"https:\/\/vmsport.fi\/verkkokauppa\/varaosat\/ohjaamo\/ohjaustangot\/xlc-hb-c09-black-600-mm\/#primaryimage"},"image":{"@id":"https:\/\/vmsport.fi\/verkkokauppa\/varaosat\/ohjaamo\/ohjaustangot\/xlc-hb-c09-black-600-mm\/#primaryimage"},"thumbnailUrl":"https:\/\/vmsport.fi\/wp-content\/uploads\/2025\/03\/aipnv1aMZWIFAYoCIaTS7Gj8ET9ig4GjwftOfzW5hid1jIj2yW-1.jpg","datePublished":"2025-03-05T21:34:58+00:00","dateModified":"2026-02-03T00:00:14+00:00","breadcrumb":{"@id":"https:\/\/vmsport.fi\/verkkokauppa\/varaosat\/ohjaamo\/ohjaustangot\/xlc-hb-c09-black-600-mm\/#breadcrumb"},"inLanguage":"sv-SE","potentialAction":[{"@type":"ReadAction","target":["https:\/\/vmsport.fi\/verkkokauppa\/varaosat\/ohjaamo\/ohjaustangot\/xlc-hb-c09-black-600-mm\/"]}]},{"@type":"ImageObject","inLanguage":"sv-SE","@id":"https:\/\/vmsport.fi\/verkkokauppa\/varaosat\/ohjaamo\/ohjaustangot\/xlc-hb-c09-black-600-mm\/#primaryimage","url":"https:\/\/vmsport.fi\/wp-content\/uploads\/2025\/03\/aipnv1aMZWIFAYoCIaTS7Gj8ET9ig4GjwftOfzW5hid1jIj2yW-1.jpg","contentUrl":"https:\/\/vmsport.fi\/wp-content\/uploads\/2025\/03\/aipnv1aMZWIFAYoCIaTS7Gj8ET9ig4GjwftOfzW5hid1jIj2yW-1.jpg","width":800,"height":800,"caption":"aipnv1aMZWIFAYoCIaTS7Gj8ET9ig4GjwftOfzW5hid1jIj2yW"},{"@type":"BreadcrumbList","@id":"https:\/\/vmsport.fi\/verkkokauppa\/varaosat\/ohjaamo\/ohjaustangot\/xlc-hb-c09-black-600-mm\/#breadcrumb","itemListElement":[{"@type":"ListItem","position":1,"name":"Etusivu","item":"https:\/\/vmsport.fi\/"},{"@type":"ListItem","position":2,"name":"Online Store","item":"https:\/\/vmsport.fi\/en\/online-store\/"},{"@type":"ListItem","position":3,"name":"XLC HB-C09 Black 600 mm"}]},{"@type":"WebSite","@id":"https:\/\/vmsport.fi\/#website","url":"https:\/\/vmsport.fi\/","name":"Vmsport","description":"Allt p\u00e5 ett st\u00e4lle f\u00f6r cykling","publisher":{"@id":"https:\/\/vmsport.fi\/#organization"},"potentialAction":[{"@type":"SearchAction","target":{"@type":"EntryPoint","urlTemplate":"https:\/\/vmsport.fi\/?s={search_term_string}"},"query-input":{"@type":"PropertyValueSpecification","valueRequired":true,"valueName":"search_term_string"}}],"inLanguage":"sv-SE"},{"@type":"Organization","@id":"https:\/\/vmsport.fi\/#organization","name":"Vmsport","url":"https:\/\/vmsport.fi\/","logo":{"@type":"ImageObject","inLanguage":"sv-SE","@id":"https:\/\/vmsport.fi\/#\/schema\/logo\/image\/","url":"https:\/\/vmsport.fi\/wp-content\/uploads\/2024\/12\/vm_sport_RGB_horisontal-e1734526017575.png","contentUrl":"https:\/\/vmsport.fi\/wp-content\/uploads\/2024\/12\/vm_sport_RGB_horisontal-e1734526017575.png","width":668,"height":85,"caption":"Vmsport"},"image":{"@id":"https:\/\/vmsport.fi\/#\/schema\/logo\/image\/"},"sameAs":["https:\/\/www.facebook.com\/Vmsport.fi\/","https:\/\/www.instagram.com\/vmsport\/"]}]}},"global_unique_id":"","_links":{"self":[{"href":"https:\/\/vmsport.fi\/sv\/wp-json\/wp\/v2\/product\/52879","targetHints":{"allow":["GET"]}}],"collection":[{"href":"https:\/\/vmsport.fi\/sv\/wp-json\/wp\/v2\/product"}],"about":[{"href":"https:\/\/vmsport.fi\/sv\/wp-json\/wp\/v2\/types\/product"}],"replies":[{"embeddable":true,"href":"https:\/\/vmsport.fi\/sv\/wp-json\/wp\/v2\/comments?post=52879"}],"wp:featuredmedia":[{"embeddable":true,"href":"https:\/\/vmsport.fi\/sv\/wp-json\/wp\/v2\/media\/52878"}],"wp:attachment":[{"href":"https:\/\/vmsport.fi\/sv\/wp-json\/wp\/v2\/media?parent=52879"}],"wp:term":[{"taxonomy":"product_brand","embeddable":true,"href":"https:\/\/vmsport.fi\/sv\/wp-json\/wp\/v2\/product_brand?post=52879"},{"taxonomy":"product_model","embeddable":true,"href":"https:\/\/vmsport.fi\/sv\/wp-json\/wp\/v2\/product_model?post=52879"},{"taxonomy":"product_cat","embeddable":true,"href":"https:\/\/vmsport.fi\/sv\/wp-json\/wp\/v2\/product_cat?post=52879"},{"taxonomy":"product_tag","embeddable":true,"href":"https:\/\/vmsport.fi\/sv\/wp-json\/wp\/v2\/product_tag?post=52879"},{"taxonomy":"industry_terminology","embeddable":true,"href":"https:\/\/vmsport.fi\/sv\/wp-json\/wp\/v2\/industry-terminology?post=52879"}],"curies":[{"name":"wp","href":"https:\/\/api.w.org\/{rel}","templated":true}]}}