{"id":52875,"date":"2025-03-05T23:34:57","date_gmt":"2025-03-05T21:34:57","guid":{"rendered":"https:\/\/vmsport.fi\/verkkokauppa\/Ei-luokiteltu\/levyjarrusarja-slx-m7100-taka-postmount-ei-levya-adapteria\/"},"modified":"2026-01-16T13:21:58","modified_gmt":"2026-01-16T11:21:58","slug":"skivbromssats-slx-m7100-bak-postmount-utan-skivadapter","status":"publish","type":"product","link":"https:\/\/vmsport.fi\/sv\/verkkokauppa\/varaosat\/jarrut\/levyjarrusetit\/levyjarrusarja-slx-m7100-taka-postmount-ei-levya-adapteria\/","title":{"rendered":"Skivbromssats SLX M7100 bak postmount, utan skiva\/adapter"},"content":{"rendered":"<p>SLX M7100 Disc Brake Kit \u00e4r en hydraulisk bromssats av h\u00f6gsta kvalitet som \u00e4r s\u00e4rskilt utformad f\u00f6r bakhjulen p\u00e5 mountainbikes. Den \u00e4r l\u00e4mplig f\u00f6r montering p\u00e5 stolpen och erbjuder en effektiv l\u00f6sning f\u00f6r moderna cykelramar. Var noga med att k\u00f6pa bromsskivan och adaptern som kr\u00e4vs f\u00f6r installationen separat, eftersom de inte ing\u00e5r i paketet. Den h\u00e4r bromssatsen \u00e4r ett perfekt val f\u00f6r mountainbike och andra utmanande cykelaktiviteter d\u00e4r tillf\u00f6rlitlig bromsprestanda kr\u00e4vs. SLX M7100-serien kombinerar p\u00e5 ett utm\u00e4rkt s\u00e4tt prisv\u00e4rdhet och prestanda, vilket g\u00f6r den till ett utm\u00e4rkt val f\u00f6r b\u00e5de passionerade entusiaster och semi-professionella som vill f\u00f6rb\u00e4ttra sin cykels bromssystem.<\/p>","protected":false},"excerpt":{"rendered":"<p>SLX M7100 -levyjarrusarja on huippulaatuinen hydraulinen jarrusarja, suunniteltu erityisesti maastopy\u00f6rien takapy\u00f6rille. Se sopii post mount -kiinnitykseen ja tarjoaa tehokkaan ratkaisun nykyaikaisiin polkupy\u00f6r\u00e4runkoihin. Muista hankkia asennukseen tarvittava jarrulevy ja adapteri erikseen, sill\u00e4 ne eiv\u00e4t sis\u00e4lly pakkaukseen. T\u00e4m\u00e4 jarrusarja on ihanteellinen valinta maastopy\u00f6r\u00e4ilyyn ja muihin haastaviin py\u00f6r\u00e4ilylajeihin, joissa vaaditaan luotettavaa jarrutustehoa. SLX M7100 -sarja yhdist\u00e4\u00e4 loistavasti edullisuuden [&#8230;]<\/p>\n<p><a class=\"btn btn-secondary understrap-read-more-link\" href=\"https:\/\/vmsport.fi\/sv\/verkkokauppa\/varaosat\/jarrut\/levyjarrusetit\/levyjarrusarja-slx-m7100-taka-postmount-ei-levya-adapteria\/\">L\u00e4s mer \u2026<span class=\"screen-reader-text\"> from Levyjarrusarja SLX M7100 taka postmount, ei levy\u00e4\/adapteria<\/span><\/a><\/p>\n","protected":false},"featured_media":52874,"comment_status":"open","ping_status":"closed","template":"","meta":{"_acf_changed":false,"_improvement_type_select":"improve_an_existing","_thumb_yes_seoaic":false,"_frame_yes_seoaic":false,"seoaic_generate_description":"","seoaic_improve_instructions_prompt":"","seoaic_rollback_content_improvement":"","seoaic_idea_thumbnail_generator":"","thumbnail_generated":false,"thumbnail_generate_prompt":"","seoaic_article_description":"","_supplier_stock_quantity":0},"product_brand":[],"product_model":[],"product_cat":[9354],"product_tag":[],"industry-terminology":[],"class_list":{"0":"post-52875","1":"product","2":"type-product","3":"status-publish","4":"has-post-thumbnail","6":"product_cat-levyjarrusetit","8":"first","9":"instock","10":"taxable","11":"shipping-taxable","12":"purchasable","13":"product-type-simple"},"acf":{"bike_features":null,"overview":{"copy_overview":null,"key_features":null,"statement":"","youtube_url":""}},"yoast_head":"<!-- This site is optimized with the Yoast SEO plugin v27.3 - https:\/\/yoast.com\/product\/yoast-seo-wordpress\/ -->\n<title>Levyjarrusarja SLX M7100 taka postmount, ei levy\u00e4\/adapteria - VM Sport<\/title>\n<meta name=\"robots\" content=\"index, follow, max-snippet:-1, max-image-preview:large, max-video-preview:-1\" \/>\n<link rel=\"canonical\" href=\"https:\/\/vmsport.fi\/sv\/webbutik\/reservdelar\/bromsar\/skivbromsskivor\/skivbromssats-slx-m7100-bak-postmount-utan-skivadapter\/\" \/>\n<meta property=\"og:locale\" content=\"sv_SE\" \/>\n<meta property=\"og:type\" content=\"article\" \/>\n<meta property=\"og:title\" content=\"Levyjarrusarja SLX M7100 taka postmount, ei levy\u00e4\/adapteria - VM Sport\" \/>\n<meta property=\"og:description\" content=\"SLX M7100 -levyjarrusarja on huippulaatuinen hydraulinen jarrusarja, suunniteltu erityisesti maastopy\u00f6rien takapy\u00f6rille. Se sopii post mount -kiinnitykseen ja tarjoaa tehokkaan ratkaisun nykyaikaisiin polkupy\u00f6r\u00e4runkoihin. Muista hankkia asennukseen tarvittava jarrulevy ja adapteri erikseen, sill\u00e4 ne eiv\u00e4t sis\u00e4lly pakkaukseen. T\u00e4m\u00e4 jarrusarja on ihanteellinen valinta maastopy\u00f6r\u00e4ilyyn ja muihin haastaviin py\u00f6r\u00e4ilylajeihin, joissa vaaditaan luotettavaa jarrutustehoa. SLX M7100 -sarja yhdist\u00e4\u00e4 loistavasti edullisuuden [...]L\u00e4s mer \u2026 from Levyjarrusarja SLX M7100 taka postmount, ei levy\u00e4\/adapteria\" \/>\n<meta property=\"og:url\" content=\"https:\/\/vmsport.fi\/sv\/webbutik\/reservdelar\/bromsar\/skivbromsskivor\/skivbromssats-slx-m7100-bak-postmount-utan-skivadapter\/\" \/>\n<meta property=\"og:site_name\" content=\"VM Sport\" \/>\n<meta property=\"article:publisher\" content=\"https:\/\/www.facebook.com\/Vmsport.fi\/\" \/>\n<meta property=\"article:modified_time\" content=\"2026-01-16T11:21:58+00:00\" \/>\n<meta property=\"og:image\" content=\"https:\/\/vmsport.fi\/wp-content\/uploads\/2025\/03\/N5HnLNPcsYLFRBZVD7b95BoVTmBtD2lIFnYLKC251XBCfAyz6e-1.jpg\" \/>\n\t<meta property=\"og:image:width\" content=\"600\" \/>\n\t<meta property=\"og:image:height\" content=\"600\" \/>\n\t<meta property=\"og:image:type\" content=\"image\/jpeg\" \/>\n<meta name=\"twitter:card\" content=\"summary_large_image\" \/>\n<script type=\"application\/ld+json\" class=\"yoast-schema-graph\">{\"@context\":\"https:\\\/\\\/schema.org\",\"@graph\":[{\"@type\":[\"WebPage\",\"ItemPage\"],\"@id\":\"https:\\\/\\\/vmsport.fi\\\/verkkokauppa\\\/varaosat\\\/jarrut\\\/levyjarrusetit\\\/levyjarrusarja-slx-m7100-taka-postmount-ei-levya-adapteria\\\/\",\"url\":\"https:\\\/\\\/vmsport.fi\\\/verkkokauppa\\\/varaosat\\\/jarrut\\\/levyjarrusetit\\\/levyjarrusarja-slx-m7100-taka-postmount-ei-levya-adapteria\\\/\",\"name\":\"Levyjarrusarja SLX M7100 taka postmount, ei levy\u00e4\\\/adapteria - VM Sport\",\"isPartOf\":{\"@id\":\"https:\\\/\\\/vmsport.fi\\\/#website\"},\"primaryImageOfPage\":{\"@id\":\"https:\\\/\\\/vmsport.fi\\\/verkkokauppa\\\/varaosat\\\/jarrut\\\/levyjarrusetit\\\/levyjarrusarja-slx-m7100-taka-postmount-ei-levya-adapteria\\\/#primaryimage\"},\"image\":{\"@id\":\"https:\\\/\\\/vmsport.fi\\\/verkkokauppa\\\/varaosat\\\/jarrut\\\/levyjarrusetit\\\/levyjarrusarja-slx-m7100-taka-postmount-ei-levya-adapteria\\\/#primaryimage\"},\"thumbnailUrl\":\"https:\\\/\\\/vmsport.fi\\\/wp-content\\\/uploads\\\/2025\\\/03\\\/N5HnLNPcsYLFRBZVD7b95BoVTmBtD2lIFnYLKC251XBCfAyz6e-1.jpg\",\"datePublished\":\"2025-03-05T21:34:57+00:00\",\"dateModified\":\"2026-01-16T11:21:58+00:00\",\"breadcrumb\":{\"@id\":\"https:\\\/\\\/vmsport.fi\\\/verkkokauppa\\\/varaosat\\\/jarrut\\\/levyjarrusetit\\\/levyjarrusarja-slx-m7100-taka-postmount-ei-levya-adapteria\\\/#breadcrumb\"},\"inLanguage\":\"sv-SE\",\"potentialAction\":[{\"@type\":\"ReadAction\",\"target\":[\"https:\\\/\\\/vmsport.fi\\\/verkkokauppa\\\/varaosat\\\/jarrut\\\/levyjarrusetit\\\/levyjarrusarja-slx-m7100-taka-postmount-ei-levya-adapteria\\\/\"]}]},{\"@type\":\"ImageObject\",\"inLanguage\":\"sv-SE\",\"@id\":\"https:\\\/\\\/vmsport.fi\\\/verkkokauppa\\\/varaosat\\\/jarrut\\\/levyjarrusetit\\\/levyjarrusarja-slx-m7100-taka-postmount-ei-levya-adapteria\\\/#primaryimage\",\"url\":\"https:\\\/\\\/vmsport.fi\\\/wp-content\\\/uploads\\\/2025\\\/03\\\/N5HnLNPcsYLFRBZVD7b95BoVTmBtD2lIFnYLKC251XBCfAyz6e-1.jpg\",\"contentUrl\":\"https:\\\/\\\/vmsport.fi\\\/wp-content\\\/uploads\\\/2025\\\/03\\\/N5HnLNPcsYLFRBZVD7b95BoVTmBtD2lIFnYLKC251XBCfAyz6e-1.jpg\",\"width\":600,\"height\":600,\"caption\":\"N5HnLNPcsYLFRBZVD7b95BoVTmBtD2lIFnYLKC251XBCfAyz6e\"},{\"@type\":\"BreadcrumbList\",\"@id\":\"https:\\\/\\\/vmsport.fi\\\/verkkokauppa\\\/varaosat\\\/jarrut\\\/levyjarrusetit\\\/levyjarrusarja-slx-m7100-taka-postmount-ei-levya-adapteria\\\/#breadcrumb\",\"itemListElement\":[{\"@type\":\"ListItem\",\"position\":1,\"name\":\"Etusivu\",\"item\":\"https:\\\/\\\/vmsport.fi\\\/\"},{\"@type\":\"ListItem\",\"position\":2,\"name\":\"Online Store\",\"item\":\"https:\\\/\\\/vmsport.fi\\\/en\\\/online-store\\\/\"},{\"@type\":\"ListItem\",\"position\":3,\"name\":\"Levyjarrusarja SLX M7100 taka postmount, ei levy\u00e4\\\/adapteria\"}]},{\"@type\":\"WebSite\",\"@id\":\"https:\\\/\\\/vmsport.fi\\\/#website\",\"url\":\"https:\\\/\\\/vmsport.fi\\\/\",\"name\":\"Vmsport\",\"description\":\"Kaikki py\u00f6r\u00e4ilyyn yhdest\u00e4 paikasta\",\"publisher\":{\"@id\":\"https:\\\/\\\/vmsport.fi\\\/#organization\"},\"potentialAction\":[{\"@type\":\"SearchAction\",\"target\":{\"@type\":\"EntryPoint\",\"urlTemplate\":\"https:\\\/\\\/vmsport.fi\\\/?s={search_term_string}\"},\"query-input\":{\"@type\":\"PropertyValueSpecification\",\"valueRequired\":true,\"valueName\":\"search_term_string\"}}],\"inLanguage\":\"sv-SE\"},{\"@type\":\"Organization\",\"@id\":\"https:\\\/\\\/vmsport.fi\\\/#organization\",\"name\":\"Vmsport\",\"url\":\"https:\\\/\\\/vmsport.fi\\\/\",\"logo\":{\"@type\":\"ImageObject\",\"inLanguage\":\"sv-SE\",\"@id\":\"https:\\\/\\\/vmsport.fi\\\/#\\\/schema\\\/logo\\\/image\\\/\",\"url\":\"https:\\\/\\\/vmsport.fi\\\/wp-content\\\/uploads\\\/2024\\\/12\\\/vm_sport_RGB_horisontal-e1734526017575.png\",\"contentUrl\":\"https:\\\/\\\/vmsport.fi\\\/wp-content\\\/uploads\\\/2024\\\/12\\\/vm_sport_RGB_horisontal-e1734526017575.png\",\"width\":668,\"height\":85,\"caption\":\"Vmsport\"},\"image\":{\"@id\":\"https:\\\/\\\/vmsport.fi\\\/#\\\/schema\\\/logo\\\/image\\\/\"},\"sameAs\":[\"https:\\\/\\\/www.facebook.com\\\/Vmsport.fi\\\/\",\"https:\\\/\\\/www.instagram.com\\\/vmsport\\\/\"]}]}<\/script>\n<!-- \/ Yoast SEO plugin. -->","yoast_head_json":{"title":"Skivbromssats SLX M7100 bak postmount, utan skiva\/adapter - VM Sport","robots":{"index":"index","follow":"follow","max-snippet":"max-snippet:-1","max-image-preview":"max-image-preview:large","max-video-preview":"max-video-preview:-1"},"canonical":"https:\/\/vmsport.fi\/sv\/webbutik\/reservdelar\/bromsar\/skivbromsskivor\/skivbromssats-slx-m7100-bak-postmount-utan-skivadapter\/","og_locale":"sv_SE","og_type":"article","og_title":"Levyjarrusarja SLX M7100 taka postmount, ei levy\u00e4\/adapteria - VM Sport","og_description":"SLX M7100 -levyjarrusarja on huippulaatuinen hydraulinen jarrusarja, suunniteltu erityisesti maastopy\u00f6rien takapy\u00f6rille. Se sopii post mount -kiinnitykseen ja tarjoaa tehokkaan ratkaisun nykyaikaisiin polkupy\u00f6r\u00e4runkoihin. Muista hankkia asennukseen tarvittava jarrulevy ja adapteri erikseen, sill\u00e4 ne eiv\u00e4t sis\u00e4lly pakkaukseen. T\u00e4m\u00e4 jarrusarja on ihanteellinen valinta maastopy\u00f6r\u00e4ilyyn ja muihin haastaviin py\u00f6r\u00e4ilylajeihin, joissa vaaditaan luotettavaa jarrutustehoa. SLX M7100 -sarja yhdist\u00e4\u00e4 loistavasti edullisuuden [...]L\u00e4s mer \u2026 from Levyjarrusarja SLX M7100 taka postmount, ei levy\u00e4\/adapteria","og_url":"https:\/\/vmsport.fi\/sv\/webbutik\/reservdelar\/bromsar\/skivbromsskivor\/skivbromssats-slx-m7100-bak-postmount-utan-skivadapter\/","og_site_name":"VM Sport","article_publisher":"https:\/\/www.facebook.com\/Vmsport.fi\/","article_modified_time":"2026-01-16T11:21:58+00:00","og_image":[{"width":600,"height":600,"url":"https:\/\/vmsport.fi\/wp-content\/uploads\/2025\/03\/N5HnLNPcsYLFRBZVD7b95BoVTmBtD2lIFnYLKC251XBCfAyz6e-1.jpg","type":"image\/jpeg"}],"twitter_card":"summary_large_image","schema":{"@context":"https:\/\/schema.org","@graph":[{"@type":["WebPage","ItemPage"],"@id":"https:\/\/vmsport.fi\/verkkokauppa\/varaosat\/jarrut\/levyjarrusetit\/levyjarrusarja-slx-m7100-taka-postmount-ei-levya-adapteria\/","url":"https:\/\/vmsport.fi\/verkkokauppa\/varaosat\/jarrut\/levyjarrusetit\/levyjarrusarja-slx-m7100-taka-postmount-ei-levya-adapteria\/","name":"Skivbromssats SLX M7100 bak postmount, utan skiva\/adapter - VM Sport","isPartOf":{"@id":"https:\/\/vmsport.fi\/#website"},"primaryImageOfPage":{"@id":"https:\/\/vmsport.fi\/verkkokauppa\/varaosat\/jarrut\/levyjarrusetit\/levyjarrusarja-slx-m7100-taka-postmount-ei-levya-adapteria\/#primaryimage"},"image":{"@id":"https:\/\/vmsport.fi\/verkkokauppa\/varaosat\/jarrut\/levyjarrusetit\/levyjarrusarja-slx-m7100-taka-postmount-ei-levya-adapteria\/#primaryimage"},"thumbnailUrl":"https:\/\/vmsport.fi\/wp-content\/uploads\/2025\/03\/N5HnLNPcsYLFRBZVD7b95BoVTmBtD2lIFnYLKC251XBCfAyz6e-1.jpg","datePublished":"2025-03-05T21:34:57+00:00","dateModified":"2026-01-16T11:21:58+00:00","breadcrumb":{"@id":"https:\/\/vmsport.fi\/verkkokauppa\/varaosat\/jarrut\/levyjarrusetit\/levyjarrusarja-slx-m7100-taka-postmount-ei-levya-adapteria\/#breadcrumb"},"inLanguage":"sv-SE","potentialAction":[{"@type":"ReadAction","target":["https:\/\/vmsport.fi\/verkkokauppa\/varaosat\/jarrut\/levyjarrusetit\/levyjarrusarja-slx-m7100-taka-postmount-ei-levya-adapteria\/"]}]},{"@type":"ImageObject","inLanguage":"sv-SE","@id":"https:\/\/vmsport.fi\/verkkokauppa\/varaosat\/jarrut\/levyjarrusetit\/levyjarrusarja-slx-m7100-taka-postmount-ei-levya-adapteria\/#primaryimage","url":"https:\/\/vmsport.fi\/wp-content\/uploads\/2025\/03\/N5HnLNPcsYLFRBZVD7b95BoVTmBtD2lIFnYLKC251XBCfAyz6e-1.jpg","contentUrl":"https:\/\/vmsport.fi\/wp-content\/uploads\/2025\/03\/N5HnLNPcsYLFRBZVD7b95BoVTmBtD2lIFnYLKC251XBCfAyz6e-1.jpg","width":600,"height":600,"caption":"N5HnLNPcsYLFRBZVD7b95BoVTmBtD2lIFnYLKC251XBCfAyz6e"},{"@type":"BreadcrumbList","@id":"https:\/\/vmsport.fi\/verkkokauppa\/varaosat\/jarrut\/levyjarrusetit\/levyjarrusarja-slx-m7100-taka-postmount-ei-levya-adapteria\/#breadcrumb","itemListElement":[{"@type":"ListItem","position":1,"name":"Etusivu","item":"https:\/\/vmsport.fi\/"},{"@type":"ListItem","position":2,"name":"Online Store","item":"https:\/\/vmsport.fi\/en\/online-store\/"},{"@type":"ListItem","position":3,"name":"Levyjarrusarja SLX M7100 taka postmount, ei levy\u00e4\/adapteria"}]},{"@type":"WebSite","@id":"https:\/\/vmsport.fi\/#website","url":"https:\/\/vmsport.fi\/","name":"Vmsport","description":"Allt p\u00e5 ett st\u00e4lle f\u00f6r cykling","publisher":{"@id":"https:\/\/vmsport.fi\/#organization"},"potentialAction":[{"@type":"SearchAction","target":{"@type":"EntryPoint","urlTemplate":"https:\/\/vmsport.fi\/?s={search_term_string}"},"query-input":{"@type":"PropertyValueSpecification","valueRequired":true,"valueName":"search_term_string"}}],"inLanguage":"sv-SE"},{"@type":"Organization","@id":"https:\/\/vmsport.fi\/#organization","name":"Vmsport","url":"https:\/\/vmsport.fi\/","logo":{"@type":"ImageObject","inLanguage":"sv-SE","@id":"https:\/\/vmsport.fi\/#\/schema\/logo\/image\/","url":"https:\/\/vmsport.fi\/wp-content\/uploads\/2024\/12\/vm_sport_RGB_horisontal-e1734526017575.png","contentUrl":"https:\/\/vmsport.fi\/wp-content\/uploads\/2024\/12\/vm_sport_RGB_horisontal-e1734526017575.png","width":668,"height":85,"caption":"Vmsport"},"image":{"@id":"https:\/\/vmsport.fi\/#\/schema\/logo\/image\/"},"sameAs":["https:\/\/www.facebook.com\/Vmsport.fi\/","https:\/\/www.instagram.com\/vmsport\/"]}]}},"global_unique_id":"","_links":{"self":[{"href":"https:\/\/vmsport.fi\/sv\/wp-json\/wp\/v2\/product\/52875","targetHints":{"allow":["GET"]}}],"collection":[{"href":"https:\/\/vmsport.fi\/sv\/wp-json\/wp\/v2\/product"}],"about":[{"href":"https:\/\/vmsport.fi\/sv\/wp-json\/wp\/v2\/types\/product"}],"replies":[{"embeddable":true,"href":"https:\/\/vmsport.fi\/sv\/wp-json\/wp\/v2\/comments?post=52875"}],"wp:featuredmedia":[{"embeddable":true,"href":"https:\/\/vmsport.fi\/sv\/wp-json\/wp\/v2\/media\/52874"}],"wp:attachment":[{"href":"https:\/\/vmsport.fi\/sv\/wp-json\/wp\/v2\/media?parent=52875"}],"wp:term":[{"taxonomy":"product_brand","embeddable":true,"href":"https:\/\/vmsport.fi\/sv\/wp-json\/wp\/v2\/product_brand?post=52875"},{"taxonomy":"product_model","embeddable":true,"href":"https:\/\/vmsport.fi\/sv\/wp-json\/wp\/v2\/product_model?post=52875"},{"taxonomy":"product_cat","embeddable":true,"href":"https:\/\/vmsport.fi\/sv\/wp-json\/wp\/v2\/product_cat?post=52875"},{"taxonomy":"product_tag","embeddable":true,"href":"https:\/\/vmsport.fi\/sv\/wp-json\/wp\/v2\/product_tag?post=52875"},{"taxonomy":"industry_terminology","embeddable":true,"href":"https:\/\/vmsport.fi\/sv\/wp-json\/wp\/v2\/industry-terminology?post=52875"}],"curies":[{"name":"wp","href":"https:\/\/api.w.org\/{rel}","templated":true}]}}