{"id":52856,"date":"2025-03-05T23:34:43","date_gmt":"2025-03-05T21:34:43","guid":{"rendered":"https:\/\/vmsport.fi\/verkkokauppa\/Ei-luokiteltu\/levyjarruadapteri-taka-180mm-standard-postmount\/"},"modified":"2026-04-22T15:07:56","modified_gmt":"2026-04-22T12:07:56","slug":"skivbromsadapter-bak-180mm-standard-postmount","status":"publish","type":"product","link":"https:\/\/vmsport.fi\/sv\/verkkokauppa\/varaosat\/jarrut\/levyjarruadapterit\/levyjarruadapteri-taka-180mm-standard-postmount\/","title":{"rendered":"Skivbromsadapter bak 180 mm standard -&gt; postmount"},"content":{"rendered":"<p>Denna skivbromsadapter \u00e4r utformad f\u00f6r att konvertera bakbromsens montering fr\u00e5n ett standardf\u00e4ste till en postmount-design f\u00f6r 180 mm bromsskivor, vilket f\u00f6rb\u00e4ttrar hjulets bromsprestanda. Den \u00e4r tillverkad av slitstarkt material och s\u00e4kerst\u00e4ller tillf\u00f6rlitlig montering och precision vid installation av bromsskivor. Adaptern integreras s\u00f6ml\u00f6st med olika hjulkonstruktioner, vilket g\u00f6r den l\u00e4mplig f\u00f6r de flesta system. Dess praktiska egenskaper g\u00f6r det enklare och bekv\u00e4mare att uppgradera din bakbroms till en mer effektiv och robust s\u00e5dan.<\/p>","protected":false},"excerpt":{"rendered":"<p>T\u00e4m\u00e4 levyjarruadapteri on suunniteltu muuttamaan takajarruasennus standardista kiinnikkeest\u00e4 postmount-rakenteeksi 180 mm jarrulevyille, mik\u00e4 parantaa py\u00f6r\u00e4n jarrutustehoa. Valmistettu kest\u00e4v\u00e4st\u00e4 materiaalista, se varmistaa luotettavan kiinnityksen ja tarkkuuden jarrulevyn asennuksessa. Adapteri integroituu saumattomasti erityyppisiin py\u00f6r\u00e4malleihin, joten se sopii useimpiin j\u00e4rjestelmiin. Sen k\u00e4yt\u00e4nn\u00f6llisyys tekee takajarrun p\u00e4ivitt\u00e4misest\u00e4 tehokkaammaksi ja tukevammaksi helpompaa ja k\u00e4tev\u00e4mp\u00e4\u00e4. [&#8230;]<\/p>\n<p><a class=\"btn btn-secondary understrap-read-more-link\" href=\"https:\/\/vmsport.fi\/sv\/verkkokauppa\/varaosat\/jarrut\/levyjarruadapterit\/levyjarruadapteri-taka-180mm-standard-postmount\/\">L\u00e4s mer \u2026<span class=\"screen-reader-text\"> from Levyjarruadapteri taka 180mm standard -&gt; postmount<\/span><\/a><\/p>\n","protected":false},"featured_media":52855,"comment_status":"open","ping_status":"closed","template":"","meta":{"_acf_changed":false,"_improvement_type_select":"improve_an_existing","_thumb_yes_seoaic":false,"_frame_yes_seoaic":false,"seoaic_generate_description":"","seoaic_improve_instructions_prompt":"","seoaic_rollback_content_improvement":"","seoaic_idea_thumbnail_generator":"","thumbnail_generated":false,"thumbnail_generate_prompt":"","seoaic_article_description":"","_supplier_stock_quantity":0},"product_brand":[],"product_model":[],"product_cat":[9256],"product_tag":[],"industry-terminology":[],"class_list":{"0":"post-52856","1":"product","2":"type-product","3":"status-publish","4":"has-post-thumbnail","6":"product_cat-levyjarruadapterit","8":"first","9":"outofstock","10":"taxable","11":"shipping-taxable","12":"product-type-simple"},"acf":{"bike_features":null,"overview":{"copy_overview":null,"key_features":null,"statement":"","youtube_url":""}},"yoast_head":"<!-- This site is optimized with the Yoast SEO plugin v27.4 - https:\/\/yoast.com\/product\/yoast-seo-wordpress\/ -->\n<title>Levyjarruadapteri taka 180mm standard -&gt; postmount - VM Sport<\/title>\n<meta name=\"robots\" content=\"index, follow, max-snippet:-1, max-image-preview:large, max-video-preview:-1\" \/>\n<link rel=\"canonical\" href=\"https:\/\/vmsport.fi\/sv\/webbutik\/reservdelar\/bromsar\/skivbromsadaptrar\/skivbromsadapter-bak-180mm-standard-postmount\/\" \/>\n<meta property=\"og:locale\" content=\"sv_SE\" \/>\n<meta property=\"og:type\" content=\"article\" \/>\n<meta property=\"og:title\" content=\"Levyjarruadapteri taka 180mm standard -&gt; postmount - VM Sport\" \/>\n<meta property=\"og:description\" content=\"T\u00e4m\u00e4 levyjarruadapteri on suunniteltu muuttamaan takajarruasennus standardista kiinnikkeest\u00e4 postmount-rakenteeksi 180 mm jarrulevyille, mik\u00e4 parantaa py\u00f6r\u00e4n jarrutustehoa. Valmistettu kest\u00e4v\u00e4st\u00e4 materiaalista, se varmistaa luotettavan kiinnityksen ja tarkkuuden jarrulevyn asennuksessa. Adapteri integroituu saumattomasti erityyppisiin py\u00f6r\u00e4malleihin, joten se sopii useimpiin j\u00e4rjestelmiin. Sen k\u00e4yt\u00e4nn\u00f6llisyys tekee takajarrun p\u00e4ivitt\u00e4misest\u00e4 tehokkaammaksi ja tukevammaksi helpompaa ja k\u00e4tev\u00e4mp\u00e4\u00e4. [...]L\u00e4s mer \u2026 from Levyjarruadapteri taka 180mm standard -&gt; postmount\" \/>\n<meta property=\"og:url\" content=\"https:\/\/vmsport.fi\/sv\/webbutik\/reservdelar\/bromsar\/skivbromsadaptrar\/skivbromsadapter-bak-180mm-standard-postmount\/\" \/>\n<meta property=\"og:site_name\" content=\"VM Sport\" \/>\n<meta property=\"article:publisher\" content=\"https:\/\/www.facebook.com\/Vmsport.fi\/\" \/>\n<meta property=\"article:modified_time\" content=\"2026-04-22T12:07:56+00:00\" \/>\n<meta property=\"og:image\" content=\"https:\/\/vmsport.fi\/wp-content\/uploads\/2025\/03\/9d6LA9VxmsqimBUutSSq5s3CLeozgEzO2mm3A6IRr6v1qAuQHj-1.jpg\" \/>\n\t<meta property=\"og:image:width\" content=\"600\" \/>\n\t<meta property=\"og:image:height\" content=\"600\" \/>\n\t<meta property=\"og:image:type\" content=\"image\/jpeg\" \/>\n<meta name=\"twitter:card\" content=\"summary_large_image\" \/>\n<script type=\"application\/ld+json\" class=\"yoast-schema-graph\">{\"@context\":\"https:\\\/\\\/schema.org\",\"@graph\":[{\"@type\":[\"WebPage\",\"ItemPage\"],\"@id\":\"https:\\\/\\\/vmsport.fi\\\/verkkokauppa\\\/varaosat\\\/jarrut\\\/levyjarruadapterit\\\/levyjarruadapteri-taka-180mm-standard-postmount\\\/\",\"url\":\"https:\\\/\\\/vmsport.fi\\\/verkkokauppa\\\/varaosat\\\/jarrut\\\/levyjarruadapterit\\\/levyjarruadapteri-taka-180mm-standard-postmount\\\/\",\"name\":\"Levyjarruadapteri taka 180mm standard -&gt; postmount - VM Sport\",\"isPartOf\":{\"@id\":\"https:\\\/\\\/vmsport.fi\\\/#website\"},\"primaryImageOfPage\":{\"@id\":\"https:\\\/\\\/vmsport.fi\\\/verkkokauppa\\\/varaosat\\\/jarrut\\\/levyjarruadapterit\\\/levyjarruadapteri-taka-180mm-standard-postmount\\\/#primaryimage\"},\"image\":{\"@id\":\"https:\\\/\\\/vmsport.fi\\\/verkkokauppa\\\/varaosat\\\/jarrut\\\/levyjarruadapterit\\\/levyjarruadapteri-taka-180mm-standard-postmount\\\/#primaryimage\"},\"thumbnailUrl\":\"https:\\\/\\\/vmsport.fi\\\/wp-content\\\/uploads\\\/2025\\\/03\\\/9d6LA9VxmsqimBUutSSq5s3CLeozgEzO2mm3A6IRr6v1qAuQHj-1.jpg\",\"datePublished\":\"2025-03-05T21:34:43+00:00\",\"dateModified\":\"2026-04-22T12:07:56+00:00\",\"breadcrumb\":{\"@id\":\"https:\\\/\\\/vmsport.fi\\\/verkkokauppa\\\/varaosat\\\/jarrut\\\/levyjarruadapterit\\\/levyjarruadapteri-taka-180mm-standard-postmount\\\/#breadcrumb\"},\"inLanguage\":\"sv-SE\",\"potentialAction\":[{\"@type\":\"ReadAction\",\"target\":[\"https:\\\/\\\/vmsport.fi\\\/verkkokauppa\\\/varaosat\\\/jarrut\\\/levyjarruadapterit\\\/levyjarruadapteri-taka-180mm-standard-postmount\\\/\"]}]},{\"@type\":\"ImageObject\",\"inLanguage\":\"sv-SE\",\"@id\":\"https:\\\/\\\/vmsport.fi\\\/verkkokauppa\\\/varaosat\\\/jarrut\\\/levyjarruadapterit\\\/levyjarruadapteri-taka-180mm-standard-postmount\\\/#primaryimage\",\"url\":\"https:\\\/\\\/vmsport.fi\\\/wp-content\\\/uploads\\\/2025\\\/03\\\/9d6LA9VxmsqimBUutSSq5s3CLeozgEzO2mm3A6IRr6v1qAuQHj-1.jpg\",\"contentUrl\":\"https:\\\/\\\/vmsport.fi\\\/wp-content\\\/uploads\\\/2025\\\/03\\\/9d6LA9VxmsqimBUutSSq5s3CLeozgEzO2mm3A6IRr6v1qAuQHj-1.jpg\",\"width\":600,\"height\":600,\"caption\":\"9d6LA9VxmsqimBUutSSq5s3CLeozgEzO2mm3A6IRr6v1qAuQHj\"},{\"@type\":\"BreadcrumbList\",\"@id\":\"https:\\\/\\\/vmsport.fi\\\/verkkokauppa\\\/varaosat\\\/jarrut\\\/levyjarruadapterit\\\/levyjarruadapteri-taka-180mm-standard-postmount\\\/#breadcrumb\",\"itemListElement\":[{\"@type\":\"ListItem\",\"position\":1,\"name\":\"Etusivu\",\"item\":\"https:\\\/\\\/vmsport.fi\\\/\"},{\"@type\":\"ListItem\",\"position\":2,\"name\":\"Online Store\",\"item\":\"https:\\\/\\\/vmsport.fi\\\/en\\\/online-store\\\/\"},{\"@type\":\"ListItem\",\"position\":3,\"name\":\"Levyjarruadapteri taka 180mm standard -&gt; postmount\"}]},{\"@type\":\"WebSite\",\"@id\":\"https:\\\/\\\/vmsport.fi\\\/#website\",\"url\":\"https:\\\/\\\/vmsport.fi\\\/\",\"name\":\"Vmsport\",\"description\":\"Kaikki py\u00f6r\u00e4ilyyn yhdest\u00e4 paikasta\",\"publisher\":{\"@id\":\"https:\\\/\\\/vmsport.fi\\\/#organization\"},\"potentialAction\":[{\"@type\":\"SearchAction\",\"target\":{\"@type\":\"EntryPoint\",\"urlTemplate\":\"https:\\\/\\\/vmsport.fi\\\/?s={search_term_string}\"},\"query-input\":{\"@type\":\"PropertyValueSpecification\",\"valueRequired\":true,\"valueName\":\"search_term_string\"}}],\"inLanguage\":\"sv-SE\"},{\"@type\":\"Organization\",\"@id\":\"https:\\\/\\\/vmsport.fi\\\/#organization\",\"name\":\"Vmsport\",\"url\":\"https:\\\/\\\/vmsport.fi\\\/\",\"logo\":{\"@type\":\"ImageObject\",\"inLanguage\":\"sv-SE\",\"@id\":\"https:\\\/\\\/vmsport.fi\\\/#\\\/schema\\\/logo\\\/image\\\/\",\"url\":\"https:\\\/\\\/vmsport.fi\\\/wp-content\\\/uploads\\\/2024\\\/12\\\/vm_sport_RGB_horisontal-e1734526017575.png\",\"contentUrl\":\"https:\\\/\\\/vmsport.fi\\\/wp-content\\\/uploads\\\/2024\\\/12\\\/vm_sport_RGB_horisontal-e1734526017575.png\",\"width\":668,\"height\":85,\"caption\":\"Vmsport\"},\"image\":{\"@id\":\"https:\\\/\\\/vmsport.fi\\\/#\\\/schema\\\/logo\\\/image\\\/\"},\"sameAs\":[\"https:\\\/\\\/www.facebook.com\\\/Vmsport.fi\\\/\",\"https:\\\/\\\/www.instagram.com\\\/vmsport\\\/\"]}]}<\/script>\n<!-- \/ Yoast SEO plugin. -->","yoast_head_json":{"title":"Adapter f\u00f6r bakre skivbroms 180 mm standard -&gt; postmount - VM Sport","robots":{"index":"index","follow":"follow","max-snippet":"max-snippet:-1","max-image-preview":"max-image-preview:large","max-video-preview":"max-video-preview:-1"},"canonical":"https:\/\/vmsport.fi\/sv\/webbutik\/reservdelar\/bromsar\/skivbromsadaptrar\/skivbromsadapter-bak-180mm-standard-postmount\/","og_locale":"sv_SE","og_type":"article","og_title":"Levyjarruadapteri taka 180mm standard -&gt; postmount - VM Sport","og_description":"T\u00e4m\u00e4 levyjarruadapteri on suunniteltu muuttamaan takajarruasennus standardista kiinnikkeest\u00e4 postmount-rakenteeksi 180 mm jarrulevyille, mik\u00e4 parantaa py\u00f6r\u00e4n jarrutustehoa. Valmistettu kest\u00e4v\u00e4st\u00e4 materiaalista, se varmistaa luotettavan kiinnityksen ja tarkkuuden jarrulevyn asennuksessa. Adapteri integroituu saumattomasti erityyppisiin py\u00f6r\u00e4malleihin, joten se sopii useimpiin j\u00e4rjestelmiin. Sen k\u00e4yt\u00e4nn\u00f6llisyys tekee takajarrun p\u00e4ivitt\u00e4misest\u00e4 tehokkaammaksi ja tukevammaksi helpompaa ja k\u00e4tev\u00e4mp\u00e4\u00e4. [...]L\u00e4s mer \u2026 from Levyjarruadapteri taka 180mm standard -&gt; postmount","og_url":"https:\/\/vmsport.fi\/sv\/webbutik\/reservdelar\/bromsar\/skivbromsadaptrar\/skivbromsadapter-bak-180mm-standard-postmount\/","og_site_name":"VM Sport","article_publisher":"https:\/\/www.facebook.com\/Vmsport.fi\/","article_modified_time":"2026-04-22T12:07:56+00:00","og_image":[{"width":600,"height":600,"url":"https:\/\/vmsport.fi\/wp-content\/uploads\/2025\/03\/9d6LA9VxmsqimBUutSSq5s3CLeozgEzO2mm3A6IRr6v1qAuQHj-1.jpg","type":"image\/jpeg"}],"twitter_card":"summary_large_image","schema":{"@context":"https:\/\/schema.org","@graph":[{"@type":["WebPage","ItemPage"],"@id":"https:\/\/vmsport.fi\/verkkokauppa\/varaosat\/jarrut\/levyjarruadapterit\/levyjarruadapteri-taka-180mm-standard-postmount\/","url":"https:\/\/vmsport.fi\/verkkokauppa\/varaosat\/jarrut\/levyjarruadapterit\/levyjarruadapteri-taka-180mm-standard-postmount\/","name":"Adapter f\u00f6r bakre skivbroms 180 mm standard -&gt; postmount - VM Sport","isPartOf":{"@id":"https:\/\/vmsport.fi\/#website"},"primaryImageOfPage":{"@id":"https:\/\/vmsport.fi\/verkkokauppa\/varaosat\/jarrut\/levyjarruadapterit\/levyjarruadapteri-taka-180mm-standard-postmount\/#primaryimage"},"image":{"@id":"https:\/\/vmsport.fi\/verkkokauppa\/varaosat\/jarrut\/levyjarruadapterit\/levyjarruadapteri-taka-180mm-standard-postmount\/#primaryimage"},"thumbnailUrl":"https:\/\/vmsport.fi\/wp-content\/uploads\/2025\/03\/9d6LA9VxmsqimBUutSSq5s3CLeozgEzO2mm3A6IRr6v1qAuQHj-1.jpg","datePublished":"2025-03-05T21:34:43+00:00","dateModified":"2026-04-22T12:07:56+00:00","breadcrumb":{"@id":"https:\/\/vmsport.fi\/verkkokauppa\/varaosat\/jarrut\/levyjarruadapterit\/levyjarruadapteri-taka-180mm-standard-postmount\/#breadcrumb"},"inLanguage":"sv-SE","potentialAction":[{"@type":"ReadAction","target":["https:\/\/vmsport.fi\/verkkokauppa\/varaosat\/jarrut\/levyjarruadapterit\/levyjarruadapteri-taka-180mm-standard-postmount\/"]}]},{"@type":"ImageObject","inLanguage":"sv-SE","@id":"https:\/\/vmsport.fi\/verkkokauppa\/varaosat\/jarrut\/levyjarruadapterit\/levyjarruadapteri-taka-180mm-standard-postmount\/#primaryimage","url":"https:\/\/vmsport.fi\/wp-content\/uploads\/2025\/03\/9d6LA9VxmsqimBUutSSq5s3CLeozgEzO2mm3A6IRr6v1qAuQHj-1.jpg","contentUrl":"https:\/\/vmsport.fi\/wp-content\/uploads\/2025\/03\/9d6LA9VxmsqimBUutSSq5s3CLeozgEzO2mm3A6IRr6v1qAuQHj-1.jpg","width":600,"height":600,"caption":"9d6LA9VxmsqimBUutSSq5s3CLeozgEzO2mm3A6IRr6v1qAuQHj"},{"@type":"BreadcrumbList","@id":"https:\/\/vmsport.fi\/verkkokauppa\/varaosat\/jarrut\/levyjarruadapterit\/levyjarruadapteri-taka-180mm-standard-postmount\/#breadcrumb","itemListElement":[{"@type":"ListItem","position":1,"name":"Etusivu","item":"https:\/\/vmsport.fi\/"},{"@type":"ListItem","position":2,"name":"Online Store","item":"https:\/\/vmsport.fi\/en\/online-store\/"},{"@type":"ListItem","position":3,"name":"Levyjarruadapteri taka 180mm standard -&gt; postmount"}]},{"@type":"WebSite","@id":"https:\/\/vmsport.fi\/#website","url":"https:\/\/vmsport.fi\/","name":"Vmsport","description":"Allt p\u00e5 ett st\u00e4lle f\u00f6r cykling","publisher":{"@id":"https:\/\/vmsport.fi\/#organization"},"potentialAction":[{"@type":"SearchAction","target":{"@type":"EntryPoint","urlTemplate":"https:\/\/vmsport.fi\/?s={search_term_string}"},"query-input":{"@type":"PropertyValueSpecification","valueRequired":true,"valueName":"search_term_string"}}],"inLanguage":"sv-SE"},{"@type":"Organization","@id":"https:\/\/vmsport.fi\/#organization","name":"Vmsport","url":"https:\/\/vmsport.fi\/","logo":{"@type":"ImageObject","inLanguage":"sv-SE","@id":"https:\/\/vmsport.fi\/#\/schema\/logo\/image\/","url":"https:\/\/vmsport.fi\/wp-content\/uploads\/2024\/12\/vm_sport_RGB_horisontal-e1734526017575.png","contentUrl":"https:\/\/vmsport.fi\/wp-content\/uploads\/2024\/12\/vm_sport_RGB_horisontal-e1734526017575.png","width":668,"height":85,"caption":"Vmsport"},"image":{"@id":"https:\/\/vmsport.fi\/#\/schema\/logo\/image\/"},"sameAs":["https:\/\/www.facebook.com\/Vmsport.fi\/","https:\/\/www.instagram.com\/vmsport\/"]}]}},"global_unique_id":"","_links":{"self":[{"href":"https:\/\/vmsport.fi\/sv\/wp-json\/wp\/v2\/product\/52856","targetHints":{"allow":["GET"]}}],"collection":[{"href":"https:\/\/vmsport.fi\/sv\/wp-json\/wp\/v2\/product"}],"about":[{"href":"https:\/\/vmsport.fi\/sv\/wp-json\/wp\/v2\/types\/product"}],"replies":[{"embeddable":true,"href":"https:\/\/vmsport.fi\/sv\/wp-json\/wp\/v2\/comments?post=52856"}],"wp:featuredmedia":[{"embeddable":true,"href":"https:\/\/vmsport.fi\/sv\/wp-json\/wp\/v2\/media\/52855"}],"wp:attachment":[{"href":"https:\/\/vmsport.fi\/sv\/wp-json\/wp\/v2\/media?parent=52856"}],"wp:term":[{"taxonomy":"product_brand","embeddable":true,"href":"https:\/\/vmsport.fi\/sv\/wp-json\/wp\/v2\/product_brand?post=52856"},{"taxonomy":"product_model","embeddable":true,"href":"https:\/\/vmsport.fi\/sv\/wp-json\/wp\/v2\/product_model?post=52856"},{"taxonomy":"product_cat","embeddable":true,"href":"https:\/\/vmsport.fi\/sv\/wp-json\/wp\/v2\/product_cat?post=52856"},{"taxonomy":"product_tag","embeddable":true,"href":"https:\/\/vmsport.fi\/sv\/wp-json\/wp\/v2\/product_tag?post=52856"},{"taxonomy":"industry_terminology","embeddable":true,"href":"https:\/\/vmsport.fi\/sv\/wp-json\/wp\/v2\/industry-terminology?post=52856"}],"curies":[{"name":"wp","href":"https:\/\/api.w.org\/{rel}","templated":true}]}}