{"id":52849,"date":"2025-03-05T23:34:37","date_gmt":"2025-03-05T21:34:37","guid":{"rendered":"https:\/\/vmsport.fi\/verkkokauppa\/Ei-luokiteltu\/shimano-ajolasit-ce-tcnm2-technium-ridescape-off-road-mattaharmaa\/"},"modified":"2026-01-16T13:26:03","modified_gmt":"2026-01-16T11:26:03","slug":"shimano-ajolasit-ce-tcnm2-technium-ridescape-off-road-mattaharmaa","status":"publish","type":"product","link":"https:\/\/vmsport.fi\/sv\/verkkokauppa\/ajovarusteet\/ajolasit\/shimano-ajolasit-ce-tcnm2-technium-ridescape-off-road-mattaharmaa\/","title":{"rendered":"SHIMANO CE-TCNM2 TECHNIUM Ridescape Off-Road solglas\u00f6gon matt gr\u00e5"},"content":{"rendered":"<p>SHIMANO Ajolasit CE-TCNM2 TECHNIUM Ridescape Off-Road Mattaharmaa yhdist\u00e4\u00e4 kevyen ja kest\u00e4v\u00e4n Grilamid TR-90 -materiaalin laajaan, yksiosaiseen linssiin, tehden niist\u00e4 erinomaiset vaihtelevaan maastoajoon. Kehyksen tarkasti muotoiltu t\u00e4ysreunainen rakenne yhdess\u00e4 s\u00e4\u00e4dett\u00e4v\u00e4n XL-nen\u00e4tyynyn kanssa takaa miellytt\u00e4v\u00e4n ja napakan istuvuuden. Tuplaruiskuvalettu TPE-materiaali sankojen p\u00e4iss\u00e4 tarjoaa liukumattoman mukavuuden.<\/p>\n<p>UVA- ja UVB-s\u00e4teilt\u00e4 suojaavat linssit RIDESCAPE-teknologialla parantavat kontrastia ja selkeytt\u00e4, olipa edess\u00e4 sitten p\u00f6lyinen polku tai mutainen maasto. Ainutlaatuiset linssiaukot ehk\u00e4isev\u00e4t huurtumista, ja hydrofobinen sek\u00e4 naarmuuntumista est\u00e4v\u00e4 pinnoite s\u00e4ilytt\u00e4v\u00e4t n\u00e4k\u00f6kent\u00e4n kirkkaana kaikissa s\u00e4\u00e4olosuhteissa.<\/p>\n<p>Kurvikkaat sankatyynyt pit\u00e4v\u00e4t lasit tukevasti paikoillaan ja yhteensopivina modernien maastokyp\u00e4rien kanssa. Lasien keveys tekee niist\u00e4 ihanteelliset pitkille py\u00f6r\u00e4ilymatkoille, tarjoten mukavuutta koko p\u00e4iv\u00e4n ajan. Mukana tulevat s\u00e4ilytyslaukku ja silm\u00e4lasipussi antavat lis\u00e4suojaa kuljetuksen aikana.<\/p>","protected":false},"excerpt":{"rendered":"<p>SHIMANO Ajolasit CE-TCNM2 TECHNIUM Ridescape Off-Road Mattaharmaa yhdist\u00e4\u00e4 kevyen ja kest\u00e4v\u00e4n Grilamid TR-90 -materiaalin laajaan, yksiosaiseen linssiin, tehden niist\u00e4 erinomaiset vaihtelevaan maastoajoon. Kehyksen tarkasti muotoiltu t\u00e4ysreunainen rakenne yhdess\u00e4 s\u00e4\u00e4dett\u00e4v\u00e4n XL-nen\u00e4tyynyn kanssa takaa miellytt\u00e4v\u00e4n ja napakan istuvuuden. Tuplaruiskuvalettu TPE-materiaali sankojen p\u00e4iss\u00e4 tarjoaa liukumattoman mukavuuden. UVA- ja UVB-s\u00e4teilt\u00e4 suojaavat linssit RIDESCAPE-teknologialla parantavat kontrastia ja selkeytt\u00e4, olipa edess\u00e4 [&#8230;]<\/p>\n<p><a class=\"btn btn-secondary understrap-read-more-link\" href=\"https:\/\/vmsport.fi\/sv\/verkkokauppa\/ajovarusteet\/ajolasit\/shimano-ajolasit-ce-tcnm2-technium-ridescape-off-road-mattaharmaa\/\">L\u00e4s mer \u2026<span class=\"screen-reader-text\"> from SHIMANO Ajolasit CE-TCNM2 TECHNIUM Ridescape Off-Road Mattaharmaa<\/span><\/a><\/p>\n","protected":false},"featured_media":52848,"comment_status":"open","ping_status":"closed","template":"","meta":{"_acf_changed":false,"_improvement_type_select":"improve_an_existing","_thumb_yes_seoaic":false,"_frame_yes_seoaic":false,"seoaic_generate_description":"","seoaic_improve_instructions_prompt":"","seoaic_rollback_content_improvement":"","seoaic_idea_thumbnail_generator":"","thumbnail_generated":false,"thumbnail_generate_prompt":"","seoaic_article_description":"","_supplier_stock_quantity":0},"product_brand":[],"product_model":[],"product_cat":[9280],"product_tag":[],"industry-terminology":[],"class_list":{"0":"post-52849","1":"product","2":"type-product","3":"status-publish","4":"has-post-thumbnail","6":"product_cat-ajolasit","8":"first","9":"outofstock","10":"taxable","11":"shipping-taxable","12":"product-type-simple"},"acf":{"bike_features":null,"overview":{"copy_overview":null,"key_features":null,"statement":"","youtube_url":""}},"yoast_head":"<!-- This site is optimized with the Yoast SEO plugin v27.3 - https:\/\/yoast.com\/product\/yoast-seo-wordpress\/ -->\n<title>SHIMANO Ajolasit CE-TCNM2 TECHNIUM Ridescape Off-Road Mattaharmaa - VM Sport<\/title>\n<meta name=\"robots\" content=\"index, follow, max-snippet:-1, max-image-preview:large, max-video-preview:-1\" \/>\n<link rel=\"canonical\" href=\"https:\/\/vmsport.fi\/sv\/webbutik\/korutrustning\/drivande-glasogon\/shimano-ajolasit-ce-tcnm2-technium-ridescape-off-road-mattaharmaa\/\" \/>\n<meta property=\"og:locale\" content=\"sv_SE\" \/>\n<meta property=\"og:type\" content=\"article\" \/>\n<meta property=\"og:title\" content=\"SHIMANO Ajolasit CE-TCNM2 TECHNIUM Ridescape Off-Road Mattaharmaa - VM Sport\" \/>\n<meta property=\"og:description\" content=\"SHIMANO Ajolasit CE-TCNM2 TECHNIUM Ridescape Off-Road Mattaharmaa yhdist\u00e4\u00e4 kevyen ja kest\u00e4v\u00e4n Grilamid TR-90 -materiaalin laajaan, yksiosaiseen linssiin, tehden niist\u00e4 erinomaiset vaihtelevaan maastoajoon. Kehyksen tarkasti muotoiltu t\u00e4ysreunainen rakenne yhdess\u00e4 s\u00e4\u00e4dett\u00e4v\u00e4n XL-nen\u00e4tyynyn kanssa takaa miellytt\u00e4v\u00e4n ja napakan istuvuuden. Tuplaruiskuvalettu TPE-materiaali sankojen p\u00e4iss\u00e4 tarjoaa liukumattoman mukavuuden. UVA- ja UVB-s\u00e4teilt\u00e4 suojaavat linssit RIDESCAPE-teknologialla parantavat kontrastia ja selkeytt\u00e4, olipa edess\u00e4 [...]L\u00e4s mer \u2026 from SHIMANO Ajolasit CE-TCNM2 TECHNIUM Ridescape Off-Road Mattaharmaa\" \/>\n<meta property=\"og:url\" content=\"https:\/\/vmsport.fi\/sv\/webbutik\/korutrustning\/drivande-glasogon\/shimano-ajolasit-ce-tcnm2-technium-ridescape-off-road-mattaharmaa\/\" \/>\n<meta property=\"og:site_name\" content=\"VM Sport\" \/>\n<meta property=\"article:publisher\" content=\"https:\/\/www.facebook.com\/Vmsport.fi\/\" \/>\n<meta property=\"article:modified_time\" content=\"2026-01-16T11:26:03+00:00\" \/>\n<meta property=\"og:image\" content=\"https:\/\/vmsport.fi\/wp-content\/uploads\/2025\/03\/CE-TCNM2-OR-shic346-primary-1-jpg-thumb-572-572-1.png\" \/>\n\t<meta property=\"og:image:width\" content=\"572\" \/>\n\t<meta property=\"og:image:height\" content=\"572\" \/>\n\t<meta property=\"og:image:type\" content=\"image\/png\" \/>\n<meta name=\"twitter:card\" content=\"summary_large_image\" \/>\n<meta name=\"twitter:label1\" content=\"Ber\u00e4knad l\u00e4stid\" \/>\n\t<meta name=\"twitter:data1\" content=\"1 minut\" \/>\n<script type=\"application\/ld+json\" class=\"yoast-schema-graph\">{\"@context\":\"https:\\\/\\\/schema.org\",\"@graph\":[{\"@type\":[\"WebPage\",\"ItemPage\"],\"@id\":\"https:\\\/\\\/vmsport.fi\\\/verkkokauppa\\\/ajovarusteet\\\/ajolasit\\\/shimano-ajolasit-ce-tcnm2-technium-ridescape-off-road-mattaharmaa\\\/\",\"url\":\"https:\\\/\\\/vmsport.fi\\\/verkkokauppa\\\/ajovarusteet\\\/ajolasit\\\/shimano-ajolasit-ce-tcnm2-technium-ridescape-off-road-mattaharmaa\\\/\",\"name\":\"SHIMANO Ajolasit CE-TCNM2 TECHNIUM Ridescape Off-Road Mattaharmaa - VM Sport\",\"isPartOf\":{\"@id\":\"https:\\\/\\\/vmsport.fi\\\/#website\"},\"primaryImageOfPage\":{\"@id\":\"https:\\\/\\\/vmsport.fi\\\/verkkokauppa\\\/ajovarusteet\\\/ajolasit\\\/shimano-ajolasit-ce-tcnm2-technium-ridescape-off-road-mattaharmaa\\\/#primaryimage\"},\"image\":{\"@id\":\"https:\\\/\\\/vmsport.fi\\\/verkkokauppa\\\/ajovarusteet\\\/ajolasit\\\/shimano-ajolasit-ce-tcnm2-technium-ridescape-off-road-mattaharmaa\\\/#primaryimage\"},\"thumbnailUrl\":\"https:\\\/\\\/vmsport.fi\\\/wp-content\\\/uploads\\\/2025\\\/03\\\/CE-TCNM2-OR-shic346-primary-1-jpg-thumb-572-572-1.png\",\"datePublished\":\"2025-03-05T21:34:37+00:00\",\"dateModified\":\"2026-01-16T11:26:03+00:00\",\"breadcrumb\":{\"@id\":\"https:\\\/\\\/vmsport.fi\\\/verkkokauppa\\\/ajovarusteet\\\/ajolasit\\\/shimano-ajolasit-ce-tcnm2-technium-ridescape-off-road-mattaharmaa\\\/#breadcrumb\"},\"inLanguage\":\"sv-SE\",\"potentialAction\":[{\"@type\":\"ReadAction\",\"target\":[\"https:\\\/\\\/vmsport.fi\\\/verkkokauppa\\\/ajovarusteet\\\/ajolasit\\\/shimano-ajolasit-ce-tcnm2-technium-ridescape-off-road-mattaharmaa\\\/\"]}]},{\"@type\":\"ImageObject\",\"inLanguage\":\"sv-SE\",\"@id\":\"https:\\\/\\\/vmsport.fi\\\/verkkokauppa\\\/ajovarusteet\\\/ajolasit\\\/shimano-ajolasit-ce-tcnm2-technium-ridescape-off-road-mattaharmaa\\\/#primaryimage\",\"url\":\"https:\\\/\\\/vmsport.fi\\\/wp-content\\\/uploads\\\/2025\\\/03\\\/CE-TCNM2-OR-shic346-primary-1-jpg-thumb-572-572-1.png\",\"contentUrl\":\"https:\\\/\\\/vmsport.fi\\\/wp-content\\\/uploads\\\/2025\\\/03\\\/CE-TCNM2-OR-shic346-primary-1-jpg-thumb-572-572-1.png\",\"width\":572,\"height\":572,\"caption\":\"CE-TCNM2-OR-shic346-primary-1-jpg-thumb-572-572\"},{\"@type\":\"BreadcrumbList\",\"@id\":\"https:\\\/\\\/vmsport.fi\\\/verkkokauppa\\\/ajovarusteet\\\/ajolasit\\\/shimano-ajolasit-ce-tcnm2-technium-ridescape-off-road-mattaharmaa\\\/#breadcrumb\",\"itemListElement\":[{\"@type\":\"ListItem\",\"position\":1,\"name\":\"Etusivu\",\"item\":\"https:\\\/\\\/vmsport.fi\\\/\"},{\"@type\":\"ListItem\",\"position\":2,\"name\":\"Online Store\",\"item\":\"https:\\\/\\\/vmsport.fi\\\/en\\\/online-store\\\/\"},{\"@type\":\"ListItem\",\"position\":3,\"name\":\"SHIMANO Ajolasit CE-TCNM2 TECHNIUM Ridescape Off-Road Mattaharmaa\"}]},{\"@type\":\"WebSite\",\"@id\":\"https:\\\/\\\/vmsport.fi\\\/#website\",\"url\":\"https:\\\/\\\/vmsport.fi\\\/\",\"name\":\"Vmsport\",\"description\":\"Kaikki py\u00f6r\u00e4ilyyn yhdest\u00e4 paikasta\",\"publisher\":{\"@id\":\"https:\\\/\\\/vmsport.fi\\\/#organization\"},\"potentialAction\":[{\"@type\":\"SearchAction\",\"target\":{\"@type\":\"EntryPoint\",\"urlTemplate\":\"https:\\\/\\\/vmsport.fi\\\/?s={search_term_string}\"},\"query-input\":{\"@type\":\"PropertyValueSpecification\",\"valueRequired\":true,\"valueName\":\"search_term_string\"}}],\"inLanguage\":\"sv-SE\"},{\"@type\":\"Organization\",\"@id\":\"https:\\\/\\\/vmsport.fi\\\/#organization\",\"name\":\"Vmsport\",\"url\":\"https:\\\/\\\/vmsport.fi\\\/\",\"logo\":{\"@type\":\"ImageObject\",\"inLanguage\":\"sv-SE\",\"@id\":\"https:\\\/\\\/vmsport.fi\\\/#\\\/schema\\\/logo\\\/image\\\/\",\"url\":\"https:\\\/\\\/vmsport.fi\\\/wp-content\\\/uploads\\\/2024\\\/12\\\/vm_sport_RGB_horisontal-e1734526017575.png\",\"contentUrl\":\"https:\\\/\\\/vmsport.fi\\\/wp-content\\\/uploads\\\/2024\\\/12\\\/vm_sport_RGB_horisontal-e1734526017575.png\",\"width\":668,\"height\":85,\"caption\":\"Vmsport\"},\"image\":{\"@id\":\"https:\\\/\\\/vmsport.fi\\\/#\\\/schema\\\/logo\\\/image\\\/\"},\"sameAs\":[\"https:\\\/\\\/www.facebook.com\\\/Vmsport.fi\\\/\",\"https:\\\/\\\/www.instagram.com\\\/vmsport\\\/\"]}]}<\/script>\n<!-- \/ Yoast SEO plugin. -->","yoast_head_json":{"title":"SHIMANO Ajolasit CE-TCNM2 TECHNIUM Ridescape Off-Road Mattaharmaa - VM Sport","robots":{"index":"index","follow":"follow","max-snippet":"max-snippet:-1","max-image-preview":"max-image-preview:large","max-video-preview":"max-video-preview:-1"},"canonical":"https:\/\/vmsport.fi\/sv\/webbutik\/korutrustning\/drivande-glasogon\/shimano-ajolasit-ce-tcnm2-technium-ridescape-off-road-mattaharmaa\/","og_locale":"sv_SE","og_type":"article","og_title":"SHIMANO Ajolasit CE-TCNM2 TECHNIUM Ridescape Off-Road Mattaharmaa - VM Sport","og_description":"SHIMANO Ajolasit CE-TCNM2 TECHNIUM Ridescape Off-Road Mattaharmaa yhdist\u00e4\u00e4 kevyen ja kest\u00e4v\u00e4n Grilamid TR-90 -materiaalin laajaan, yksiosaiseen linssiin, tehden niist\u00e4 erinomaiset vaihtelevaan maastoajoon. Kehyksen tarkasti muotoiltu t\u00e4ysreunainen rakenne yhdess\u00e4 s\u00e4\u00e4dett\u00e4v\u00e4n XL-nen\u00e4tyynyn kanssa takaa miellytt\u00e4v\u00e4n ja napakan istuvuuden. Tuplaruiskuvalettu TPE-materiaali sankojen p\u00e4iss\u00e4 tarjoaa liukumattoman mukavuuden. UVA- ja UVB-s\u00e4teilt\u00e4 suojaavat linssit RIDESCAPE-teknologialla parantavat kontrastia ja selkeytt\u00e4, olipa edess\u00e4 [...]L\u00e4s mer \u2026 from SHIMANO Ajolasit CE-TCNM2 TECHNIUM Ridescape Off-Road Mattaharmaa","og_url":"https:\/\/vmsport.fi\/sv\/webbutik\/korutrustning\/drivande-glasogon\/shimano-ajolasit-ce-tcnm2-technium-ridescape-off-road-mattaharmaa\/","og_site_name":"VM Sport","article_publisher":"https:\/\/www.facebook.com\/Vmsport.fi\/","article_modified_time":"2026-01-16T11:26:03+00:00","og_image":[{"width":572,"height":572,"url":"https:\/\/vmsport.fi\/wp-content\/uploads\/2025\/03\/CE-TCNM2-OR-shic346-primary-1-jpg-thumb-572-572-1.png","type":"image\/png"}],"twitter_card":"summary_large_image","twitter_misc":{"Ber\u00e4knad l\u00e4stid":"1 minut"},"schema":{"@context":"https:\/\/schema.org","@graph":[{"@type":["WebPage","ItemPage"],"@id":"https:\/\/vmsport.fi\/verkkokauppa\/ajovarusteet\/ajolasit\/shimano-ajolasit-ce-tcnm2-technium-ridescape-off-road-mattaharmaa\/","url":"https:\/\/vmsport.fi\/verkkokauppa\/ajovarusteet\/ajolasit\/shimano-ajolasit-ce-tcnm2-technium-ridescape-off-road-mattaharmaa\/","name":"SHIMANO Ajolasit CE-TCNM2 TECHNIUM Ridescape Off-Road Mattaharmaa - VM Sport","isPartOf":{"@id":"https:\/\/vmsport.fi\/#website"},"primaryImageOfPage":{"@id":"https:\/\/vmsport.fi\/verkkokauppa\/ajovarusteet\/ajolasit\/shimano-ajolasit-ce-tcnm2-technium-ridescape-off-road-mattaharmaa\/#primaryimage"},"image":{"@id":"https:\/\/vmsport.fi\/verkkokauppa\/ajovarusteet\/ajolasit\/shimano-ajolasit-ce-tcnm2-technium-ridescape-off-road-mattaharmaa\/#primaryimage"},"thumbnailUrl":"https:\/\/vmsport.fi\/wp-content\/uploads\/2025\/03\/CE-TCNM2-OR-shic346-primary-1-jpg-thumb-572-572-1.png","datePublished":"2025-03-05T21:34:37+00:00","dateModified":"2026-01-16T11:26:03+00:00","breadcrumb":{"@id":"https:\/\/vmsport.fi\/verkkokauppa\/ajovarusteet\/ajolasit\/shimano-ajolasit-ce-tcnm2-technium-ridescape-off-road-mattaharmaa\/#breadcrumb"},"inLanguage":"sv-SE","potentialAction":[{"@type":"ReadAction","target":["https:\/\/vmsport.fi\/verkkokauppa\/ajovarusteet\/ajolasit\/shimano-ajolasit-ce-tcnm2-technium-ridescape-off-road-mattaharmaa\/"]}]},{"@type":"ImageObject","inLanguage":"sv-SE","@id":"https:\/\/vmsport.fi\/verkkokauppa\/ajovarusteet\/ajolasit\/shimano-ajolasit-ce-tcnm2-technium-ridescape-off-road-mattaharmaa\/#primaryimage","url":"https:\/\/vmsport.fi\/wp-content\/uploads\/2025\/03\/CE-TCNM2-OR-shic346-primary-1-jpg-thumb-572-572-1.png","contentUrl":"https:\/\/vmsport.fi\/wp-content\/uploads\/2025\/03\/CE-TCNM2-OR-shic346-primary-1-jpg-thumb-572-572-1.png","width":572,"height":572,"caption":"CE-TCNM2-OR-shic346-primary-1-jpg-thumb-572-572"},{"@type":"BreadcrumbList","@id":"https:\/\/vmsport.fi\/verkkokauppa\/ajovarusteet\/ajolasit\/shimano-ajolasit-ce-tcnm2-technium-ridescape-off-road-mattaharmaa\/#breadcrumb","itemListElement":[{"@type":"ListItem","position":1,"name":"Etusivu","item":"https:\/\/vmsport.fi\/"},{"@type":"ListItem","position":2,"name":"Online Store","item":"https:\/\/vmsport.fi\/en\/online-store\/"},{"@type":"ListItem","position":3,"name":"SHIMANO Ajolasit CE-TCNM2 TECHNIUM Ridescape Off-Road Mattaharmaa"}]},{"@type":"WebSite","@id":"https:\/\/vmsport.fi\/#website","url":"https:\/\/vmsport.fi\/","name":"Vmsport","description":"Allt p\u00e5 ett st\u00e4lle f\u00f6r cykling","publisher":{"@id":"https:\/\/vmsport.fi\/#organization"},"potentialAction":[{"@type":"SearchAction","target":{"@type":"EntryPoint","urlTemplate":"https:\/\/vmsport.fi\/?s={search_term_string}"},"query-input":{"@type":"PropertyValueSpecification","valueRequired":true,"valueName":"search_term_string"}}],"inLanguage":"sv-SE"},{"@type":"Organization","@id":"https:\/\/vmsport.fi\/#organization","name":"Vmsport","url":"https:\/\/vmsport.fi\/","logo":{"@type":"ImageObject","inLanguage":"sv-SE","@id":"https:\/\/vmsport.fi\/#\/schema\/logo\/image\/","url":"https:\/\/vmsport.fi\/wp-content\/uploads\/2024\/12\/vm_sport_RGB_horisontal-e1734526017575.png","contentUrl":"https:\/\/vmsport.fi\/wp-content\/uploads\/2024\/12\/vm_sport_RGB_horisontal-e1734526017575.png","width":668,"height":85,"caption":"Vmsport"},"image":{"@id":"https:\/\/vmsport.fi\/#\/schema\/logo\/image\/"},"sameAs":["https:\/\/www.facebook.com\/Vmsport.fi\/","https:\/\/www.instagram.com\/vmsport\/"]}]}},"global_unique_id":"","_links":{"self":[{"href":"https:\/\/vmsport.fi\/sv\/wp-json\/wp\/v2\/product\/52849","targetHints":{"allow":["GET"]}}],"collection":[{"href":"https:\/\/vmsport.fi\/sv\/wp-json\/wp\/v2\/product"}],"about":[{"href":"https:\/\/vmsport.fi\/sv\/wp-json\/wp\/v2\/types\/product"}],"replies":[{"embeddable":true,"href":"https:\/\/vmsport.fi\/sv\/wp-json\/wp\/v2\/comments?post=52849"}],"wp:featuredmedia":[{"embeddable":true,"href":"https:\/\/vmsport.fi\/sv\/wp-json\/wp\/v2\/media\/52848"}],"wp:attachment":[{"href":"https:\/\/vmsport.fi\/sv\/wp-json\/wp\/v2\/media?parent=52849"}],"wp:term":[{"taxonomy":"product_brand","embeddable":true,"href":"https:\/\/vmsport.fi\/sv\/wp-json\/wp\/v2\/product_brand?post=52849"},{"taxonomy":"product_model","embeddable":true,"href":"https:\/\/vmsport.fi\/sv\/wp-json\/wp\/v2\/product_model?post=52849"},{"taxonomy":"product_cat","embeddable":true,"href":"https:\/\/vmsport.fi\/sv\/wp-json\/wp\/v2\/product_cat?post=52849"},{"taxonomy":"product_tag","embeddable":true,"href":"https:\/\/vmsport.fi\/sv\/wp-json\/wp\/v2\/product_tag?post=52849"},{"taxonomy":"industry_terminology","embeddable":true,"href":"https:\/\/vmsport.fi\/sv\/wp-json\/wp\/v2\/industry-terminology?post=52849"}],"curies":[{"name":"wp","href":"https:\/\/api.w.org\/{rel}","templated":true}]}}