{"id":52843,"date":"2025-03-05T23:34:34","date_gmt":"2025-03-05T21:34:34","guid":{"rendered":"https:\/\/vmsport.fi\/verkkokauppa\/Ei-luokiteltu\/xlc-sc-g02-black-saddle-cover\/"},"modified":"2026-01-16T13:26:07","modified_gmt":"2026-01-16T11:26:07","slug":"xlc-sc-g02-svart-sadeloverdrag","status":"publish","type":"product","link":"https:\/\/vmsport.fi\/sv\/verkkokauppa\/varaosat\/satulat-ja-satulatolpat\/satula-ja-satulatolppien-varaosat\/xlc-sc-g02-black-saddle-cover\/","title":{"rendered":"XLC SC-G02 Svart sadelskydd"},"content":{"rendered":"<p>XLC SC-G02 svart sadel\u00f6verdrag ger utm\u00e4rkt komfort f\u00f6r cyklister. Det mjuka materialet minskar effektivt vibrationer och g\u00f6r cyklingen bekv\u00e4mare \u00e4ven under l\u00e5nga resor. Den enkla f\u00e4stningen av \u00f6verdraget s\u00e4kerst\u00e4ller att det sitter stadigt p\u00e5 plats under k\u00f6rning. Materialets h\u00e5llbarhet garanterar en l\u00e5ng livsl\u00e4ngd, samtidigt som det beh\u00e5ller ett snyggt utseende. Detta \u00f6verdrag \u00e4r det perfekta valet f\u00f6r dig som vill ge din sadel komfort och skydd utan att kompromissa med stilen.<\/p>","protected":false},"excerpt":{"rendered":"<p>XLC SC-G02 musta satulanp\u00e4\u00e4llinen tarjoaa erinomaisen mukavuuden py\u00f6r\u00e4ilij\u00f6ille. Sen pehme\u00e4 materiaali v\u00e4hent\u00e4\u00e4 tehokkaasti t\u00e4rin\u00e4\u00e4, mik\u00e4 tekee ajamisesta miellytt\u00e4v\u00e4mp\u00e4\u00e4 my\u00f6s pitkill\u00e4 matkoilla. P\u00e4\u00e4llisen helppo kiinnitys varmistaa, ett\u00e4 se pysyy tukevasti paikoillaan ajon aikana. Materiaalin kest\u00e4vyys takaa pitk\u00e4n k\u00e4ytt\u00f6i\u00e4n, s\u00e4ilytt\u00e4en samalla tyylikk\u00e4\u00e4n ulkon\u00e4\u00f6n. T\u00e4m\u00e4 p\u00e4\u00e4llinen on ihanteellinen valinta niille, jotka haluavat lis\u00e4t\u00e4 mukavuutta ja suojaa satulalleen ilman, [&#8230;]<\/p>\n<p><a class=\"btn btn-secondary understrap-read-more-link\" href=\"https:\/\/vmsport.fi\/sv\/verkkokauppa\/varaosat\/satulat-ja-satulatolpat\/satula-ja-satulatolppien-varaosat\/xlc-sc-g02-black-saddle-cover\/\">L\u00e4s mer \u2026<span class=\"screen-reader-text\"> from XLC SC-G02 Black Saddle cover<\/span><\/a><\/p>\n","protected":false},"featured_media":52842,"comment_status":"open","ping_status":"closed","template":"","meta":{"_acf_changed":false,"_improvement_type_select":"improve_an_existing","_thumb_yes_seoaic":false,"_frame_yes_seoaic":false,"seoaic_generate_description":"","seoaic_improve_instructions_prompt":"","seoaic_rollback_content_improvement":"","seoaic_idea_thumbnail_generator":"","thumbnail_generated":false,"thumbnail_generate_prompt":"","seoaic_article_description":"","_supplier_stock_quantity":0},"product_brand":[],"product_model":[],"product_cat":[9382],"product_tag":[],"industry-terminology":[],"class_list":{"0":"post-52843","1":"product","2":"type-product","3":"status-publish","4":"has-post-thumbnail","6":"product_cat-satula-ja-satulatolppien-varaosat","8":"first","9":"outofstock","10":"taxable","11":"shipping-taxable","12":"product-type-simple"},"acf":{"bike_features":null,"overview":{"copy_overview":null,"key_features":null,"statement":"","youtube_url":""}},"yoast_head":"<!-- This site is optimized with the Yoast SEO plugin v27.3 - https:\/\/yoast.com\/product\/yoast-seo-wordpress\/ -->\n<title>XLC SC-G02 Black Saddle cover - VM Sport<\/title>\n<meta name=\"robots\" content=\"index, follow, max-snippet:-1, max-image-preview:large, max-video-preview:-1\" \/>\n<link rel=\"canonical\" href=\"https:\/\/vmsport.fi\/sv\/webbutik\/reservdelar\/sadlar-och-sadelstolpar\/reservdelar-till-sadel-och-sadelgjord\/xlc-sc-g02-svart-sadeloverdrag\/\" \/>\n<meta property=\"og:locale\" content=\"sv_SE\" \/>\n<meta property=\"og:type\" content=\"article\" \/>\n<meta property=\"og:title\" content=\"XLC SC-G02 Black Saddle cover - VM Sport\" \/>\n<meta property=\"og:description\" content=\"XLC SC-G02 musta satulanp\u00e4\u00e4llinen tarjoaa erinomaisen mukavuuden py\u00f6r\u00e4ilij\u00f6ille. Sen pehme\u00e4 materiaali v\u00e4hent\u00e4\u00e4 tehokkaasti t\u00e4rin\u00e4\u00e4, mik\u00e4 tekee ajamisesta miellytt\u00e4v\u00e4mp\u00e4\u00e4 my\u00f6s pitkill\u00e4 matkoilla. P\u00e4\u00e4llisen helppo kiinnitys varmistaa, ett\u00e4 se pysyy tukevasti paikoillaan ajon aikana. Materiaalin kest\u00e4vyys takaa pitk\u00e4n k\u00e4ytt\u00f6i\u00e4n, s\u00e4ilytt\u00e4en samalla tyylikk\u00e4\u00e4n ulkon\u00e4\u00f6n. T\u00e4m\u00e4 p\u00e4\u00e4llinen on ihanteellinen valinta niille, jotka haluavat lis\u00e4t\u00e4 mukavuutta ja suojaa satulalleen ilman, [...]L\u00e4s mer \u2026 from XLC SC-G02 Black Saddle cover\" \/>\n<meta property=\"og:url\" content=\"https:\/\/vmsport.fi\/sv\/webbutik\/reservdelar\/sadlar-och-sadelstolpar\/reservdelar-till-sadel-och-sadelgjord\/xlc-sc-g02-svart-sadeloverdrag\/\" \/>\n<meta property=\"og:site_name\" content=\"VM Sport\" \/>\n<meta property=\"article:publisher\" content=\"https:\/\/www.facebook.com\/Vmsport.fi\/\" \/>\n<meta property=\"article:modified_time\" content=\"2026-01-16T11:26:07+00:00\" \/>\n<meta property=\"og:image\" content=\"https:\/\/vmsport.fi\/wp-content\/uploads\/2025\/03\/Y7bqz4ZUQhxbIYycrjobX3LYon1JlLkzXHIKc7E4CwuVREY9Fa-1.jpg\" \/>\n\t<meta property=\"og:image:width\" content=\"800\" \/>\n\t<meta property=\"og:image:height\" content=\"800\" \/>\n\t<meta property=\"og:image:type\" content=\"image\/jpeg\" \/>\n<meta name=\"twitter:card\" content=\"summary_large_image\" \/>\n<script type=\"application\/ld+json\" class=\"yoast-schema-graph\">{\"@context\":\"https:\\\/\\\/schema.org\",\"@graph\":[{\"@type\":[\"WebPage\",\"ItemPage\"],\"@id\":\"https:\\\/\\\/vmsport.fi\\\/verkkokauppa\\\/varaosat\\\/satulat-ja-satulatolpat\\\/satula-ja-satulatolppien-varaosat\\\/xlc-sc-g02-black-saddle-cover\\\/\",\"url\":\"https:\\\/\\\/vmsport.fi\\\/verkkokauppa\\\/varaosat\\\/satulat-ja-satulatolpat\\\/satula-ja-satulatolppien-varaosat\\\/xlc-sc-g02-black-saddle-cover\\\/\",\"name\":\"XLC SC-G02 Black Saddle cover - VM Sport\",\"isPartOf\":{\"@id\":\"https:\\\/\\\/vmsport.fi\\\/#website\"},\"primaryImageOfPage\":{\"@id\":\"https:\\\/\\\/vmsport.fi\\\/verkkokauppa\\\/varaosat\\\/satulat-ja-satulatolpat\\\/satula-ja-satulatolppien-varaosat\\\/xlc-sc-g02-black-saddle-cover\\\/#primaryimage\"},\"image\":{\"@id\":\"https:\\\/\\\/vmsport.fi\\\/verkkokauppa\\\/varaosat\\\/satulat-ja-satulatolpat\\\/satula-ja-satulatolppien-varaosat\\\/xlc-sc-g02-black-saddle-cover\\\/#primaryimage\"},\"thumbnailUrl\":\"https:\\\/\\\/vmsport.fi\\\/wp-content\\\/uploads\\\/2025\\\/03\\\/Y7bqz4ZUQhxbIYycrjobX3LYon1JlLkzXHIKc7E4CwuVREY9Fa-1.jpg\",\"datePublished\":\"2025-03-05T21:34:34+00:00\",\"dateModified\":\"2026-01-16T11:26:07+00:00\",\"breadcrumb\":{\"@id\":\"https:\\\/\\\/vmsport.fi\\\/verkkokauppa\\\/varaosat\\\/satulat-ja-satulatolpat\\\/satula-ja-satulatolppien-varaosat\\\/xlc-sc-g02-black-saddle-cover\\\/#breadcrumb\"},\"inLanguage\":\"sv-SE\",\"potentialAction\":[{\"@type\":\"ReadAction\",\"target\":[\"https:\\\/\\\/vmsport.fi\\\/verkkokauppa\\\/varaosat\\\/satulat-ja-satulatolpat\\\/satula-ja-satulatolppien-varaosat\\\/xlc-sc-g02-black-saddle-cover\\\/\"]}]},{\"@type\":\"ImageObject\",\"inLanguage\":\"sv-SE\",\"@id\":\"https:\\\/\\\/vmsport.fi\\\/verkkokauppa\\\/varaosat\\\/satulat-ja-satulatolpat\\\/satula-ja-satulatolppien-varaosat\\\/xlc-sc-g02-black-saddle-cover\\\/#primaryimage\",\"url\":\"https:\\\/\\\/vmsport.fi\\\/wp-content\\\/uploads\\\/2025\\\/03\\\/Y7bqz4ZUQhxbIYycrjobX3LYon1JlLkzXHIKc7E4CwuVREY9Fa-1.jpg\",\"contentUrl\":\"https:\\\/\\\/vmsport.fi\\\/wp-content\\\/uploads\\\/2025\\\/03\\\/Y7bqz4ZUQhxbIYycrjobX3LYon1JlLkzXHIKc7E4CwuVREY9Fa-1.jpg\",\"width\":800,\"height\":800,\"caption\":\"Y7bqz4ZUQhxbIYycrjobX3LYon1JlLkzXHIKc7E4CwuVREY9Fa\"},{\"@type\":\"BreadcrumbList\",\"@id\":\"https:\\\/\\\/vmsport.fi\\\/verkkokauppa\\\/varaosat\\\/satulat-ja-satulatolpat\\\/satula-ja-satulatolppien-varaosat\\\/xlc-sc-g02-black-saddle-cover\\\/#breadcrumb\",\"itemListElement\":[{\"@type\":\"ListItem\",\"position\":1,\"name\":\"Etusivu\",\"item\":\"https:\\\/\\\/vmsport.fi\\\/\"},{\"@type\":\"ListItem\",\"position\":2,\"name\":\"Online Store\",\"item\":\"https:\\\/\\\/vmsport.fi\\\/en\\\/online-store\\\/\"},{\"@type\":\"ListItem\",\"position\":3,\"name\":\"XLC SC-G02 Black Saddle cover\"}]},{\"@type\":\"WebSite\",\"@id\":\"https:\\\/\\\/vmsport.fi\\\/#website\",\"url\":\"https:\\\/\\\/vmsport.fi\\\/\",\"name\":\"Vmsport\",\"description\":\"Kaikki py\u00f6r\u00e4ilyyn yhdest\u00e4 paikasta\",\"publisher\":{\"@id\":\"https:\\\/\\\/vmsport.fi\\\/#organization\"},\"potentialAction\":[{\"@type\":\"SearchAction\",\"target\":{\"@type\":\"EntryPoint\",\"urlTemplate\":\"https:\\\/\\\/vmsport.fi\\\/?s={search_term_string}\"},\"query-input\":{\"@type\":\"PropertyValueSpecification\",\"valueRequired\":true,\"valueName\":\"search_term_string\"}}],\"inLanguage\":\"sv-SE\"},{\"@type\":\"Organization\",\"@id\":\"https:\\\/\\\/vmsport.fi\\\/#organization\",\"name\":\"Vmsport\",\"url\":\"https:\\\/\\\/vmsport.fi\\\/\",\"logo\":{\"@type\":\"ImageObject\",\"inLanguage\":\"sv-SE\",\"@id\":\"https:\\\/\\\/vmsport.fi\\\/#\\\/schema\\\/logo\\\/image\\\/\",\"url\":\"https:\\\/\\\/vmsport.fi\\\/wp-content\\\/uploads\\\/2024\\\/12\\\/vm_sport_RGB_horisontal-e1734526017575.png\",\"contentUrl\":\"https:\\\/\\\/vmsport.fi\\\/wp-content\\\/uploads\\\/2024\\\/12\\\/vm_sport_RGB_horisontal-e1734526017575.png\",\"width\":668,\"height\":85,\"caption\":\"Vmsport\"},\"image\":{\"@id\":\"https:\\\/\\\/vmsport.fi\\\/#\\\/schema\\\/logo\\\/image\\\/\"},\"sameAs\":[\"https:\\\/\\\/www.facebook.com\\\/Vmsport.fi\\\/\",\"https:\\\/\\\/www.instagram.com\\\/vmsport\\\/\"]}]}<\/script>\n<!-- \/ Yoast SEO plugin. -->","yoast_head_json":{"title":"XLC SC-G02 Svart sadel\u00f6verdrag - VM Sport","robots":{"index":"index","follow":"follow","max-snippet":"max-snippet:-1","max-image-preview":"max-image-preview:large","max-video-preview":"max-video-preview:-1"},"canonical":"https:\/\/vmsport.fi\/sv\/webbutik\/reservdelar\/sadlar-och-sadelstolpar\/reservdelar-till-sadel-och-sadelgjord\/xlc-sc-g02-svart-sadeloverdrag\/","og_locale":"sv_SE","og_type":"article","og_title":"XLC SC-G02 Black Saddle cover - VM Sport","og_description":"XLC SC-G02 musta satulanp\u00e4\u00e4llinen tarjoaa erinomaisen mukavuuden py\u00f6r\u00e4ilij\u00f6ille. Sen pehme\u00e4 materiaali v\u00e4hent\u00e4\u00e4 tehokkaasti t\u00e4rin\u00e4\u00e4, mik\u00e4 tekee ajamisesta miellytt\u00e4v\u00e4mp\u00e4\u00e4 my\u00f6s pitkill\u00e4 matkoilla. P\u00e4\u00e4llisen helppo kiinnitys varmistaa, ett\u00e4 se pysyy tukevasti paikoillaan ajon aikana. Materiaalin kest\u00e4vyys takaa pitk\u00e4n k\u00e4ytt\u00f6i\u00e4n, s\u00e4ilytt\u00e4en samalla tyylikk\u00e4\u00e4n ulkon\u00e4\u00f6n. T\u00e4m\u00e4 p\u00e4\u00e4llinen on ihanteellinen valinta niille, jotka haluavat lis\u00e4t\u00e4 mukavuutta ja suojaa satulalleen ilman, [...]L\u00e4s mer \u2026 from XLC SC-G02 Black Saddle cover","og_url":"https:\/\/vmsport.fi\/sv\/webbutik\/reservdelar\/sadlar-och-sadelstolpar\/reservdelar-till-sadel-och-sadelgjord\/xlc-sc-g02-svart-sadeloverdrag\/","og_site_name":"VM Sport","article_publisher":"https:\/\/www.facebook.com\/Vmsport.fi\/","article_modified_time":"2026-01-16T11:26:07+00:00","og_image":[{"width":800,"height":800,"url":"https:\/\/vmsport.fi\/wp-content\/uploads\/2025\/03\/Y7bqz4ZUQhxbIYycrjobX3LYon1JlLkzXHIKc7E4CwuVREY9Fa-1.jpg","type":"image\/jpeg"}],"twitter_card":"summary_large_image","schema":{"@context":"https:\/\/schema.org","@graph":[{"@type":["WebPage","ItemPage"],"@id":"https:\/\/vmsport.fi\/verkkokauppa\/varaosat\/satulat-ja-satulatolpat\/satula-ja-satulatolppien-varaosat\/xlc-sc-g02-black-saddle-cover\/","url":"https:\/\/vmsport.fi\/verkkokauppa\/varaosat\/satulat-ja-satulatolpat\/satula-ja-satulatolppien-varaosat\/xlc-sc-g02-black-saddle-cover\/","name":"XLC SC-G02 Svart sadel\u00f6verdrag - VM Sport","isPartOf":{"@id":"https:\/\/vmsport.fi\/#website"},"primaryImageOfPage":{"@id":"https:\/\/vmsport.fi\/verkkokauppa\/varaosat\/satulat-ja-satulatolpat\/satula-ja-satulatolppien-varaosat\/xlc-sc-g02-black-saddle-cover\/#primaryimage"},"image":{"@id":"https:\/\/vmsport.fi\/verkkokauppa\/varaosat\/satulat-ja-satulatolpat\/satula-ja-satulatolppien-varaosat\/xlc-sc-g02-black-saddle-cover\/#primaryimage"},"thumbnailUrl":"https:\/\/vmsport.fi\/wp-content\/uploads\/2025\/03\/Y7bqz4ZUQhxbIYycrjobX3LYon1JlLkzXHIKc7E4CwuVREY9Fa-1.jpg","datePublished":"2025-03-05T21:34:34+00:00","dateModified":"2026-01-16T11:26:07+00:00","breadcrumb":{"@id":"https:\/\/vmsport.fi\/verkkokauppa\/varaosat\/satulat-ja-satulatolpat\/satula-ja-satulatolppien-varaosat\/xlc-sc-g02-black-saddle-cover\/#breadcrumb"},"inLanguage":"sv-SE","potentialAction":[{"@type":"ReadAction","target":["https:\/\/vmsport.fi\/verkkokauppa\/varaosat\/satulat-ja-satulatolpat\/satula-ja-satulatolppien-varaosat\/xlc-sc-g02-black-saddle-cover\/"]}]},{"@type":"ImageObject","inLanguage":"sv-SE","@id":"https:\/\/vmsport.fi\/verkkokauppa\/varaosat\/satulat-ja-satulatolpat\/satula-ja-satulatolppien-varaosat\/xlc-sc-g02-black-saddle-cover\/#primaryimage","url":"https:\/\/vmsport.fi\/wp-content\/uploads\/2025\/03\/Y7bqz4ZUQhxbIYycrjobX3LYon1JlLkzXHIKc7E4CwuVREY9Fa-1.jpg","contentUrl":"https:\/\/vmsport.fi\/wp-content\/uploads\/2025\/03\/Y7bqz4ZUQhxbIYycrjobX3LYon1JlLkzXHIKc7E4CwuVREY9Fa-1.jpg","width":800,"height":800,"caption":"Y7bqz4ZUQhxbIYycrjobX3LYon1JlLkzXHIKc7E4CwuVREY9Fa"},{"@type":"BreadcrumbList","@id":"https:\/\/vmsport.fi\/verkkokauppa\/varaosat\/satulat-ja-satulatolpat\/satula-ja-satulatolppien-varaosat\/xlc-sc-g02-black-saddle-cover\/#breadcrumb","itemListElement":[{"@type":"ListItem","position":1,"name":"Etusivu","item":"https:\/\/vmsport.fi\/"},{"@type":"ListItem","position":2,"name":"Online Store","item":"https:\/\/vmsport.fi\/en\/online-store\/"},{"@type":"ListItem","position":3,"name":"XLC SC-G02 Black Saddle cover"}]},{"@type":"WebSite","@id":"https:\/\/vmsport.fi\/#website","url":"https:\/\/vmsport.fi\/","name":"Vmsport","description":"Allt p\u00e5 ett st\u00e4lle f\u00f6r cykling","publisher":{"@id":"https:\/\/vmsport.fi\/#organization"},"potentialAction":[{"@type":"SearchAction","target":{"@type":"EntryPoint","urlTemplate":"https:\/\/vmsport.fi\/?s={search_term_string}"},"query-input":{"@type":"PropertyValueSpecification","valueRequired":true,"valueName":"search_term_string"}}],"inLanguage":"sv-SE"},{"@type":"Organization","@id":"https:\/\/vmsport.fi\/#organization","name":"Vmsport","url":"https:\/\/vmsport.fi\/","logo":{"@type":"ImageObject","inLanguage":"sv-SE","@id":"https:\/\/vmsport.fi\/#\/schema\/logo\/image\/","url":"https:\/\/vmsport.fi\/wp-content\/uploads\/2024\/12\/vm_sport_RGB_horisontal-e1734526017575.png","contentUrl":"https:\/\/vmsport.fi\/wp-content\/uploads\/2024\/12\/vm_sport_RGB_horisontal-e1734526017575.png","width":668,"height":85,"caption":"Vmsport"},"image":{"@id":"https:\/\/vmsport.fi\/#\/schema\/logo\/image\/"},"sameAs":["https:\/\/www.facebook.com\/Vmsport.fi\/","https:\/\/www.instagram.com\/vmsport\/"]}]}},"global_unique_id":"","_links":{"self":[{"href":"https:\/\/vmsport.fi\/sv\/wp-json\/wp\/v2\/product\/52843","targetHints":{"allow":["GET"]}}],"collection":[{"href":"https:\/\/vmsport.fi\/sv\/wp-json\/wp\/v2\/product"}],"about":[{"href":"https:\/\/vmsport.fi\/sv\/wp-json\/wp\/v2\/types\/product"}],"replies":[{"embeddable":true,"href":"https:\/\/vmsport.fi\/sv\/wp-json\/wp\/v2\/comments?post=52843"}],"wp:featuredmedia":[{"embeddable":true,"href":"https:\/\/vmsport.fi\/sv\/wp-json\/wp\/v2\/media\/52842"}],"wp:attachment":[{"href":"https:\/\/vmsport.fi\/sv\/wp-json\/wp\/v2\/media?parent=52843"}],"wp:term":[{"taxonomy":"product_brand","embeddable":true,"href":"https:\/\/vmsport.fi\/sv\/wp-json\/wp\/v2\/product_brand?post=52843"},{"taxonomy":"product_model","embeddable":true,"href":"https:\/\/vmsport.fi\/sv\/wp-json\/wp\/v2\/product_model?post=52843"},{"taxonomy":"product_cat","embeddable":true,"href":"https:\/\/vmsport.fi\/sv\/wp-json\/wp\/v2\/product_cat?post=52843"},{"taxonomy":"product_tag","embeddable":true,"href":"https:\/\/vmsport.fi\/sv\/wp-json\/wp\/v2\/product_tag?post=52843"},{"taxonomy":"industry_terminology","embeddable":true,"href":"https:\/\/vmsport.fi\/sv\/wp-json\/wp\/v2\/industry-terminology?post=52843"}],"curies":[{"name":"wp","href":"https:\/\/api.w.org\/{rel}","templated":true}]}}