{"id":52833,"date":"2025-03-05T23:34:28","date_gmt":"2025-03-05T21:34:28","guid":{"rendered":"https:\/\/vmsport.fi\/verkkokauppa\/Ei-luokiteltu\/alpina-bonfire-olive-matt\/"},"modified":"2026-01-16T13:23:06","modified_gmt":"2026-01-16T11:23:06","slug":"alpina-bonfire-olive-matt","status":"publish","type":"product","link":"https:\/\/vmsport.fi\/sv\/verkkokauppa\/ajovarusteet\/ajolasit\/alpina-bonfire-olive-matt\/","title":{"rendered":"Alpina BONFIRE oliv matt"},"content":{"rendered":"<p>Alpina BONFIRE -aurinkolasit on suunniteltu erityisesti urheilu- ja ulkoilmak\u00e4ytt\u00f6\u00f6n, ja niiden tyylik\u00e4s oliivinvihre\u00e4 v\u00e4ritys erottuu edukseen. Mattapintainen viimeistely yhdist\u00e4\u00e4 t\u00e4ydellisen suojan ja modernin muotoilun, tarjoten erinomaisen suojan auringon s\u00e4teilt\u00e4. Kevyt runko tekee laseista miellytt\u00e4v\u00e4t pit\u00e4\u00e4 p\u00e4\u00e4ll\u00e4. N\u00e4m\u00e4 lasit sopivat erityisesti aktiivisille liikkujille, jotka arvostavat tehokasta suojaa ja nykyaikaista ilmett\u00e4.<\/p>","protected":false},"excerpt":{"rendered":"<p>Alpina BONFIRE -aurinkolasit on suunniteltu erityisesti urheilu- ja ulkoilmak\u00e4ytt\u00f6\u00f6n, ja niiden tyylik\u00e4s oliivinvihre\u00e4 v\u00e4ritys erottuu edukseen. Mattapintainen viimeistely yhdist\u00e4\u00e4 t\u00e4ydellisen suojan ja modernin muotoilun, tarjoten erinomaisen suojan auringon s\u00e4teilt\u00e4. Kevyt runko tekee laseista miellytt\u00e4v\u00e4t pit\u00e4\u00e4 p\u00e4\u00e4ll\u00e4. N\u00e4m\u00e4 lasit sopivat erityisesti aktiivisille liikkujille, jotka arvostavat tehokasta suojaa ja nykyaikaista ilmett\u00e4. [&#8230;]<\/p>\n<p><a class=\"btn btn-secondary understrap-read-more-link\" href=\"https:\/\/vmsport.fi\/sv\/verkkokauppa\/ajovarusteet\/ajolasit\/alpina-bonfire-olive-matt\/\">L\u00e4s mer \u2026<span class=\"screen-reader-text\"> from Alpina BONFIRE olive matt<\/span><\/a><\/p>\n","protected":false},"featured_media":52831,"comment_status":"open","ping_status":"closed","template":"","meta":{"_acf_changed":false,"_improvement_type_select":"improve_an_existing","_thumb_yes_seoaic":false,"_frame_yes_seoaic":false,"seoaic_generate_description":"","seoaic_improve_instructions_prompt":"","seoaic_rollback_content_improvement":"","seoaic_idea_thumbnail_generator":"","thumbnail_generated":false,"thumbnail_generate_prompt":"","seoaic_article_description":"","_supplier_stock_quantity":0},"product_brand":[],"product_model":[],"product_cat":[9280],"product_tag":[],"industry-terminology":[],"class_list":{"0":"post-52833","1":"product","2":"type-product","3":"status-publish","4":"has-post-thumbnail","6":"product_cat-ajolasit","8":"first","9":"outofstock","10":"taxable","11":"shipping-taxable","12":"product-type-simple"},"acf":{"bike_features":null,"overview":{"copy_overview":null,"key_features":null,"statement":"","youtube_url":""}},"yoast_head":"<!-- This site is optimized with the Yoast SEO plugin v27.3 - https:\/\/yoast.com\/product\/yoast-seo-wordpress\/ -->\n<title>Alpina BONFIRE olive matt - VM Sport<\/title>\n<meta name=\"robots\" content=\"index, follow, max-snippet:-1, max-image-preview:large, max-video-preview:-1\" \/>\n<link rel=\"canonical\" href=\"https:\/\/vmsport.fi\/sv\/webbutik\/korutrustning\/drivande-glasogon\/alpina-bonfire-olive-matt\/\" \/>\n<meta property=\"og:locale\" content=\"sv_SE\" \/>\n<meta property=\"og:type\" content=\"article\" \/>\n<meta property=\"og:title\" content=\"Alpina BONFIRE olive matt - VM Sport\" \/>\n<meta property=\"og:description\" content=\"Alpina BONFIRE -aurinkolasit on suunniteltu erityisesti urheilu- ja ulkoilmak\u00e4ytt\u00f6\u00f6n, ja niiden tyylik\u00e4s oliivinvihre\u00e4 v\u00e4ritys erottuu edukseen. Mattapintainen viimeistely yhdist\u00e4\u00e4 t\u00e4ydellisen suojan ja modernin muotoilun, tarjoten erinomaisen suojan auringon s\u00e4teilt\u00e4. Kevyt runko tekee laseista miellytt\u00e4v\u00e4t pit\u00e4\u00e4 p\u00e4\u00e4ll\u00e4. N\u00e4m\u00e4 lasit sopivat erityisesti aktiivisille liikkujille, jotka arvostavat tehokasta suojaa ja nykyaikaista ilmett\u00e4. [...]L\u00e4s mer \u2026 from Alpina BONFIRE olive matt\" \/>\n<meta property=\"og:url\" content=\"https:\/\/vmsport.fi\/sv\/webbutik\/korutrustning\/drivande-glasogon\/alpina-bonfire-olive-matt\/\" \/>\n<meta property=\"og:site_name\" content=\"VM Sport\" \/>\n<meta property=\"article:publisher\" content=\"https:\/\/www.facebook.com\/Vmsport.fi\/\" \/>\n<meta property=\"article:modified_time\" content=\"2026-01-16T11:23:06+00:00\" \/>\n<meta property=\"og:image\" content=\"https:\/\/vmsport.fi\/wp-content\/uploads\/2025\/03\/Alpina-bonfire-olive-matt-fonrt-1.jpg\" \/>\n\t<meta property=\"og:image:width\" content=\"1000\" \/>\n\t<meta property=\"og:image:height\" content=\"750\" \/>\n\t<meta property=\"og:image:type\" content=\"image\/jpeg\" \/>\n<meta name=\"twitter:card\" content=\"summary_large_image\" \/>\n<script type=\"application\/ld+json\" class=\"yoast-schema-graph\">{\"@context\":\"https:\\\/\\\/schema.org\",\"@graph\":[{\"@type\":[\"WebPage\",\"ItemPage\"],\"@id\":\"https:\\\/\\\/vmsport.fi\\\/verkkokauppa\\\/ajovarusteet\\\/ajolasit\\\/alpina-bonfire-olive-matt\\\/\",\"url\":\"https:\\\/\\\/vmsport.fi\\\/verkkokauppa\\\/ajovarusteet\\\/ajolasit\\\/alpina-bonfire-olive-matt\\\/\",\"name\":\"Alpina BONFIRE olive matt - VM Sport\",\"isPartOf\":{\"@id\":\"https:\\\/\\\/vmsport.fi\\\/#website\"},\"primaryImageOfPage\":{\"@id\":\"https:\\\/\\\/vmsport.fi\\\/verkkokauppa\\\/ajovarusteet\\\/ajolasit\\\/alpina-bonfire-olive-matt\\\/#primaryimage\"},\"image\":{\"@id\":\"https:\\\/\\\/vmsport.fi\\\/verkkokauppa\\\/ajovarusteet\\\/ajolasit\\\/alpina-bonfire-olive-matt\\\/#primaryimage\"},\"thumbnailUrl\":\"https:\\\/\\\/vmsport.fi\\\/wp-content\\\/uploads\\\/2025\\\/03\\\/Alpina-bonfire-olive-matt-fonrt-1.jpg\",\"datePublished\":\"2025-03-05T21:34:28+00:00\",\"dateModified\":\"2026-01-16T11:23:06+00:00\",\"breadcrumb\":{\"@id\":\"https:\\\/\\\/vmsport.fi\\\/verkkokauppa\\\/ajovarusteet\\\/ajolasit\\\/alpina-bonfire-olive-matt\\\/#breadcrumb\"},\"inLanguage\":\"sv-SE\",\"potentialAction\":[{\"@type\":\"ReadAction\",\"target\":[\"https:\\\/\\\/vmsport.fi\\\/verkkokauppa\\\/ajovarusteet\\\/ajolasit\\\/alpina-bonfire-olive-matt\\\/\"]}]},{\"@type\":\"ImageObject\",\"inLanguage\":\"sv-SE\",\"@id\":\"https:\\\/\\\/vmsport.fi\\\/verkkokauppa\\\/ajovarusteet\\\/ajolasit\\\/alpina-bonfire-olive-matt\\\/#primaryimage\",\"url\":\"https:\\\/\\\/vmsport.fi\\\/wp-content\\\/uploads\\\/2025\\\/03\\\/Alpina-bonfire-olive-matt-fonrt-1.jpg\",\"contentUrl\":\"https:\\\/\\\/vmsport.fi\\\/wp-content\\\/uploads\\\/2025\\\/03\\\/Alpina-bonfire-olive-matt-fonrt-1.jpg\",\"width\":1000,\"height\":750,\"caption\":\"Alpina-bonfire-olive-matt-fonrt\"},{\"@type\":\"BreadcrumbList\",\"@id\":\"https:\\\/\\\/vmsport.fi\\\/verkkokauppa\\\/ajovarusteet\\\/ajolasit\\\/alpina-bonfire-olive-matt\\\/#breadcrumb\",\"itemListElement\":[{\"@type\":\"ListItem\",\"position\":1,\"name\":\"Etusivu\",\"item\":\"https:\\\/\\\/vmsport.fi\\\/\"},{\"@type\":\"ListItem\",\"position\":2,\"name\":\"Online Store\",\"item\":\"https:\\\/\\\/vmsport.fi\\\/en\\\/online-store\\\/\"},{\"@type\":\"ListItem\",\"position\":3,\"name\":\"Alpina BONFIRE olive matt\"}]},{\"@type\":\"WebSite\",\"@id\":\"https:\\\/\\\/vmsport.fi\\\/#website\",\"url\":\"https:\\\/\\\/vmsport.fi\\\/\",\"name\":\"Vmsport\",\"description\":\"Kaikki py\u00f6r\u00e4ilyyn yhdest\u00e4 paikasta\",\"publisher\":{\"@id\":\"https:\\\/\\\/vmsport.fi\\\/#organization\"},\"potentialAction\":[{\"@type\":\"SearchAction\",\"target\":{\"@type\":\"EntryPoint\",\"urlTemplate\":\"https:\\\/\\\/vmsport.fi\\\/?s={search_term_string}\"},\"query-input\":{\"@type\":\"PropertyValueSpecification\",\"valueRequired\":true,\"valueName\":\"search_term_string\"}}],\"inLanguage\":\"sv-SE\"},{\"@type\":\"Organization\",\"@id\":\"https:\\\/\\\/vmsport.fi\\\/#organization\",\"name\":\"Vmsport\",\"url\":\"https:\\\/\\\/vmsport.fi\\\/\",\"logo\":{\"@type\":\"ImageObject\",\"inLanguage\":\"sv-SE\",\"@id\":\"https:\\\/\\\/vmsport.fi\\\/#\\\/schema\\\/logo\\\/image\\\/\",\"url\":\"https:\\\/\\\/vmsport.fi\\\/wp-content\\\/uploads\\\/2024\\\/12\\\/vm_sport_RGB_horisontal-e1734526017575.png\",\"contentUrl\":\"https:\\\/\\\/vmsport.fi\\\/wp-content\\\/uploads\\\/2024\\\/12\\\/vm_sport_RGB_horisontal-e1734526017575.png\",\"width\":668,\"height\":85,\"caption\":\"Vmsport\"},\"image\":{\"@id\":\"https:\\\/\\\/vmsport.fi\\\/#\\\/schema\\\/logo\\\/image\\\/\"},\"sameAs\":[\"https:\\\/\\\/www.facebook.com\\\/Vmsport.fi\\\/\",\"https:\\\/\\\/www.instagram.com\\\/vmsport\\\/\"]}]}<\/script>\n<!-- \/ Yoast SEO plugin. -->","yoast_head_json":{"title":"Alpina BONFIRE olive matt - VM Sport","robots":{"index":"index","follow":"follow","max-snippet":"max-snippet:-1","max-image-preview":"max-image-preview:large","max-video-preview":"max-video-preview:-1"},"canonical":"https:\/\/vmsport.fi\/sv\/webbutik\/korutrustning\/drivande-glasogon\/alpina-bonfire-olive-matt\/","og_locale":"sv_SE","og_type":"article","og_title":"Alpina BONFIRE olive matt - VM Sport","og_description":"Alpina BONFIRE -aurinkolasit on suunniteltu erityisesti urheilu- ja ulkoilmak\u00e4ytt\u00f6\u00f6n, ja niiden tyylik\u00e4s oliivinvihre\u00e4 v\u00e4ritys erottuu edukseen. Mattapintainen viimeistely yhdist\u00e4\u00e4 t\u00e4ydellisen suojan ja modernin muotoilun, tarjoten erinomaisen suojan auringon s\u00e4teilt\u00e4. Kevyt runko tekee laseista miellytt\u00e4v\u00e4t pit\u00e4\u00e4 p\u00e4\u00e4ll\u00e4. N\u00e4m\u00e4 lasit sopivat erityisesti aktiivisille liikkujille, jotka arvostavat tehokasta suojaa ja nykyaikaista ilmett\u00e4. [...]L\u00e4s mer \u2026 from Alpina BONFIRE olive matt","og_url":"https:\/\/vmsport.fi\/sv\/webbutik\/korutrustning\/drivande-glasogon\/alpina-bonfire-olive-matt\/","og_site_name":"VM Sport","article_publisher":"https:\/\/www.facebook.com\/Vmsport.fi\/","article_modified_time":"2026-01-16T11:23:06+00:00","og_image":[{"width":1000,"height":750,"url":"https:\/\/vmsport.fi\/wp-content\/uploads\/2025\/03\/Alpina-bonfire-olive-matt-fonrt-1.jpg","type":"image\/jpeg"}],"twitter_card":"summary_large_image","schema":{"@context":"https:\/\/schema.org","@graph":[{"@type":["WebPage","ItemPage"],"@id":"https:\/\/vmsport.fi\/verkkokauppa\/ajovarusteet\/ajolasit\/alpina-bonfire-olive-matt\/","url":"https:\/\/vmsport.fi\/verkkokauppa\/ajovarusteet\/ajolasit\/alpina-bonfire-olive-matt\/","name":"Alpina BONFIRE olive matt - VM Sport","isPartOf":{"@id":"https:\/\/vmsport.fi\/#website"},"primaryImageOfPage":{"@id":"https:\/\/vmsport.fi\/verkkokauppa\/ajovarusteet\/ajolasit\/alpina-bonfire-olive-matt\/#primaryimage"},"image":{"@id":"https:\/\/vmsport.fi\/verkkokauppa\/ajovarusteet\/ajolasit\/alpina-bonfire-olive-matt\/#primaryimage"},"thumbnailUrl":"https:\/\/vmsport.fi\/wp-content\/uploads\/2025\/03\/Alpina-bonfire-olive-matt-fonrt-1.jpg","datePublished":"2025-03-05T21:34:28+00:00","dateModified":"2026-01-16T11:23:06+00:00","breadcrumb":{"@id":"https:\/\/vmsport.fi\/verkkokauppa\/ajovarusteet\/ajolasit\/alpina-bonfire-olive-matt\/#breadcrumb"},"inLanguage":"sv-SE","potentialAction":[{"@type":"ReadAction","target":["https:\/\/vmsport.fi\/verkkokauppa\/ajovarusteet\/ajolasit\/alpina-bonfire-olive-matt\/"]}]},{"@type":"ImageObject","inLanguage":"sv-SE","@id":"https:\/\/vmsport.fi\/verkkokauppa\/ajovarusteet\/ajolasit\/alpina-bonfire-olive-matt\/#primaryimage","url":"https:\/\/vmsport.fi\/wp-content\/uploads\/2025\/03\/Alpina-bonfire-olive-matt-fonrt-1.jpg","contentUrl":"https:\/\/vmsport.fi\/wp-content\/uploads\/2025\/03\/Alpina-bonfire-olive-matt-fonrt-1.jpg","width":1000,"height":750,"caption":"Alpina-bonfire-olive-matt-fonrt"},{"@type":"BreadcrumbList","@id":"https:\/\/vmsport.fi\/verkkokauppa\/ajovarusteet\/ajolasit\/alpina-bonfire-olive-matt\/#breadcrumb","itemListElement":[{"@type":"ListItem","position":1,"name":"Etusivu","item":"https:\/\/vmsport.fi\/"},{"@type":"ListItem","position":2,"name":"Online Store","item":"https:\/\/vmsport.fi\/en\/online-store\/"},{"@type":"ListItem","position":3,"name":"Alpina BONFIRE olive matt"}]},{"@type":"WebSite","@id":"https:\/\/vmsport.fi\/#website","url":"https:\/\/vmsport.fi\/","name":"Vmsport","description":"Allt p\u00e5 ett st\u00e4lle f\u00f6r cykling","publisher":{"@id":"https:\/\/vmsport.fi\/#organization"},"potentialAction":[{"@type":"SearchAction","target":{"@type":"EntryPoint","urlTemplate":"https:\/\/vmsport.fi\/?s={search_term_string}"},"query-input":{"@type":"PropertyValueSpecification","valueRequired":true,"valueName":"search_term_string"}}],"inLanguage":"sv-SE"},{"@type":"Organization","@id":"https:\/\/vmsport.fi\/#organization","name":"Vmsport","url":"https:\/\/vmsport.fi\/","logo":{"@type":"ImageObject","inLanguage":"sv-SE","@id":"https:\/\/vmsport.fi\/#\/schema\/logo\/image\/","url":"https:\/\/vmsport.fi\/wp-content\/uploads\/2024\/12\/vm_sport_RGB_horisontal-e1734526017575.png","contentUrl":"https:\/\/vmsport.fi\/wp-content\/uploads\/2024\/12\/vm_sport_RGB_horisontal-e1734526017575.png","width":668,"height":85,"caption":"Vmsport"},"image":{"@id":"https:\/\/vmsport.fi\/#\/schema\/logo\/image\/"},"sameAs":["https:\/\/www.facebook.com\/Vmsport.fi\/","https:\/\/www.instagram.com\/vmsport\/"]}]}},"global_unique_id":"","_links":{"self":[{"href":"https:\/\/vmsport.fi\/sv\/wp-json\/wp\/v2\/product\/52833","targetHints":{"allow":["GET"]}}],"collection":[{"href":"https:\/\/vmsport.fi\/sv\/wp-json\/wp\/v2\/product"}],"about":[{"href":"https:\/\/vmsport.fi\/sv\/wp-json\/wp\/v2\/types\/product"}],"replies":[{"embeddable":true,"href":"https:\/\/vmsport.fi\/sv\/wp-json\/wp\/v2\/comments?post=52833"}],"wp:featuredmedia":[{"embeddable":true,"href":"https:\/\/vmsport.fi\/sv\/wp-json\/wp\/v2\/media\/52831"}],"wp:attachment":[{"href":"https:\/\/vmsport.fi\/sv\/wp-json\/wp\/v2\/media?parent=52833"}],"wp:term":[{"taxonomy":"product_brand","embeddable":true,"href":"https:\/\/vmsport.fi\/sv\/wp-json\/wp\/v2\/product_brand?post=52833"},{"taxonomy":"product_model","embeddable":true,"href":"https:\/\/vmsport.fi\/sv\/wp-json\/wp\/v2\/product_model?post=52833"},{"taxonomy":"product_cat","embeddable":true,"href":"https:\/\/vmsport.fi\/sv\/wp-json\/wp\/v2\/product_cat?post=52833"},{"taxonomy":"product_tag","embeddable":true,"href":"https:\/\/vmsport.fi\/sv\/wp-json\/wp\/v2\/product_tag?post=52833"},{"taxonomy":"industry_terminology","embeddable":true,"href":"https:\/\/vmsport.fi\/sv\/wp-json\/wp\/v2\/industry-terminology?post=52833"}],"curies":[{"name":"wp","href":"https:\/\/api.w.org\/{rel}","templated":true}]}}