{"id":52805,"date":"2025-03-05T23:34:10","date_gmt":"2025-03-05T21:34:10","guid":{"rendered":"https:\/\/vmsport.fi\/verkkokauppa\/Ei-luokiteltu\/muc-off-tubeless-valve-kit-v-2-0-red\/"},"modified":"2026-01-16T13:22:58","modified_gmt":"2026-01-16T11:22:58","slug":"muc-off-slanglos-ventilsats-v-2-0-rod","status":"publish","type":"product","link":"https:\/\/vmsport.fi\/sv\/verkkokauppa\/renkaat\/tubeless-tarvikkeet\/tubeless-venttiilit\/muc-off-tubeless-valve-kit-v-2-0-red\/","title":{"rendered":"MUC-OFF Tubeless Valve Kit V. 2.0 R\u00f6d"},"content":{"rendered":"<p>MUC-OFF Tubeless Valve Kit V. 2.0 Red \u00e4r speciellt utvecklad f\u00f6r tubeless-d\u00e4ck f\u00f6r att f\u00f6rb\u00e4ttra t\u00e4tningen och f\u00f6rhindra luft- och v\u00e4tskel\u00e4ckage. Det inbyggda luftfl\u00f6dessystemet fungerar s\u00f6ml\u00f6st med d\u00e4ckinsatserna, vilket s\u00e4kerst\u00e4ller optimalt luftfl\u00f6de och kompatibilitet med olika d\u00e4cksammans\u00e4ttningar. Den nya 2.0-versionen inneb\u00e4r f\u00f6rb\u00e4ttringar och f\u00f6rfiningar j\u00e4mf\u00f6rt med tidigare modeller, vilket ger \u00e4nnu b\u00e4ttre prestanda och en mer anv\u00e4ndarv\u00e4nlig upplevelse. Den sl\u00e5ende r\u00f6da f\u00e4rgen ger cykeln ett visuellt tilltalande utseende. MUC-OFF \u00e4r k\u00e4nt f\u00f6r sina h\u00f6gkvalitativa cykel- och bilprodukter, vilket garanterar tillf\u00f6rlitlighet och innovation inom tubeless-teknik.<\/p>","protected":false},"excerpt":{"rendered":"<p>MUC-OFF Tubeless Valve Kit V. 2.0 Red on kehitetty erityisesti tubeless-renkaita varten, tehostamaan tiiviin\u00e4 pysymist\u00e4 ja ehk\u00e4isem\u00e4\u00e4n ilman ja nesteiden vuotoa. Sen sis\u00e4\u00e4nrakennettu ilmanvirtausj\u00e4rjestelm\u00e4 toimii saumattomasti rengasinsertien kanssa, taaten parhaan mahdollisen ilmavirran ja yhteensopivuuden erilaisten rengasasennusten kanssa. T\u00e4m\u00e4 uusi, 2.0-mallia edustava versio, tuo mukanaan parannuksia ja tarkennuksia aiempiin malleihin verrattuna, jolloin se tarjoaa entist\u00e4 paremman [&#8230;]<\/p>\n<p><a class=\"btn btn-secondary understrap-read-more-link\" href=\"https:\/\/vmsport.fi\/sv\/verkkokauppa\/renkaat\/tubeless-tarvikkeet\/tubeless-venttiilit\/muc-off-tubeless-valve-kit-v-2-0-red\/\">L\u00e4s mer \u2026<span class=\"screen-reader-text\"> from MUC-OFF Tubeless Valve Kit V. 2.0 Red<\/span><\/a><\/p>\n","protected":false},"featured_media":52804,"comment_status":"open","ping_status":"closed","template":"","meta":{"_acf_changed":false,"_improvement_type_select":"improve_an_existing","_thumb_yes_seoaic":false,"_frame_yes_seoaic":false,"seoaic_generate_description":"","seoaic_improve_instructions_prompt":"","seoaic_rollback_content_improvement":"","seoaic_idea_thumbnail_generator":"","thumbnail_generated":false,"thumbnail_generate_prompt":"","seoaic_article_description":"","_supplier_stock_quantity":0},"product_brand":[1584],"product_model":[],"product_cat":[9392],"product_tag":[],"industry-terminology":[],"class_list":{"0":"post-52805","1":"product","2":"type-product","3":"status-publish","4":"has-post-thumbnail","6":"product_brand-muc-off","7":"product_cat-tubeless-venttiilit","9":"first","10":"outofstock","11":"taxable","12":"shipping-taxable","13":"product-type-simple"},"acf":{"bike_features":null,"overview":{"copy_overview":null,"key_features":null,"statement":"","youtube_url":""}},"yoast_head":"<!-- This site is optimized with the Yoast SEO plugin v27.3 - https:\/\/yoast.com\/product\/yoast-seo-wordpress\/ -->\n<title>MUC-OFF Tubeless Valve Kit V. 2.0 Red - VM Sport<\/title>\n<meta name=\"robots\" content=\"index, follow, max-snippet:-1, max-image-preview:large, max-video-preview:-1\" \/>\n<link rel=\"canonical\" href=\"https:\/\/vmsport.fi\/sv\/webbutik\/dack\/slanglosa-tillbehor\/slanglosa-ventiler\/muc-off-slanglos-ventilsats-v-2-0-rod\/\" \/>\n<meta property=\"og:locale\" content=\"sv_SE\" \/>\n<meta property=\"og:type\" content=\"article\" \/>\n<meta property=\"og:title\" content=\"MUC-OFF Tubeless Valve Kit V. 2.0 Red - VM Sport\" \/>\n<meta property=\"og:description\" content=\"MUC-OFF Tubeless Valve Kit V. 2.0 Red on kehitetty erityisesti tubeless-renkaita varten, tehostamaan tiiviin\u00e4 pysymist\u00e4 ja ehk\u00e4isem\u00e4\u00e4n ilman ja nesteiden vuotoa. Sen sis\u00e4\u00e4nrakennettu ilmanvirtausj\u00e4rjestelm\u00e4 toimii saumattomasti rengasinsertien kanssa, taaten parhaan mahdollisen ilmavirran ja yhteensopivuuden erilaisten rengasasennusten kanssa. T\u00e4m\u00e4 uusi, 2.0-mallia edustava versio, tuo mukanaan parannuksia ja tarkennuksia aiempiin malleihin verrattuna, jolloin se tarjoaa entist\u00e4 paremman [...]L\u00e4s mer \u2026 from MUC-OFF Tubeless Valve Kit V. 2.0 Red\" \/>\n<meta property=\"og:url\" content=\"https:\/\/vmsport.fi\/sv\/webbutik\/dack\/slanglosa-tillbehor\/slanglosa-ventiler\/muc-off-slanglos-ventilsats-v-2-0-rod\/\" \/>\n<meta property=\"og:site_name\" content=\"VM Sport\" \/>\n<meta property=\"article:publisher\" content=\"https:\/\/www.facebook.com\/Vmsport.fi\/\" \/>\n<meta property=\"article:modified_time\" content=\"2026-01-16T11:22:58+00:00\" \/>\n<meta property=\"og:image\" content=\"https:\/\/vmsport.fi\/wp-content\/uploads\/2025\/03\/360s5OHuUYMTnFUZmbzbeMjIlP8tQycnrmFyYzYKZPWoIGmnV2-1.jpg\" \/>\n\t<meta property=\"og:image:width\" content=\"800\" \/>\n\t<meta property=\"og:image:height\" content=\"800\" \/>\n\t<meta property=\"og:image:type\" content=\"image\/jpeg\" \/>\n<meta name=\"twitter:card\" content=\"summary_large_image\" \/>\n<script type=\"application\/ld+json\" class=\"yoast-schema-graph\">{\"@context\":\"https:\\\/\\\/schema.org\",\"@graph\":[{\"@type\":[\"WebPage\",\"ItemPage\"],\"@id\":\"https:\\\/\\\/vmsport.fi\\\/verkkokauppa\\\/renkaat\\\/tubeless-tarvikkeet\\\/tubeless-venttiilit\\\/muc-off-tubeless-valve-kit-v-2-0-red\\\/\",\"url\":\"https:\\\/\\\/vmsport.fi\\\/verkkokauppa\\\/renkaat\\\/tubeless-tarvikkeet\\\/tubeless-venttiilit\\\/muc-off-tubeless-valve-kit-v-2-0-red\\\/\",\"name\":\"MUC-OFF Tubeless Valve Kit V. 2.0 Red - VM Sport\",\"isPartOf\":{\"@id\":\"https:\\\/\\\/vmsport.fi\\\/#website\"},\"primaryImageOfPage\":{\"@id\":\"https:\\\/\\\/vmsport.fi\\\/verkkokauppa\\\/renkaat\\\/tubeless-tarvikkeet\\\/tubeless-venttiilit\\\/muc-off-tubeless-valve-kit-v-2-0-red\\\/#primaryimage\"},\"image\":{\"@id\":\"https:\\\/\\\/vmsport.fi\\\/verkkokauppa\\\/renkaat\\\/tubeless-tarvikkeet\\\/tubeless-venttiilit\\\/muc-off-tubeless-valve-kit-v-2-0-red\\\/#primaryimage\"},\"thumbnailUrl\":\"https:\\\/\\\/vmsport.fi\\\/wp-content\\\/uploads\\\/2025\\\/03\\\/360s5OHuUYMTnFUZmbzbeMjIlP8tQycnrmFyYzYKZPWoIGmnV2-1.jpg\",\"datePublished\":\"2025-03-05T21:34:10+00:00\",\"dateModified\":\"2026-01-16T11:22:58+00:00\",\"breadcrumb\":{\"@id\":\"https:\\\/\\\/vmsport.fi\\\/verkkokauppa\\\/renkaat\\\/tubeless-tarvikkeet\\\/tubeless-venttiilit\\\/muc-off-tubeless-valve-kit-v-2-0-red\\\/#breadcrumb\"},\"inLanguage\":\"sv-SE\",\"potentialAction\":[{\"@type\":\"ReadAction\",\"target\":[\"https:\\\/\\\/vmsport.fi\\\/verkkokauppa\\\/renkaat\\\/tubeless-tarvikkeet\\\/tubeless-venttiilit\\\/muc-off-tubeless-valve-kit-v-2-0-red\\\/\"]}]},{\"@type\":\"ImageObject\",\"inLanguage\":\"sv-SE\",\"@id\":\"https:\\\/\\\/vmsport.fi\\\/verkkokauppa\\\/renkaat\\\/tubeless-tarvikkeet\\\/tubeless-venttiilit\\\/muc-off-tubeless-valve-kit-v-2-0-red\\\/#primaryimage\",\"url\":\"https:\\\/\\\/vmsport.fi\\\/wp-content\\\/uploads\\\/2025\\\/03\\\/360s5OHuUYMTnFUZmbzbeMjIlP8tQycnrmFyYzYKZPWoIGmnV2-1.jpg\",\"contentUrl\":\"https:\\\/\\\/vmsport.fi\\\/wp-content\\\/uploads\\\/2025\\\/03\\\/360s5OHuUYMTnFUZmbzbeMjIlP8tQycnrmFyYzYKZPWoIGmnV2-1.jpg\",\"width\":800,\"height\":800,\"caption\":\"360s5OHuUYMTnFUZmbzbeMjIlP8tQycnrmFyYzYKZPWoIGmnV2\"},{\"@type\":\"BreadcrumbList\",\"@id\":\"https:\\\/\\\/vmsport.fi\\\/verkkokauppa\\\/renkaat\\\/tubeless-tarvikkeet\\\/tubeless-venttiilit\\\/muc-off-tubeless-valve-kit-v-2-0-red\\\/#breadcrumb\",\"itemListElement\":[{\"@type\":\"ListItem\",\"position\":1,\"name\":\"Etusivu\",\"item\":\"https:\\\/\\\/vmsport.fi\\\/\"},{\"@type\":\"ListItem\",\"position\":2,\"name\":\"Online Store\",\"item\":\"https:\\\/\\\/vmsport.fi\\\/en\\\/online-store\\\/\"},{\"@type\":\"ListItem\",\"position\":3,\"name\":\"MUC-OFF Tubeless Valve Kit V. 2.0 Red\"}]},{\"@type\":\"WebSite\",\"@id\":\"https:\\\/\\\/vmsport.fi\\\/#website\",\"url\":\"https:\\\/\\\/vmsport.fi\\\/\",\"name\":\"Vmsport\",\"description\":\"Kaikki py\u00f6r\u00e4ilyyn yhdest\u00e4 paikasta\",\"publisher\":{\"@id\":\"https:\\\/\\\/vmsport.fi\\\/#organization\"},\"potentialAction\":[{\"@type\":\"SearchAction\",\"target\":{\"@type\":\"EntryPoint\",\"urlTemplate\":\"https:\\\/\\\/vmsport.fi\\\/?s={search_term_string}\"},\"query-input\":{\"@type\":\"PropertyValueSpecification\",\"valueRequired\":true,\"valueName\":\"search_term_string\"}}],\"inLanguage\":\"sv-SE\"},{\"@type\":\"Organization\",\"@id\":\"https:\\\/\\\/vmsport.fi\\\/#organization\",\"name\":\"Vmsport\",\"url\":\"https:\\\/\\\/vmsport.fi\\\/\",\"logo\":{\"@type\":\"ImageObject\",\"inLanguage\":\"sv-SE\",\"@id\":\"https:\\\/\\\/vmsport.fi\\\/#\\\/schema\\\/logo\\\/image\\\/\",\"url\":\"https:\\\/\\\/vmsport.fi\\\/wp-content\\\/uploads\\\/2024\\\/12\\\/vm_sport_RGB_horisontal-e1734526017575.png\",\"contentUrl\":\"https:\\\/\\\/vmsport.fi\\\/wp-content\\\/uploads\\\/2024\\\/12\\\/vm_sport_RGB_horisontal-e1734526017575.png\",\"width\":668,\"height\":85,\"caption\":\"Vmsport\"},\"image\":{\"@id\":\"https:\\\/\\\/vmsport.fi\\\/#\\\/schema\\\/logo\\\/image\\\/\"},\"sameAs\":[\"https:\\\/\\\/www.facebook.com\\\/Vmsport.fi\\\/\",\"https:\\\/\\\/www.instagram.com\\\/vmsport\\\/\"]}]}<\/script>\n<!-- \/ Yoast SEO plugin. -->","yoast_head_json":{"title":"MUC-OFF slangl\u00f6s ventilsats V. 2.0 R\u00f6d - VM Sport","robots":{"index":"index","follow":"follow","max-snippet":"max-snippet:-1","max-image-preview":"max-image-preview:large","max-video-preview":"max-video-preview:-1"},"canonical":"https:\/\/vmsport.fi\/sv\/webbutik\/dack\/slanglosa-tillbehor\/slanglosa-ventiler\/muc-off-slanglos-ventilsats-v-2-0-rod\/","og_locale":"sv_SE","og_type":"article","og_title":"MUC-OFF Tubeless Valve Kit V. 2.0 Red - VM Sport","og_description":"MUC-OFF Tubeless Valve Kit V. 2.0 Red on kehitetty erityisesti tubeless-renkaita varten, tehostamaan tiiviin\u00e4 pysymist\u00e4 ja ehk\u00e4isem\u00e4\u00e4n ilman ja nesteiden vuotoa. Sen sis\u00e4\u00e4nrakennettu ilmanvirtausj\u00e4rjestelm\u00e4 toimii saumattomasti rengasinsertien kanssa, taaten parhaan mahdollisen ilmavirran ja yhteensopivuuden erilaisten rengasasennusten kanssa. T\u00e4m\u00e4 uusi, 2.0-mallia edustava versio, tuo mukanaan parannuksia ja tarkennuksia aiempiin malleihin verrattuna, jolloin se tarjoaa entist\u00e4 paremman [...]L\u00e4s mer \u2026 from MUC-OFF Tubeless Valve Kit V. 2.0 Red","og_url":"https:\/\/vmsport.fi\/sv\/webbutik\/dack\/slanglosa-tillbehor\/slanglosa-ventiler\/muc-off-slanglos-ventilsats-v-2-0-rod\/","og_site_name":"VM Sport","article_publisher":"https:\/\/www.facebook.com\/Vmsport.fi\/","article_modified_time":"2026-01-16T11:22:58+00:00","og_image":[{"width":800,"height":800,"url":"https:\/\/vmsport.fi\/wp-content\/uploads\/2025\/03\/360s5OHuUYMTnFUZmbzbeMjIlP8tQycnrmFyYzYKZPWoIGmnV2-1.jpg","type":"image\/jpeg"}],"twitter_card":"summary_large_image","schema":{"@context":"https:\/\/schema.org","@graph":[{"@type":["WebPage","ItemPage"],"@id":"https:\/\/vmsport.fi\/verkkokauppa\/renkaat\/tubeless-tarvikkeet\/tubeless-venttiilit\/muc-off-tubeless-valve-kit-v-2-0-red\/","url":"https:\/\/vmsport.fi\/verkkokauppa\/renkaat\/tubeless-tarvikkeet\/tubeless-venttiilit\/muc-off-tubeless-valve-kit-v-2-0-red\/","name":"MUC-OFF slangl\u00f6s ventilsats V. 2.0 R\u00f6d - VM Sport","isPartOf":{"@id":"https:\/\/vmsport.fi\/#website"},"primaryImageOfPage":{"@id":"https:\/\/vmsport.fi\/verkkokauppa\/renkaat\/tubeless-tarvikkeet\/tubeless-venttiilit\/muc-off-tubeless-valve-kit-v-2-0-red\/#primaryimage"},"image":{"@id":"https:\/\/vmsport.fi\/verkkokauppa\/renkaat\/tubeless-tarvikkeet\/tubeless-venttiilit\/muc-off-tubeless-valve-kit-v-2-0-red\/#primaryimage"},"thumbnailUrl":"https:\/\/vmsport.fi\/wp-content\/uploads\/2025\/03\/360s5OHuUYMTnFUZmbzbeMjIlP8tQycnrmFyYzYKZPWoIGmnV2-1.jpg","datePublished":"2025-03-05T21:34:10+00:00","dateModified":"2026-01-16T11:22:58+00:00","breadcrumb":{"@id":"https:\/\/vmsport.fi\/verkkokauppa\/renkaat\/tubeless-tarvikkeet\/tubeless-venttiilit\/muc-off-tubeless-valve-kit-v-2-0-red\/#breadcrumb"},"inLanguage":"sv-SE","potentialAction":[{"@type":"ReadAction","target":["https:\/\/vmsport.fi\/verkkokauppa\/renkaat\/tubeless-tarvikkeet\/tubeless-venttiilit\/muc-off-tubeless-valve-kit-v-2-0-red\/"]}]},{"@type":"ImageObject","inLanguage":"sv-SE","@id":"https:\/\/vmsport.fi\/verkkokauppa\/renkaat\/tubeless-tarvikkeet\/tubeless-venttiilit\/muc-off-tubeless-valve-kit-v-2-0-red\/#primaryimage","url":"https:\/\/vmsport.fi\/wp-content\/uploads\/2025\/03\/360s5OHuUYMTnFUZmbzbeMjIlP8tQycnrmFyYzYKZPWoIGmnV2-1.jpg","contentUrl":"https:\/\/vmsport.fi\/wp-content\/uploads\/2025\/03\/360s5OHuUYMTnFUZmbzbeMjIlP8tQycnrmFyYzYKZPWoIGmnV2-1.jpg","width":800,"height":800,"caption":"360s5OHuUYMTnFUZmbzbeMjIlP8tQycnrmFyYzYKZPWoIGmnV2"},{"@type":"BreadcrumbList","@id":"https:\/\/vmsport.fi\/verkkokauppa\/renkaat\/tubeless-tarvikkeet\/tubeless-venttiilit\/muc-off-tubeless-valve-kit-v-2-0-red\/#breadcrumb","itemListElement":[{"@type":"ListItem","position":1,"name":"Etusivu","item":"https:\/\/vmsport.fi\/"},{"@type":"ListItem","position":2,"name":"Online Store","item":"https:\/\/vmsport.fi\/en\/online-store\/"},{"@type":"ListItem","position":3,"name":"MUC-OFF Tubeless Valve Kit V. 2.0 Red"}]},{"@type":"WebSite","@id":"https:\/\/vmsport.fi\/#website","url":"https:\/\/vmsport.fi\/","name":"Vmsport","description":"Allt p\u00e5 ett st\u00e4lle f\u00f6r cykling","publisher":{"@id":"https:\/\/vmsport.fi\/#organization"},"potentialAction":[{"@type":"SearchAction","target":{"@type":"EntryPoint","urlTemplate":"https:\/\/vmsport.fi\/?s={search_term_string}"},"query-input":{"@type":"PropertyValueSpecification","valueRequired":true,"valueName":"search_term_string"}}],"inLanguage":"sv-SE"},{"@type":"Organization","@id":"https:\/\/vmsport.fi\/#organization","name":"Vmsport","url":"https:\/\/vmsport.fi\/","logo":{"@type":"ImageObject","inLanguage":"sv-SE","@id":"https:\/\/vmsport.fi\/#\/schema\/logo\/image\/","url":"https:\/\/vmsport.fi\/wp-content\/uploads\/2024\/12\/vm_sport_RGB_horisontal-e1734526017575.png","contentUrl":"https:\/\/vmsport.fi\/wp-content\/uploads\/2024\/12\/vm_sport_RGB_horisontal-e1734526017575.png","width":668,"height":85,"caption":"Vmsport"},"image":{"@id":"https:\/\/vmsport.fi\/#\/schema\/logo\/image\/"},"sameAs":["https:\/\/www.facebook.com\/Vmsport.fi\/","https:\/\/www.instagram.com\/vmsport\/"]}]}},"global_unique_id":"","_links":{"self":[{"href":"https:\/\/vmsport.fi\/sv\/wp-json\/wp\/v2\/product\/52805","targetHints":{"allow":["GET"]}}],"collection":[{"href":"https:\/\/vmsport.fi\/sv\/wp-json\/wp\/v2\/product"}],"about":[{"href":"https:\/\/vmsport.fi\/sv\/wp-json\/wp\/v2\/types\/product"}],"replies":[{"embeddable":true,"href":"https:\/\/vmsport.fi\/sv\/wp-json\/wp\/v2\/comments?post=52805"}],"wp:featuredmedia":[{"embeddable":true,"href":"https:\/\/vmsport.fi\/sv\/wp-json\/wp\/v2\/media\/52804"}],"wp:attachment":[{"href":"https:\/\/vmsport.fi\/sv\/wp-json\/wp\/v2\/media?parent=52805"}],"wp:term":[{"taxonomy":"product_brand","embeddable":true,"href":"https:\/\/vmsport.fi\/sv\/wp-json\/wp\/v2\/product_brand?post=52805"},{"taxonomy":"product_model","embeddable":true,"href":"https:\/\/vmsport.fi\/sv\/wp-json\/wp\/v2\/product_model?post=52805"},{"taxonomy":"product_cat","embeddable":true,"href":"https:\/\/vmsport.fi\/sv\/wp-json\/wp\/v2\/product_cat?post=52805"},{"taxonomy":"product_tag","embeddable":true,"href":"https:\/\/vmsport.fi\/sv\/wp-json\/wp\/v2\/product_tag?post=52805"},{"taxonomy":"industry_terminology","embeddable":true,"href":"https:\/\/vmsport.fi\/sv\/wp-json\/wp\/v2\/industry-terminology?post=52805"}],"curies":[{"name":"wp","href":"https:\/\/api.w.org\/{rel}","templated":true}]}}