{"id":52803,"date":"2025-03-05T23:34:10","date_gmt":"2025-03-05T21:34:10","guid":{"rendered":"https:\/\/vmsport.fi\/verkkokauppa\/Ei-luokiteltu\/kadensija-ergon-ge1-evo-slim-tummansininen-midsummer-blue\/"},"modified":"2026-01-16T13:24:10","modified_gmt":"2026-01-16T11:24:10","slug":"ergon-ge1-evo-slim-cadence-morkbla-midsommarbla","status":"publish","type":"product","link":"https:\/\/vmsport.fi\/sv\/verkkokauppa\/varaosat\/ohjaamo\/gripit\/kadensija-ergon-ge1-evo-slim-tummansininen-midsummer-blue\/","title":{"rendered":"Handtag ERGON GE1 Evo Slim, m\u00f6rkbl\u00e5, Midsummer Blue"},"content":{"rendered":"<p>ERGON GE1 Evo Slim-handtagen i Midsummer Blue \u00e4r s\u00e4rskilt utformade f\u00f6r mountainbike och enduro touring. Dessa handtag har en ergonomisk design som \u00e4r vinklad 8 % f\u00f6r att f\u00f6rb\u00e4ttra armb\u00e5gspositionen, vilket g\u00f6r dem till det perfekta valet f\u00f6r breda styren och \u00f6ppen k\u00f6rst\u00e4llning. Den slimmade profilen ger en mer exakt k\u00e4nsla i styret som tilltalar cyklister som uppskattar l\u00e4ttare grepp.<\/p>\n<p>Handtagen \u00e4r tillverkade av slitstarkt gummi och precisionsformad och kallformad aluminium. De \u00e4r ordentligt fastsatta med sexkantsskruvar och den inv\u00e4ndiga kl\u00e4mman i smidd aluminium tillsammans med de integrerade \u00e4ndk\u00e5porna minskar effektivt vibrationerna f\u00f6r \u00f6kad komfort, s\u00e4rskilt p\u00e5 l\u00e5nga resor. Den totala vikten \u00e4r endast ca 95 gram, vilket g\u00f6r dem l\u00e4mpliga f\u00f6r juniorer, kvinnor och andra cyklister som f\u00f6redrar en l\u00e4ttare k\u00e4nsla.<\/p>","protected":false},"excerpt":{"rendered":"<p>ERGON GE1 Evo Slim -k\u00e4densijat Midsummer Blue -v\u00e4riss\u00e4 on suunniteltu erityisesti maastopy\u00f6r\u00e4ilyyn ja enduromatkoihin. N\u00e4iss\u00e4 k\u00e4densijoissa on ergonominen muotoilu, joka on kallistettu 8 % parantamaan kyyn\u00e4rp\u00e4iden asentoa, tehden niist\u00e4 t\u00e4ydellisen valinnan laajoille ohjaustangoille ja avoimeen ajoasentoon. Slimmi profiili mahdollistaa tarkemman ohjaustuntuman, joka miellytt\u00e4\u00e4 py\u00f6r\u00e4ilij\u00f6it\u00e4, jotka arvostavat kevyempi\u00e4 k\u00e4densijoja. K\u00e4densijat on valmistettu kest\u00e4v\u00e4st\u00e4 kumista sek\u00e4 tarkasti [&#8230;]<\/p>\n<p><a class=\"btn btn-secondary understrap-read-more-link\" href=\"https:\/\/vmsport.fi\/sv\/verkkokauppa\/varaosat\/ohjaamo\/gripit\/kadensija-ergon-ge1-evo-slim-tummansininen-midsummer-blue\/\">L\u00e4s mer \u2026<span class=\"screen-reader-text\"> from K\u00e4densija ERGON GE1 Evo Slim, tummansininen, Midsummer Blue<\/span><\/a><\/p>\n","protected":false},"featured_media":52802,"comment_status":"open","ping_status":"closed","template":"","meta":{"_acf_changed":false,"_improvement_type_select":"improve_an_existing","_thumb_yes_seoaic":false,"_frame_yes_seoaic":false,"seoaic_generate_description":"","seoaic_improve_instructions_prompt":"","seoaic_rollback_content_improvement":"","seoaic_idea_thumbnail_generator":"","thumbnail_generated":false,"thumbnail_generate_prompt":"","seoaic_article_description":"","_supplier_stock_quantity":0},"product_brand":[1581],"product_model":[],"product_cat":[9292],"product_tag":[],"industry-terminology":[],"class_list":{"0":"post-52803","1":"product","2":"type-product","3":"status-publish","4":"has-post-thumbnail","6":"product_brand-ergon","7":"product_cat-gripit","9":"first","10":"instock","11":"taxable","12":"shipping-taxable","13":"purchasable","14":"product-type-simple"},"acf":{"bike_features":null,"overview":{"copy_overview":null,"key_features":null,"statement":"","youtube_url":""}},"yoast_head":"<!-- This site is optimized with the Yoast SEO plugin v27.4 - https:\/\/yoast.com\/product\/yoast-seo-wordpress\/ -->\n<title>K\u00e4densija ERGON GE1 Evo Slim, tummansininen, Midsummer Blue - VM Sport<\/title>\n<meta name=\"robots\" content=\"index, follow, max-snippet:-1, max-image-preview:large, max-video-preview:-1\" \/>\n<link rel=\"canonical\" href=\"https:\/\/vmsport.fi\/sv\/webbutik\/reservdelar\/taxi\/grepp\/ergon-ge1-evo-slim-cadence-morkbla-midsommarbla\/\" \/>\n<meta property=\"og:locale\" content=\"sv_SE\" \/>\n<meta property=\"og:type\" content=\"article\" \/>\n<meta property=\"og:title\" content=\"K\u00e4densija ERGON GE1 Evo Slim, tummansininen, Midsummer Blue - VM Sport\" \/>\n<meta property=\"og:description\" content=\"ERGON GE1 Evo Slim -k\u00e4densijat Midsummer Blue -v\u00e4riss\u00e4 on suunniteltu erityisesti maastopy\u00f6r\u00e4ilyyn ja enduromatkoihin. N\u00e4iss\u00e4 k\u00e4densijoissa on ergonominen muotoilu, joka on kallistettu 8 % parantamaan kyyn\u00e4rp\u00e4iden asentoa, tehden niist\u00e4 t\u00e4ydellisen valinnan laajoille ohjaustangoille ja avoimeen ajoasentoon. Slimmi profiili mahdollistaa tarkemman ohjaustuntuman, joka miellytt\u00e4\u00e4 py\u00f6r\u00e4ilij\u00f6it\u00e4, jotka arvostavat kevyempi\u00e4 k\u00e4densijoja. K\u00e4densijat on valmistettu kest\u00e4v\u00e4st\u00e4 kumista sek\u00e4 tarkasti [...]L\u00e4s mer \u2026 from K\u00e4densija ERGON GE1 Evo Slim, tummansininen, Midsummer Blue\" \/>\n<meta property=\"og:url\" content=\"https:\/\/vmsport.fi\/sv\/webbutik\/reservdelar\/taxi\/grepp\/ergon-ge1-evo-slim-cadence-morkbla-midsommarbla\/\" \/>\n<meta property=\"og:site_name\" content=\"VM Sport\" \/>\n<meta property=\"article:publisher\" content=\"https:\/\/www.facebook.com\/Vmsport.fi\/\" \/>\n<meta property=\"article:modified_time\" content=\"2026-01-16T11:24:10+00:00\" \/>\n<meta property=\"og:image\" content=\"https:\/\/vmsport.fi\/wp-content\/uploads\/2025\/03\/42411155-1.jpg\" \/>\n\t<meta property=\"og:image:width\" content=\"1000\" \/>\n\t<meta property=\"og:image:height\" content=\"1000\" \/>\n\t<meta property=\"og:image:type\" content=\"image\/jpeg\" \/>\n<meta name=\"twitter:card\" content=\"summary_large_image\" \/>\n<meta name=\"twitter:label1\" content=\"Ber\u00e4knad l\u00e4stid\" \/>\n\t<meta name=\"twitter:data1\" content=\"1 minut\" \/>\n<script type=\"application\/ld+json\" class=\"yoast-schema-graph\">{\"@context\":\"https:\\\/\\\/schema.org\",\"@graph\":[{\"@type\":[\"WebPage\",\"ItemPage\"],\"@id\":\"https:\\\/\\\/vmsport.fi\\\/verkkokauppa\\\/varaosat\\\/ohjaamo\\\/gripit\\\/kadensija-ergon-ge1-evo-slim-tummansininen-midsummer-blue\\\/\",\"url\":\"https:\\\/\\\/vmsport.fi\\\/verkkokauppa\\\/varaosat\\\/ohjaamo\\\/gripit\\\/kadensija-ergon-ge1-evo-slim-tummansininen-midsummer-blue\\\/\",\"name\":\"K\u00e4densija ERGON GE1 Evo Slim, tummansininen, Midsummer Blue - VM Sport\",\"isPartOf\":{\"@id\":\"https:\\\/\\\/vmsport.fi\\\/#website\"},\"primaryImageOfPage\":{\"@id\":\"https:\\\/\\\/vmsport.fi\\\/verkkokauppa\\\/varaosat\\\/ohjaamo\\\/gripit\\\/kadensija-ergon-ge1-evo-slim-tummansininen-midsummer-blue\\\/#primaryimage\"},\"image\":{\"@id\":\"https:\\\/\\\/vmsport.fi\\\/verkkokauppa\\\/varaosat\\\/ohjaamo\\\/gripit\\\/kadensija-ergon-ge1-evo-slim-tummansininen-midsummer-blue\\\/#primaryimage\"},\"thumbnailUrl\":\"https:\\\/\\\/vmsport.fi\\\/wp-content\\\/uploads\\\/2025\\\/03\\\/42411155-1.jpg\",\"datePublished\":\"2025-03-05T21:34:10+00:00\",\"dateModified\":\"2026-01-16T11:24:10+00:00\",\"breadcrumb\":{\"@id\":\"https:\\\/\\\/vmsport.fi\\\/verkkokauppa\\\/varaosat\\\/ohjaamo\\\/gripit\\\/kadensija-ergon-ge1-evo-slim-tummansininen-midsummer-blue\\\/#breadcrumb\"},\"inLanguage\":\"sv-SE\",\"potentialAction\":[{\"@type\":\"ReadAction\",\"target\":[\"https:\\\/\\\/vmsport.fi\\\/verkkokauppa\\\/varaosat\\\/ohjaamo\\\/gripit\\\/kadensija-ergon-ge1-evo-slim-tummansininen-midsummer-blue\\\/\"]}]},{\"@type\":\"ImageObject\",\"inLanguage\":\"sv-SE\",\"@id\":\"https:\\\/\\\/vmsport.fi\\\/verkkokauppa\\\/varaosat\\\/ohjaamo\\\/gripit\\\/kadensija-ergon-ge1-evo-slim-tummansininen-midsummer-blue\\\/#primaryimage\",\"url\":\"https:\\\/\\\/vmsport.fi\\\/wp-content\\\/uploads\\\/2025\\\/03\\\/42411155-1.jpg\",\"contentUrl\":\"https:\\\/\\\/vmsport.fi\\\/wp-content\\\/uploads\\\/2025\\\/03\\\/42411155-1.jpg\",\"width\":1000,\"height\":1000,\"caption\":\"42411155\"},{\"@type\":\"BreadcrumbList\",\"@id\":\"https:\\\/\\\/vmsport.fi\\\/verkkokauppa\\\/varaosat\\\/ohjaamo\\\/gripit\\\/kadensija-ergon-ge1-evo-slim-tummansininen-midsummer-blue\\\/#breadcrumb\",\"itemListElement\":[{\"@type\":\"ListItem\",\"position\":1,\"name\":\"Etusivu\",\"item\":\"https:\\\/\\\/vmsport.fi\\\/\"},{\"@type\":\"ListItem\",\"position\":2,\"name\":\"Online Store\",\"item\":\"https:\\\/\\\/vmsport.fi\\\/en\\\/online-store\\\/\"},{\"@type\":\"ListItem\",\"position\":3,\"name\":\"K\u00e4densija ERGON GE1 Evo Slim, tummansininen, Midsummer Blue\"}]},{\"@type\":\"WebSite\",\"@id\":\"https:\\\/\\\/vmsport.fi\\\/#website\",\"url\":\"https:\\\/\\\/vmsport.fi\\\/\",\"name\":\"Vmsport\",\"description\":\"Kaikki py\u00f6r\u00e4ilyyn yhdest\u00e4 paikasta\",\"publisher\":{\"@id\":\"https:\\\/\\\/vmsport.fi\\\/#organization\"},\"potentialAction\":[{\"@type\":\"SearchAction\",\"target\":{\"@type\":\"EntryPoint\",\"urlTemplate\":\"https:\\\/\\\/vmsport.fi\\\/?s={search_term_string}\"},\"query-input\":{\"@type\":\"PropertyValueSpecification\",\"valueRequired\":true,\"valueName\":\"search_term_string\"}}],\"inLanguage\":\"sv-SE\"},{\"@type\":\"Organization\",\"@id\":\"https:\\\/\\\/vmsport.fi\\\/#organization\",\"name\":\"Vmsport\",\"url\":\"https:\\\/\\\/vmsport.fi\\\/\",\"logo\":{\"@type\":\"ImageObject\",\"inLanguage\":\"sv-SE\",\"@id\":\"https:\\\/\\\/vmsport.fi\\\/#\\\/schema\\\/logo\\\/image\\\/\",\"url\":\"https:\\\/\\\/vmsport.fi\\\/wp-content\\\/uploads\\\/2024\\\/12\\\/vm_sport_RGB_horisontal-e1734526017575.png\",\"contentUrl\":\"https:\\\/\\\/vmsport.fi\\\/wp-content\\\/uploads\\\/2024\\\/12\\\/vm_sport_RGB_horisontal-e1734526017575.png\",\"width\":668,\"height\":85,\"caption\":\"Vmsport\"},\"image\":{\"@id\":\"https:\\\/\\\/vmsport.fi\\\/#\\\/schema\\\/logo\\\/image\\\/\"},\"sameAs\":[\"https:\\\/\\\/www.facebook.com\\\/Vmsport.fi\\\/\",\"https:\\\/\\\/www.instagram.com\\\/vmsport\\\/\"]}]}<\/script>\n<!-- \/ Yoast SEO plugin. -->","yoast_head_json":{"title":"Handtag ERGON GE1 Evo Slim, marinbl\u00e5, Midsommarbl\u00e5 - VM Sport","robots":{"index":"index","follow":"follow","max-snippet":"max-snippet:-1","max-image-preview":"max-image-preview:large","max-video-preview":"max-video-preview:-1"},"canonical":"https:\/\/vmsport.fi\/sv\/webbutik\/reservdelar\/taxi\/grepp\/ergon-ge1-evo-slim-cadence-morkbla-midsommarbla\/","og_locale":"sv_SE","og_type":"article","og_title":"K\u00e4densija ERGON GE1 Evo Slim, tummansininen, Midsummer Blue - VM Sport","og_description":"ERGON GE1 Evo Slim -k\u00e4densijat Midsummer Blue -v\u00e4riss\u00e4 on suunniteltu erityisesti maastopy\u00f6r\u00e4ilyyn ja enduromatkoihin. N\u00e4iss\u00e4 k\u00e4densijoissa on ergonominen muotoilu, joka on kallistettu 8 % parantamaan kyyn\u00e4rp\u00e4iden asentoa, tehden niist\u00e4 t\u00e4ydellisen valinnan laajoille ohjaustangoille ja avoimeen ajoasentoon. Slimmi profiili mahdollistaa tarkemman ohjaustuntuman, joka miellytt\u00e4\u00e4 py\u00f6r\u00e4ilij\u00f6it\u00e4, jotka arvostavat kevyempi\u00e4 k\u00e4densijoja. K\u00e4densijat on valmistettu kest\u00e4v\u00e4st\u00e4 kumista sek\u00e4 tarkasti [...]L\u00e4s mer \u2026 from K\u00e4densija ERGON GE1 Evo Slim, tummansininen, Midsummer Blue","og_url":"https:\/\/vmsport.fi\/sv\/webbutik\/reservdelar\/taxi\/grepp\/ergon-ge1-evo-slim-cadence-morkbla-midsommarbla\/","og_site_name":"VM Sport","article_publisher":"https:\/\/www.facebook.com\/Vmsport.fi\/","article_modified_time":"2026-01-16T11:24:10+00:00","og_image":[{"width":1000,"height":1000,"url":"https:\/\/vmsport.fi\/wp-content\/uploads\/2025\/03\/42411155-1.jpg","type":"image\/jpeg"}],"twitter_card":"summary_large_image","twitter_misc":{"Ber\u00e4knad l\u00e4stid":"1 minut"},"schema":{"@context":"https:\/\/schema.org","@graph":[{"@type":["WebPage","ItemPage"],"@id":"https:\/\/vmsport.fi\/verkkokauppa\/varaosat\/ohjaamo\/gripit\/kadensija-ergon-ge1-evo-slim-tummansininen-midsummer-blue\/","url":"https:\/\/vmsport.fi\/verkkokauppa\/varaosat\/ohjaamo\/gripit\/kadensija-ergon-ge1-evo-slim-tummansininen-midsummer-blue\/","name":"Handtag ERGON GE1 Evo Slim, marinbl\u00e5, Midsommarbl\u00e5 - VM Sport","isPartOf":{"@id":"https:\/\/vmsport.fi\/#website"},"primaryImageOfPage":{"@id":"https:\/\/vmsport.fi\/verkkokauppa\/varaosat\/ohjaamo\/gripit\/kadensija-ergon-ge1-evo-slim-tummansininen-midsummer-blue\/#primaryimage"},"image":{"@id":"https:\/\/vmsport.fi\/verkkokauppa\/varaosat\/ohjaamo\/gripit\/kadensija-ergon-ge1-evo-slim-tummansininen-midsummer-blue\/#primaryimage"},"thumbnailUrl":"https:\/\/vmsport.fi\/wp-content\/uploads\/2025\/03\/42411155-1.jpg","datePublished":"2025-03-05T21:34:10+00:00","dateModified":"2026-01-16T11:24:10+00:00","breadcrumb":{"@id":"https:\/\/vmsport.fi\/verkkokauppa\/varaosat\/ohjaamo\/gripit\/kadensija-ergon-ge1-evo-slim-tummansininen-midsummer-blue\/#breadcrumb"},"inLanguage":"sv-SE","potentialAction":[{"@type":"ReadAction","target":["https:\/\/vmsport.fi\/verkkokauppa\/varaosat\/ohjaamo\/gripit\/kadensija-ergon-ge1-evo-slim-tummansininen-midsummer-blue\/"]}]},{"@type":"ImageObject","inLanguage":"sv-SE","@id":"https:\/\/vmsport.fi\/verkkokauppa\/varaosat\/ohjaamo\/gripit\/kadensija-ergon-ge1-evo-slim-tummansininen-midsummer-blue\/#primaryimage","url":"https:\/\/vmsport.fi\/wp-content\/uploads\/2025\/03\/42411155-1.jpg","contentUrl":"https:\/\/vmsport.fi\/wp-content\/uploads\/2025\/03\/42411155-1.jpg","width":1000,"height":1000,"caption":"42411155"},{"@type":"BreadcrumbList","@id":"https:\/\/vmsport.fi\/verkkokauppa\/varaosat\/ohjaamo\/gripit\/kadensija-ergon-ge1-evo-slim-tummansininen-midsummer-blue\/#breadcrumb","itemListElement":[{"@type":"ListItem","position":1,"name":"Etusivu","item":"https:\/\/vmsport.fi\/"},{"@type":"ListItem","position":2,"name":"Online Store","item":"https:\/\/vmsport.fi\/en\/online-store\/"},{"@type":"ListItem","position":3,"name":"K\u00e4densija ERGON GE1 Evo Slim, tummansininen, Midsummer Blue"}]},{"@type":"WebSite","@id":"https:\/\/vmsport.fi\/#website","url":"https:\/\/vmsport.fi\/","name":"Vmsport","description":"Allt p\u00e5 ett st\u00e4lle f\u00f6r cykling","publisher":{"@id":"https:\/\/vmsport.fi\/#organization"},"potentialAction":[{"@type":"SearchAction","target":{"@type":"EntryPoint","urlTemplate":"https:\/\/vmsport.fi\/?s={search_term_string}"},"query-input":{"@type":"PropertyValueSpecification","valueRequired":true,"valueName":"search_term_string"}}],"inLanguage":"sv-SE"},{"@type":"Organization","@id":"https:\/\/vmsport.fi\/#organization","name":"Vmsport","url":"https:\/\/vmsport.fi\/","logo":{"@type":"ImageObject","inLanguage":"sv-SE","@id":"https:\/\/vmsport.fi\/#\/schema\/logo\/image\/","url":"https:\/\/vmsport.fi\/wp-content\/uploads\/2024\/12\/vm_sport_RGB_horisontal-e1734526017575.png","contentUrl":"https:\/\/vmsport.fi\/wp-content\/uploads\/2024\/12\/vm_sport_RGB_horisontal-e1734526017575.png","width":668,"height":85,"caption":"Vmsport"},"image":{"@id":"https:\/\/vmsport.fi\/#\/schema\/logo\/image\/"},"sameAs":["https:\/\/www.facebook.com\/Vmsport.fi\/","https:\/\/www.instagram.com\/vmsport\/"]}]}},"global_unique_id":"","_links":{"self":[{"href":"https:\/\/vmsport.fi\/sv\/wp-json\/wp\/v2\/product\/52803","targetHints":{"allow":["GET"]}}],"collection":[{"href":"https:\/\/vmsport.fi\/sv\/wp-json\/wp\/v2\/product"}],"about":[{"href":"https:\/\/vmsport.fi\/sv\/wp-json\/wp\/v2\/types\/product"}],"replies":[{"embeddable":true,"href":"https:\/\/vmsport.fi\/sv\/wp-json\/wp\/v2\/comments?post=52803"}],"wp:featuredmedia":[{"embeddable":true,"href":"https:\/\/vmsport.fi\/sv\/wp-json\/wp\/v2\/media\/52802"}],"wp:attachment":[{"href":"https:\/\/vmsport.fi\/sv\/wp-json\/wp\/v2\/media?parent=52803"}],"wp:term":[{"taxonomy":"product_brand","embeddable":true,"href":"https:\/\/vmsport.fi\/sv\/wp-json\/wp\/v2\/product_brand?post=52803"},{"taxonomy":"product_model","embeddable":true,"href":"https:\/\/vmsport.fi\/sv\/wp-json\/wp\/v2\/product_model?post=52803"},{"taxonomy":"product_cat","embeddable":true,"href":"https:\/\/vmsport.fi\/sv\/wp-json\/wp\/v2\/product_cat?post=52803"},{"taxonomy":"product_tag","embeddable":true,"href":"https:\/\/vmsport.fi\/sv\/wp-json\/wp\/v2\/product_tag?post=52803"},{"taxonomy":"industry_terminology","embeddable":true,"href":"https:\/\/vmsport.fi\/sv\/wp-json\/wp\/v2\/industry-terminology?post=52803"}],"curies":[{"name":"wp","href":"https:\/\/api.w.org\/{rel}","templated":true}]}}