{"id":52779,"date":"2025-03-05T23:33:52","date_gmt":"2025-03-05T21:33:52","guid":{"rendered":"https:\/\/vmsport.fi\/verkkokauppa\/Ei-luokiteltu\/kampisarja-9-v-tripla-175mm-44-32-22t-altus-fyrkant-123mm\/"},"modified":"2026-04-22T15:00:04","modified_gmt":"2026-04-22T12:00:04","slug":"vevsats-9-v-trippel-175mm-44-32-22t-altus-fyrkant-123mm","status":"publish","type":"product","link":"https:\/\/vmsport.fi\/sv\/verkkokauppa\/varaosat\/voimansiirto\/kampisarjat\/kampisarja-9-v-tripla-175mm-44-32-22t-altus-fyrkant-123mm\/","title":{"rendered":"Vevsats 9-v trippel 175 mm 44\/32\/22T Altus fyrkant 123 mm"},"content":{"rendered":"<p>Detta vevparti \u00e4r ett utm\u00e4rkt val f\u00f6r 9-v\u00e4xlade cyklar d\u00e4r b\u00e5de effektivitet och h\u00e5llbarhet kr\u00e4vs. Den trehjuliga designen med kugghjul med 44, 32 och 22 t\u00e4nder ger ett brett utbud av v\u00e4xlar f\u00f6r olika terr\u00e4nger. Vevarna \u00e4r 175 mm l\u00e5nga, vilket ger maximal pedalkraft. Som en del av Altus-serien har vevpartiet en fyrkantig axeldesign f\u00f6r att s\u00e4kerst\u00e4lla ett robust och tillf\u00f6rlitligt f\u00e4ste. Axell\u00e4ngden \u00e4r 123 mm, vilket s\u00e4kerst\u00e4ller kompatibilitet med olika ramgeometrier.<\/p>","protected":false},"excerpt":{"rendered":"<p>T\u00e4m\u00e4 kampisarja on erinomainen valinta 9-vaihteisiin polkupy\u00f6riin, joissa tarvitaan sek\u00e4 tehokkuutta ett\u00e4 kest\u00e4vyytt\u00e4. Kolmen rattaan muotoilu, jossa on 44, 32 ja 22 hampaan rattaat, mahdollistaa laajan vaihdevalikoiman eri maastoille. Kampien pituus on 175 mm, mik\u00e4 tarjoaa parhaan mahdollisen polkemisvoiman. Kun kampisarja kuuluu Altus-sarjaan, se hy\u00f6dynt\u00e4\u00e4 nelikanttiakselin rakennetta, joka takaa tukevan ja luotettavan kiinnityksen. Akselipituus on [&#8230;]<\/p>\n<p><a class=\"btn btn-secondary understrap-read-more-link\" href=\"https:\/\/vmsport.fi\/sv\/verkkokauppa\/varaosat\/voimansiirto\/kampisarjat\/kampisarja-9-v-tripla-175mm-44-32-22t-altus-fyrkant-123mm\/\">L\u00e4s mer \u2026<span class=\"screen-reader-text\"> from Kampisarja 9-v tripla 175mm 44\/32\/22T Altus fyrkant 123mm<\/span><\/a><\/p>\n","protected":false},"featured_media":52778,"comment_status":"open","ping_status":"closed","template":"","meta":{"_acf_changed":false,"_improvement_type_select":"improve_an_existing","_thumb_yes_seoaic":false,"_frame_yes_seoaic":false,"seoaic_generate_description":"","seoaic_improve_instructions_prompt":"","seoaic_rollback_content_improvement":"","seoaic_idea_thumbnail_generator":"","thumbnail_generated":false,"thumbnail_generate_prompt":"","seoaic_article_description":"","_supplier_stock_quantity":0},"product_brand":[],"product_model":[],"product_cat":[9346],"product_tag":[],"industry-terminology":[],"class_list":{"0":"post-52779","1":"product","2":"type-product","3":"status-publish","4":"has-post-thumbnail","6":"product_cat-kampisarjat","8":"first","9":"outofstock","10":"taxable","11":"shipping-taxable","12":"product-type-simple"},"acf":{"bike_features":null,"overview":{"copy_overview":null,"key_features":null,"statement":"","youtube_url":""}},"yoast_head":"<!-- This site is optimized with the Yoast SEO plugin v27.4 - https:\/\/yoast.com\/product\/yoast-seo-wordpress\/ -->\n<title>Kampisarja 9-v tripla 175mm 44\/32\/22T Altus fyrkant 123mm - VM Sport<\/title>\n<meta name=\"robots\" content=\"index, follow, max-snippet:-1, max-image-preview:large, max-video-preview:-1\" \/>\n<link rel=\"canonical\" href=\"https:\/\/vmsport.fi\/sv\/webbutik\/reservdelar\/transmission\/kamningssats\/vevsats-9-v-trippel-175mm-44-32-22t-altus-fyrkant-123mm\/\" \/>\n<meta property=\"og:locale\" content=\"sv_SE\" \/>\n<meta property=\"og:type\" content=\"article\" \/>\n<meta property=\"og:title\" content=\"Kampisarja 9-v tripla 175mm 44\/32\/22T Altus fyrkant 123mm - VM Sport\" \/>\n<meta property=\"og:description\" content=\"T\u00e4m\u00e4 kampisarja on erinomainen valinta 9-vaihteisiin polkupy\u00f6riin, joissa tarvitaan sek\u00e4 tehokkuutta ett\u00e4 kest\u00e4vyytt\u00e4. Kolmen rattaan muotoilu, jossa on 44, 32 ja 22 hampaan rattaat, mahdollistaa laajan vaihdevalikoiman eri maastoille. Kampien pituus on 175 mm, mik\u00e4 tarjoaa parhaan mahdollisen polkemisvoiman. Kun kampisarja kuuluu Altus-sarjaan, se hy\u00f6dynt\u00e4\u00e4 nelikanttiakselin rakennetta, joka takaa tukevan ja luotettavan kiinnityksen. Akselipituus on [...]L\u00e4s mer \u2026 from Kampisarja 9-v tripla 175mm 44\/32\/22T Altus fyrkant 123mm\" \/>\n<meta property=\"og:url\" content=\"https:\/\/vmsport.fi\/sv\/webbutik\/reservdelar\/transmission\/kamningssats\/vevsats-9-v-trippel-175mm-44-32-22t-altus-fyrkant-123mm\/\" \/>\n<meta property=\"og:site_name\" content=\"VM Sport\" \/>\n<meta property=\"article:publisher\" content=\"https:\/\/www.facebook.com\/Vmsport.fi\/\" \/>\n<meta property=\"article:modified_time\" content=\"2026-04-22T12:00:04+00:00\" \/>\n<meta property=\"og:image\" content=\"https:\/\/vmsport.fi\/wp-content\/uploads\/2025\/03\/oyFrR4rSImDgnDJIzNhWsErXdM2ZApbRbNC9nEcCrl3L2wyBJU-1.jpg\" \/>\n\t<meta property=\"og:image:width\" content=\"600\" \/>\n\t<meta property=\"og:image:height\" content=\"600\" \/>\n\t<meta property=\"og:image:type\" content=\"image\/jpeg\" \/>\n<meta name=\"twitter:card\" content=\"summary_large_image\" \/>\n<script type=\"application\/ld+json\" class=\"yoast-schema-graph\">{\"@context\":\"https:\\\/\\\/schema.org\",\"@graph\":[{\"@type\":[\"WebPage\",\"ItemPage\"],\"@id\":\"https:\\\/\\\/vmsport.fi\\\/verkkokauppa\\\/varaosat\\\/voimansiirto\\\/kampisarjat\\\/kampisarja-9-v-tripla-175mm-44-32-22t-altus-fyrkant-123mm\\\/\",\"url\":\"https:\\\/\\\/vmsport.fi\\\/verkkokauppa\\\/varaosat\\\/voimansiirto\\\/kampisarjat\\\/kampisarja-9-v-tripla-175mm-44-32-22t-altus-fyrkant-123mm\\\/\",\"name\":\"Kampisarja 9-v tripla 175mm 44\\\/32\\\/22T Altus fyrkant 123mm - VM Sport\",\"isPartOf\":{\"@id\":\"https:\\\/\\\/vmsport.fi\\\/#website\"},\"primaryImageOfPage\":{\"@id\":\"https:\\\/\\\/vmsport.fi\\\/verkkokauppa\\\/varaosat\\\/voimansiirto\\\/kampisarjat\\\/kampisarja-9-v-tripla-175mm-44-32-22t-altus-fyrkant-123mm\\\/#primaryimage\"},\"image\":{\"@id\":\"https:\\\/\\\/vmsport.fi\\\/verkkokauppa\\\/varaosat\\\/voimansiirto\\\/kampisarjat\\\/kampisarja-9-v-tripla-175mm-44-32-22t-altus-fyrkant-123mm\\\/#primaryimage\"},\"thumbnailUrl\":\"https:\\\/\\\/vmsport.fi\\\/wp-content\\\/uploads\\\/2025\\\/03\\\/oyFrR4rSImDgnDJIzNhWsErXdM2ZApbRbNC9nEcCrl3L2wyBJU-1.jpg\",\"datePublished\":\"2025-03-05T21:33:52+00:00\",\"dateModified\":\"2026-04-22T12:00:04+00:00\",\"breadcrumb\":{\"@id\":\"https:\\\/\\\/vmsport.fi\\\/verkkokauppa\\\/varaosat\\\/voimansiirto\\\/kampisarjat\\\/kampisarja-9-v-tripla-175mm-44-32-22t-altus-fyrkant-123mm\\\/#breadcrumb\"},\"inLanguage\":\"sv-SE\",\"potentialAction\":[{\"@type\":\"ReadAction\",\"target\":[\"https:\\\/\\\/vmsport.fi\\\/verkkokauppa\\\/varaosat\\\/voimansiirto\\\/kampisarjat\\\/kampisarja-9-v-tripla-175mm-44-32-22t-altus-fyrkant-123mm\\\/\"]}]},{\"@type\":\"ImageObject\",\"inLanguage\":\"sv-SE\",\"@id\":\"https:\\\/\\\/vmsport.fi\\\/verkkokauppa\\\/varaosat\\\/voimansiirto\\\/kampisarjat\\\/kampisarja-9-v-tripla-175mm-44-32-22t-altus-fyrkant-123mm\\\/#primaryimage\",\"url\":\"https:\\\/\\\/vmsport.fi\\\/wp-content\\\/uploads\\\/2025\\\/03\\\/oyFrR4rSImDgnDJIzNhWsErXdM2ZApbRbNC9nEcCrl3L2wyBJU-1.jpg\",\"contentUrl\":\"https:\\\/\\\/vmsport.fi\\\/wp-content\\\/uploads\\\/2025\\\/03\\\/oyFrR4rSImDgnDJIzNhWsErXdM2ZApbRbNC9nEcCrl3L2wyBJU-1.jpg\",\"width\":600,\"height\":600,\"caption\":\"oyFrR4rSImDgnDJIzNhWsErXdM2ZApbRbNC9nEcCrl3L2wyBJU\"},{\"@type\":\"BreadcrumbList\",\"@id\":\"https:\\\/\\\/vmsport.fi\\\/verkkokauppa\\\/varaosat\\\/voimansiirto\\\/kampisarjat\\\/kampisarja-9-v-tripla-175mm-44-32-22t-altus-fyrkant-123mm\\\/#breadcrumb\",\"itemListElement\":[{\"@type\":\"ListItem\",\"position\":1,\"name\":\"Etusivu\",\"item\":\"https:\\\/\\\/vmsport.fi\\\/\"},{\"@type\":\"ListItem\",\"position\":2,\"name\":\"Online Store\",\"item\":\"https:\\\/\\\/vmsport.fi\\\/en\\\/online-store\\\/\"},{\"@type\":\"ListItem\",\"position\":3,\"name\":\"Kampisarja 9-v tripla 175mm 44\\\/32\\\/22T Altus fyrkant 123mm\"}]},{\"@type\":\"WebSite\",\"@id\":\"https:\\\/\\\/vmsport.fi\\\/#website\",\"url\":\"https:\\\/\\\/vmsport.fi\\\/\",\"name\":\"Vmsport\",\"description\":\"Kaikki py\u00f6r\u00e4ilyyn yhdest\u00e4 paikasta\",\"publisher\":{\"@id\":\"https:\\\/\\\/vmsport.fi\\\/#organization\"},\"potentialAction\":[{\"@type\":\"SearchAction\",\"target\":{\"@type\":\"EntryPoint\",\"urlTemplate\":\"https:\\\/\\\/vmsport.fi\\\/?s={search_term_string}\"},\"query-input\":{\"@type\":\"PropertyValueSpecification\",\"valueRequired\":true,\"valueName\":\"search_term_string\"}}],\"inLanguage\":\"sv-SE\"},{\"@type\":\"Organization\",\"@id\":\"https:\\\/\\\/vmsport.fi\\\/#organization\",\"name\":\"Vmsport\",\"url\":\"https:\\\/\\\/vmsport.fi\\\/\",\"logo\":{\"@type\":\"ImageObject\",\"inLanguage\":\"sv-SE\",\"@id\":\"https:\\\/\\\/vmsport.fi\\\/#\\\/schema\\\/logo\\\/image\\\/\",\"url\":\"https:\\\/\\\/vmsport.fi\\\/wp-content\\\/uploads\\\/2024\\\/12\\\/vm_sport_RGB_horisontal-e1734526017575.png\",\"contentUrl\":\"https:\\\/\\\/vmsport.fi\\\/wp-content\\\/uploads\\\/2024\\\/12\\\/vm_sport_RGB_horisontal-e1734526017575.png\",\"width\":668,\"height\":85,\"caption\":\"Vmsport\"},\"image\":{\"@id\":\"https:\\\/\\\/vmsport.fi\\\/#\\\/schema\\\/logo\\\/image\\\/\"},\"sameAs\":[\"https:\\\/\\\/www.facebook.com\\\/Vmsport.fi\\\/\",\"https:\\\/\\\/www.instagram.com\\\/vmsport\\\/\"]}]}<\/script>\n<!-- \/ Yoast SEO plugin. -->","yoast_head_json":{"title":"Vevsats 9-v trippel 175mm 44\/32\/22T Altus fyrkant 123mm - VM Sport","robots":{"index":"index","follow":"follow","max-snippet":"max-snippet:-1","max-image-preview":"max-image-preview:large","max-video-preview":"max-video-preview:-1"},"canonical":"https:\/\/vmsport.fi\/sv\/webbutik\/reservdelar\/transmission\/kamningssats\/vevsats-9-v-trippel-175mm-44-32-22t-altus-fyrkant-123mm\/","og_locale":"sv_SE","og_type":"article","og_title":"Kampisarja 9-v tripla 175mm 44\/32\/22T Altus fyrkant 123mm - VM Sport","og_description":"T\u00e4m\u00e4 kampisarja on erinomainen valinta 9-vaihteisiin polkupy\u00f6riin, joissa tarvitaan sek\u00e4 tehokkuutta ett\u00e4 kest\u00e4vyytt\u00e4. Kolmen rattaan muotoilu, jossa on 44, 32 ja 22 hampaan rattaat, mahdollistaa laajan vaihdevalikoiman eri maastoille. Kampien pituus on 175 mm, mik\u00e4 tarjoaa parhaan mahdollisen polkemisvoiman. Kun kampisarja kuuluu Altus-sarjaan, se hy\u00f6dynt\u00e4\u00e4 nelikanttiakselin rakennetta, joka takaa tukevan ja luotettavan kiinnityksen. Akselipituus on [...]L\u00e4s mer \u2026 from Kampisarja 9-v tripla 175mm 44\/32\/22T Altus fyrkant 123mm","og_url":"https:\/\/vmsport.fi\/sv\/webbutik\/reservdelar\/transmission\/kamningssats\/vevsats-9-v-trippel-175mm-44-32-22t-altus-fyrkant-123mm\/","og_site_name":"VM Sport","article_publisher":"https:\/\/www.facebook.com\/Vmsport.fi\/","article_modified_time":"2026-04-22T12:00:04+00:00","og_image":[{"width":600,"height":600,"url":"https:\/\/vmsport.fi\/wp-content\/uploads\/2025\/03\/oyFrR4rSImDgnDJIzNhWsErXdM2ZApbRbNC9nEcCrl3L2wyBJU-1.jpg","type":"image\/jpeg"}],"twitter_card":"summary_large_image","schema":{"@context":"https:\/\/schema.org","@graph":[{"@type":["WebPage","ItemPage"],"@id":"https:\/\/vmsport.fi\/verkkokauppa\/varaosat\/voimansiirto\/kampisarjat\/kampisarja-9-v-tripla-175mm-44-32-22t-altus-fyrkant-123mm\/","url":"https:\/\/vmsport.fi\/verkkokauppa\/varaosat\/voimansiirto\/kampisarjat\/kampisarja-9-v-tripla-175mm-44-32-22t-altus-fyrkant-123mm\/","name":"Vevsats 9-v trippel 175mm 44\/32\/22T Altus fyrkant 123mm - VM Sport","isPartOf":{"@id":"https:\/\/vmsport.fi\/#website"},"primaryImageOfPage":{"@id":"https:\/\/vmsport.fi\/verkkokauppa\/varaosat\/voimansiirto\/kampisarjat\/kampisarja-9-v-tripla-175mm-44-32-22t-altus-fyrkant-123mm\/#primaryimage"},"image":{"@id":"https:\/\/vmsport.fi\/verkkokauppa\/varaosat\/voimansiirto\/kampisarjat\/kampisarja-9-v-tripla-175mm-44-32-22t-altus-fyrkant-123mm\/#primaryimage"},"thumbnailUrl":"https:\/\/vmsport.fi\/wp-content\/uploads\/2025\/03\/oyFrR4rSImDgnDJIzNhWsErXdM2ZApbRbNC9nEcCrl3L2wyBJU-1.jpg","datePublished":"2025-03-05T21:33:52+00:00","dateModified":"2026-04-22T12:00:04+00:00","breadcrumb":{"@id":"https:\/\/vmsport.fi\/verkkokauppa\/varaosat\/voimansiirto\/kampisarjat\/kampisarja-9-v-tripla-175mm-44-32-22t-altus-fyrkant-123mm\/#breadcrumb"},"inLanguage":"sv-SE","potentialAction":[{"@type":"ReadAction","target":["https:\/\/vmsport.fi\/verkkokauppa\/varaosat\/voimansiirto\/kampisarjat\/kampisarja-9-v-tripla-175mm-44-32-22t-altus-fyrkant-123mm\/"]}]},{"@type":"ImageObject","inLanguage":"sv-SE","@id":"https:\/\/vmsport.fi\/verkkokauppa\/varaosat\/voimansiirto\/kampisarjat\/kampisarja-9-v-tripla-175mm-44-32-22t-altus-fyrkant-123mm\/#primaryimage","url":"https:\/\/vmsport.fi\/wp-content\/uploads\/2025\/03\/oyFrR4rSImDgnDJIzNhWsErXdM2ZApbRbNC9nEcCrl3L2wyBJU-1.jpg","contentUrl":"https:\/\/vmsport.fi\/wp-content\/uploads\/2025\/03\/oyFrR4rSImDgnDJIzNhWsErXdM2ZApbRbNC9nEcCrl3L2wyBJU-1.jpg","width":600,"height":600,"caption":"oyFrR4rSImDgnDJIzNhWsErXdM2ZApbRbNC9nEcCrl3L2wyBJU"},{"@type":"BreadcrumbList","@id":"https:\/\/vmsport.fi\/verkkokauppa\/varaosat\/voimansiirto\/kampisarjat\/kampisarja-9-v-tripla-175mm-44-32-22t-altus-fyrkant-123mm\/#breadcrumb","itemListElement":[{"@type":"ListItem","position":1,"name":"Etusivu","item":"https:\/\/vmsport.fi\/"},{"@type":"ListItem","position":2,"name":"Online Store","item":"https:\/\/vmsport.fi\/en\/online-store\/"},{"@type":"ListItem","position":3,"name":"Kampisarja 9-v tripla 175mm 44\/32\/22T Altus fyrkant 123mm"}]},{"@type":"WebSite","@id":"https:\/\/vmsport.fi\/#website","url":"https:\/\/vmsport.fi\/","name":"Vmsport","description":"Allt p\u00e5 ett st\u00e4lle f\u00f6r cykling","publisher":{"@id":"https:\/\/vmsport.fi\/#organization"},"potentialAction":[{"@type":"SearchAction","target":{"@type":"EntryPoint","urlTemplate":"https:\/\/vmsport.fi\/?s={search_term_string}"},"query-input":{"@type":"PropertyValueSpecification","valueRequired":true,"valueName":"search_term_string"}}],"inLanguage":"sv-SE"},{"@type":"Organization","@id":"https:\/\/vmsport.fi\/#organization","name":"Vmsport","url":"https:\/\/vmsport.fi\/","logo":{"@type":"ImageObject","inLanguage":"sv-SE","@id":"https:\/\/vmsport.fi\/#\/schema\/logo\/image\/","url":"https:\/\/vmsport.fi\/wp-content\/uploads\/2024\/12\/vm_sport_RGB_horisontal-e1734526017575.png","contentUrl":"https:\/\/vmsport.fi\/wp-content\/uploads\/2024\/12\/vm_sport_RGB_horisontal-e1734526017575.png","width":668,"height":85,"caption":"Vmsport"},"image":{"@id":"https:\/\/vmsport.fi\/#\/schema\/logo\/image\/"},"sameAs":["https:\/\/www.facebook.com\/Vmsport.fi\/","https:\/\/www.instagram.com\/vmsport\/"]}]}},"global_unique_id":"","_links":{"self":[{"href":"https:\/\/vmsport.fi\/sv\/wp-json\/wp\/v2\/product\/52779","targetHints":{"allow":["GET"]}}],"collection":[{"href":"https:\/\/vmsport.fi\/sv\/wp-json\/wp\/v2\/product"}],"about":[{"href":"https:\/\/vmsport.fi\/sv\/wp-json\/wp\/v2\/types\/product"}],"replies":[{"embeddable":true,"href":"https:\/\/vmsport.fi\/sv\/wp-json\/wp\/v2\/comments?post=52779"}],"wp:featuredmedia":[{"embeddable":true,"href":"https:\/\/vmsport.fi\/sv\/wp-json\/wp\/v2\/media\/52778"}],"wp:attachment":[{"href":"https:\/\/vmsport.fi\/sv\/wp-json\/wp\/v2\/media?parent=52779"}],"wp:term":[{"taxonomy":"product_brand","embeddable":true,"href":"https:\/\/vmsport.fi\/sv\/wp-json\/wp\/v2\/product_brand?post=52779"},{"taxonomy":"product_model","embeddable":true,"href":"https:\/\/vmsport.fi\/sv\/wp-json\/wp\/v2\/product_model?post=52779"},{"taxonomy":"product_cat","embeddable":true,"href":"https:\/\/vmsport.fi\/sv\/wp-json\/wp\/v2\/product_cat?post=52779"},{"taxonomy":"product_tag","embeddable":true,"href":"https:\/\/vmsport.fi\/sv\/wp-json\/wp\/v2\/product_tag?post=52779"},{"taxonomy":"industry_terminology","embeddable":true,"href":"https:\/\/vmsport.fi\/sv\/wp-json\/wp\/v2\/industry-terminology?post=52779"}],"curies":[{"name":"wp","href":"https:\/\/api.w.org\/{rel}","templated":true}]}}