{"id":52775,"date":"2025-03-05T23:33:51","date_gmt":"2025-03-05T21:33:51","guid":{"rendered":"https:\/\/vmsport.fi\/verkkokauppa\/Ei-luokiteltu\/roeckl-tallin-trigger-pyorailyhanska\/"},"modified":"2026-03-05T10:05:36","modified_gmt":"2026-03-05T08:05:36","slug":"roeckl-tallin-trigger-pyorail-handske","status":"publish","type":"product","link":"https:\/\/vmsport.fi\/sv\/verkkokauppa\/ajovarusteet\/vaatteet\/pyorailyhanskat\/roeckl-tallin-trigger-pyorailyhanska\/","title":{"rendered":"Roeckl Tallin Trigger cykelhandske"},"content":{"rendered":"<p>Roecklin Tallin Trigger cykelhandske ger utm\u00e4rkt skydd mot kallt v\u00e4der och s\u00e4kerst\u00e4ller en bekv\u00e4m cykelupplevelse. Det andningsbara och vindt\u00e4ta materialet h\u00e5ller h\u00e4nderna varma medan trefingerdesignen ger b\u00e4ttre greppkontroll. Den mjuka och flexibla konstruktionen g\u00f6r handsken anpassningsbar och l\u00e4tt att anv\u00e4nda i alla situationer. Den h\u00e4r handsken \u00e4r s\u00e4rskilt utformad f\u00f6r vintercykling och kombinerar stil och funktionalitet f\u00f6r att passa m\u00e5nga olika cykelbehov och kommer inte att svika dig i utmanande v\u00e4derf\u00f6rh\u00e5llanden.<\/p>","protected":false},"excerpt":{"rendered":"<p>Roecklin Tallin Trigger -py\u00f6r\u00e4ilyhanska tarjoaa erinomaisen suojan kylm\u00e4\u00e4 s\u00e4\u00e4t\u00e4 vastaan, varmistaen miellytt\u00e4v\u00e4n ajokokemuksen. Hengitt\u00e4v\u00e4 ja tuulenpit\u00e4v\u00e4 materiaali pit\u00e4\u00e4 k\u00e4det l\u00e4mpimin\u00e4 samalla, kun kolmisormimuotoilu parantaa otteen hallintaa. Pehme\u00e4 ja joustava rakenne tekee hanskasta mukautuvan ja helppok\u00e4ytt\u00f6isen kaikissa tilanteissa. T\u00e4m\u00e4 hanska on suunniteltu erityisesti talvipy\u00f6r\u00e4ilyyn ja yhdist\u00e4\u00e4 tyylikkyyden ja toiminnallisuuden, sopien monenlaisiin py\u00f6r\u00e4ilytarpeisiin eik\u00e4 pet\u00e4 k\u00e4ytt\u00e4j\u00e4\u00e4ns\u00e4 haastavissakaan [&#8230;]<\/p>\n<p><a class=\"btn btn-secondary understrap-read-more-link\" href=\"https:\/\/vmsport.fi\/sv\/verkkokauppa\/ajovarusteet\/vaatteet\/pyorailyhanskat\/roeckl-tallin-trigger-pyorailyhanska\/\">L\u00e4s mer \u2026<span class=\"screen-reader-text\"> from Roeckl Tallin Trigger py\u00f6r\u00e4ilyhanska<\/span><\/a><\/p>\n","protected":false},"featured_media":52773,"comment_status":"open","ping_status":"closed","template":"","meta":{"_acf_changed":false,"_improvement_type_select":"improve_an_existing","_thumb_yes_seoaic":false,"_frame_yes_seoaic":false,"seoaic_generate_description":"","seoaic_improve_instructions_prompt":"","seoaic_rollback_content_improvement":"","seoaic_idea_thumbnail_generator":"","thumbnail_generated":false,"thumbnail_generate_prompt":"","seoaic_article_description":"","_supplier_stock_quantity":0},"product_brand":[],"product_model":[],"product_cat":[9454],"product_tag":[],"industry-terminology":[],"class_list":{"0":"post-52775","1":"product","2":"type-product","3":"status-publish","4":"has-post-thumbnail","6":"product_cat-pyorailyhanskat","8":"first","9":"instock","10":"sale","11":"taxable","12":"shipping-taxable","13":"purchasable","14":"product-type-variable"},"acf":{"bike_features":null,"overview":{"copy_overview":null,"key_features":null,"statement":"","youtube_url":""}},"yoast_head":"<!-- This site is optimized with the Yoast SEO plugin v27.3 - https:\/\/yoast.com\/product\/yoast-seo-wordpress\/ -->\n<title>Roeckl Tallin Trigger py\u00f6r\u00e4ilyhanska - VM Sport<\/title>\n<meta name=\"robots\" content=\"index, follow, max-snippet:-1, max-image-preview:large, max-video-preview:-1\" \/>\n<link rel=\"canonical\" href=\"https:\/\/vmsport.fi\/sv\/webbutik\/korutrustning\/klader\/pyorailhandskar\/roeckl-tallin-trigger-pyorail-handske\/\" \/>\n<meta property=\"og:locale\" content=\"sv_SE\" \/>\n<meta property=\"og:type\" content=\"article\" \/>\n<meta property=\"og:title\" content=\"Roeckl Tallin Trigger py\u00f6r\u00e4ilyhanska - VM Sport\" \/>\n<meta property=\"og:description\" content=\"Roecklin Tallin Trigger -py\u00f6r\u00e4ilyhanska tarjoaa erinomaisen suojan kylm\u00e4\u00e4 s\u00e4\u00e4t\u00e4 vastaan, varmistaen miellytt\u00e4v\u00e4n ajokokemuksen. Hengitt\u00e4v\u00e4 ja tuulenpit\u00e4v\u00e4 materiaali pit\u00e4\u00e4 k\u00e4det l\u00e4mpimin\u00e4 samalla, kun kolmisormimuotoilu parantaa otteen hallintaa. Pehme\u00e4 ja joustava rakenne tekee hanskasta mukautuvan ja helppok\u00e4ytt\u00f6isen kaikissa tilanteissa. T\u00e4m\u00e4 hanska on suunniteltu erityisesti talvipy\u00f6r\u00e4ilyyn ja yhdist\u00e4\u00e4 tyylikkyyden ja toiminnallisuuden, sopien monenlaisiin py\u00f6r\u00e4ilytarpeisiin eik\u00e4 pet\u00e4 k\u00e4ytt\u00e4j\u00e4\u00e4ns\u00e4 haastavissakaan [...]L\u00e4s mer \u2026 from Roeckl Tallin Trigger py\u00f6r\u00e4ilyhanska\" \/>\n<meta property=\"og:url\" content=\"https:\/\/vmsport.fi\/sv\/webbutik\/korutrustning\/klader\/pyorailhandskar\/roeckl-tallin-trigger-pyorail-handske\/\" \/>\n<meta property=\"og:site_name\" content=\"VM Sport\" \/>\n<meta property=\"article:publisher\" content=\"https:\/\/www.facebook.com\/Vmsport.fi\/\" \/>\n<meta property=\"article:modified_time\" content=\"2026-03-05T08:05:36+00:00\" \/>\n<meta property=\"og:image\" content=\"https:\/\/vmsport.fi\/wp-content\/uploads\/2025\/03\/279227007-e-tallin-trigger-roeckl-1.jpg\" \/>\n\t<meta property=\"og:image:width\" content=\"600\" \/>\n\t<meta property=\"og:image:height\" content=\"600\" \/>\n\t<meta property=\"og:image:type\" content=\"image\/jpeg\" \/>\n<meta name=\"twitter:card\" content=\"summary_large_image\" \/>\n<script type=\"application\/ld+json\" class=\"yoast-schema-graph\">{\"@context\":\"https:\\\/\\\/schema.org\",\"@graph\":[{\"@type\":[\"WebPage\",\"ItemPage\"],\"@id\":\"https:\\\/\\\/vmsport.fi\\\/verkkokauppa\\\/ajovarusteet\\\/vaatteet\\\/pyorailyhanskat\\\/roeckl-tallin-trigger-pyorailyhanska\\\/\",\"url\":\"https:\\\/\\\/vmsport.fi\\\/verkkokauppa\\\/ajovarusteet\\\/vaatteet\\\/pyorailyhanskat\\\/roeckl-tallin-trigger-pyorailyhanska\\\/\",\"name\":\"Roeckl Tallin Trigger py\u00f6r\u00e4ilyhanska - VM Sport\",\"isPartOf\":{\"@id\":\"https:\\\/\\\/vmsport.fi\\\/#website\"},\"primaryImageOfPage\":{\"@id\":\"https:\\\/\\\/vmsport.fi\\\/verkkokauppa\\\/ajovarusteet\\\/vaatteet\\\/pyorailyhanskat\\\/roeckl-tallin-trigger-pyorailyhanska\\\/#primaryimage\"},\"image\":{\"@id\":\"https:\\\/\\\/vmsport.fi\\\/verkkokauppa\\\/ajovarusteet\\\/vaatteet\\\/pyorailyhanskat\\\/roeckl-tallin-trigger-pyorailyhanska\\\/#primaryimage\"},\"thumbnailUrl\":\"https:\\\/\\\/vmsport.fi\\\/wp-content\\\/uploads\\\/2025\\\/03\\\/279227007-e-tallin-trigger-roeckl-1.jpg\",\"datePublished\":\"2025-03-05T21:33:51+00:00\",\"dateModified\":\"2026-03-05T08:05:36+00:00\",\"breadcrumb\":{\"@id\":\"https:\\\/\\\/vmsport.fi\\\/verkkokauppa\\\/ajovarusteet\\\/vaatteet\\\/pyorailyhanskat\\\/roeckl-tallin-trigger-pyorailyhanska\\\/#breadcrumb\"},\"inLanguage\":\"sv-SE\",\"potentialAction\":[{\"@type\":\"ReadAction\",\"target\":[\"https:\\\/\\\/vmsport.fi\\\/verkkokauppa\\\/ajovarusteet\\\/vaatteet\\\/pyorailyhanskat\\\/roeckl-tallin-trigger-pyorailyhanska\\\/\"]}]},{\"@type\":\"ImageObject\",\"inLanguage\":\"sv-SE\",\"@id\":\"https:\\\/\\\/vmsport.fi\\\/verkkokauppa\\\/ajovarusteet\\\/vaatteet\\\/pyorailyhanskat\\\/roeckl-tallin-trigger-pyorailyhanska\\\/#primaryimage\",\"url\":\"https:\\\/\\\/vmsport.fi\\\/wp-content\\\/uploads\\\/2025\\\/03\\\/279227007-e-tallin-trigger-roeckl-1.jpg\",\"contentUrl\":\"https:\\\/\\\/vmsport.fi\\\/wp-content\\\/uploads\\\/2025\\\/03\\\/279227007-e-tallin-trigger-roeckl-1.jpg\",\"width\":600,\"height\":600,\"caption\":\"279227007-e-tallin-trigger-roeckl\"},{\"@type\":\"BreadcrumbList\",\"@id\":\"https:\\\/\\\/vmsport.fi\\\/verkkokauppa\\\/ajovarusteet\\\/vaatteet\\\/pyorailyhanskat\\\/roeckl-tallin-trigger-pyorailyhanska\\\/#breadcrumb\",\"itemListElement\":[{\"@type\":\"ListItem\",\"position\":1,\"name\":\"Etusivu\",\"item\":\"https:\\\/\\\/vmsport.fi\\\/\"},{\"@type\":\"ListItem\",\"position\":2,\"name\":\"Online Store\",\"item\":\"https:\\\/\\\/vmsport.fi\\\/en\\\/online-store\\\/\"},{\"@type\":\"ListItem\",\"position\":3,\"name\":\"Roeckl Tallin Trigger py\u00f6r\u00e4ilyhanska\"}]},{\"@type\":\"WebSite\",\"@id\":\"https:\\\/\\\/vmsport.fi\\\/#website\",\"url\":\"https:\\\/\\\/vmsport.fi\\\/\",\"name\":\"Vmsport\",\"description\":\"Kaikki py\u00f6r\u00e4ilyyn yhdest\u00e4 paikasta\",\"publisher\":{\"@id\":\"https:\\\/\\\/vmsport.fi\\\/#organization\"},\"potentialAction\":[{\"@type\":\"SearchAction\",\"target\":{\"@type\":\"EntryPoint\",\"urlTemplate\":\"https:\\\/\\\/vmsport.fi\\\/?s={search_term_string}\"},\"query-input\":{\"@type\":\"PropertyValueSpecification\",\"valueRequired\":true,\"valueName\":\"search_term_string\"}}],\"inLanguage\":\"sv-SE\"},{\"@type\":\"Organization\",\"@id\":\"https:\\\/\\\/vmsport.fi\\\/#organization\",\"name\":\"Vmsport\",\"url\":\"https:\\\/\\\/vmsport.fi\\\/\",\"logo\":{\"@type\":\"ImageObject\",\"inLanguage\":\"sv-SE\",\"@id\":\"https:\\\/\\\/vmsport.fi\\\/#\\\/schema\\\/logo\\\/image\\\/\",\"url\":\"https:\\\/\\\/vmsport.fi\\\/wp-content\\\/uploads\\\/2024\\\/12\\\/vm_sport_RGB_horisontal-e1734526017575.png\",\"contentUrl\":\"https:\\\/\\\/vmsport.fi\\\/wp-content\\\/uploads\\\/2024\\\/12\\\/vm_sport_RGB_horisontal-e1734526017575.png\",\"width\":668,\"height\":85,\"caption\":\"Vmsport\"},\"image\":{\"@id\":\"https:\\\/\\\/vmsport.fi\\\/#\\\/schema\\\/logo\\\/image\\\/\"},\"sameAs\":[\"https:\\\/\\\/www.facebook.com\\\/Vmsport.fi\\\/\",\"https:\\\/\\\/www.instagram.com\\\/vmsport\\\/\"]}]}<\/script>\n<!-- \/ Yoast SEO plugin. -->","yoast_head_json":{"title":"Roeckl Tallin Trigger cykelhandske - VM Sport","robots":{"index":"index","follow":"follow","max-snippet":"max-snippet:-1","max-image-preview":"max-image-preview:large","max-video-preview":"max-video-preview:-1"},"canonical":"https:\/\/vmsport.fi\/sv\/webbutik\/korutrustning\/klader\/pyorailhandskar\/roeckl-tallin-trigger-pyorail-handske\/","og_locale":"sv_SE","og_type":"article","og_title":"Roeckl Tallin Trigger py\u00f6r\u00e4ilyhanska - VM Sport","og_description":"Roecklin Tallin Trigger -py\u00f6r\u00e4ilyhanska tarjoaa erinomaisen suojan kylm\u00e4\u00e4 s\u00e4\u00e4t\u00e4 vastaan, varmistaen miellytt\u00e4v\u00e4n ajokokemuksen. Hengitt\u00e4v\u00e4 ja tuulenpit\u00e4v\u00e4 materiaali pit\u00e4\u00e4 k\u00e4det l\u00e4mpimin\u00e4 samalla, kun kolmisormimuotoilu parantaa otteen hallintaa. Pehme\u00e4 ja joustava rakenne tekee hanskasta mukautuvan ja helppok\u00e4ytt\u00f6isen kaikissa tilanteissa. T\u00e4m\u00e4 hanska on suunniteltu erityisesti talvipy\u00f6r\u00e4ilyyn ja yhdist\u00e4\u00e4 tyylikkyyden ja toiminnallisuuden, sopien monenlaisiin py\u00f6r\u00e4ilytarpeisiin eik\u00e4 pet\u00e4 k\u00e4ytt\u00e4j\u00e4\u00e4ns\u00e4 haastavissakaan [...]L\u00e4s mer \u2026 from Roeckl Tallin Trigger py\u00f6r\u00e4ilyhanska","og_url":"https:\/\/vmsport.fi\/sv\/webbutik\/korutrustning\/klader\/pyorailhandskar\/roeckl-tallin-trigger-pyorail-handske\/","og_site_name":"VM Sport","article_publisher":"https:\/\/www.facebook.com\/Vmsport.fi\/","article_modified_time":"2026-03-05T08:05:36+00:00","og_image":[{"width":600,"height":600,"url":"https:\/\/vmsport.fi\/wp-content\/uploads\/2025\/03\/279227007-e-tallin-trigger-roeckl-1.jpg","type":"image\/jpeg"}],"twitter_card":"summary_large_image","schema":{"@context":"https:\/\/schema.org","@graph":[{"@type":["WebPage","ItemPage"],"@id":"https:\/\/vmsport.fi\/verkkokauppa\/ajovarusteet\/vaatteet\/pyorailyhanskat\/roeckl-tallin-trigger-pyorailyhanska\/","url":"https:\/\/vmsport.fi\/verkkokauppa\/ajovarusteet\/vaatteet\/pyorailyhanskat\/roeckl-tallin-trigger-pyorailyhanska\/","name":"Roeckl Tallin Trigger cykelhandske - VM Sport","isPartOf":{"@id":"https:\/\/vmsport.fi\/#website"},"primaryImageOfPage":{"@id":"https:\/\/vmsport.fi\/verkkokauppa\/ajovarusteet\/vaatteet\/pyorailyhanskat\/roeckl-tallin-trigger-pyorailyhanska\/#primaryimage"},"image":{"@id":"https:\/\/vmsport.fi\/verkkokauppa\/ajovarusteet\/vaatteet\/pyorailyhanskat\/roeckl-tallin-trigger-pyorailyhanska\/#primaryimage"},"thumbnailUrl":"https:\/\/vmsport.fi\/wp-content\/uploads\/2025\/03\/279227007-e-tallin-trigger-roeckl-1.jpg","datePublished":"2025-03-05T21:33:51+00:00","dateModified":"2026-03-05T08:05:36+00:00","breadcrumb":{"@id":"https:\/\/vmsport.fi\/verkkokauppa\/ajovarusteet\/vaatteet\/pyorailyhanskat\/roeckl-tallin-trigger-pyorailyhanska\/#breadcrumb"},"inLanguage":"sv-SE","potentialAction":[{"@type":"ReadAction","target":["https:\/\/vmsport.fi\/verkkokauppa\/ajovarusteet\/vaatteet\/pyorailyhanskat\/roeckl-tallin-trigger-pyorailyhanska\/"]}]},{"@type":"ImageObject","inLanguage":"sv-SE","@id":"https:\/\/vmsport.fi\/verkkokauppa\/ajovarusteet\/vaatteet\/pyorailyhanskat\/roeckl-tallin-trigger-pyorailyhanska\/#primaryimage","url":"https:\/\/vmsport.fi\/wp-content\/uploads\/2025\/03\/279227007-e-tallin-trigger-roeckl-1.jpg","contentUrl":"https:\/\/vmsport.fi\/wp-content\/uploads\/2025\/03\/279227007-e-tallin-trigger-roeckl-1.jpg","width":600,"height":600,"caption":"279227007-e-tallin-trigger-roeckl"},{"@type":"BreadcrumbList","@id":"https:\/\/vmsport.fi\/verkkokauppa\/ajovarusteet\/vaatteet\/pyorailyhanskat\/roeckl-tallin-trigger-pyorailyhanska\/#breadcrumb","itemListElement":[{"@type":"ListItem","position":1,"name":"Etusivu","item":"https:\/\/vmsport.fi\/"},{"@type":"ListItem","position":2,"name":"Online Store","item":"https:\/\/vmsport.fi\/en\/online-store\/"},{"@type":"ListItem","position":3,"name":"Roeckl Tallin Trigger py\u00f6r\u00e4ilyhanska"}]},{"@type":"WebSite","@id":"https:\/\/vmsport.fi\/#website","url":"https:\/\/vmsport.fi\/","name":"Vmsport","description":"Allt p\u00e5 ett st\u00e4lle f\u00f6r cykling","publisher":{"@id":"https:\/\/vmsport.fi\/#organization"},"potentialAction":[{"@type":"SearchAction","target":{"@type":"EntryPoint","urlTemplate":"https:\/\/vmsport.fi\/?s={search_term_string}"},"query-input":{"@type":"PropertyValueSpecification","valueRequired":true,"valueName":"search_term_string"}}],"inLanguage":"sv-SE"},{"@type":"Organization","@id":"https:\/\/vmsport.fi\/#organization","name":"Vmsport","url":"https:\/\/vmsport.fi\/","logo":{"@type":"ImageObject","inLanguage":"sv-SE","@id":"https:\/\/vmsport.fi\/#\/schema\/logo\/image\/","url":"https:\/\/vmsport.fi\/wp-content\/uploads\/2024\/12\/vm_sport_RGB_horisontal-e1734526017575.png","contentUrl":"https:\/\/vmsport.fi\/wp-content\/uploads\/2024\/12\/vm_sport_RGB_horisontal-e1734526017575.png","width":668,"height":85,"caption":"Vmsport"},"image":{"@id":"https:\/\/vmsport.fi\/#\/schema\/logo\/image\/"},"sameAs":["https:\/\/www.facebook.com\/Vmsport.fi\/","https:\/\/www.instagram.com\/vmsport\/"]}]}},"global_unique_id":"","_links":{"self":[{"href":"https:\/\/vmsport.fi\/sv\/wp-json\/wp\/v2\/product\/52775","targetHints":{"allow":["GET"]}}],"collection":[{"href":"https:\/\/vmsport.fi\/sv\/wp-json\/wp\/v2\/product"}],"about":[{"href":"https:\/\/vmsport.fi\/sv\/wp-json\/wp\/v2\/types\/product"}],"replies":[{"embeddable":true,"href":"https:\/\/vmsport.fi\/sv\/wp-json\/wp\/v2\/comments?post=52775"}],"wp:featuredmedia":[{"embeddable":true,"href":"https:\/\/vmsport.fi\/sv\/wp-json\/wp\/v2\/media\/52773"}],"wp:attachment":[{"href":"https:\/\/vmsport.fi\/sv\/wp-json\/wp\/v2\/media?parent=52775"}],"wp:term":[{"taxonomy":"product_brand","embeddable":true,"href":"https:\/\/vmsport.fi\/sv\/wp-json\/wp\/v2\/product_brand?post=52775"},{"taxonomy":"product_model","embeddable":true,"href":"https:\/\/vmsport.fi\/sv\/wp-json\/wp\/v2\/product_model?post=52775"},{"taxonomy":"product_cat","embeddable":true,"href":"https:\/\/vmsport.fi\/sv\/wp-json\/wp\/v2\/product_cat?post=52775"},{"taxonomy":"product_tag","embeddable":true,"href":"https:\/\/vmsport.fi\/sv\/wp-json\/wp\/v2\/product_tag?post=52775"},{"taxonomy":"industry_terminology","embeddable":true,"href":"https:\/\/vmsport.fi\/sv\/wp-json\/wp\/v2\/industry-terminology?post=52775"}],"curies":[{"name":"wp","href":"https:\/\/api.w.org\/{rel}","templated":true}]}}