{"id":52772,"date":"2025-03-05T23:33:50","date_gmt":"2025-03-05T21:33:50","guid":{"rendered":"https:\/\/vmsport.fi\/verkkokauppa\/Ei-luokiteltu\/ohjainlaakerisarja-neco-1-1-8\/"},"modified":"2026-01-16T13:21:35","modified_gmt":"2026-01-16T11:21:35","slug":"styrlageruppsattning-neco-1-1-8","status":"publish","type":"product","link":"https:\/\/vmsport.fi\/sv\/verkkokauppa\/varaosat\/ohjaamo\/ohjainlaakerit-ja-osat\/ohjainlaakerisarja-neco-1-1-8\/","title":{"rendered":"Styrlagersats NECO 1 1\/8\u2033"},"content":{"rendered":"<p>NECO 1 1\/8\u2033 styrlagerupps\u00e4ttning erbjuder en p\u00e5litlig och h\u00e5llbar l\u00f6sning f\u00f6r hjulstyrning. Lagersatsen kombinerar h\u00f6gkvalitativa komponenter f\u00f6r att s\u00e4kerst\u00e4lla en j\u00e4mn och tillf\u00f6rlitlig styrning. De noggrant utformade delarna \u00e4r speciellt tillverkade f\u00f6r att st\u00f6dja 1 1\/8\" halsr\u00f6ret, vilket g\u00f6r installationen enkel. H\u00f6gkvalitativa lager ger l\u00e5ng livsl\u00e4ngd och j\u00e4mn prestanda, vilket minskar underh\u00e5llet och f\u00f6rb\u00e4ttrar k\u00f6rkomforten.<\/p>","protected":false},"excerpt":{"rendered":"<p>NECO 1 1\/8&#8243; ohjainlaakerisarja tarjoaa luotettavan ja kest\u00e4v\u00e4n ratkaisun py\u00f6r\u00e4n ohjaukseen. T\u00e4m\u00e4 laakerisarja yhdist\u00e4\u00e4 korkealaatuiset komponentit, jotka takaavat sulavan ja varman ohjauksen. Tarkasti suunnitellut osat on valmistettu erityisesti tukemaan 1 1\/8 tuuman kaulaputkea, jolloin asennus on helppoa. Laadukkaat laakerit varmistavat pitk\u00e4ik\u00e4isyyden ja tasaisen suorituskyvyn, v\u00e4hent\u00e4en huoltotarvetta ja parantaen ajomukavuutta. [&#8230;]<\/p>\n<p><a class=\"btn btn-secondary understrap-read-more-link\" href=\"https:\/\/vmsport.fi\/sv\/verkkokauppa\/varaosat\/ohjaamo\/ohjainlaakerit-ja-osat\/ohjainlaakerisarja-neco-1-1-8\/\">L\u00e4s mer \u2026<span class=\"screen-reader-text\"> from Ohjainlaakerisarja NECO 1 1\/8&#8243;<\/span><\/a><\/p>\n","protected":false},"featured_media":52771,"comment_status":"open","ping_status":"closed","template":"","meta":{"_acf_changed":false,"_improvement_type_select":"improve_an_existing","_thumb_yes_seoaic":false,"_frame_yes_seoaic":false,"seoaic_generate_description":"","seoaic_improve_instructions_prompt":"","seoaic_rollback_content_improvement":"","seoaic_idea_thumbnail_generator":"","thumbnail_generated":false,"thumbnail_generate_prompt":"","seoaic_article_description":"","_supplier_stock_quantity":0},"product_brand":[],"product_model":[],"product_cat":[9492],"product_tag":[],"industry-terminology":[],"class_list":{"0":"post-52772","1":"product","2":"type-product","3":"status-publish","4":"has-post-thumbnail","6":"product_cat-ohjainlaakerit-ja-osat","8":"first","9":"instock","10":"taxable","11":"shipping-taxable","12":"purchasable","13":"product-type-simple"},"acf":{"bike_features":null,"overview":{"copy_overview":null,"key_features":null,"statement":"","youtube_url":""}},"yoast_head":"<!-- This site is optimized with the Yoast SEO plugin v27.3 - https:\/\/yoast.com\/product\/yoast-seo-wordpress\/ -->\n<title>Ohjainlaakerisarja NECO 1 1\/8&quot; - VM Sport<\/title>\n<meta name=\"robots\" content=\"index, follow, max-snippet:-1, max-image-preview:large, max-video-preview:-1\" \/>\n<link rel=\"canonical\" href=\"https:\/\/vmsport.fi\/sv\/webbutik\/reservdelar\/taxi\/styrlager-och-delar\/styrlageruppsattning-neco-1-1-8\/\" \/>\n<meta property=\"og:locale\" content=\"sv_SE\" \/>\n<meta property=\"og:type\" content=\"article\" \/>\n<meta property=\"og:title\" content=\"Ohjainlaakerisarja NECO 1 1\/8&quot; - VM Sport\" \/>\n<meta property=\"og:description\" content=\"NECO 1 1\/8&#8243; ohjainlaakerisarja tarjoaa luotettavan ja kest\u00e4v\u00e4n ratkaisun py\u00f6r\u00e4n ohjaukseen. T\u00e4m\u00e4 laakerisarja yhdist\u00e4\u00e4 korkealaatuiset komponentit, jotka takaavat sulavan ja varman ohjauksen. Tarkasti suunnitellut osat on valmistettu erityisesti tukemaan 1 1\/8 tuuman kaulaputkea, jolloin asennus on helppoa. Laadukkaat laakerit varmistavat pitk\u00e4ik\u00e4isyyden ja tasaisen suorituskyvyn, v\u00e4hent\u00e4en huoltotarvetta ja parantaen ajomukavuutta. [...]L\u00e4s mer \u2026 from Ohjainlaakerisarja NECO 1 1\/8&#8243;\" \/>\n<meta property=\"og:url\" content=\"https:\/\/vmsport.fi\/sv\/webbutik\/reservdelar\/taxi\/styrlager-och-delar\/styrlageruppsattning-neco-1-1-8\/\" \/>\n<meta property=\"og:site_name\" content=\"VM Sport\" \/>\n<meta property=\"article:publisher\" content=\"https:\/\/www.facebook.com\/Vmsport.fi\/\" \/>\n<meta property=\"article:modified_time\" content=\"2026-01-16T11:21:35+00:00\" \/>\n<meta property=\"og:image\" content=\"https:\/\/vmsport.fi\/wp-content\/uploads\/2025\/03\/60755-1.jpg\" \/>\n\t<meta property=\"og:image:width\" content=\"800\" \/>\n\t<meta property=\"og:image:height\" content=\"800\" \/>\n\t<meta property=\"og:image:type\" content=\"image\/jpeg\" \/>\n<meta name=\"twitter:card\" content=\"summary_large_image\" \/>\n<script type=\"application\/ld+json\" class=\"yoast-schema-graph\">{\"@context\":\"https:\\\/\\\/schema.org\",\"@graph\":[{\"@type\":[\"WebPage\",\"ItemPage\"],\"@id\":\"https:\\\/\\\/vmsport.fi\\\/verkkokauppa\\\/varaosat\\\/ohjaamo\\\/ohjainlaakerit-ja-osat\\\/ohjainlaakerisarja-neco-1-1-8\\\/\",\"url\":\"https:\\\/\\\/vmsport.fi\\\/verkkokauppa\\\/varaosat\\\/ohjaamo\\\/ohjainlaakerit-ja-osat\\\/ohjainlaakerisarja-neco-1-1-8\\\/\",\"name\":\"Ohjainlaakerisarja NECO 1 1\\\/8\\\" - VM Sport\",\"isPartOf\":{\"@id\":\"https:\\\/\\\/vmsport.fi\\\/#website\"},\"primaryImageOfPage\":{\"@id\":\"https:\\\/\\\/vmsport.fi\\\/verkkokauppa\\\/varaosat\\\/ohjaamo\\\/ohjainlaakerit-ja-osat\\\/ohjainlaakerisarja-neco-1-1-8\\\/#primaryimage\"},\"image\":{\"@id\":\"https:\\\/\\\/vmsport.fi\\\/verkkokauppa\\\/varaosat\\\/ohjaamo\\\/ohjainlaakerit-ja-osat\\\/ohjainlaakerisarja-neco-1-1-8\\\/#primaryimage\"},\"thumbnailUrl\":\"https:\\\/\\\/vmsport.fi\\\/wp-content\\\/uploads\\\/2025\\\/03\\\/60755-1.jpg\",\"datePublished\":\"2025-03-05T21:33:50+00:00\",\"dateModified\":\"2026-01-16T11:21:35+00:00\",\"breadcrumb\":{\"@id\":\"https:\\\/\\\/vmsport.fi\\\/verkkokauppa\\\/varaosat\\\/ohjaamo\\\/ohjainlaakerit-ja-osat\\\/ohjainlaakerisarja-neco-1-1-8\\\/#breadcrumb\"},\"inLanguage\":\"sv-SE\",\"potentialAction\":[{\"@type\":\"ReadAction\",\"target\":[\"https:\\\/\\\/vmsport.fi\\\/verkkokauppa\\\/varaosat\\\/ohjaamo\\\/ohjainlaakerit-ja-osat\\\/ohjainlaakerisarja-neco-1-1-8\\\/\"]}]},{\"@type\":\"ImageObject\",\"inLanguage\":\"sv-SE\",\"@id\":\"https:\\\/\\\/vmsport.fi\\\/verkkokauppa\\\/varaosat\\\/ohjaamo\\\/ohjainlaakerit-ja-osat\\\/ohjainlaakerisarja-neco-1-1-8\\\/#primaryimage\",\"url\":\"https:\\\/\\\/vmsport.fi\\\/wp-content\\\/uploads\\\/2025\\\/03\\\/60755-1.jpg\",\"contentUrl\":\"https:\\\/\\\/vmsport.fi\\\/wp-content\\\/uploads\\\/2025\\\/03\\\/60755-1.jpg\",\"width\":800,\"height\":800,\"caption\":\"60755\"},{\"@type\":\"BreadcrumbList\",\"@id\":\"https:\\\/\\\/vmsport.fi\\\/verkkokauppa\\\/varaosat\\\/ohjaamo\\\/ohjainlaakerit-ja-osat\\\/ohjainlaakerisarja-neco-1-1-8\\\/#breadcrumb\",\"itemListElement\":[{\"@type\":\"ListItem\",\"position\":1,\"name\":\"Etusivu\",\"item\":\"https:\\\/\\\/vmsport.fi\\\/\"},{\"@type\":\"ListItem\",\"position\":2,\"name\":\"Online Store\",\"item\":\"https:\\\/\\\/vmsport.fi\\\/en\\\/online-store\\\/\"},{\"@type\":\"ListItem\",\"position\":3,\"name\":\"Ohjainlaakerisarja NECO 1 1\\\/8&#8243;\"}]},{\"@type\":\"WebSite\",\"@id\":\"https:\\\/\\\/vmsport.fi\\\/#website\",\"url\":\"https:\\\/\\\/vmsport.fi\\\/\",\"name\":\"Vmsport\",\"description\":\"Kaikki py\u00f6r\u00e4ilyyn yhdest\u00e4 paikasta\",\"publisher\":{\"@id\":\"https:\\\/\\\/vmsport.fi\\\/#organization\"},\"potentialAction\":[{\"@type\":\"SearchAction\",\"target\":{\"@type\":\"EntryPoint\",\"urlTemplate\":\"https:\\\/\\\/vmsport.fi\\\/?s={search_term_string}\"},\"query-input\":{\"@type\":\"PropertyValueSpecification\",\"valueRequired\":true,\"valueName\":\"search_term_string\"}}],\"inLanguage\":\"sv-SE\"},{\"@type\":\"Organization\",\"@id\":\"https:\\\/\\\/vmsport.fi\\\/#organization\",\"name\":\"Vmsport\",\"url\":\"https:\\\/\\\/vmsport.fi\\\/\",\"logo\":{\"@type\":\"ImageObject\",\"inLanguage\":\"sv-SE\",\"@id\":\"https:\\\/\\\/vmsport.fi\\\/#\\\/schema\\\/logo\\\/image\\\/\",\"url\":\"https:\\\/\\\/vmsport.fi\\\/wp-content\\\/uploads\\\/2024\\\/12\\\/vm_sport_RGB_horisontal-e1734526017575.png\",\"contentUrl\":\"https:\\\/\\\/vmsport.fi\\\/wp-content\\\/uploads\\\/2024\\\/12\\\/vm_sport_RGB_horisontal-e1734526017575.png\",\"width\":668,\"height\":85,\"caption\":\"Vmsport\"},\"image\":{\"@id\":\"https:\\\/\\\/vmsport.fi\\\/#\\\/schema\\\/logo\\\/image\\\/\"},\"sameAs\":[\"https:\\\/\\\/www.facebook.com\\\/Vmsport.fi\\\/\",\"https:\\\/\\\/www.instagram.com\\\/vmsport\\\/\"]}]}<\/script>\n<!-- \/ Yoast SEO plugin. -->","yoast_head_json":{"title":"NECO 1 1\/8\" styrlagerupps\u00e4ttning - VM Sport","robots":{"index":"index","follow":"follow","max-snippet":"max-snippet:-1","max-image-preview":"max-image-preview:large","max-video-preview":"max-video-preview:-1"},"canonical":"https:\/\/vmsport.fi\/sv\/webbutik\/reservdelar\/taxi\/styrlager-och-delar\/styrlageruppsattning-neco-1-1-8\/","og_locale":"sv_SE","og_type":"article","og_title":"Ohjainlaakerisarja NECO 1 1\/8\" - VM Sport","og_description":"NECO 1 1\/8&#8243; ohjainlaakerisarja tarjoaa luotettavan ja kest\u00e4v\u00e4n ratkaisun py\u00f6r\u00e4n ohjaukseen. T\u00e4m\u00e4 laakerisarja yhdist\u00e4\u00e4 korkealaatuiset komponentit, jotka takaavat sulavan ja varman ohjauksen. Tarkasti suunnitellut osat on valmistettu erityisesti tukemaan 1 1\/8 tuuman kaulaputkea, jolloin asennus on helppoa. Laadukkaat laakerit varmistavat pitk\u00e4ik\u00e4isyyden ja tasaisen suorituskyvyn, v\u00e4hent\u00e4en huoltotarvetta ja parantaen ajomukavuutta. [...]L\u00e4s mer \u2026 from Ohjainlaakerisarja NECO 1 1\/8&#8243;","og_url":"https:\/\/vmsport.fi\/sv\/webbutik\/reservdelar\/taxi\/styrlager-och-delar\/styrlageruppsattning-neco-1-1-8\/","og_site_name":"VM Sport","article_publisher":"https:\/\/www.facebook.com\/Vmsport.fi\/","article_modified_time":"2026-01-16T11:21:35+00:00","og_image":[{"width":800,"height":800,"url":"https:\/\/vmsport.fi\/wp-content\/uploads\/2025\/03\/60755-1.jpg","type":"image\/jpeg"}],"twitter_card":"summary_large_image","schema":{"@context":"https:\/\/schema.org","@graph":[{"@type":["WebPage","ItemPage"],"@id":"https:\/\/vmsport.fi\/verkkokauppa\/varaosat\/ohjaamo\/ohjainlaakerit-ja-osat\/ohjainlaakerisarja-neco-1-1-8\/","url":"https:\/\/vmsport.fi\/verkkokauppa\/varaosat\/ohjaamo\/ohjainlaakerit-ja-osat\/ohjainlaakerisarja-neco-1-1-8\/","name":"NECO 1 1\/8\" styrlagerupps\u00e4ttning - VM Sport","isPartOf":{"@id":"https:\/\/vmsport.fi\/#website"},"primaryImageOfPage":{"@id":"https:\/\/vmsport.fi\/verkkokauppa\/varaosat\/ohjaamo\/ohjainlaakerit-ja-osat\/ohjainlaakerisarja-neco-1-1-8\/#primaryimage"},"image":{"@id":"https:\/\/vmsport.fi\/verkkokauppa\/varaosat\/ohjaamo\/ohjainlaakerit-ja-osat\/ohjainlaakerisarja-neco-1-1-8\/#primaryimage"},"thumbnailUrl":"https:\/\/vmsport.fi\/wp-content\/uploads\/2025\/03\/60755-1.jpg","datePublished":"2025-03-05T21:33:50+00:00","dateModified":"2026-01-16T11:21:35+00:00","breadcrumb":{"@id":"https:\/\/vmsport.fi\/verkkokauppa\/varaosat\/ohjaamo\/ohjainlaakerit-ja-osat\/ohjainlaakerisarja-neco-1-1-8\/#breadcrumb"},"inLanguage":"sv-SE","potentialAction":[{"@type":"ReadAction","target":["https:\/\/vmsport.fi\/verkkokauppa\/varaosat\/ohjaamo\/ohjainlaakerit-ja-osat\/ohjainlaakerisarja-neco-1-1-8\/"]}]},{"@type":"ImageObject","inLanguage":"sv-SE","@id":"https:\/\/vmsport.fi\/verkkokauppa\/varaosat\/ohjaamo\/ohjainlaakerit-ja-osat\/ohjainlaakerisarja-neco-1-1-8\/#primaryimage","url":"https:\/\/vmsport.fi\/wp-content\/uploads\/2025\/03\/60755-1.jpg","contentUrl":"https:\/\/vmsport.fi\/wp-content\/uploads\/2025\/03\/60755-1.jpg","width":800,"height":800,"caption":"60755"},{"@type":"BreadcrumbList","@id":"https:\/\/vmsport.fi\/verkkokauppa\/varaosat\/ohjaamo\/ohjainlaakerit-ja-osat\/ohjainlaakerisarja-neco-1-1-8\/#breadcrumb","itemListElement":[{"@type":"ListItem","position":1,"name":"Etusivu","item":"https:\/\/vmsport.fi\/"},{"@type":"ListItem","position":2,"name":"Online Store","item":"https:\/\/vmsport.fi\/en\/online-store\/"},{"@type":"ListItem","position":3,"name":"Ohjainlaakerisarja NECO 1 1\/8&#8243;"}]},{"@type":"WebSite","@id":"https:\/\/vmsport.fi\/#website","url":"https:\/\/vmsport.fi\/","name":"Vmsport","description":"Allt p\u00e5 ett st\u00e4lle f\u00f6r cykling","publisher":{"@id":"https:\/\/vmsport.fi\/#organization"},"potentialAction":[{"@type":"SearchAction","target":{"@type":"EntryPoint","urlTemplate":"https:\/\/vmsport.fi\/?s={search_term_string}"},"query-input":{"@type":"PropertyValueSpecification","valueRequired":true,"valueName":"search_term_string"}}],"inLanguage":"sv-SE"},{"@type":"Organization","@id":"https:\/\/vmsport.fi\/#organization","name":"Vmsport","url":"https:\/\/vmsport.fi\/","logo":{"@type":"ImageObject","inLanguage":"sv-SE","@id":"https:\/\/vmsport.fi\/#\/schema\/logo\/image\/","url":"https:\/\/vmsport.fi\/wp-content\/uploads\/2024\/12\/vm_sport_RGB_horisontal-e1734526017575.png","contentUrl":"https:\/\/vmsport.fi\/wp-content\/uploads\/2024\/12\/vm_sport_RGB_horisontal-e1734526017575.png","width":668,"height":85,"caption":"Vmsport"},"image":{"@id":"https:\/\/vmsport.fi\/#\/schema\/logo\/image\/"},"sameAs":["https:\/\/www.facebook.com\/Vmsport.fi\/","https:\/\/www.instagram.com\/vmsport\/"]}]}},"global_unique_id":"","_links":{"self":[{"href":"https:\/\/vmsport.fi\/sv\/wp-json\/wp\/v2\/product\/52772","targetHints":{"allow":["GET"]}}],"collection":[{"href":"https:\/\/vmsport.fi\/sv\/wp-json\/wp\/v2\/product"}],"about":[{"href":"https:\/\/vmsport.fi\/sv\/wp-json\/wp\/v2\/types\/product"}],"replies":[{"embeddable":true,"href":"https:\/\/vmsport.fi\/sv\/wp-json\/wp\/v2\/comments?post=52772"}],"wp:featuredmedia":[{"embeddable":true,"href":"https:\/\/vmsport.fi\/sv\/wp-json\/wp\/v2\/media\/52771"}],"wp:attachment":[{"href":"https:\/\/vmsport.fi\/sv\/wp-json\/wp\/v2\/media?parent=52772"}],"wp:term":[{"taxonomy":"product_brand","embeddable":true,"href":"https:\/\/vmsport.fi\/sv\/wp-json\/wp\/v2\/product_brand?post=52772"},{"taxonomy":"product_model","embeddable":true,"href":"https:\/\/vmsport.fi\/sv\/wp-json\/wp\/v2\/product_model?post=52772"},{"taxonomy":"product_cat","embeddable":true,"href":"https:\/\/vmsport.fi\/sv\/wp-json\/wp\/v2\/product_cat?post=52772"},{"taxonomy":"product_tag","embeddable":true,"href":"https:\/\/vmsport.fi\/sv\/wp-json\/wp\/v2\/product_tag?post=52772"},{"taxonomy":"industry_terminology","embeddable":true,"href":"https:\/\/vmsport.fi\/sv\/wp-json\/wp\/v2\/industry-terminology?post=52772"}],"curies":[{"name":"wp","href":"https:\/\/api.w.org\/{rel}","templated":true}]}}