{"id":52770,"date":"2025-03-05T23:33:49","date_gmt":"2025-03-05T21:33:49","guid":{"rendered":"https:\/\/vmsport.fi\/verkkokauppa\/Ei-luokiteltu\/kampisarja-10-v-tupla-175mm-36-26t-fc-m4100-b2-deore\/"},"modified":"2026-04-22T15:07:07","modified_gmt":"2026-04-22T12:07:07","slug":"vevparti-10-v-dubbel-175mm-36-26t-fc-m4100-b2-deore","status":"publish","type":"product","link":"https:\/\/vmsport.fi\/sv\/verkkokauppa\/varaosat\/voimansiirto\/kampisarjat\/kampisarja-10-v-tupla-175mm-36-26t-fc-m4100-b2-deore\/","title":{"rendered":"Vevsats 10 \u00e5r dubbel 175mm 36\/26T FC-M4100-B2 Deore"},"content":{"rendered":"<p>Shimano Deore FC-M4100-B2 vevpartiet \u00e4r utformat f\u00f6r 10-v\u00e4xlade cyklar och erbjuder smidiga och effektiva v\u00e4xlingar. Detta vevparti har en kombination av dubbla kedjehjul, d\u00e4r det st\u00f6rre kedjehjulet har 36 t\u00e4nder och det mindre kedjehjulet har 26 t\u00e4nder. Vevarmens arml\u00e4ngd \u00e4r 175 mm, vilket g\u00f6r den till ett utm\u00e4rkt val f\u00f6r cyklister som vill uppn\u00e5 optimal kraft\u00f6verf\u00f6ring. Det perfekta valet f\u00f6r dem som v\u00e4rdes\u00e4tter tillf\u00f6rlitlighet och prestanda i sin cykel. Kvalitetskomponenterna i Shimano Deore-serien garanterar en smidig k\u00f6rning.<\/p>","protected":false},"excerpt":{"rendered":"<p>Shimano Deore FC-M4100-B2 -kampisarja on suunniteltu 10-vaihteisiin polkupy\u00f6riin, tarjoten sujuvan ja tehokkaan vaihteen vaihdon. T\u00e4m\u00e4 kampisarja sis\u00e4lt\u00e4\u00e4 kaksoisketjupy\u00f6r\u00e4n yhdistelm\u00e4n, jossa isommassa ketjupy\u00f6r\u00e4ss\u00e4 on 36 hammasta ja pienemm\u00e4ss\u00e4 26 hammasta. Kampivarren pituus on 175 mm, mik\u00e4 tekee siit\u00e4 erinomaisen valinnan py\u00f6r\u00e4ilij\u00f6ille, jotka haluavat saavuttaa optimaalisen voimansiirron. T\u00e4ydellinen vaihtoehto niille, jotka arvostavat luotettavuutta ja suorituskyky\u00e4 polkupy\u00f6r\u00e4ss\u00e4\u00e4n. Shimano [&#8230;]<\/p>\n<p><a class=\"btn btn-secondary understrap-read-more-link\" href=\"https:\/\/vmsport.fi\/sv\/verkkokauppa\/varaosat\/voimansiirto\/kampisarjat\/kampisarja-10-v-tupla-175mm-36-26t-fc-m4100-b2-deore\/\">L\u00e4s mer \u2026<span class=\"screen-reader-text\"> from Kampisarja 10-v tupla 175mm 36\/26T FC-M4100-B2 Deore<\/span><\/a><\/p>\n","protected":false},"featured_media":52769,"comment_status":"open","ping_status":"closed","template":"","meta":{"_acf_changed":false,"_improvement_type_select":"improve_an_existing","_thumb_yes_seoaic":false,"_frame_yes_seoaic":false,"seoaic_generate_description":"","seoaic_improve_instructions_prompt":"","seoaic_rollback_content_improvement":"","seoaic_idea_thumbnail_generator":"","thumbnail_generated":false,"thumbnail_generate_prompt":"","seoaic_article_description":"","_supplier_stock_quantity":0},"product_brand":[],"product_model":[],"product_cat":[9346],"product_tag":[],"industry-terminology":[],"class_list":{"0":"post-52770","1":"product","2":"type-product","3":"status-publish","4":"has-post-thumbnail","6":"product_cat-kampisarjat","8":"first","9":"outofstock","10":"taxable","11":"shipping-taxable","12":"product-type-simple"},"acf":{"bike_features":null,"overview":{"copy_overview":null,"key_features":null,"statement":"","youtube_url":""}},"yoast_head":"<!-- This site is optimized with the Yoast SEO plugin v27.4 - https:\/\/yoast.com\/product\/yoast-seo-wordpress\/ -->\n<title>Kampisarja 10-v tupla 175mm 36\/26T FC-M4100-B2 Deore - VM Sport<\/title>\n<meta name=\"robots\" content=\"index, follow, max-snippet:-1, max-image-preview:large, max-video-preview:-1\" \/>\n<link rel=\"canonical\" href=\"https:\/\/vmsport.fi\/sv\/webbutik\/reservdelar\/transmission\/kamningssats\/vevparti-10-v-dubbel-175mm-36-26t-fc-m4100-b2-deore\/\" \/>\n<meta property=\"og:locale\" content=\"sv_SE\" \/>\n<meta property=\"og:type\" content=\"article\" \/>\n<meta property=\"og:title\" content=\"Kampisarja 10-v tupla 175mm 36\/26T FC-M4100-B2 Deore - VM Sport\" \/>\n<meta property=\"og:description\" content=\"Shimano Deore FC-M4100-B2 -kampisarja on suunniteltu 10-vaihteisiin polkupy\u00f6riin, tarjoten sujuvan ja tehokkaan vaihteen vaihdon. T\u00e4m\u00e4 kampisarja sis\u00e4lt\u00e4\u00e4 kaksoisketjupy\u00f6r\u00e4n yhdistelm\u00e4n, jossa isommassa ketjupy\u00f6r\u00e4ss\u00e4 on 36 hammasta ja pienemm\u00e4ss\u00e4 26 hammasta. Kampivarren pituus on 175 mm, mik\u00e4 tekee siit\u00e4 erinomaisen valinnan py\u00f6r\u00e4ilij\u00f6ille, jotka haluavat saavuttaa optimaalisen voimansiirron. T\u00e4ydellinen vaihtoehto niille, jotka arvostavat luotettavuutta ja suorituskyky\u00e4 polkupy\u00f6r\u00e4ss\u00e4\u00e4n. Shimano [...]L\u00e4s mer \u2026 from Kampisarja 10-v tupla 175mm 36\/26T FC-M4100-B2 Deore\" \/>\n<meta property=\"og:url\" content=\"https:\/\/vmsport.fi\/sv\/webbutik\/reservdelar\/transmission\/kamningssats\/vevparti-10-v-dubbel-175mm-36-26t-fc-m4100-b2-deore\/\" \/>\n<meta property=\"og:site_name\" content=\"VM Sport\" \/>\n<meta property=\"article:publisher\" content=\"https:\/\/www.facebook.com\/Vmsport.fi\/\" \/>\n<meta property=\"article:modified_time\" content=\"2026-04-22T12:07:07+00:00\" \/>\n<meta property=\"og:image\" content=\"https:\/\/vmsport.fi\/wp-content\/uploads\/2025\/03\/q3nEQ4Twxgxy00vXMCht4WluWuRBFQe9a91GErpSCGmha0Jk1R-1.jpg\" \/>\n\t<meta property=\"og:image:width\" content=\"600\" \/>\n\t<meta property=\"og:image:height\" content=\"600\" \/>\n\t<meta property=\"og:image:type\" content=\"image\/jpeg\" \/>\n<meta name=\"twitter:card\" content=\"summary_large_image\" \/>\n<script type=\"application\/ld+json\" class=\"yoast-schema-graph\">{\"@context\":\"https:\\\/\\\/schema.org\",\"@graph\":[{\"@type\":[\"WebPage\",\"ItemPage\"],\"@id\":\"https:\\\/\\\/vmsport.fi\\\/verkkokauppa\\\/varaosat\\\/voimansiirto\\\/kampisarjat\\\/kampisarja-10-v-tupla-175mm-36-26t-fc-m4100-b2-deore\\\/\",\"url\":\"https:\\\/\\\/vmsport.fi\\\/verkkokauppa\\\/varaosat\\\/voimansiirto\\\/kampisarjat\\\/kampisarja-10-v-tupla-175mm-36-26t-fc-m4100-b2-deore\\\/\",\"name\":\"Kampisarja 10-v tupla 175mm 36\\\/26T FC-M4100-B2 Deore - VM Sport\",\"isPartOf\":{\"@id\":\"https:\\\/\\\/vmsport.fi\\\/#website\"},\"primaryImageOfPage\":{\"@id\":\"https:\\\/\\\/vmsport.fi\\\/verkkokauppa\\\/varaosat\\\/voimansiirto\\\/kampisarjat\\\/kampisarja-10-v-tupla-175mm-36-26t-fc-m4100-b2-deore\\\/#primaryimage\"},\"image\":{\"@id\":\"https:\\\/\\\/vmsport.fi\\\/verkkokauppa\\\/varaosat\\\/voimansiirto\\\/kampisarjat\\\/kampisarja-10-v-tupla-175mm-36-26t-fc-m4100-b2-deore\\\/#primaryimage\"},\"thumbnailUrl\":\"https:\\\/\\\/vmsport.fi\\\/wp-content\\\/uploads\\\/2025\\\/03\\\/q3nEQ4Twxgxy00vXMCht4WluWuRBFQe9a91GErpSCGmha0Jk1R-1.jpg\",\"datePublished\":\"2025-03-05T21:33:49+00:00\",\"dateModified\":\"2026-04-22T12:07:07+00:00\",\"breadcrumb\":{\"@id\":\"https:\\\/\\\/vmsport.fi\\\/verkkokauppa\\\/varaosat\\\/voimansiirto\\\/kampisarjat\\\/kampisarja-10-v-tupla-175mm-36-26t-fc-m4100-b2-deore\\\/#breadcrumb\"},\"inLanguage\":\"sv-SE\",\"potentialAction\":[{\"@type\":\"ReadAction\",\"target\":[\"https:\\\/\\\/vmsport.fi\\\/verkkokauppa\\\/varaosat\\\/voimansiirto\\\/kampisarjat\\\/kampisarja-10-v-tupla-175mm-36-26t-fc-m4100-b2-deore\\\/\"]}]},{\"@type\":\"ImageObject\",\"inLanguage\":\"sv-SE\",\"@id\":\"https:\\\/\\\/vmsport.fi\\\/verkkokauppa\\\/varaosat\\\/voimansiirto\\\/kampisarjat\\\/kampisarja-10-v-tupla-175mm-36-26t-fc-m4100-b2-deore\\\/#primaryimage\",\"url\":\"https:\\\/\\\/vmsport.fi\\\/wp-content\\\/uploads\\\/2025\\\/03\\\/q3nEQ4Twxgxy00vXMCht4WluWuRBFQe9a91GErpSCGmha0Jk1R-1.jpg\",\"contentUrl\":\"https:\\\/\\\/vmsport.fi\\\/wp-content\\\/uploads\\\/2025\\\/03\\\/q3nEQ4Twxgxy00vXMCht4WluWuRBFQe9a91GErpSCGmha0Jk1R-1.jpg\",\"width\":600,\"height\":600,\"caption\":\"q3nEQ4Twxgxy00vXMCht4WluWuRBFQe9a91GErpSCGmha0Jk1R\"},{\"@type\":\"BreadcrumbList\",\"@id\":\"https:\\\/\\\/vmsport.fi\\\/verkkokauppa\\\/varaosat\\\/voimansiirto\\\/kampisarjat\\\/kampisarja-10-v-tupla-175mm-36-26t-fc-m4100-b2-deore\\\/#breadcrumb\",\"itemListElement\":[{\"@type\":\"ListItem\",\"position\":1,\"name\":\"Etusivu\",\"item\":\"https:\\\/\\\/vmsport.fi\\\/\"},{\"@type\":\"ListItem\",\"position\":2,\"name\":\"Online Store\",\"item\":\"https:\\\/\\\/vmsport.fi\\\/en\\\/online-store\\\/\"},{\"@type\":\"ListItem\",\"position\":3,\"name\":\"Kampisarja 10-v tupla 175mm 36\\\/26T FC-M4100-B2 Deore\"}]},{\"@type\":\"WebSite\",\"@id\":\"https:\\\/\\\/vmsport.fi\\\/#website\",\"url\":\"https:\\\/\\\/vmsport.fi\\\/\",\"name\":\"Vmsport\",\"description\":\"Kaikki py\u00f6r\u00e4ilyyn yhdest\u00e4 paikasta\",\"publisher\":{\"@id\":\"https:\\\/\\\/vmsport.fi\\\/#organization\"},\"potentialAction\":[{\"@type\":\"SearchAction\",\"target\":{\"@type\":\"EntryPoint\",\"urlTemplate\":\"https:\\\/\\\/vmsport.fi\\\/?s={search_term_string}\"},\"query-input\":{\"@type\":\"PropertyValueSpecification\",\"valueRequired\":true,\"valueName\":\"search_term_string\"}}],\"inLanguage\":\"sv-SE\"},{\"@type\":\"Organization\",\"@id\":\"https:\\\/\\\/vmsport.fi\\\/#organization\",\"name\":\"Vmsport\",\"url\":\"https:\\\/\\\/vmsport.fi\\\/\",\"logo\":{\"@type\":\"ImageObject\",\"inLanguage\":\"sv-SE\",\"@id\":\"https:\\\/\\\/vmsport.fi\\\/#\\\/schema\\\/logo\\\/image\\\/\",\"url\":\"https:\\\/\\\/vmsport.fi\\\/wp-content\\\/uploads\\\/2024\\\/12\\\/vm_sport_RGB_horisontal-e1734526017575.png\",\"contentUrl\":\"https:\\\/\\\/vmsport.fi\\\/wp-content\\\/uploads\\\/2024\\\/12\\\/vm_sport_RGB_horisontal-e1734526017575.png\",\"width\":668,\"height\":85,\"caption\":\"Vmsport\"},\"image\":{\"@id\":\"https:\\\/\\\/vmsport.fi\\\/#\\\/schema\\\/logo\\\/image\\\/\"},\"sameAs\":[\"https:\\\/\\\/www.facebook.com\\\/Vmsport.fi\\\/\",\"https:\\\/\\\/www.instagram.com\\\/vmsport\\\/\"]}]}<\/script>\n<!-- \/ Yoast SEO plugin. -->","yoast_head_json":{"title":"Vevsats 10 \u00e5r dubbel 175mm 36\/26T FC-M4100-B2 Deore - VM Sport","robots":{"index":"index","follow":"follow","max-snippet":"max-snippet:-1","max-image-preview":"max-image-preview:large","max-video-preview":"max-video-preview:-1"},"canonical":"https:\/\/vmsport.fi\/sv\/webbutik\/reservdelar\/transmission\/kamningssats\/vevparti-10-v-dubbel-175mm-36-26t-fc-m4100-b2-deore\/","og_locale":"sv_SE","og_type":"article","og_title":"Kampisarja 10-v tupla 175mm 36\/26T FC-M4100-B2 Deore - VM Sport","og_description":"Shimano Deore FC-M4100-B2 -kampisarja on suunniteltu 10-vaihteisiin polkupy\u00f6riin, tarjoten sujuvan ja tehokkaan vaihteen vaihdon. T\u00e4m\u00e4 kampisarja sis\u00e4lt\u00e4\u00e4 kaksoisketjupy\u00f6r\u00e4n yhdistelm\u00e4n, jossa isommassa ketjupy\u00f6r\u00e4ss\u00e4 on 36 hammasta ja pienemm\u00e4ss\u00e4 26 hammasta. Kampivarren pituus on 175 mm, mik\u00e4 tekee siit\u00e4 erinomaisen valinnan py\u00f6r\u00e4ilij\u00f6ille, jotka haluavat saavuttaa optimaalisen voimansiirron. T\u00e4ydellinen vaihtoehto niille, jotka arvostavat luotettavuutta ja suorituskyky\u00e4 polkupy\u00f6r\u00e4ss\u00e4\u00e4n. Shimano [...]L\u00e4s mer \u2026 from Kampisarja 10-v tupla 175mm 36\/26T FC-M4100-B2 Deore","og_url":"https:\/\/vmsport.fi\/sv\/webbutik\/reservdelar\/transmission\/kamningssats\/vevparti-10-v-dubbel-175mm-36-26t-fc-m4100-b2-deore\/","og_site_name":"VM Sport","article_publisher":"https:\/\/www.facebook.com\/Vmsport.fi\/","article_modified_time":"2026-04-22T12:07:07+00:00","og_image":[{"width":600,"height":600,"url":"https:\/\/vmsport.fi\/wp-content\/uploads\/2025\/03\/q3nEQ4Twxgxy00vXMCht4WluWuRBFQe9a91GErpSCGmha0Jk1R-1.jpg","type":"image\/jpeg"}],"twitter_card":"summary_large_image","schema":{"@context":"https:\/\/schema.org","@graph":[{"@type":["WebPage","ItemPage"],"@id":"https:\/\/vmsport.fi\/verkkokauppa\/varaosat\/voimansiirto\/kampisarjat\/kampisarja-10-v-tupla-175mm-36-26t-fc-m4100-b2-deore\/","url":"https:\/\/vmsport.fi\/verkkokauppa\/varaosat\/voimansiirto\/kampisarjat\/kampisarja-10-v-tupla-175mm-36-26t-fc-m4100-b2-deore\/","name":"Vevsats 10 \u00e5r dubbel 175mm 36\/26T FC-M4100-B2 Deore - VM Sport","isPartOf":{"@id":"https:\/\/vmsport.fi\/#website"},"primaryImageOfPage":{"@id":"https:\/\/vmsport.fi\/verkkokauppa\/varaosat\/voimansiirto\/kampisarjat\/kampisarja-10-v-tupla-175mm-36-26t-fc-m4100-b2-deore\/#primaryimage"},"image":{"@id":"https:\/\/vmsport.fi\/verkkokauppa\/varaosat\/voimansiirto\/kampisarjat\/kampisarja-10-v-tupla-175mm-36-26t-fc-m4100-b2-deore\/#primaryimage"},"thumbnailUrl":"https:\/\/vmsport.fi\/wp-content\/uploads\/2025\/03\/q3nEQ4Twxgxy00vXMCht4WluWuRBFQe9a91GErpSCGmha0Jk1R-1.jpg","datePublished":"2025-03-05T21:33:49+00:00","dateModified":"2026-04-22T12:07:07+00:00","breadcrumb":{"@id":"https:\/\/vmsport.fi\/verkkokauppa\/varaosat\/voimansiirto\/kampisarjat\/kampisarja-10-v-tupla-175mm-36-26t-fc-m4100-b2-deore\/#breadcrumb"},"inLanguage":"sv-SE","potentialAction":[{"@type":"ReadAction","target":["https:\/\/vmsport.fi\/verkkokauppa\/varaosat\/voimansiirto\/kampisarjat\/kampisarja-10-v-tupla-175mm-36-26t-fc-m4100-b2-deore\/"]}]},{"@type":"ImageObject","inLanguage":"sv-SE","@id":"https:\/\/vmsport.fi\/verkkokauppa\/varaosat\/voimansiirto\/kampisarjat\/kampisarja-10-v-tupla-175mm-36-26t-fc-m4100-b2-deore\/#primaryimage","url":"https:\/\/vmsport.fi\/wp-content\/uploads\/2025\/03\/q3nEQ4Twxgxy00vXMCht4WluWuRBFQe9a91GErpSCGmha0Jk1R-1.jpg","contentUrl":"https:\/\/vmsport.fi\/wp-content\/uploads\/2025\/03\/q3nEQ4Twxgxy00vXMCht4WluWuRBFQe9a91GErpSCGmha0Jk1R-1.jpg","width":600,"height":600,"caption":"q3nEQ4Twxgxy00vXMCht4WluWuRBFQe9a91GErpSCGmha0Jk1R"},{"@type":"BreadcrumbList","@id":"https:\/\/vmsport.fi\/verkkokauppa\/varaosat\/voimansiirto\/kampisarjat\/kampisarja-10-v-tupla-175mm-36-26t-fc-m4100-b2-deore\/#breadcrumb","itemListElement":[{"@type":"ListItem","position":1,"name":"Etusivu","item":"https:\/\/vmsport.fi\/"},{"@type":"ListItem","position":2,"name":"Online Store","item":"https:\/\/vmsport.fi\/en\/online-store\/"},{"@type":"ListItem","position":3,"name":"Kampisarja 10-v tupla 175mm 36\/26T FC-M4100-B2 Deore"}]},{"@type":"WebSite","@id":"https:\/\/vmsport.fi\/#website","url":"https:\/\/vmsport.fi\/","name":"Vmsport","description":"Allt p\u00e5 ett st\u00e4lle f\u00f6r cykling","publisher":{"@id":"https:\/\/vmsport.fi\/#organization"},"potentialAction":[{"@type":"SearchAction","target":{"@type":"EntryPoint","urlTemplate":"https:\/\/vmsport.fi\/?s={search_term_string}"},"query-input":{"@type":"PropertyValueSpecification","valueRequired":true,"valueName":"search_term_string"}}],"inLanguage":"sv-SE"},{"@type":"Organization","@id":"https:\/\/vmsport.fi\/#organization","name":"Vmsport","url":"https:\/\/vmsport.fi\/","logo":{"@type":"ImageObject","inLanguage":"sv-SE","@id":"https:\/\/vmsport.fi\/#\/schema\/logo\/image\/","url":"https:\/\/vmsport.fi\/wp-content\/uploads\/2024\/12\/vm_sport_RGB_horisontal-e1734526017575.png","contentUrl":"https:\/\/vmsport.fi\/wp-content\/uploads\/2024\/12\/vm_sport_RGB_horisontal-e1734526017575.png","width":668,"height":85,"caption":"Vmsport"},"image":{"@id":"https:\/\/vmsport.fi\/#\/schema\/logo\/image\/"},"sameAs":["https:\/\/www.facebook.com\/Vmsport.fi\/","https:\/\/www.instagram.com\/vmsport\/"]}]}},"global_unique_id":"","_links":{"self":[{"href":"https:\/\/vmsport.fi\/sv\/wp-json\/wp\/v2\/product\/52770","targetHints":{"allow":["GET"]}}],"collection":[{"href":"https:\/\/vmsport.fi\/sv\/wp-json\/wp\/v2\/product"}],"about":[{"href":"https:\/\/vmsport.fi\/sv\/wp-json\/wp\/v2\/types\/product"}],"replies":[{"embeddable":true,"href":"https:\/\/vmsport.fi\/sv\/wp-json\/wp\/v2\/comments?post=52770"}],"wp:featuredmedia":[{"embeddable":true,"href":"https:\/\/vmsport.fi\/sv\/wp-json\/wp\/v2\/media\/52769"}],"wp:attachment":[{"href":"https:\/\/vmsport.fi\/sv\/wp-json\/wp\/v2\/media?parent=52770"}],"wp:term":[{"taxonomy":"product_brand","embeddable":true,"href":"https:\/\/vmsport.fi\/sv\/wp-json\/wp\/v2\/product_brand?post=52770"},{"taxonomy":"product_model","embeddable":true,"href":"https:\/\/vmsport.fi\/sv\/wp-json\/wp\/v2\/product_model?post=52770"},{"taxonomy":"product_cat","embeddable":true,"href":"https:\/\/vmsport.fi\/sv\/wp-json\/wp\/v2\/product_cat?post=52770"},{"taxonomy":"product_tag","embeddable":true,"href":"https:\/\/vmsport.fi\/sv\/wp-json\/wp\/v2\/product_tag?post=52770"},{"taxonomy":"industry_terminology","embeddable":true,"href":"https:\/\/vmsport.fi\/sv\/wp-json\/wp\/v2\/industry-terminology?post=52770"}],"curies":[{"name":"wp","href":"https:\/\/api.w.org\/{rel}","templated":true}]}}