{"id":52768,"date":"2025-03-05T23:33:48","date_gmt":"2025-03-05T21:33:48","guid":{"rendered":"https:\/\/vmsport.fi\/verkkokauppa\/Ei-luokiteltu\/pikaliitin-11v-sm-cn900-2kpl\/"},"modified":"2026-02-11T17:58:39","modified_gmt":"2026-02-11T15:58:39","slug":"snabbkoppling-11v-sm-cn900-2st","status":"publish","type":"product","link":"https:\/\/vmsport.fi\/sv\/verkkokauppa\/varaosat\/voimansiirto\/ketjut\/pikaliitin-11v-sm-cn900-2kpl\/","title":{"rendered":"Snabbkontakt 11v SM-CN900 2st"},"content":{"rendered":"<p>Shimano 11v SM-CN900 \u00e4r en h\u00f6gkvalitativ snabbkoppling som \u00e4r s\u00e4rskilt utformad f\u00f6r 11-v\u00e4xlade cykelkedjor. Den g\u00f6r att kedjan kan monteras och demonteras snabbt och enkelt, vilket g\u00f6r den till ett utm\u00e4rkt val f\u00f6r cyklister som uppskattar enkelt underh\u00e5ll. Satsen inneh\u00e5ller tv\u00e5 anslutningar f\u00f6r att s\u00e4kerst\u00e4lla tillf\u00f6rlitlig och s\u00e4ker koppling. Denna enkla men h\u00e5llbara l\u00f6sning \u00e4r utformad f\u00f6r att ge l\u00e5ngvarig service under tung anv\u00e4ndning och \u00e4r idealisk f\u00f6r b\u00e5de professionell anv\u00e4ndning och fritidsanv\u00e4ndning n\u00e4r snabba kedjebyten kr\u00e4vs.<\/p>","protected":false},"excerpt":{"rendered":"<p>Shimano-merkkinen pikaliitin 11v SM-CN900 on erityisesti 11-vaihteisille polkupy\u00f6r\u00e4n ketjuille suunniteltu, laadukas pikaliitin. Sen avulla ketjun asentaminen ja irrottaminen k\u00e4yv\u00e4t nopeasti ja vaivattomasti, mik\u00e4 tekee siit\u00e4 loistavan valinnan py\u00f6r\u00e4ilij\u00f6ille, jotka arvostavat helppoa huoltoa. Pakkaus sis\u00e4lt\u00e4\u00e4 kaksi liitint\u00e4, jotka takaavat luotettavan ja turvallisen kytkenn\u00e4n. T\u00e4m\u00e4 yksinkertainen mutta kest\u00e4v\u00e4 ratkaisu on suunniteltu palvelemaan pitk\u00e4kestoisesti kovassakin k\u00e4yt\u00f6ss\u00e4, ja se [&#8230;]<\/p>\n<p><a class=\"btn btn-secondary understrap-read-more-link\" href=\"https:\/\/vmsport.fi\/sv\/verkkokauppa\/varaosat\/voimansiirto\/ketjut\/pikaliitin-11v-sm-cn900-2kpl\/\">L\u00e4s mer \u2026<span class=\"screen-reader-text\"> from Pikaliitin 11v SM-CN900 2kpl<\/span><\/a><\/p>\n","protected":false},"featured_media":52766,"comment_status":"open","ping_status":"closed","template":"","meta":{"_acf_changed":false,"_improvement_type_select":"improve_an_existing","_thumb_yes_seoaic":false,"_frame_yes_seoaic":false,"seoaic_generate_description":"","seoaic_improve_instructions_prompt":"","seoaic_rollback_content_improvement":"","seoaic_idea_thumbnail_generator":"","thumbnail_generated":false,"thumbnail_generate_prompt":"","seoaic_article_description":"","_supplier_stock_quantity":0},"product_brand":[],"product_model":[],"product_cat":[9352],"product_tag":[],"industry-terminology":[],"class_list":{"0":"post-52768","1":"product","2":"type-product","3":"status-publish","4":"has-post-thumbnail","6":"product_cat-ketjut","8":"first","9":"instock","10":"taxable","11":"shipping-taxable","12":"purchasable","13":"product-type-simple"},"acf":{"bike_features":null,"overview":{"copy_overview":null,"key_features":null,"statement":"","youtube_url":""}},"yoast_head":"<!-- This site is optimized with the Yoast SEO plugin v27.4 - https:\/\/yoast.com\/product\/yoast-seo-wordpress\/ -->\n<title>Pikaliitin 11v SM-CN900 2kpl - VM Sport<\/title>\n<meta name=\"robots\" content=\"index, follow, max-snippet:-1, max-image-preview:large, max-video-preview:-1\" \/>\n<link rel=\"canonical\" href=\"https:\/\/vmsport.fi\/sv\/webbutik\/reservdelar\/transmission\/kedjor\/snabbkoppling-11v-sm-cn900-2st\/\" \/>\n<meta property=\"og:locale\" content=\"sv_SE\" \/>\n<meta property=\"og:type\" content=\"article\" \/>\n<meta property=\"og:title\" content=\"Pikaliitin 11v SM-CN900 2kpl - VM Sport\" \/>\n<meta property=\"og:description\" content=\"Shimano-merkkinen pikaliitin 11v SM-CN900 on erityisesti 11-vaihteisille polkupy\u00f6r\u00e4n ketjuille suunniteltu, laadukas pikaliitin. Sen avulla ketjun asentaminen ja irrottaminen k\u00e4yv\u00e4t nopeasti ja vaivattomasti, mik\u00e4 tekee siit\u00e4 loistavan valinnan py\u00f6r\u00e4ilij\u00f6ille, jotka arvostavat helppoa huoltoa. Pakkaus sis\u00e4lt\u00e4\u00e4 kaksi liitint\u00e4, jotka takaavat luotettavan ja turvallisen kytkenn\u00e4n. T\u00e4m\u00e4 yksinkertainen mutta kest\u00e4v\u00e4 ratkaisu on suunniteltu palvelemaan pitk\u00e4kestoisesti kovassakin k\u00e4yt\u00f6ss\u00e4, ja se [...]L\u00e4s mer \u2026 from Pikaliitin 11v SM-CN900 2kpl\" \/>\n<meta property=\"og:url\" content=\"https:\/\/vmsport.fi\/sv\/webbutik\/reservdelar\/transmission\/kedjor\/snabbkoppling-11v-sm-cn900-2st\/\" \/>\n<meta property=\"og:site_name\" content=\"VM Sport\" \/>\n<meta property=\"article:publisher\" content=\"https:\/\/www.facebook.com\/Vmsport.fi\/\" \/>\n<meta property=\"article:modified_time\" content=\"2026-02-11T15:58:39+00:00\" \/>\n<meta property=\"og:image\" content=\"https:\/\/vmsport.fi\/wp-content\/uploads\/2025\/03\/20210824-SM-CN900-zz-zz-STD-S2-1.jpg\" \/>\n\t<meta property=\"og:image:width\" content=\"600\" \/>\n\t<meta property=\"og:image:height\" content=\"600\" \/>\n\t<meta property=\"og:image:type\" content=\"image\/jpeg\" \/>\n<meta name=\"twitter:card\" content=\"summary_large_image\" \/>\n<script type=\"application\/ld+json\" class=\"yoast-schema-graph\">{\"@context\":\"https:\\\/\\\/schema.org\",\"@graph\":[{\"@type\":[\"WebPage\",\"ItemPage\"],\"@id\":\"https:\\\/\\\/vmsport.fi\\\/verkkokauppa\\\/varaosat\\\/voimansiirto\\\/ketjut\\\/pikaliitin-11v-sm-cn900-2kpl\\\/\",\"url\":\"https:\\\/\\\/vmsport.fi\\\/verkkokauppa\\\/varaosat\\\/voimansiirto\\\/ketjut\\\/pikaliitin-11v-sm-cn900-2kpl\\\/\",\"name\":\"Pikaliitin 11v SM-CN900 2kpl - VM Sport\",\"isPartOf\":{\"@id\":\"https:\\\/\\\/vmsport.fi\\\/#website\"},\"primaryImageOfPage\":{\"@id\":\"https:\\\/\\\/vmsport.fi\\\/verkkokauppa\\\/varaosat\\\/voimansiirto\\\/ketjut\\\/pikaliitin-11v-sm-cn900-2kpl\\\/#primaryimage\"},\"image\":{\"@id\":\"https:\\\/\\\/vmsport.fi\\\/verkkokauppa\\\/varaosat\\\/voimansiirto\\\/ketjut\\\/pikaliitin-11v-sm-cn900-2kpl\\\/#primaryimage\"},\"thumbnailUrl\":\"https:\\\/\\\/vmsport.fi\\\/wp-content\\\/uploads\\\/2025\\\/03\\\/20210824-SM-CN900-zz-zz-STD-S2-1.jpg\",\"datePublished\":\"2025-03-05T21:33:48+00:00\",\"dateModified\":\"2026-02-11T15:58:39+00:00\",\"breadcrumb\":{\"@id\":\"https:\\\/\\\/vmsport.fi\\\/verkkokauppa\\\/varaosat\\\/voimansiirto\\\/ketjut\\\/pikaliitin-11v-sm-cn900-2kpl\\\/#breadcrumb\"},\"inLanguage\":\"sv-SE\",\"potentialAction\":[{\"@type\":\"ReadAction\",\"target\":[\"https:\\\/\\\/vmsport.fi\\\/verkkokauppa\\\/varaosat\\\/voimansiirto\\\/ketjut\\\/pikaliitin-11v-sm-cn900-2kpl\\\/\"]}]},{\"@type\":\"ImageObject\",\"inLanguage\":\"sv-SE\",\"@id\":\"https:\\\/\\\/vmsport.fi\\\/verkkokauppa\\\/varaosat\\\/voimansiirto\\\/ketjut\\\/pikaliitin-11v-sm-cn900-2kpl\\\/#primaryimage\",\"url\":\"https:\\\/\\\/vmsport.fi\\\/wp-content\\\/uploads\\\/2025\\\/03\\\/20210824-SM-CN900-zz-zz-STD-S2-1.jpg\",\"contentUrl\":\"https:\\\/\\\/vmsport.fi\\\/wp-content\\\/uploads\\\/2025\\\/03\\\/20210824-SM-CN900-zz-zz-STD-S2-1.jpg\",\"width\":600,\"height\":600,\"caption\":\"20210824-SM-CN900-zz-zz-STD-S2\"},{\"@type\":\"BreadcrumbList\",\"@id\":\"https:\\\/\\\/vmsport.fi\\\/verkkokauppa\\\/varaosat\\\/voimansiirto\\\/ketjut\\\/pikaliitin-11v-sm-cn900-2kpl\\\/#breadcrumb\",\"itemListElement\":[{\"@type\":\"ListItem\",\"position\":1,\"name\":\"Etusivu\",\"item\":\"https:\\\/\\\/vmsport.fi\\\/\"},{\"@type\":\"ListItem\",\"position\":2,\"name\":\"Online Store\",\"item\":\"https:\\\/\\\/vmsport.fi\\\/en\\\/online-store\\\/\"},{\"@type\":\"ListItem\",\"position\":3,\"name\":\"Pikaliitin 11v SM-CN900 2kpl\"}]},{\"@type\":\"WebSite\",\"@id\":\"https:\\\/\\\/vmsport.fi\\\/#website\",\"url\":\"https:\\\/\\\/vmsport.fi\\\/\",\"name\":\"Vmsport\",\"description\":\"Kaikki py\u00f6r\u00e4ilyyn yhdest\u00e4 paikasta\",\"publisher\":{\"@id\":\"https:\\\/\\\/vmsport.fi\\\/#organization\"},\"potentialAction\":[{\"@type\":\"SearchAction\",\"target\":{\"@type\":\"EntryPoint\",\"urlTemplate\":\"https:\\\/\\\/vmsport.fi\\\/?s={search_term_string}\"},\"query-input\":{\"@type\":\"PropertyValueSpecification\",\"valueRequired\":true,\"valueName\":\"search_term_string\"}}],\"inLanguage\":\"sv-SE\"},{\"@type\":\"Organization\",\"@id\":\"https:\\\/\\\/vmsport.fi\\\/#organization\",\"name\":\"Vmsport\",\"url\":\"https:\\\/\\\/vmsport.fi\\\/\",\"logo\":{\"@type\":\"ImageObject\",\"inLanguage\":\"sv-SE\",\"@id\":\"https:\\\/\\\/vmsport.fi\\\/#\\\/schema\\\/logo\\\/image\\\/\",\"url\":\"https:\\\/\\\/vmsport.fi\\\/wp-content\\\/uploads\\\/2024\\\/12\\\/vm_sport_RGB_horisontal-e1734526017575.png\",\"contentUrl\":\"https:\\\/\\\/vmsport.fi\\\/wp-content\\\/uploads\\\/2024\\\/12\\\/vm_sport_RGB_horisontal-e1734526017575.png\",\"width\":668,\"height\":85,\"caption\":\"Vmsport\"},\"image\":{\"@id\":\"https:\\\/\\\/vmsport.fi\\\/#\\\/schema\\\/logo\\\/image\\\/\"},\"sameAs\":[\"https:\\\/\\\/www.facebook.com\\\/Vmsport.fi\\\/\",\"https:\\\/\\\/www.instagram.com\\\/vmsport\\\/\"]}]}<\/script>\n<!-- \/ Yoast SEO plugin. -->","yoast_head_json":{"title":"Snabbkoppling 11v SM-CN900 2st - VM Sport","robots":{"index":"index","follow":"follow","max-snippet":"max-snippet:-1","max-image-preview":"max-image-preview:large","max-video-preview":"max-video-preview:-1"},"canonical":"https:\/\/vmsport.fi\/sv\/webbutik\/reservdelar\/transmission\/kedjor\/snabbkoppling-11v-sm-cn900-2st\/","og_locale":"sv_SE","og_type":"article","og_title":"Pikaliitin 11v SM-CN900 2kpl - VM Sport","og_description":"Shimano-merkkinen pikaliitin 11v SM-CN900 on erityisesti 11-vaihteisille polkupy\u00f6r\u00e4n ketjuille suunniteltu, laadukas pikaliitin. Sen avulla ketjun asentaminen ja irrottaminen k\u00e4yv\u00e4t nopeasti ja vaivattomasti, mik\u00e4 tekee siit\u00e4 loistavan valinnan py\u00f6r\u00e4ilij\u00f6ille, jotka arvostavat helppoa huoltoa. Pakkaus sis\u00e4lt\u00e4\u00e4 kaksi liitint\u00e4, jotka takaavat luotettavan ja turvallisen kytkenn\u00e4n. T\u00e4m\u00e4 yksinkertainen mutta kest\u00e4v\u00e4 ratkaisu on suunniteltu palvelemaan pitk\u00e4kestoisesti kovassakin k\u00e4yt\u00f6ss\u00e4, ja se [...]L\u00e4s mer \u2026 from Pikaliitin 11v SM-CN900 2kpl","og_url":"https:\/\/vmsport.fi\/sv\/webbutik\/reservdelar\/transmission\/kedjor\/snabbkoppling-11v-sm-cn900-2st\/","og_site_name":"VM Sport","article_publisher":"https:\/\/www.facebook.com\/Vmsport.fi\/","article_modified_time":"2026-02-11T15:58:39+00:00","og_image":[{"width":600,"height":600,"url":"https:\/\/vmsport.fi\/wp-content\/uploads\/2025\/03\/20210824-SM-CN900-zz-zz-STD-S2-1.jpg","type":"image\/jpeg"}],"twitter_card":"summary_large_image","schema":{"@context":"https:\/\/schema.org","@graph":[{"@type":["WebPage","ItemPage"],"@id":"https:\/\/vmsport.fi\/verkkokauppa\/varaosat\/voimansiirto\/ketjut\/pikaliitin-11v-sm-cn900-2kpl\/","url":"https:\/\/vmsport.fi\/verkkokauppa\/varaosat\/voimansiirto\/ketjut\/pikaliitin-11v-sm-cn900-2kpl\/","name":"Snabbkoppling 11v SM-CN900 2st - VM Sport","isPartOf":{"@id":"https:\/\/vmsport.fi\/#website"},"primaryImageOfPage":{"@id":"https:\/\/vmsport.fi\/verkkokauppa\/varaosat\/voimansiirto\/ketjut\/pikaliitin-11v-sm-cn900-2kpl\/#primaryimage"},"image":{"@id":"https:\/\/vmsport.fi\/verkkokauppa\/varaosat\/voimansiirto\/ketjut\/pikaliitin-11v-sm-cn900-2kpl\/#primaryimage"},"thumbnailUrl":"https:\/\/vmsport.fi\/wp-content\/uploads\/2025\/03\/20210824-SM-CN900-zz-zz-STD-S2-1.jpg","datePublished":"2025-03-05T21:33:48+00:00","dateModified":"2026-02-11T15:58:39+00:00","breadcrumb":{"@id":"https:\/\/vmsport.fi\/verkkokauppa\/varaosat\/voimansiirto\/ketjut\/pikaliitin-11v-sm-cn900-2kpl\/#breadcrumb"},"inLanguage":"sv-SE","potentialAction":[{"@type":"ReadAction","target":["https:\/\/vmsport.fi\/verkkokauppa\/varaosat\/voimansiirto\/ketjut\/pikaliitin-11v-sm-cn900-2kpl\/"]}]},{"@type":"ImageObject","inLanguage":"sv-SE","@id":"https:\/\/vmsport.fi\/verkkokauppa\/varaosat\/voimansiirto\/ketjut\/pikaliitin-11v-sm-cn900-2kpl\/#primaryimage","url":"https:\/\/vmsport.fi\/wp-content\/uploads\/2025\/03\/20210824-SM-CN900-zz-zz-STD-S2-1.jpg","contentUrl":"https:\/\/vmsport.fi\/wp-content\/uploads\/2025\/03\/20210824-SM-CN900-zz-zz-STD-S2-1.jpg","width":600,"height":600,"caption":"20210824-SM-CN900-zz-zz-STD-S2"},{"@type":"BreadcrumbList","@id":"https:\/\/vmsport.fi\/verkkokauppa\/varaosat\/voimansiirto\/ketjut\/pikaliitin-11v-sm-cn900-2kpl\/#breadcrumb","itemListElement":[{"@type":"ListItem","position":1,"name":"Etusivu","item":"https:\/\/vmsport.fi\/"},{"@type":"ListItem","position":2,"name":"Online Store","item":"https:\/\/vmsport.fi\/en\/online-store\/"},{"@type":"ListItem","position":3,"name":"Pikaliitin 11v SM-CN900 2kpl"}]},{"@type":"WebSite","@id":"https:\/\/vmsport.fi\/#website","url":"https:\/\/vmsport.fi\/","name":"Vmsport","description":"Allt p\u00e5 ett st\u00e4lle f\u00f6r cykling","publisher":{"@id":"https:\/\/vmsport.fi\/#organization"},"potentialAction":[{"@type":"SearchAction","target":{"@type":"EntryPoint","urlTemplate":"https:\/\/vmsport.fi\/?s={search_term_string}"},"query-input":{"@type":"PropertyValueSpecification","valueRequired":true,"valueName":"search_term_string"}}],"inLanguage":"sv-SE"},{"@type":"Organization","@id":"https:\/\/vmsport.fi\/#organization","name":"Vmsport","url":"https:\/\/vmsport.fi\/","logo":{"@type":"ImageObject","inLanguage":"sv-SE","@id":"https:\/\/vmsport.fi\/#\/schema\/logo\/image\/","url":"https:\/\/vmsport.fi\/wp-content\/uploads\/2024\/12\/vm_sport_RGB_horisontal-e1734526017575.png","contentUrl":"https:\/\/vmsport.fi\/wp-content\/uploads\/2024\/12\/vm_sport_RGB_horisontal-e1734526017575.png","width":668,"height":85,"caption":"Vmsport"},"image":{"@id":"https:\/\/vmsport.fi\/#\/schema\/logo\/image\/"},"sameAs":["https:\/\/www.facebook.com\/Vmsport.fi\/","https:\/\/www.instagram.com\/vmsport\/"]}]}},"global_unique_id":"","_links":{"self":[{"href":"https:\/\/vmsport.fi\/sv\/wp-json\/wp\/v2\/product\/52768","targetHints":{"allow":["GET"]}}],"collection":[{"href":"https:\/\/vmsport.fi\/sv\/wp-json\/wp\/v2\/product"}],"about":[{"href":"https:\/\/vmsport.fi\/sv\/wp-json\/wp\/v2\/types\/product"}],"replies":[{"embeddable":true,"href":"https:\/\/vmsport.fi\/sv\/wp-json\/wp\/v2\/comments?post=52768"}],"wp:featuredmedia":[{"embeddable":true,"href":"https:\/\/vmsport.fi\/sv\/wp-json\/wp\/v2\/media\/52766"}],"wp:attachment":[{"href":"https:\/\/vmsport.fi\/sv\/wp-json\/wp\/v2\/media?parent=52768"}],"wp:term":[{"taxonomy":"product_brand","embeddable":true,"href":"https:\/\/vmsport.fi\/sv\/wp-json\/wp\/v2\/product_brand?post=52768"},{"taxonomy":"product_model","embeddable":true,"href":"https:\/\/vmsport.fi\/sv\/wp-json\/wp\/v2\/product_model?post=52768"},{"taxonomy":"product_cat","embeddable":true,"href":"https:\/\/vmsport.fi\/sv\/wp-json\/wp\/v2\/product_cat?post=52768"},{"taxonomy":"product_tag","embeddable":true,"href":"https:\/\/vmsport.fi\/sv\/wp-json\/wp\/v2\/product_tag?post=52768"},{"taxonomy":"industry_terminology","embeddable":true,"href":"https:\/\/vmsport.fi\/sv\/wp-json\/wp\/v2\/industry-terminology?post=52768"}],"curies":[{"name":"wp","href":"https:\/\/api.w.org\/{rel}","templated":true}]}}