{"id":52761,"date":"2025-03-05T23:33:46","date_gmt":"2025-03-05T21:33:46","guid":{"rendered":"https:\/\/vmsport.fi\/verkkokauppa\/Ei-luokiteltu\/muc-off-carbon-gripper-75-g\/"},"modified":"2026-03-21T02:00:18","modified_gmt":"2026-03-21T00:00:18","slug":"muc-off-kolgrepp-75-g","status":"publish","type":"product","link":"https:\/\/vmsport.fi\/sv\/verkkokauppa\/tarvikkeet\/tyokalut\/muc-off-carbon-gripper-75-g\/","title":{"rendered":"MUC-OFF Kolfibergrepp 75 g"},"content":{"rendered":"<p>MUC-OFF Carbon Gripper 75 g \u00e4r en noggrant formulerad friktionsl\u00f6sning som l\u00f6ser de problem som uppst\u00e5r vid montering av kolfiber. Denna specialblandning ger ett s\u00e4kert grepp mellan kolfiberytor eller kolfiber och metall, vilket minskar den kl\u00e4mkraft som kr\u00e4vs och f\u00f6rhindrar glidning, \u00f6verdragning och utmattning.<\/p>\n<p>Produkten f\u00f6rb\u00e4ttrar friktionen mellan motst\u00e5ende ytor, vilket minskar behovet av \u00e5tdragning och skyddar delarna fr\u00e5n slitage. Den \u00e4r speciellt framtagen f\u00f6r kolfiberkomponenter och passar f\u00f6r b\u00e5de kol-kol- och kol-metall-skarvar. Genom att minska behovet av kl\u00e4mkrafter f\u00f6rblir komponenterna intakta, vilket f\u00f6rl\u00e4nger deras livsl\u00e4ngd och f\u00f6rhindrar inre skador.<\/p>\n<p>F\u00f6r proffs och amat\u00f6rer som regelbundet arbetar med kolfiberdelar \u00e4r den h\u00e4r produkten ett ov\u00e4rderligt verktyg f\u00f6r att s\u00e4kerst\u00e4lla h\u00e5llbarheten och den strukturella integriteten hos delar som anv\u00e4nds kontinuerligt. Vi rekommenderar att du applicerar ett tunt lager p\u00e5 de vidh\u00e4ftande ytorna och sprider ut det j\u00e4mnt f\u00f6r att uppn\u00e5 optimal prestanda.<\/p>","protected":false},"excerpt":{"rendered":"<p>MUC-OFF Carbon Gripper 75 g on huolellisesti kehitetty kitkaliuos, joka ratkaisee hiilikuituosien asentamiseen liittyvi\u00e4 ongelmia. T\u00e4m\u00e4 erityisseos takaa turvallisen otteen hiilipintojen tai hiilen ja metallin v\u00e4lille, mik\u00e4 v\u00e4hent\u00e4\u00e4 tarvittavaa kiristysvoimaa ja est\u00e4\u00e4 osien liukumisen, liiallisen kirist\u00e4misen sek\u00e4 v\u00e4symisen. Tuote parantaa liitospintojen v\u00e4list\u00e4 kitkaa, mik\u00e4 v\u00e4hent\u00e4\u00e4 kiristystarvetta ja s\u00e4\u00e4st\u00e4\u00e4 osia kulumiselta. Se on suunniteltu erityisesti hiilikuitukomponentteihin [&#8230;]<\/p>\n<p><a class=\"btn btn-secondary understrap-read-more-link\" href=\"https:\/\/vmsport.fi\/sv\/verkkokauppa\/tarvikkeet\/tyokalut\/muc-off-carbon-gripper-75-g\/\">L\u00e4s mer \u2026<span class=\"screen-reader-text\"> from MUC-OFF Carbon Gripper 75 g<\/span><\/a><\/p>\n","protected":false},"featured_media":52759,"comment_status":"open","ping_status":"closed","template":"","meta":{"_acf_changed":false,"_improvement_type_select":"improve_an_existing","_thumb_yes_seoaic":false,"_frame_yes_seoaic":false,"seoaic_generate_description":"","seoaic_improve_instructions_prompt":"","seoaic_rollback_content_improvement":"","seoaic_idea_thumbnail_generator":"","thumbnail_generated":false,"thumbnail_generate_prompt":"","seoaic_article_description":"","_supplier_stock_quantity":0},"product_brand":[1584],"product_model":[],"product_cat":[9282],"product_tag":[],"industry-terminology":[],"class_list":{"0":"post-52761","1":"product","2":"type-product","3":"status-publish","4":"has-post-thumbnail","6":"product_brand-muc-off","7":"product_cat-tyokalut","9":"first","10":"instock","11":"taxable","12":"shipping-taxable","13":"purchasable","14":"product-type-simple"},"acf":{"bike_features":null,"overview":{"copy_overview":null,"key_features":null,"statement":"","youtube_url":""}},"yoast_head":"<!-- This site is optimized with the Yoast SEO plugin v27.3 - https:\/\/yoast.com\/product\/yoast-seo-wordpress\/ -->\n<title>MUC-OFF Carbon Gripper 75 g - VM Sport<\/title>\n<meta name=\"robots\" content=\"index, follow, max-snippet:-1, max-image-preview:large, max-video-preview:-1\" \/>\n<link rel=\"canonical\" href=\"https:\/\/vmsport.fi\/sv\/webbutik\/tillbehor\/tyokalut\/muc-off-kolgrepp-75-g\/\" \/>\n<meta property=\"og:locale\" content=\"sv_SE\" \/>\n<meta property=\"og:type\" content=\"article\" \/>\n<meta property=\"og:title\" content=\"MUC-OFF Carbon Gripper 75 g - VM Sport\" \/>\n<meta property=\"og:description\" content=\"MUC-OFF Carbon Gripper 75 g on huolellisesti kehitetty kitkaliuos, joka ratkaisee hiilikuituosien asentamiseen liittyvi\u00e4 ongelmia. T\u00e4m\u00e4 erityisseos takaa turvallisen otteen hiilipintojen tai hiilen ja metallin v\u00e4lille, mik\u00e4 v\u00e4hent\u00e4\u00e4 tarvittavaa kiristysvoimaa ja est\u00e4\u00e4 osien liukumisen, liiallisen kirist\u00e4misen sek\u00e4 v\u00e4symisen. Tuote parantaa liitospintojen v\u00e4list\u00e4 kitkaa, mik\u00e4 v\u00e4hent\u00e4\u00e4 kiristystarvetta ja s\u00e4\u00e4st\u00e4\u00e4 osia kulumiselta. Se on suunniteltu erityisesti hiilikuitukomponentteihin [...]L\u00e4s mer \u2026 from MUC-OFF Carbon Gripper 75 g\" \/>\n<meta property=\"og:url\" content=\"https:\/\/vmsport.fi\/sv\/webbutik\/tillbehor\/tyokalut\/muc-off-kolgrepp-75-g\/\" \/>\n<meta property=\"og:site_name\" content=\"VM Sport\" \/>\n<meta property=\"article:publisher\" content=\"https:\/\/www.facebook.com\/Vmsport.fi\/\" \/>\n<meta property=\"article:modified_time\" content=\"2026-03-21T00:00:18+00:00\" \/>\n<meta property=\"og:image\" content=\"https:\/\/vmsport.fi\/wp-content\/uploads\/2025\/03\/349-S-1.jpg\" \/>\n\t<meta property=\"og:image:width\" content=\"571\" \/>\n\t<meta property=\"og:image:height\" content=\"571\" \/>\n\t<meta property=\"og:image:type\" content=\"image\/jpeg\" \/>\n<meta name=\"twitter:card\" content=\"summary_large_image\" \/>\n<meta name=\"twitter:label1\" content=\"Ber\u00e4knad l\u00e4stid\" \/>\n\t<meta name=\"twitter:data1\" content=\"1 minut\" \/>\n<script type=\"application\/ld+json\" class=\"yoast-schema-graph\">{\"@context\":\"https:\\\/\\\/schema.org\",\"@graph\":[{\"@type\":[\"WebPage\",\"ItemPage\"],\"@id\":\"https:\\\/\\\/vmsport.fi\\\/verkkokauppa\\\/tarvikkeet\\\/tyokalut\\\/muc-off-carbon-gripper-75-g\\\/\",\"url\":\"https:\\\/\\\/vmsport.fi\\\/verkkokauppa\\\/tarvikkeet\\\/tyokalut\\\/muc-off-carbon-gripper-75-g\\\/\",\"name\":\"MUC-OFF Carbon Gripper 75 g - VM Sport\",\"isPartOf\":{\"@id\":\"https:\\\/\\\/vmsport.fi\\\/#website\"},\"primaryImageOfPage\":{\"@id\":\"https:\\\/\\\/vmsport.fi\\\/verkkokauppa\\\/tarvikkeet\\\/tyokalut\\\/muc-off-carbon-gripper-75-g\\\/#primaryimage\"},\"image\":{\"@id\":\"https:\\\/\\\/vmsport.fi\\\/verkkokauppa\\\/tarvikkeet\\\/tyokalut\\\/muc-off-carbon-gripper-75-g\\\/#primaryimage\"},\"thumbnailUrl\":\"https:\\\/\\\/vmsport.fi\\\/wp-content\\\/uploads\\\/2025\\\/03\\\/349-S-1.jpg\",\"datePublished\":\"2025-03-05T21:33:46+00:00\",\"dateModified\":\"2026-03-21T00:00:18+00:00\",\"breadcrumb\":{\"@id\":\"https:\\\/\\\/vmsport.fi\\\/verkkokauppa\\\/tarvikkeet\\\/tyokalut\\\/muc-off-carbon-gripper-75-g\\\/#breadcrumb\"},\"inLanguage\":\"sv-SE\",\"potentialAction\":[{\"@type\":\"ReadAction\",\"target\":[\"https:\\\/\\\/vmsport.fi\\\/verkkokauppa\\\/tarvikkeet\\\/tyokalut\\\/muc-off-carbon-gripper-75-g\\\/\"]}]},{\"@type\":\"ImageObject\",\"inLanguage\":\"sv-SE\",\"@id\":\"https:\\\/\\\/vmsport.fi\\\/verkkokauppa\\\/tarvikkeet\\\/tyokalut\\\/muc-off-carbon-gripper-75-g\\\/#primaryimage\",\"url\":\"https:\\\/\\\/vmsport.fi\\\/wp-content\\\/uploads\\\/2025\\\/03\\\/349-S-1.jpg\",\"contentUrl\":\"https:\\\/\\\/vmsport.fi\\\/wp-content\\\/uploads\\\/2025\\\/03\\\/349-S-1.jpg\",\"width\":571,\"height\":571,\"caption\":\"349-S\"},{\"@type\":\"BreadcrumbList\",\"@id\":\"https:\\\/\\\/vmsport.fi\\\/verkkokauppa\\\/tarvikkeet\\\/tyokalut\\\/muc-off-carbon-gripper-75-g\\\/#breadcrumb\",\"itemListElement\":[{\"@type\":\"ListItem\",\"position\":1,\"name\":\"Etusivu\",\"item\":\"https:\\\/\\\/vmsport.fi\\\/\"},{\"@type\":\"ListItem\",\"position\":2,\"name\":\"Online Store\",\"item\":\"https:\\\/\\\/vmsport.fi\\\/en\\\/online-store\\\/\"},{\"@type\":\"ListItem\",\"position\":3,\"name\":\"MUC-OFF Carbon Gripper 75 g\"}]},{\"@type\":\"WebSite\",\"@id\":\"https:\\\/\\\/vmsport.fi\\\/#website\",\"url\":\"https:\\\/\\\/vmsport.fi\\\/\",\"name\":\"Vmsport\",\"description\":\"Kaikki py\u00f6r\u00e4ilyyn yhdest\u00e4 paikasta\",\"publisher\":{\"@id\":\"https:\\\/\\\/vmsport.fi\\\/#organization\"},\"potentialAction\":[{\"@type\":\"SearchAction\",\"target\":{\"@type\":\"EntryPoint\",\"urlTemplate\":\"https:\\\/\\\/vmsport.fi\\\/?s={search_term_string}\"},\"query-input\":{\"@type\":\"PropertyValueSpecification\",\"valueRequired\":true,\"valueName\":\"search_term_string\"}}],\"inLanguage\":\"sv-SE\"},{\"@type\":\"Organization\",\"@id\":\"https:\\\/\\\/vmsport.fi\\\/#organization\",\"name\":\"Vmsport\",\"url\":\"https:\\\/\\\/vmsport.fi\\\/\",\"logo\":{\"@type\":\"ImageObject\",\"inLanguage\":\"sv-SE\",\"@id\":\"https:\\\/\\\/vmsport.fi\\\/#\\\/schema\\\/logo\\\/image\\\/\",\"url\":\"https:\\\/\\\/vmsport.fi\\\/wp-content\\\/uploads\\\/2024\\\/12\\\/vm_sport_RGB_horisontal-e1734526017575.png\",\"contentUrl\":\"https:\\\/\\\/vmsport.fi\\\/wp-content\\\/uploads\\\/2024\\\/12\\\/vm_sport_RGB_horisontal-e1734526017575.png\",\"width\":668,\"height\":85,\"caption\":\"Vmsport\"},\"image\":{\"@id\":\"https:\\\/\\\/vmsport.fi\\\/#\\\/schema\\\/logo\\\/image\\\/\"},\"sameAs\":[\"https:\\\/\\\/www.facebook.com\\\/Vmsport.fi\\\/\",\"https:\\\/\\\/www.instagram.com\\\/vmsport\\\/\"]}]}<\/script>\n<!-- \/ Yoast SEO plugin. -->","yoast_head_json":{"title":"MUC-OFF Kolfibergrepp 75 g - VM Sport","robots":{"index":"index","follow":"follow","max-snippet":"max-snippet:-1","max-image-preview":"max-image-preview:large","max-video-preview":"max-video-preview:-1"},"canonical":"https:\/\/vmsport.fi\/sv\/webbutik\/tillbehor\/tyokalut\/muc-off-kolgrepp-75-g\/","og_locale":"sv_SE","og_type":"article","og_title":"MUC-OFF Carbon Gripper 75 g - VM Sport","og_description":"MUC-OFF Carbon Gripper 75 g on huolellisesti kehitetty kitkaliuos, joka ratkaisee hiilikuituosien asentamiseen liittyvi\u00e4 ongelmia. T\u00e4m\u00e4 erityisseos takaa turvallisen otteen hiilipintojen tai hiilen ja metallin v\u00e4lille, mik\u00e4 v\u00e4hent\u00e4\u00e4 tarvittavaa kiristysvoimaa ja est\u00e4\u00e4 osien liukumisen, liiallisen kirist\u00e4misen sek\u00e4 v\u00e4symisen. Tuote parantaa liitospintojen v\u00e4list\u00e4 kitkaa, mik\u00e4 v\u00e4hent\u00e4\u00e4 kiristystarvetta ja s\u00e4\u00e4st\u00e4\u00e4 osia kulumiselta. Se on suunniteltu erityisesti hiilikuitukomponentteihin [...]L\u00e4s mer \u2026 from MUC-OFF Carbon Gripper 75 g","og_url":"https:\/\/vmsport.fi\/sv\/webbutik\/tillbehor\/tyokalut\/muc-off-kolgrepp-75-g\/","og_site_name":"VM Sport","article_publisher":"https:\/\/www.facebook.com\/Vmsport.fi\/","article_modified_time":"2026-03-21T00:00:18+00:00","og_image":[{"width":571,"height":571,"url":"https:\/\/vmsport.fi\/wp-content\/uploads\/2025\/03\/349-S-1.jpg","type":"image\/jpeg"}],"twitter_card":"summary_large_image","twitter_misc":{"Ber\u00e4knad l\u00e4stid":"1 minut"},"schema":{"@context":"https:\/\/schema.org","@graph":[{"@type":["WebPage","ItemPage"],"@id":"https:\/\/vmsport.fi\/verkkokauppa\/tarvikkeet\/tyokalut\/muc-off-carbon-gripper-75-g\/","url":"https:\/\/vmsport.fi\/verkkokauppa\/tarvikkeet\/tyokalut\/muc-off-carbon-gripper-75-g\/","name":"MUC-OFF Kolfibergrepp 75 g - VM Sport","isPartOf":{"@id":"https:\/\/vmsport.fi\/#website"},"primaryImageOfPage":{"@id":"https:\/\/vmsport.fi\/verkkokauppa\/tarvikkeet\/tyokalut\/muc-off-carbon-gripper-75-g\/#primaryimage"},"image":{"@id":"https:\/\/vmsport.fi\/verkkokauppa\/tarvikkeet\/tyokalut\/muc-off-carbon-gripper-75-g\/#primaryimage"},"thumbnailUrl":"https:\/\/vmsport.fi\/wp-content\/uploads\/2025\/03\/349-S-1.jpg","datePublished":"2025-03-05T21:33:46+00:00","dateModified":"2026-03-21T00:00:18+00:00","breadcrumb":{"@id":"https:\/\/vmsport.fi\/verkkokauppa\/tarvikkeet\/tyokalut\/muc-off-carbon-gripper-75-g\/#breadcrumb"},"inLanguage":"sv-SE","potentialAction":[{"@type":"ReadAction","target":["https:\/\/vmsport.fi\/verkkokauppa\/tarvikkeet\/tyokalut\/muc-off-carbon-gripper-75-g\/"]}]},{"@type":"ImageObject","inLanguage":"sv-SE","@id":"https:\/\/vmsport.fi\/verkkokauppa\/tarvikkeet\/tyokalut\/muc-off-carbon-gripper-75-g\/#primaryimage","url":"https:\/\/vmsport.fi\/wp-content\/uploads\/2025\/03\/349-S-1.jpg","contentUrl":"https:\/\/vmsport.fi\/wp-content\/uploads\/2025\/03\/349-S-1.jpg","width":571,"height":571,"caption":"349-S"},{"@type":"BreadcrumbList","@id":"https:\/\/vmsport.fi\/verkkokauppa\/tarvikkeet\/tyokalut\/muc-off-carbon-gripper-75-g\/#breadcrumb","itemListElement":[{"@type":"ListItem","position":1,"name":"Etusivu","item":"https:\/\/vmsport.fi\/"},{"@type":"ListItem","position":2,"name":"Online Store","item":"https:\/\/vmsport.fi\/en\/online-store\/"},{"@type":"ListItem","position":3,"name":"MUC-OFF Carbon Gripper 75 g"}]},{"@type":"WebSite","@id":"https:\/\/vmsport.fi\/#website","url":"https:\/\/vmsport.fi\/","name":"Vmsport","description":"Allt p\u00e5 ett st\u00e4lle f\u00f6r cykling","publisher":{"@id":"https:\/\/vmsport.fi\/#organization"},"potentialAction":[{"@type":"SearchAction","target":{"@type":"EntryPoint","urlTemplate":"https:\/\/vmsport.fi\/?s={search_term_string}"},"query-input":{"@type":"PropertyValueSpecification","valueRequired":true,"valueName":"search_term_string"}}],"inLanguage":"sv-SE"},{"@type":"Organization","@id":"https:\/\/vmsport.fi\/#organization","name":"Vmsport","url":"https:\/\/vmsport.fi\/","logo":{"@type":"ImageObject","inLanguage":"sv-SE","@id":"https:\/\/vmsport.fi\/#\/schema\/logo\/image\/","url":"https:\/\/vmsport.fi\/wp-content\/uploads\/2024\/12\/vm_sport_RGB_horisontal-e1734526017575.png","contentUrl":"https:\/\/vmsport.fi\/wp-content\/uploads\/2024\/12\/vm_sport_RGB_horisontal-e1734526017575.png","width":668,"height":85,"caption":"Vmsport"},"image":{"@id":"https:\/\/vmsport.fi\/#\/schema\/logo\/image\/"},"sameAs":["https:\/\/www.facebook.com\/Vmsport.fi\/","https:\/\/www.instagram.com\/vmsport\/"]}]}},"global_unique_id":"","_links":{"self":[{"href":"https:\/\/vmsport.fi\/sv\/wp-json\/wp\/v2\/product\/52761","targetHints":{"allow":["GET"]}}],"collection":[{"href":"https:\/\/vmsport.fi\/sv\/wp-json\/wp\/v2\/product"}],"about":[{"href":"https:\/\/vmsport.fi\/sv\/wp-json\/wp\/v2\/types\/product"}],"replies":[{"embeddable":true,"href":"https:\/\/vmsport.fi\/sv\/wp-json\/wp\/v2\/comments?post=52761"}],"wp:featuredmedia":[{"embeddable":true,"href":"https:\/\/vmsport.fi\/sv\/wp-json\/wp\/v2\/media\/52759"}],"wp:attachment":[{"href":"https:\/\/vmsport.fi\/sv\/wp-json\/wp\/v2\/media?parent=52761"}],"wp:term":[{"taxonomy":"product_brand","embeddable":true,"href":"https:\/\/vmsport.fi\/sv\/wp-json\/wp\/v2\/product_brand?post=52761"},{"taxonomy":"product_model","embeddable":true,"href":"https:\/\/vmsport.fi\/sv\/wp-json\/wp\/v2\/product_model?post=52761"},{"taxonomy":"product_cat","embeddable":true,"href":"https:\/\/vmsport.fi\/sv\/wp-json\/wp\/v2\/product_cat?post=52761"},{"taxonomy":"product_tag","embeddable":true,"href":"https:\/\/vmsport.fi\/sv\/wp-json\/wp\/v2\/product_tag?post=52761"},{"taxonomy":"industry_terminology","embeddable":true,"href":"https:\/\/vmsport.fi\/sv\/wp-json\/wp\/v2\/industry-terminology?post=52761"}],"curies":[{"name":"wp","href":"https:\/\/api.w.org\/{rel}","templated":true}]}}