{"id":52756,"date":"2025-03-05T23:33:43","date_gmt":"2025-03-05T21:33:43","guid":{"rendered":"https:\/\/vmsport.fi\/verkkokauppa\/Ei-luokiteltu\/kasetti-9-v-12-25-cs-hg50-9-tiagra\/"},"modified":"2026-04-22T15:04:07","modified_gmt":"2026-04-22T12:04:07","slug":"kasetti-9-v-12-25-cs-hg50-9-tiagra","status":"publish","type":"product","link":"https:\/\/vmsport.fi\/sv\/verkkokauppa\/varaosat\/voimansiirto\/takarattaat\/kasetti-9-v-12-25-cs-hg50-9-tiagra\/","title":{"rendered":"Kassett 9-v 12-25 CS-HG50-9 Tiagra"},"content":{"rendered":"<p>Kasetti 9-v 12-25 CS-HG50-9 Tiagra tarjoaa sulavan ja luotettavan vaihteensiirron, mik\u00e4 tekee siit\u00e4 erinomaisen valinnan sek\u00e4 maantie- ett\u00e4 kaupunkipy\u00f6r\u00e4ilyyn. Hyperglide-tekniikan ansiosta vaihteiden vaihtaminen on nopeaa ja \u00e4\u00e4net\u00f6nt\u00e4, mik\u00e4 parantaa merkitt\u00e4v\u00e4sti ajomukavuutta. Nikkelipinnoitettu ter\u00e4srakenne takaa pitk\u00e4n k\u00e4ytt\u00f6i\u00e4n ja korroosionkest\u00e4vyyden. Suunnittelussa on hy\u00f6dynnetty strategisesti sijoitettuja ramppeja ja erikoishammastusprofiileja, jotka optimoivat ketjun ohjauksen.<\/p>\n<p>Kasetti on yhteensopiva Shimano Tiagra ja Sora -osasarjojen kanssa, ja se sopii sek\u00e4 maantie- ett\u00e4 kaupunkipy\u00f6riin. Se voidaan asentaa 8-, 9- tai 10-vaihteisiin Shimano Road\/MTB -vapaakappaleisiin ja my\u00f6s 11-vaihteisiin vapaakappaleisiin lis\u00e4tilan avulla. Kasetin yhteensopivuus ulottuu my\u00f6s tiettyihin vaihdevipuihin ja takavaihtajiin, mik\u00e4 tekee siit\u00e4 monipuolisen vaihtoehdon eri py\u00f6r\u00e4ilyalustoille.<\/p>\n<p>Suositellaan k\u00e4ytett\u00e4v\u00e4ksi HG 9-vaihteisten ketjujen kanssa, jolloin varmistetaan tehokas voimansiirto ja helppo huolto. Kasetin tarkkaan suunniteltu rakenne lis\u00e4\u00e4 ajon reagoivuutta, tarjoten miellytt\u00e4v\u00e4n ja vakaalla suorituskyvyll\u00e4 varustetun py\u00f6r\u00e4ilykokemuksen.<\/p>","protected":false},"excerpt":{"rendered":"<p>Kasetti 9-v 12-25 CS-HG50-9 Tiagra tarjoaa sulavan ja luotettavan vaihteensiirron, mik\u00e4 tekee siit\u00e4 erinomaisen valinnan sek\u00e4 maantie- ett\u00e4 kaupunkipy\u00f6r\u00e4ilyyn. Hyperglide-tekniikan ansiosta vaihteiden vaihtaminen on nopeaa ja \u00e4\u00e4net\u00f6nt\u00e4, mik\u00e4 parantaa merkitt\u00e4v\u00e4sti ajomukavuutta. Nikkelipinnoitettu ter\u00e4srakenne takaa pitk\u00e4n k\u00e4ytt\u00f6i\u00e4n ja korroosionkest\u00e4vyyden. Suunnittelussa on hy\u00f6dynnetty strategisesti sijoitettuja ramppeja ja erikoishammastusprofiileja, jotka optimoivat ketjun ohjauksen. Kasetti on yhteensopiva Shimano Tiagra [&#8230;]<\/p>\n<p><a class=\"btn btn-secondary understrap-read-more-link\" href=\"https:\/\/vmsport.fi\/sv\/verkkokauppa\/varaosat\/voimansiirto\/takarattaat\/kasetti-9-v-12-25-cs-hg50-9-tiagra\/\">L\u00e4s mer \u2026<span class=\"screen-reader-text\"> from Kasetti 9-v 12-25 CS-HG50-9 Tiagra<\/span><\/a><\/p>\n","protected":false},"featured_media":52755,"comment_status":"open","ping_status":"closed","template":"","meta":{"_acf_changed":false,"_improvement_type_select":"improve_an_existing","_thumb_yes_seoaic":false,"_frame_yes_seoaic":false,"seoaic_generate_description":"","seoaic_improve_instructions_prompt":"","seoaic_rollback_content_improvement":"","seoaic_idea_thumbnail_generator":"","thumbnail_generated":false,"thumbnail_generate_prompt":"","seoaic_article_description":"","_supplier_stock_quantity":0},"product_brand":[],"product_model":[],"product_cat":[9348],"product_tag":[],"industry-terminology":[],"class_list":{"0":"post-52756","1":"product","2":"type-product","3":"status-publish","4":"has-post-thumbnail","6":"product_cat-takarattaat","8":"first","9":"instock","10":"taxable","11":"shipping-taxable","12":"purchasable","13":"product-type-simple"},"acf":{"bike_features":null,"overview":{"copy_overview":null,"key_features":null,"statement":"","youtube_url":""}},"yoast_head":"<!-- This site is optimized with the Yoast SEO plugin v27.4 - https:\/\/yoast.com\/product\/yoast-seo-wordpress\/ -->\n<title>Kasetti 9-v 12-25 CS-HG50-9 Tiagra - VM Sport<\/title>\n<meta name=\"robots\" content=\"index, follow, max-snippet:-1, max-image-preview:large, max-video-preview:-1\" \/>\n<link rel=\"canonical\" href=\"https:\/\/vmsport.fi\/sv\/webbutik\/reservdelar\/transmission\/takarattaat\/kasetti-9-v-12-25-cs-hg50-9-tiagra\/\" \/>\n<meta property=\"og:locale\" content=\"sv_SE\" \/>\n<meta property=\"og:type\" content=\"article\" \/>\n<meta property=\"og:title\" content=\"Kasetti 9-v 12-25 CS-HG50-9 Tiagra - VM Sport\" \/>\n<meta property=\"og:description\" content=\"Kasetti 9-v 12-25 CS-HG50-9 Tiagra tarjoaa sulavan ja luotettavan vaihteensiirron, mik\u00e4 tekee siit\u00e4 erinomaisen valinnan sek\u00e4 maantie- ett\u00e4 kaupunkipy\u00f6r\u00e4ilyyn. Hyperglide-tekniikan ansiosta vaihteiden vaihtaminen on nopeaa ja \u00e4\u00e4net\u00f6nt\u00e4, mik\u00e4 parantaa merkitt\u00e4v\u00e4sti ajomukavuutta. Nikkelipinnoitettu ter\u00e4srakenne takaa pitk\u00e4n k\u00e4ytt\u00f6i\u00e4n ja korroosionkest\u00e4vyyden. Suunnittelussa on hy\u00f6dynnetty strategisesti sijoitettuja ramppeja ja erikoishammastusprofiileja, jotka optimoivat ketjun ohjauksen. Kasetti on yhteensopiva Shimano Tiagra [...]L\u00e4s mer \u2026 from Kasetti 9-v 12-25 CS-HG50-9 Tiagra\" \/>\n<meta property=\"og:url\" content=\"https:\/\/vmsport.fi\/sv\/webbutik\/reservdelar\/transmission\/takarattaat\/kasetti-9-v-12-25-cs-hg50-9-tiagra\/\" \/>\n<meta property=\"og:site_name\" content=\"VM Sport\" \/>\n<meta property=\"article:publisher\" content=\"https:\/\/www.facebook.com\/Vmsport.fi\/\" \/>\n<meta property=\"article:modified_time\" content=\"2026-04-22T12:04:07+00:00\" \/>\n<meta property=\"og:image\" content=\"https:\/\/vmsport.fi\/wp-content\/uploads\/2025\/03\/n0t2XWP7FcTjPhGG8Ec8nYivd2RgaKJO3JoszwgiCf9doBuvi9-1.jpg\" \/>\n\t<meta property=\"og:image:width\" content=\"600\" \/>\n\t<meta property=\"og:image:height\" content=\"600\" \/>\n\t<meta property=\"og:image:type\" content=\"image\/jpeg\" \/>\n<meta name=\"twitter:card\" content=\"summary_large_image\" \/>\n<meta name=\"twitter:label1\" content=\"Ber\u00e4knad l\u00e4stid\" \/>\n\t<meta name=\"twitter:data1\" content=\"1 minut\" \/>\n<script type=\"application\/ld+json\" class=\"yoast-schema-graph\">{\"@context\":\"https:\\\/\\\/schema.org\",\"@graph\":[{\"@type\":[\"WebPage\",\"ItemPage\"],\"@id\":\"https:\\\/\\\/vmsport.fi\\\/verkkokauppa\\\/varaosat\\\/voimansiirto\\\/takarattaat\\\/kasetti-9-v-12-25-cs-hg50-9-tiagra\\\/\",\"url\":\"https:\\\/\\\/vmsport.fi\\\/verkkokauppa\\\/varaosat\\\/voimansiirto\\\/takarattaat\\\/kasetti-9-v-12-25-cs-hg50-9-tiagra\\\/\",\"name\":\"Kasetti 9-v 12-25 CS-HG50-9 Tiagra - VM Sport\",\"isPartOf\":{\"@id\":\"https:\\\/\\\/vmsport.fi\\\/#website\"},\"primaryImageOfPage\":{\"@id\":\"https:\\\/\\\/vmsport.fi\\\/verkkokauppa\\\/varaosat\\\/voimansiirto\\\/takarattaat\\\/kasetti-9-v-12-25-cs-hg50-9-tiagra\\\/#primaryimage\"},\"image\":{\"@id\":\"https:\\\/\\\/vmsport.fi\\\/verkkokauppa\\\/varaosat\\\/voimansiirto\\\/takarattaat\\\/kasetti-9-v-12-25-cs-hg50-9-tiagra\\\/#primaryimage\"},\"thumbnailUrl\":\"https:\\\/\\\/vmsport.fi\\\/wp-content\\\/uploads\\\/2025\\\/03\\\/n0t2XWP7FcTjPhGG8Ec8nYivd2RgaKJO3JoszwgiCf9doBuvi9-1.jpg\",\"datePublished\":\"2025-03-05T21:33:43+00:00\",\"dateModified\":\"2026-04-22T12:04:07+00:00\",\"breadcrumb\":{\"@id\":\"https:\\\/\\\/vmsport.fi\\\/verkkokauppa\\\/varaosat\\\/voimansiirto\\\/takarattaat\\\/kasetti-9-v-12-25-cs-hg50-9-tiagra\\\/#breadcrumb\"},\"inLanguage\":\"sv-SE\",\"potentialAction\":[{\"@type\":\"ReadAction\",\"target\":[\"https:\\\/\\\/vmsport.fi\\\/verkkokauppa\\\/varaosat\\\/voimansiirto\\\/takarattaat\\\/kasetti-9-v-12-25-cs-hg50-9-tiagra\\\/\"]}]},{\"@type\":\"ImageObject\",\"inLanguage\":\"sv-SE\",\"@id\":\"https:\\\/\\\/vmsport.fi\\\/verkkokauppa\\\/varaosat\\\/voimansiirto\\\/takarattaat\\\/kasetti-9-v-12-25-cs-hg50-9-tiagra\\\/#primaryimage\",\"url\":\"https:\\\/\\\/vmsport.fi\\\/wp-content\\\/uploads\\\/2025\\\/03\\\/n0t2XWP7FcTjPhGG8Ec8nYivd2RgaKJO3JoszwgiCf9doBuvi9-1.jpg\",\"contentUrl\":\"https:\\\/\\\/vmsport.fi\\\/wp-content\\\/uploads\\\/2025\\\/03\\\/n0t2XWP7FcTjPhGG8Ec8nYivd2RgaKJO3JoszwgiCf9doBuvi9-1.jpg\",\"width\":600,\"height\":600,\"caption\":\"n0t2XWP7FcTjPhGG8Ec8nYivd2RgaKJO3JoszwgiCf9doBuvi9\"},{\"@type\":\"BreadcrumbList\",\"@id\":\"https:\\\/\\\/vmsport.fi\\\/verkkokauppa\\\/varaosat\\\/voimansiirto\\\/takarattaat\\\/kasetti-9-v-12-25-cs-hg50-9-tiagra\\\/#breadcrumb\",\"itemListElement\":[{\"@type\":\"ListItem\",\"position\":1,\"name\":\"Etusivu\",\"item\":\"https:\\\/\\\/vmsport.fi\\\/\"},{\"@type\":\"ListItem\",\"position\":2,\"name\":\"Online Store\",\"item\":\"https:\\\/\\\/vmsport.fi\\\/en\\\/online-store\\\/\"},{\"@type\":\"ListItem\",\"position\":3,\"name\":\"Kasetti 9-v 12-25 CS-HG50-9 Tiagra\"}]},{\"@type\":\"WebSite\",\"@id\":\"https:\\\/\\\/vmsport.fi\\\/#website\",\"url\":\"https:\\\/\\\/vmsport.fi\\\/\",\"name\":\"Vmsport\",\"description\":\"Kaikki py\u00f6r\u00e4ilyyn yhdest\u00e4 paikasta\",\"publisher\":{\"@id\":\"https:\\\/\\\/vmsport.fi\\\/#organization\"},\"potentialAction\":[{\"@type\":\"SearchAction\",\"target\":{\"@type\":\"EntryPoint\",\"urlTemplate\":\"https:\\\/\\\/vmsport.fi\\\/?s={search_term_string}\"},\"query-input\":{\"@type\":\"PropertyValueSpecification\",\"valueRequired\":true,\"valueName\":\"search_term_string\"}}],\"inLanguage\":\"sv-SE\"},{\"@type\":\"Organization\",\"@id\":\"https:\\\/\\\/vmsport.fi\\\/#organization\",\"name\":\"Vmsport\",\"url\":\"https:\\\/\\\/vmsport.fi\\\/\",\"logo\":{\"@type\":\"ImageObject\",\"inLanguage\":\"sv-SE\",\"@id\":\"https:\\\/\\\/vmsport.fi\\\/#\\\/schema\\\/logo\\\/image\\\/\",\"url\":\"https:\\\/\\\/vmsport.fi\\\/wp-content\\\/uploads\\\/2024\\\/12\\\/vm_sport_RGB_horisontal-e1734526017575.png\",\"contentUrl\":\"https:\\\/\\\/vmsport.fi\\\/wp-content\\\/uploads\\\/2024\\\/12\\\/vm_sport_RGB_horisontal-e1734526017575.png\",\"width\":668,\"height\":85,\"caption\":\"Vmsport\"},\"image\":{\"@id\":\"https:\\\/\\\/vmsport.fi\\\/#\\\/schema\\\/logo\\\/image\\\/\"},\"sameAs\":[\"https:\\\/\\\/www.facebook.com\\\/Vmsport.fi\\\/\",\"https:\\\/\\\/www.instagram.com\\\/vmsport\\\/\"]}]}<\/script>\n<!-- \/ Yoast SEO plugin. -->","yoast_head_json":{"title":"Kasetti 9-v 12-25 CS-HG50-9 Tiagra - VM Sport","robots":{"index":"index","follow":"follow","max-snippet":"max-snippet:-1","max-image-preview":"max-image-preview:large","max-video-preview":"max-video-preview:-1"},"canonical":"https:\/\/vmsport.fi\/sv\/webbutik\/reservdelar\/transmission\/takarattaat\/kasetti-9-v-12-25-cs-hg50-9-tiagra\/","og_locale":"sv_SE","og_type":"article","og_title":"Kasetti 9-v 12-25 CS-HG50-9 Tiagra - VM Sport","og_description":"Kasetti 9-v 12-25 CS-HG50-9 Tiagra tarjoaa sulavan ja luotettavan vaihteensiirron, mik\u00e4 tekee siit\u00e4 erinomaisen valinnan sek\u00e4 maantie- ett\u00e4 kaupunkipy\u00f6r\u00e4ilyyn. Hyperglide-tekniikan ansiosta vaihteiden vaihtaminen on nopeaa ja \u00e4\u00e4net\u00f6nt\u00e4, mik\u00e4 parantaa merkitt\u00e4v\u00e4sti ajomukavuutta. Nikkelipinnoitettu ter\u00e4srakenne takaa pitk\u00e4n k\u00e4ytt\u00f6i\u00e4n ja korroosionkest\u00e4vyyden. Suunnittelussa on hy\u00f6dynnetty strategisesti sijoitettuja ramppeja ja erikoishammastusprofiileja, jotka optimoivat ketjun ohjauksen. Kasetti on yhteensopiva Shimano Tiagra [...]L\u00e4s mer \u2026 from Kasetti 9-v 12-25 CS-HG50-9 Tiagra","og_url":"https:\/\/vmsport.fi\/sv\/webbutik\/reservdelar\/transmission\/takarattaat\/kasetti-9-v-12-25-cs-hg50-9-tiagra\/","og_site_name":"VM Sport","article_publisher":"https:\/\/www.facebook.com\/Vmsport.fi\/","article_modified_time":"2026-04-22T12:04:07+00:00","og_image":[{"width":600,"height":600,"url":"https:\/\/vmsport.fi\/wp-content\/uploads\/2025\/03\/n0t2XWP7FcTjPhGG8Ec8nYivd2RgaKJO3JoszwgiCf9doBuvi9-1.jpg","type":"image\/jpeg"}],"twitter_card":"summary_large_image","twitter_misc":{"Ber\u00e4knad l\u00e4stid":"1 minut"},"schema":{"@context":"https:\/\/schema.org","@graph":[{"@type":["WebPage","ItemPage"],"@id":"https:\/\/vmsport.fi\/verkkokauppa\/varaosat\/voimansiirto\/takarattaat\/kasetti-9-v-12-25-cs-hg50-9-tiagra\/","url":"https:\/\/vmsport.fi\/verkkokauppa\/varaosat\/voimansiirto\/takarattaat\/kasetti-9-v-12-25-cs-hg50-9-tiagra\/","name":"Kasetti 9-v 12-25 CS-HG50-9 Tiagra - VM Sport","isPartOf":{"@id":"https:\/\/vmsport.fi\/#website"},"primaryImageOfPage":{"@id":"https:\/\/vmsport.fi\/verkkokauppa\/varaosat\/voimansiirto\/takarattaat\/kasetti-9-v-12-25-cs-hg50-9-tiagra\/#primaryimage"},"image":{"@id":"https:\/\/vmsport.fi\/verkkokauppa\/varaosat\/voimansiirto\/takarattaat\/kasetti-9-v-12-25-cs-hg50-9-tiagra\/#primaryimage"},"thumbnailUrl":"https:\/\/vmsport.fi\/wp-content\/uploads\/2025\/03\/n0t2XWP7FcTjPhGG8Ec8nYivd2RgaKJO3JoszwgiCf9doBuvi9-1.jpg","datePublished":"2025-03-05T21:33:43+00:00","dateModified":"2026-04-22T12:04:07+00:00","breadcrumb":{"@id":"https:\/\/vmsport.fi\/verkkokauppa\/varaosat\/voimansiirto\/takarattaat\/kasetti-9-v-12-25-cs-hg50-9-tiagra\/#breadcrumb"},"inLanguage":"sv-SE","potentialAction":[{"@type":"ReadAction","target":["https:\/\/vmsport.fi\/verkkokauppa\/varaosat\/voimansiirto\/takarattaat\/kasetti-9-v-12-25-cs-hg50-9-tiagra\/"]}]},{"@type":"ImageObject","inLanguage":"sv-SE","@id":"https:\/\/vmsport.fi\/verkkokauppa\/varaosat\/voimansiirto\/takarattaat\/kasetti-9-v-12-25-cs-hg50-9-tiagra\/#primaryimage","url":"https:\/\/vmsport.fi\/wp-content\/uploads\/2025\/03\/n0t2XWP7FcTjPhGG8Ec8nYivd2RgaKJO3JoszwgiCf9doBuvi9-1.jpg","contentUrl":"https:\/\/vmsport.fi\/wp-content\/uploads\/2025\/03\/n0t2XWP7FcTjPhGG8Ec8nYivd2RgaKJO3JoszwgiCf9doBuvi9-1.jpg","width":600,"height":600,"caption":"n0t2XWP7FcTjPhGG8Ec8nYivd2RgaKJO3JoszwgiCf9doBuvi9"},{"@type":"BreadcrumbList","@id":"https:\/\/vmsport.fi\/verkkokauppa\/varaosat\/voimansiirto\/takarattaat\/kasetti-9-v-12-25-cs-hg50-9-tiagra\/#breadcrumb","itemListElement":[{"@type":"ListItem","position":1,"name":"Etusivu","item":"https:\/\/vmsport.fi\/"},{"@type":"ListItem","position":2,"name":"Online Store","item":"https:\/\/vmsport.fi\/en\/online-store\/"},{"@type":"ListItem","position":3,"name":"Kasetti 9-v 12-25 CS-HG50-9 Tiagra"}]},{"@type":"WebSite","@id":"https:\/\/vmsport.fi\/#website","url":"https:\/\/vmsport.fi\/","name":"Vmsport","description":"Allt p\u00e5 ett st\u00e4lle f\u00f6r cykling","publisher":{"@id":"https:\/\/vmsport.fi\/#organization"},"potentialAction":[{"@type":"SearchAction","target":{"@type":"EntryPoint","urlTemplate":"https:\/\/vmsport.fi\/?s={search_term_string}"},"query-input":{"@type":"PropertyValueSpecification","valueRequired":true,"valueName":"search_term_string"}}],"inLanguage":"sv-SE"},{"@type":"Organization","@id":"https:\/\/vmsport.fi\/#organization","name":"Vmsport","url":"https:\/\/vmsport.fi\/","logo":{"@type":"ImageObject","inLanguage":"sv-SE","@id":"https:\/\/vmsport.fi\/#\/schema\/logo\/image\/","url":"https:\/\/vmsport.fi\/wp-content\/uploads\/2024\/12\/vm_sport_RGB_horisontal-e1734526017575.png","contentUrl":"https:\/\/vmsport.fi\/wp-content\/uploads\/2024\/12\/vm_sport_RGB_horisontal-e1734526017575.png","width":668,"height":85,"caption":"Vmsport"},"image":{"@id":"https:\/\/vmsport.fi\/#\/schema\/logo\/image\/"},"sameAs":["https:\/\/www.facebook.com\/Vmsport.fi\/","https:\/\/www.instagram.com\/vmsport\/"]}]}},"global_unique_id":"","_links":{"self":[{"href":"https:\/\/vmsport.fi\/sv\/wp-json\/wp\/v2\/product\/52756","targetHints":{"allow":["GET"]}}],"collection":[{"href":"https:\/\/vmsport.fi\/sv\/wp-json\/wp\/v2\/product"}],"about":[{"href":"https:\/\/vmsport.fi\/sv\/wp-json\/wp\/v2\/types\/product"}],"replies":[{"embeddable":true,"href":"https:\/\/vmsport.fi\/sv\/wp-json\/wp\/v2\/comments?post=52756"}],"wp:featuredmedia":[{"embeddable":true,"href":"https:\/\/vmsport.fi\/sv\/wp-json\/wp\/v2\/media\/52755"}],"wp:attachment":[{"href":"https:\/\/vmsport.fi\/sv\/wp-json\/wp\/v2\/media?parent=52756"}],"wp:term":[{"taxonomy":"product_brand","embeddable":true,"href":"https:\/\/vmsport.fi\/sv\/wp-json\/wp\/v2\/product_brand?post=52756"},{"taxonomy":"product_model","embeddable":true,"href":"https:\/\/vmsport.fi\/sv\/wp-json\/wp\/v2\/product_model?post=52756"},{"taxonomy":"product_cat","embeddable":true,"href":"https:\/\/vmsport.fi\/sv\/wp-json\/wp\/v2\/product_cat?post=52756"},{"taxonomy":"product_tag","embeddable":true,"href":"https:\/\/vmsport.fi\/sv\/wp-json\/wp\/v2\/product_tag?post=52756"},{"taxonomy":"industry_terminology","embeddable":true,"href":"https:\/\/vmsport.fi\/sv\/wp-json\/wp\/v2\/industry-terminology?post=52756"}],"curies":[{"name":"wp","href":"https:\/\/api.w.org\/{rel}","templated":true}]}}