{"id":52749,"date":"2025-03-05T23:33:41","date_gmt":"2025-03-05T21:33:41","guid":{"rendered":"https:\/\/vmsport.fi\/verkkokauppa\/Ei-luokiteltu\/takaratas-nexus-20t-10kpl-hopea\/"},"modified":"2026-01-16T13:22:09","modified_gmt":"2026-01-16T11:22:09","slug":"bakhjul-nexus-20t-10st-silver","status":"publish","type":"product","link":"https:\/\/vmsport.fi\/sv\/verkkokauppa\/varaosat\/voimansiirto\/takarattaat\/takaratas-nexus-20t-10kpl-hopea\/","title":{"rendered":"Kedjehjul Nexus 20T 10st silver"},"content":{"rendered":"<p>Nexus 20T bakre kugghjul, silver, \u00e4r en h\u00f6gkvalitativ hjulkomponent som \u00e4r perfekt f\u00f6r v\u00e4xlar. Denna kugge erbjuder tillf\u00f6rlitlig kraft\u00f6verf\u00f6ring och g\u00f6r den till ett idealiskt val f\u00f6r cyklister som v\u00e4rdes\u00e4tter h\u00e5llbarhet och prestanda. Dess exakt utformade konstruktion s\u00e4kerst\u00e4ller smidiga v\u00e4xlingar och f\u00f6rb\u00e4ttrar k\u00f6rkomforten. Oavsett om ditt m\u00e5l \u00e4r att byta ut en gammal del eller uppgradera din cykel uppfyller den h\u00e4r produkten dina krav utan att kompromissa med kvalitet och h\u00e5llbarhet.<\/p>","protected":false},"excerpt":{"rendered":"<p>Takaratas Nexus 20T, hopeanv\u00e4rinen, on korkealaatuinen py\u00f6r\u00e4n osa, joka sopii erinomaisesti vaihdepy\u00f6riin. T\u00e4m\u00e4 hammasratas tarjoaa luotettavan voimansiirron ja tekee siit\u00e4 ihanteellisen valinnan py\u00f6r\u00e4ilij\u00f6ille, jotka arvostavat kest\u00e4vyytt\u00e4 ja suorituskyky\u00e4. Sen tarkasti suunniteltu rakenne varmistaa sujuvat vaihteenvaihdot ja parantaa ajomukavuutta. Olipa tavoitteesi sitten vanhan osan korvaaminen tai py\u00f6r\u00e4si p\u00e4ivitt\u00e4minen, t\u00e4m\u00e4 tuote t\u00e4ytt\u00e4\u00e4 vaatimukset laadusta ja kest\u00e4vyydest\u00e4 tinkim\u00e4tt\u00e4. [&#8230;]<\/p>\n<p><a class=\"btn btn-secondary understrap-read-more-link\" href=\"https:\/\/vmsport.fi\/sv\/verkkokauppa\/varaosat\/voimansiirto\/takarattaat\/takaratas-nexus-20t-10kpl-hopea\/\">L\u00e4s mer \u2026<span class=\"screen-reader-text\"> from Takaratas Nexus 20T 10kpl hopea<\/span><\/a><\/p>\n","protected":false},"featured_media":52748,"comment_status":"open","ping_status":"closed","template":"","meta":{"_acf_changed":false,"_improvement_type_select":"improve_an_existing","_thumb_yes_seoaic":false,"_frame_yes_seoaic":false,"seoaic_generate_description":"","seoaic_improve_instructions_prompt":"","seoaic_rollback_content_improvement":"","seoaic_idea_thumbnail_generator":"","thumbnail_generated":false,"thumbnail_generate_prompt":"","seoaic_article_description":"","_supplier_stock_quantity":0},"product_brand":[],"product_model":[],"product_cat":[9348],"product_tag":[],"industry-terminology":[],"class_list":{"0":"post-52749","1":"product","2":"type-product","3":"status-publish","4":"has-post-thumbnail","6":"product_cat-takarattaat","8":"first","9":"outofstock","10":"taxable","11":"shipping-taxable","12":"product-type-simple"},"acf":{"bike_features":null,"overview":{"copy_overview":null,"key_features":null,"statement":"","youtube_url":""}},"yoast_head":"<!-- This site is optimized with the Yoast SEO plugin v27.3 - https:\/\/yoast.com\/product\/yoast-seo-wordpress\/ -->\n<title>Takaratas Nexus 20T 10kpl hopea - VM Sport<\/title>\n<meta name=\"robots\" content=\"index, follow, max-snippet:-1, max-image-preview:large, max-video-preview:-1\" \/>\n<link rel=\"canonical\" href=\"https:\/\/vmsport.fi\/sv\/webbutik\/reservdelar\/transmission\/takarattaat\/bakhjul-nexus-20t-10st-silver\/\" \/>\n<meta property=\"og:locale\" content=\"sv_SE\" \/>\n<meta property=\"og:type\" content=\"article\" \/>\n<meta property=\"og:title\" content=\"Takaratas Nexus 20T 10kpl hopea - VM Sport\" \/>\n<meta property=\"og:description\" content=\"Takaratas Nexus 20T, hopeanv\u00e4rinen, on korkealaatuinen py\u00f6r\u00e4n osa, joka sopii erinomaisesti vaihdepy\u00f6riin. T\u00e4m\u00e4 hammasratas tarjoaa luotettavan voimansiirron ja tekee siit\u00e4 ihanteellisen valinnan py\u00f6r\u00e4ilij\u00f6ille, jotka arvostavat kest\u00e4vyytt\u00e4 ja suorituskyky\u00e4. Sen tarkasti suunniteltu rakenne varmistaa sujuvat vaihteenvaihdot ja parantaa ajomukavuutta. Olipa tavoitteesi sitten vanhan osan korvaaminen tai py\u00f6r\u00e4si p\u00e4ivitt\u00e4minen, t\u00e4m\u00e4 tuote t\u00e4ytt\u00e4\u00e4 vaatimukset laadusta ja kest\u00e4vyydest\u00e4 tinkim\u00e4tt\u00e4. [...]L\u00e4s mer \u2026 from Takaratas Nexus 20T 10kpl hopea\" \/>\n<meta property=\"og:url\" content=\"https:\/\/vmsport.fi\/sv\/webbutik\/reservdelar\/transmission\/takarattaat\/bakhjul-nexus-20t-10st-silver\/\" \/>\n<meta property=\"og:site_name\" content=\"VM Sport\" \/>\n<meta property=\"article:publisher\" content=\"https:\/\/www.facebook.com\/Vmsport.fi\/\" \/>\n<meta property=\"article:modified_time\" content=\"2026-01-16T11:22:09+00:00\" \/>\n<meta property=\"og:image\" content=\"https:\/\/vmsport.fi\/wp-content\/uploads\/2025\/03\/dFat9WaXpWHKc0bJDFi8GDJlSv74P7vvsyvCxEhzQh4YkHGcRT-1.jpg\" \/>\n\t<meta property=\"og:image:width\" content=\"591\" \/>\n\t<meta property=\"og:image:height\" content=\"600\" \/>\n\t<meta property=\"og:image:type\" content=\"image\/jpeg\" \/>\n<meta name=\"twitter:card\" content=\"summary_large_image\" \/>\n<script type=\"application\/ld+json\" class=\"yoast-schema-graph\">{\"@context\":\"https:\\\/\\\/schema.org\",\"@graph\":[{\"@type\":[\"WebPage\",\"ItemPage\"],\"@id\":\"https:\\\/\\\/vmsport.fi\\\/verkkokauppa\\\/varaosat\\\/voimansiirto\\\/takarattaat\\\/takaratas-nexus-20t-10kpl-hopea\\\/\",\"url\":\"https:\\\/\\\/vmsport.fi\\\/verkkokauppa\\\/varaosat\\\/voimansiirto\\\/takarattaat\\\/takaratas-nexus-20t-10kpl-hopea\\\/\",\"name\":\"Takaratas Nexus 20T 10kpl hopea - VM Sport\",\"isPartOf\":{\"@id\":\"https:\\\/\\\/vmsport.fi\\\/#website\"},\"primaryImageOfPage\":{\"@id\":\"https:\\\/\\\/vmsport.fi\\\/verkkokauppa\\\/varaosat\\\/voimansiirto\\\/takarattaat\\\/takaratas-nexus-20t-10kpl-hopea\\\/#primaryimage\"},\"image\":{\"@id\":\"https:\\\/\\\/vmsport.fi\\\/verkkokauppa\\\/varaosat\\\/voimansiirto\\\/takarattaat\\\/takaratas-nexus-20t-10kpl-hopea\\\/#primaryimage\"},\"thumbnailUrl\":\"https:\\\/\\\/vmsport.fi\\\/wp-content\\\/uploads\\\/2025\\\/03\\\/dFat9WaXpWHKc0bJDFi8GDJlSv74P7vvsyvCxEhzQh4YkHGcRT-1.jpg\",\"datePublished\":\"2025-03-05T21:33:41+00:00\",\"dateModified\":\"2026-01-16T11:22:09+00:00\",\"breadcrumb\":{\"@id\":\"https:\\\/\\\/vmsport.fi\\\/verkkokauppa\\\/varaosat\\\/voimansiirto\\\/takarattaat\\\/takaratas-nexus-20t-10kpl-hopea\\\/#breadcrumb\"},\"inLanguage\":\"sv-SE\",\"potentialAction\":[{\"@type\":\"ReadAction\",\"target\":[\"https:\\\/\\\/vmsport.fi\\\/verkkokauppa\\\/varaosat\\\/voimansiirto\\\/takarattaat\\\/takaratas-nexus-20t-10kpl-hopea\\\/\"]}]},{\"@type\":\"ImageObject\",\"inLanguage\":\"sv-SE\",\"@id\":\"https:\\\/\\\/vmsport.fi\\\/verkkokauppa\\\/varaosat\\\/voimansiirto\\\/takarattaat\\\/takaratas-nexus-20t-10kpl-hopea\\\/#primaryimage\",\"url\":\"https:\\\/\\\/vmsport.fi\\\/wp-content\\\/uploads\\\/2025\\\/03\\\/dFat9WaXpWHKc0bJDFi8GDJlSv74P7vvsyvCxEhzQh4YkHGcRT-1.jpg\",\"contentUrl\":\"https:\\\/\\\/vmsport.fi\\\/wp-content\\\/uploads\\\/2025\\\/03\\\/dFat9WaXpWHKc0bJDFi8GDJlSv74P7vvsyvCxEhzQh4YkHGcRT-1.jpg\",\"width\":591,\"height\":600,\"caption\":\"dFat9WaXpWHKc0bJDFi8GDJlSv74P7vvsyvCxEhzQh4YkHGcRT\"},{\"@type\":\"BreadcrumbList\",\"@id\":\"https:\\\/\\\/vmsport.fi\\\/verkkokauppa\\\/varaosat\\\/voimansiirto\\\/takarattaat\\\/takaratas-nexus-20t-10kpl-hopea\\\/#breadcrumb\",\"itemListElement\":[{\"@type\":\"ListItem\",\"position\":1,\"name\":\"Etusivu\",\"item\":\"https:\\\/\\\/vmsport.fi\\\/\"},{\"@type\":\"ListItem\",\"position\":2,\"name\":\"Online Store\",\"item\":\"https:\\\/\\\/vmsport.fi\\\/en\\\/online-store\\\/\"},{\"@type\":\"ListItem\",\"position\":3,\"name\":\"Takaratas Nexus 20T 10kpl hopea\"}]},{\"@type\":\"WebSite\",\"@id\":\"https:\\\/\\\/vmsport.fi\\\/#website\",\"url\":\"https:\\\/\\\/vmsport.fi\\\/\",\"name\":\"Vmsport\",\"description\":\"Kaikki py\u00f6r\u00e4ilyyn yhdest\u00e4 paikasta\",\"publisher\":{\"@id\":\"https:\\\/\\\/vmsport.fi\\\/#organization\"},\"potentialAction\":[{\"@type\":\"SearchAction\",\"target\":{\"@type\":\"EntryPoint\",\"urlTemplate\":\"https:\\\/\\\/vmsport.fi\\\/?s={search_term_string}\"},\"query-input\":{\"@type\":\"PropertyValueSpecification\",\"valueRequired\":true,\"valueName\":\"search_term_string\"}}],\"inLanguage\":\"sv-SE\"},{\"@type\":\"Organization\",\"@id\":\"https:\\\/\\\/vmsport.fi\\\/#organization\",\"name\":\"Vmsport\",\"url\":\"https:\\\/\\\/vmsport.fi\\\/\",\"logo\":{\"@type\":\"ImageObject\",\"inLanguage\":\"sv-SE\",\"@id\":\"https:\\\/\\\/vmsport.fi\\\/#\\\/schema\\\/logo\\\/image\\\/\",\"url\":\"https:\\\/\\\/vmsport.fi\\\/wp-content\\\/uploads\\\/2024\\\/12\\\/vm_sport_RGB_horisontal-e1734526017575.png\",\"contentUrl\":\"https:\\\/\\\/vmsport.fi\\\/wp-content\\\/uploads\\\/2024\\\/12\\\/vm_sport_RGB_horisontal-e1734526017575.png\",\"width\":668,\"height\":85,\"caption\":\"Vmsport\"},\"image\":{\"@id\":\"https:\\\/\\\/vmsport.fi\\\/#\\\/schema\\\/logo\\\/image\\\/\"},\"sameAs\":[\"https:\\\/\\\/www.facebook.com\\\/Vmsport.fi\\\/\",\"https:\\\/\\\/www.instagram.com\\\/vmsport\\\/\"]}]}<\/script>\n<!-- \/ Yoast SEO plugin. -->","yoast_head_json":{"title":"Kedjehjul Nexus 20T 10st silver - VM Sport","robots":{"index":"index","follow":"follow","max-snippet":"max-snippet:-1","max-image-preview":"max-image-preview:large","max-video-preview":"max-video-preview:-1"},"canonical":"https:\/\/vmsport.fi\/sv\/webbutik\/reservdelar\/transmission\/takarattaat\/bakhjul-nexus-20t-10st-silver\/","og_locale":"sv_SE","og_type":"article","og_title":"Takaratas Nexus 20T 10kpl hopea - VM Sport","og_description":"Takaratas Nexus 20T, hopeanv\u00e4rinen, on korkealaatuinen py\u00f6r\u00e4n osa, joka sopii erinomaisesti vaihdepy\u00f6riin. T\u00e4m\u00e4 hammasratas tarjoaa luotettavan voimansiirron ja tekee siit\u00e4 ihanteellisen valinnan py\u00f6r\u00e4ilij\u00f6ille, jotka arvostavat kest\u00e4vyytt\u00e4 ja suorituskyky\u00e4. Sen tarkasti suunniteltu rakenne varmistaa sujuvat vaihteenvaihdot ja parantaa ajomukavuutta. Olipa tavoitteesi sitten vanhan osan korvaaminen tai py\u00f6r\u00e4si p\u00e4ivitt\u00e4minen, t\u00e4m\u00e4 tuote t\u00e4ytt\u00e4\u00e4 vaatimukset laadusta ja kest\u00e4vyydest\u00e4 tinkim\u00e4tt\u00e4. [...]L\u00e4s mer \u2026 from Takaratas Nexus 20T 10kpl hopea","og_url":"https:\/\/vmsport.fi\/sv\/webbutik\/reservdelar\/transmission\/takarattaat\/bakhjul-nexus-20t-10st-silver\/","og_site_name":"VM Sport","article_publisher":"https:\/\/www.facebook.com\/Vmsport.fi\/","article_modified_time":"2026-01-16T11:22:09+00:00","og_image":[{"width":591,"height":600,"url":"https:\/\/vmsport.fi\/wp-content\/uploads\/2025\/03\/dFat9WaXpWHKc0bJDFi8GDJlSv74P7vvsyvCxEhzQh4YkHGcRT-1.jpg","type":"image\/jpeg"}],"twitter_card":"summary_large_image","schema":{"@context":"https:\/\/schema.org","@graph":[{"@type":["WebPage","ItemPage"],"@id":"https:\/\/vmsport.fi\/verkkokauppa\/varaosat\/voimansiirto\/takarattaat\/takaratas-nexus-20t-10kpl-hopea\/","url":"https:\/\/vmsport.fi\/verkkokauppa\/varaosat\/voimansiirto\/takarattaat\/takaratas-nexus-20t-10kpl-hopea\/","name":"Kedjehjul Nexus 20T 10st silver - VM Sport","isPartOf":{"@id":"https:\/\/vmsport.fi\/#website"},"primaryImageOfPage":{"@id":"https:\/\/vmsport.fi\/verkkokauppa\/varaosat\/voimansiirto\/takarattaat\/takaratas-nexus-20t-10kpl-hopea\/#primaryimage"},"image":{"@id":"https:\/\/vmsport.fi\/verkkokauppa\/varaosat\/voimansiirto\/takarattaat\/takaratas-nexus-20t-10kpl-hopea\/#primaryimage"},"thumbnailUrl":"https:\/\/vmsport.fi\/wp-content\/uploads\/2025\/03\/dFat9WaXpWHKc0bJDFi8GDJlSv74P7vvsyvCxEhzQh4YkHGcRT-1.jpg","datePublished":"2025-03-05T21:33:41+00:00","dateModified":"2026-01-16T11:22:09+00:00","breadcrumb":{"@id":"https:\/\/vmsport.fi\/verkkokauppa\/varaosat\/voimansiirto\/takarattaat\/takaratas-nexus-20t-10kpl-hopea\/#breadcrumb"},"inLanguage":"sv-SE","potentialAction":[{"@type":"ReadAction","target":["https:\/\/vmsport.fi\/verkkokauppa\/varaosat\/voimansiirto\/takarattaat\/takaratas-nexus-20t-10kpl-hopea\/"]}]},{"@type":"ImageObject","inLanguage":"sv-SE","@id":"https:\/\/vmsport.fi\/verkkokauppa\/varaosat\/voimansiirto\/takarattaat\/takaratas-nexus-20t-10kpl-hopea\/#primaryimage","url":"https:\/\/vmsport.fi\/wp-content\/uploads\/2025\/03\/dFat9WaXpWHKc0bJDFi8GDJlSv74P7vvsyvCxEhzQh4YkHGcRT-1.jpg","contentUrl":"https:\/\/vmsport.fi\/wp-content\/uploads\/2025\/03\/dFat9WaXpWHKc0bJDFi8GDJlSv74P7vvsyvCxEhzQh4YkHGcRT-1.jpg","width":591,"height":600,"caption":"dFat9WaXpWHKc0bJDFi8GDJlSv74P7vvsyvCxEhzQh4YkHGcRT"},{"@type":"BreadcrumbList","@id":"https:\/\/vmsport.fi\/verkkokauppa\/varaosat\/voimansiirto\/takarattaat\/takaratas-nexus-20t-10kpl-hopea\/#breadcrumb","itemListElement":[{"@type":"ListItem","position":1,"name":"Etusivu","item":"https:\/\/vmsport.fi\/"},{"@type":"ListItem","position":2,"name":"Online Store","item":"https:\/\/vmsport.fi\/en\/online-store\/"},{"@type":"ListItem","position":3,"name":"Takaratas Nexus 20T 10kpl hopea"}]},{"@type":"WebSite","@id":"https:\/\/vmsport.fi\/#website","url":"https:\/\/vmsport.fi\/","name":"Vmsport","description":"Allt p\u00e5 ett st\u00e4lle f\u00f6r cykling","publisher":{"@id":"https:\/\/vmsport.fi\/#organization"},"potentialAction":[{"@type":"SearchAction","target":{"@type":"EntryPoint","urlTemplate":"https:\/\/vmsport.fi\/?s={search_term_string}"},"query-input":{"@type":"PropertyValueSpecification","valueRequired":true,"valueName":"search_term_string"}}],"inLanguage":"sv-SE"},{"@type":"Organization","@id":"https:\/\/vmsport.fi\/#organization","name":"Vmsport","url":"https:\/\/vmsport.fi\/","logo":{"@type":"ImageObject","inLanguage":"sv-SE","@id":"https:\/\/vmsport.fi\/#\/schema\/logo\/image\/","url":"https:\/\/vmsport.fi\/wp-content\/uploads\/2024\/12\/vm_sport_RGB_horisontal-e1734526017575.png","contentUrl":"https:\/\/vmsport.fi\/wp-content\/uploads\/2024\/12\/vm_sport_RGB_horisontal-e1734526017575.png","width":668,"height":85,"caption":"Vmsport"},"image":{"@id":"https:\/\/vmsport.fi\/#\/schema\/logo\/image\/"},"sameAs":["https:\/\/www.facebook.com\/Vmsport.fi\/","https:\/\/www.instagram.com\/vmsport\/"]}]}},"global_unique_id":"","_links":{"self":[{"href":"https:\/\/vmsport.fi\/sv\/wp-json\/wp\/v2\/product\/52749","targetHints":{"allow":["GET"]}}],"collection":[{"href":"https:\/\/vmsport.fi\/sv\/wp-json\/wp\/v2\/product"}],"about":[{"href":"https:\/\/vmsport.fi\/sv\/wp-json\/wp\/v2\/types\/product"}],"replies":[{"embeddable":true,"href":"https:\/\/vmsport.fi\/sv\/wp-json\/wp\/v2\/comments?post=52749"}],"wp:featuredmedia":[{"embeddable":true,"href":"https:\/\/vmsport.fi\/sv\/wp-json\/wp\/v2\/media\/52748"}],"wp:attachment":[{"href":"https:\/\/vmsport.fi\/sv\/wp-json\/wp\/v2\/media?parent=52749"}],"wp:term":[{"taxonomy":"product_brand","embeddable":true,"href":"https:\/\/vmsport.fi\/sv\/wp-json\/wp\/v2\/product_brand?post=52749"},{"taxonomy":"product_model","embeddable":true,"href":"https:\/\/vmsport.fi\/sv\/wp-json\/wp\/v2\/product_model?post=52749"},{"taxonomy":"product_cat","embeddable":true,"href":"https:\/\/vmsport.fi\/sv\/wp-json\/wp\/v2\/product_cat?post=52749"},{"taxonomy":"product_tag","embeddable":true,"href":"https:\/\/vmsport.fi\/sv\/wp-json\/wp\/v2\/product_tag?post=52749"},{"taxonomy":"industry_terminology","embeddable":true,"href":"https:\/\/vmsport.fi\/sv\/wp-json\/wp\/v2\/industry-terminology?post=52749"}],"curies":[{"name":"wp","href":"https:\/\/api.w.org\/{rel}","templated":true}]}}