{"id":52744,"date":"2025-03-05T23:33:38","date_gmt":"2025-03-05T21:33:38","guid":{"rendered":"https:\/\/vmsport.fi\/verkkokauppa\/Ei-luokiteltu\/bontrager-dc-3248-10-11-speed-freehub-body\/"},"modified":"2026-04-22T15:05:15","modified_gmt":"2026-04-22T12:05:15","slug":"bontrager-dc-3248-10-11-vaxlar-frihjulshus","status":"publish","type":"product","link":"https:\/\/vmsport.fi\/sv\/verkkokauppa\/varaosat\/kiekot-ja-navat\/navat-ja-osat\/bontrager-dc-3248-10-11-speed-freehub-body\/","title":{"rendered":"Bontrager DC-3248 10\/11-v\u00e4xlad frihjulsh\u00e5llare"},"content":{"rendered":"<p>Bontragers DC-3248 frihjulsram \u00e4r utformad f\u00f6r att passa b\u00e5de 10- och 11-v\u00e4xlade kassetter, vilket g\u00f6r den till ett m\u00e5ngsidigt tillbeh\u00f6r till din cykel. Den passar med ett 148 mm brett kassettutrymme, vilket ger en perfekt passform p\u00e5 Bontrager-hjul. Den svarta f\u00e4rgen ger den ett sofistikerat men \u00e4nd\u00e5 diskret utseende. Denna del kommer att f\u00f6rl\u00e4nga livsl\u00e4ngden p\u00e5 din cykel och s\u00e4kerst\u00e4lla att den fungerar smidigt. Observera att tillverkaren kan \u00e4ndra produktdetaljer, s\u00e5 kontrollera aktuell information vid k\u00f6ptillf\u00e4llet.<\/p>","protected":false},"excerpt":{"rendered":"<p>Bontrager DC-3248 vapaaratasrunko on suunniteltu tukemaan sek\u00e4 10- ett\u00e4 11-vaihteisia kasetteja, joten se on monipuolinen lis\u00e4varuste py\u00f6r\u00e4llesi. Se sopii 148 mm leve\u00e4n kasettitilan kanssa, mik\u00e4 takaa t\u00e4ydellisen istuvuuden Bontragerin py\u00f6riin. Musta v\u00e4ri antaa sille hienostuneen, mutta huomaamattoman ulkon\u00e4\u00f6n. T\u00e4m\u00e4 osa pident\u00e4\u00e4 py\u00f6r\u00e4si k\u00e4ytt\u00f6ik\u00e4\u00e4 ja varmistaa sen sujuvan toiminnan. Huomioithan, ett\u00e4 valmistaja voi muuttaa tuotteen yksityiskohtia, [&#8230;]<\/p>\n<p><a class=\"btn btn-secondary understrap-read-more-link\" href=\"https:\/\/vmsport.fi\/sv\/verkkokauppa\/varaosat\/kiekot-ja-navat\/navat-ja-osat\/bontrager-dc-3248-10-11-speed-freehub-body\/\">L\u00e4s mer \u2026<span class=\"screen-reader-text\"> from Bontrager DC-3248 10\/11-Speed Freehub Body<\/span><\/a><\/p>\n","protected":false},"featured_media":52743,"comment_status":"open","ping_status":"closed","template":"","meta":{"_acf_changed":false,"_improvement_type_select":"improve_an_existing","_thumb_yes_seoaic":false,"_frame_yes_seoaic":false,"seoaic_generate_description":"","seoaic_improve_instructions_prompt":"","seoaic_rollback_content_improvement":"","seoaic_idea_thumbnail_generator":"","thumbnail_generated":false,"thumbnail_generate_prompt":"","seoaic_article_description":"","_supplier_stock_quantity":0},"product_brand":[],"product_model":[],"product_cat":[9248],"product_tag":[],"industry-terminology":[],"class_list":{"0":"post-52744","1":"product","2":"type-product","3":"status-publish","4":"has-post-thumbnail","6":"product_cat-navat-ja-osat","8":"first","9":"instock","10":"taxable","11":"shipping-taxable","12":"purchasable","13":"product-type-simple"},"acf":{"bike_features":null,"overview":{"copy_overview":null,"key_features":null,"statement":"","youtube_url":""}},"yoast_head":"<!-- This site is optimized with the Yoast SEO plugin v27.4 - https:\/\/yoast.com\/product\/yoast-seo-wordpress\/ -->\n<title>Bontrager DC-3248 10\/11-Speed Freehub Body - VM Sport<\/title>\n<meta name=\"robots\" content=\"index, follow, max-snippet:-1, max-image-preview:large, max-video-preview:-1\" \/>\n<link rel=\"canonical\" href=\"https:\/\/vmsport.fi\/sv\/webbutik\/reservdelar\/skivor-och-nav\/stolpar-och-delar\/bontrager-dc-3248-10-11-vaxlar-frihjulshus\/\" \/>\n<meta property=\"og:locale\" content=\"sv_SE\" \/>\n<meta property=\"og:type\" content=\"article\" \/>\n<meta property=\"og:title\" content=\"Bontrager DC-3248 10\/11-Speed Freehub Body - VM Sport\" \/>\n<meta property=\"og:description\" content=\"Bontrager DC-3248 vapaaratasrunko on suunniteltu tukemaan sek\u00e4 10- ett\u00e4 11-vaihteisia kasetteja, joten se on monipuolinen lis\u00e4varuste py\u00f6r\u00e4llesi. Se sopii 148 mm leve\u00e4n kasettitilan kanssa, mik\u00e4 takaa t\u00e4ydellisen istuvuuden Bontragerin py\u00f6riin. Musta v\u00e4ri antaa sille hienostuneen, mutta huomaamattoman ulkon\u00e4\u00f6n. T\u00e4m\u00e4 osa pident\u00e4\u00e4 py\u00f6r\u00e4si k\u00e4ytt\u00f6ik\u00e4\u00e4 ja varmistaa sen sujuvan toiminnan. Huomioithan, ett\u00e4 valmistaja voi muuttaa tuotteen yksityiskohtia, [...]L\u00e4s mer \u2026 from Bontrager DC-3248 10\/11-Speed Freehub Body\" \/>\n<meta property=\"og:url\" content=\"https:\/\/vmsport.fi\/sv\/webbutik\/reservdelar\/skivor-och-nav\/stolpar-och-delar\/bontrager-dc-3248-10-11-vaxlar-frihjulshus\/\" \/>\n<meta property=\"og:site_name\" content=\"VM Sport\" \/>\n<meta property=\"article:publisher\" content=\"https:\/\/www.facebook.com\/Vmsport.fi\/\" \/>\n<meta property=\"article:modified_time\" content=\"2026-04-22T12:05:15+00:00\" \/>\n<meta property=\"og:image\" content=\"https:\/\/vmsport.fi\/wp-content\/uploads\/2025\/03\/kkpj57S6Z1OWsO73LahuvtAlvJvTeLjUn26BWN1mfDxkQLYBmD-1.jpg\" \/>\n\t<meta property=\"og:image:width\" content=\"1000\" \/>\n\t<meta property=\"og:image:height\" content=\"750\" \/>\n\t<meta property=\"og:image:type\" content=\"image\/jpeg\" \/>\n<meta name=\"twitter:card\" content=\"summary_large_image\" \/>\n<script type=\"application\/ld+json\" class=\"yoast-schema-graph\">{\"@context\":\"https:\\\/\\\/schema.org\",\"@graph\":[{\"@type\":[\"WebPage\",\"ItemPage\"],\"@id\":\"https:\\\/\\\/vmsport.fi\\\/verkkokauppa\\\/varaosat\\\/kiekot-ja-navat\\\/navat-ja-osat\\\/bontrager-dc-3248-10-11-speed-freehub-body\\\/\",\"url\":\"https:\\\/\\\/vmsport.fi\\\/verkkokauppa\\\/varaosat\\\/kiekot-ja-navat\\\/navat-ja-osat\\\/bontrager-dc-3248-10-11-speed-freehub-body\\\/\",\"name\":\"Bontrager DC-3248 10\\\/11-Speed Freehub Body - VM Sport\",\"isPartOf\":{\"@id\":\"https:\\\/\\\/vmsport.fi\\\/#website\"},\"primaryImageOfPage\":{\"@id\":\"https:\\\/\\\/vmsport.fi\\\/verkkokauppa\\\/varaosat\\\/kiekot-ja-navat\\\/navat-ja-osat\\\/bontrager-dc-3248-10-11-speed-freehub-body\\\/#primaryimage\"},\"image\":{\"@id\":\"https:\\\/\\\/vmsport.fi\\\/verkkokauppa\\\/varaosat\\\/kiekot-ja-navat\\\/navat-ja-osat\\\/bontrager-dc-3248-10-11-speed-freehub-body\\\/#primaryimage\"},\"thumbnailUrl\":\"https:\\\/\\\/vmsport.fi\\\/wp-content\\\/uploads\\\/2025\\\/03\\\/kkpj57S6Z1OWsO73LahuvtAlvJvTeLjUn26BWN1mfDxkQLYBmD-1.jpg\",\"datePublished\":\"2025-03-05T21:33:38+00:00\",\"dateModified\":\"2026-04-22T12:05:15+00:00\",\"breadcrumb\":{\"@id\":\"https:\\\/\\\/vmsport.fi\\\/verkkokauppa\\\/varaosat\\\/kiekot-ja-navat\\\/navat-ja-osat\\\/bontrager-dc-3248-10-11-speed-freehub-body\\\/#breadcrumb\"},\"inLanguage\":\"sv-SE\",\"potentialAction\":[{\"@type\":\"ReadAction\",\"target\":[\"https:\\\/\\\/vmsport.fi\\\/verkkokauppa\\\/varaosat\\\/kiekot-ja-navat\\\/navat-ja-osat\\\/bontrager-dc-3248-10-11-speed-freehub-body\\\/\"]}]},{\"@type\":\"ImageObject\",\"inLanguage\":\"sv-SE\",\"@id\":\"https:\\\/\\\/vmsport.fi\\\/verkkokauppa\\\/varaosat\\\/kiekot-ja-navat\\\/navat-ja-osat\\\/bontrager-dc-3248-10-11-speed-freehub-body\\\/#primaryimage\",\"url\":\"https:\\\/\\\/vmsport.fi\\\/wp-content\\\/uploads\\\/2025\\\/03\\\/kkpj57S6Z1OWsO73LahuvtAlvJvTeLjUn26BWN1mfDxkQLYBmD-1.jpg\",\"contentUrl\":\"https:\\\/\\\/vmsport.fi\\\/wp-content\\\/uploads\\\/2025\\\/03\\\/kkpj57S6Z1OWsO73LahuvtAlvJvTeLjUn26BWN1mfDxkQLYBmD-1.jpg\",\"width\":1000,\"height\":750,\"caption\":\"kkpj57S6Z1OWsO73LahuvtAlvJvTeLjUn26BWN1mfDxkQLYBmD\"},{\"@type\":\"BreadcrumbList\",\"@id\":\"https:\\\/\\\/vmsport.fi\\\/verkkokauppa\\\/varaosat\\\/kiekot-ja-navat\\\/navat-ja-osat\\\/bontrager-dc-3248-10-11-speed-freehub-body\\\/#breadcrumb\",\"itemListElement\":[{\"@type\":\"ListItem\",\"position\":1,\"name\":\"Etusivu\",\"item\":\"https:\\\/\\\/vmsport.fi\\\/\"},{\"@type\":\"ListItem\",\"position\":2,\"name\":\"Online Store\",\"item\":\"https:\\\/\\\/vmsport.fi\\\/en\\\/online-store\\\/\"},{\"@type\":\"ListItem\",\"position\":3,\"name\":\"Bontrager DC-3248 10\\\/11-Speed Freehub Body\"}]},{\"@type\":\"WebSite\",\"@id\":\"https:\\\/\\\/vmsport.fi\\\/#website\",\"url\":\"https:\\\/\\\/vmsport.fi\\\/\",\"name\":\"Vmsport\",\"description\":\"Kaikki py\u00f6r\u00e4ilyyn yhdest\u00e4 paikasta\",\"publisher\":{\"@id\":\"https:\\\/\\\/vmsport.fi\\\/#organization\"},\"potentialAction\":[{\"@type\":\"SearchAction\",\"target\":{\"@type\":\"EntryPoint\",\"urlTemplate\":\"https:\\\/\\\/vmsport.fi\\\/?s={search_term_string}\"},\"query-input\":{\"@type\":\"PropertyValueSpecification\",\"valueRequired\":true,\"valueName\":\"search_term_string\"}}],\"inLanguage\":\"sv-SE\"},{\"@type\":\"Organization\",\"@id\":\"https:\\\/\\\/vmsport.fi\\\/#organization\",\"name\":\"Vmsport\",\"url\":\"https:\\\/\\\/vmsport.fi\\\/\",\"logo\":{\"@type\":\"ImageObject\",\"inLanguage\":\"sv-SE\",\"@id\":\"https:\\\/\\\/vmsport.fi\\\/#\\\/schema\\\/logo\\\/image\\\/\",\"url\":\"https:\\\/\\\/vmsport.fi\\\/wp-content\\\/uploads\\\/2024\\\/12\\\/vm_sport_RGB_horisontal-e1734526017575.png\",\"contentUrl\":\"https:\\\/\\\/vmsport.fi\\\/wp-content\\\/uploads\\\/2024\\\/12\\\/vm_sport_RGB_horisontal-e1734526017575.png\",\"width\":668,\"height\":85,\"caption\":\"Vmsport\"},\"image\":{\"@id\":\"https:\\\/\\\/vmsport.fi\\\/#\\\/schema\\\/logo\\\/image\\\/\"},\"sameAs\":[\"https:\\\/\\\/www.facebook.com\\\/Vmsport.fi\\\/\",\"https:\\\/\\\/www.instagram.com\\\/vmsport\\\/\"]}]}<\/script>\n<!-- \/ Yoast SEO plugin. -->","yoast_head_json":{"title":"Bontrager DC-3248 10\/11-v\u00e4xlad frihjulsh\u00e5llare - VM Sport","robots":{"index":"index","follow":"follow","max-snippet":"max-snippet:-1","max-image-preview":"max-image-preview:large","max-video-preview":"max-video-preview:-1"},"canonical":"https:\/\/vmsport.fi\/sv\/webbutik\/reservdelar\/skivor-och-nav\/stolpar-och-delar\/bontrager-dc-3248-10-11-vaxlar-frihjulshus\/","og_locale":"sv_SE","og_type":"article","og_title":"Bontrager DC-3248 10\/11-Speed Freehub Body - VM Sport","og_description":"Bontrager DC-3248 vapaaratasrunko on suunniteltu tukemaan sek\u00e4 10- ett\u00e4 11-vaihteisia kasetteja, joten se on monipuolinen lis\u00e4varuste py\u00f6r\u00e4llesi. Se sopii 148 mm leve\u00e4n kasettitilan kanssa, mik\u00e4 takaa t\u00e4ydellisen istuvuuden Bontragerin py\u00f6riin. Musta v\u00e4ri antaa sille hienostuneen, mutta huomaamattoman ulkon\u00e4\u00f6n. T\u00e4m\u00e4 osa pident\u00e4\u00e4 py\u00f6r\u00e4si k\u00e4ytt\u00f6ik\u00e4\u00e4 ja varmistaa sen sujuvan toiminnan. Huomioithan, ett\u00e4 valmistaja voi muuttaa tuotteen yksityiskohtia, [...]L\u00e4s mer \u2026 from Bontrager DC-3248 10\/11-Speed Freehub Body","og_url":"https:\/\/vmsport.fi\/sv\/webbutik\/reservdelar\/skivor-och-nav\/stolpar-och-delar\/bontrager-dc-3248-10-11-vaxlar-frihjulshus\/","og_site_name":"VM Sport","article_publisher":"https:\/\/www.facebook.com\/Vmsport.fi\/","article_modified_time":"2026-04-22T12:05:15+00:00","og_image":[{"width":1000,"height":750,"url":"https:\/\/vmsport.fi\/wp-content\/uploads\/2025\/03\/kkpj57S6Z1OWsO73LahuvtAlvJvTeLjUn26BWN1mfDxkQLYBmD-1.jpg","type":"image\/jpeg"}],"twitter_card":"summary_large_image","schema":{"@context":"https:\/\/schema.org","@graph":[{"@type":["WebPage","ItemPage"],"@id":"https:\/\/vmsport.fi\/verkkokauppa\/varaosat\/kiekot-ja-navat\/navat-ja-osat\/bontrager-dc-3248-10-11-speed-freehub-body\/","url":"https:\/\/vmsport.fi\/verkkokauppa\/varaosat\/kiekot-ja-navat\/navat-ja-osat\/bontrager-dc-3248-10-11-speed-freehub-body\/","name":"Bontrager DC-3248 10\/11-v\u00e4xlad frihjulsh\u00e5llare - VM Sport","isPartOf":{"@id":"https:\/\/vmsport.fi\/#website"},"primaryImageOfPage":{"@id":"https:\/\/vmsport.fi\/verkkokauppa\/varaosat\/kiekot-ja-navat\/navat-ja-osat\/bontrager-dc-3248-10-11-speed-freehub-body\/#primaryimage"},"image":{"@id":"https:\/\/vmsport.fi\/verkkokauppa\/varaosat\/kiekot-ja-navat\/navat-ja-osat\/bontrager-dc-3248-10-11-speed-freehub-body\/#primaryimage"},"thumbnailUrl":"https:\/\/vmsport.fi\/wp-content\/uploads\/2025\/03\/kkpj57S6Z1OWsO73LahuvtAlvJvTeLjUn26BWN1mfDxkQLYBmD-1.jpg","datePublished":"2025-03-05T21:33:38+00:00","dateModified":"2026-04-22T12:05:15+00:00","breadcrumb":{"@id":"https:\/\/vmsport.fi\/verkkokauppa\/varaosat\/kiekot-ja-navat\/navat-ja-osat\/bontrager-dc-3248-10-11-speed-freehub-body\/#breadcrumb"},"inLanguage":"sv-SE","potentialAction":[{"@type":"ReadAction","target":["https:\/\/vmsport.fi\/verkkokauppa\/varaosat\/kiekot-ja-navat\/navat-ja-osat\/bontrager-dc-3248-10-11-speed-freehub-body\/"]}]},{"@type":"ImageObject","inLanguage":"sv-SE","@id":"https:\/\/vmsport.fi\/verkkokauppa\/varaosat\/kiekot-ja-navat\/navat-ja-osat\/bontrager-dc-3248-10-11-speed-freehub-body\/#primaryimage","url":"https:\/\/vmsport.fi\/wp-content\/uploads\/2025\/03\/kkpj57S6Z1OWsO73LahuvtAlvJvTeLjUn26BWN1mfDxkQLYBmD-1.jpg","contentUrl":"https:\/\/vmsport.fi\/wp-content\/uploads\/2025\/03\/kkpj57S6Z1OWsO73LahuvtAlvJvTeLjUn26BWN1mfDxkQLYBmD-1.jpg","width":1000,"height":750,"caption":"kkpj57S6Z1OWsO73LahuvtAlvJvTeLjUn26BWN1mfDxkQLYBmD"},{"@type":"BreadcrumbList","@id":"https:\/\/vmsport.fi\/verkkokauppa\/varaosat\/kiekot-ja-navat\/navat-ja-osat\/bontrager-dc-3248-10-11-speed-freehub-body\/#breadcrumb","itemListElement":[{"@type":"ListItem","position":1,"name":"Etusivu","item":"https:\/\/vmsport.fi\/"},{"@type":"ListItem","position":2,"name":"Online Store","item":"https:\/\/vmsport.fi\/en\/online-store\/"},{"@type":"ListItem","position":3,"name":"Bontrager DC-3248 10\/11-Speed Freehub Body"}]},{"@type":"WebSite","@id":"https:\/\/vmsport.fi\/#website","url":"https:\/\/vmsport.fi\/","name":"Vmsport","description":"Allt p\u00e5 ett st\u00e4lle f\u00f6r cykling","publisher":{"@id":"https:\/\/vmsport.fi\/#organization"},"potentialAction":[{"@type":"SearchAction","target":{"@type":"EntryPoint","urlTemplate":"https:\/\/vmsport.fi\/?s={search_term_string}"},"query-input":{"@type":"PropertyValueSpecification","valueRequired":true,"valueName":"search_term_string"}}],"inLanguage":"sv-SE"},{"@type":"Organization","@id":"https:\/\/vmsport.fi\/#organization","name":"Vmsport","url":"https:\/\/vmsport.fi\/","logo":{"@type":"ImageObject","inLanguage":"sv-SE","@id":"https:\/\/vmsport.fi\/#\/schema\/logo\/image\/","url":"https:\/\/vmsport.fi\/wp-content\/uploads\/2024\/12\/vm_sport_RGB_horisontal-e1734526017575.png","contentUrl":"https:\/\/vmsport.fi\/wp-content\/uploads\/2024\/12\/vm_sport_RGB_horisontal-e1734526017575.png","width":668,"height":85,"caption":"Vmsport"},"image":{"@id":"https:\/\/vmsport.fi\/#\/schema\/logo\/image\/"},"sameAs":["https:\/\/www.facebook.com\/Vmsport.fi\/","https:\/\/www.instagram.com\/vmsport\/"]}]}},"global_unique_id":"","_links":{"self":[{"href":"https:\/\/vmsport.fi\/sv\/wp-json\/wp\/v2\/product\/52744","targetHints":{"allow":["GET"]}}],"collection":[{"href":"https:\/\/vmsport.fi\/sv\/wp-json\/wp\/v2\/product"}],"about":[{"href":"https:\/\/vmsport.fi\/sv\/wp-json\/wp\/v2\/types\/product"}],"replies":[{"embeddable":true,"href":"https:\/\/vmsport.fi\/sv\/wp-json\/wp\/v2\/comments?post=52744"}],"wp:featuredmedia":[{"embeddable":true,"href":"https:\/\/vmsport.fi\/sv\/wp-json\/wp\/v2\/media\/52743"}],"wp:attachment":[{"href":"https:\/\/vmsport.fi\/sv\/wp-json\/wp\/v2\/media?parent=52744"}],"wp:term":[{"taxonomy":"product_brand","embeddable":true,"href":"https:\/\/vmsport.fi\/sv\/wp-json\/wp\/v2\/product_brand?post=52744"},{"taxonomy":"product_model","embeddable":true,"href":"https:\/\/vmsport.fi\/sv\/wp-json\/wp\/v2\/product_model?post=52744"},{"taxonomy":"product_cat","embeddable":true,"href":"https:\/\/vmsport.fi\/sv\/wp-json\/wp\/v2\/product_cat?post=52744"},{"taxonomy":"product_tag","embeddable":true,"href":"https:\/\/vmsport.fi\/sv\/wp-json\/wp\/v2\/product_tag?post=52744"},{"taxonomy":"industry_terminology","embeddable":true,"href":"https:\/\/vmsport.fi\/sv\/wp-json\/wp\/v2\/industry-terminology?post=52744"}],"curies":[{"name":"wp","href":"https:\/\/api.w.org\/{rel}","templated":true}]}}