{"id":52742,"date":"2025-03-05T23:33:37","date_gmt":"2025-03-05T21:33:37","guid":{"rendered":"https:\/\/vmsport.fi\/verkkokauppa\/Ei-luokiteltu\/shimano-ajolasit-ce-tcnl2-technium-l-ridescape-off-road-tumma-oliivinvihrea\/"},"modified":"2026-01-16T13:26:22","modified_gmt":"2026-01-16T11:26:22","slug":"shimano-ajolasit-ce-tcnl2-technium-l-ridescape-off-road-mork-olivgron","status":"publish","type":"product","link":"https:\/\/vmsport.fi\/sv\/verkkokauppa\/ajovarusteet\/ajolasit\/shimano-ajolasit-ce-tcnl2-technium-l-ridescape-off-road-tumma-oliivinvihrea\/","title":{"rendered":"SHIMANO CE-TCNL2 TECHNIUM L Ridescape Off-Road M\u00f6rk olivgr\u00f6n solglas\u00f6gon"},"content":{"rendered":"<p>SHIMANO Riding Glasses CE-TCNL2 TECHNIUM L Ridescape Off-Road-glas\u00f6gon \u00e4r f\u00f6rstklassig cykelutrustning. De h\u00e4r glas\u00f6gonen \u00e4r l\u00e4tta och halvb\u00e5gade och har en olivgr\u00f6n design f\u00f6r utm\u00e4rkt passform och komfort. De mjuka greppen och det justerbara n\u00e4sstycket ser till att glas\u00f6gonen sitter stadigt p\u00e5 plats. De utbytbara linserna ger ett brett synf\u00e4lt och skyddar mot vind och skr\u00e4p. UV-400-skydd blockerar skadliga ultravioletta str\u00e5lar. Fotokromiska linser anpassar sig automatiskt till ljusf\u00f6rh\u00e5llandena och imskyddsventilerna \u00e4r smart placerade. En vatten- och svettavvisande hydrofobisk bel\u00e4ggning s\u00e4kerst\u00e4ller att sikten f\u00f6rblir klar. Dessa egenskaper g\u00f6r glas\u00f6gonen perfekta f\u00f6r terr\u00e4ngk\u00f6rning och ger ett skarpt synf\u00e4lt i alla v\u00e4derf\u00f6rh\u00e5llanden.<\/p>","protected":false},"excerpt":{"rendered":"<p>SHIMANO Ajolasit CE-TCNL2 TECHNIUM L Ridescape Off-Road -aurinkolasit ovat ensiluokkaiset varusteet py\u00f6r\u00e4ilyyn. N\u00e4iden kevyiden ja puolikehysett\u00f6mien lasien oliivinvihre\u00e4 muotoilu takaa erinomaisen istuvuuden ja mukavuuden. Pehme\u00e4t sangat ja s\u00e4\u00e4dett\u00e4v\u00e4 nen\u00e4pala varmistavat, ett\u00e4 lasit pysyv\u00e4t tukevasti paikoillaan. Vaihdettavat linssit tarjoavat laajan n\u00e4k\u00f6kent\u00e4n ja suojaavat tuulelta sek\u00e4 roskilta. UV-400-suojaus est\u00e4\u00e4 haitallisten ultraviolettis\u00e4teiden vaikutukset. Fotokromaattiset linssit mukautuvat automaattisesti valaistusolosuhteisiin, [&#8230;]<\/p>\n<p><a class=\"btn btn-secondary understrap-read-more-link\" href=\"https:\/\/vmsport.fi\/sv\/verkkokauppa\/ajovarusteet\/ajolasit\/shimano-ajolasit-ce-tcnl2-technium-l-ridescape-off-road-tumma-oliivinvihrea\/\">L\u00e4s mer \u2026<span class=\"screen-reader-text\"> from SHIMANO Ajolasit CE-TCNL2 TECHNIUM L Ridescape Off-Road Tumma oliivinvihre\u00e4<\/span><\/a><\/p>\n","protected":false},"featured_media":52741,"comment_status":"open","ping_status":"closed","template":"","meta":{"_acf_changed":false,"_improvement_type_select":"improve_an_existing","_thumb_yes_seoaic":false,"_frame_yes_seoaic":false,"seoaic_generate_description":"","seoaic_improve_instructions_prompt":"","seoaic_rollback_content_improvement":"","seoaic_idea_thumbnail_generator":"","thumbnail_generated":false,"thumbnail_generate_prompt":"","seoaic_article_description":"","_supplier_stock_quantity":0},"product_brand":[],"product_model":[],"product_cat":[9280],"product_tag":[],"industry-terminology":[],"class_list":{"0":"post-52742","1":"product","2":"type-product","3":"status-publish","4":"has-post-thumbnail","6":"product_cat-ajolasit","8":"first","9":"outofstock","10":"taxable","11":"shipping-taxable","12":"product-type-simple"},"acf":{"bike_features":null,"overview":{"copy_overview":null,"key_features":null,"statement":"","youtube_url":""}},"yoast_head":"<!-- This site is optimized with the Yoast SEO plugin v27.3 - https:\/\/yoast.com\/product\/yoast-seo-wordpress\/ -->\n<title>SHIMANO Ajolasit CE-TCNL2 TECHNIUM L Ridescape Off-Road Tumma oliivinvihre\u00e4 - VM Sport<\/title>\n<meta name=\"robots\" content=\"index, follow, max-snippet:-1, max-image-preview:large, max-video-preview:-1\" \/>\n<link rel=\"canonical\" href=\"https:\/\/vmsport.fi\/sv\/webbutik\/korutrustning\/drivande-glasogon\/shimano-ajolasit-ce-tcnl2-technium-l-ridescape-off-road-mork-olivgron\/\" \/>\n<meta property=\"og:locale\" content=\"sv_SE\" \/>\n<meta property=\"og:type\" content=\"article\" \/>\n<meta property=\"og:title\" content=\"SHIMANO Ajolasit CE-TCNL2 TECHNIUM L Ridescape Off-Road Tumma oliivinvihre\u00e4 - VM Sport\" \/>\n<meta property=\"og:description\" content=\"SHIMANO Ajolasit CE-TCNL2 TECHNIUM L Ridescape Off-Road -aurinkolasit ovat ensiluokkaiset varusteet py\u00f6r\u00e4ilyyn. N\u00e4iden kevyiden ja puolikehysett\u00f6mien lasien oliivinvihre\u00e4 muotoilu takaa erinomaisen istuvuuden ja mukavuuden. Pehme\u00e4t sangat ja s\u00e4\u00e4dett\u00e4v\u00e4 nen\u00e4pala varmistavat, ett\u00e4 lasit pysyv\u00e4t tukevasti paikoillaan. Vaihdettavat linssit tarjoavat laajan n\u00e4k\u00f6kent\u00e4n ja suojaavat tuulelta sek\u00e4 roskilta. UV-400-suojaus est\u00e4\u00e4 haitallisten ultraviolettis\u00e4teiden vaikutukset. Fotokromaattiset linssit mukautuvat automaattisesti valaistusolosuhteisiin, [...]L\u00e4s mer \u2026 from SHIMANO Ajolasit CE-TCNL2 TECHNIUM L Ridescape Off-Road Tumma oliivinvihre\u00e4\" \/>\n<meta property=\"og:url\" content=\"https:\/\/vmsport.fi\/sv\/webbutik\/korutrustning\/drivande-glasogon\/shimano-ajolasit-ce-tcnl2-technium-l-ridescape-off-road-mork-olivgron\/\" \/>\n<meta property=\"og:site_name\" content=\"VM Sport\" \/>\n<meta property=\"article:publisher\" content=\"https:\/\/www.facebook.com\/Vmsport.fi\/\" \/>\n<meta property=\"article:modified_time\" content=\"2026-01-16T11:26:22+00:00\" \/>\n<meta property=\"og:image\" content=\"https:\/\/vmsport.fi\/wp-content\/uploads\/2025\/03\/CE-TCNL2-OR-shic32-primary-1-jpg-thumb-572-572-1.png\" \/>\n\t<meta property=\"og:image:width\" content=\"572\" \/>\n\t<meta property=\"og:image:height\" content=\"572\" \/>\n\t<meta property=\"og:image:type\" content=\"image\/png\" \/>\n<meta name=\"twitter:card\" content=\"summary_large_image\" \/>\n<meta name=\"twitter:label1\" content=\"Ber\u00e4knad l\u00e4stid\" \/>\n\t<meta name=\"twitter:data1\" content=\"1 minut\" \/>\n<script type=\"application\/ld+json\" class=\"yoast-schema-graph\">{\"@context\":\"https:\\\/\\\/schema.org\",\"@graph\":[{\"@type\":[\"WebPage\",\"ItemPage\"],\"@id\":\"https:\\\/\\\/vmsport.fi\\\/verkkokauppa\\\/ajovarusteet\\\/ajolasit\\\/shimano-ajolasit-ce-tcnl2-technium-l-ridescape-off-road-tumma-oliivinvihrea\\\/\",\"url\":\"https:\\\/\\\/vmsport.fi\\\/verkkokauppa\\\/ajovarusteet\\\/ajolasit\\\/shimano-ajolasit-ce-tcnl2-technium-l-ridescape-off-road-tumma-oliivinvihrea\\\/\",\"name\":\"SHIMANO Ajolasit CE-TCNL2 TECHNIUM L Ridescape Off-Road Tumma oliivinvihre\u00e4 - VM Sport\",\"isPartOf\":{\"@id\":\"https:\\\/\\\/vmsport.fi\\\/#website\"},\"primaryImageOfPage\":{\"@id\":\"https:\\\/\\\/vmsport.fi\\\/verkkokauppa\\\/ajovarusteet\\\/ajolasit\\\/shimano-ajolasit-ce-tcnl2-technium-l-ridescape-off-road-tumma-oliivinvihrea\\\/#primaryimage\"},\"image\":{\"@id\":\"https:\\\/\\\/vmsport.fi\\\/verkkokauppa\\\/ajovarusteet\\\/ajolasit\\\/shimano-ajolasit-ce-tcnl2-technium-l-ridescape-off-road-tumma-oliivinvihrea\\\/#primaryimage\"},\"thumbnailUrl\":\"https:\\\/\\\/vmsport.fi\\\/wp-content\\\/uploads\\\/2025\\\/03\\\/CE-TCNL2-OR-shic32-primary-1-jpg-thumb-572-572-1.png\",\"datePublished\":\"2025-03-05T21:33:37+00:00\",\"dateModified\":\"2026-01-16T11:26:22+00:00\",\"breadcrumb\":{\"@id\":\"https:\\\/\\\/vmsport.fi\\\/verkkokauppa\\\/ajovarusteet\\\/ajolasit\\\/shimano-ajolasit-ce-tcnl2-technium-l-ridescape-off-road-tumma-oliivinvihrea\\\/#breadcrumb\"},\"inLanguage\":\"sv-SE\",\"potentialAction\":[{\"@type\":\"ReadAction\",\"target\":[\"https:\\\/\\\/vmsport.fi\\\/verkkokauppa\\\/ajovarusteet\\\/ajolasit\\\/shimano-ajolasit-ce-tcnl2-technium-l-ridescape-off-road-tumma-oliivinvihrea\\\/\"]}]},{\"@type\":\"ImageObject\",\"inLanguage\":\"sv-SE\",\"@id\":\"https:\\\/\\\/vmsport.fi\\\/verkkokauppa\\\/ajovarusteet\\\/ajolasit\\\/shimano-ajolasit-ce-tcnl2-technium-l-ridescape-off-road-tumma-oliivinvihrea\\\/#primaryimage\",\"url\":\"https:\\\/\\\/vmsport.fi\\\/wp-content\\\/uploads\\\/2025\\\/03\\\/CE-TCNL2-OR-shic32-primary-1-jpg-thumb-572-572-1.png\",\"contentUrl\":\"https:\\\/\\\/vmsport.fi\\\/wp-content\\\/uploads\\\/2025\\\/03\\\/CE-TCNL2-OR-shic32-primary-1-jpg-thumb-572-572-1.png\",\"width\":572,\"height\":572,\"caption\":\"CE-TCNL2-OR-shic32-primary-1-jpg-thumb-572-572\"},{\"@type\":\"BreadcrumbList\",\"@id\":\"https:\\\/\\\/vmsport.fi\\\/verkkokauppa\\\/ajovarusteet\\\/ajolasit\\\/shimano-ajolasit-ce-tcnl2-technium-l-ridescape-off-road-tumma-oliivinvihrea\\\/#breadcrumb\",\"itemListElement\":[{\"@type\":\"ListItem\",\"position\":1,\"name\":\"Etusivu\",\"item\":\"https:\\\/\\\/vmsport.fi\\\/\"},{\"@type\":\"ListItem\",\"position\":2,\"name\":\"Online Store\",\"item\":\"https:\\\/\\\/vmsport.fi\\\/en\\\/online-store\\\/\"},{\"@type\":\"ListItem\",\"position\":3,\"name\":\"SHIMANO Ajolasit CE-TCNL2 TECHNIUM L Ridescape Off-Road Tumma oliivinvihre\u00e4\"}]},{\"@type\":\"WebSite\",\"@id\":\"https:\\\/\\\/vmsport.fi\\\/#website\",\"url\":\"https:\\\/\\\/vmsport.fi\\\/\",\"name\":\"Vmsport\",\"description\":\"Kaikki py\u00f6r\u00e4ilyyn yhdest\u00e4 paikasta\",\"publisher\":{\"@id\":\"https:\\\/\\\/vmsport.fi\\\/#organization\"},\"potentialAction\":[{\"@type\":\"SearchAction\",\"target\":{\"@type\":\"EntryPoint\",\"urlTemplate\":\"https:\\\/\\\/vmsport.fi\\\/?s={search_term_string}\"},\"query-input\":{\"@type\":\"PropertyValueSpecification\",\"valueRequired\":true,\"valueName\":\"search_term_string\"}}],\"inLanguage\":\"sv-SE\"},{\"@type\":\"Organization\",\"@id\":\"https:\\\/\\\/vmsport.fi\\\/#organization\",\"name\":\"Vmsport\",\"url\":\"https:\\\/\\\/vmsport.fi\\\/\",\"logo\":{\"@type\":\"ImageObject\",\"inLanguage\":\"sv-SE\",\"@id\":\"https:\\\/\\\/vmsport.fi\\\/#\\\/schema\\\/logo\\\/image\\\/\",\"url\":\"https:\\\/\\\/vmsport.fi\\\/wp-content\\\/uploads\\\/2024\\\/12\\\/vm_sport_RGB_horisontal-e1734526017575.png\",\"contentUrl\":\"https:\\\/\\\/vmsport.fi\\\/wp-content\\\/uploads\\\/2024\\\/12\\\/vm_sport_RGB_horisontal-e1734526017575.png\",\"width\":668,\"height\":85,\"caption\":\"Vmsport\"},\"image\":{\"@id\":\"https:\\\/\\\/vmsport.fi\\\/#\\\/schema\\\/logo\\\/image\\\/\"},\"sameAs\":[\"https:\\\/\\\/www.facebook.com\\\/Vmsport.fi\\\/\",\"https:\\\/\\\/www.instagram.com\\\/vmsport\\\/\"]}]}<\/script>\n<!-- \/ Yoast SEO plugin. -->","yoast_head_json":{"title":"SHIMANO CE-TCNL2 TECHNIUM L Ridescape Off-Road M\u00f6rk olivgr\u00f6n - VM Sport","robots":{"index":"index","follow":"follow","max-snippet":"max-snippet:-1","max-image-preview":"max-image-preview:large","max-video-preview":"max-video-preview:-1"},"canonical":"https:\/\/vmsport.fi\/sv\/webbutik\/korutrustning\/drivande-glasogon\/shimano-ajolasit-ce-tcnl2-technium-l-ridescape-off-road-mork-olivgron\/","og_locale":"sv_SE","og_type":"article","og_title":"SHIMANO Ajolasit CE-TCNL2 TECHNIUM L Ridescape Off-Road Tumma oliivinvihre\u00e4 - VM Sport","og_description":"SHIMANO Ajolasit CE-TCNL2 TECHNIUM L Ridescape Off-Road -aurinkolasit ovat ensiluokkaiset varusteet py\u00f6r\u00e4ilyyn. N\u00e4iden kevyiden ja puolikehysett\u00f6mien lasien oliivinvihre\u00e4 muotoilu takaa erinomaisen istuvuuden ja mukavuuden. Pehme\u00e4t sangat ja s\u00e4\u00e4dett\u00e4v\u00e4 nen\u00e4pala varmistavat, ett\u00e4 lasit pysyv\u00e4t tukevasti paikoillaan. Vaihdettavat linssit tarjoavat laajan n\u00e4k\u00f6kent\u00e4n ja suojaavat tuulelta sek\u00e4 roskilta. UV-400-suojaus est\u00e4\u00e4 haitallisten ultraviolettis\u00e4teiden vaikutukset. Fotokromaattiset linssit mukautuvat automaattisesti valaistusolosuhteisiin, [...]L\u00e4s mer \u2026 from SHIMANO Ajolasit CE-TCNL2 TECHNIUM L Ridescape Off-Road Tumma oliivinvihre\u00e4","og_url":"https:\/\/vmsport.fi\/sv\/webbutik\/korutrustning\/drivande-glasogon\/shimano-ajolasit-ce-tcnl2-technium-l-ridescape-off-road-mork-olivgron\/","og_site_name":"VM Sport","article_publisher":"https:\/\/www.facebook.com\/Vmsport.fi\/","article_modified_time":"2026-01-16T11:26:22+00:00","og_image":[{"width":572,"height":572,"url":"https:\/\/vmsport.fi\/wp-content\/uploads\/2025\/03\/CE-TCNL2-OR-shic32-primary-1-jpg-thumb-572-572-1.png","type":"image\/png"}],"twitter_card":"summary_large_image","twitter_misc":{"Ber\u00e4knad l\u00e4stid":"1 minut"},"schema":{"@context":"https:\/\/schema.org","@graph":[{"@type":["WebPage","ItemPage"],"@id":"https:\/\/vmsport.fi\/verkkokauppa\/ajovarusteet\/ajolasit\/shimano-ajolasit-ce-tcnl2-technium-l-ridescape-off-road-tumma-oliivinvihrea\/","url":"https:\/\/vmsport.fi\/verkkokauppa\/ajovarusteet\/ajolasit\/shimano-ajolasit-ce-tcnl2-technium-l-ridescape-off-road-tumma-oliivinvihrea\/","name":"SHIMANO CE-TCNL2 TECHNIUM L Ridescape Off-Road M\u00f6rk olivgr\u00f6n - VM Sport","isPartOf":{"@id":"https:\/\/vmsport.fi\/#website"},"primaryImageOfPage":{"@id":"https:\/\/vmsport.fi\/verkkokauppa\/ajovarusteet\/ajolasit\/shimano-ajolasit-ce-tcnl2-technium-l-ridescape-off-road-tumma-oliivinvihrea\/#primaryimage"},"image":{"@id":"https:\/\/vmsport.fi\/verkkokauppa\/ajovarusteet\/ajolasit\/shimano-ajolasit-ce-tcnl2-technium-l-ridescape-off-road-tumma-oliivinvihrea\/#primaryimage"},"thumbnailUrl":"https:\/\/vmsport.fi\/wp-content\/uploads\/2025\/03\/CE-TCNL2-OR-shic32-primary-1-jpg-thumb-572-572-1.png","datePublished":"2025-03-05T21:33:37+00:00","dateModified":"2026-01-16T11:26:22+00:00","breadcrumb":{"@id":"https:\/\/vmsport.fi\/verkkokauppa\/ajovarusteet\/ajolasit\/shimano-ajolasit-ce-tcnl2-technium-l-ridescape-off-road-tumma-oliivinvihrea\/#breadcrumb"},"inLanguage":"sv-SE","potentialAction":[{"@type":"ReadAction","target":["https:\/\/vmsport.fi\/verkkokauppa\/ajovarusteet\/ajolasit\/shimano-ajolasit-ce-tcnl2-technium-l-ridescape-off-road-tumma-oliivinvihrea\/"]}]},{"@type":"ImageObject","inLanguage":"sv-SE","@id":"https:\/\/vmsport.fi\/verkkokauppa\/ajovarusteet\/ajolasit\/shimano-ajolasit-ce-tcnl2-technium-l-ridescape-off-road-tumma-oliivinvihrea\/#primaryimage","url":"https:\/\/vmsport.fi\/wp-content\/uploads\/2025\/03\/CE-TCNL2-OR-shic32-primary-1-jpg-thumb-572-572-1.png","contentUrl":"https:\/\/vmsport.fi\/wp-content\/uploads\/2025\/03\/CE-TCNL2-OR-shic32-primary-1-jpg-thumb-572-572-1.png","width":572,"height":572,"caption":"CE-TCNL2-OR-shic32-primary-1-jpg-thumb-572-572"},{"@type":"BreadcrumbList","@id":"https:\/\/vmsport.fi\/verkkokauppa\/ajovarusteet\/ajolasit\/shimano-ajolasit-ce-tcnl2-technium-l-ridescape-off-road-tumma-oliivinvihrea\/#breadcrumb","itemListElement":[{"@type":"ListItem","position":1,"name":"Etusivu","item":"https:\/\/vmsport.fi\/"},{"@type":"ListItem","position":2,"name":"Online Store","item":"https:\/\/vmsport.fi\/en\/online-store\/"},{"@type":"ListItem","position":3,"name":"SHIMANO Ajolasit CE-TCNL2 TECHNIUM L Ridescape Off-Road Tumma oliivinvihre\u00e4"}]},{"@type":"WebSite","@id":"https:\/\/vmsport.fi\/#website","url":"https:\/\/vmsport.fi\/","name":"Vmsport","description":"Allt p\u00e5 ett st\u00e4lle f\u00f6r cykling","publisher":{"@id":"https:\/\/vmsport.fi\/#organization"},"potentialAction":[{"@type":"SearchAction","target":{"@type":"EntryPoint","urlTemplate":"https:\/\/vmsport.fi\/?s={search_term_string}"},"query-input":{"@type":"PropertyValueSpecification","valueRequired":true,"valueName":"search_term_string"}}],"inLanguage":"sv-SE"},{"@type":"Organization","@id":"https:\/\/vmsport.fi\/#organization","name":"Vmsport","url":"https:\/\/vmsport.fi\/","logo":{"@type":"ImageObject","inLanguage":"sv-SE","@id":"https:\/\/vmsport.fi\/#\/schema\/logo\/image\/","url":"https:\/\/vmsport.fi\/wp-content\/uploads\/2024\/12\/vm_sport_RGB_horisontal-e1734526017575.png","contentUrl":"https:\/\/vmsport.fi\/wp-content\/uploads\/2024\/12\/vm_sport_RGB_horisontal-e1734526017575.png","width":668,"height":85,"caption":"Vmsport"},"image":{"@id":"https:\/\/vmsport.fi\/#\/schema\/logo\/image\/"},"sameAs":["https:\/\/www.facebook.com\/Vmsport.fi\/","https:\/\/www.instagram.com\/vmsport\/"]}]}},"global_unique_id":"","_links":{"self":[{"href":"https:\/\/vmsport.fi\/sv\/wp-json\/wp\/v2\/product\/52742","targetHints":{"allow":["GET"]}}],"collection":[{"href":"https:\/\/vmsport.fi\/sv\/wp-json\/wp\/v2\/product"}],"about":[{"href":"https:\/\/vmsport.fi\/sv\/wp-json\/wp\/v2\/types\/product"}],"replies":[{"embeddable":true,"href":"https:\/\/vmsport.fi\/sv\/wp-json\/wp\/v2\/comments?post=52742"}],"wp:featuredmedia":[{"embeddable":true,"href":"https:\/\/vmsport.fi\/sv\/wp-json\/wp\/v2\/media\/52741"}],"wp:attachment":[{"href":"https:\/\/vmsport.fi\/sv\/wp-json\/wp\/v2\/media?parent=52742"}],"wp:term":[{"taxonomy":"product_brand","embeddable":true,"href":"https:\/\/vmsport.fi\/sv\/wp-json\/wp\/v2\/product_brand?post=52742"},{"taxonomy":"product_model","embeddable":true,"href":"https:\/\/vmsport.fi\/sv\/wp-json\/wp\/v2\/product_model?post=52742"},{"taxonomy":"product_cat","embeddable":true,"href":"https:\/\/vmsport.fi\/sv\/wp-json\/wp\/v2\/product_cat?post=52742"},{"taxonomy":"product_tag","embeddable":true,"href":"https:\/\/vmsport.fi\/sv\/wp-json\/wp\/v2\/product_tag?post=52742"},{"taxonomy":"industry_terminology","embeddable":true,"href":"https:\/\/vmsport.fi\/sv\/wp-json\/wp\/v2\/industry-terminology?post=52742"}],"curies":[{"name":"wp","href":"https:\/\/api.w.org\/{rel}","templated":true}]}}