{"id":52736,"date":"2025-03-05T23:33:35","date_gmt":"2025-03-05T21:33:35","guid":{"rendered":"https:\/\/vmsport.fi\/verkkokauppa\/Ei-luokiteltu\/syncros-direct-mount-kickstand\/"},"modified":"2026-01-16T13:23:34","modified_gmt":"2026-01-16T11:23:34","slug":"syncros-direktmonterat-stod","status":"publish","type":"product","link":"https:\/\/vmsport.fi\/sv\/verkkokauppa\/tarvikkeet\/muut-oheistuotteet\/seisontatuet\/syncros-direct-mount-kickstand\/","title":{"rendered":"SYNCROS DIREKTMONTERAT ST\u00d6D"},"content":{"rendered":"<p>SYNCROS Direct Mount Bike Rack \u00e4r ett h\u00e5llbart och p\u00e5litligt cykeltillbeh\u00f6r som s\u00e4kerst\u00e4ller att din cykel st\u00e5r stadigt och stabilt n\u00e4r den \u00e4r parkerad. Det f\u00e4sts direkt p\u00e5 cykeln, vilket g\u00f6r det anv\u00e4ndarv\u00e4nligt. Cykelst\u00e4llet \u00e4r utformat f\u00f6r att sitta fast ordentligt, s\u00e5 det kommer att h\u00e5lla l\u00e4nge och klara varierande v\u00e4derf\u00f6rh\u00e5llanden. Med det h\u00e4r cykelst\u00e4llet kan du vara s\u00e4ker p\u00e5 att din cykel kommer att st\u00e5 stabilt var du \u00e4n stannar, vilket ger komfort och sinnesfrid under dina dagliga cykelturer.<\/p>","protected":false},"excerpt":{"rendered":"<p>SYNCROS Direct Mount -py\u00f6r\u00e4teline on kest\u00e4v\u00e4 ja luotettava polkupy\u00f6r\u00e4n lis\u00e4varuste, joka varmistaa py\u00f6r\u00e4si tukevuuden ja vakauden pys\u00e4k\u00f6innin aikana. Se kiinnitet\u00e4\u00e4n suoraan polkupy\u00f6r\u00e4\u00e4n, mik\u00e4 tekee siit\u00e4 k\u00e4ytt\u00e4j\u00e4yst\u00e4v\u00e4llisen. Telineen suunnittelu mahdollistaa lujan kiinnityksen, joten se kest\u00e4\u00e4 pitk\u00e4\u00e4n ja siet\u00e4\u00e4 vaihtelevia s\u00e4\u00e4olosuhteita. T\u00e4m\u00e4n py\u00f6r\u00e4telineen ansiosta voit olla varma, ett\u00e4 py\u00f6r\u00e4si pysyy vakaasti pystyss\u00e4 miss\u00e4 tahansa pys\u00e4hdytk\u00e4\u00e4n, mik\u00e4 lis\u00e4\u00e4 [&#8230;]<\/p>\n<p><a class=\"btn btn-secondary understrap-read-more-link\" href=\"https:\/\/vmsport.fi\/sv\/verkkokauppa\/tarvikkeet\/muut-oheistuotteet\/seisontatuet\/syncros-direct-mount-kickstand\/\">L\u00e4s mer \u2026<span class=\"screen-reader-text\"> from SYNCROS DIRECT MOUNT KICKSTAND<\/span><\/a><\/p>\n","protected":false},"featured_media":52734,"comment_status":"open","ping_status":"closed","template":"","meta":{"_acf_changed":false,"_improvement_type_select":"improve_an_existing","_thumb_yes_seoaic":false,"_frame_yes_seoaic":false,"seoaic_generate_description":"","seoaic_improve_instructions_prompt":"","seoaic_rollback_content_improvement":"","seoaic_idea_thumbnail_generator":"","thumbnail_generated":false,"thumbnail_generate_prompt":"","seoaic_article_description":"","_supplier_stock_quantity":0},"product_brand":[],"product_model":[],"product_cat":[9394],"product_tag":[],"industry-terminology":[],"class_list":{"0":"post-52736","1":"product","2":"type-product","3":"status-publish","4":"has-post-thumbnail","6":"product_cat-seisontatuet","8":"first","9":"outofstock","10":"taxable","11":"shipping-taxable","12":"product-type-simple"},"acf":{"bike_features":null,"overview":{"copy_overview":null,"key_features":null,"statement":"","youtube_url":""}},"yoast_head":"<!-- This site is optimized with the Yoast SEO plugin v27.3 - https:\/\/yoast.com\/product\/yoast-seo-wordpress\/ -->\n<title>SYNCROS DIRECT MOUNT KICKSTAND - VM Sport<\/title>\n<meta name=\"robots\" content=\"index, follow, max-snippet:-1, max-image-preview:large, max-video-preview:-1\" \/>\n<link rel=\"canonical\" href=\"https:\/\/vmsport.fi\/sv\/webbutik\/tillbehor\/andra-kompletterande-produkter\/stafatoljer\/syncros-direktmonterat-stod\/\" \/>\n<meta property=\"og:locale\" content=\"sv_SE\" \/>\n<meta property=\"og:type\" content=\"article\" \/>\n<meta property=\"og:title\" content=\"SYNCROS DIRECT MOUNT KICKSTAND - VM Sport\" \/>\n<meta property=\"og:description\" content=\"SYNCROS Direct Mount -py\u00f6r\u00e4teline on kest\u00e4v\u00e4 ja luotettava polkupy\u00f6r\u00e4n lis\u00e4varuste, joka varmistaa py\u00f6r\u00e4si tukevuuden ja vakauden pys\u00e4k\u00f6innin aikana. Se kiinnitet\u00e4\u00e4n suoraan polkupy\u00f6r\u00e4\u00e4n, mik\u00e4 tekee siit\u00e4 k\u00e4ytt\u00e4j\u00e4yst\u00e4v\u00e4llisen. Telineen suunnittelu mahdollistaa lujan kiinnityksen, joten se kest\u00e4\u00e4 pitk\u00e4\u00e4n ja siet\u00e4\u00e4 vaihtelevia s\u00e4\u00e4olosuhteita. T\u00e4m\u00e4n py\u00f6r\u00e4telineen ansiosta voit olla varma, ett\u00e4 py\u00f6r\u00e4si pysyy vakaasti pystyss\u00e4 miss\u00e4 tahansa pys\u00e4hdytk\u00e4\u00e4n, mik\u00e4 lis\u00e4\u00e4 [...]L\u00e4s mer \u2026 from SYNCROS DIRECT MOUNT KICKSTAND\" \/>\n<meta property=\"og:url\" content=\"https:\/\/vmsport.fi\/sv\/webbutik\/tillbehor\/andra-kompletterande-produkter\/stafatoljer\/syncros-direktmonterat-stod\/\" \/>\n<meta property=\"og:site_name\" content=\"VM Sport\" \/>\n<meta property=\"article:publisher\" content=\"https:\/\/www.facebook.com\/Vmsport.fi\/\" \/>\n<meta property=\"article:modified_time\" content=\"2026-01-16T11:23:34+00:00\" \/>\n<meta property=\"og:image\" content=\"https:\/\/vmsport.fi\/wp-content\/uploads\/2025\/03\/Syncros-kickstand-1.jpg\" \/>\n\t<meta property=\"og:image:width\" content=\"466\" \/>\n\t<meta property=\"og:image:height\" content=\"1000\" \/>\n\t<meta property=\"og:image:type\" content=\"image\/jpeg\" \/>\n<meta name=\"twitter:card\" content=\"summary_large_image\" \/>\n<script type=\"application\/ld+json\" class=\"yoast-schema-graph\">{\"@context\":\"https:\\\/\\\/schema.org\",\"@graph\":[{\"@type\":[\"WebPage\",\"ItemPage\"],\"@id\":\"https:\\\/\\\/vmsport.fi\\\/verkkokauppa\\\/tarvikkeet\\\/muut-oheistuotteet\\\/seisontatuet\\\/syncros-direct-mount-kickstand\\\/\",\"url\":\"https:\\\/\\\/vmsport.fi\\\/verkkokauppa\\\/tarvikkeet\\\/muut-oheistuotteet\\\/seisontatuet\\\/syncros-direct-mount-kickstand\\\/\",\"name\":\"SYNCROS DIRECT MOUNT KICKSTAND - VM Sport\",\"isPartOf\":{\"@id\":\"https:\\\/\\\/vmsport.fi\\\/#website\"},\"primaryImageOfPage\":{\"@id\":\"https:\\\/\\\/vmsport.fi\\\/verkkokauppa\\\/tarvikkeet\\\/muut-oheistuotteet\\\/seisontatuet\\\/syncros-direct-mount-kickstand\\\/#primaryimage\"},\"image\":{\"@id\":\"https:\\\/\\\/vmsport.fi\\\/verkkokauppa\\\/tarvikkeet\\\/muut-oheistuotteet\\\/seisontatuet\\\/syncros-direct-mount-kickstand\\\/#primaryimage\"},\"thumbnailUrl\":\"https:\\\/\\\/vmsport.fi\\\/wp-content\\\/uploads\\\/2025\\\/03\\\/Syncros-kickstand-1.jpg\",\"datePublished\":\"2025-03-05T21:33:35+00:00\",\"dateModified\":\"2026-01-16T11:23:34+00:00\",\"breadcrumb\":{\"@id\":\"https:\\\/\\\/vmsport.fi\\\/verkkokauppa\\\/tarvikkeet\\\/muut-oheistuotteet\\\/seisontatuet\\\/syncros-direct-mount-kickstand\\\/#breadcrumb\"},\"inLanguage\":\"sv-SE\",\"potentialAction\":[{\"@type\":\"ReadAction\",\"target\":[\"https:\\\/\\\/vmsport.fi\\\/verkkokauppa\\\/tarvikkeet\\\/muut-oheistuotteet\\\/seisontatuet\\\/syncros-direct-mount-kickstand\\\/\"]}]},{\"@type\":\"ImageObject\",\"inLanguage\":\"sv-SE\",\"@id\":\"https:\\\/\\\/vmsport.fi\\\/verkkokauppa\\\/tarvikkeet\\\/muut-oheistuotteet\\\/seisontatuet\\\/syncros-direct-mount-kickstand\\\/#primaryimage\",\"url\":\"https:\\\/\\\/vmsport.fi\\\/wp-content\\\/uploads\\\/2025\\\/03\\\/Syncros-kickstand-1.jpg\",\"contentUrl\":\"https:\\\/\\\/vmsport.fi\\\/wp-content\\\/uploads\\\/2025\\\/03\\\/Syncros-kickstand-1.jpg\",\"width\":466,\"height\":1000,\"caption\":\"Syncros-kickstand\"},{\"@type\":\"BreadcrumbList\",\"@id\":\"https:\\\/\\\/vmsport.fi\\\/verkkokauppa\\\/tarvikkeet\\\/muut-oheistuotteet\\\/seisontatuet\\\/syncros-direct-mount-kickstand\\\/#breadcrumb\",\"itemListElement\":[{\"@type\":\"ListItem\",\"position\":1,\"name\":\"Etusivu\",\"item\":\"https:\\\/\\\/vmsport.fi\\\/\"},{\"@type\":\"ListItem\",\"position\":2,\"name\":\"Online Store\",\"item\":\"https:\\\/\\\/vmsport.fi\\\/en\\\/online-store\\\/\"},{\"@type\":\"ListItem\",\"position\":3,\"name\":\"SYNCROS DIRECT MOUNT KICKSTAND\"}]},{\"@type\":\"WebSite\",\"@id\":\"https:\\\/\\\/vmsport.fi\\\/#website\",\"url\":\"https:\\\/\\\/vmsport.fi\\\/\",\"name\":\"Vmsport\",\"description\":\"Kaikki py\u00f6r\u00e4ilyyn yhdest\u00e4 paikasta\",\"publisher\":{\"@id\":\"https:\\\/\\\/vmsport.fi\\\/#organization\"},\"potentialAction\":[{\"@type\":\"SearchAction\",\"target\":{\"@type\":\"EntryPoint\",\"urlTemplate\":\"https:\\\/\\\/vmsport.fi\\\/?s={search_term_string}\"},\"query-input\":{\"@type\":\"PropertyValueSpecification\",\"valueRequired\":true,\"valueName\":\"search_term_string\"}}],\"inLanguage\":\"sv-SE\"},{\"@type\":\"Organization\",\"@id\":\"https:\\\/\\\/vmsport.fi\\\/#organization\",\"name\":\"Vmsport\",\"url\":\"https:\\\/\\\/vmsport.fi\\\/\",\"logo\":{\"@type\":\"ImageObject\",\"inLanguage\":\"sv-SE\",\"@id\":\"https:\\\/\\\/vmsport.fi\\\/#\\\/schema\\\/logo\\\/image\\\/\",\"url\":\"https:\\\/\\\/vmsport.fi\\\/wp-content\\\/uploads\\\/2024\\\/12\\\/vm_sport_RGB_horisontal-e1734526017575.png\",\"contentUrl\":\"https:\\\/\\\/vmsport.fi\\\/wp-content\\\/uploads\\\/2024\\\/12\\\/vm_sport_RGB_horisontal-e1734526017575.png\",\"width\":668,\"height\":85,\"caption\":\"Vmsport\"},\"image\":{\"@id\":\"https:\\\/\\\/vmsport.fi\\\/#\\\/schema\\\/logo\\\/image\\\/\"},\"sameAs\":[\"https:\\\/\\\/www.facebook.com\\\/Vmsport.fi\\\/\",\"https:\\\/\\\/www.instagram.com\\\/vmsport\\\/\"]}]}<\/script>\n<!-- \/ Yoast SEO plugin. -->","yoast_head_json":{"title":"SYNCROS KICKSTAND F\u00d6R DIREKTMONTERING - VM Sport","robots":{"index":"index","follow":"follow","max-snippet":"max-snippet:-1","max-image-preview":"max-image-preview:large","max-video-preview":"max-video-preview:-1"},"canonical":"https:\/\/vmsport.fi\/sv\/webbutik\/tillbehor\/andra-kompletterande-produkter\/stafatoljer\/syncros-direktmonterat-stod\/","og_locale":"sv_SE","og_type":"article","og_title":"SYNCROS DIRECT MOUNT KICKSTAND - VM Sport","og_description":"SYNCROS Direct Mount -py\u00f6r\u00e4teline on kest\u00e4v\u00e4 ja luotettava polkupy\u00f6r\u00e4n lis\u00e4varuste, joka varmistaa py\u00f6r\u00e4si tukevuuden ja vakauden pys\u00e4k\u00f6innin aikana. Se kiinnitet\u00e4\u00e4n suoraan polkupy\u00f6r\u00e4\u00e4n, mik\u00e4 tekee siit\u00e4 k\u00e4ytt\u00e4j\u00e4yst\u00e4v\u00e4llisen. Telineen suunnittelu mahdollistaa lujan kiinnityksen, joten se kest\u00e4\u00e4 pitk\u00e4\u00e4n ja siet\u00e4\u00e4 vaihtelevia s\u00e4\u00e4olosuhteita. T\u00e4m\u00e4n py\u00f6r\u00e4telineen ansiosta voit olla varma, ett\u00e4 py\u00f6r\u00e4si pysyy vakaasti pystyss\u00e4 miss\u00e4 tahansa pys\u00e4hdytk\u00e4\u00e4n, mik\u00e4 lis\u00e4\u00e4 [...]L\u00e4s mer \u2026 from SYNCROS DIRECT MOUNT KICKSTAND","og_url":"https:\/\/vmsport.fi\/sv\/webbutik\/tillbehor\/andra-kompletterande-produkter\/stafatoljer\/syncros-direktmonterat-stod\/","og_site_name":"VM Sport","article_publisher":"https:\/\/www.facebook.com\/Vmsport.fi\/","article_modified_time":"2026-01-16T11:23:34+00:00","og_image":[{"width":466,"height":1000,"url":"https:\/\/vmsport.fi\/wp-content\/uploads\/2025\/03\/Syncros-kickstand-1.jpg","type":"image\/jpeg"}],"twitter_card":"summary_large_image","schema":{"@context":"https:\/\/schema.org","@graph":[{"@type":["WebPage","ItemPage"],"@id":"https:\/\/vmsport.fi\/verkkokauppa\/tarvikkeet\/muut-oheistuotteet\/seisontatuet\/syncros-direct-mount-kickstand\/","url":"https:\/\/vmsport.fi\/verkkokauppa\/tarvikkeet\/muut-oheistuotteet\/seisontatuet\/syncros-direct-mount-kickstand\/","name":"SYNCROS KICKSTAND F\u00d6R DIREKTMONTERING - VM Sport","isPartOf":{"@id":"https:\/\/vmsport.fi\/#website"},"primaryImageOfPage":{"@id":"https:\/\/vmsport.fi\/verkkokauppa\/tarvikkeet\/muut-oheistuotteet\/seisontatuet\/syncros-direct-mount-kickstand\/#primaryimage"},"image":{"@id":"https:\/\/vmsport.fi\/verkkokauppa\/tarvikkeet\/muut-oheistuotteet\/seisontatuet\/syncros-direct-mount-kickstand\/#primaryimage"},"thumbnailUrl":"https:\/\/vmsport.fi\/wp-content\/uploads\/2025\/03\/Syncros-kickstand-1.jpg","datePublished":"2025-03-05T21:33:35+00:00","dateModified":"2026-01-16T11:23:34+00:00","breadcrumb":{"@id":"https:\/\/vmsport.fi\/verkkokauppa\/tarvikkeet\/muut-oheistuotteet\/seisontatuet\/syncros-direct-mount-kickstand\/#breadcrumb"},"inLanguage":"sv-SE","potentialAction":[{"@type":"ReadAction","target":["https:\/\/vmsport.fi\/verkkokauppa\/tarvikkeet\/muut-oheistuotteet\/seisontatuet\/syncros-direct-mount-kickstand\/"]}]},{"@type":"ImageObject","inLanguage":"sv-SE","@id":"https:\/\/vmsport.fi\/verkkokauppa\/tarvikkeet\/muut-oheistuotteet\/seisontatuet\/syncros-direct-mount-kickstand\/#primaryimage","url":"https:\/\/vmsport.fi\/wp-content\/uploads\/2025\/03\/Syncros-kickstand-1.jpg","contentUrl":"https:\/\/vmsport.fi\/wp-content\/uploads\/2025\/03\/Syncros-kickstand-1.jpg","width":466,"height":1000,"caption":"Syncros-kickstand"},{"@type":"BreadcrumbList","@id":"https:\/\/vmsport.fi\/verkkokauppa\/tarvikkeet\/muut-oheistuotteet\/seisontatuet\/syncros-direct-mount-kickstand\/#breadcrumb","itemListElement":[{"@type":"ListItem","position":1,"name":"Etusivu","item":"https:\/\/vmsport.fi\/"},{"@type":"ListItem","position":2,"name":"Online Store","item":"https:\/\/vmsport.fi\/en\/online-store\/"},{"@type":"ListItem","position":3,"name":"SYNCROS DIRECT MOUNT KICKSTAND"}]},{"@type":"WebSite","@id":"https:\/\/vmsport.fi\/#website","url":"https:\/\/vmsport.fi\/","name":"Vmsport","description":"Allt p\u00e5 ett st\u00e4lle f\u00f6r cykling","publisher":{"@id":"https:\/\/vmsport.fi\/#organization"},"potentialAction":[{"@type":"SearchAction","target":{"@type":"EntryPoint","urlTemplate":"https:\/\/vmsport.fi\/?s={search_term_string}"},"query-input":{"@type":"PropertyValueSpecification","valueRequired":true,"valueName":"search_term_string"}}],"inLanguage":"sv-SE"},{"@type":"Organization","@id":"https:\/\/vmsport.fi\/#organization","name":"Vmsport","url":"https:\/\/vmsport.fi\/","logo":{"@type":"ImageObject","inLanguage":"sv-SE","@id":"https:\/\/vmsport.fi\/#\/schema\/logo\/image\/","url":"https:\/\/vmsport.fi\/wp-content\/uploads\/2024\/12\/vm_sport_RGB_horisontal-e1734526017575.png","contentUrl":"https:\/\/vmsport.fi\/wp-content\/uploads\/2024\/12\/vm_sport_RGB_horisontal-e1734526017575.png","width":668,"height":85,"caption":"Vmsport"},"image":{"@id":"https:\/\/vmsport.fi\/#\/schema\/logo\/image\/"},"sameAs":["https:\/\/www.facebook.com\/Vmsport.fi\/","https:\/\/www.instagram.com\/vmsport\/"]}]}},"global_unique_id":"","_links":{"self":[{"href":"https:\/\/vmsport.fi\/sv\/wp-json\/wp\/v2\/product\/52736","targetHints":{"allow":["GET"]}}],"collection":[{"href":"https:\/\/vmsport.fi\/sv\/wp-json\/wp\/v2\/product"}],"about":[{"href":"https:\/\/vmsport.fi\/sv\/wp-json\/wp\/v2\/types\/product"}],"replies":[{"embeddable":true,"href":"https:\/\/vmsport.fi\/sv\/wp-json\/wp\/v2\/comments?post=52736"}],"wp:featuredmedia":[{"embeddable":true,"href":"https:\/\/vmsport.fi\/sv\/wp-json\/wp\/v2\/media\/52734"}],"wp:attachment":[{"href":"https:\/\/vmsport.fi\/sv\/wp-json\/wp\/v2\/media?parent=52736"}],"wp:term":[{"taxonomy":"product_brand","embeddable":true,"href":"https:\/\/vmsport.fi\/sv\/wp-json\/wp\/v2\/product_brand?post=52736"},{"taxonomy":"product_model","embeddable":true,"href":"https:\/\/vmsport.fi\/sv\/wp-json\/wp\/v2\/product_model?post=52736"},{"taxonomy":"product_cat","embeddable":true,"href":"https:\/\/vmsport.fi\/sv\/wp-json\/wp\/v2\/product_cat?post=52736"},{"taxonomy":"product_tag","embeddable":true,"href":"https:\/\/vmsport.fi\/sv\/wp-json\/wp\/v2\/product_tag?post=52736"},{"taxonomy":"industry_terminology","embeddable":true,"href":"https:\/\/vmsport.fi\/sv\/wp-json\/wp\/v2\/industry-terminology?post=52736"}],"curies":[{"name":"wp","href":"https:\/\/api.w.org\/{rel}","templated":true}]}}