{"id":52731,"date":"2025-03-05T23:33:32","date_gmt":"2025-03-05T21:33:32","guid":{"rendered":"https:\/\/vmsport.fi\/verkkokauppa\/Ei-luokiteltu\/vaihdevipu-xt-m8100-12v-oikea\/"},"modified":"2026-01-16T13:20:52","modified_gmt":"2026-01-16T11:20:52","slug":"vaxelspak-xt-m8100-12v-hoger","status":"publish","type":"product","link":"https:\/\/vmsport.fi\/sv\/verkkokauppa\/varaosat\/vaihteistot\/vaihdevivut\/vaihdevipu-xt-m8100-12v-oikea\/","title":{"rendered":"V\u00e4xelspak XT M8100 12v h\u00f6ger"},"content":{"rendered":"<p>Shimano XT M8100 12-v\u00e4xlad h\u00f6ger v\u00e4xelspak \u00e4r en toppkomponent f\u00f6r mountainbike som \u00e4r utformad f\u00f6r att ge tillf\u00f6rlitlig och effektiv v\u00e4xling. Den l\u00e4tta man\u00f6vermekanismen minskar kraften som kr\u00e4vs f\u00f6r 35%, vilket f\u00f6rb\u00e4ttrar kontroll och precision. Utm\u00e4rkt spakrespons och 20 procent snabbare respons g\u00f6r cyklingen mer bekv\u00e4m, eftersom multi-release-funktioner g\u00f6r att du kan v\u00e4xla flera v\u00e4xlar i en r\u00f6relse. Denna 12-v\u00e4xlade RAPIDFIRE PLUS-v\u00e4xelspak har en konstruktion med dubbla kullager f\u00f6r f\u00f6rb\u00e4ttrad h\u00e5llbarhet och prestanda, medan SL-kabeljusteraren s\u00e4kerst\u00e4ller exakt finjustering av sp\u00e4nningen. Modellnummer SL-M8100-R ing\u00e5r i Shimano Deore XT M8100-serien, v\u00e4ger 117 gram och monteras med en kompressionsring, vilket g\u00f6r den perfekt f\u00f6r kr\u00e4vande terr\u00e4ng.<\/p>","protected":false},"excerpt":{"rendered":"<p>Shimano Vaihdevipu XT M8100 12-vaihteinen oikea on huippuluokan osa maastopy\u00f6r\u00e4ilyyn, suunniteltu tarjoamaan varmaa ja tehokasta vaihteiden siirtoa. Sen kevyt k\u00e4ytt\u00f6mekanismi v\u00e4hent\u00e4\u00e4 tarvittavaa voimaa 35 prosentilla, mik\u00e4 parantaa hallittavuutta ja tarkkuutta. Erinomaisen nopea vipujen k\u00e4ytt\u00f6 ja 20 prosenttia nopeampi vaste tuovat ajamiseen mukavuutta, sill\u00e4 monivapautustoimintojen ansiosta voit vaihtaa useita vaihteita yhdell\u00e4 liikkeell\u00e4. T\u00e4m\u00e4 12-nopeuksinen RAPIDFIRE PLUS [&#8230;]<\/p>\n<p><a class=\"btn btn-secondary understrap-read-more-link\" href=\"https:\/\/vmsport.fi\/sv\/verkkokauppa\/varaosat\/vaihteistot\/vaihdevivut\/vaihdevipu-xt-m8100-12v-oikea\/\">L\u00e4s mer \u2026<span class=\"screen-reader-text\"> from Vaihdevipu XT M8100 12v oikea<\/span><\/a><\/p>\n","protected":false},"featured_media":52730,"comment_status":"open","ping_status":"closed","template":"","meta":{"_acf_changed":false,"_improvement_type_select":"improve_an_existing","_thumb_yes_seoaic":false,"_frame_yes_seoaic":false,"seoaic_generate_description":"","seoaic_improve_instructions_prompt":"","seoaic_rollback_content_improvement":"","seoaic_idea_thumbnail_generator":"","thumbnail_generated":false,"thumbnail_generate_prompt":"","seoaic_article_description":"","_supplier_stock_quantity":0},"product_brand":[],"product_model":[],"product_cat":[9388],"product_tag":[],"industry-terminology":[],"class_list":{"0":"post-52731","1":"product","2":"type-product","3":"status-publish","4":"has-post-thumbnail","6":"product_cat-vaihdevivut","8":"first","9":"instock","10":"taxable","11":"shipping-taxable","12":"purchasable","13":"product-type-simple"},"acf":{"bike_features":null,"overview":{"copy_overview":null,"key_features":null,"statement":"","youtube_url":""}},"yoast_head":"<!-- This site is optimized with the Yoast SEO plugin v27.3 - https:\/\/yoast.com\/product\/yoast-seo-wordpress\/ -->\n<title>Vaihdevipu XT M8100 12v oikea - VM Sport<\/title>\n<meta name=\"robots\" content=\"index, follow, max-snippet:-1, max-image-preview:large, max-video-preview:-1\" \/>\n<link rel=\"canonical\" href=\"https:\/\/vmsport.fi\/sv\/webbutik\/reservdelar\/vaxellador\/sidor-om-vaxellador\/vaxelspak-xt-m8100-12v-hoger\/\" \/>\n<meta property=\"og:locale\" content=\"sv_SE\" \/>\n<meta property=\"og:type\" content=\"article\" \/>\n<meta property=\"og:title\" content=\"Vaihdevipu XT M8100 12v oikea - VM Sport\" \/>\n<meta property=\"og:description\" content=\"Shimano Vaihdevipu XT M8100 12-vaihteinen oikea on huippuluokan osa maastopy\u00f6r\u00e4ilyyn, suunniteltu tarjoamaan varmaa ja tehokasta vaihteiden siirtoa. Sen kevyt k\u00e4ytt\u00f6mekanismi v\u00e4hent\u00e4\u00e4 tarvittavaa voimaa 35 prosentilla, mik\u00e4 parantaa hallittavuutta ja tarkkuutta. Erinomaisen nopea vipujen k\u00e4ytt\u00f6 ja 20 prosenttia nopeampi vaste tuovat ajamiseen mukavuutta, sill\u00e4 monivapautustoimintojen ansiosta voit vaihtaa useita vaihteita yhdell\u00e4 liikkeell\u00e4. T\u00e4m\u00e4 12-nopeuksinen RAPIDFIRE PLUS [...]L\u00e4s mer \u2026 from Vaihdevipu XT M8100 12v oikea\" \/>\n<meta property=\"og:url\" content=\"https:\/\/vmsport.fi\/sv\/webbutik\/reservdelar\/vaxellador\/sidor-om-vaxellador\/vaxelspak-xt-m8100-12v-hoger\/\" \/>\n<meta property=\"og:site_name\" content=\"VM Sport\" \/>\n<meta property=\"article:publisher\" content=\"https:\/\/www.facebook.com\/Vmsport.fi\/\" \/>\n<meta property=\"article:modified_time\" content=\"2026-01-16T11:20:52+00:00\" \/>\n<meta property=\"og:image\" content=\"https:\/\/vmsport.fi\/wp-content\/uploads\/2025\/03\/LkSQZ9i1ESJ0U2gBijW6Q2Sexs0lj81FPyYTRF95DsB9L4qJ40-1.jpg\" \/>\n\t<meta property=\"og:image:width\" content=\"600\" \/>\n\t<meta property=\"og:image:height\" content=\"600\" \/>\n\t<meta property=\"og:image:type\" content=\"image\/jpeg\" \/>\n<meta name=\"twitter:card\" content=\"summary_large_image\" \/>\n<meta name=\"twitter:label1\" content=\"Ber\u00e4knad l\u00e4stid\" \/>\n\t<meta name=\"twitter:data1\" content=\"1 minut\" \/>\n<script type=\"application\/ld+json\" class=\"yoast-schema-graph\">{\"@context\":\"https:\\\/\\\/schema.org\",\"@graph\":[{\"@type\":[\"WebPage\",\"ItemPage\"],\"@id\":\"https:\\\/\\\/vmsport.fi\\\/verkkokauppa\\\/varaosat\\\/vaihteistot\\\/vaihdevivut\\\/vaihdevipu-xt-m8100-12v-oikea\\\/\",\"url\":\"https:\\\/\\\/vmsport.fi\\\/verkkokauppa\\\/varaosat\\\/vaihteistot\\\/vaihdevivut\\\/vaihdevipu-xt-m8100-12v-oikea\\\/\",\"name\":\"Vaihdevipu XT M8100 12v oikea - VM Sport\",\"isPartOf\":{\"@id\":\"https:\\\/\\\/vmsport.fi\\\/#website\"},\"primaryImageOfPage\":{\"@id\":\"https:\\\/\\\/vmsport.fi\\\/verkkokauppa\\\/varaosat\\\/vaihteistot\\\/vaihdevivut\\\/vaihdevipu-xt-m8100-12v-oikea\\\/#primaryimage\"},\"image\":{\"@id\":\"https:\\\/\\\/vmsport.fi\\\/verkkokauppa\\\/varaosat\\\/vaihteistot\\\/vaihdevivut\\\/vaihdevipu-xt-m8100-12v-oikea\\\/#primaryimage\"},\"thumbnailUrl\":\"https:\\\/\\\/vmsport.fi\\\/wp-content\\\/uploads\\\/2025\\\/03\\\/LkSQZ9i1ESJ0U2gBijW6Q2Sexs0lj81FPyYTRF95DsB9L4qJ40-1.jpg\",\"datePublished\":\"2025-03-05T21:33:32+00:00\",\"dateModified\":\"2026-01-16T11:20:52+00:00\",\"breadcrumb\":{\"@id\":\"https:\\\/\\\/vmsport.fi\\\/verkkokauppa\\\/varaosat\\\/vaihteistot\\\/vaihdevivut\\\/vaihdevipu-xt-m8100-12v-oikea\\\/#breadcrumb\"},\"inLanguage\":\"sv-SE\",\"potentialAction\":[{\"@type\":\"ReadAction\",\"target\":[\"https:\\\/\\\/vmsport.fi\\\/verkkokauppa\\\/varaosat\\\/vaihteistot\\\/vaihdevivut\\\/vaihdevipu-xt-m8100-12v-oikea\\\/\"]}]},{\"@type\":\"ImageObject\",\"inLanguage\":\"sv-SE\",\"@id\":\"https:\\\/\\\/vmsport.fi\\\/verkkokauppa\\\/varaosat\\\/vaihteistot\\\/vaihdevivut\\\/vaihdevipu-xt-m8100-12v-oikea\\\/#primaryimage\",\"url\":\"https:\\\/\\\/vmsport.fi\\\/wp-content\\\/uploads\\\/2025\\\/03\\\/LkSQZ9i1ESJ0U2gBijW6Q2Sexs0lj81FPyYTRF95DsB9L4qJ40-1.jpg\",\"contentUrl\":\"https:\\\/\\\/vmsport.fi\\\/wp-content\\\/uploads\\\/2025\\\/03\\\/LkSQZ9i1ESJ0U2gBijW6Q2Sexs0lj81FPyYTRF95DsB9L4qJ40-1.jpg\",\"width\":600,\"height\":600,\"caption\":\"LkSQZ9i1ESJ0U2gBijW6Q2Sexs0lj81FPyYTRF95DsB9L4qJ40\"},{\"@type\":\"BreadcrumbList\",\"@id\":\"https:\\\/\\\/vmsport.fi\\\/verkkokauppa\\\/varaosat\\\/vaihteistot\\\/vaihdevivut\\\/vaihdevipu-xt-m8100-12v-oikea\\\/#breadcrumb\",\"itemListElement\":[{\"@type\":\"ListItem\",\"position\":1,\"name\":\"Etusivu\",\"item\":\"https:\\\/\\\/vmsport.fi\\\/\"},{\"@type\":\"ListItem\",\"position\":2,\"name\":\"Online Store\",\"item\":\"https:\\\/\\\/vmsport.fi\\\/en\\\/online-store\\\/\"},{\"@type\":\"ListItem\",\"position\":3,\"name\":\"Vaihdevipu XT M8100 12v oikea\"}]},{\"@type\":\"WebSite\",\"@id\":\"https:\\\/\\\/vmsport.fi\\\/#website\",\"url\":\"https:\\\/\\\/vmsport.fi\\\/\",\"name\":\"Vmsport\",\"description\":\"Kaikki py\u00f6r\u00e4ilyyn yhdest\u00e4 paikasta\",\"publisher\":{\"@id\":\"https:\\\/\\\/vmsport.fi\\\/#organization\"},\"potentialAction\":[{\"@type\":\"SearchAction\",\"target\":{\"@type\":\"EntryPoint\",\"urlTemplate\":\"https:\\\/\\\/vmsport.fi\\\/?s={search_term_string}\"},\"query-input\":{\"@type\":\"PropertyValueSpecification\",\"valueRequired\":true,\"valueName\":\"search_term_string\"}}],\"inLanguage\":\"sv-SE\"},{\"@type\":\"Organization\",\"@id\":\"https:\\\/\\\/vmsport.fi\\\/#organization\",\"name\":\"Vmsport\",\"url\":\"https:\\\/\\\/vmsport.fi\\\/\",\"logo\":{\"@type\":\"ImageObject\",\"inLanguage\":\"sv-SE\",\"@id\":\"https:\\\/\\\/vmsport.fi\\\/#\\\/schema\\\/logo\\\/image\\\/\",\"url\":\"https:\\\/\\\/vmsport.fi\\\/wp-content\\\/uploads\\\/2024\\\/12\\\/vm_sport_RGB_horisontal-e1734526017575.png\",\"contentUrl\":\"https:\\\/\\\/vmsport.fi\\\/wp-content\\\/uploads\\\/2024\\\/12\\\/vm_sport_RGB_horisontal-e1734526017575.png\",\"width\":668,\"height\":85,\"caption\":\"Vmsport\"},\"image\":{\"@id\":\"https:\\\/\\\/vmsport.fi\\\/#\\\/schema\\\/logo\\\/image\\\/\"},\"sameAs\":[\"https:\\\/\\\/www.facebook.com\\\/Vmsport.fi\\\/\",\"https:\\\/\\\/www.instagram.com\\\/vmsport\\\/\"]}]}<\/script>\n<!-- \/ Yoast SEO plugin. -->","yoast_head_json":{"title":"V\u00e4xelspak XT M8100 12v h\u00f6ger - VM Sport","robots":{"index":"index","follow":"follow","max-snippet":"max-snippet:-1","max-image-preview":"max-image-preview:large","max-video-preview":"max-video-preview:-1"},"canonical":"https:\/\/vmsport.fi\/sv\/webbutik\/reservdelar\/vaxellador\/sidor-om-vaxellador\/vaxelspak-xt-m8100-12v-hoger\/","og_locale":"sv_SE","og_type":"article","og_title":"Vaihdevipu XT M8100 12v oikea - VM Sport","og_description":"Shimano Vaihdevipu XT M8100 12-vaihteinen oikea on huippuluokan osa maastopy\u00f6r\u00e4ilyyn, suunniteltu tarjoamaan varmaa ja tehokasta vaihteiden siirtoa. Sen kevyt k\u00e4ytt\u00f6mekanismi v\u00e4hent\u00e4\u00e4 tarvittavaa voimaa 35 prosentilla, mik\u00e4 parantaa hallittavuutta ja tarkkuutta. Erinomaisen nopea vipujen k\u00e4ytt\u00f6 ja 20 prosenttia nopeampi vaste tuovat ajamiseen mukavuutta, sill\u00e4 monivapautustoimintojen ansiosta voit vaihtaa useita vaihteita yhdell\u00e4 liikkeell\u00e4. T\u00e4m\u00e4 12-nopeuksinen RAPIDFIRE PLUS [...]L\u00e4s mer \u2026 from Vaihdevipu XT M8100 12v oikea","og_url":"https:\/\/vmsport.fi\/sv\/webbutik\/reservdelar\/vaxellador\/sidor-om-vaxellador\/vaxelspak-xt-m8100-12v-hoger\/","og_site_name":"VM Sport","article_publisher":"https:\/\/www.facebook.com\/Vmsport.fi\/","article_modified_time":"2026-01-16T11:20:52+00:00","og_image":[{"width":600,"height":600,"url":"https:\/\/vmsport.fi\/wp-content\/uploads\/2025\/03\/LkSQZ9i1ESJ0U2gBijW6Q2Sexs0lj81FPyYTRF95DsB9L4qJ40-1.jpg","type":"image\/jpeg"}],"twitter_card":"summary_large_image","twitter_misc":{"Ber\u00e4knad l\u00e4stid":"1 minut"},"schema":{"@context":"https:\/\/schema.org","@graph":[{"@type":["WebPage","ItemPage"],"@id":"https:\/\/vmsport.fi\/verkkokauppa\/varaosat\/vaihteistot\/vaihdevivut\/vaihdevipu-xt-m8100-12v-oikea\/","url":"https:\/\/vmsport.fi\/verkkokauppa\/varaosat\/vaihteistot\/vaihdevivut\/vaihdevipu-xt-m8100-12v-oikea\/","name":"V\u00e4xelspak XT M8100 12v h\u00f6ger - VM Sport","isPartOf":{"@id":"https:\/\/vmsport.fi\/#website"},"primaryImageOfPage":{"@id":"https:\/\/vmsport.fi\/verkkokauppa\/varaosat\/vaihteistot\/vaihdevivut\/vaihdevipu-xt-m8100-12v-oikea\/#primaryimage"},"image":{"@id":"https:\/\/vmsport.fi\/verkkokauppa\/varaosat\/vaihteistot\/vaihdevivut\/vaihdevipu-xt-m8100-12v-oikea\/#primaryimage"},"thumbnailUrl":"https:\/\/vmsport.fi\/wp-content\/uploads\/2025\/03\/LkSQZ9i1ESJ0U2gBijW6Q2Sexs0lj81FPyYTRF95DsB9L4qJ40-1.jpg","datePublished":"2025-03-05T21:33:32+00:00","dateModified":"2026-01-16T11:20:52+00:00","breadcrumb":{"@id":"https:\/\/vmsport.fi\/verkkokauppa\/varaosat\/vaihteistot\/vaihdevivut\/vaihdevipu-xt-m8100-12v-oikea\/#breadcrumb"},"inLanguage":"sv-SE","potentialAction":[{"@type":"ReadAction","target":["https:\/\/vmsport.fi\/verkkokauppa\/varaosat\/vaihteistot\/vaihdevivut\/vaihdevipu-xt-m8100-12v-oikea\/"]}]},{"@type":"ImageObject","inLanguage":"sv-SE","@id":"https:\/\/vmsport.fi\/verkkokauppa\/varaosat\/vaihteistot\/vaihdevivut\/vaihdevipu-xt-m8100-12v-oikea\/#primaryimage","url":"https:\/\/vmsport.fi\/wp-content\/uploads\/2025\/03\/LkSQZ9i1ESJ0U2gBijW6Q2Sexs0lj81FPyYTRF95DsB9L4qJ40-1.jpg","contentUrl":"https:\/\/vmsport.fi\/wp-content\/uploads\/2025\/03\/LkSQZ9i1ESJ0U2gBijW6Q2Sexs0lj81FPyYTRF95DsB9L4qJ40-1.jpg","width":600,"height":600,"caption":"LkSQZ9i1ESJ0U2gBijW6Q2Sexs0lj81FPyYTRF95DsB9L4qJ40"},{"@type":"BreadcrumbList","@id":"https:\/\/vmsport.fi\/verkkokauppa\/varaosat\/vaihteistot\/vaihdevivut\/vaihdevipu-xt-m8100-12v-oikea\/#breadcrumb","itemListElement":[{"@type":"ListItem","position":1,"name":"Etusivu","item":"https:\/\/vmsport.fi\/"},{"@type":"ListItem","position":2,"name":"Online Store","item":"https:\/\/vmsport.fi\/en\/online-store\/"},{"@type":"ListItem","position":3,"name":"Vaihdevipu XT M8100 12v oikea"}]},{"@type":"WebSite","@id":"https:\/\/vmsport.fi\/#website","url":"https:\/\/vmsport.fi\/","name":"Vmsport","description":"Allt p\u00e5 ett st\u00e4lle f\u00f6r cykling","publisher":{"@id":"https:\/\/vmsport.fi\/#organization"},"potentialAction":[{"@type":"SearchAction","target":{"@type":"EntryPoint","urlTemplate":"https:\/\/vmsport.fi\/?s={search_term_string}"},"query-input":{"@type":"PropertyValueSpecification","valueRequired":true,"valueName":"search_term_string"}}],"inLanguage":"sv-SE"},{"@type":"Organization","@id":"https:\/\/vmsport.fi\/#organization","name":"Vmsport","url":"https:\/\/vmsport.fi\/","logo":{"@type":"ImageObject","inLanguage":"sv-SE","@id":"https:\/\/vmsport.fi\/#\/schema\/logo\/image\/","url":"https:\/\/vmsport.fi\/wp-content\/uploads\/2024\/12\/vm_sport_RGB_horisontal-e1734526017575.png","contentUrl":"https:\/\/vmsport.fi\/wp-content\/uploads\/2024\/12\/vm_sport_RGB_horisontal-e1734526017575.png","width":668,"height":85,"caption":"Vmsport"},"image":{"@id":"https:\/\/vmsport.fi\/#\/schema\/logo\/image\/"},"sameAs":["https:\/\/www.facebook.com\/Vmsport.fi\/","https:\/\/www.instagram.com\/vmsport\/"]}]}},"global_unique_id":"","_links":{"self":[{"href":"https:\/\/vmsport.fi\/sv\/wp-json\/wp\/v2\/product\/52731","targetHints":{"allow":["GET"]}}],"collection":[{"href":"https:\/\/vmsport.fi\/sv\/wp-json\/wp\/v2\/product"}],"about":[{"href":"https:\/\/vmsport.fi\/sv\/wp-json\/wp\/v2\/types\/product"}],"replies":[{"embeddable":true,"href":"https:\/\/vmsport.fi\/sv\/wp-json\/wp\/v2\/comments?post=52731"}],"wp:featuredmedia":[{"embeddable":true,"href":"https:\/\/vmsport.fi\/sv\/wp-json\/wp\/v2\/media\/52730"}],"wp:attachment":[{"href":"https:\/\/vmsport.fi\/sv\/wp-json\/wp\/v2\/media?parent=52731"}],"wp:term":[{"taxonomy":"product_brand","embeddable":true,"href":"https:\/\/vmsport.fi\/sv\/wp-json\/wp\/v2\/product_brand?post=52731"},{"taxonomy":"product_model","embeddable":true,"href":"https:\/\/vmsport.fi\/sv\/wp-json\/wp\/v2\/product_model?post=52731"},{"taxonomy":"product_cat","embeddable":true,"href":"https:\/\/vmsport.fi\/sv\/wp-json\/wp\/v2\/product_cat?post=52731"},{"taxonomy":"product_tag","embeddable":true,"href":"https:\/\/vmsport.fi\/sv\/wp-json\/wp\/v2\/product_tag?post=52731"},{"taxonomy":"industry_terminology","embeddable":true,"href":"https:\/\/vmsport.fi\/sv\/wp-json\/wp\/v2\/industry-terminology?post=52731"}],"curies":[{"name":"wp","href":"https:\/\/api.w.org\/{rel}","templated":true}]}}