{"id":52721,"date":"2025-03-05T23:33:28","date_gmt":"2025-03-05T21:33:28","guid":{"rendered":"https:\/\/vmsport.fi\/verkkokauppa\/Ei-luokiteltu\/jawbreaker-matte-black-w-prizmtrailtrch\/"},"modified":"2026-01-16T13:22:20","modified_gmt":"2026-01-16T11:22:20","slug":"jawbreaker-matt-svart-m-prizmtrailtrch","status":"publish","type":"product","link":"https:\/\/vmsport.fi\/sv\/verkkokauppa\/ajovarusteet\/ajolasit\/jawbreaker-matte-black-w-prizmtrailtrch\/","title":{"rendered":"Jawbreaker matt svart med PRIZMTrailTrch"},"content":{"rendered":"<p>Oakley Jawbreaker Matte Black kombinerat med PRIZM Trail Torch-linser erbjuder en kombination av innovativ design och enast\u00e5ende funktionell prestanda. Tillverkad av slitstarkt O Matter-material, Matte Black-b\u00e5gen utstr\u00e5lar banbrytande atletisk prestanda. Den patenterade High Definition Optics-tekniken ger enast\u00e5ende optisk klarhet och skarp syn.<\/p>\n<p>Prizm Trail Torch-linserna, med en ljustransmission p\u00e5 35%, \u00e4r v\u00e4l l\u00e4mpade f\u00f6r f\u00f6rh\u00e5llanden med medelh\u00f6g ljusstyrka och f\u00f6rb\u00e4ttrar kontrasten f\u00f6r b\u00e4ttre synlighet. De rosa linserna och Switchlock-tekniken g\u00f6r det enkelt att byta linser i varierande ljusf\u00f6rh\u00e5llanden. \u00d6ron- och n\u00e4skuddar i Unobtainium ger extra st\u00f6d och komfort, medan ventilationsh\u00e5len f\u00f6rb\u00e4ttrar ventilationen.<\/p>\n<p>De \u00e4r s\u00e4rskilt utformade f\u00f6r h\u00f6gpresterande sporter som cykling och ger ett brett synf\u00e4lt p\u00e5 ovansidan och en s\u00e4ker passform f\u00f6r \u00f6kad komfort och s\u00e4kerhet under intensiv aktivitet. Ventilationen f\u00f6rb\u00e4ttrar luftfl\u00f6det och bidrar till att h\u00e5lla glas\u00f6gonen svala. Detta g\u00f6r glas\u00f6gonen till ett utm\u00e4rkt val f\u00f6r b\u00e5de sportentusiaster och professionella ut\u00f6vare.<\/p>","protected":false},"excerpt":{"rendered":"<p>Oakley Jawbreaker Matte Black yhdess\u00e4 PRIZM Trail Torch -linssejen kanssa tarjoaa innovatiivisen muotoilun ja erinomaisen toiminnallisen suorituskyvyn yhdistelm\u00e4n. Kest\u00e4v\u00e4st\u00e4 O Matter -materiaalista valmistettu Matte Black -runko henk\u00e4ilee huippuluokan urheilusuoritusta. Patentoitu High Definition Optics -teknologia varmistaa poikkeuksellisen optisen kirkkauden ja tarkan n\u00e4kym\u00e4n. Prizm Trail Torch -linssit, joiden valonl\u00e4p\u00e4isykyky on 35%, sopivat hyvin keskikirkkaisiin olosuhteisiin ja tehostavat [&#8230;]<\/p>\n<p><a class=\"btn btn-secondary understrap-read-more-link\" href=\"https:\/\/vmsport.fi\/sv\/verkkokauppa\/ajovarusteet\/ajolasit\/jawbreaker-matte-black-w-prizmtrailtrch\/\">L\u00e4s mer \u2026<span class=\"screen-reader-text\"> from Jawbreaker Matte Black w\/ PRIZMTrailTrch<\/span><\/a><\/p>\n","protected":false},"featured_media":52719,"comment_status":"open","ping_status":"closed","template":"","meta":{"_acf_changed":false,"_improvement_type_select":"improve_an_existing","_thumb_yes_seoaic":false,"_frame_yes_seoaic":false,"seoaic_generate_description":"","seoaic_improve_instructions_prompt":"","seoaic_rollback_content_improvement":"","seoaic_idea_thumbnail_generator":"","thumbnail_generated":false,"thumbnail_generate_prompt":"","seoaic_article_description":"","_supplier_stock_quantity":0},"product_brand":[],"product_model":[],"product_cat":[9280],"product_tag":[],"industry-terminology":[],"class_list":{"0":"post-52721","1":"product","2":"type-product","3":"status-publish","4":"has-post-thumbnail","6":"product_cat-ajolasit","8":"first","9":"outofstock","10":"taxable","11":"shipping-taxable","12":"product-type-simple"},"acf":{"bike_features":null,"overview":{"copy_overview":null,"key_features":null,"statement":"","youtube_url":""}},"yoast_head":"<!-- This site is optimized with the Yoast SEO plugin v27.3 - https:\/\/yoast.com\/product\/yoast-seo-wordpress\/ -->\n<title>Jawbreaker Matte Black w\/ PRIZMTrailTrch - VM Sport<\/title>\n<meta name=\"robots\" content=\"index, follow, max-snippet:-1, max-image-preview:large, max-video-preview:-1\" \/>\n<link rel=\"canonical\" href=\"https:\/\/vmsport.fi\/sv\/webbutik\/korutrustning\/drivande-glasogon\/jawbreaker-matt-svart-m-prizmtrailtrch\/\" \/>\n<meta property=\"og:locale\" content=\"sv_SE\" \/>\n<meta property=\"og:type\" content=\"article\" \/>\n<meta property=\"og:title\" content=\"Jawbreaker Matte Black w\/ PRIZMTrailTrch - VM Sport\" \/>\n<meta property=\"og:description\" content=\"Oakley Jawbreaker Matte Black yhdess\u00e4 PRIZM Trail Torch -linssejen kanssa tarjoaa innovatiivisen muotoilun ja erinomaisen toiminnallisen suorituskyvyn yhdistelm\u00e4n. Kest\u00e4v\u00e4st\u00e4 O Matter -materiaalista valmistettu Matte Black -runko henk\u00e4ilee huippuluokan urheilusuoritusta. Patentoitu High Definition Optics -teknologia varmistaa poikkeuksellisen optisen kirkkauden ja tarkan n\u00e4kym\u00e4n. Prizm Trail Torch -linssit, joiden valonl\u00e4p\u00e4isykyky on 35%, sopivat hyvin keskikirkkaisiin olosuhteisiin ja tehostavat [...]L\u00e4s mer \u2026 from Jawbreaker Matte Black w\/ PRIZMTrailTrch\" \/>\n<meta property=\"og:url\" content=\"https:\/\/vmsport.fi\/sv\/webbutik\/korutrustning\/drivande-glasogon\/jawbreaker-matt-svart-m-prizmtrailtrch\/\" \/>\n<meta property=\"og:site_name\" content=\"VM Sport\" \/>\n<meta property=\"article:publisher\" content=\"https:\/\/www.facebook.com\/Vmsport.fi\/\" \/>\n<meta property=\"article:modified_time\" content=\"2026-01-16T11:22:20+00:00\" \/>\n<meta property=\"og:image\" content=\"https:\/\/vmsport.fi\/wp-content\/uploads\/2025\/03\/4dc19af2-daf6-46a7-8174-957dc1f6bb6c-1.jpg\" \/>\n\t<meta property=\"og:image:width\" content=\"225\" \/>\n\t<meta property=\"og:image:height\" content=\"225\" \/>\n\t<meta property=\"og:image:type\" content=\"image\/jpeg\" \/>\n<meta name=\"twitter:card\" content=\"summary_large_image\" \/>\n<meta name=\"twitter:label1\" content=\"Ber\u00e4knad l\u00e4stid\" \/>\n\t<meta name=\"twitter:data1\" content=\"1 minut\" \/>\n<script type=\"application\/ld+json\" class=\"yoast-schema-graph\">{\"@context\":\"https:\\\/\\\/schema.org\",\"@graph\":[{\"@type\":[\"WebPage\",\"ItemPage\"],\"@id\":\"https:\\\/\\\/vmsport.fi\\\/verkkokauppa\\\/ajovarusteet\\\/ajolasit\\\/jawbreaker-matte-black-w-prizmtrailtrch\\\/\",\"url\":\"https:\\\/\\\/vmsport.fi\\\/verkkokauppa\\\/ajovarusteet\\\/ajolasit\\\/jawbreaker-matte-black-w-prizmtrailtrch\\\/\",\"name\":\"Jawbreaker Matte Black w\\\/ PRIZMTrailTrch - VM Sport\",\"isPartOf\":{\"@id\":\"https:\\\/\\\/vmsport.fi\\\/#website\"},\"primaryImageOfPage\":{\"@id\":\"https:\\\/\\\/vmsport.fi\\\/verkkokauppa\\\/ajovarusteet\\\/ajolasit\\\/jawbreaker-matte-black-w-prizmtrailtrch\\\/#primaryimage\"},\"image\":{\"@id\":\"https:\\\/\\\/vmsport.fi\\\/verkkokauppa\\\/ajovarusteet\\\/ajolasit\\\/jawbreaker-matte-black-w-prizmtrailtrch\\\/#primaryimage\"},\"thumbnailUrl\":\"https:\\\/\\\/vmsport.fi\\\/wp-content\\\/uploads\\\/2025\\\/03\\\/4dc19af2-daf6-46a7-8174-957dc1f6bb6c-1.jpg\",\"datePublished\":\"2025-03-05T21:33:28+00:00\",\"dateModified\":\"2026-01-16T11:22:20+00:00\",\"breadcrumb\":{\"@id\":\"https:\\\/\\\/vmsport.fi\\\/verkkokauppa\\\/ajovarusteet\\\/ajolasit\\\/jawbreaker-matte-black-w-prizmtrailtrch\\\/#breadcrumb\"},\"inLanguage\":\"sv-SE\",\"potentialAction\":[{\"@type\":\"ReadAction\",\"target\":[\"https:\\\/\\\/vmsport.fi\\\/verkkokauppa\\\/ajovarusteet\\\/ajolasit\\\/jawbreaker-matte-black-w-prizmtrailtrch\\\/\"]}]},{\"@type\":\"ImageObject\",\"inLanguage\":\"sv-SE\",\"@id\":\"https:\\\/\\\/vmsport.fi\\\/verkkokauppa\\\/ajovarusteet\\\/ajolasit\\\/jawbreaker-matte-black-w-prizmtrailtrch\\\/#primaryimage\",\"url\":\"https:\\\/\\\/vmsport.fi\\\/wp-content\\\/uploads\\\/2025\\\/03\\\/4dc19af2-daf6-46a7-8174-957dc1f6bb6c-1.jpg\",\"contentUrl\":\"https:\\\/\\\/vmsport.fi\\\/wp-content\\\/uploads\\\/2025\\\/03\\\/4dc19af2-daf6-46a7-8174-957dc1f6bb6c-1.jpg\",\"width\":225,\"height\":225,\"caption\":\"4dc19af2-daf6-46a7-8174-957dc1f6bb6c\"},{\"@type\":\"BreadcrumbList\",\"@id\":\"https:\\\/\\\/vmsport.fi\\\/verkkokauppa\\\/ajovarusteet\\\/ajolasit\\\/jawbreaker-matte-black-w-prizmtrailtrch\\\/#breadcrumb\",\"itemListElement\":[{\"@type\":\"ListItem\",\"position\":1,\"name\":\"Etusivu\",\"item\":\"https:\\\/\\\/vmsport.fi\\\/\"},{\"@type\":\"ListItem\",\"position\":2,\"name\":\"Online Store\",\"item\":\"https:\\\/\\\/vmsport.fi\\\/en\\\/online-store\\\/\"},{\"@type\":\"ListItem\",\"position\":3,\"name\":\"Jawbreaker Matte Black w\\\/ PRIZMTrailTrch\"}]},{\"@type\":\"WebSite\",\"@id\":\"https:\\\/\\\/vmsport.fi\\\/#website\",\"url\":\"https:\\\/\\\/vmsport.fi\\\/\",\"name\":\"Vmsport\",\"description\":\"Kaikki py\u00f6r\u00e4ilyyn yhdest\u00e4 paikasta\",\"publisher\":{\"@id\":\"https:\\\/\\\/vmsport.fi\\\/#organization\"},\"potentialAction\":[{\"@type\":\"SearchAction\",\"target\":{\"@type\":\"EntryPoint\",\"urlTemplate\":\"https:\\\/\\\/vmsport.fi\\\/?s={search_term_string}\"},\"query-input\":{\"@type\":\"PropertyValueSpecification\",\"valueRequired\":true,\"valueName\":\"search_term_string\"}}],\"inLanguage\":\"sv-SE\"},{\"@type\":\"Organization\",\"@id\":\"https:\\\/\\\/vmsport.fi\\\/#organization\",\"name\":\"Vmsport\",\"url\":\"https:\\\/\\\/vmsport.fi\\\/\",\"logo\":{\"@type\":\"ImageObject\",\"inLanguage\":\"sv-SE\",\"@id\":\"https:\\\/\\\/vmsport.fi\\\/#\\\/schema\\\/logo\\\/image\\\/\",\"url\":\"https:\\\/\\\/vmsport.fi\\\/wp-content\\\/uploads\\\/2024\\\/12\\\/vm_sport_RGB_horisontal-e1734526017575.png\",\"contentUrl\":\"https:\\\/\\\/vmsport.fi\\\/wp-content\\\/uploads\\\/2024\\\/12\\\/vm_sport_RGB_horisontal-e1734526017575.png\",\"width\":668,\"height\":85,\"caption\":\"Vmsport\"},\"image\":{\"@id\":\"https:\\\/\\\/vmsport.fi\\\/#\\\/schema\\\/logo\\\/image\\\/\"},\"sameAs\":[\"https:\\\/\\\/www.facebook.com\\\/Vmsport.fi\\\/\",\"https:\\\/\\\/www.instagram.com\\\/vmsport\\\/\"]}]}<\/script>\n<!-- \/ Yoast SEO plugin. -->","yoast_head_json":{"title":"Jawbreaker matt svart med PRIZMTrailTrch - VM Sport","robots":{"index":"index","follow":"follow","max-snippet":"max-snippet:-1","max-image-preview":"max-image-preview:large","max-video-preview":"max-video-preview:-1"},"canonical":"https:\/\/vmsport.fi\/sv\/webbutik\/korutrustning\/drivande-glasogon\/jawbreaker-matt-svart-m-prizmtrailtrch\/","og_locale":"sv_SE","og_type":"article","og_title":"Jawbreaker Matte Black w\/ PRIZMTrailTrch - VM Sport","og_description":"Oakley Jawbreaker Matte Black yhdess\u00e4 PRIZM Trail Torch -linssejen kanssa tarjoaa innovatiivisen muotoilun ja erinomaisen toiminnallisen suorituskyvyn yhdistelm\u00e4n. Kest\u00e4v\u00e4st\u00e4 O Matter -materiaalista valmistettu Matte Black -runko henk\u00e4ilee huippuluokan urheilusuoritusta. Patentoitu High Definition Optics -teknologia varmistaa poikkeuksellisen optisen kirkkauden ja tarkan n\u00e4kym\u00e4n. Prizm Trail Torch -linssit, joiden valonl\u00e4p\u00e4isykyky on 35%, sopivat hyvin keskikirkkaisiin olosuhteisiin ja tehostavat [...]L\u00e4s mer \u2026 from Jawbreaker Matte Black w\/ PRIZMTrailTrch","og_url":"https:\/\/vmsport.fi\/sv\/webbutik\/korutrustning\/drivande-glasogon\/jawbreaker-matt-svart-m-prizmtrailtrch\/","og_site_name":"VM Sport","article_publisher":"https:\/\/www.facebook.com\/Vmsport.fi\/","article_modified_time":"2026-01-16T11:22:20+00:00","og_image":[{"width":225,"height":225,"url":"https:\/\/vmsport.fi\/wp-content\/uploads\/2025\/03\/4dc19af2-daf6-46a7-8174-957dc1f6bb6c-1.jpg","type":"image\/jpeg"}],"twitter_card":"summary_large_image","twitter_misc":{"Ber\u00e4knad l\u00e4stid":"1 minut"},"schema":{"@context":"https:\/\/schema.org","@graph":[{"@type":["WebPage","ItemPage"],"@id":"https:\/\/vmsport.fi\/verkkokauppa\/ajovarusteet\/ajolasit\/jawbreaker-matte-black-w-prizmtrailtrch\/","url":"https:\/\/vmsport.fi\/verkkokauppa\/ajovarusteet\/ajolasit\/jawbreaker-matte-black-w-prizmtrailtrch\/","name":"Jawbreaker matt svart med PRIZMTrailTrch - VM Sport","isPartOf":{"@id":"https:\/\/vmsport.fi\/#website"},"primaryImageOfPage":{"@id":"https:\/\/vmsport.fi\/verkkokauppa\/ajovarusteet\/ajolasit\/jawbreaker-matte-black-w-prizmtrailtrch\/#primaryimage"},"image":{"@id":"https:\/\/vmsport.fi\/verkkokauppa\/ajovarusteet\/ajolasit\/jawbreaker-matte-black-w-prizmtrailtrch\/#primaryimage"},"thumbnailUrl":"https:\/\/vmsport.fi\/wp-content\/uploads\/2025\/03\/4dc19af2-daf6-46a7-8174-957dc1f6bb6c-1.jpg","datePublished":"2025-03-05T21:33:28+00:00","dateModified":"2026-01-16T11:22:20+00:00","breadcrumb":{"@id":"https:\/\/vmsport.fi\/verkkokauppa\/ajovarusteet\/ajolasit\/jawbreaker-matte-black-w-prizmtrailtrch\/#breadcrumb"},"inLanguage":"sv-SE","potentialAction":[{"@type":"ReadAction","target":["https:\/\/vmsport.fi\/verkkokauppa\/ajovarusteet\/ajolasit\/jawbreaker-matte-black-w-prizmtrailtrch\/"]}]},{"@type":"ImageObject","inLanguage":"sv-SE","@id":"https:\/\/vmsport.fi\/verkkokauppa\/ajovarusteet\/ajolasit\/jawbreaker-matte-black-w-prizmtrailtrch\/#primaryimage","url":"https:\/\/vmsport.fi\/wp-content\/uploads\/2025\/03\/4dc19af2-daf6-46a7-8174-957dc1f6bb6c-1.jpg","contentUrl":"https:\/\/vmsport.fi\/wp-content\/uploads\/2025\/03\/4dc19af2-daf6-46a7-8174-957dc1f6bb6c-1.jpg","width":225,"height":225,"caption":"4dc19af2-daf6-46a7-8174-957dc1f6bb6c"},{"@type":"BreadcrumbList","@id":"https:\/\/vmsport.fi\/verkkokauppa\/ajovarusteet\/ajolasit\/jawbreaker-matte-black-w-prizmtrailtrch\/#breadcrumb","itemListElement":[{"@type":"ListItem","position":1,"name":"Etusivu","item":"https:\/\/vmsport.fi\/"},{"@type":"ListItem","position":2,"name":"Online Store","item":"https:\/\/vmsport.fi\/en\/online-store\/"},{"@type":"ListItem","position":3,"name":"Jawbreaker Matte Black w\/ PRIZMTrailTrch"}]},{"@type":"WebSite","@id":"https:\/\/vmsport.fi\/#website","url":"https:\/\/vmsport.fi\/","name":"Vmsport","description":"Allt p\u00e5 ett st\u00e4lle f\u00f6r cykling","publisher":{"@id":"https:\/\/vmsport.fi\/#organization"},"potentialAction":[{"@type":"SearchAction","target":{"@type":"EntryPoint","urlTemplate":"https:\/\/vmsport.fi\/?s={search_term_string}"},"query-input":{"@type":"PropertyValueSpecification","valueRequired":true,"valueName":"search_term_string"}}],"inLanguage":"sv-SE"},{"@type":"Organization","@id":"https:\/\/vmsport.fi\/#organization","name":"Vmsport","url":"https:\/\/vmsport.fi\/","logo":{"@type":"ImageObject","inLanguage":"sv-SE","@id":"https:\/\/vmsport.fi\/#\/schema\/logo\/image\/","url":"https:\/\/vmsport.fi\/wp-content\/uploads\/2024\/12\/vm_sport_RGB_horisontal-e1734526017575.png","contentUrl":"https:\/\/vmsport.fi\/wp-content\/uploads\/2024\/12\/vm_sport_RGB_horisontal-e1734526017575.png","width":668,"height":85,"caption":"Vmsport"},"image":{"@id":"https:\/\/vmsport.fi\/#\/schema\/logo\/image\/"},"sameAs":["https:\/\/www.facebook.com\/Vmsport.fi\/","https:\/\/www.instagram.com\/vmsport\/"]}]}},"global_unique_id":"","_links":{"self":[{"href":"https:\/\/vmsport.fi\/sv\/wp-json\/wp\/v2\/product\/52721","targetHints":{"allow":["GET"]}}],"collection":[{"href":"https:\/\/vmsport.fi\/sv\/wp-json\/wp\/v2\/product"}],"about":[{"href":"https:\/\/vmsport.fi\/sv\/wp-json\/wp\/v2\/types\/product"}],"replies":[{"embeddable":true,"href":"https:\/\/vmsport.fi\/sv\/wp-json\/wp\/v2\/comments?post=52721"}],"wp:featuredmedia":[{"embeddable":true,"href":"https:\/\/vmsport.fi\/sv\/wp-json\/wp\/v2\/media\/52719"}],"wp:attachment":[{"href":"https:\/\/vmsport.fi\/sv\/wp-json\/wp\/v2\/media?parent=52721"}],"wp:term":[{"taxonomy":"product_brand","embeddable":true,"href":"https:\/\/vmsport.fi\/sv\/wp-json\/wp\/v2\/product_brand?post=52721"},{"taxonomy":"product_model","embeddable":true,"href":"https:\/\/vmsport.fi\/sv\/wp-json\/wp\/v2\/product_model?post=52721"},{"taxonomy":"product_cat","embeddable":true,"href":"https:\/\/vmsport.fi\/sv\/wp-json\/wp\/v2\/product_cat?post=52721"},{"taxonomy":"product_tag","embeddable":true,"href":"https:\/\/vmsport.fi\/sv\/wp-json\/wp\/v2\/product_tag?post=52721"},{"taxonomy":"industry_terminology","embeddable":true,"href":"https:\/\/vmsport.fi\/sv\/wp-json\/wp\/v2\/industry-terminology?post=52721"}],"curies":[{"name":"wp","href":"https:\/\/api.w.org\/{rel}","templated":true}]}}