{"id":52714,"date":"2025-03-05T23:33:26","date_gmt":"2025-03-05T21:33:26","guid":{"rendered":"https:\/\/vmsport.fi\/verkkokauppa\/Ei-luokiteltu\/muc-off-8-1-bike-cleaning-kit\/"},"modified":"2026-01-16T13:20:59","modified_gmt":"2026-01-16T11:20:59","slug":"muc-off-8-1-cykelrengoringssats","status":"publish","type":"product","link":"https:\/\/vmsport.fi\/sv\/verkkokauppa\/tarvikkeet\/huolto-ja-pesu\/puhdistustyokalut\/muc-off-8-1-bike-cleaning-kit\/","title":{"rendered":"MUC-OFF 8-1 reng\u00f6ringssats f\u00f6r cyklar"},"content":{"rendered":"<p>MUC-OFF 8-1 Wheel Cleaning Kit \u00e4r utformat f\u00f6r att g\u00f6ra det enklare att underh\u00e5lla din cykel och h\u00e5lla den i utm\u00e4rkt skick. Den kraftfulla Nano Tech-hjulreng\u00f6ringen l\u00f6ser snabbt upp smuts, vilket ger snabb och enkel reng\u00f6ring samtidigt som cykelns glans bibeh\u00e5lls. Den skyddande hjulsprayen f\u00f6rhindrar rost och korrosion, vilket f\u00f6rl\u00e4nger livsl\u00e4ngden p\u00e5 din cykel. M\u00e5ngsidiga reng\u00f6ringsverktyg, t.ex. en expanderande mikrocellul\u00e4r svamp och en mjuk skrubbborste, ger en skonsam men grundlig reng\u00f6ring. Precisionsborsten \u00e4r utformad f\u00f6r att h\u00e5lla de minsta och sv\u00e5r\u00e5tkomliga omr\u00e5dena rena. I setet ing\u00e5r ocks\u00e5 en praktisk f\u00f6rvaringsbricka som ocks\u00e5 fungerar som plats f\u00f6r att tv\u00e4tta delar. Milj\u00f6h\u00e4nsyn har beaktats i Project Green, som lanserar biologiskt nedbrytbara och \u00e5teranv\u00e4ndbara produkter p\u00e5 marknaden. Det h\u00e4r omfattande sortimentet \u00e4r perfekt f\u00f6r alla typer av cyklar och m\u00f6jligg\u00f6r noggrant underh\u00e5ll och reng\u00f6ring, vilket g\u00f6r att anv\u00e4ndaren kan uppn\u00e5 professionella resultat utan tidigare erfarenhet.<\/p>","protected":false},"excerpt":{"rendered":"<p>MUC-OFF 8-1 Py\u00f6r\u00e4npuhdistussarja on suunniteltu helpottamaan py\u00f6r\u00e4n huoltamista ja pit\u00e4m\u00e4\u00e4n sen erinomaisessa kunnossa. Sen tehokas Nano Tech -py\u00f6r\u00e4npuhdistusaine liuottaa nopeasti lian, mahdollistaen nopean ja vaivattoman puhdistuksen s\u00e4ilytt\u00e4en py\u00f6r\u00e4si kiillon. Suojaava py\u00f6r\u00e4suihke est\u00e4\u00e4 ruosteen ja korroosion muodostumista, mik\u00e4 pident\u00e4\u00e4 py\u00f6r\u00e4n k\u00e4ytt\u00f6ik\u00e4\u00e4. Monipuoliset puhdistusty\u00f6kalut, kuten laajeneva mikrosoluinen sieni ja pehme\u00e4 pesuharja, takaavat hell\u00e4varaisen mutta perusteellisen puhdistuksen. Tarkkuusharja [&#8230;]<\/p>\n<p><a class=\"btn btn-secondary understrap-read-more-link\" href=\"https:\/\/vmsport.fi\/sv\/verkkokauppa\/tarvikkeet\/huolto-ja-pesu\/puhdistustyokalut\/muc-off-8-1-bike-cleaning-kit\/\">L\u00e4s mer \u2026<span class=\"screen-reader-text\"> from MUC-OFF 8-1 Bike Cleaning Kit<\/span><\/a><\/p>\n","protected":false},"featured_media":52712,"comment_status":"open","ping_status":"closed","template":"","meta":{"_acf_changed":false,"_improvement_type_select":"improve_an_existing","_thumb_yes_seoaic":false,"_frame_yes_seoaic":false,"seoaic_generate_description":"","seoaic_improve_instructions_prompt":"","seoaic_rollback_content_improvement":"","seoaic_idea_thumbnail_generator":"","thumbnail_generated":false,"thumbnail_generate_prompt":"","seoaic_article_description":"","_supplier_stock_quantity":0},"product_brand":[1584],"product_model":[],"product_cat":[9576],"product_tag":[],"industry-terminology":[],"class_list":{"0":"post-52714","1":"product","2":"type-product","3":"status-publish","4":"has-post-thumbnail","6":"product_brand-muc-off","7":"product_cat-puhdistustyokalut","9":"first","10":"outofstock","11":"taxable","12":"shipping-taxable","13":"product-type-simple"},"acf":{"bike_features":null,"overview":{"copy_overview":null,"key_features":null,"statement":"","youtube_url":""}},"yoast_head":"<!-- This site is optimized with the Yoast SEO plugin v27.3 - https:\/\/yoast.com\/product\/yoast-seo-wordpress\/ -->\n<title>MUC-OFF 8-1 Bike Cleaning Kit - VM Sport<\/title>\n<meta name=\"robots\" content=\"index, follow, max-snippet:-1, max-image-preview:large, max-video-preview:-1\" \/>\n<link rel=\"canonical\" href=\"https:\/\/vmsport.fi\/sv\/webbutik\/tillbehor\/tyokalut\/muc-off-8-1-cykelrengoringssats\/\" \/>\n<meta property=\"og:locale\" content=\"sv_SE\" \/>\n<meta property=\"og:type\" content=\"article\" \/>\n<meta property=\"og:title\" content=\"MUC-OFF 8-1 Bike Cleaning Kit - VM Sport\" \/>\n<meta property=\"og:description\" content=\"MUC-OFF 8-1 Py\u00f6r\u00e4npuhdistussarja on suunniteltu helpottamaan py\u00f6r\u00e4n huoltamista ja pit\u00e4m\u00e4\u00e4n sen erinomaisessa kunnossa. Sen tehokas Nano Tech -py\u00f6r\u00e4npuhdistusaine liuottaa nopeasti lian, mahdollistaen nopean ja vaivattoman puhdistuksen s\u00e4ilytt\u00e4en py\u00f6r\u00e4si kiillon. Suojaava py\u00f6r\u00e4suihke est\u00e4\u00e4 ruosteen ja korroosion muodostumista, mik\u00e4 pident\u00e4\u00e4 py\u00f6r\u00e4n k\u00e4ytt\u00f6ik\u00e4\u00e4. Monipuoliset puhdistusty\u00f6kalut, kuten laajeneva mikrosoluinen sieni ja pehme\u00e4 pesuharja, takaavat hell\u00e4varaisen mutta perusteellisen puhdistuksen. Tarkkuusharja [...]L\u00e4s mer \u2026 from MUC-OFF 8-1 Bike Cleaning Kit\" \/>\n<meta property=\"og:url\" content=\"https:\/\/vmsport.fi\/sv\/webbutik\/tillbehor\/tyokalut\/muc-off-8-1-cykelrengoringssats\/\" \/>\n<meta property=\"og:site_name\" content=\"VM Sport\" \/>\n<meta property=\"article:publisher\" content=\"https:\/\/www.facebook.com\/Vmsport.fi\/\" \/>\n<meta property=\"article:modified_time\" content=\"2026-01-16T11:20:59+00:00\" \/>\n<meta property=\"og:image\" content=\"https:\/\/vmsport.fi\/wp-content\/uploads\/2025\/03\/069cbdbc-20f6-415e-b730-f494eeb2b25d-1.jpg\" \/>\n\t<meta property=\"og:image:width\" content=\"800\" \/>\n\t<meta property=\"og:image:height\" content=\"600\" \/>\n\t<meta property=\"og:image:type\" content=\"image\/jpeg\" \/>\n<meta name=\"twitter:card\" content=\"summary_large_image\" \/>\n<meta name=\"twitter:label1\" content=\"Ber\u00e4knad l\u00e4stid\" \/>\n\t<meta name=\"twitter:data1\" content=\"1 minut\" \/>\n<script type=\"application\/ld+json\" class=\"yoast-schema-graph\">{\"@context\":\"https:\\\/\\\/schema.org\",\"@graph\":[{\"@type\":[\"WebPage\",\"ItemPage\"],\"@id\":\"https:\\\/\\\/vmsport.fi\\\/verkkokauppa\\\/tarvikkeet\\\/tyokalut\\\/muc-off-8-1-bike-cleaning-kit\\\/\",\"url\":\"https:\\\/\\\/vmsport.fi\\\/verkkokauppa\\\/tarvikkeet\\\/tyokalut\\\/muc-off-8-1-bike-cleaning-kit\\\/\",\"name\":\"MUC-OFF 8-1 Bike Cleaning Kit - VM Sport\",\"isPartOf\":{\"@id\":\"https:\\\/\\\/vmsport.fi\\\/#website\"},\"primaryImageOfPage\":{\"@id\":\"https:\\\/\\\/vmsport.fi\\\/verkkokauppa\\\/tarvikkeet\\\/tyokalut\\\/muc-off-8-1-bike-cleaning-kit\\\/#primaryimage\"},\"image\":{\"@id\":\"https:\\\/\\\/vmsport.fi\\\/verkkokauppa\\\/tarvikkeet\\\/tyokalut\\\/muc-off-8-1-bike-cleaning-kit\\\/#primaryimage\"},\"thumbnailUrl\":\"https:\\\/\\\/vmsport.fi\\\/wp-content\\\/uploads\\\/2025\\\/03\\\/069cbdbc-20f6-415e-b730-f494eeb2b25d-1.jpg\",\"datePublished\":\"2025-03-05T21:33:26+00:00\",\"dateModified\":\"2026-01-16T11:20:59+00:00\",\"breadcrumb\":{\"@id\":\"https:\\\/\\\/vmsport.fi\\\/verkkokauppa\\\/tarvikkeet\\\/tyokalut\\\/muc-off-8-1-bike-cleaning-kit\\\/#breadcrumb\"},\"inLanguage\":\"sv-SE\",\"potentialAction\":[{\"@type\":\"ReadAction\",\"target\":[\"https:\\\/\\\/vmsport.fi\\\/verkkokauppa\\\/tarvikkeet\\\/tyokalut\\\/muc-off-8-1-bike-cleaning-kit\\\/\"]}]},{\"@type\":\"ImageObject\",\"inLanguage\":\"sv-SE\",\"@id\":\"https:\\\/\\\/vmsport.fi\\\/verkkokauppa\\\/tarvikkeet\\\/tyokalut\\\/muc-off-8-1-bike-cleaning-kit\\\/#primaryimage\",\"url\":\"https:\\\/\\\/vmsport.fi\\\/wp-content\\\/uploads\\\/2025\\\/03\\\/069cbdbc-20f6-415e-b730-f494eeb2b25d-1.jpg\",\"contentUrl\":\"https:\\\/\\\/vmsport.fi\\\/wp-content\\\/uploads\\\/2025\\\/03\\\/069cbdbc-20f6-415e-b730-f494eeb2b25d-1.jpg\",\"width\":800,\"height\":600,\"caption\":\"069cbdbc-20f6-415e-b730-f494eeb2b25d\"},{\"@type\":\"BreadcrumbList\",\"@id\":\"https:\\\/\\\/vmsport.fi\\\/verkkokauppa\\\/tarvikkeet\\\/tyokalut\\\/muc-off-8-1-bike-cleaning-kit\\\/#breadcrumb\",\"itemListElement\":[{\"@type\":\"ListItem\",\"position\":1,\"name\":\"Etusivu\",\"item\":\"https:\\\/\\\/vmsport.fi\\\/\"},{\"@type\":\"ListItem\",\"position\":2,\"name\":\"Online Store\",\"item\":\"https:\\\/\\\/vmsport.fi\\\/en\\\/online-store\\\/\"},{\"@type\":\"ListItem\",\"position\":3,\"name\":\"MUC-OFF 8-1 Bike Cleaning Kit\"}]},{\"@type\":\"WebSite\",\"@id\":\"https:\\\/\\\/vmsport.fi\\\/#website\",\"url\":\"https:\\\/\\\/vmsport.fi\\\/\",\"name\":\"Vmsport\",\"description\":\"Kaikki py\u00f6r\u00e4ilyyn yhdest\u00e4 paikasta\",\"publisher\":{\"@id\":\"https:\\\/\\\/vmsport.fi\\\/#organization\"},\"potentialAction\":[{\"@type\":\"SearchAction\",\"target\":{\"@type\":\"EntryPoint\",\"urlTemplate\":\"https:\\\/\\\/vmsport.fi\\\/?s={search_term_string}\"},\"query-input\":{\"@type\":\"PropertyValueSpecification\",\"valueRequired\":true,\"valueName\":\"search_term_string\"}}],\"inLanguage\":\"sv-SE\"},{\"@type\":\"Organization\",\"@id\":\"https:\\\/\\\/vmsport.fi\\\/#organization\",\"name\":\"Vmsport\",\"url\":\"https:\\\/\\\/vmsport.fi\\\/\",\"logo\":{\"@type\":\"ImageObject\",\"inLanguage\":\"sv-SE\",\"@id\":\"https:\\\/\\\/vmsport.fi\\\/#\\\/schema\\\/logo\\\/image\\\/\",\"url\":\"https:\\\/\\\/vmsport.fi\\\/wp-content\\\/uploads\\\/2024\\\/12\\\/vm_sport_RGB_horisontal-e1734526017575.png\",\"contentUrl\":\"https:\\\/\\\/vmsport.fi\\\/wp-content\\\/uploads\\\/2024\\\/12\\\/vm_sport_RGB_horisontal-e1734526017575.png\",\"width\":668,\"height\":85,\"caption\":\"Vmsport\"},\"image\":{\"@id\":\"https:\\\/\\\/vmsport.fi\\\/#\\\/schema\\\/logo\\\/image\\\/\"},\"sameAs\":[\"https:\\\/\\\/www.facebook.com\\\/Vmsport.fi\\\/\",\"https:\\\/\\\/www.instagram.com\\\/vmsport\\\/\"]}]}<\/script>\n<!-- \/ Yoast SEO plugin. -->","yoast_head_json":{"title":"MUC-OFF 8-1 cykelreng\u00f6ringssats - VM Sport","robots":{"index":"index","follow":"follow","max-snippet":"max-snippet:-1","max-image-preview":"max-image-preview:large","max-video-preview":"max-video-preview:-1"},"canonical":"https:\/\/vmsport.fi\/sv\/webbutik\/tillbehor\/tyokalut\/muc-off-8-1-cykelrengoringssats\/","og_locale":"sv_SE","og_type":"article","og_title":"MUC-OFF 8-1 Bike Cleaning Kit - VM Sport","og_description":"MUC-OFF 8-1 Py\u00f6r\u00e4npuhdistussarja on suunniteltu helpottamaan py\u00f6r\u00e4n huoltamista ja pit\u00e4m\u00e4\u00e4n sen erinomaisessa kunnossa. Sen tehokas Nano Tech -py\u00f6r\u00e4npuhdistusaine liuottaa nopeasti lian, mahdollistaen nopean ja vaivattoman puhdistuksen s\u00e4ilytt\u00e4en py\u00f6r\u00e4si kiillon. Suojaava py\u00f6r\u00e4suihke est\u00e4\u00e4 ruosteen ja korroosion muodostumista, mik\u00e4 pident\u00e4\u00e4 py\u00f6r\u00e4n k\u00e4ytt\u00f6ik\u00e4\u00e4. Monipuoliset puhdistusty\u00f6kalut, kuten laajeneva mikrosoluinen sieni ja pehme\u00e4 pesuharja, takaavat hell\u00e4varaisen mutta perusteellisen puhdistuksen. Tarkkuusharja [...]L\u00e4s mer \u2026 from MUC-OFF 8-1 Bike Cleaning Kit","og_url":"https:\/\/vmsport.fi\/sv\/webbutik\/tillbehor\/tyokalut\/muc-off-8-1-cykelrengoringssats\/","og_site_name":"VM Sport","article_publisher":"https:\/\/www.facebook.com\/Vmsport.fi\/","article_modified_time":"2026-01-16T11:20:59+00:00","og_image":[{"width":800,"height":600,"url":"https:\/\/vmsport.fi\/wp-content\/uploads\/2025\/03\/069cbdbc-20f6-415e-b730-f494eeb2b25d-1.jpg","type":"image\/jpeg"}],"twitter_card":"summary_large_image","twitter_misc":{"Ber\u00e4knad l\u00e4stid":"1 minut"},"schema":{"@context":"https:\/\/schema.org","@graph":[{"@type":["WebPage","ItemPage"],"@id":"https:\/\/vmsport.fi\/verkkokauppa\/tarvikkeet\/tyokalut\/muc-off-8-1-bike-cleaning-kit\/","url":"https:\/\/vmsport.fi\/verkkokauppa\/tarvikkeet\/tyokalut\/muc-off-8-1-bike-cleaning-kit\/","name":"MUC-OFF 8-1 cykelreng\u00f6ringssats - VM Sport","isPartOf":{"@id":"https:\/\/vmsport.fi\/#website"},"primaryImageOfPage":{"@id":"https:\/\/vmsport.fi\/verkkokauppa\/tarvikkeet\/tyokalut\/muc-off-8-1-bike-cleaning-kit\/#primaryimage"},"image":{"@id":"https:\/\/vmsport.fi\/verkkokauppa\/tarvikkeet\/tyokalut\/muc-off-8-1-bike-cleaning-kit\/#primaryimage"},"thumbnailUrl":"https:\/\/vmsport.fi\/wp-content\/uploads\/2025\/03\/069cbdbc-20f6-415e-b730-f494eeb2b25d-1.jpg","datePublished":"2025-03-05T21:33:26+00:00","dateModified":"2026-01-16T11:20:59+00:00","breadcrumb":{"@id":"https:\/\/vmsport.fi\/verkkokauppa\/tarvikkeet\/tyokalut\/muc-off-8-1-bike-cleaning-kit\/#breadcrumb"},"inLanguage":"sv-SE","potentialAction":[{"@type":"ReadAction","target":["https:\/\/vmsport.fi\/verkkokauppa\/tarvikkeet\/tyokalut\/muc-off-8-1-bike-cleaning-kit\/"]}]},{"@type":"ImageObject","inLanguage":"sv-SE","@id":"https:\/\/vmsport.fi\/verkkokauppa\/tarvikkeet\/tyokalut\/muc-off-8-1-bike-cleaning-kit\/#primaryimage","url":"https:\/\/vmsport.fi\/wp-content\/uploads\/2025\/03\/069cbdbc-20f6-415e-b730-f494eeb2b25d-1.jpg","contentUrl":"https:\/\/vmsport.fi\/wp-content\/uploads\/2025\/03\/069cbdbc-20f6-415e-b730-f494eeb2b25d-1.jpg","width":800,"height":600,"caption":"069cbdbc-20f6-415e-b730-f494eeb2b25d"},{"@type":"BreadcrumbList","@id":"https:\/\/vmsport.fi\/verkkokauppa\/tarvikkeet\/tyokalut\/muc-off-8-1-bike-cleaning-kit\/#breadcrumb","itemListElement":[{"@type":"ListItem","position":1,"name":"Etusivu","item":"https:\/\/vmsport.fi\/"},{"@type":"ListItem","position":2,"name":"Online Store","item":"https:\/\/vmsport.fi\/en\/online-store\/"},{"@type":"ListItem","position":3,"name":"MUC-OFF 8-1 Bike Cleaning Kit"}]},{"@type":"WebSite","@id":"https:\/\/vmsport.fi\/#website","url":"https:\/\/vmsport.fi\/","name":"Vmsport","description":"Allt p\u00e5 ett st\u00e4lle f\u00f6r cykling","publisher":{"@id":"https:\/\/vmsport.fi\/#organization"},"potentialAction":[{"@type":"SearchAction","target":{"@type":"EntryPoint","urlTemplate":"https:\/\/vmsport.fi\/?s={search_term_string}"},"query-input":{"@type":"PropertyValueSpecification","valueRequired":true,"valueName":"search_term_string"}}],"inLanguage":"sv-SE"},{"@type":"Organization","@id":"https:\/\/vmsport.fi\/#organization","name":"Vmsport","url":"https:\/\/vmsport.fi\/","logo":{"@type":"ImageObject","inLanguage":"sv-SE","@id":"https:\/\/vmsport.fi\/#\/schema\/logo\/image\/","url":"https:\/\/vmsport.fi\/wp-content\/uploads\/2024\/12\/vm_sport_RGB_horisontal-e1734526017575.png","contentUrl":"https:\/\/vmsport.fi\/wp-content\/uploads\/2024\/12\/vm_sport_RGB_horisontal-e1734526017575.png","width":668,"height":85,"caption":"Vmsport"},"image":{"@id":"https:\/\/vmsport.fi\/#\/schema\/logo\/image\/"},"sameAs":["https:\/\/www.facebook.com\/Vmsport.fi\/","https:\/\/www.instagram.com\/vmsport\/"]}]}},"global_unique_id":"","_links":{"self":[{"href":"https:\/\/vmsport.fi\/sv\/wp-json\/wp\/v2\/product\/52714","targetHints":{"allow":["GET"]}}],"collection":[{"href":"https:\/\/vmsport.fi\/sv\/wp-json\/wp\/v2\/product"}],"about":[{"href":"https:\/\/vmsport.fi\/sv\/wp-json\/wp\/v2\/types\/product"}],"replies":[{"embeddable":true,"href":"https:\/\/vmsport.fi\/sv\/wp-json\/wp\/v2\/comments?post=52714"}],"wp:featuredmedia":[{"embeddable":true,"href":"https:\/\/vmsport.fi\/sv\/wp-json\/wp\/v2\/media\/52712"}],"wp:attachment":[{"href":"https:\/\/vmsport.fi\/sv\/wp-json\/wp\/v2\/media?parent=52714"}],"wp:term":[{"taxonomy":"product_brand","embeddable":true,"href":"https:\/\/vmsport.fi\/sv\/wp-json\/wp\/v2\/product_brand?post=52714"},{"taxonomy":"product_model","embeddable":true,"href":"https:\/\/vmsport.fi\/sv\/wp-json\/wp\/v2\/product_model?post=52714"},{"taxonomy":"product_cat","embeddable":true,"href":"https:\/\/vmsport.fi\/sv\/wp-json\/wp\/v2\/product_cat?post=52714"},{"taxonomy":"product_tag","embeddable":true,"href":"https:\/\/vmsport.fi\/sv\/wp-json\/wp\/v2\/product_tag?post=52714"},{"taxonomy":"industry_terminology","embeddable":true,"href":"https:\/\/vmsport.fi\/sv\/wp-json\/wp\/v2\/industry-terminology?post=52714"}],"curies":[{"name":"wp","href":"https:\/\/api.w.org\/{rel}","templated":true}]}}